{"id":13401,"date":"2025-03-05T15:15:20","date_gmt":"2025-03-05T13:15:20","guid":{"rendered":"https:\/\/valika.eu\/?post_type=product&#038;p=13401"},"modified":"2025-10-20T12:18:21","modified_gmt":"2025-10-20T09:18:21","slug":"gel-uv-base-one-dark-french-pink-15-g","status":"publish","type":"product","link":"https:\/\/valika.eu\/fi\/toode\/gel-uv-base-one-dark-french-pink-15-g\/","title":{"rendered":"15 g Gel UV Base One Dark French Pink 15 g"},"content":{"rendered":"<p><\/p>\n<div class=\"flex max-w-full flex-col flex-grow\">\n<div class=\"min-h-8 text-message relative flex w-full flex-col items-end gap-2 whitespace-normal break-words text-start [.text-message+&amp;]:mt-5\" dir=\"auto\" data-message-author-role=\"assistant\" data-message-id=\"b6109759-ff16-4105-94ad-65e668a4d96a\" data-message-model-slug=\"gpt-4o-mini\">\n<div class=\"flex w-full flex-col gap-1 empty:hidden first:pt-[3px]\">\n<div class=\"markdown prose w-full break-words dark:prose-invert light\">\n<div class=\"flex max-w-full flex-col flex-grow\">\n<div class=\"min-h-8 text-message relative flex w-full flex-col items-end gap-2 whitespace-normal break-words text-start [.text-message+&amp;]:mt-5\" dir=\"auto\" data-message-author-role=\"assistant\" data-message-id=\"bce0d17e-b828-45ce-acb7-1fbb69b15895\" data-message-model-slug=\"gpt-4o-mini\">\n<div class=\"flex w-full flex-col gap-1 empty:hidden first:pt-[3px]\">\n<div class=\"markdown prose w-full break-words dark:prose-invert light\">\n<h3 data-start=\"1875\" data-end=\"1929\"><strong data-start=\"1879\" data-end=\"1927\">Kynsirakennusgeeli Base One Dark French Pink<\/strong><\/h3>\n<p data-start=\"1930\" data-end=\"2252\">Oikean kynsirakennusgeelin valinta voi olla haastavaa. Etsitk\u00f6 UV-rakennusgeeli\u00e4, joka toimii hyvin muotojen, sabluunoiden ja tipeill\u00e4, samalla vahvistaen luonnollista kynnen pintaa? Tutustu <strong data-start=\"2121\" data-end=\"2133\">Base One<\/strong>:een \u2013 <strong data-start=\"2140\" data-end=\"2151\">Silcare<\/strong>-br\u00e4ndin bestselleriin, joka on t\u00e4ytt\u00e4nyt tyytyv\u00e4isten asiakkaiden odotukset jo yli 15 vuoden ajan!<\/p>\n<h3 data-start=\"2254\" data-end=\"2296\"><strong data-start=\"2258\" data-end=\"2294\">T\u00e4ydellinen ratkaisu manikyyriin<\/strong><\/h3>\n<p data-start=\"2297\" data-end=\"2393\"><strong data-start=\"2297\" data-end=\"2330\">Base One Dark French Pink Gel<\/strong> on t\u00e4ydellinen valinta ranskalaisen manikyyri\u00e4 rakastaville.<\/p>\n<h3 data-start=\"2395\" data-end=\"2418\"><strong data-start=\"2399\" data-end=\"2416\">Ominaisuudet:<\/strong><\/h3>\n<p data-start=\"2419\" data-end=\"2795\" data-is-only-node=\"\" data-is-last-node=\"\">\u2714 Puolil\u00e4pin\u00e4kyv\u00e4 koostumus, jossa on hieno, luonnollinen s\u00e4vy.<br data-start=\"2482\" data-end=\"2485\" \/>\u2714 Pitk\u00e4kestoinen \u2013 jopa <strong data-start=\"2509\" data-end=\"2522\">28 p\u00e4iv\u00e4\u00e4<\/strong> ilman lohkeilua.<br data-start=\"2539\" data-end=\"2542\" \/>\u2714 Helppo levitt\u00e4\u00e4 \u2013 itse-tasoittuvan koostumuksen ansiosta.<br data-start=\"2601\" data-end=\"2604\" \/>\u2714 Monipuolinen \u2013 t\u00e4ydellinen eri manikyyritekniikoihin.<br data-start=\"2659\" data-end=\"2662\" \/>\u2714 Mikromuovivapaa koostumus.<br data-start=\"2690\" data-end=\"2693\" \/>\u2714 Kolmivaiheinen \u2013 vaatii pohja- ja p\u00e4\u00e4llyslakan.<br data-start=\"2742\" data-end=\"2745\" \/>\u2714 Yleisk\u00e4ytt\u00f6inen \u2013 sopii kaikille kynsityypeille.<\/p>\n<\/div>\n<\/div>\n<\/div>\n<\/div>\n<div class=\"mb-2 flex gap-3 -ml-2\">\n<div class=\"items-center justify-start rounded-xl p-1 flex\">\n<div class=\"flex items-center\">\n<p>&nbsp;<\/p>\n<div class=\"flex\"><\/div>\n<p>&nbsp;<\/p>\n<div class=\"flex items-center pb-0\"><span class=\"overflow-hidden text-clip whitespace-nowrap text-sm\">4o mini<\/span><\/div>\n<\/div>\n<\/div>\n<\/div>\n<\/div>\n<\/div>\n<\/div>\n<\/div>\n<div class=\"mb-2 flex gap-3 -ml-2\">\n<div class=\"items-center justify-start rounded-xl p-1 flex\">\n<div class=\"flex items-center\">\n<p>&nbsp;<\/p>\n<div class=\"flex\"><\/div>\n<p>&nbsp;<\/p>\n<div class=\"flex items-center pb-0\"><span class=\"overflow-hidden text-clip whitespace-nowrap text-sm\">4o mini<\/span><\/div>\n<\/div>\n<\/div>\n<\/div>\n<p><\/p>","protected":false},"excerpt":{"rendered":"<p>Kynsirakennusgeeli Base One Dark French Pink Oikean kynsirakennusgeelin valinta voi olla haastavaa. Etsitk\u00f6 UV-rakennusgeeli\u00e4, joka toimii hyvin muotojen, sabluunoiden ja<\/p>\n","protected":false},"featured_media":13403,"template":"","meta":[],"product_brand":[],"product_cat":[707],"product_tag":[],"class_list":{"0":"post-13401","1":"product","2":"type-product","3":"status-publish","4":"has-post-thumbnail","6":"product_cat-silcare","8":"first","9":"outofstock","10":"taxable","11":"shipping-taxable","12":"purchasable","13":"product-type-simple"},"yoast_head":"<!-- This site is optimized with the Yoast SEO plugin v24.4 - https:\/\/yoast.com\/wordpress\/plugins\/seo\/ -->\n<title>15 g Gel UV Base One Dark French Pink 15 g | Valika<\/title>\n<meta name=\"robots\" content=\"index, follow, max-snippet:-1, max-image-preview:large, max-video-preview:-1\" \/>\n<link rel=\"canonical\" href=\"https:\/\/valika.eu\/fi\/toode\/gel-uv-base-one-dark-french-pink-15-g\/\" \/>\n<meta property=\"og:locale\" content=\"fi_FI\" \/>\n<meta property=\"og:type\" content=\"article\" \/>\n<meta property=\"og:title\" content=\"15 g Gel UV Base One Dark French Pink 15 g | Valika\" \/>\n<meta property=\"og:description\" content=\"Kynsirakennusgeeli Base One Dark French Pink Oikean kynsirakennusgeelin valinta voi olla haastavaa. Etsitk\u00f6 UV-rakennusgeeli\u00e4, joka toimii hyvin muotojen, sabluunoiden ja\" \/>\n<meta property=\"og:url\" content=\"https:\/\/valika.eu\/fi\/toode\/gel-uv-base-one-dark-french-pink-15-g\/\" \/>\n<meta property=\"og:site_name\" content=\"Valika\" \/>\n<meta property=\"article:publisher\" content=\"https:\/\/www.facebook.com\/tipsi.net\" \/>\n<meta property=\"article:modified_time\" content=\"2025-10-20T09:18:21+00:00\" \/>\n<meta property=\"og:image\" content=\"https:\/\/valika.eu\/wp-content\/uploads\/2025\/03\/Dark-French-Pink-15-g.webp\" \/>\n\t<meta property=\"og:image:width\" content=\"1010\" \/>\n\t<meta property=\"og:image:height\" content=\"1010\" \/>\n\t<meta property=\"og:image:type\" content=\"image\/webp\" \/>\n<meta name=\"twitter:card\" content=\"summary_large_image\" \/>\n<script type=\"application\/ld+json\" class=\"yoast-schema-graph\">{\"@context\":\"https:\/\/schema.org\",\"@graph\":[{\"@type\":\"WebPage\",\"@id\":\"https:\/\/valika.eu\/fi\/toode\/gel-uv-base-one-dark-french-pink-15-g\/\",\"url\":\"https:\/\/valika.eu\/fi\/toode\/gel-uv-base-one-dark-french-pink-15-g\/\",\"name\":\"15 g Gel UV Base One Dark French Pink 15 g | Valika\",\"isPartOf\":{\"@id\":\"https:\/\/valika.eu\/fi\/#website\"},\"primaryImageOfPage\":{\"@id\":\"https:\/\/valika.eu\/fi\/toode\/gel-uv-base-one-dark-french-pink-15-g\/#primaryimage\"},\"image\":{\"@id\":\"https:\/\/valika.eu\/toode\/gel-uv-base-one-dark-french-pink-15-g\/#primaryimage\"},\"thumbnailUrl\":\"https:\/\/valika.eu\/wp-content\/uploads\/2025\/03\/Dark-French-Pink-15-g.webp\",\"datePublished\":\"2025-03-05T13:15:20+00:00\",\"dateModified\":\"2025-10-20T09:18:21+00:00\",\"breadcrumb\":{\"@id\":\"https:\/\/valika.eu\/fi\/toode\/gel-uv-base-one-dark-french-pink-15-g\/#breadcrumb\"},\"inLanguage\":\"fi\",\"potentialAction\":[{\"@type\":\"ReadAction\",\"target\":[[\"https:\/\/valika.eu\/fi\/toode\/gel-uv-base-one-dark-french-pink-15-g\/\"]]}]},{\"@type\":\"ImageObject\",\"inLanguage\":\"fi\",\"@id\":\"https:\/\/valika.eu\/fi\/toode\/gel-uv-base-one-dark-french-pink-15-g\/#primaryimage\",\"url\":\"https:\/\/valika.eu\/wp-content\/uploads\/2025\/03\/Dark-French-Pink-15-g.webp\",\"contentUrl\":\"https:\/\/valika.eu\/wp-content\/uploads\/2025\/03\/Dark-French-Pink-15-g.webp\",\"width\":1010,\"height\":1010},{\"@type\":\"BreadcrumbList\",\"@id\":\"https:\/\/valika.eu\/fi\/toode\/gel-uv-base-one-dark-french-pink-15-g\/#breadcrumb\",\"itemListElement\":[{\"@type\":\"ListItem\",\"position\":1,\"name\":\"Koti\",\"item\":\"https:\/\/valika.eu\/fi\/\"},{\"@type\":\"ListItem\",\"position\":2,\"name\":\"Shop\",\"item\":\"https:\/\/valika.eu\/fi\/\"},{\"@type\":\"ListItem\",\"position\":3,\"name\":\"15 g Gel UV Base One Dark French Pink 15 g\"}]},{\"@type\":\"WebSite\",\"@id\":\"https:\/\/valika.eu\/fi\/#website\",\"url\":\"https:\/\/valika.eu\/fi\/\",\"name\":\"Valika.eu\",\"description\":\"Salonkituotteet ja kauneudenhoitotuotteet - Valika tarjoaa laajan valikoiman tuotteita ja tarvikkeita kynsiteknikoille, kauneushoitoloille, kampaamoille ja kampaamoille.\",\"publisher\":{\"@id\":\"https:\/\/valika.eu\/fi\/#organization\"},\"alternateName\":\"Valika\",\"potentialAction\":[{\"@type\":\"SearchAction\",\"target\":{\"@type\":\"EntryPoint\",\"urlTemplate\":\"https:\/\/valika.eu\/fi\/?s={search_term_string}\"},\"query-input\":{\"@type\":\"PropertyValueSpecification\",\"valueRequired\":true,\"valueName\":\"search_term_string\"}}],\"inLanguage\":\"fi\"},{\"@type\":\"Organization\",\"@id\":\"https:\/\/valika.eu\/fi\/#organization\",\"name\":\"Salongitoode O\u00dc\",\"alternateName\":\"Valika\",\"url\":\"https:\/\/valika.eu\/fi\/\",\"logo\":{\"@type\":\"ImageObject\",\"inLanguage\":\"fi\",\"@id\":\"https:\/\/valika.eu\/fi\/#\/schema\/logo\/image\/\",\"url\":\"https:\/\/valika.eu\/wp-content\/uploads\/2023\/11\/logo2-valika-footer.png\",\"contentUrl\":\"https:\/\/valika.eu\/wp-content\/uploads\/2023\/11\/logo2-valika-footer.png\",\"width\":200,\"height\":129,\"caption\":\"Salongitoode O\u00dc\"},\"image\":{\"@id\":\"https:\/\/valika.eu\/fi\/#\/schema\/logo\/image\/\"},\"sameAs\":[\"https:\/\/www.facebook.com\/tipsi.net\"]}]}<\/script>\n<!-- \/ Yoast SEO plugin. -->","yoast_head_json":{"title":"15 g Gel UV Base One Dark French Pink 15 g | Valika","robots":{"index":"index","follow":"follow","max-snippet":"max-snippet:-1","max-image-preview":"max-image-preview:large","max-video-preview":"max-video-preview:-1"},"canonical":"https:\/\/valika.eu\/fi\/toode\/gel-uv-base-one-dark-french-pink-15-g\/","og_locale":"fi_FI","og_type":"article","og_title":"15 g Gel UV Base One Dark French Pink 15 g | Valika","og_description":"Kynsirakennusgeeli Base One Dark French Pink Oikean kynsirakennusgeelin valinta voi olla haastavaa. Etsitk\u00f6 UV-rakennusgeeli\u00e4, joka toimii hyvin muotojen, sabluunoiden ja","og_url":"https:\/\/valika.eu\/fi\/toode\/gel-uv-base-one-dark-french-pink-15-g\/","og_site_name":"Valika","article_publisher":"https:\/\/www.facebook.com\/tipsi.net","article_modified_time":"2025-10-20T09:18:21+00:00","og_image":[{"width":1010,"height":1010,"url":"https:\/\/valika.eu\/wp-content\/uploads\/2025\/03\/Dark-French-Pink-15-g.webp","type":"image\/webp"}],"twitter_card":"summary_large_image","schema":{"@context":"https:\/\/schema.org","@graph":[{"@type":"WebPage","@id":"https:\/\/valika.eu\/fi\/toode\/gel-uv-base-one-dark-french-pink-15-g\/","url":"https:\/\/valika.eu\/fi\/toode\/gel-uv-base-one-dark-french-pink-15-g\/","name":"15 g Gel UV Base One Dark French Pink 15 g | Valika","isPartOf":{"@id":"https:\/\/valika.eu\/fi\/#website"},"primaryImageOfPage":{"@id":"https:\/\/valika.eu\/fi\/toode\/gel-uv-base-one-dark-french-pink-15-g\/#primaryimage"},"image":{"@id":"https:\/\/valika.eu\/toode\/gel-uv-base-one-dark-french-pink-15-g\/#primaryimage"},"thumbnailUrl":"https:\/\/valika.eu\/wp-content\/uploads\/2025\/03\/Dark-French-Pink-15-g.webp","datePublished":"2025-03-05T13:15:20+00:00","dateModified":"2025-10-20T09:18:21+00:00","breadcrumb":{"@id":"https:\/\/valika.eu\/fi\/toode\/gel-uv-base-one-dark-french-pink-15-g\/#breadcrumb"},"inLanguage":"fi","potentialAction":[{"@type":"ReadAction","target":[["https:\/\/valika.eu\/fi\/toode\/gel-uv-base-one-dark-french-pink-15-g\/"]]}]},{"@type":"ImageObject","inLanguage":"fi","@id":"https:\/\/valika.eu\/fi\/toode\/gel-uv-base-one-dark-french-pink-15-g\/#primaryimage","url":"https:\/\/valika.eu\/wp-content\/uploads\/2025\/03\/Dark-French-Pink-15-g.webp","contentUrl":"https:\/\/valika.eu\/wp-content\/uploads\/2025\/03\/Dark-French-Pink-15-g.webp","width":1010,"height":1010},{"@type":"BreadcrumbList","@id":"https:\/\/valika.eu\/fi\/toode\/gel-uv-base-one-dark-french-pink-15-g\/#breadcrumb","itemListElement":[{"@type":"ListItem","position":1,"name":"Koti","item":"https:\/\/valika.eu\/fi\/"},{"@type":"ListItem","position":2,"name":"Shop","item":"https:\/\/valika.eu\/fi\/"},{"@type":"ListItem","position":3,"name":"15 g Gel UV Base One Dark French Pink 15 g"}]},{"@type":"WebSite","@id":"https:\/\/valika.eu\/fi\/#website","url":"https:\/\/valika.eu\/fi\/","name":"Valika.eu","description":"Salonkituotteet ja kauneudenhoitotuotteet - Valika tarjoaa laajan valikoiman tuotteita ja tarvikkeita kynsiteknikoille, kauneushoitoloille, kampaamoille ja kampaamoille.","publisher":{"@id":"https:\/\/valika.eu\/fi\/#organization"},"alternateName":"Valika","potentialAction":[{"@type":"SearchAction","target":{"@type":"EntryPoint","urlTemplate":"https:\/\/valika.eu\/fi\/?s={search_term_string}"},"query-input":{"@type":"PropertyValueSpecification","valueRequired":true,"valueName":"search_term_string"}}],"inLanguage":"fi"},{"@type":"Organization","@id":"https:\/\/valika.eu\/fi\/#organization","name":"Salongitoode O\u00dc","alternateName":"Valika","url":"https:\/\/valika.eu\/fi\/","logo":{"@type":"ImageObject","inLanguage":"fi","@id":"https:\/\/valika.eu\/fi\/#\/schema\/logo\/image\/","url":"https:\/\/valika.eu\/wp-content\/uploads\/2023\/11\/logo2-valika-footer.png","contentUrl":"https:\/\/valika.eu\/wp-content\/uploads\/2023\/11\/logo2-valika-footer.png","width":200,"height":129,"caption":"Salongitoode O\u00dc"},"image":{"@id":"https:\/\/valika.eu\/fi\/#\/schema\/logo\/image\/"},"sameAs":["https:\/\/www.facebook.com\/tipsi.net"]}]}},"jetpack_sharing_enabled":true,"_links":{"self":[{"href":"https:\/\/valika.eu\/fi\/wp-json\/wp\/v2\/product\/13401","targetHints":{"allow":["GET"]}}],"collection":[{"href":"https:\/\/valika.eu\/fi\/wp-json\/wp\/v2\/product"}],"about":[{"href":"https:\/\/valika.eu\/fi\/wp-json\/wp\/v2\/types\/product"}],"wp:featuredmedia":[{"embeddable":true,"href":"https:\/\/valika.eu\/fi\/wp-json\/wp\/v2\/media\/13403"}],"wp:attachment":[{"href":"https:\/\/valika.eu\/fi\/wp-json\/wp\/v2\/media?parent=13401"}],"wp:term":[{"taxonomy":"product_brand","embeddable":true,"href":"https:\/\/valika.eu\/fi\/wp-json\/wp\/v2\/product_brand?post=13401"},{"taxonomy":"product_cat","embeddable":true,"href":"https:\/\/valika.eu\/fi\/wp-json\/wp\/v2\/product_cat?post=13401"},{"taxonomy":"product_tag","embeddable":true,"href":"https:\/\/valika.eu\/fi\/wp-json\/wp\/v2\/product_tag?post=13401"}],"curies":[{"name":"wp","href":"https:\/\/api.w.org\/{rel}","templated":true}]}}