{"id":13407,"date":"2025-03-05T15:41:02","date_gmt":"2025-03-05T13:41:02","guid":{"rendered":"https:\/\/valika.eu\/?post_type=product&#038;p=13407"},"modified":"2025-07-03T09:21:05","modified_gmt":"2025-07-03T06:21:05","slug":"base-one-gel-uv-violet-15-g","status":"publish","type":"product","link":"https:\/\/valika.eu\/fi\/toode\/base-one-gel-uv-violet-15-g\/","title":{"rendered":"15g Base One Gel UV Violet"},"content":{"rendered":"<p><\/p>\n<h3 data-start=\"3880\" data-end=\"3924\"><strong data-start=\"3884\" data-end=\"3922\">Kynsirakennusgeeli Base One Violet<\/strong><\/h3>\n<p data-start=\"3925\" data-end=\"4268\">T\u00e4ydellisen kynsirakennusgeelin l\u00f6yt\u00e4minen voi olla todellinen haaste, erityisesti silloin, kun etsit tuotetta, joka toimii hyvin muotojen, sabluunoiden ja tipeill\u00e4 samalla kun se vahvistaa luonnollista kynnen pintaa. <strong data-start=\"4143\" data-end=\"4154\">Silcare<\/strong> tarjoaa erinomaisen ratkaisun. <strong data-start=\"4186\" data-end=\"4198\">Base One<\/strong> on myydyin tuote, jota asiakkaamme ovat kiitelleet jo 15 vuoden ajan!<\/p>\n<h3 data-start=\"4270\" data-end=\"4323\"><strong data-start=\"4274\" data-end=\"4321\">T\u00e4ydellinen manikyyri kaikissa olosuhteissa<\/strong><\/h3>\n<p data-start=\"4324\" data-end=\"4502\"><strong data-start=\"4324\" data-end=\"4343\">Base One Violet<\/strong> on keskipaksu, l\u00e4pin\u00e4kyv\u00e4 UV-geeli, jossa on pehme\u00e4 violetti s\u00e4vy. Geeliss\u00e4 on erinomaiset itse-tasoittuvat ominaisuudet ja se takaa erinomaisen tarttuvuuden.<\/p>\n<h3 data-start=\"4504\" data-end=\"4527\"><strong data-start=\"4508\" data-end=\"4525\">Ominaisuudet:<\/strong><\/h3>\n<p data-start=\"4528\" data-end=\"4948\">\u2714 L\u00e4pin\u00e4kyv\u00e4 koostumus pehme\u00e4ll\u00e4 violetilla s\u00e4vyll\u00e4.<br data-start=\"4580\" data-end=\"4583\" \/>\u2714 Erinomainen manikyyrin kest\u00e4vyys \u2014 jopa <strong data-start=\"4625\" data-end=\"4638\">4 viikkoa<\/strong> ilman lohkeilua.<br data-start=\"4655\" data-end=\"4658\" \/>\u2714 Nopea ja helppo levitt\u00e4\u00e4 \u2014 itse-tasoittuvan koostumuksen ansiosta.<br data-start=\"4726\" data-end=\"4729\" \/>\u2714 Hyvin sopii erilaisten manikyyritekniikoiden kanssa.<br data-start=\"4783\" data-end=\"4786\" \/>\u2714 Turvallinen koostumus \u2014 <strong data-start=\"4812\" data-end=\"4831\">mikromuovivapaa<\/strong>.<br data-start=\"4832\" data-end=\"4835\" \/>\u2714 <strong data-start=\"4837\" data-end=\"4848\">Hapoton<\/strong>.<br data-start=\"4849\" data-end=\"4852\" \/>\u2714 Kaksivaiheinen \u2014 ei tarvitse pohjalakkaa.<br data-start=\"4895\" data-end=\"4898\" \/>\u2714 Yleisk\u00e4ytt\u00f6inen \u2014 sopii kaikille kynsityypeille.<\/p>\n<h3 data-start=\"4950\" data-end=\"4973\"><strong data-start=\"4954\" data-end=\"4971\">K\u00e4ytt\u00f6ohjeet:<\/strong><\/h3>\n<p data-start=\"4974\" data-end=\"5117\">Levit\u00e4 <strong data-start=\"4981\" data-end=\"5000\">Base One Violet<\/strong> rakennusgeeli valmistellulle kynnen levylle ja koveta <strong data-start=\"5055\" data-end=\"5095\">48W UV\/LED-lampissa 60 sekunnin ajan<\/strong>. Vaatii p\u00e4\u00e4llyslakan.<\/p>\n<h3 data-start=\"5119\" data-end=\"5139\"><strong data-start=\"5123\" data-end=\"5137\">Ainesosat:<\/strong><\/h3>\n<p data-start=\"5140\" data-end=\"5518\">Bis-HEMA Polyneopentyl Glycol Adipate\/IPDI Copolymer, Bis-HEA Poly(1,4-Butanediol)-9\/IPDI Copolymer, Trimethylolpropane Trimethacrylate (TMPTMA), Bis-HEA Polyglycol Adipate\/IPDI Copolymer, Hexanediol Dimetharcylate, Hydroxycyclohexyl Phenyl Ketone, Silica Dimethyl Silylate, Benzoyl Isopropanol, Isobornyl Methacrylate (IBOMA), BHT, Cyclohexyl Phenyl Ketone, CI 60725, CI 74160.<\/p>\n<h3 data-start=\"5520\" data-end=\"5547\"><strong data-start=\"5524\" data-end=\"5545\">Varotoimenpiteet:<\/strong><\/h3>\n<p data-start=\"5548\" data-end=\"5796\" data-is-last-node=\"\" data-is-only-node=\"\">\u26a0 Pidett\u00e4v\u00e4 lasten ulottumattomissa.<br data-start=\"5584\" data-end=\"5587\" \/>\u26a0 V\u00e4lt\u00e4 kosketusta ihon ja silmien kanssa.<br data-start=\"5629\" data-end=\"5632\" \/>\u26a0 \u00c4l\u00e4 hengit\u00e4 tuotteen h\u00f6yryj\u00e4 suoraan.<br data-start=\"5671\" data-end=\"5674\" \/>\u26a0 V\u00e4lt\u00e4 k\u00e4ytt\u00f6\u00e4, jos olet yliherkk\u00e4 jollekin aineosalle.<br data-start=\"5730\" data-end=\"5733\" \/>\u26a0 Koveta <strong data-start=\"5742\" data-end=\"5765\">48W UV\/LED-lampissa<\/strong>.<br data-start=\"5766\" data-end=\"5769\" \/>\u26a0 Vain ammattilaisk\u00e4ytt\u00f6\u00f6n.<\/p>\n<p><\/p>","protected":false},"excerpt":{"rendered":"<p>Kynsirakennusgeeli Base One Violet T\u00e4ydellisen kynsirakennusgeelin l\u00f6yt\u00e4minen voi olla todellinen haaste, erityisesti silloin, kun etsit tuotetta, joka toimii hyvin muotojen,<\/p>\n","protected":false},"featured_media":13410,"template":"","meta":[],"product_brand":[],"product_cat":[707],"product_tag":[],"class_list":{"0":"post-13407","1":"product","2":"type-product","3":"status-publish","4":"has-post-thumbnail","6":"product_cat-silcare","8":"first","9":"instock","10":"taxable","11":"shipping-taxable","12":"purchasable","13":"product-type-simple"},"yoast_head":"<!-- This site is optimized with the Yoast SEO plugin v24.4 - https:\/\/yoast.com\/wordpress\/plugins\/seo\/ -->\n<title>15g Base One Gel UV Violet | Valika<\/title>\n<meta name=\"robots\" content=\"index, follow, max-snippet:-1, max-image-preview:large, max-video-preview:-1\" \/>\n<link rel=\"canonical\" href=\"https:\/\/valika.eu\/fi\/toode\/base-one-gel-uv-violet-15-g\/\" \/>\n<meta property=\"og:locale\" content=\"fi_FI\" \/>\n<meta property=\"og:type\" content=\"article\" \/>\n<meta property=\"og:title\" content=\"15g Base One Gel UV Violet | Valika\" \/>\n<meta property=\"og:description\" content=\"Kynsirakennusgeeli Base One Violet T\u00e4ydellisen kynsirakennusgeelin l\u00f6yt\u00e4minen voi olla todellinen haaste, erityisesti silloin, kun etsit tuotetta, joka toimii hyvin muotojen,\" \/>\n<meta property=\"og:url\" content=\"https:\/\/valika.eu\/fi\/toode\/base-one-gel-uv-violet-15-g\/\" \/>\n<meta property=\"og:site_name\" content=\"Valika\" \/>\n<meta property=\"article:publisher\" content=\"https:\/\/www.facebook.com\/tipsi.net\" \/>\n<meta property=\"article:modified_time\" content=\"2025-07-03T06:21:05+00:00\" \/>\n<meta property=\"og:image\" content=\"https:\/\/valika.eu\/wp-content\/uploads\/2025\/03\/UV-Violet-15-g-76607_3.webp\" \/>\n\t<meta property=\"og:image:width\" content=\"1010\" \/>\n\t<meta property=\"og:image:height\" content=\"1010\" \/>\n\t<meta property=\"og:image:type\" content=\"image\/webp\" \/>\n<meta name=\"twitter:card\" content=\"summary_large_image\" \/>\n<script type=\"application\/ld+json\" class=\"yoast-schema-graph\">{\"@context\":\"https:\/\/schema.org\",\"@graph\":[{\"@type\":\"WebPage\",\"@id\":\"https:\/\/valika.eu\/fi\/toode\/base-one-gel-uv-violet-15-g\/\",\"url\":\"https:\/\/valika.eu\/fi\/toode\/base-one-gel-uv-violet-15-g\/\",\"name\":\"15g Base One Gel UV Violet | Valika\",\"isPartOf\":{\"@id\":\"https:\/\/valika.eu\/fi\/#website\"},\"primaryImageOfPage\":{\"@id\":\"https:\/\/valika.eu\/fi\/toode\/base-one-gel-uv-violet-15-g\/#primaryimage\"},\"image\":{\"@id\":\"https:\/\/valika.eu\/toode\/base-one-gel-uv-violet-15-g\/#primaryimage\"},\"thumbnailUrl\":\"https:\/\/valika.eu\/wp-content\/uploads\/2025\/03\/UV-Violet-15-g-76607_3.webp\",\"datePublished\":\"2025-03-05T13:41:02+00:00\",\"dateModified\":\"2025-07-03T06:21:05+00:00\",\"breadcrumb\":{\"@id\":\"https:\/\/valika.eu\/fi\/toode\/base-one-gel-uv-violet-15-g\/#breadcrumb\"},\"inLanguage\":\"fi\",\"potentialAction\":[{\"@type\":\"ReadAction\",\"target\":[[\"https:\/\/valika.eu\/fi\/toode\/base-one-gel-uv-violet-15-g\/\"]]}]},{\"@type\":\"ImageObject\",\"inLanguage\":\"fi\",\"@id\":\"https:\/\/valika.eu\/fi\/toode\/base-one-gel-uv-violet-15-g\/#primaryimage\",\"url\":\"https:\/\/valika.eu\/wp-content\/uploads\/2025\/03\/UV-Violet-15-g-76607_3.webp\",\"contentUrl\":\"https:\/\/valika.eu\/wp-content\/uploads\/2025\/03\/UV-Violet-15-g-76607_3.webp\",\"width\":1010,\"height\":1010},{\"@type\":\"BreadcrumbList\",\"@id\":\"https:\/\/valika.eu\/fi\/toode\/base-one-gel-uv-violet-15-g\/#breadcrumb\",\"itemListElement\":[{\"@type\":\"ListItem\",\"position\":1,\"name\":\"Koti\",\"item\":\"https:\/\/valika.eu\/fi\/\"},{\"@type\":\"ListItem\",\"position\":2,\"name\":\"Shop\",\"item\":\"https:\/\/valika.eu\/fi\/\"},{\"@type\":\"ListItem\",\"position\":3,\"name\":\"15g Base One Gel UV Violet\"}]},{\"@type\":\"WebSite\",\"@id\":\"https:\/\/valika.eu\/fi\/#website\",\"url\":\"https:\/\/valika.eu\/fi\/\",\"name\":\"Valika.eu\",\"description\":\"Salonkituotteet ja kauneudenhoitotuotteet - Valika tarjoaa laajan valikoiman tuotteita ja tarvikkeita kynsiteknikoille, kauneushoitoloille, kampaamoille ja kampaamoille.\",\"publisher\":{\"@id\":\"https:\/\/valika.eu\/fi\/#organization\"},\"alternateName\":\"Valika\",\"potentialAction\":[{\"@type\":\"SearchAction\",\"target\":{\"@type\":\"EntryPoint\",\"urlTemplate\":\"https:\/\/valika.eu\/fi\/?s={search_term_string}\"},\"query-input\":{\"@type\":\"PropertyValueSpecification\",\"valueRequired\":true,\"valueName\":\"search_term_string\"}}],\"inLanguage\":\"fi\"},{\"@type\":\"Organization\",\"@id\":\"https:\/\/valika.eu\/fi\/#organization\",\"name\":\"Salongitoode O\u00dc\",\"alternateName\":\"Valika\",\"url\":\"https:\/\/valika.eu\/fi\/\",\"logo\":{\"@type\":\"ImageObject\",\"inLanguage\":\"fi\",\"@id\":\"https:\/\/valika.eu\/fi\/#\/schema\/logo\/image\/\",\"url\":\"https:\/\/valika.eu\/wp-content\/uploads\/2023\/11\/logo2-valika-footer.png\",\"contentUrl\":\"https:\/\/valika.eu\/wp-content\/uploads\/2023\/11\/logo2-valika-footer.png\",\"width\":200,\"height\":129,\"caption\":\"Salongitoode O\u00dc\"},\"image\":{\"@id\":\"https:\/\/valika.eu\/fi\/#\/schema\/logo\/image\/\"},\"sameAs\":[\"https:\/\/www.facebook.com\/tipsi.net\"]}]}<\/script>\n<!-- \/ Yoast SEO plugin. -->","yoast_head_json":{"title":"15g Base One Gel UV Violet | Valika","robots":{"index":"index","follow":"follow","max-snippet":"max-snippet:-1","max-image-preview":"max-image-preview:large","max-video-preview":"max-video-preview:-1"},"canonical":"https:\/\/valika.eu\/fi\/toode\/base-one-gel-uv-violet-15-g\/","og_locale":"fi_FI","og_type":"article","og_title":"15g Base One Gel UV Violet | Valika","og_description":"Kynsirakennusgeeli Base One Violet T\u00e4ydellisen kynsirakennusgeelin l\u00f6yt\u00e4minen voi olla todellinen haaste, erityisesti silloin, kun etsit tuotetta, joka toimii hyvin muotojen,","og_url":"https:\/\/valika.eu\/fi\/toode\/base-one-gel-uv-violet-15-g\/","og_site_name":"Valika","article_publisher":"https:\/\/www.facebook.com\/tipsi.net","article_modified_time":"2025-07-03T06:21:05+00:00","og_image":[{"width":1010,"height":1010,"url":"https:\/\/valika.eu\/wp-content\/uploads\/2025\/03\/UV-Violet-15-g-76607_3.webp","type":"image\/webp"}],"twitter_card":"summary_large_image","schema":{"@context":"https:\/\/schema.org","@graph":[{"@type":"WebPage","@id":"https:\/\/valika.eu\/fi\/toode\/base-one-gel-uv-violet-15-g\/","url":"https:\/\/valika.eu\/fi\/toode\/base-one-gel-uv-violet-15-g\/","name":"15g Base One Gel UV Violet | Valika","isPartOf":{"@id":"https:\/\/valika.eu\/fi\/#website"},"primaryImageOfPage":{"@id":"https:\/\/valika.eu\/fi\/toode\/base-one-gel-uv-violet-15-g\/#primaryimage"},"image":{"@id":"https:\/\/valika.eu\/toode\/base-one-gel-uv-violet-15-g\/#primaryimage"},"thumbnailUrl":"https:\/\/valika.eu\/wp-content\/uploads\/2025\/03\/UV-Violet-15-g-76607_3.webp","datePublished":"2025-03-05T13:41:02+00:00","dateModified":"2025-07-03T06:21:05+00:00","breadcrumb":{"@id":"https:\/\/valika.eu\/fi\/toode\/base-one-gel-uv-violet-15-g\/#breadcrumb"},"inLanguage":"fi","potentialAction":[{"@type":"ReadAction","target":[["https:\/\/valika.eu\/fi\/toode\/base-one-gel-uv-violet-15-g\/"]]}]},{"@type":"ImageObject","inLanguage":"fi","@id":"https:\/\/valika.eu\/fi\/toode\/base-one-gel-uv-violet-15-g\/#primaryimage","url":"https:\/\/valika.eu\/wp-content\/uploads\/2025\/03\/UV-Violet-15-g-76607_3.webp","contentUrl":"https:\/\/valika.eu\/wp-content\/uploads\/2025\/03\/UV-Violet-15-g-76607_3.webp","width":1010,"height":1010},{"@type":"BreadcrumbList","@id":"https:\/\/valika.eu\/fi\/toode\/base-one-gel-uv-violet-15-g\/#breadcrumb","itemListElement":[{"@type":"ListItem","position":1,"name":"Koti","item":"https:\/\/valika.eu\/fi\/"},{"@type":"ListItem","position":2,"name":"Shop","item":"https:\/\/valika.eu\/fi\/"},{"@type":"ListItem","position":3,"name":"15g Base One Gel UV Violet"}]},{"@type":"WebSite","@id":"https:\/\/valika.eu\/fi\/#website","url":"https:\/\/valika.eu\/fi\/","name":"Valika.eu","description":"Salonkituotteet ja kauneudenhoitotuotteet - Valika tarjoaa laajan valikoiman tuotteita ja tarvikkeita kynsiteknikoille, kauneushoitoloille, kampaamoille ja kampaamoille.","publisher":{"@id":"https:\/\/valika.eu\/fi\/#organization"},"alternateName":"Valika","potentialAction":[{"@type":"SearchAction","target":{"@type":"EntryPoint","urlTemplate":"https:\/\/valika.eu\/fi\/?s={search_term_string}"},"query-input":{"@type":"PropertyValueSpecification","valueRequired":true,"valueName":"search_term_string"}}],"inLanguage":"fi"},{"@type":"Organization","@id":"https:\/\/valika.eu\/fi\/#organization","name":"Salongitoode O\u00dc","alternateName":"Valika","url":"https:\/\/valika.eu\/fi\/","logo":{"@type":"ImageObject","inLanguage":"fi","@id":"https:\/\/valika.eu\/fi\/#\/schema\/logo\/image\/","url":"https:\/\/valika.eu\/wp-content\/uploads\/2023\/11\/logo2-valika-footer.png","contentUrl":"https:\/\/valika.eu\/wp-content\/uploads\/2023\/11\/logo2-valika-footer.png","width":200,"height":129,"caption":"Salongitoode O\u00dc"},"image":{"@id":"https:\/\/valika.eu\/fi\/#\/schema\/logo\/image\/"},"sameAs":["https:\/\/www.facebook.com\/tipsi.net"]}]}},"jetpack_sharing_enabled":true,"_links":{"self":[{"href":"https:\/\/valika.eu\/fi\/wp-json\/wp\/v2\/product\/13407","targetHints":{"allow":["GET"]}}],"collection":[{"href":"https:\/\/valika.eu\/fi\/wp-json\/wp\/v2\/product"}],"about":[{"href":"https:\/\/valika.eu\/fi\/wp-json\/wp\/v2\/types\/product"}],"wp:featuredmedia":[{"embeddable":true,"href":"https:\/\/valika.eu\/fi\/wp-json\/wp\/v2\/media\/13410"}],"wp:attachment":[{"href":"https:\/\/valika.eu\/fi\/wp-json\/wp\/v2\/media?parent=13407"}],"wp:term":[{"taxonomy":"product_brand","embeddable":true,"href":"https:\/\/valika.eu\/fi\/wp-json\/wp\/v2\/product_brand?post=13407"},{"taxonomy":"product_cat","embeddable":true,"href":"https:\/\/valika.eu\/fi\/wp-json\/wp\/v2\/product_cat?post=13407"},{"taxonomy":"product_tag","embeddable":true,"href":"https:\/\/valika.eu\/fi\/wp-json\/wp\/v2\/product_tag?post=13407"}],"curies":[{"name":"wp","href":"https:\/\/api.w.org\/{rel}","templated":true}]}}