{"id":13422,"date":"2025-03-05T16:05:07","date_gmt":"2025-03-05T14:05:07","guid":{"rendered":"https:\/\/valika.eu\/?post_type=product&#038;p=13422"},"modified":"2026-02-25T15:10:35","modified_gmt":"2026-02-25T13:10:35","slug":"100g-base-one-gel-uv-cover-light","status":"publish","type":"product","link":"https:\/\/valika.eu\/fi\/toode\/100g-base-one-gel-uv-cover-light\/","title":{"rendered":"100g Base One Gel UV Cover Light"},"content":{"rendered":"<p><\/p>\n<div class=\"flex max-w-full flex-col flex-grow\">\n<div class=\"min-h-8 text-message relative flex w-full flex-col items-end gap-2 whitespace-normal break-words text-start [.text-message+&amp;]:mt-5\" dir=\"auto\" data-message-author-role=\"assistant\" data-message-id=\"98035151-b30f-4c7b-bda3-e9907674091c\" data-message-model-slug=\"gpt-4o-mini\">\n<div class=\"flex w-full flex-col gap-1 empty:hidden first:pt-[3px]\">\n<div class=\"markdown prose w-full break-words dark:prose-invert light\">\n<p data-start=\"881\" data-end=\"1334\"><strong data-start=\"881\" data-end=\"925\">Base One Cover Light (Peitt\u00e4v\u00e4 UV-geeli)<\/strong><br data-start=\"925\" data-end=\"928\" \/><strong data-start=\"928\" data-end=\"952\">Base One Cover Light<\/strong> on peitt\u00e4v\u00e4 UV-geeli, jossa on herkk\u00e4, vaaleanpunainen ihon s\u00e4vy. Se sopii eritt\u00e4in hyvin vaaleaihoisille ihmisille. Geeli on keskipaksu ja levitt\u00e4ytyy eritt\u00e4in hyvin kynnen pinnalle. Antaa luonnollisen v\u00e4rin, peitt\u00e4\u00e4 kynnen ep\u00e4tasaisuudet ja visuaalisesti pident\u00e4\u00e4 kynsi\u00e4. Geeli peitt\u00e4\u00e4 t\u00e4ydellisesti virheet ja ep\u00e4t\u00e4ydellisyydet. Voit yhdist\u00e4\u00e4 sen saumattomasti muihin geeleihin.<\/p>\n<p data-start=\"1336\" data-end=\"1603\"><strong data-start=\"1336\" data-end=\"1348\">Base One<\/strong> -geelit on luotu modernilla reseptill\u00e4, joka tuottaa eritt\u00e4in kest\u00e4v\u00e4n polymeeriketjun geelimassan. Oikea partikkelien sijoittelu tekee massasta vahvan ja joustavan samalla, kun se tarjoaa erinomaisen tarttuvuuden sek\u00e4 k\u00e4rkiin ett\u00e4 luonnolliseen kynteen.<\/p>\n<h3 data-start=\"1605\" data-end=\"1628\"><strong data-start=\"1609\" data-end=\"1626\">K\u00e4ytt\u00f6ohjeet:<\/strong><\/h3>\n<p data-start=\"1629\" data-end=\"1707\" data-is-last-node=\"\" data-is-only-node=\"\">Levit\u00e4 geeli kynnen levylle ja koveta <strong data-start=\"1667\" data-end=\"1686\">36W UV-lampissa<\/strong> <strong data-start=\"1687\" data-end=\"1706\">2 minuutin ajan<\/strong>.<\/p>\n<\/div>\n<\/div>\n<\/div>\n<\/div>\n<div class=\"mb-2 flex gap-3 -ml-2\">\n<div class=\"items-center justify-start rounded-xl p-1 flex\">\n<div class=\"flex items-center\"><\/div>\n<\/div>\n<\/div>\n<p><\/p>","protected":false},"excerpt":{"rendered":"<p>Base One Cover Light (Peitt\u00e4v\u00e4 UV-geeli)Base One Cover Light on peitt\u00e4v\u00e4 UV-geeli, jossa on herkk\u00e4, vaaleanpunainen ihon s\u00e4vy. Se sopii<\/p>\n","protected":false},"featured_media":13420,"template":"","meta":[],"product_brand":[],"product_cat":[707],"product_tag":[],"class_list":{"0":"post-13422","1":"product","2":"type-product","3":"status-publish","4":"has-post-thumbnail","6":"product_cat-silcare","8":"first","9":"outofstock","10":"taxable","11":"shipping-taxable","12":"purchasable","13":"product-type-simple"},"yoast_head":"<!-- This site is optimized with the Yoast SEO plugin v24.4 - https:\/\/yoast.com\/wordpress\/plugins\/seo\/ -->\n<title>100g Base One Gel UV Cover Light | Valika<\/title>\n<meta name=\"robots\" content=\"index, follow, max-snippet:-1, max-image-preview:large, max-video-preview:-1\" \/>\n<link rel=\"canonical\" href=\"https:\/\/valika.eu\/fi\/toode\/100g-base-one-gel-uv-cover-light\/\" \/>\n<meta property=\"og:locale\" content=\"fi_FI\" \/>\n<meta property=\"og:type\" content=\"article\" \/>\n<meta property=\"og:title\" content=\"100g Base One Gel UV Cover Light | Valika\" \/>\n<meta property=\"og:description\" content=\"Base One Cover Light (Peitt\u00e4v\u00e4 UV-geeli)Base One Cover Light on peitt\u00e4v\u00e4 UV-geeli, jossa on herkk\u00e4, vaaleanpunainen ihon s\u00e4vy. Se sopii\" \/>\n<meta property=\"og:url\" content=\"https:\/\/valika.eu\/fi\/toode\/100g-base-one-gel-uv-cover-light\/\" \/>\n<meta property=\"og:site_name\" content=\"Valika\" \/>\n<meta property=\"article:publisher\" content=\"https:\/\/www.facebook.com\/tipsi.net\" \/>\n<meta property=\"article:modified_time\" content=\"2026-02-25T13:10:35+00:00\" \/>\n<meta property=\"og:image\" content=\"https:\/\/valika.eu\/wp-content\/uploads\/2025\/03\/One-Cover-Light-15-g-76599_1.webp\" \/>\n\t<meta property=\"og:image:width\" content=\"1010\" \/>\n\t<meta property=\"og:image:height\" content=\"1010\" \/>\n\t<meta property=\"og:image:type\" content=\"image\/webp\" \/>\n<meta name=\"twitter:card\" content=\"summary_large_image\" \/>\n<script type=\"application\/ld+json\" class=\"yoast-schema-graph\">{\"@context\":\"https:\/\/schema.org\",\"@graph\":[{\"@type\":\"WebPage\",\"@id\":\"https:\/\/valika.eu\/fi\/toode\/100g-base-one-gel-uv-cover-light\/\",\"url\":\"https:\/\/valika.eu\/fi\/toode\/100g-base-one-gel-uv-cover-light\/\",\"name\":\"100g Base One Gel UV Cover Light | Valika\",\"isPartOf\":{\"@id\":\"https:\/\/valika.eu\/fi\/#website\"},\"primaryImageOfPage\":{\"@id\":\"https:\/\/valika.eu\/fi\/toode\/100g-base-one-gel-uv-cover-light\/#primaryimage\"},\"image\":{\"@id\":\"https:\/\/valika.eu\/toode\/100g-base-one-gel-uv-cover-light\/#primaryimage\"},\"thumbnailUrl\":\"https:\/\/valika.eu\/wp-content\/uploads\/2025\/03\/One-Cover-Light-15-g-76599_1.webp\",\"datePublished\":\"2025-03-05T14:05:07+00:00\",\"dateModified\":\"2026-02-25T13:10:35+00:00\",\"breadcrumb\":{\"@id\":\"https:\/\/valika.eu\/fi\/toode\/100g-base-one-gel-uv-cover-light\/#breadcrumb\"},\"inLanguage\":\"fi\",\"potentialAction\":[{\"@type\":\"ReadAction\",\"target\":[[\"https:\/\/valika.eu\/fi\/toode\/100g-base-one-gel-uv-cover-light\/\"]]}]},{\"@type\":\"ImageObject\",\"inLanguage\":\"fi\",\"@id\":\"https:\/\/valika.eu\/fi\/toode\/100g-base-one-gel-uv-cover-light\/#primaryimage\",\"url\":\"https:\/\/valika.eu\/wp-content\/uploads\/2025\/03\/One-Cover-Light-15-g-76599_1.webp\",\"contentUrl\":\"https:\/\/valika.eu\/wp-content\/uploads\/2025\/03\/One-Cover-Light-15-g-76599_1.webp\",\"width\":1010,\"height\":1010},{\"@type\":\"BreadcrumbList\",\"@id\":\"https:\/\/valika.eu\/fi\/toode\/100g-base-one-gel-uv-cover-light\/#breadcrumb\",\"itemListElement\":[{\"@type\":\"ListItem\",\"position\":1,\"name\":\"Koti\",\"item\":\"https:\/\/valika.eu\/fi\/\"},{\"@type\":\"ListItem\",\"position\":2,\"name\":\"Shop\",\"item\":\"https:\/\/valika.eu\/fi\/\"},{\"@type\":\"ListItem\",\"position\":3,\"name\":\"100g Base One Gel UV Cover Light\"}]},{\"@type\":\"WebSite\",\"@id\":\"https:\/\/valika.eu\/fi\/#website\",\"url\":\"https:\/\/valika.eu\/fi\/\",\"name\":\"Valika.eu\",\"description\":\"Salonkituotteet ja kauneudenhoitotuotteet - Valika tarjoaa laajan valikoiman tuotteita ja tarvikkeita kynsiteknikoille, kauneushoitoloille, kampaamoille ja kampaamoille.\",\"publisher\":{\"@id\":\"https:\/\/valika.eu\/fi\/#organization\"},\"alternateName\":\"Valika\",\"potentialAction\":[{\"@type\":\"SearchAction\",\"target\":{\"@type\":\"EntryPoint\",\"urlTemplate\":\"https:\/\/valika.eu\/fi\/?s={search_term_string}\"},\"query-input\":{\"@type\":\"PropertyValueSpecification\",\"valueRequired\":true,\"valueName\":\"search_term_string\"}}],\"inLanguage\":\"fi\"},{\"@type\":\"Organization\",\"@id\":\"https:\/\/valika.eu\/fi\/#organization\",\"name\":\"Salongitoode O\u00dc\",\"alternateName\":\"Valika\",\"url\":\"https:\/\/valika.eu\/fi\/\",\"logo\":{\"@type\":\"ImageObject\",\"inLanguage\":\"fi\",\"@id\":\"https:\/\/valika.eu\/fi\/#\/schema\/logo\/image\/\",\"url\":\"https:\/\/valika.eu\/wp-content\/uploads\/2023\/11\/logo2-valika-footer.png\",\"contentUrl\":\"https:\/\/valika.eu\/wp-content\/uploads\/2023\/11\/logo2-valika-footer.png\",\"width\":200,\"height\":129,\"caption\":\"Salongitoode O\u00dc\"},\"image\":{\"@id\":\"https:\/\/valika.eu\/fi\/#\/schema\/logo\/image\/\"},\"sameAs\":[\"https:\/\/www.facebook.com\/tipsi.net\"]}]}<\/script>\n<!-- \/ Yoast SEO plugin. -->","yoast_head_json":{"title":"100g Base One Gel UV Cover Light | Valika","robots":{"index":"index","follow":"follow","max-snippet":"max-snippet:-1","max-image-preview":"max-image-preview:large","max-video-preview":"max-video-preview:-1"},"canonical":"https:\/\/valika.eu\/fi\/toode\/100g-base-one-gel-uv-cover-light\/","og_locale":"fi_FI","og_type":"article","og_title":"100g Base One Gel UV Cover Light | Valika","og_description":"Base One Cover Light (Peitt\u00e4v\u00e4 UV-geeli)Base One Cover Light on peitt\u00e4v\u00e4 UV-geeli, jossa on herkk\u00e4, vaaleanpunainen ihon s\u00e4vy. Se sopii","og_url":"https:\/\/valika.eu\/fi\/toode\/100g-base-one-gel-uv-cover-light\/","og_site_name":"Valika","article_publisher":"https:\/\/www.facebook.com\/tipsi.net","article_modified_time":"2026-02-25T13:10:35+00:00","og_image":[{"width":1010,"height":1010,"url":"https:\/\/valika.eu\/wp-content\/uploads\/2025\/03\/One-Cover-Light-15-g-76599_1.webp","type":"image\/webp"}],"twitter_card":"summary_large_image","schema":{"@context":"https:\/\/schema.org","@graph":[{"@type":"WebPage","@id":"https:\/\/valika.eu\/fi\/toode\/100g-base-one-gel-uv-cover-light\/","url":"https:\/\/valika.eu\/fi\/toode\/100g-base-one-gel-uv-cover-light\/","name":"100g Base One Gel UV Cover Light | Valika","isPartOf":{"@id":"https:\/\/valika.eu\/fi\/#website"},"primaryImageOfPage":{"@id":"https:\/\/valika.eu\/fi\/toode\/100g-base-one-gel-uv-cover-light\/#primaryimage"},"image":{"@id":"https:\/\/valika.eu\/toode\/100g-base-one-gel-uv-cover-light\/#primaryimage"},"thumbnailUrl":"https:\/\/valika.eu\/wp-content\/uploads\/2025\/03\/One-Cover-Light-15-g-76599_1.webp","datePublished":"2025-03-05T14:05:07+00:00","dateModified":"2026-02-25T13:10:35+00:00","breadcrumb":{"@id":"https:\/\/valika.eu\/fi\/toode\/100g-base-one-gel-uv-cover-light\/#breadcrumb"},"inLanguage":"fi","potentialAction":[{"@type":"ReadAction","target":[["https:\/\/valika.eu\/fi\/toode\/100g-base-one-gel-uv-cover-light\/"]]}]},{"@type":"ImageObject","inLanguage":"fi","@id":"https:\/\/valika.eu\/fi\/toode\/100g-base-one-gel-uv-cover-light\/#primaryimage","url":"https:\/\/valika.eu\/wp-content\/uploads\/2025\/03\/One-Cover-Light-15-g-76599_1.webp","contentUrl":"https:\/\/valika.eu\/wp-content\/uploads\/2025\/03\/One-Cover-Light-15-g-76599_1.webp","width":1010,"height":1010},{"@type":"BreadcrumbList","@id":"https:\/\/valika.eu\/fi\/toode\/100g-base-one-gel-uv-cover-light\/#breadcrumb","itemListElement":[{"@type":"ListItem","position":1,"name":"Koti","item":"https:\/\/valika.eu\/fi\/"},{"@type":"ListItem","position":2,"name":"Shop","item":"https:\/\/valika.eu\/fi\/"},{"@type":"ListItem","position":3,"name":"100g Base One Gel UV Cover Light"}]},{"@type":"WebSite","@id":"https:\/\/valika.eu\/fi\/#website","url":"https:\/\/valika.eu\/fi\/","name":"Valika.eu","description":"Salonkituotteet ja kauneudenhoitotuotteet - Valika tarjoaa laajan valikoiman tuotteita ja tarvikkeita kynsiteknikoille, kauneushoitoloille, kampaamoille ja kampaamoille.","publisher":{"@id":"https:\/\/valika.eu\/fi\/#organization"},"alternateName":"Valika","potentialAction":[{"@type":"SearchAction","target":{"@type":"EntryPoint","urlTemplate":"https:\/\/valika.eu\/fi\/?s={search_term_string}"},"query-input":{"@type":"PropertyValueSpecification","valueRequired":true,"valueName":"search_term_string"}}],"inLanguage":"fi"},{"@type":"Organization","@id":"https:\/\/valika.eu\/fi\/#organization","name":"Salongitoode O\u00dc","alternateName":"Valika","url":"https:\/\/valika.eu\/fi\/","logo":{"@type":"ImageObject","inLanguage":"fi","@id":"https:\/\/valika.eu\/fi\/#\/schema\/logo\/image\/","url":"https:\/\/valika.eu\/wp-content\/uploads\/2023\/11\/logo2-valika-footer.png","contentUrl":"https:\/\/valika.eu\/wp-content\/uploads\/2023\/11\/logo2-valika-footer.png","width":200,"height":129,"caption":"Salongitoode O\u00dc"},"image":{"@id":"https:\/\/valika.eu\/fi\/#\/schema\/logo\/image\/"},"sameAs":["https:\/\/www.facebook.com\/tipsi.net"]}]}},"jetpack_sharing_enabled":true,"_links":{"self":[{"href":"https:\/\/valika.eu\/fi\/wp-json\/wp\/v2\/product\/13422","targetHints":{"allow":["GET"]}}],"collection":[{"href":"https:\/\/valika.eu\/fi\/wp-json\/wp\/v2\/product"}],"about":[{"href":"https:\/\/valika.eu\/fi\/wp-json\/wp\/v2\/types\/product"}],"wp:featuredmedia":[{"embeddable":true,"href":"https:\/\/valika.eu\/fi\/wp-json\/wp\/v2\/media\/13420"}],"wp:attachment":[{"href":"https:\/\/valika.eu\/fi\/wp-json\/wp\/v2\/media?parent=13422"}],"wp:term":[{"taxonomy":"product_brand","embeddable":true,"href":"https:\/\/valika.eu\/fi\/wp-json\/wp\/v2\/product_brand?post=13422"},{"taxonomy":"product_cat","embeddable":true,"href":"https:\/\/valika.eu\/fi\/wp-json\/wp\/v2\/product_cat?post=13422"},{"taxonomy":"product_tag","embeddable":true,"href":"https:\/\/valika.eu\/fi\/wp-json\/wp\/v2\/product_tag?post=13422"}],"curies":[{"name":"wp","href":"https:\/\/api.w.org\/{rel}","templated":true}]}}