{"id":13426,"date":"2025-03-05T16:27:44","date_gmt":"2025-03-05T14:27:44","guid":{"rendered":"https:\/\/valika.eu\/?post_type=product&#038;p=13426"},"modified":"2026-03-08T13:43:03","modified_gmt":"2026-03-08T11:43:03","slug":"15g-gel-uv-base-one-cover-medium","status":"publish","type":"product","link":"https:\/\/valika.eu\/fi\/toode\/15g-gel-uv-base-one-cover-medium\/","title":{"rendered":"15g Gel UV Base One Cover Medium"},"content":{"rendered":"<p><\/p>\n<h3 data-start=\"38\" data-end=\"88\"><strong data-start=\"42\" data-end=\"88\">Base One Cover Medium -kynnenrakennusgeeli<\/strong><\/h3>\n<p data-start=\"90\" data-end=\"407\">T\u00e4ydellisen kynnenrakennusgeelin valitseminen voi olla haasteellista. Etsitk\u00f6 UV-geeli\u00e4, joka toimii hyvin muotojen, mallien ja tipsien kanssa ja samalla vahvistaa luonnollista kynnen pintaa? Esittelemme Base One Cover -geelin, joka on Silcare-br\u00e4ndin myyntihitti ja on t\u00e4ytt\u00e4nyt k\u00e4ytt\u00e4jien tarpeet jo 15 vuoden ajan!<\/p>\n<p data-start=\"409\" data-end=\"922\"><strong data-start=\"409\" data-end=\"458\">T\u00e4ydellinen valinta virheett\u00f6m\u00e4\u00e4n manikyyriin<\/strong><br data-start=\"458\" data-end=\"461\" \/>Base One Cover Medium on eleganssin synonyymi, joka yhdist\u00e4\u00e4 kest\u00e4vyys ja esteettisyyden. Medium-s\u00e4vy on erinomainen valinta naisille, jotka arvostavat kynnen v\u00e4ri\u00e4, joka on l\u00e4hell\u00e4 luonnollista, t\u00e4ydellisen tasaisella s\u00e4vyll\u00e4. Se peitt\u00e4\u00e4 tehokkaasti kaikki ep\u00e4tasaisuudet ja pident\u00e4\u00e4 kynsi\u00e4 optisesti antaen niille luonnollisen ulkon\u00e4\u00f6n. Geelin t\u00e4ydellinen koostumus tekee sen k\u00e4yt\u00f6st\u00e4 nautinnollista niin ammattilaisille kuin aloitteleville kynsienhoitajille.<\/p>\n<p data-start=\"924\" data-end=\"1226\"><strong data-start=\"924\" data-end=\"954\">Kest\u00e4vyys ja helppo k\u00e4ytt\u00f6<\/strong><br data-start=\"954\" data-end=\"957\" \/>Base One Cover Medium peitt\u00e4\u00e4 kynnen ep\u00e4tasaisuudet ja antaa kevyen ja luonnollisen ilmeen. Sen keskipaksuuden ja erinomaisen itsest\u00e4\u00e4n tasoittuvan kaavan ansiosta sen levitt\u00e4minen on nopeaa ja mukavaa, ja manikyyri, joka on tehty t\u00e4ll\u00e4 geelill\u00e4, kest\u00e4\u00e4 jopa 28 p\u00e4iv\u00e4\u00e4.<\/p>\n<p data-start=\"1228\" data-end=\"1379\"><strong data-start=\"1228\" data-end=\"1280\">Base One UV-geelisarja &#8211; mit\u00e4 muuta se sis\u00e4lt\u00e4\u00e4?<\/strong><br data-start=\"1280\" data-end=\"1283\" \/>Base One UV-geelisarjassa on nelj\u00e4 eri rakennusgeelisarjaa, joilla on erilaisia viimeistelyj\u00e4:<\/p>\n<ul data-start=\"1380\" data-end=\"1769\">\n<li data-start=\"1380\" data-end=\"1447\">Base One Clear -geelit \u2013 l\u00e4pin\u00e4kyv\u00e4t, kaksivaiheiset UV-geelit.<\/li>\n<li data-start=\"1448\" data-end=\"1530\">Base One Cover -geelit \u2013 opakista rakennusgeelej\u00e4 eri luonnollisissa s\u00e4vyiss\u00e4.<\/li>\n<li data-start=\"1531\" data-end=\"1649\">Base One Shimmer -geelit \u2013 kolmivaiheiset rakennusgeelit, joissa on kiilt\u00e4v\u00e4 viimeistely ja kimalluspartikkeleita.<\/li>\n<li data-start=\"1650\" data-end=\"1769\">Base One French White -geelit \u2013 valkoiset s\u00e4vyt, jotka on erityisesti suunniteltu ranskalaisen manikyyrin tekemiseen.<\/li>\n<\/ul>\n<p data-start=\"1771\" data-end=\"1789\"><strong data-start=\"1771\" data-end=\"1787\">Ominaisuudet<\/strong><\/p>\n<ul data-start=\"1790\" data-end=\"2288\">\n<li data-start=\"1790\" data-end=\"1847\">Peitt\u00e4\u00e4 kynnen ep\u00e4tasaisuudet \u2013 vaaleanpunainen s\u00e4vy.<\/li>\n<li data-start=\"1848\" data-end=\"1886\">Manikyyrin kesto \u2013 jopa 28 p\u00e4iv\u00e4\u00e4.<\/li>\n<li data-start=\"1887\" data-end=\"1963\">Helppo levitt\u00e4\u00e4 \u2013 mukautuva koostumus tekee levitt\u00e4misest\u00e4 miellytt\u00e4v\u00e4\u00e4.<\/li>\n<li data-start=\"1964\" data-end=\"2076\">Monipuolinen \u2013 sopii erinomaisesti erilaisiin manikyyritekniikoihin, kuten muotoihin, malleihin tai tipsiin.<\/li>\n<li data-start=\"2077\" data-end=\"2138\">Kolmivaiheinen kaava \u2013 vaatii pohja- ja p\u00e4\u00e4lliskerroksen.<\/li>\n<li data-start=\"2139\" data-end=\"2154\">Happovapaa.<\/li>\n<li data-start=\"2155\" data-end=\"2205\">Universaali \u2013 sopii kaikille kynnen tyypeille.<\/li>\n<li data-start=\"2206\" data-end=\"2234\">Ei sis\u00e4ll\u00e4 mikromuoveja.<\/li>\n<li data-start=\"2235\" data-end=\"2288\">V\u00e4rilt\u00e4\u00e4n tummempi versio Base One Cover -geelist\u00e4.<\/li>\n<\/ul>\n<p data-start=\"2290\" data-end=\"2416\"><strong data-start=\"2290\" data-end=\"2301\">K\u00e4ytt\u00f6:<\/strong><br data-start=\"2301\" data-end=\"2304\" \/>Levit\u00e4 Base One rakennusgeeli valmistellulle kynnen pinnalle ja koveta se 48W UV\/LED-lampussa 120 sekunnin ajan.<\/p>\n<p><\/p>","protected":false},"excerpt":{"rendered":"<p>Base One Cover Medium -kynnenrakennusgeeli T\u00e4ydellisen kynnenrakennusgeelin valitseminen voi olla haasteellista. Etsitk\u00f6 UV-geeli\u00e4, joka toimii hyvin muotojen, mallien ja tipsien<\/p>\n","protected":false},"featured_media":13425,"template":"","meta":[],"product_brand":[],"product_cat":[707],"product_tag":[],"class_list":{"0":"post-13426","1":"product","2":"type-product","3":"status-publish","4":"has-post-thumbnail","6":"product_cat-silcare","8":"first","9":"outofstock","10":"taxable","11":"shipping-taxable","12":"purchasable","13":"product-type-simple"},"yoast_head":"<!-- This site is optimized with the Yoast SEO plugin v24.4 - https:\/\/yoast.com\/wordpress\/plugins\/seo\/ -->\n<title>15g Gel UV Base One Cover Medium  | Valika<\/title>\n<meta name=\"robots\" content=\"index, follow, max-snippet:-1, max-image-preview:large, max-video-preview:-1\" \/>\n<link rel=\"canonical\" href=\"https:\/\/valika.eu\/fi\/toode\/15g-gel-uv-base-one-cover-medium\/\" \/>\n<meta property=\"og:locale\" content=\"fi_FI\" \/>\n<meta property=\"og:type\" content=\"article\" \/>\n<meta property=\"og:title\" content=\"15g Gel UV Base One Cover Medium  | Valika\" \/>\n<meta property=\"og:description\" content=\"Base One Cover Medium -kynnenrakennusgeeli T\u00e4ydellisen kynnenrakennusgeelin valitseminen voi olla haasteellista. Etsitk\u00f6 UV-geeli\u00e4, joka toimii hyvin muotojen, mallien ja tipsien\" \/>\n<meta property=\"og:url\" content=\"https:\/\/valika.eu\/fi\/toode\/15g-gel-uv-base-one-cover-medium\/\" \/>\n<meta property=\"og:site_name\" content=\"Valika\" \/>\n<meta property=\"article:publisher\" content=\"https:\/\/www.facebook.com\/tipsi.net\" \/>\n<meta property=\"article:modified_time\" content=\"2026-03-08T11:43:03+00:00\" \/>\n<meta property=\"og:image\" content=\"https:\/\/valika.eu\/wp-content\/uploads\/2025\/03\/Cover-Medium-15-g_1.webp\" \/>\n\t<meta property=\"og:image:width\" content=\"700\" \/>\n\t<meta property=\"og:image:height\" content=\"700\" \/>\n\t<meta property=\"og:image:type\" content=\"image\/webp\" \/>\n<meta name=\"twitter:card\" content=\"summary_large_image\" \/>\n<script type=\"application\/ld+json\" class=\"yoast-schema-graph\">{\"@context\":\"https:\/\/schema.org\",\"@graph\":[{\"@type\":\"WebPage\",\"@id\":\"https:\/\/valika.eu\/fi\/toode\/15g-gel-uv-base-one-cover-medium\/\",\"url\":\"https:\/\/valika.eu\/fi\/toode\/15g-gel-uv-base-one-cover-medium\/\",\"name\":\"15g Gel UV Base One Cover Medium  | Valika\",\"isPartOf\":{\"@id\":\"https:\/\/valika.eu\/fi\/#website\"},\"primaryImageOfPage\":{\"@id\":\"https:\/\/valika.eu\/fi\/toode\/15g-gel-uv-base-one-cover-medium\/#primaryimage\"},\"image\":{\"@id\":\"https:\/\/valika.eu\/toode\/15g-gel-uv-base-one-cover-medium\/#primaryimage\"},\"thumbnailUrl\":\"https:\/\/valika.eu\/wp-content\/uploads\/2025\/03\/Cover-Medium-15-g_1.webp\",\"datePublished\":\"2025-03-05T14:27:44+00:00\",\"dateModified\":\"2026-03-08T11:43:03+00:00\",\"breadcrumb\":{\"@id\":\"https:\/\/valika.eu\/fi\/toode\/15g-gel-uv-base-one-cover-medium\/#breadcrumb\"},\"inLanguage\":\"fi\",\"potentialAction\":[{\"@type\":\"ReadAction\",\"target\":[[\"https:\/\/valika.eu\/fi\/toode\/15g-gel-uv-base-one-cover-medium\/\"]]}]},{\"@type\":\"ImageObject\",\"inLanguage\":\"fi\",\"@id\":\"https:\/\/valika.eu\/fi\/toode\/15g-gel-uv-base-one-cover-medium\/#primaryimage\",\"url\":\"https:\/\/valika.eu\/wp-content\/uploads\/2025\/03\/Cover-Medium-15-g_1.webp\",\"contentUrl\":\"https:\/\/valika.eu\/wp-content\/uploads\/2025\/03\/Cover-Medium-15-g_1.webp\",\"width\":700,\"height\":700},{\"@type\":\"BreadcrumbList\",\"@id\":\"https:\/\/valika.eu\/fi\/toode\/15g-gel-uv-base-one-cover-medium\/#breadcrumb\",\"itemListElement\":[{\"@type\":\"ListItem\",\"position\":1,\"name\":\"Koti\",\"item\":\"https:\/\/valika.eu\/fi\/\"},{\"@type\":\"ListItem\",\"position\":2,\"name\":\"Shop\",\"item\":\"https:\/\/valika.eu\/fi\/\"},{\"@type\":\"ListItem\",\"position\":3,\"name\":\"15g Gel UV Base One Cover Medium\"}]},{\"@type\":\"WebSite\",\"@id\":\"https:\/\/valika.eu\/fi\/#website\",\"url\":\"https:\/\/valika.eu\/fi\/\",\"name\":\"Valika.eu\",\"description\":\"Salonkituotteet ja kauneudenhoitotuotteet - Valika tarjoaa laajan valikoiman tuotteita ja tarvikkeita kynsiteknikoille, kauneushoitoloille, kampaamoille ja kampaamoille.\",\"publisher\":{\"@id\":\"https:\/\/valika.eu\/fi\/#organization\"},\"alternateName\":\"Valika\",\"potentialAction\":[{\"@type\":\"SearchAction\",\"target\":{\"@type\":\"EntryPoint\",\"urlTemplate\":\"https:\/\/valika.eu\/fi\/?s={search_term_string}\"},\"query-input\":{\"@type\":\"PropertyValueSpecification\",\"valueRequired\":true,\"valueName\":\"search_term_string\"}}],\"inLanguage\":\"fi\"},{\"@type\":\"Organization\",\"@id\":\"https:\/\/valika.eu\/fi\/#organization\",\"name\":\"Salongitoode O\u00dc\",\"alternateName\":\"Valika\",\"url\":\"https:\/\/valika.eu\/fi\/\",\"logo\":{\"@type\":\"ImageObject\",\"inLanguage\":\"fi\",\"@id\":\"https:\/\/valika.eu\/fi\/#\/schema\/logo\/image\/\",\"url\":\"https:\/\/valika.eu\/wp-content\/uploads\/2023\/11\/logo2-valika-footer.png\",\"contentUrl\":\"https:\/\/valika.eu\/wp-content\/uploads\/2023\/11\/logo2-valika-footer.png\",\"width\":200,\"height\":129,\"caption\":\"Salongitoode O\u00dc\"},\"image\":{\"@id\":\"https:\/\/valika.eu\/fi\/#\/schema\/logo\/image\/\"},\"sameAs\":[\"https:\/\/www.facebook.com\/tipsi.net\"]}]}<\/script>\n<!-- \/ Yoast SEO plugin. -->","yoast_head_json":{"title":"15g Gel UV Base One Cover Medium  | Valika","robots":{"index":"index","follow":"follow","max-snippet":"max-snippet:-1","max-image-preview":"max-image-preview:large","max-video-preview":"max-video-preview:-1"},"canonical":"https:\/\/valika.eu\/fi\/toode\/15g-gel-uv-base-one-cover-medium\/","og_locale":"fi_FI","og_type":"article","og_title":"15g Gel UV Base One Cover Medium  | Valika","og_description":"Base One Cover Medium -kynnenrakennusgeeli T\u00e4ydellisen kynnenrakennusgeelin valitseminen voi olla haasteellista. Etsitk\u00f6 UV-geeli\u00e4, joka toimii hyvin muotojen, mallien ja tipsien","og_url":"https:\/\/valika.eu\/fi\/toode\/15g-gel-uv-base-one-cover-medium\/","og_site_name":"Valika","article_publisher":"https:\/\/www.facebook.com\/tipsi.net","article_modified_time":"2026-03-08T11:43:03+00:00","og_image":[{"width":700,"height":700,"url":"https:\/\/valika.eu\/wp-content\/uploads\/2025\/03\/Cover-Medium-15-g_1.webp","type":"image\/webp"}],"twitter_card":"summary_large_image","schema":{"@context":"https:\/\/schema.org","@graph":[{"@type":"WebPage","@id":"https:\/\/valika.eu\/fi\/toode\/15g-gel-uv-base-one-cover-medium\/","url":"https:\/\/valika.eu\/fi\/toode\/15g-gel-uv-base-one-cover-medium\/","name":"15g Gel UV Base One Cover Medium  | Valika","isPartOf":{"@id":"https:\/\/valika.eu\/fi\/#website"},"primaryImageOfPage":{"@id":"https:\/\/valika.eu\/fi\/toode\/15g-gel-uv-base-one-cover-medium\/#primaryimage"},"image":{"@id":"https:\/\/valika.eu\/toode\/15g-gel-uv-base-one-cover-medium\/#primaryimage"},"thumbnailUrl":"https:\/\/valika.eu\/wp-content\/uploads\/2025\/03\/Cover-Medium-15-g_1.webp","datePublished":"2025-03-05T14:27:44+00:00","dateModified":"2026-03-08T11:43:03+00:00","breadcrumb":{"@id":"https:\/\/valika.eu\/fi\/toode\/15g-gel-uv-base-one-cover-medium\/#breadcrumb"},"inLanguage":"fi","potentialAction":[{"@type":"ReadAction","target":[["https:\/\/valika.eu\/fi\/toode\/15g-gel-uv-base-one-cover-medium\/"]]}]},{"@type":"ImageObject","inLanguage":"fi","@id":"https:\/\/valika.eu\/fi\/toode\/15g-gel-uv-base-one-cover-medium\/#primaryimage","url":"https:\/\/valika.eu\/wp-content\/uploads\/2025\/03\/Cover-Medium-15-g_1.webp","contentUrl":"https:\/\/valika.eu\/wp-content\/uploads\/2025\/03\/Cover-Medium-15-g_1.webp","width":700,"height":700},{"@type":"BreadcrumbList","@id":"https:\/\/valika.eu\/fi\/toode\/15g-gel-uv-base-one-cover-medium\/#breadcrumb","itemListElement":[{"@type":"ListItem","position":1,"name":"Koti","item":"https:\/\/valika.eu\/fi\/"},{"@type":"ListItem","position":2,"name":"Shop","item":"https:\/\/valika.eu\/fi\/"},{"@type":"ListItem","position":3,"name":"15g Gel UV Base One Cover Medium"}]},{"@type":"WebSite","@id":"https:\/\/valika.eu\/fi\/#website","url":"https:\/\/valika.eu\/fi\/","name":"Valika.eu","description":"Salonkituotteet ja kauneudenhoitotuotteet - Valika tarjoaa laajan valikoiman tuotteita ja tarvikkeita kynsiteknikoille, kauneushoitoloille, kampaamoille ja kampaamoille.","publisher":{"@id":"https:\/\/valika.eu\/fi\/#organization"},"alternateName":"Valika","potentialAction":[{"@type":"SearchAction","target":{"@type":"EntryPoint","urlTemplate":"https:\/\/valika.eu\/fi\/?s={search_term_string}"},"query-input":{"@type":"PropertyValueSpecification","valueRequired":true,"valueName":"search_term_string"}}],"inLanguage":"fi"},{"@type":"Organization","@id":"https:\/\/valika.eu\/fi\/#organization","name":"Salongitoode O\u00dc","alternateName":"Valika","url":"https:\/\/valika.eu\/fi\/","logo":{"@type":"ImageObject","inLanguage":"fi","@id":"https:\/\/valika.eu\/fi\/#\/schema\/logo\/image\/","url":"https:\/\/valika.eu\/wp-content\/uploads\/2023\/11\/logo2-valika-footer.png","contentUrl":"https:\/\/valika.eu\/wp-content\/uploads\/2023\/11\/logo2-valika-footer.png","width":200,"height":129,"caption":"Salongitoode O\u00dc"},"image":{"@id":"https:\/\/valika.eu\/fi\/#\/schema\/logo\/image\/"},"sameAs":["https:\/\/www.facebook.com\/tipsi.net"]}]}},"jetpack_sharing_enabled":true,"_links":{"self":[{"href":"https:\/\/valika.eu\/fi\/wp-json\/wp\/v2\/product\/13426","targetHints":{"allow":["GET"]}}],"collection":[{"href":"https:\/\/valika.eu\/fi\/wp-json\/wp\/v2\/product"}],"about":[{"href":"https:\/\/valika.eu\/fi\/wp-json\/wp\/v2\/types\/product"}],"wp:featuredmedia":[{"embeddable":true,"href":"https:\/\/valika.eu\/fi\/wp-json\/wp\/v2\/media\/13425"}],"wp:attachment":[{"href":"https:\/\/valika.eu\/fi\/wp-json\/wp\/v2\/media?parent=13426"}],"wp:term":[{"taxonomy":"product_brand","embeddable":true,"href":"https:\/\/valika.eu\/fi\/wp-json\/wp\/v2\/product_brand?post=13426"},{"taxonomy":"product_cat","embeddable":true,"href":"https:\/\/valika.eu\/fi\/wp-json\/wp\/v2\/product_cat?post=13426"},{"taxonomy":"product_tag","embeddable":true,"href":"https:\/\/valika.eu\/fi\/wp-json\/wp\/v2\/product_tag?post=13426"}],"curies":[{"name":"wp","href":"https:\/\/api.w.org\/{rel}","templated":true}]}}