{"id":13429,"date":"2025-03-05T17:19:57","date_gmt":"2025-03-05T15:19:57","guid":{"rendered":"https:\/\/valika.eu\/?post_type=product&#038;p=13429"},"modified":"2026-03-06T20:42:53","modified_gmt":"2026-03-06T18:42:53","slug":"15-g-base-one-gel-uv-cover-dark","status":"publish","type":"product","link":"https:\/\/valika.eu\/fi\/toode\/15-g-base-one-gel-uv-cover-dark\/","title":{"rendered":"15 g Base One Gel UV Cover Dark"},"content":{"rendered":"<p><\/p>\n<p data-start=\"46\" data-end=\"453\">Base One Cover Dark on peitt\u00e4v\u00e4 UV-geeli, jossa on tumma, luonnollinen pinkin s\u00e4vy. Se sopii erinomaisesti tummemmalle ihons\u00e4vylle. Keskipaksu geeli levittyy eritt\u00e4in hyvin kynnen pinnalle ja antaa luonnollisen v\u00e4rin, peitt\u00e4\u00e4 kynsilevyn ep\u00e4tasaisuudet t\u00e4ydellisesti sek\u00e4 pident\u00e4\u00e4 kynsi\u00e4 optisesti. Geeli peitt\u00e4\u00e4 tehokkaasti virheet ja ep\u00e4t\u00e4ydellisyydet. Se voidaan yhdist\u00e4\u00e4 saumattomasti muihin geeleihin.<\/p>\n<p data-start=\"455\" data-end=\"788\"><strong data-start=\"455\" data-end=\"488\">Kest\u00e4v\u00e4 ja joustava koostumus<\/strong><br data-start=\"488\" data-end=\"491\" \/>Base One -geelit on kehitetty nykyaikaisella koostumuksella, joka tuottaa eritt\u00e4in kest\u00e4v\u00e4n polymeeriketjuista muodostuvan geeliseoksen. Hiukkasten oikea asettelu tekee massasta samanaikaisesti vahvan ja joustavan, tarjoten erinomaisen kiinnittyvyyden sek\u00e4 tipeille ett\u00e4 luonnolliselle kynnelle.<\/p>\n<p data-start=\"790\" data-end=\"879\"><strong data-start=\"790\" data-end=\"806\">K\u00e4ytt\u00f6ohjeet<\/strong><br data-start=\"806\" data-end=\"809\" \/>Levit\u00e4 geeli kynsilevylle ja koveta 36W UV-lampussa 2 minuutin ajan.<\/p>\n<p data-start=\"881\" data-end=\"1203\"><strong data-start=\"881\" data-end=\"894\">Ainesosat<\/strong><br data-start=\"894\" data-end=\"897\" \/>Urethane Methacrylate, Urethane Acrylate, Urethane Acrylate Oligomer, Tripropylene Glycol Diacrylate, Silica, Benzophenone, Benzoyl Isopropanol, Hydroxycyclohexyl Phenyl Ketone, Isobornyl Acrylate, Polyether Acrylate, Dipropylene Glycol Diacrylate, Polyester Acrylate, [+\/- CI 77891, CI 15850, CI 77266].<\/p>\n<p><\/p>","protected":false},"excerpt":{"rendered":"<p>Base One Cover Dark on peitt\u00e4v\u00e4 UV-geeli, jossa on tumma, luonnollinen pinkin s\u00e4vy. Se sopii erinomaisesti tummemmalle ihons\u00e4vylle. Keskipaksu geeli<\/p>\n","protected":false},"featured_media":13430,"template":"","meta":[],"product_brand":[],"product_cat":[707],"product_tag":[],"class_list":{"0":"post-13429","1":"product","2":"type-product","3":"status-publish","4":"has-post-thumbnail","6":"product_cat-silcare","8":"first","9":"instock","10":"taxable","11":"shipping-taxable","12":"purchasable","13":"product-type-simple"},"yoast_head":"<!-- This site is optimized with the Yoast SEO plugin v24.4 - https:\/\/yoast.com\/wordpress\/plugins\/seo\/ -->\n<title>15 g Base One Gel UV Cover Dark | Valika<\/title>\n<meta name=\"robots\" content=\"index, follow, max-snippet:-1, max-image-preview:large, max-video-preview:-1\" \/>\n<link rel=\"canonical\" href=\"https:\/\/valika.eu\/fi\/toode\/15-g-base-one-gel-uv-cover-dark\/\" \/>\n<meta property=\"og:locale\" content=\"fi_FI\" \/>\n<meta property=\"og:type\" content=\"article\" \/>\n<meta property=\"og:title\" content=\"15 g Base One Gel UV Cover Dark | Valika\" \/>\n<meta property=\"og:description\" content=\"Base One Cover Dark on peitt\u00e4v\u00e4 UV-geeli, jossa on tumma, luonnollinen pinkin s\u00e4vy. Se sopii erinomaisesti tummemmalle ihons\u00e4vylle. Keskipaksu geeli\" \/>\n<meta property=\"og:url\" content=\"https:\/\/valika.eu\/fi\/toode\/15-g-base-one-gel-uv-cover-dark\/\" \/>\n<meta property=\"og:site_name\" content=\"Valika\" \/>\n<meta property=\"article:publisher\" content=\"https:\/\/www.facebook.com\/tipsi.net\" \/>\n<meta property=\"article:modified_time\" content=\"2026-03-06T18:42:53+00:00\" \/>\n<meta property=\"og:image\" content=\"https:\/\/valika.eu\/wp-content\/uploads\/2025\/03\/UV-Cover-Dark-50.webp\" \/>\n\t<meta property=\"og:image:width\" content=\"1000\" \/>\n\t<meta property=\"og:image:height\" content=\"1000\" \/>\n\t<meta property=\"og:image:type\" content=\"image\/webp\" \/>\n<meta name=\"twitter:card\" content=\"summary_large_image\" \/>\n<script type=\"application\/ld+json\" class=\"yoast-schema-graph\">{\"@context\":\"https:\/\/schema.org\",\"@graph\":[{\"@type\":\"WebPage\",\"@id\":\"https:\/\/valika.eu\/fi\/toode\/15-g-base-one-gel-uv-cover-dark\/\",\"url\":\"https:\/\/valika.eu\/fi\/toode\/15-g-base-one-gel-uv-cover-dark\/\",\"name\":\"15 g Base One Gel UV Cover Dark | Valika\",\"isPartOf\":{\"@id\":\"https:\/\/valika.eu\/fi\/#website\"},\"primaryImageOfPage\":{\"@id\":\"https:\/\/valika.eu\/fi\/toode\/15-g-base-one-gel-uv-cover-dark\/#primaryimage\"},\"image\":{\"@id\":\"https:\/\/valika.eu\/toode\/15-g-base-one-gel-uv-cover-dark\/#primaryimage\"},\"thumbnailUrl\":\"https:\/\/valika.eu\/wp-content\/uploads\/2025\/03\/UV-Cover-Dark-50.webp\",\"datePublished\":\"2025-03-05T15:19:57+00:00\",\"dateModified\":\"2026-03-06T18:42:53+00:00\",\"breadcrumb\":{\"@id\":\"https:\/\/valika.eu\/fi\/toode\/15-g-base-one-gel-uv-cover-dark\/#breadcrumb\"},\"inLanguage\":\"fi\",\"potentialAction\":[{\"@type\":\"ReadAction\",\"target\":[[\"https:\/\/valika.eu\/fi\/toode\/15-g-base-one-gel-uv-cover-dark\/\"]]}]},{\"@type\":\"ImageObject\",\"inLanguage\":\"fi\",\"@id\":\"https:\/\/valika.eu\/fi\/toode\/15-g-base-one-gel-uv-cover-dark\/#primaryimage\",\"url\":\"https:\/\/valika.eu\/wp-content\/uploads\/2025\/03\/UV-Cover-Dark-50.webp\",\"contentUrl\":\"https:\/\/valika.eu\/wp-content\/uploads\/2025\/03\/UV-Cover-Dark-50.webp\",\"width\":1000,\"height\":1000},{\"@type\":\"BreadcrumbList\",\"@id\":\"https:\/\/valika.eu\/fi\/toode\/15-g-base-one-gel-uv-cover-dark\/#breadcrumb\",\"itemListElement\":[{\"@type\":\"ListItem\",\"position\":1,\"name\":\"Koti\",\"item\":\"https:\/\/valika.eu\/fi\/\"},{\"@type\":\"ListItem\",\"position\":2,\"name\":\"Shop\",\"item\":\"https:\/\/valika.eu\/fi\/\"},{\"@type\":\"ListItem\",\"position\":3,\"name\":\"15 g Base One Gel UV Cover Dark\"}]},{\"@type\":\"WebSite\",\"@id\":\"https:\/\/valika.eu\/fi\/#website\",\"url\":\"https:\/\/valika.eu\/fi\/\",\"name\":\"Valika.eu\",\"description\":\"Salonkituotteet ja kauneudenhoitotuotteet - Valika tarjoaa laajan valikoiman tuotteita ja tarvikkeita kynsiteknikoille, kauneushoitoloille, kampaamoille ja kampaamoille.\",\"publisher\":{\"@id\":\"https:\/\/valika.eu\/fi\/#organization\"},\"alternateName\":\"Valika\",\"potentialAction\":[{\"@type\":\"SearchAction\",\"target\":{\"@type\":\"EntryPoint\",\"urlTemplate\":\"https:\/\/valika.eu\/fi\/?s={search_term_string}\"},\"query-input\":{\"@type\":\"PropertyValueSpecification\",\"valueRequired\":true,\"valueName\":\"search_term_string\"}}],\"inLanguage\":\"fi\"},{\"@type\":\"Organization\",\"@id\":\"https:\/\/valika.eu\/fi\/#organization\",\"name\":\"Salongitoode O\u00dc\",\"alternateName\":\"Valika\",\"url\":\"https:\/\/valika.eu\/fi\/\",\"logo\":{\"@type\":\"ImageObject\",\"inLanguage\":\"fi\",\"@id\":\"https:\/\/valika.eu\/fi\/#\/schema\/logo\/image\/\",\"url\":\"https:\/\/valika.eu\/wp-content\/uploads\/2023\/11\/logo2-valika-footer.png\",\"contentUrl\":\"https:\/\/valika.eu\/wp-content\/uploads\/2023\/11\/logo2-valika-footer.png\",\"width\":200,\"height\":129,\"caption\":\"Salongitoode O\u00dc\"},\"image\":{\"@id\":\"https:\/\/valika.eu\/fi\/#\/schema\/logo\/image\/\"},\"sameAs\":[\"https:\/\/www.facebook.com\/tipsi.net\"]}]}<\/script>\n<!-- \/ Yoast SEO plugin. -->","yoast_head_json":{"title":"15 g Base One Gel UV Cover Dark | Valika","robots":{"index":"index","follow":"follow","max-snippet":"max-snippet:-1","max-image-preview":"max-image-preview:large","max-video-preview":"max-video-preview:-1"},"canonical":"https:\/\/valika.eu\/fi\/toode\/15-g-base-one-gel-uv-cover-dark\/","og_locale":"fi_FI","og_type":"article","og_title":"15 g Base One Gel UV Cover Dark | Valika","og_description":"Base One Cover Dark on peitt\u00e4v\u00e4 UV-geeli, jossa on tumma, luonnollinen pinkin s\u00e4vy. Se sopii erinomaisesti tummemmalle ihons\u00e4vylle. Keskipaksu geeli","og_url":"https:\/\/valika.eu\/fi\/toode\/15-g-base-one-gel-uv-cover-dark\/","og_site_name":"Valika","article_publisher":"https:\/\/www.facebook.com\/tipsi.net","article_modified_time":"2026-03-06T18:42:53+00:00","og_image":[{"width":1000,"height":1000,"url":"https:\/\/valika.eu\/wp-content\/uploads\/2025\/03\/UV-Cover-Dark-50.webp","type":"image\/webp"}],"twitter_card":"summary_large_image","schema":{"@context":"https:\/\/schema.org","@graph":[{"@type":"WebPage","@id":"https:\/\/valika.eu\/fi\/toode\/15-g-base-one-gel-uv-cover-dark\/","url":"https:\/\/valika.eu\/fi\/toode\/15-g-base-one-gel-uv-cover-dark\/","name":"15 g Base One Gel UV Cover Dark | Valika","isPartOf":{"@id":"https:\/\/valika.eu\/fi\/#website"},"primaryImageOfPage":{"@id":"https:\/\/valika.eu\/fi\/toode\/15-g-base-one-gel-uv-cover-dark\/#primaryimage"},"image":{"@id":"https:\/\/valika.eu\/toode\/15-g-base-one-gel-uv-cover-dark\/#primaryimage"},"thumbnailUrl":"https:\/\/valika.eu\/wp-content\/uploads\/2025\/03\/UV-Cover-Dark-50.webp","datePublished":"2025-03-05T15:19:57+00:00","dateModified":"2026-03-06T18:42:53+00:00","breadcrumb":{"@id":"https:\/\/valika.eu\/fi\/toode\/15-g-base-one-gel-uv-cover-dark\/#breadcrumb"},"inLanguage":"fi","potentialAction":[{"@type":"ReadAction","target":[["https:\/\/valika.eu\/fi\/toode\/15-g-base-one-gel-uv-cover-dark\/"]]}]},{"@type":"ImageObject","inLanguage":"fi","@id":"https:\/\/valika.eu\/fi\/toode\/15-g-base-one-gel-uv-cover-dark\/#primaryimage","url":"https:\/\/valika.eu\/wp-content\/uploads\/2025\/03\/UV-Cover-Dark-50.webp","contentUrl":"https:\/\/valika.eu\/wp-content\/uploads\/2025\/03\/UV-Cover-Dark-50.webp","width":1000,"height":1000},{"@type":"BreadcrumbList","@id":"https:\/\/valika.eu\/fi\/toode\/15-g-base-one-gel-uv-cover-dark\/#breadcrumb","itemListElement":[{"@type":"ListItem","position":1,"name":"Koti","item":"https:\/\/valika.eu\/fi\/"},{"@type":"ListItem","position":2,"name":"Shop","item":"https:\/\/valika.eu\/fi\/"},{"@type":"ListItem","position":3,"name":"15 g Base One Gel UV Cover Dark"}]},{"@type":"WebSite","@id":"https:\/\/valika.eu\/fi\/#website","url":"https:\/\/valika.eu\/fi\/","name":"Valika.eu","description":"Salonkituotteet ja kauneudenhoitotuotteet - Valika tarjoaa laajan valikoiman tuotteita ja tarvikkeita kynsiteknikoille, kauneushoitoloille, kampaamoille ja kampaamoille.","publisher":{"@id":"https:\/\/valika.eu\/fi\/#organization"},"alternateName":"Valika","potentialAction":[{"@type":"SearchAction","target":{"@type":"EntryPoint","urlTemplate":"https:\/\/valika.eu\/fi\/?s={search_term_string}"},"query-input":{"@type":"PropertyValueSpecification","valueRequired":true,"valueName":"search_term_string"}}],"inLanguage":"fi"},{"@type":"Organization","@id":"https:\/\/valika.eu\/fi\/#organization","name":"Salongitoode O\u00dc","alternateName":"Valika","url":"https:\/\/valika.eu\/fi\/","logo":{"@type":"ImageObject","inLanguage":"fi","@id":"https:\/\/valika.eu\/fi\/#\/schema\/logo\/image\/","url":"https:\/\/valika.eu\/wp-content\/uploads\/2023\/11\/logo2-valika-footer.png","contentUrl":"https:\/\/valika.eu\/wp-content\/uploads\/2023\/11\/logo2-valika-footer.png","width":200,"height":129,"caption":"Salongitoode O\u00dc"},"image":{"@id":"https:\/\/valika.eu\/fi\/#\/schema\/logo\/image\/"},"sameAs":["https:\/\/www.facebook.com\/tipsi.net"]}]}},"jetpack_sharing_enabled":true,"_links":{"self":[{"href":"https:\/\/valika.eu\/fi\/wp-json\/wp\/v2\/product\/13429","targetHints":{"allow":["GET"]}}],"collection":[{"href":"https:\/\/valika.eu\/fi\/wp-json\/wp\/v2\/product"}],"about":[{"href":"https:\/\/valika.eu\/fi\/wp-json\/wp\/v2\/types\/product"}],"wp:featuredmedia":[{"embeddable":true,"href":"https:\/\/valika.eu\/fi\/wp-json\/wp\/v2\/media\/13430"}],"wp:attachment":[{"href":"https:\/\/valika.eu\/fi\/wp-json\/wp\/v2\/media?parent=13429"}],"wp:term":[{"taxonomy":"product_brand","embeddable":true,"href":"https:\/\/valika.eu\/fi\/wp-json\/wp\/v2\/product_brand?post=13429"},{"taxonomy":"product_cat","embeddable":true,"href":"https:\/\/valika.eu\/fi\/wp-json\/wp\/v2\/product_cat?post=13429"},{"taxonomy":"product_tag","embeddable":true,"href":"https:\/\/valika.eu\/fi\/wp-json\/wp\/v2\/product_tag?post=13429"}],"curies":[{"name":"wp","href":"https:\/\/api.w.org\/{rel}","templated":true}]}}