{"id":13436,"date":"2025-03-06T12:15:29","date_gmt":"2025-03-06T10:15:29","guid":{"rendered":"https:\/\/valika.eu\/?post_type=product&#038;p=13436"},"modified":"2026-02-23T10:51:47","modified_gmt":"2026-02-23T08:51:47","slug":"15g-gel-uv-base-one-milkshake","status":"publish","type":"product","link":"https:\/\/valika.eu\/fi\/toode\/15g-gel-uv-base-one-milkshake\/","title":{"rendered":"15g Gel UV Base One Milkshake"},"content":{"rendered":"<p><\/p>\n<div class=\"flex max-w-full flex-col flex-grow\">\n<div class=\"min-h-8 text-message relative flex w-full flex-col items-end gap-2 whitespace-normal break-words text-start [.text-message+&amp;]:mt-5\" dir=\"auto\" data-message-author-role=\"assistant\" data-message-id=\"39f0af17-b24b-46b4-bc2d-83ee6f56a9dc\" data-message-model-slug=\"gpt-4o\">\n<div class=\"flex w-full flex-col gap-1 empty:hidden first:pt-[3px]\">\n<div class=\"markdown prose w-full break-words dark:prose-invert light\">\n<h3 data-start=\"0\" data-end=\"40\"><strong data-start=\"4\" data-end=\"38\">Base One Milkshake Builder Gel<\/strong><\/h3>\n<p data-start=\"41\" data-end=\"367\">T\u00e4ydellisen rakennegeelin valinta voi olla todellinen haaste. Etsitk\u00f6 UV-geeli\u00e4, joka toimii t\u00e4ydellisesti muottien, sapluunoiden ja tippien kanssa samalla vahvistaen luonnollista kynsilevy\u00e4? Tutustu Base One Milkshakeen \u2013 Silcare-tuotesarjan bestselleriin, johon tyytyv\u00e4iset asiakkaat ovat luottaneet jo yli 15 vuoden ajan!<\/p>\n<h4 data-start=\"369\" data-end=\"410\"><strong data-start=\"374\" data-end=\"408\">T\u00e4ydellinen manikyyri helposti<\/strong><\/h4>\n<p data-start=\"411\" data-end=\"628\">Base One Milkshake on klassisen maitomainen rakennegeeli, joka tuo kynsille raikkautta ja eleganssia. Keskipaksu koostumus tekee ty\u00f6skentelyst\u00e4 miellytt\u00e4v\u00e4\u00e4 sek\u00e4 ammattilaisille ett\u00e4 aloitteleville kynsiteknikoille.<\/p>\n<h4 data-start=\"630\" data-end=\"666\"><strong data-start=\"635\" data-end=\"664\">Pitk\u00e4kestoinen lopputulos<\/strong><\/h4>\n<p data-start=\"667\" data-end=\"842\">Base One Milkshake antaa maitomaisen, puolil\u00e4pin\u00e4kyv\u00e4n pinnan. Itsetasoittuvan koostumuksen ansiosta geelin levitys on nopeaa ja helppoa, ja manikyyri kest\u00e4\u00e4 jopa 28 p\u00e4iv\u00e4\u00e4.<\/p>\n<h4 data-start=\"844\" data-end=\"915\"><strong data-start=\"849\" data-end=\"913\">Base One UV-geelisarja \u2013 mit\u00e4 muita tuotteita siihen kuuluu?<\/strong><\/h4>\n<p data-start=\"916\" data-end=\"1005\">Base One UV-geelisarja sis\u00e4lt\u00e4\u00e4 nelj\u00e4 erilaista rakennegeelisarjaa eri viimeistelyill\u00e4:<\/p>\n<ul data-start=\"1007\" data-end=\"1345\">\n<li data-start=\"1007\" data-end=\"1070\"><strong data-start=\"1009\" data-end=\"1027\">Base One Clear<\/strong> \u2013 l\u00e4pin\u00e4kyv\u00e4t, kaksivaiheiset UV-geelit.<\/li>\n<li data-start=\"1071\" data-end=\"1148\"><strong data-start=\"1073\" data-end=\"1091\">Base One Cover<\/strong> \u2013 peitt\u00e4v\u00e4t rakennegeelit eri luonnollisissa s\u00e4vyiss\u00e4.<\/li>\n<li data-start=\"1149\" data-end=\"1255\"><strong data-start=\"1151\" data-end=\"1171\">Base One Shimmer<\/strong> \u2013 kolmivaiheiset rakennegeelit, joissa on hohtava lopputulos ja glitterhiukkasia.<\/li>\n<li data-start=\"1256\" data-end=\"1345\"><strong data-start=\"1258\" data-end=\"1283\">Base One French White<\/strong> \u2013 ranskalaiselle manikyyrille suunnitellut valkoiset s\u00e4vyt.<\/li>\n<\/ul>\n<h3 data-start=\"1347\" data-end=\"1369\"><strong data-start=\"1351\" data-end=\"1367\">Ominaisuudet<\/strong><\/h3>\n<ul data-start=\"1370\" data-end=\"1610\">\n<li data-start=\"1370\" data-end=\"1422\">Hento, maitomainen, puolil\u00e4pin\u00e4kyv\u00e4 viimeistely.<\/li>\n<li data-start=\"1423\" data-end=\"1475\">Pitk\u00e4kestoinen \u2013 kest\u00e4\u00e4 kynsill\u00e4 jopa 28 p\u00e4iv\u00e4\u00e4.<\/li>\n<li data-start=\"1476\" data-end=\"1532\">Helppo ja mukava levitys \u2013 itsetasoittuva koostumus.<\/li>\n<li data-start=\"1533\" data-end=\"1567\">Sopii kaikille kynsityypeille.<\/li>\n<li data-start=\"1568\" data-end=\"1597\">Mikroplastiton koostumus.<\/li>\n<li data-start=\"1598\" data-end=\"1610\">Hapoton.<\/li>\n<\/ul>\n<h3 data-start=\"1612\" data-end=\"1634\"><strong data-start=\"1616\" data-end=\"1632\">K\u00e4ytt\u00f6ohjeet<\/strong><\/h3>\n<p data-start=\"1635\" data-end=\"1760\">Levit\u00e4 Base One -rakennegeeli huolellisesti valmistellulle kynsilevylle ja koveta 48W UV\/LED-lampun alla 120 sekunnin ajan.<\/p>\n<h3 data-start=\"1762\" data-end=\"1781\"><strong data-start=\"1766\" data-end=\"1779\">Ainesosat<\/strong><\/h3>\n<p data-start=\"1782\" data-end=\"2172\">Bis-HEMA Polyneopentyl Glycol Adipate\/IPDI Copolymer, Bis-HEA Poly(1,4-Butanediol)-9\/IPDI Copolymer, Trimethylolpropane Trimethacrylate (TMPTMA), Bis-HEA Polyglycol Adipate\/IPDI Copolymer, Hexanediol Dimetharcylate, Hydroxycyclohexyl Phenyl Ketone, Silica Dimethyl Silylate, Benzoyl Isopropanol, Isobornyl Methacrylate (IBOMA), CI 77891, BHT, Cyclohexyl Phenyl Ketone, CI 60725, CI 74160.<\/p>\n<h3 data-start=\"2174\" data-end=\"2200\"><strong data-start=\"2178\" data-end=\"2198\">Varotoimenpiteet<\/strong><\/h3>\n<ul data-start=\"2201\" data-end=\"2487\" data-is-only-node=\"\" data-is-last-node=\"\">\n<li data-start=\"2201\" data-end=\"2242\">S\u00e4ilytett\u00e4v\u00e4 lasten ulottumattomissa.<\/li>\n<li data-start=\"2243\" data-end=\"2281\">V\u00e4ltett\u00e4v\u00e4 kosketusta ihon kanssa.<\/li>\n<li data-start=\"2282\" data-end=\"2316\">V\u00e4ltett\u00e4v\u00e4 kosketusta silmiin.<\/li>\n<li data-start=\"2317\" data-end=\"2358\">\u00c4l\u00e4 hengit\u00e4 tuotteen h\u00f6yryj\u00e4 suoraan.<\/li>\n<li data-start=\"2359\" data-end=\"2423\">\u00c4l\u00e4 k\u00e4yt\u00e4, jos olet yliherkk\u00e4 jollekin tuotteen ainesosalle.<\/li>\n<li data-start=\"2424\" data-end=\"2463\">Kovetettava 48W UV\/LED-lampun alla.<\/li>\n<li data-start=\"2464\" data-end=\"2487\" data-is-last-node=\"\">Vain ammattik\u00e4ytt\u00f6\u00f6n.<\/li>\n<\/ul>\n<\/div>\n<\/div>\n<\/div>\n<\/div>\n<div class=\"mb-2 flex gap-3 -ml-2\">\n<div class=\"items-center justify-start rounded-xl p-1 flex\">\n<div class=\"flex items-center\"><button class=\"rounded-lg text-token-text-secondary hover:bg-token-main-surface-secondary\" aria-label=\"Kopeeri\" data-testid=\"copy-turn-action-button\"><\/button><\/p>\n<div class=\"flex\"><\/div>\n<p><button class=\"rounded-lg text-token-text-secondary hover:bg-token-main-surface-secondary\" aria-label=\"Read aloud\" data-testid=\"voice-play-turn-action-button\"><\/button><button class=\"rounded-lg text-token-text-secondary hover:bg-token-main-surface-secondary\" aria-label=\"Redigeeri l\u00f5uendil\"><\/button><\/p>\n<div class=\"flex items-center pb-0\"><span class=\"overflow-hidden text-clip whitespace-nowrap text-sm\">4o<\/span><\/div>\n<\/div>\n<\/div>\n<\/div>\n<p><\/p>","protected":false},"excerpt":{"rendered":"<p>Base One Milkshake Builder Gel T\u00e4ydellisen rakennegeelin valinta voi olla todellinen haaste. Etsitk\u00f6 UV-geeli\u00e4, joka toimii t\u00e4ydellisesti muottien, sapluunoiden ja<\/p>\n","protected":false},"featured_media":13438,"template":"","meta":[],"product_brand":[],"product_cat":[707],"product_tag":[],"class_list":{"0":"post-13436","1":"product","2":"type-product","3":"status-publish","4":"has-post-thumbnail","6":"product_cat-silcare","8":"first","9":"outofstock","10":"taxable","11":"shipping-taxable","12":"purchasable","13":"product-type-simple"},"yoast_head":"<!-- This site is optimized with the Yoast SEO plugin v24.4 - https:\/\/yoast.com\/wordpress\/plugins\/seo\/ -->\n<title>15g Gel UV Base One Milkshake | Valika<\/title>\n<meta name=\"robots\" content=\"index, follow, max-snippet:-1, max-image-preview:large, max-video-preview:-1\" \/>\n<link rel=\"canonical\" href=\"https:\/\/valika.eu\/fi\/toode\/15g-gel-uv-base-one-milkshake\/\" \/>\n<meta property=\"og:locale\" content=\"fi_FI\" \/>\n<meta property=\"og:type\" content=\"article\" \/>\n<meta property=\"og:title\" content=\"15g Gel UV Base One Milkshake | Valika\" \/>\n<meta property=\"og:description\" content=\"Base One Milkshake Builder Gel T\u00e4ydellisen rakennegeelin valinta voi olla todellinen haaste. Etsitk\u00f6 UV-geeli\u00e4, joka toimii t\u00e4ydellisesti muottien, sapluunoiden ja\" \/>\n<meta property=\"og:url\" content=\"https:\/\/valika.eu\/fi\/toode\/15g-gel-uv-base-one-milkshake\/\" \/>\n<meta property=\"og:site_name\" content=\"Valika\" \/>\n<meta property=\"article:publisher\" content=\"https:\/\/www.facebook.com\/tipsi.net\" \/>\n<meta property=\"article:modified_time\" content=\"2026-02-23T08:51:47+00:00\" \/>\n<meta property=\"og:image\" content=\"https:\/\/valika.eu\/wp-content\/uploads\/2025\/03\/One-Milkshake-15-g.webp\" \/>\n\t<meta property=\"og:image:width\" content=\"700\" \/>\n\t<meta property=\"og:image:height\" content=\"700\" \/>\n\t<meta property=\"og:image:type\" content=\"image\/webp\" \/>\n<meta name=\"twitter:card\" content=\"summary_large_image\" \/>\n<script type=\"application\/ld+json\" class=\"yoast-schema-graph\">{\"@context\":\"https:\/\/schema.org\",\"@graph\":[{\"@type\":\"WebPage\",\"@id\":\"https:\/\/valika.eu\/fi\/toode\/15g-gel-uv-base-one-milkshake\/\",\"url\":\"https:\/\/valika.eu\/fi\/toode\/15g-gel-uv-base-one-milkshake\/\",\"name\":\"15g Gel UV Base One Milkshake | Valika\",\"isPartOf\":{\"@id\":\"https:\/\/valika.eu\/fi\/#website\"},\"primaryImageOfPage\":{\"@id\":\"https:\/\/valika.eu\/fi\/toode\/15g-gel-uv-base-one-milkshake\/#primaryimage\"},\"image\":{\"@id\":\"https:\/\/valika.eu\/toode\/15g-gel-uv-base-one-milkshake\/#primaryimage\"},\"thumbnailUrl\":\"https:\/\/valika.eu\/wp-content\/uploads\/2025\/03\/One-Milkshake-15-g.webp\",\"datePublished\":\"2025-03-06T10:15:29+00:00\",\"dateModified\":\"2026-02-23T08:51:47+00:00\",\"breadcrumb\":{\"@id\":\"https:\/\/valika.eu\/fi\/toode\/15g-gel-uv-base-one-milkshake\/#breadcrumb\"},\"inLanguage\":\"fi\",\"potentialAction\":[{\"@type\":\"ReadAction\",\"target\":[[\"https:\/\/valika.eu\/fi\/toode\/15g-gel-uv-base-one-milkshake\/\"]]}]},{\"@type\":\"ImageObject\",\"inLanguage\":\"fi\",\"@id\":\"https:\/\/valika.eu\/fi\/toode\/15g-gel-uv-base-one-milkshake\/#primaryimage\",\"url\":\"https:\/\/valika.eu\/wp-content\/uploads\/2025\/03\/One-Milkshake-15-g.webp\",\"contentUrl\":\"https:\/\/valika.eu\/wp-content\/uploads\/2025\/03\/One-Milkshake-15-g.webp\",\"width\":700,\"height\":700},{\"@type\":\"BreadcrumbList\",\"@id\":\"https:\/\/valika.eu\/fi\/toode\/15g-gel-uv-base-one-milkshake\/#breadcrumb\",\"itemListElement\":[{\"@type\":\"ListItem\",\"position\":1,\"name\":\"Koti\",\"item\":\"https:\/\/valika.eu\/fi\/\"},{\"@type\":\"ListItem\",\"position\":2,\"name\":\"Shop\",\"item\":\"https:\/\/valika.eu\/fi\/\"},{\"@type\":\"ListItem\",\"position\":3,\"name\":\"15g Gel UV Base One Milkshake\"}]},{\"@type\":\"WebSite\",\"@id\":\"https:\/\/valika.eu\/fi\/#website\",\"url\":\"https:\/\/valika.eu\/fi\/\",\"name\":\"Valika.eu\",\"description\":\"Salonkituotteet ja kauneudenhoitotuotteet - Valika tarjoaa laajan valikoiman tuotteita ja tarvikkeita kynsiteknikoille, kauneushoitoloille, kampaamoille ja kampaamoille.\",\"publisher\":{\"@id\":\"https:\/\/valika.eu\/fi\/#organization\"},\"alternateName\":\"Valika\",\"potentialAction\":[{\"@type\":\"SearchAction\",\"target\":{\"@type\":\"EntryPoint\",\"urlTemplate\":\"https:\/\/valika.eu\/fi\/?s={search_term_string}\"},\"query-input\":{\"@type\":\"PropertyValueSpecification\",\"valueRequired\":true,\"valueName\":\"search_term_string\"}}],\"inLanguage\":\"fi\"},{\"@type\":\"Organization\",\"@id\":\"https:\/\/valika.eu\/fi\/#organization\",\"name\":\"Salongitoode O\u00dc\",\"alternateName\":\"Valika\",\"url\":\"https:\/\/valika.eu\/fi\/\",\"logo\":{\"@type\":\"ImageObject\",\"inLanguage\":\"fi\",\"@id\":\"https:\/\/valika.eu\/fi\/#\/schema\/logo\/image\/\",\"url\":\"https:\/\/valika.eu\/wp-content\/uploads\/2023\/11\/logo2-valika-footer.png\",\"contentUrl\":\"https:\/\/valika.eu\/wp-content\/uploads\/2023\/11\/logo2-valika-footer.png\",\"width\":200,\"height\":129,\"caption\":\"Salongitoode O\u00dc\"},\"image\":{\"@id\":\"https:\/\/valika.eu\/fi\/#\/schema\/logo\/image\/\"},\"sameAs\":[\"https:\/\/www.facebook.com\/tipsi.net\"]}]}<\/script>\n<!-- \/ Yoast SEO plugin. -->","yoast_head_json":{"title":"15g Gel UV Base One Milkshake | Valika","robots":{"index":"index","follow":"follow","max-snippet":"max-snippet:-1","max-image-preview":"max-image-preview:large","max-video-preview":"max-video-preview:-1"},"canonical":"https:\/\/valika.eu\/fi\/toode\/15g-gel-uv-base-one-milkshake\/","og_locale":"fi_FI","og_type":"article","og_title":"15g Gel UV Base One Milkshake | Valika","og_description":"Base One Milkshake Builder Gel T\u00e4ydellisen rakennegeelin valinta voi olla todellinen haaste. Etsitk\u00f6 UV-geeli\u00e4, joka toimii t\u00e4ydellisesti muottien, sapluunoiden ja","og_url":"https:\/\/valika.eu\/fi\/toode\/15g-gel-uv-base-one-milkshake\/","og_site_name":"Valika","article_publisher":"https:\/\/www.facebook.com\/tipsi.net","article_modified_time":"2026-02-23T08:51:47+00:00","og_image":[{"width":700,"height":700,"url":"https:\/\/valika.eu\/wp-content\/uploads\/2025\/03\/One-Milkshake-15-g.webp","type":"image\/webp"}],"twitter_card":"summary_large_image","schema":{"@context":"https:\/\/schema.org","@graph":[{"@type":"WebPage","@id":"https:\/\/valika.eu\/fi\/toode\/15g-gel-uv-base-one-milkshake\/","url":"https:\/\/valika.eu\/fi\/toode\/15g-gel-uv-base-one-milkshake\/","name":"15g Gel UV Base One Milkshake | Valika","isPartOf":{"@id":"https:\/\/valika.eu\/fi\/#website"},"primaryImageOfPage":{"@id":"https:\/\/valika.eu\/fi\/toode\/15g-gel-uv-base-one-milkshake\/#primaryimage"},"image":{"@id":"https:\/\/valika.eu\/toode\/15g-gel-uv-base-one-milkshake\/#primaryimage"},"thumbnailUrl":"https:\/\/valika.eu\/wp-content\/uploads\/2025\/03\/One-Milkshake-15-g.webp","datePublished":"2025-03-06T10:15:29+00:00","dateModified":"2026-02-23T08:51:47+00:00","breadcrumb":{"@id":"https:\/\/valika.eu\/fi\/toode\/15g-gel-uv-base-one-milkshake\/#breadcrumb"},"inLanguage":"fi","potentialAction":[{"@type":"ReadAction","target":[["https:\/\/valika.eu\/fi\/toode\/15g-gel-uv-base-one-milkshake\/"]]}]},{"@type":"ImageObject","inLanguage":"fi","@id":"https:\/\/valika.eu\/fi\/toode\/15g-gel-uv-base-one-milkshake\/#primaryimage","url":"https:\/\/valika.eu\/wp-content\/uploads\/2025\/03\/One-Milkshake-15-g.webp","contentUrl":"https:\/\/valika.eu\/wp-content\/uploads\/2025\/03\/One-Milkshake-15-g.webp","width":700,"height":700},{"@type":"BreadcrumbList","@id":"https:\/\/valika.eu\/fi\/toode\/15g-gel-uv-base-one-milkshake\/#breadcrumb","itemListElement":[{"@type":"ListItem","position":1,"name":"Koti","item":"https:\/\/valika.eu\/fi\/"},{"@type":"ListItem","position":2,"name":"Shop","item":"https:\/\/valika.eu\/fi\/"},{"@type":"ListItem","position":3,"name":"15g Gel UV Base One Milkshake"}]},{"@type":"WebSite","@id":"https:\/\/valika.eu\/fi\/#website","url":"https:\/\/valika.eu\/fi\/","name":"Valika.eu","description":"Salonkituotteet ja kauneudenhoitotuotteet - Valika tarjoaa laajan valikoiman tuotteita ja tarvikkeita kynsiteknikoille, kauneushoitoloille, kampaamoille ja kampaamoille.","publisher":{"@id":"https:\/\/valika.eu\/fi\/#organization"},"alternateName":"Valika","potentialAction":[{"@type":"SearchAction","target":{"@type":"EntryPoint","urlTemplate":"https:\/\/valika.eu\/fi\/?s={search_term_string}"},"query-input":{"@type":"PropertyValueSpecification","valueRequired":true,"valueName":"search_term_string"}}],"inLanguage":"fi"},{"@type":"Organization","@id":"https:\/\/valika.eu\/fi\/#organization","name":"Salongitoode O\u00dc","alternateName":"Valika","url":"https:\/\/valika.eu\/fi\/","logo":{"@type":"ImageObject","inLanguage":"fi","@id":"https:\/\/valika.eu\/fi\/#\/schema\/logo\/image\/","url":"https:\/\/valika.eu\/wp-content\/uploads\/2023\/11\/logo2-valika-footer.png","contentUrl":"https:\/\/valika.eu\/wp-content\/uploads\/2023\/11\/logo2-valika-footer.png","width":200,"height":129,"caption":"Salongitoode O\u00dc"},"image":{"@id":"https:\/\/valika.eu\/fi\/#\/schema\/logo\/image\/"},"sameAs":["https:\/\/www.facebook.com\/tipsi.net"]}]}},"jetpack_sharing_enabled":true,"_links":{"self":[{"href":"https:\/\/valika.eu\/fi\/wp-json\/wp\/v2\/product\/13436","targetHints":{"allow":["GET"]}}],"collection":[{"href":"https:\/\/valika.eu\/fi\/wp-json\/wp\/v2\/product"}],"about":[{"href":"https:\/\/valika.eu\/fi\/wp-json\/wp\/v2\/types\/product"}],"wp:featuredmedia":[{"embeddable":true,"href":"https:\/\/valika.eu\/fi\/wp-json\/wp\/v2\/media\/13438"}],"wp:attachment":[{"href":"https:\/\/valika.eu\/fi\/wp-json\/wp\/v2\/media?parent=13436"}],"wp:term":[{"taxonomy":"product_brand","embeddable":true,"href":"https:\/\/valika.eu\/fi\/wp-json\/wp\/v2\/product_brand?post=13436"},{"taxonomy":"product_cat","embeddable":true,"href":"https:\/\/valika.eu\/fi\/wp-json\/wp\/v2\/product_cat?post=13436"},{"taxonomy":"product_tag","embeddable":true,"href":"https:\/\/valika.eu\/fi\/wp-json\/wp\/v2\/product_tag?post=13436"}],"curies":[{"name":"wp","href":"https:\/\/api.w.org\/{rel}","templated":true}]}}