{"id":13440,"date":"2025-03-06T12:24:07","date_gmt":"2025-03-06T10:24:07","guid":{"rendered":"https:\/\/valika.eu\/?post_type=product&#038;p=13440"},"modified":"2026-01-17T13:52:30","modified_gmt":"2026-01-17T11:52:30","slug":"50g-gel-uv-base-one-vanillia-rose","status":"publish","type":"product","link":"https:\/\/valika.eu\/fi\/toode\/50g-gel-uv-base-one-vanillia-rose\/","title":{"rendered":"50g Gel UV Base One Shimmer Vanillia Rose"},"content":{"rendered":"<p><\/p>\n<h4 data-start=\"854\" data-end=\"892\"><strong data-start=\"859\" data-end=\"890\">Kest\u00e4v\u00e4 ja helppok\u00e4ytt\u00f6inen<\/strong><\/h4>\n<p data-start=\"893\" data-end=\"1184\">Base One Vanilla Rose -geelin levitys on nopeaa ja vaivatonta, ja manikyyri pysyy t\u00e4ydellisen\u00e4 jopa 4 viikkoa. Kolmivaiheisen koostumuksen ansiosta lopputulos saavutetaan nopeammin kuin monilla muilla tuotteilla. T\u00e4ydellinen kovettuminen saavutetaan vain 120 sekunnissa UV\/LED-lampun alla.<\/p>\n<h4 data-start=\"1186\" data-end=\"1257\"><strong data-start=\"1191\" data-end=\"1255\">Base One UV-geelisarja \u2013 mit\u00e4 muita tuotteita siihen kuuluu?<\/strong><\/h4>\n<p data-start=\"1258\" data-end=\"1347\">Base One UV-geelisarja sis\u00e4lt\u00e4\u00e4 nelj\u00e4 erilaista rakennegeelisarjaa eri viimeistelyill\u00e4:<\/p>\n<ul data-start=\"1349\" data-end=\"1687\">\n<li data-start=\"1349\" data-end=\"1412\"><strong data-start=\"1351\" data-end=\"1369\">Base One Clear<\/strong> \u2013 l\u00e4pin\u00e4kyv\u00e4t, kaksivaiheiset UV-geelit.<\/li>\n<li data-start=\"1413\" data-end=\"1490\"><strong data-start=\"1415\" data-end=\"1433\">Base One Cover<\/strong> \u2013 peitt\u00e4v\u00e4t rakennegeelit eri luonnollisissa s\u00e4vyiss\u00e4.<\/li>\n<li data-start=\"1491\" data-end=\"1597\"><strong data-start=\"1493\" data-end=\"1513\">Base One Shimmer<\/strong> \u2013 kolmivaiheiset rakennegeelit, joissa on hohtava lopputulos ja glitterhiukkasia.<\/li>\n<li data-start=\"1598\" data-end=\"1687\"><strong data-start=\"1600\" data-end=\"1625\">Base One French White<\/strong> \u2013 ranskalaiselle manikyyrille suunnitellut valkoiset s\u00e4vyt.<\/li>\n<\/ul>\n<h3 data-start=\"1689\" data-end=\"1711\"><strong data-start=\"1693\" data-end=\"1709\">Ominaisuudet<\/strong><\/h3>\n<ul data-start=\"1712\" data-end=\"2059\">\n<li data-start=\"1712\" data-end=\"1757\">Peitt\u00e4v\u00e4 koostumus ja luonnolliset s\u00e4vyt.<\/li>\n<li data-start=\"1758\" data-end=\"1801\">Erinomainen kest\u00e4vyys \u2013 jopa 4 viikkoa.<\/li>\n<li data-start=\"1802\" data-end=\"1870\">Nopea ja helppo levitys \u2013 itsetasoittuvan koostumuksen ansiosta.<\/li>\n<li data-start=\"1871\" data-end=\"1932\">Monik\u00e4ytt\u00f6inen \u2013 ihanteellinen eri manikyyritekniikoihin.<\/li>\n<li data-start=\"1933\" data-end=\"1995\">Turvallinen koostumus \u2013 ei sis\u00e4ll\u00e4 mikroplastisia aineita.<\/li>\n<li data-start=\"1996\" data-end=\"2008\">Hapoton.<\/li>\n<li data-start=\"2009\" data-end=\"2059\">Kolmivaiheinen \u2013 vaatii alus- ja p\u00e4\u00e4llyslakan.<\/li>\n<\/ul>\n<h3 data-start=\"2061\" data-end=\"2083\"><strong data-start=\"2065\" data-end=\"2081\">K\u00e4ytt\u00f6ohjeet<\/strong><\/h3>\n<p data-start=\"2084\" data-end=\"2209\">Levit\u00e4 Base One -rakennegeeli huolellisesti valmistellulle kynsilevylle ja koveta 48W UV\/LED-lampun alla 120 sekunnin ajan.<\/p>\n<h3 data-start=\"2211\" data-end=\"2230\"><strong data-start=\"2215\" data-end=\"2228\">Ainesosat<\/strong><\/h3>\n<p data-start=\"2231\" data-end=\"2664\">Bis-HEMA Polyneopentyl Glycol Adipate\/IPDI Copolymer, Bis-HEA Poly(1,4-Butanediol)-9\/IPDI Copolymer, Trimethylolpropane Trimethacrylate (TMPTMA), Bis-HEA Polyglycol Adipate\/IPDI Copolymer, Hexanediol Dimetharcylate, Hydroxycyclohexyl Phenyl Ketone, Silica Dimethyl Silylate, Benzoyl Isopropanol, Isobornyl Methacrylate (IBOMA), BHT, Cyclohexyl Phenyl Ketone, [+\/- Synthetic Fluorphlogopite, CI 77891, CI 15980, CI 15985, CI 74260].<\/p>\n<h3 data-start=\"2666\" data-end=\"2692\"><strong data-start=\"2670\" data-end=\"2690\">Varotoimenpiteet<\/strong><\/h3>\n<ul data-start=\"2693\" data-end=\"2979\" data-is-only-node=\"\" data-is-last-node=\"\">\n<li data-start=\"2693\" data-end=\"2734\">S\u00e4ilytett\u00e4v\u00e4 lasten ulottumattomissa.<\/li>\n<li data-start=\"2735\" data-end=\"2773\">V\u00e4ltett\u00e4v\u00e4 kosketusta ihon kanssa.<\/li>\n<li data-start=\"2774\" data-end=\"2808\">V\u00e4ltett\u00e4v\u00e4 kosketusta silmiin.<\/li>\n<li data-start=\"2809\" data-end=\"2850\">\u00c4l\u00e4 hengit\u00e4 tuotteen h\u00f6yryj\u00e4 suoraan.<\/li>\n<li data-start=\"2851\" data-end=\"2915\">\u00c4l\u00e4 k\u00e4yt\u00e4, jos olet yliherkk\u00e4 jollekin tuotteen ainesosalle.<\/li>\n<li data-start=\"2916\" data-end=\"2955\">Kovetettava 48W UV\/LED-lampun alla.<\/li>\n<li data-start=\"2956\" data-end=\"2979\" data-is-last-node=\"\">Vain ammattik\u00e4ytt\u00f6\u00f6n.<\/li>\n<\/ul>\n<p><\/p>","protected":false},"excerpt":{"rendered":"<p>Kest\u00e4v\u00e4 ja helppok\u00e4ytt\u00f6inen Base One Vanilla Rose -geelin levitys on nopeaa ja vaivatonta, ja manikyyri pysyy t\u00e4ydellisen\u00e4 jopa 4 viikkoa.<\/p>\n","protected":false},"featured_media":13566,"template":"","meta":[],"product_brand":[],"product_cat":[707],"product_tag":[],"class_list":{"0":"post-13440","1":"product","2":"type-product","3":"status-publish","4":"has-post-thumbnail","6":"product_cat-silcare","8":"first","9":"outofstock","10":"taxable","11":"shipping-taxable","12":"purchasable","13":"product-type-simple"},"yoast_head":"<!-- This site is optimized with the Yoast SEO plugin v24.4 - https:\/\/yoast.com\/wordpress\/plugins\/seo\/ -->\n<title>50g Gel UV Base One Shimmer Vanillia Rose | Valika<\/title>\n<meta name=\"robots\" content=\"index, follow, max-snippet:-1, max-image-preview:large, max-video-preview:-1\" \/>\n<link rel=\"canonical\" href=\"https:\/\/valika.eu\/fi\/toode\/50g-gel-uv-base-one-vanillia-rose\/\" \/>\n<meta property=\"og:locale\" content=\"fi_FI\" \/>\n<meta property=\"og:type\" content=\"article\" \/>\n<meta property=\"og:title\" content=\"50g Gel UV Base One Shimmer Vanillia Rose | Valika\" \/>\n<meta property=\"og:description\" content=\"Kest\u00e4v\u00e4 ja helppok\u00e4ytt\u00f6inen Base One Vanilla Rose -geelin levitys on nopeaa ja vaivatonta, ja manikyyri pysyy t\u00e4ydellisen\u00e4 jopa 4 viikkoa.\" \/>\n<meta property=\"og:url\" content=\"https:\/\/valika.eu\/fi\/toode\/50g-gel-uv-base-one-vanillia-rose\/\" \/>\n<meta property=\"og:site_name\" content=\"Valika\" \/>\n<meta property=\"article:publisher\" content=\"https:\/\/www.facebook.com\/tipsi.net\" \/>\n<meta property=\"article:modified_time\" content=\"2026-01-17T11:52:30+00:00\" \/>\n<meta property=\"og:image\" content=\"https:\/\/valika.eu\/wp-content\/uploads\/2025\/03\/Shimmer-Vanillia-Rose-50.webp\" \/>\n\t<meta property=\"og:image:width\" content=\"1010\" \/>\n\t<meta property=\"og:image:height\" content=\"1010\" \/>\n\t<meta property=\"og:image:type\" content=\"image\/webp\" \/>\n<meta name=\"twitter:card\" content=\"summary_large_image\" \/>\n<script type=\"application\/ld+json\" class=\"yoast-schema-graph\">{\"@context\":\"https:\/\/schema.org\",\"@graph\":[{\"@type\":\"WebPage\",\"@id\":\"https:\/\/valika.eu\/fi\/toode\/50g-gel-uv-base-one-vanillia-rose\/\",\"url\":\"https:\/\/valika.eu\/fi\/toode\/50g-gel-uv-base-one-vanillia-rose\/\",\"name\":\"50g Gel UV Base One Shimmer Vanillia Rose | Valika\",\"isPartOf\":{\"@id\":\"https:\/\/valika.eu\/fi\/#website\"},\"primaryImageOfPage\":{\"@id\":\"https:\/\/valika.eu\/fi\/toode\/50g-gel-uv-base-one-vanillia-rose\/#primaryimage\"},\"image\":{\"@id\":\"https:\/\/valika.eu\/toode\/50g-gel-uv-base-one-vanillia-rose\/#primaryimage\"},\"thumbnailUrl\":\"https:\/\/valika.eu\/wp-content\/uploads\/2025\/03\/Shimmer-Vanillia-Rose-50.webp\",\"datePublished\":\"2025-03-06T10:24:07+00:00\",\"dateModified\":\"2026-01-17T11:52:30+00:00\",\"breadcrumb\":{\"@id\":\"https:\/\/valika.eu\/fi\/toode\/50g-gel-uv-base-one-vanillia-rose\/#breadcrumb\"},\"inLanguage\":\"fi\",\"potentialAction\":[{\"@type\":\"ReadAction\",\"target\":[[\"https:\/\/valika.eu\/fi\/toode\/50g-gel-uv-base-one-vanillia-rose\/\"]]}]},{\"@type\":\"ImageObject\",\"inLanguage\":\"fi\",\"@id\":\"https:\/\/valika.eu\/fi\/toode\/50g-gel-uv-base-one-vanillia-rose\/#primaryimage\",\"url\":\"https:\/\/valika.eu\/wp-content\/uploads\/2025\/03\/Shimmer-Vanillia-Rose-50.webp\",\"contentUrl\":\"https:\/\/valika.eu\/wp-content\/uploads\/2025\/03\/Shimmer-Vanillia-Rose-50.webp\",\"width\":1010,\"height\":1010},{\"@type\":\"BreadcrumbList\",\"@id\":\"https:\/\/valika.eu\/fi\/toode\/50g-gel-uv-base-one-vanillia-rose\/#breadcrumb\",\"itemListElement\":[{\"@type\":\"ListItem\",\"position\":1,\"name\":\"Koti\",\"item\":\"https:\/\/valika.eu\/fi\/\"},{\"@type\":\"ListItem\",\"position\":2,\"name\":\"Shop\",\"item\":\"https:\/\/valika.eu\/fi\/\"},{\"@type\":\"ListItem\",\"position\":3,\"name\":\"50g Gel UV Base One Shimmer Vanillia Rose\"}]},{\"@type\":\"WebSite\",\"@id\":\"https:\/\/valika.eu\/fi\/#website\",\"url\":\"https:\/\/valika.eu\/fi\/\",\"name\":\"Valika.eu\",\"description\":\"Salonkituotteet ja kauneudenhoitotuotteet - Valika tarjoaa laajan valikoiman tuotteita ja tarvikkeita kynsiteknikoille, kauneushoitoloille, kampaamoille ja kampaamoille.\",\"publisher\":{\"@id\":\"https:\/\/valika.eu\/fi\/#organization\"},\"alternateName\":\"Valika\",\"potentialAction\":[{\"@type\":\"SearchAction\",\"target\":{\"@type\":\"EntryPoint\",\"urlTemplate\":\"https:\/\/valika.eu\/fi\/?s={search_term_string}\"},\"query-input\":{\"@type\":\"PropertyValueSpecification\",\"valueRequired\":true,\"valueName\":\"search_term_string\"}}],\"inLanguage\":\"fi\"},{\"@type\":\"Organization\",\"@id\":\"https:\/\/valika.eu\/fi\/#organization\",\"name\":\"Salongitoode O\u00dc\",\"alternateName\":\"Valika\",\"url\":\"https:\/\/valika.eu\/fi\/\",\"logo\":{\"@type\":\"ImageObject\",\"inLanguage\":\"fi\",\"@id\":\"https:\/\/valika.eu\/fi\/#\/schema\/logo\/image\/\",\"url\":\"https:\/\/valika.eu\/wp-content\/uploads\/2023\/11\/logo2-valika-footer.png\",\"contentUrl\":\"https:\/\/valika.eu\/wp-content\/uploads\/2023\/11\/logo2-valika-footer.png\",\"width\":200,\"height\":129,\"caption\":\"Salongitoode O\u00dc\"},\"image\":{\"@id\":\"https:\/\/valika.eu\/fi\/#\/schema\/logo\/image\/\"},\"sameAs\":[\"https:\/\/www.facebook.com\/tipsi.net\"]}]}<\/script>\n<!-- \/ Yoast SEO plugin. -->","yoast_head_json":{"title":"50g Gel UV Base One Shimmer Vanillia Rose | Valika","robots":{"index":"index","follow":"follow","max-snippet":"max-snippet:-1","max-image-preview":"max-image-preview:large","max-video-preview":"max-video-preview:-1"},"canonical":"https:\/\/valika.eu\/fi\/toode\/50g-gel-uv-base-one-vanillia-rose\/","og_locale":"fi_FI","og_type":"article","og_title":"50g Gel UV Base One Shimmer Vanillia Rose | Valika","og_description":"Kest\u00e4v\u00e4 ja helppok\u00e4ytt\u00f6inen Base One Vanilla Rose -geelin levitys on nopeaa ja vaivatonta, ja manikyyri pysyy t\u00e4ydellisen\u00e4 jopa 4 viikkoa.","og_url":"https:\/\/valika.eu\/fi\/toode\/50g-gel-uv-base-one-vanillia-rose\/","og_site_name":"Valika","article_publisher":"https:\/\/www.facebook.com\/tipsi.net","article_modified_time":"2026-01-17T11:52:30+00:00","og_image":[{"width":1010,"height":1010,"url":"https:\/\/valika.eu\/wp-content\/uploads\/2025\/03\/Shimmer-Vanillia-Rose-50.webp","type":"image\/webp"}],"twitter_card":"summary_large_image","schema":{"@context":"https:\/\/schema.org","@graph":[{"@type":"WebPage","@id":"https:\/\/valika.eu\/fi\/toode\/50g-gel-uv-base-one-vanillia-rose\/","url":"https:\/\/valika.eu\/fi\/toode\/50g-gel-uv-base-one-vanillia-rose\/","name":"50g Gel UV Base One Shimmer Vanillia Rose | Valika","isPartOf":{"@id":"https:\/\/valika.eu\/fi\/#website"},"primaryImageOfPage":{"@id":"https:\/\/valika.eu\/fi\/toode\/50g-gel-uv-base-one-vanillia-rose\/#primaryimage"},"image":{"@id":"https:\/\/valika.eu\/toode\/50g-gel-uv-base-one-vanillia-rose\/#primaryimage"},"thumbnailUrl":"https:\/\/valika.eu\/wp-content\/uploads\/2025\/03\/Shimmer-Vanillia-Rose-50.webp","datePublished":"2025-03-06T10:24:07+00:00","dateModified":"2026-01-17T11:52:30+00:00","breadcrumb":{"@id":"https:\/\/valika.eu\/fi\/toode\/50g-gel-uv-base-one-vanillia-rose\/#breadcrumb"},"inLanguage":"fi","potentialAction":[{"@type":"ReadAction","target":[["https:\/\/valika.eu\/fi\/toode\/50g-gel-uv-base-one-vanillia-rose\/"]]}]},{"@type":"ImageObject","inLanguage":"fi","@id":"https:\/\/valika.eu\/fi\/toode\/50g-gel-uv-base-one-vanillia-rose\/#primaryimage","url":"https:\/\/valika.eu\/wp-content\/uploads\/2025\/03\/Shimmer-Vanillia-Rose-50.webp","contentUrl":"https:\/\/valika.eu\/wp-content\/uploads\/2025\/03\/Shimmer-Vanillia-Rose-50.webp","width":1010,"height":1010},{"@type":"BreadcrumbList","@id":"https:\/\/valika.eu\/fi\/toode\/50g-gel-uv-base-one-vanillia-rose\/#breadcrumb","itemListElement":[{"@type":"ListItem","position":1,"name":"Koti","item":"https:\/\/valika.eu\/fi\/"},{"@type":"ListItem","position":2,"name":"Shop","item":"https:\/\/valika.eu\/fi\/"},{"@type":"ListItem","position":3,"name":"50g Gel UV Base One Shimmer Vanillia Rose"}]},{"@type":"WebSite","@id":"https:\/\/valika.eu\/fi\/#website","url":"https:\/\/valika.eu\/fi\/","name":"Valika.eu","description":"Salonkituotteet ja kauneudenhoitotuotteet - Valika tarjoaa laajan valikoiman tuotteita ja tarvikkeita kynsiteknikoille, kauneushoitoloille, kampaamoille ja kampaamoille.","publisher":{"@id":"https:\/\/valika.eu\/fi\/#organization"},"alternateName":"Valika","potentialAction":[{"@type":"SearchAction","target":{"@type":"EntryPoint","urlTemplate":"https:\/\/valika.eu\/fi\/?s={search_term_string}"},"query-input":{"@type":"PropertyValueSpecification","valueRequired":true,"valueName":"search_term_string"}}],"inLanguage":"fi"},{"@type":"Organization","@id":"https:\/\/valika.eu\/fi\/#organization","name":"Salongitoode O\u00dc","alternateName":"Valika","url":"https:\/\/valika.eu\/fi\/","logo":{"@type":"ImageObject","inLanguage":"fi","@id":"https:\/\/valika.eu\/fi\/#\/schema\/logo\/image\/","url":"https:\/\/valika.eu\/wp-content\/uploads\/2023\/11\/logo2-valika-footer.png","contentUrl":"https:\/\/valika.eu\/wp-content\/uploads\/2023\/11\/logo2-valika-footer.png","width":200,"height":129,"caption":"Salongitoode O\u00dc"},"image":{"@id":"https:\/\/valika.eu\/fi\/#\/schema\/logo\/image\/"},"sameAs":["https:\/\/www.facebook.com\/tipsi.net"]}]}},"jetpack_sharing_enabled":true,"_links":{"self":[{"href":"https:\/\/valika.eu\/fi\/wp-json\/wp\/v2\/product\/13440","targetHints":{"allow":["GET"]}}],"collection":[{"href":"https:\/\/valika.eu\/fi\/wp-json\/wp\/v2\/product"}],"about":[{"href":"https:\/\/valika.eu\/fi\/wp-json\/wp\/v2\/types\/product"}],"wp:featuredmedia":[{"embeddable":true,"href":"https:\/\/valika.eu\/fi\/wp-json\/wp\/v2\/media\/13566"}],"wp:attachment":[{"href":"https:\/\/valika.eu\/fi\/wp-json\/wp\/v2\/media?parent=13440"}],"wp:term":[{"taxonomy":"product_brand","embeddable":true,"href":"https:\/\/valika.eu\/fi\/wp-json\/wp\/v2\/product_brand?post=13440"},{"taxonomy":"product_cat","embeddable":true,"href":"https:\/\/valika.eu\/fi\/wp-json\/wp\/v2\/product_cat?post=13440"},{"taxonomy":"product_tag","embeddable":true,"href":"https:\/\/valika.eu\/fi\/wp-json\/wp\/v2\/product_tag?post=13440"}],"curies":[{"name":"wp","href":"https:\/\/api.w.org\/{rel}","templated":true}]}}