{"id":13443,"date":"2025-03-06T12:31:35","date_gmt":"2025-03-06T10:31:35","guid":{"rendered":"https:\/\/valika.eu\/?post_type=product&#038;p=13443"},"modified":"2026-01-18T13:07:30","modified_gmt":"2026-01-18T11:07:30","slug":"50g-gel-uv-base-one-shimmer-misty-rose","status":"publish","type":"product","link":"https:\/\/valika.eu\/fi\/toode\/50g-gel-uv-base-one-shimmer-misty-rose\/","title":{"rendered":"50g Gel UV Base One Shimmer Misty Rose"},"content":{"rendered":"<p><\/p>\n<div class=\"flex max-w-full flex-col flex-grow\">\n<div class=\"min-h-8 text-message relative flex w-full flex-col items-end gap-2 whitespace-normal break-words text-start [.text-message+&amp;]:mt-5\" dir=\"auto\" data-message-author-role=\"assistant\" data-message-id=\"6ea00138-9b81-47d5-8c92-901f83d9afa3\" data-message-model-slug=\"gpt-4o\">\n<div class=\"flex w-full flex-col gap-1 empty:hidden first:pt-[3px]\">\n<div class=\"markdown prose w-full break-words dark:prose-invert light\">\n<p data-start=\"535\" data-end=\"829\">Base One Shimmer Misty Rose on UV-rakennegeeli, jossa on maitomainen vaaleanpunainen s\u00e4vy ja hienovaraisia glitterhiukkasia. T\u00e4m\u00e4 antaa k\u00e4sille ja kynsille luonnollisen ilmeen, ja sen keskipaksu koostumus tekee levitt\u00e4misest\u00e4 helppoa sek\u00e4 ammattilaisille ett\u00e4 aloitteleville kynsiteknikoille.<\/p>\n<h4 data-start=\"831\" data-end=\"879\"><strong data-start=\"836\" data-end=\"877\">Helppo levitys \u2013 pitk\u00e4kestoinen tyyli<\/strong><\/h4>\n<p data-start=\"880\" data-end=\"1209\">Base One Shimmer Misty Rose UV-geeli on eritt\u00e4in mukava ja helppok\u00e4ytt\u00f6inen itsetasoittuvan koostumuksensa ja erinomaisen tarttuvuutensa ansiosta. T\u00e4ll\u00e4 geelill\u00e4 tehty manikyyri kest\u00e4\u00e4 jopa 28 p\u00e4iv\u00e4\u00e4 lohkeilematta tai vaurioitumatta. T\u00e4ydellisen kovettumisen saavuttamiseksi tarvitaan vain 120 sekuntia 48 W UV\/LED-lampun alla.<\/p>\n<h4 data-start=\"1211\" data-end=\"1270\"><strong data-start=\"1216\" data-end=\"1268\">Base One UV-geelisarja \u2013 mit\u00e4 muuta se sis\u00e4lt\u00e4\u00e4?<\/strong><\/h4>\n<p data-start=\"1271\" data-end=\"1360\">Base One UV-geelisarja sis\u00e4lt\u00e4\u00e4 nelj\u00e4 erilaista rakennegeelisarjaa eri viimeistelyill\u00e4:<\/p>\n<ul data-start=\"1362\" data-end=\"1721\">\n<li data-start=\"1362\" data-end=\"1425\"><strong data-start=\"1364\" data-end=\"1382\">Base One Clear<\/strong> \u2013 l\u00e4pin\u00e4kyv\u00e4t, kaksivaiheiset UV-geelit.<\/li>\n<li data-start=\"1426\" data-end=\"1503\"><strong data-start=\"1428\" data-end=\"1446\">Base One Cover<\/strong> \u2013 peitt\u00e4v\u00e4t rakennegeelit eri luonnollisissa s\u00e4vyiss\u00e4.<\/li>\n<li data-start=\"1504\" data-end=\"1612\"><strong data-start=\"1506\" data-end=\"1526\">Base One Shimmer<\/strong> \u2013 kolmivaiheiset rakennegeelit kimaltelevalla viimeistelyll\u00e4 ja glitterhiukkasilla.<\/li>\n<li data-start=\"1613\" data-end=\"1721\"><strong data-start=\"1615\" data-end=\"1640\">Base One French White<\/strong> \u2013 valkoiset s\u00e4vyt, jotka on suunniteltu erityisesti ranskalaiseen manikyyriin.<\/li>\n<\/ul>\n<h3 data-start=\"1723\" data-end=\"1745\"><strong data-start=\"1727\" data-end=\"1743\">Ominaisuudet<\/strong><\/h3>\n<ul data-start=\"1746\" data-end=\"2083\">\n<li data-start=\"1746\" data-end=\"1824\">Hienovarainen glitterviimeistely \u2013 luonnollinen ja naisellinen lopputulos.<\/li>\n<li data-start=\"1825\" data-end=\"1896\">Pitk\u00e4kestoinen manikyyri \u2013 jopa 28 p\u00e4iv\u00e4\u00e4 moitteetonta kest\u00e4vyytt\u00e4.<\/li>\n<li data-start=\"1897\" data-end=\"1965\">Nopea ja helppo levitys \u2013 itsetasoittuvan koostumuksen ansiosta.<\/li>\n<li data-start=\"1966\" data-end=\"2015\">Monipuolinen \u2013 sopii kaikille kynsityypeille.<\/li>\n<li data-start=\"2016\" data-end=\"2044\">Ei sis\u00e4ll\u00e4 mikromuoveja.<\/li>\n<li data-start=\"2045\" data-end=\"2057\">Hapoton.<\/li>\n<li data-start=\"2058\" data-end=\"2083\">Kolmivaiheinen geeli.<\/li>\n<\/ul>\n<h3 data-start=\"2085\" data-end=\"2107\"><strong data-start=\"2089\" data-end=\"2105\">K\u00e4ytt\u00f6ohjeet<\/strong><\/h3>\n<p data-start=\"2108\" data-end=\"2232\">Levit\u00e4 Base One -rakennegeeli huolellisesti valmistellulle kynsipinnalle ja koveta 48 W UV\/LED-lampussa 120 sekunnin ajan.<\/p>\n<h3 data-start=\"2234\" data-end=\"2253\"><strong data-start=\"2238\" data-end=\"2251\">Ainesosat<\/strong><\/h3>\n<p data-start=\"2254\" data-end=\"2748\">Bis-HEMA Polyneopentyl Glycol Adipate\/IPDI Copolymer, Bis-HEA Poly(1,4-Butanediol)-9\/IPDI Copolymer, Trimethylolpropane Trimethacrylate (TMPTMA), Bis-HEA Polyglycol Adipate\/IPDI Copolymer, Hexanediol Dimetharcylate, Hydroxycyclohexyl Phenyl Ketone, Silica Dimethyl Silylate, Benzoyl Isopropanol, 2-Methylpropanol, Isobornyl Methacrylate (IBOMA), Polyamide, CI 77891, 2-Phenoxyethanol, BHT, Cyclohexyl Phenyl Ketone, Synthetic Fluorphlogopite, CI 12490, CI 77492, CI 15880, CI 45190, CI 77266.<\/p>\n<h3 data-start=\"2750\" data-end=\"2776\"><strong data-start=\"2754\" data-end=\"2774\">Varotoimenpiteet<\/strong><\/h3>\n<ul data-start=\"2777\" data-end=\"3028\" data-is-last-node=\"\" data-is-only-node=\"\">\n<li data-start=\"2777\" data-end=\"2813\">S\u00e4ilyt\u00e4 lasten ulottumattomissa.<\/li>\n<li data-start=\"2814\" data-end=\"2838\">V\u00e4lt\u00e4 ihokosketusta.<\/li>\n<li data-start=\"2839\" data-end=\"2864\">V\u00e4lt\u00e4 silm\u00e4kontaktia.<\/li>\n<li data-start=\"2865\" data-end=\"2906\">\u00c4l\u00e4 hengit\u00e4 tuotteen h\u00f6yryj\u00e4 suoraan.<\/li>\n<li data-start=\"2907\" data-end=\"2971\">\u00c4l\u00e4 k\u00e4yt\u00e4, jos olet yliherkk\u00e4 tuotteen jollekin ainesosalle.<\/li>\n<li data-start=\"2972\" data-end=\"3004\">Koveta 48 W UV\/LED-lampussa.<\/li>\n<li data-start=\"3005\" data-end=\"3028\" data-is-last-node=\"\">Vain ammattik\u00e4ytt\u00f6\u00f6n.<\/li>\n<\/ul>\n<\/div>\n<\/div>\n<\/div>\n<\/div>\n<div class=\"mb-2 flex gap-3 -ml-2\">\n<div class=\"items-center justify-start rounded-xl p-1 flex\">\n<div class=\"flex items-center\"><button class=\"rounded-lg text-token-text-secondary hover:bg-token-main-surface-secondary\" aria-label=\"Kopeeri\" data-testid=\"copy-turn-action-button\"><\/button><\/p>\n<div class=\"flex\"><\/div>\n<p><button class=\"rounded-lg text-token-text-secondary hover:bg-token-main-surface-secondary\" aria-label=\"Read aloud\" data-testid=\"voice-play-turn-action-button\"><\/button><button class=\"rounded-lg text-token-text-secondary hover:bg-token-main-surface-secondary\" aria-label=\"Redigeeri l\u00f5uendil\"><\/button><\/p>\n<div class=\"flex items-center pb-0\"><span class=\"overflow-hidden text-clip whitespace-nowrap text-sm\">4o<\/span><\/div>\n<\/div>\n<\/div>\n<\/div>\n<p><\/p>","protected":false},"excerpt":{"rendered":"<p>Base One Shimmer Misty Rose on UV-rakennegeeli, jossa on maitomainen vaaleanpunainen s\u00e4vy ja hienovaraisia glitterhiukkasia. T\u00e4m\u00e4 antaa k\u00e4sille ja kynsille<\/p>\n","protected":false},"featured_media":13444,"template":"","meta":[],"product_brand":[],"product_cat":[707],"product_tag":[],"class_list":{"0":"post-13443","1":"product","2":"type-product","3":"status-publish","4":"has-post-thumbnail","6":"product_cat-silcare","8":"first","9":"instock","10":"taxable","11":"shipping-taxable","12":"purchasable","13":"product-type-simple"},"yoast_head":"<!-- This site is optimized with the Yoast SEO plugin v24.4 - https:\/\/yoast.com\/wordpress\/plugins\/seo\/ -->\n<title>50g Gel UV Base One Shimmer Misty Rose | Valika<\/title>\n<meta name=\"robots\" content=\"index, follow, max-snippet:-1, max-image-preview:large, max-video-preview:-1\" \/>\n<link rel=\"canonical\" href=\"https:\/\/valika.eu\/fi\/toode\/50g-gel-uv-base-one-shimmer-misty-rose\/\" \/>\n<meta property=\"og:locale\" content=\"fi_FI\" \/>\n<meta property=\"og:type\" content=\"article\" \/>\n<meta property=\"og:title\" content=\"50g Gel UV Base One Shimmer Misty Rose | Valika\" \/>\n<meta property=\"og:description\" content=\"Base One Shimmer Misty Rose on UV-rakennegeeli, jossa on maitomainen vaaleanpunainen s\u00e4vy ja hienovaraisia glitterhiukkasia. T\u00e4m\u00e4 antaa k\u00e4sille ja kynsille\" \/>\n<meta property=\"og:url\" content=\"https:\/\/valika.eu\/fi\/toode\/50g-gel-uv-base-one-shimmer-misty-rose\/\" \/>\n<meta property=\"og:site_name\" content=\"Valika\" \/>\n<meta property=\"article:publisher\" content=\"https:\/\/www.facebook.com\/tipsi.net\" \/>\n<meta property=\"article:modified_time\" content=\"2026-01-18T11:07:30+00:00\" \/>\n<meta property=\"og:image\" content=\"https:\/\/valika.eu\/wp-content\/uploads\/2025\/03\/Shimmer-Misty-Rose-15.webp\" \/>\n\t<meta property=\"og:image:width\" content=\"1010\" \/>\n\t<meta property=\"og:image:height\" content=\"1010\" \/>\n\t<meta property=\"og:image:type\" content=\"image\/webp\" \/>\n<meta name=\"twitter:card\" content=\"summary_large_image\" \/>\n<script type=\"application\/ld+json\" class=\"yoast-schema-graph\">{\"@context\":\"https:\/\/schema.org\",\"@graph\":[{\"@type\":\"WebPage\",\"@id\":\"https:\/\/valika.eu\/fi\/toode\/50g-gel-uv-base-one-shimmer-misty-rose\/\",\"url\":\"https:\/\/valika.eu\/fi\/toode\/50g-gel-uv-base-one-shimmer-misty-rose\/\",\"name\":\"50g Gel UV Base One Shimmer Misty Rose | Valika\",\"isPartOf\":{\"@id\":\"https:\/\/valika.eu\/fi\/#website\"},\"primaryImageOfPage\":{\"@id\":\"https:\/\/valika.eu\/fi\/toode\/50g-gel-uv-base-one-shimmer-misty-rose\/#primaryimage\"},\"image\":{\"@id\":\"https:\/\/valika.eu\/toode\/50g-gel-uv-base-one-shimmer-misty-rose\/#primaryimage\"},\"thumbnailUrl\":\"https:\/\/valika.eu\/wp-content\/uploads\/2025\/03\/Shimmer-Misty-Rose-15.webp\",\"datePublished\":\"2025-03-06T10:31:35+00:00\",\"dateModified\":\"2026-01-18T11:07:30+00:00\",\"breadcrumb\":{\"@id\":\"https:\/\/valika.eu\/fi\/toode\/50g-gel-uv-base-one-shimmer-misty-rose\/#breadcrumb\"},\"inLanguage\":\"fi\",\"potentialAction\":[{\"@type\":\"ReadAction\",\"target\":[[\"https:\/\/valika.eu\/fi\/toode\/50g-gel-uv-base-one-shimmer-misty-rose\/\"]]}]},{\"@type\":\"ImageObject\",\"inLanguage\":\"fi\",\"@id\":\"https:\/\/valika.eu\/fi\/toode\/50g-gel-uv-base-one-shimmer-misty-rose\/#primaryimage\",\"url\":\"https:\/\/valika.eu\/wp-content\/uploads\/2025\/03\/Shimmer-Misty-Rose-15.webp\",\"contentUrl\":\"https:\/\/valika.eu\/wp-content\/uploads\/2025\/03\/Shimmer-Misty-Rose-15.webp\",\"width\":1010,\"height\":1010},{\"@type\":\"BreadcrumbList\",\"@id\":\"https:\/\/valika.eu\/fi\/toode\/50g-gel-uv-base-one-shimmer-misty-rose\/#breadcrumb\",\"itemListElement\":[{\"@type\":\"ListItem\",\"position\":1,\"name\":\"Koti\",\"item\":\"https:\/\/valika.eu\/fi\/\"},{\"@type\":\"ListItem\",\"position\":2,\"name\":\"Shop\",\"item\":\"https:\/\/valika.eu\/fi\/\"},{\"@type\":\"ListItem\",\"position\":3,\"name\":\"50g Gel UV Base One Shimmer Misty Rose\"}]},{\"@type\":\"WebSite\",\"@id\":\"https:\/\/valika.eu\/fi\/#website\",\"url\":\"https:\/\/valika.eu\/fi\/\",\"name\":\"Valika.eu\",\"description\":\"Salonkituotteet ja kauneudenhoitotuotteet - Valika tarjoaa laajan valikoiman tuotteita ja tarvikkeita kynsiteknikoille, kauneushoitoloille, kampaamoille ja kampaamoille.\",\"publisher\":{\"@id\":\"https:\/\/valika.eu\/fi\/#organization\"},\"alternateName\":\"Valika\",\"potentialAction\":[{\"@type\":\"SearchAction\",\"target\":{\"@type\":\"EntryPoint\",\"urlTemplate\":\"https:\/\/valika.eu\/fi\/?s={search_term_string}\"},\"query-input\":{\"@type\":\"PropertyValueSpecification\",\"valueRequired\":true,\"valueName\":\"search_term_string\"}}],\"inLanguage\":\"fi\"},{\"@type\":\"Organization\",\"@id\":\"https:\/\/valika.eu\/fi\/#organization\",\"name\":\"Salongitoode O\u00dc\",\"alternateName\":\"Valika\",\"url\":\"https:\/\/valika.eu\/fi\/\",\"logo\":{\"@type\":\"ImageObject\",\"inLanguage\":\"fi\",\"@id\":\"https:\/\/valika.eu\/fi\/#\/schema\/logo\/image\/\",\"url\":\"https:\/\/valika.eu\/wp-content\/uploads\/2023\/11\/logo2-valika-footer.png\",\"contentUrl\":\"https:\/\/valika.eu\/wp-content\/uploads\/2023\/11\/logo2-valika-footer.png\",\"width\":200,\"height\":129,\"caption\":\"Salongitoode O\u00dc\"},\"image\":{\"@id\":\"https:\/\/valika.eu\/fi\/#\/schema\/logo\/image\/\"},\"sameAs\":[\"https:\/\/www.facebook.com\/tipsi.net\"]}]}<\/script>\n<!-- \/ Yoast SEO plugin. -->","yoast_head_json":{"title":"50g Gel UV Base One Shimmer Misty Rose | Valika","robots":{"index":"index","follow":"follow","max-snippet":"max-snippet:-1","max-image-preview":"max-image-preview:large","max-video-preview":"max-video-preview:-1"},"canonical":"https:\/\/valika.eu\/fi\/toode\/50g-gel-uv-base-one-shimmer-misty-rose\/","og_locale":"fi_FI","og_type":"article","og_title":"50g Gel UV Base One Shimmer Misty Rose | Valika","og_description":"Base One Shimmer Misty Rose on UV-rakennegeeli, jossa on maitomainen vaaleanpunainen s\u00e4vy ja hienovaraisia glitterhiukkasia. T\u00e4m\u00e4 antaa k\u00e4sille ja kynsille","og_url":"https:\/\/valika.eu\/fi\/toode\/50g-gel-uv-base-one-shimmer-misty-rose\/","og_site_name":"Valika","article_publisher":"https:\/\/www.facebook.com\/tipsi.net","article_modified_time":"2026-01-18T11:07:30+00:00","og_image":[{"width":1010,"height":1010,"url":"https:\/\/valika.eu\/wp-content\/uploads\/2025\/03\/Shimmer-Misty-Rose-15.webp","type":"image\/webp"}],"twitter_card":"summary_large_image","schema":{"@context":"https:\/\/schema.org","@graph":[{"@type":"WebPage","@id":"https:\/\/valika.eu\/fi\/toode\/50g-gel-uv-base-one-shimmer-misty-rose\/","url":"https:\/\/valika.eu\/fi\/toode\/50g-gel-uv-base-one-shimmer-misty-rose\/","name":"50g Gel UV Base One Shimmer Misty Rose | Valika","isPartOf":{"@id":"https:\/\/valika.eu\/fi\/#website"},"primaryImageOfPage":{"@id":"https:\/\/valika.eu\/fi\/toode\/50g-gel-uv-base-one-shimmer-misty-rose\/#primaryimage"},"image":{"@id":"https:\/\/valika.eu\/toode\/50g-gel-uv-base-one-shimmer-misty-rose\/#primaryimage"},"thumbnailUrl":"https:\/\/valika.eu\/wp-content\/uploads\/2025\/03\/Shimmer-Misty-Rose-15.webp","datePublished":"2025-03-06T10:31:35+00:00","dateModified":"2026-01-18T11:07:30+00:00","breadcrumb":{"@id":"https:\/\/valika.eu\/fi\/toode\/50g-gel-uv-base-one-shimmer-misty-rose\/#breadcrumb"},"inLanguage":"fi","potentialAction":[{"@type":"ReadAction","target":[["https:\/\/valika.eu\/fi\/toode\/50g-gel-uv-base-one-shimmer-misty-rose\/"]]}]},{"@type":"ImageObject","inLanguage":"fi","@id":"https:\/\/valika.eu\/fi\/toode\/50g-gel-uv-base-one-shimmer-misty-rose\/#primaryimage","url":"https:\/\/valika.eu\/wp-content\/uploads\/2025\/03\/Shimmer-Misty-Rose-15.webp","contentUrl":"https:\/\/valika.eu\/wp-content\/uploads\/2025\/03\/Shimmer-Misty-Rose-15.webp","width":1010,"height":1010},{"@type":"BreadcrumbList","@id":"https:\/\/valika.eu\/fi\/toode\/50g-gel-uv-base-one-shimmer-misty-rose\/#breadcrumb","itemListElement":[{"@type":"ListItem","position":1,"name":"Koti","item":"https:\/\/valika.eu\/fi\/"},{"@type":"ListItem","position":2,"name":"Shop","item":"https:\/\/valika.eu\/fi\/"},{"@type":"ListItem","position":3,"name":"50g Gel UV Base One Shimmer Misty Rose"}]},{"@type":"WebSite","@id":"https:\/\/valika.eu\/fi\/#website","url":"https:\/\/valika.eu\/fi\/","name":"Valika.eu","description":"Salonkituotteet ja kauneudenhoitotuotteet - Valika tarjoaa laajan valikoiman tuotteita ja tarvikkeita kynsiteknikoille, kauneushoitoloille, kampaamoille ja kampaamoille.","publisher":{"@id":"https:\/\/valika.eu\/fi\/#organization"},"alternateName":"Valika","potentialAction":[{"@type":"SearchAction","target":{"@type":"EntryPoint","urlTemplate":"https:\/\/valika.eu\/fi\/?s={search_term_string}"},"query-input":{"@type":"PropertyValueSpecification","valueRequired":true,"valueName":"search_term_string"}}],"inLanguage":"fi"},{"@type":"Organization","@id":"https:\/\/valika.eu\/fi\/#organization","name":"Salongitoode O\u00dc","alternateName":"Valika","url":"https:\/\/valika.eu\/fi\/","logo":{"@type":"ImageObject","inLanguage":"fi","@id":"https:\/\/valika.eu\/fi\/#\/schema\/logo\/image\/","url":"https:\/\/valika.eu\/wp-content\/uploads\/2023\/11\/logo2-valika-footer.png","contentUrl":"https:\/\/valika.eu\/wp-content\/uploads\/2023\/11\/logo2-valika-footer.png","width":200,"height":129,"caption":"Salongitoode O\u00dc"},"image":{"@id":"https:\/\/valika.eu\/fi\/#\/schema\/logo\/image\/"},"sameAs":["https:\/\/www.facebook.com\/tipsi.net"]}]}},"jetpack_sharing_enabled":true,"_links":{"self":[{"href":"https:\/\/valika.eu\/fi\/wp-json\/wp\/v2\/product\/13443","targetHints":{"allow":["GET"]}}],"collection":[{"href":"https:\/\/valika.eu\/fi\/wp-json\/wp\/v2\/product"}],"about":[{"href":"https:\/\/valika.eu\/fi\/wp-json\/wp\/v2\/types\/product"}],"wp:featuredmedia":[{"embeddable":true,"href":"https:\/\/valika.eu\/fi\/wp-json\/wp\/v2\/media\/13444"}],"wp:attachment":[{"href":"https:\/\/valika.eu\/fi\/wp-json\/wp\/v2\/media?parent=13443"}],"wp:term":[{"taxonomy":"product_brand","embeddable":true,"href":"https:\/\/valika.eu\/fi\/wp-json\/wp\/v2\/product_brand?post=13443"},{"taxonomy":"product_cat","embeddable":true,"href":"https:\/\/valika.eu\/fi\/wp-json\/wp\/v2\/product_cat?post=13443"},{"taxonomy":"product_tag","embeddable":true,"href":"https:\/\/valika.eu\/fi\/wp-json\/wp\/v2\/product_tag?post=13443"}],"curies":[{"name":"wp","href":"https:\/\/api.w.org\/{rel}","templated":true}]}}