{"id":13469,"date":"2025-03-06T13:25:07","date_gmt":"2025-03-06T11:25:07","guid":{"rendered":"https:\/\/valika.eu\/?post_type=product&#038;p=13469"},"modified":"2026-03-15T14:07:54","modified_gmt":"2026-03-15T12:07:54","slug":"9ml-top-coat-creamy-rose-no-wip","status":"publish","type":"product","link":"https:\/\/valika.eu\/fi\/toode\/9ml-top-coat-creamy-rose-no-wip\/","title":{"rendered":"9ml Top Coat Creamy Rose No Wip"},"content":{"rendered":"<p><\/p>\n<p data-start=\"90\" data-end=\"392\">T\u00e4m\u00e4 vallankumouksellinen hybridip\u00e4\u00e4llyslakka on suunniteltu vaativimmille manikyyrin harrastajille. Se ei ainoastaan takaa upeaa lopputulosta, vaan my\u00f6s tuo hienovaraisen, puolil\u00e4pin\u00e4kyv\u00e4n s\u00e4vyn, joka antaa kynsille herk\u00e4n hehkun, peitt\u00e4\u00e4 pienet ep\u00e4t\u00e4ydellisyydet ja tasoittaa liukuv\u00e4rj\u00e4yksen rajat.<\/p>\n<p data-start=\"394\" data-end=\"819\">Top Coat -p\u00e4\u00e4llyslakan avulla luot hetkess\u00e4 virheett\u00f6m\u00e4n manikyyrin <strong data-start=\"468\" data-end=\"483\">\u00a0Nails<\/strong> -trendin mukaisesti. Levit\u00e4 se hyvin valmistellulle kynnelle, ja saat aikaan hienostuneen maitomaisen lopputuloksen, joka varmasti her\u00e4tt\u00e4\u00e4 huomiota. T\u00e4m\u00e4 ei ole vain esteettinen valinta, vaan my\u00f6s k\u00e4yt\u00e4nn\u00f6llinen \u2013 p\u00e4\u00e4llyslakka lyhent\u00e4\u00e4 merkitt\u00e4v\u00e4sti muotoiluun kuluvaa aikaa, joten voit nauttia kauniista kynsist\u00e4 entist\u00e4 nopeammin.<\/p>\n<p data-start=\"821\" data-end=\"1276\">P\u00e4\u00e4llyslakka s\u00e4ilytt\u00e4\u00e4 intensiivisyytens\u00e4 ja kiiltonsa pitk\u00e4\u00e4n! Lis\u00e4ksi se tarjoaa rajattomat muotoilumahdollisuudet. Se sopii t\u00e4ydellisesti <strong data-start=\"962\" data-end=\"1092\">ranskalaiselle manikyyrille, babyboomer-tyylille, liukuv\u00e4rj\u00e4yksen rajan tasoittamiseen ja antaa kynsille ainutlaatuisen ilmeen<\/strong>. Voit k\u00e4ytt\u00e4\u00e4 sit\u00e4 my\u00f6s luomaan uudenlaisen version <strong data-start=\"1145\" data-end=\"1161\">smokey nails<\/strong> -tyylist\u00e4! Riippumatta siit\u00e4, mik\u00e4 tyyli tai tilaisuus on kyseess\u00e4, <strong data-start=\"1230\" data-end=\"1248\">\u00a0Top Coat<\/strong> on aina loistava valinta.<\/p>\n<h3 data-start=\"1278\" data-end=\"1300\"><strong data-start=\"1282\" data-end=\"1298\">Ominaisuudet<\/strong><\/h3>\n<p data-start=\"1301\" data-end=\"1469\">\u2714 Maitomainen, kaunis v\u00e4ri<br data-start=\"1327\" data-end=\"1330\" \/>\u2714 Itsetasoittuva koostumus<br data-start=\"1356\" data-end=\"1359\" \/>\u2714 Keskiviskositeetti<br data-start=\"1379\" data-end=\"1382\" \/>\u2714 Puolil\u00e4pin\u00e4kyv\u00e4 viimeistely<br data-start=\"1411\" data-end=\"1414\" \/>\u2714 V\u00e4hent\u00e4\u00e4 hybridimanikyyrin muotoiluun kuluvaa aikaa<\/p>\n<h3 data-start=\"1471\" data-end=\"1493\"><strong data-start=\"1475\" data-end=\"1491\">K\u00e4ytt\u00f6ohjeet<\/strong><\/h3>\n<p data-start=\"1494\" data-end=\"1660\">Levit\u00e4 <strong data-start=\"1501\" data-end=\"1519\">Top Coat<\/strong> muotoillulle kynnelle ja koveta <strong data-start=\"1552\" data-end=\"1603\">v\u00e4hint\u00e4\u00e4n 48 W UV\/LED-lampussa 60 sekunnin ajan<\/strong>. Mit\u00e4 ohuempi kerros, sit\u00e4 hienovaraisempi lopputulos.<\/p>\n<h3 data-start=\"1662\" data-end=\"1688\"><strong data-start=\"1666\" data-end=\"1686\">Ainesosat (INCI)<\/strong><\/h3>\n<p data-start=\"1689\" data-end=\"1844\" data-is-last-node=\"\" data-is-only-node=\"\">Acrylates Copolymer, 2-Hydroxyethyl Methacrylate, Hydroxycyclohexyl Phenyl Ketone, Diphenyl(2,4,6-trimethylbenzoyl) Phosphine Oxide, CI 77120, Simethicone.<\/p>\n<p><\/p>","protected":false},"excerpt":{"rendered":"<p>T\u00e4m\u00e4 vallankumouksellinen hybridip\u00e4\u00e4llyslakka on suunniteltu vaativimmille manikyyrin harrastajille. Se ei ainoastaan takaa upeaa lopputulosta, vaan my\u00f6s tuo hienovaraisen, puolil\u00e4pin\u00e4kyv\u00e4n s\u00e4vyn,<\/p>\n","protected":false},"featured_media":13470,"template":"","meta":[],"product_brand":[],"product_cat":[651],"product_tag":[],"class_list":{"0":"post-13469","1":"product","2":"type-product","3":"status-publish","4":"has-post-thumbnail","6":"product_cat-pealisgeelid","8":"first","9":"instock","10":"taxable","11":"shipping-taxable","12":"purchasable","13":"product-type-simple"},"yoast_head":"<!-- This site is optimized with the Yoast SEO plugin v24.4 - https:\/\/yoast.com\/wordpress\/plugins\/seo\/ -->\n<title>9ml Top Coat Creamy Rose No Wip | Valika<\/title>\n<meta name=\"robots\" content=\"index, follow, max-snippet:-1, max-image-preview:large, max-video-preview:-1\" \/>\n<link rel=\"canonical\" href=\"https:\/\/valika.eu\/fi\/toode\/9ml-top-coat-creamy-rose-no-wip\/\" \/>\n<meta property=\"og:locale\" content=\"fi_FI\" \/>\n<meta property=\"og:type\" content=\"article\" \/>\n<meta property=\"og:title\" content=\"9ml Top Coat Creamy Rose No Wip | Valika\" \/>\n<meta property=\"og:description\" content=\"T\u00e4m\u00e4 vallankumouksellinen hybridip\u00e4\u00e4llyslakka on suunniteltu vaativimmille manikyyrin harrastajille. Se ei ainoastaan takaa upeaa lopputulosta, vaan my\u00f6s tuo hienovaraisen, puolil\u00e4pin\u00e4kyv\u00e4n s\u00e4vyn,\" \/>\n<meta property=\"og:url\" content=\"https:\/\/valika.eu\/fi\/toode\/9ml-top-coat-creamy-rose-no-wip\/\" \/>\n<meta property=\"og:site_name\" content=\"Valika\" \/>\n<meta property=\"article:publisher\" content=\"https:\/\/www.facebook.com\/tipsi.net\" \/>\n<meta property=\"article:modified_time\" content=\"2026-03-15T12:07:54+00:00\" \/>\n<meta property=\"og:image\" content=\"https:\/\/valika.eu\/wp-content\/uploads\/2025\/03\/Coat-Creamy-Rose-No-Wipe-9-ml.webp\" \/>\n\t<meta property=\"og:image:width\" content=\"1010\" \/>\n\t<meta property=\"og:image:height\" content=\"1010\" \/>\n\t<meta property=\"og:image:type\" content=\"image\/webp\" \/>\n<meta name=\"twitter:card\" content=\"summary_large_image\" \/>\n<script type=\"application\/ld+json\" class=\"yoast-schema-graph\">{\"@context\":\"https:\/\/schema.org\",\"@graph\":[{\"@type\":\"WebPage\",\"@id\":\"https:\/\/valika.eu\/fi\/toode\/9ml-top-coat-creamy-rose-no-wip\/\",\"url\":\"https:\/\/valika.eu\/fi\/toode\/9ml-top-coat-creamy-rose-no-wip\/\",\"name\":\"9ml Top Coat Creamy Rose No Wip | Valika\",\"isPartOf\":{\"@id\":\"https:\/\/valika.eu\/fi\/#website\"},\"primaryImageOfPage\":{\"@id\":\"https:\/\/valika.eu\/fi\/toode\/9ml-top-coat-creamy-rose-no-wip\/#primaryimage\"},\"image\":{\"@id\":\"https:\/\/valika.eu\/toode\/9ml-top-coat-creamy-rose-no-wip\/#primaryimage\"},\"thumbnailUrl\":\"https:\/\/valika.eu\/wp-content\/uploads\/2025\/03\/Coat-Creamy-Rose-No-Wipe-9-ml.webp\",\"datePublished\":\"2025-03-06T11:25:07+00:00\",\"dateModified\":\"2026-03-15T12:07:54+00:00\",\"breadcrumb\":{\"@id\":\"https:\/\/valika.eu\/fi\/toode\/9ml-top-coat-creamy-rose-no-wip\/#breadcrumb\"},\"inLanguage\":\"fi\",\"potentialAction\":[{\"@type\":\"ReadAction\",\"target\":[[\"https:\/\/valika.eu\/fi\/toode\/9ml-top-coat-creamy-rose-no-wip\/\"]]}]},{\"@type\":\"ImageObject\",\"inLanguage\":\"fi\",\"@id\":\"https:\/\/valika.eu\/fi\/toode\/9ml-top-coat-creamy-rose-no-wip\/#primaryimage\",\"url\":\"https:\/\/valika.eu\/wp-content\/uploads\/2025\/03\/Coat-Creamy-Rose-No-Wipe-9-ml.webp\",\"contentUrl\":\"https:\/\/valika.eu\/wp-content\/uploads\/2025\/03\/Coat-Creamy-Rose-No-Wipe-9-ml.webp\",\"width\":1010,\"height\":1010},{\"@type\":\"BreadcrumbList\",\"@id\":\"https:\/\/valika.eu\/fi\/toode\/9ml-top-coat-creamy-rose-no-wip\/#breadcrumb\",\"itemListElement\":[{\"@type\":\"ListItem\",\"position\":1,\"name\":\"Koti\",\"item\":\"https:\/\/valika.eu\/fi\/\"},{\"@type\":\"ListItem\",\"position\":2,\"name\":\"Shop\",\"item\":\"https:\/\/valika.eu\/fi\/\"},{\"@type\":\"ListItem\",\"position\":3,\"name\":\"9ml Top Coat Creamy Rose No Wip\"}]},{\"@type\":\"WebSite\",\"@id\":\"https:\/\/valika.eu\/fi\/#website\",\"url\":\"https:\/\/valika.eu\/fi\/\",\"name\":\"Valika.eu\",\"description\":\"Salonkituotteet ja kauneudenhoitotuotteet - Valika tarjoaa laajan valikoiman tuotteita ja tarvikkeita kynsiteknikoille, kauneushoitoloille, kampaamoille ja kampaamoille.\",\"publisher\":{\"@id\":\"https:\/\/valika.eu\/fi\/#organization\"},\"alternateName\":\"Valika\",\"potentialAction\":[{\"@type\":\"SearchAction\",\"target\":{\"@type\":\"EntryPoint\",\"urlTemplate\":\"https:\/\/valika.eu\/fi\/?s={search_term_string}\"},\"query-input\":{\"@type\":\"PropertyValueSpecification\",\"valueRequired\":true,\"valueName\":\"search_term_string\"}}],\"inLanguage\":\"fi\"},{\"@type\":\"Organization\",\"@id\":\"https:\/\/valika.eu\/fi\/#organization\",\"name\":\"Salongitoode O\u00dc\",\"alternateName\":\"Valika\",\"url\":\"https:\/\/valika.eu\/fi\/\",\"logo\":{\"@type\":\"ImageObject\",\"inLanguage\":\"fi\",\"@id\":\"https:\/\/valika.eu\/fi\/#\/schema\/logo\/image\/\",\"url\":\"https:\/\/valika.eu\/wp-content\/uploads\/2023\/11\/logo2-valika-footer.png\",\"contentUrl\":\"https:\/\/valika.eu\/wp-content\/uploads\/2023\/11\/logo2-valika-footer.png\",\"width\":200,\"height\":129,\"caption\":\"Salongitoode O\u00dc\"},\"image\":{\"@id\":\"https:\/\/valika.eu\/fi\/#\/schema\/logo\/image\/\"},\"sameAs\":[\"https:\/\/www.facebook.com\/tipsi.net\"]}]}<\/script>\n<!-- \/ Yoast SEO plugin. -->","yoast_head_json":{"title":"9ml Top Coat Creamy Rose No Wip | Valika","robots":{"index":"index","follow":"follow","max-snippet":"max-snippet:-1","max-image-preview":"max-image-preview:large","max-video-preview":"max-video-preview:-1"},"canonical":"https:\/\/valika.eu\/fi\/toode\/9ml-top-coat-creamy-rose-no-wip\/","og_locale":"fi_FI","og_type":"article","og_title":"9ml Top Coat Creamy Rose No Wip | Valika","og_description":"T\u00e4m\u00e4 vallankumouksellinen hybridip\u00e4\u00e4llyslakka on suunniteltu vaativimmille manikyyrin harrastajille. Se ei ainoastaan takaa upeaa lopputulosta, vaan my\u00f6s tuo hienovaraisen, puolil\u00e4pin\u00e4kyv\u00e4n s\u00e4vyn,","og_url":"https:\/\/valika.eu\/fi\/toode\/9ml-top-coat-creamy-rose-no-wip\/","og_site_name":"Valika","article_publisher":"https:\/\/www.facebook.com\/tipsi.net","article_modified_time":"2026-03-15T12:07:54+00:00","og_image":[{"width":1010,"height":1010,"url":"https:\/\/valika.eu\/wp-content\/uploads\/2025\/03\/Coat-Creamy-Rose-No-Wipe-9-ml.webp","type":"image\/webp"}],"twitter_card":"summary_large_image","schema":{"@context":"https:\/\/schema.org","@graph":[{"@type":"WebPage","@id":"https:\/\/valika.eu\/fi\/toode\/9ml-top-coat-creamy-rose-no-wip\/","url":"https:\/\/valika.eu\/fi\/toode\/9ml-top-coat-creamy-rose-no-wip\/","name":"9ml Top Coat Creamy Rose No Wip | Valika","isPartOf":{"@id":"https:\/\/valika.eu\/fi\/#website"},"primaryImageOfPage":{"@id":"https:\/\/valika.eu\/fi\/toode\/9ml-top-coat-creamy-rose-no-wip\/#primaryimage"},"image":{"@id":"https:\/\/valika.eu\/toode\/9ml-top-coat-creamy-rose-no-wip\/#primaryimage"},"thumbnailUrl":"https:\/\/valika.eu\/wp-content\/uploads\/2025\/03\/Coat-Creamy-Rose-No-Wipe-9-ml.webp","datePublished":"2025-03-06T11:25:07+00:00","dateModified":"2026-03-15T12:07:54+00:00","breadcrumb":{"@id":"https:\/\/valika.eu\/fi\/toode\/9ml-top-coat-creamy-rose-no-wip\/#breadcrumb"},"inLanguage":"fi","potentialAction":[{"@type":"ReadAction","target":[["https:\/\/valika.eu\/fi\/toode\/9ml-top-coat-creamy-rose-no-wip\/"]]}]},{"@type":"ImageObject","inLanguage":"fi","@id":"https:\/\/valika.eu\/fi\/toode\/9ml-top-coat-creamy-rose-no-wip\/#primaryimage","url":"https:\/\/valika.eu\/wp-content\/uploads\/2025\/03\/Coat-Creamy-Rose-No-Wipe-9-ml.webp","contentUrl":"https:\/\/valika.eu\/wp-content\/uploads\/2025\/03\/Coat-Creamy-Rose-No-Wipe-9-ml.webp","width":1010,"height":1010},{"@type":"BreadcrumbList","@id":"https:\/\/valika.eu\/fi\/toode\/9ml-top-coat-creamy-rose-no-wip\/#breadcrumb","itemListElement":[{"@type":"ListItem","position":1,"name":"Koti","item":"https:\/\/valika.eu\/fi\/"},{"@type":"ListItem","position":2,"name":"Shop","item":"https:\/\/valika.eu\/fi\/"},{"@type":"ListItem","position":3,"name":"9ml Top Coat Creamy Rose No Wip"}]},{"@type":"WebSite","@id":"https:\/\/valika.eu\/fi\/#website","url":"https:\/\/valika.eu\/fi\/","name":"Valika.eu","description":"Salonkituotteet ja kauneudenhoitotuotteet - Valika tarjoaa laajan valikoiman tuotteita ja tarvikkeita kynsiteknikoille, kauneushoitoloille, kampaamoille ja kampaamoille.","publisher":{"@id":"https:\/\/valika.eu\/fi\/#organization"},"alternateName":"Valika","potentialAction":[{"@type":"SearchAction","target":{"@type":"EntryPoint","urlTemplate":"https:\/\/valika.eu\/fi\/?s={search_term_string}"},"query-input":{"@type":"PropertyValueSpecification","valueRequired":true,"valueName":"search_term_string"}}],"inLanguage":"fi"},{"@type":"Organization","@id":"https:\/\/valika.eu\/fi\/#organization","name":"Salongitoode O\u00dc","alternateName":"Valika","url":"https:\/\/valika.eu\/fi\/","logo":{"@type":"ImageObject","inLanguage":"fi","@id":"https:\/\/valika.eu\/fi\/#\/schema\/logo\/image\/","url":"https:\/\/valika.eu\/wp-content\/uploads\/2023\/11\/logo2-valika-footer.png","contentUrl":"https:\/\/valika.eu\/wp-content\/uploads\/2023\/11\/logo2-valika-footer.png","width":200,"height":129,"caption":"Salongitoode O\u00dc"},"image":{"@id":"https:\/\/valika.eu\/fi\/#\/schema\/logo\/image\/"},"sameAs":["https:\/\/www.facebook.com\/tipsi.net"]}]}},"jetpack_sharing_enabled":true,"_links":{"self":[{"href":"https:\/\/valika.eu\/fi\/wp-json\/wp\/v2\/product\/13469","targetHints":{"allow":["GET"]}}],"collection":[{"href":"https:\/\/valika.eu\/fi\/wp-json\/wp\/v2\/product"}],"about":[{"href":"https:\/\/valika.eu\/fi\/wp-json\/wp\/v2\/types\/product"}],"wp:featuredmedia":[{"embeddable":true,"href":"https:\/\/valika.eu\/fi\/wp-json\/wp\/v2\/media\/13470"}],"wp:attachment":[{"href":"https:\/\/valika.eu\/fi\/wp-json\/wp\/v2\/media?parent=13469"}],"wp:term":[{"taxonomy":"product_brand","embeddable":true,"href":"https:\/\/valika.eu\/fi\/wp-json\/wp\/v2\/product_brand?post=13469"},{"taxonomy":"product_cat","embeddable":true,"href":"https:\/\/valika.eu\/fi\/wp-json\/wp\/v2\/product_cat?post=13469"},{"taxonomy":"product_tag","embeddable":true,"href":"https:\/\/valika.eu\/fi\/wp-json\/wp\/v2\/product_tag?post=13469"}],"curies":[{"name":"wp","href":"https:\/\/api.w.org\/{rel}","templated":true}]}}