{"id":1348,"date":"2024-10-02T13:11:02","date_gmt":"2024-10-02T10:11:02","guid":{"rendered":"https:\/\/valika.eu\/?post_type=product&#038;p=1348"},"modified":"2025-10-14T11:31:05","modified_gmt":"2025-10-14T08:31:05","slug":"claresa-top-bubble-black-matt-no-wipe-5g","status":"publish","type":"product","link":"https:\/\/valika.eu\/fi\/toode\/claresa-top-bubble-black-matt-no-wipe-5g\/","title":{"rendered":"Claresa Top Bubble Black Matt No wipe -5g"},"content":{"rendered":"<p>Pilkkukivi, italialainen j\u00e4lkiruoka pienill\u00e4 suklaapaloilla, samettinen vaniljansiemenill\u00e4 maustettu vanukas, ikoninen suklaakeksi valkoisella kermat\u00e4ytteell\u00e4, viiri\u00e4isen muna\u2026 Riippumatta siit\u00e4, mit\u00e4 Bubble Black Matt No Wipe -top coat tuo mieleesi, huomaat nopeasti, ett\u00e4 kyseess\u00e4 on todellinen taikapullo.<\/p>\n<p>L\u00e4pin\u00e4kyv\u00e4 mattapintainen toppi mustilla hiukkasilla muuntaa mink\u00e4 tahansa hybridilakan vaivattomasti pieneksi taideteokseksi hetkess\u00e4. Tuotteessa olevat hiukkaset vaihtelevat kooltaan ja muodoltaan, mik\u00e4 lis\u00e4\u00e4 manikyyriin monikerroksisuutta, ja mattapinta antaa tyylille eleganssia.<\/p>\n<p>OMINAISUUDET:<\/p>\n<p>Helppo levitt\u00e4\u00e4, ei valu kynsinauhoille<br \/>\nL\u00e4pin\u00e4kyv\u00e4 mustilla hiukkasilla<br \/>\nMatta viimeistely<br \/>\nT\u00e4ydellinen, keskitihe\u00e4 koostumus<br \/>\nKest\u00e4vyys jopa 3 viikkoa<br \/>\nTilavuus: 5 g<br \/>\nK\u00c4YTT\u00d6OHJEET Levit\u00e4 kerros toppia ennalta kovetetun Claresa-hybridilakan p\u00e4\u00e4lle ja koveta lampun alla.<\/p>\n<p>Rajoitettu er\u00e4.<\/p>","protected":false},"excerpt":{"rendered":"<p>Helppo levitys ilman tippumista kynsinauhoille<br \/>\nL\u00e4pin\u00e4kyv\u00e4 mustilla hiukkasilla<br \/>\nMattapintainen<\/p>\n","protected":false},"featured_media":1349,"template":"","meta":[],"product_brand":[],"product_cat":[360,361,651],"product_tag":[],"class_list":{"0":"post-1348","1":"product","2":"type-product","3":"status-publish","4":"has-post-thumbnail","6":"product_cat-pealisalusgeel","7":"product_cat-claresa-top","8":"product_cat-pealisgeelid","10":"first","11":"outofstock","12":"taxable","13":"shipping-taxable","14":"purchasable","15":"product-type-simple"},"yoast_head":"<!-- This site is optimized with the Yoast SEO plugin v24.4 - https:\/\/yoast.com\/wordpress\/plugins\/seo\/ -->\n<title>Claresa Top Bubble Black Matt No wipe -5g | Valika<\/title>\n<meta name=\"description\" content=\"Lihtne pealekandmine, ilma k\u00fc\u00fcnenahkadele valgumataL\u00e4bipaistev mustade osakestegaMatt viimistlus\" \/>\n<meta name=\"robots\" content=\"index, follow, max-snippet:-1, max-image-preview:large, max-video-preview:-1\" \/>\n<link rel=\"canonical\" href=\"https:\/\/valika.eu\/fi\/toode\/claresa-top-bubble-black-matt-no-wipe-5g\/\" \/>\n<meta property=\"og:locale\" content=\"fi_FI\" \/>\n<meta property=\"og:type\" content=\"article\" \/>\n<meta property=\"og:title\" content=\"Claresa Top Bubble Black Matt No wipe -5g | Valika\" \/>\n<meta property=\"og:description\" content=\"Lihtne pealekandmine, ilma k\u00fc\u00fcnenahkadele valgumataL\u00e4bipaistev mustade osakestegaMatt viimistlus\" \/>\n<meta property=\"og:url\" content=\"https:\/\/valika.eu\/fi\/toode\/claresa-top-bubble-black-matt-no-wipe-5g\/\" \/>\n<meta property=\"og:site_name\" content=\"Valika\" \/>\n<meta property=\"article:publisher\" content=\"https:\/\/www.facebook.com\/tipsi.net\" \/>\n<meta property=\"article:modified_time\" content=\"2025-10-14T08:31:05+00:00\" \/>\n<meta property=\"og:image\" content=\"https:\/\/valika.eu\/wp-content\/uploads\/2024\/10\/tb.jpg\" \/>\n\t<meta property=\"og:image:width\" content=\"1500\" \/>\n\t<meta property=\"og:image:height\" content=\"1500\" \/>\n\t<meta property=\"og:image:type\" content=\"image\/jpeg\" \/>\n<meta name=\"twitter:card\" content=\"summary_large_image\" \/>\n<script type=\"application\/ld+json\" class=\"yoast-schema-graph\">{\"@context\":\"https:\/\/schema.org\",\"@graph\":[{\"@type\":\"WebPage\",\"@id\":\"https:\/\/valika.eu\/fi\/toode\/claresa-top-bubble-black-matt-no-wipe-5g\/\",\"url\":\"https:\/\/valika.eu\/fi\/toode\/claresa-top-bubble-black-matt-no-wipe-5g\/\",\"name\":\"Claresa Top Bubble Black Matt No wipe -5g | Valika\",\"isPartOf\":{\"@id\":\"https:\/\/valika.eu\/fi\/#website\"},\"primaryImageOfPage\":{\"@id\":\"https:\/\/valika.eu\/fi\/toode\/claresa-top-bubble-black-matt-no-wipe-5g\/#primaryimage\"},\"image\":{\"@id\":\"https:\/\/valika.eu\/toode\/claresa-top-bubble-black-matt-no-wipe-5g\/#primaryimage\"},\"thumbnailUrl\":\"https:\/\/valika.eu\/wp-content\/uploads\/2024\/10\/tb.jpg\",\"datePublished\":\"2024-10-02T10:11:02+00:00\",\"dateModified\":\"2025-10-14T08:31:05+00:00\",\"description\":\"Lihtne pealekandmine, ilma k\u00fc\u00fcnenahkadele valgumataL\u00e4bipaistev mustade osakestegaMatt viimistlus\",\"breadcrumb\":{\"@id\":\"https:\/\/valika.eu\/fi\/toode\/claresa-top-bubble-black-matt-no-wipe-5g\/#breadcrumb\"},\"inLanguage\":\"fi\",\"potentialAction\":[{\"@type\":\"ReadAction\",\"target\":[[\"https:\/\/valika.eu\/fi\/toode\/claresa-top-bubble-black-matt-no-wipe-5g\/\"]]}]},{\"@type\":\"ImageObject\",\"inLanguage\":\"fi\",\"@id\":\"https:\/\/valika.eu\/fi\/toode\/claresa-top-bubble-black-matt-no-wipe-5g\/#primaryimage\",\"url\":\"https:\/\/valika.eu\/wp-content\/uploads\/2024\/10\/tb.jpg\",\"contentUrl\":\"https:\/\/valika.eu\/wp-content\/uploads\/2024\/10\/tb.jpg\",\"width\":1500,\"height\":1500},{\"@type\":\"BreadcrumbList\",\"@id\":\"https:\/\/valika.eu\/fi\/toode\/claresa-top-bubble-black-matt-no-wipe-5g\/#breadcrumb\",\"itemListElement\":[{\"@type\":\"ListItem\",\"position\":1,\"name\":\"Koti\",\"item\":\"https:\/\/valika.eu\/fi\/\"},{\"@type\":\"ListItem\",\"position\":2,\"name\":\"Shop\",\"item\":\"https:\/\/valika.eu\/fi\/\"},{\"@type\":\"ListItem\",\"position\":3,\"name\":\"Claresa Top Bubble Black Matt No wipe -5g\"}]},{\"@type\":\"WebSite\",\"@id\":\"https:\/\/valika.eu\/fi\/#website\",\"url\":\"https:\/\/valika.eu\/fi\/\",\"name\":\"Valika.eu\",\"description\":\"Salonkituotteet ja kauneudenhoitotuotteet - Valika tarjoaa laajan valikoiman tuotteita ja tarvikkeita kynsiteknikoille, kauneushoitoloille, kampaamoille ja kampaamoille.\",\"publisher\":{\"@id\":\"https:\/\/valika.eu\/fi\/#organization\"},\"alternateName\":\"Valika\",\"potentialAction\":[{\"@type\":\"SearchAction\",\"target\":{\"@type\":\"EntryPoint\",\"urlTemplate\":\"https:\/\/valika.eu\/fi\/?s={search_term_string}\"},\"query-input\":{\"@type\":\"PropertyValueSpecification\",\"valueRequired\":true,\"valueName\":\"search_term_string\"}}],\"inLanguage\":\"fi\"},{\"@type\":\"Organization\",\"@id\":\"https:\/\/valika.eu\/fi\/#organization\",\"name\":\"Salongitoode O\u00dc\",\"alternateName\":\"Valika\",\"url\":\"https:\/\/valika.eu\/fi\/\",\"logo\":{\"@type\":\"ImageObject\",\"inLanguage\":\"fi\",\"@id\":\"https:\/\/valika.eu\/fi\/#\/schema\/logo\/image\/\",\"url\":\"https:\/\/valika.eu\/wp-content\/uploads\/2023\/11\/logo2-valika-footer.png\",\"contentUrl\":\"https:\/\/valika.eu\/wp-content\/uploads\/2023\/11\/logo2-valika-footer.png\",\"width\":200,\"height\":129,\"caption\":\"Salongitoode O\u00dc\"},\"image\":{\"@id\":\"https:\/\/valika.eu\/fi\/#\/schema\/logo\/image\/\"},\"sameAs\":[\"https:\/\/www.facebook.com\/tipsi.net\"]}]}<\/script>\n<!-- \/ Yoast SEO plugin. -->","yoast_head_json":{"title":"Claresa Top Bubble Black Matt No wipe -5g | Valika","description":"Lihtne pealekandmine, ilma k\u00fc\u00fcnenahkadele valgumataL\u00e4bipaistev mustade osakestegaMatt viimistlus","robots":{"index":"index","follow":"follow","max-snippet":"max-snippet:-1","max-image-preview":"max-image-preview:large","max-video-preview":"max-video-preview:-1"},"canonical":"https:\/\/valika.eu\/fi\/toode\/claresa-top-bubble-black-matt-no-wipe-5g\/","og_locale":"fi_FI","og_type":"article","og_title":"Claresa Top Bubble Black Matt No wipe -5g | Valika","og_description":"Lihtne pealekandmine, ilma k\u00fc\u00fcnenahkadele valgumataL\u00e4bipaistev mustade osakestegaMatt viimistlus","og_url":"https:\/\/valika.eu\/fi\/toode\/claresa-top-bubble-black-matt-no-wipe-5g\/","og_site_name":"Valika","article_publisher":"https:\/\/www.facebook.com\/tipsi.net","article_modified_time":"2025-10-14T08:31:05+00:00","og_image":[{"width":1500,"height":1500,"url":"https:\/\/valika.eu\/wp-content\/uploads\/2024\/10\/tb.jpg","type":"image\/jpeg"}],"twitter_card":"summary_large_image","schema":{"@context":"https:\/\/schema.org","@graph":[{"@type":"WebPage","@id":"https:\/\/valika.eu\/fi\/toode\/claresa-top-bubble-black-matt-no-wipe-5g\/","url":"https:\/\/valika.eu\/fi\/toode\/claresa-top-bubble-black-matt-no-wipe-5g\/","name":"Claresa Top Bubble Black Matt No wipe -5g | Valika","isPartOf":{"@id":"https:\/\/valika.eu\/fi\/#website"},"primaryImageOfPage":{"@id":"https:\/\/valika.eu\/fi\/toode\/claresa-top-bubble-black-matt-no-wipe-5g\/#primaryimage"},"image":{"@id":"https:\/\/valika.eu\/toode\/claresa-top-bubble-black-matt-no-wipe-5g\/#primaryimage"},"thumbnailUrl":"https:\/\/valika.eu\/wp-content\/uploads\/2024\/10\/tb.jpg","datePublished":"2024-10-02T10:11:02+00:00","dateModified":"2025-10-14T08:31:05+00:00","description":"Lihtne pealekandmine, ilma k\u00fc\u00fcnenahkadele valgumataL\u00e4bipaistev mustade osakestegaMatt viimistlus","breadcrumb":{"@id":"https:\/\/valika.eu\/fi\/toode\/claresa-top-bubble-black-matt-no-wipe-5g\/#breadcrumb"},"inLanguage":"fi","potentialAction":[{"@type":"ReadAction","target":[["https:\/\/valika.eu\/fi\/toode\/claresa-top-bubble-black-matt-no-wipe-5g\/"]]}]},{"@type":"ImageObject","inLanguage":"fi","@id":"https:\/\/valika.eu\/fi\/toode\/claresa-top-bubble-black-matt-no-wipe-5g\/#primaryimage","url":"https:\/\/valika.eu\/wp-content\/uploads\/2024\/10\/tb.jpg","contentUrl":"https:\/\/valika.eu\/wp-content\/uploads\/2024\/10\/tb.jpg","width":1500,"height":1500},{"@type":"BreadcrumbList","@id":"https:\/\/valika.eu\/fi\/toode\/claresa-top-bubble-black-matt-no-wipe-5g\/#breadcrumb","itemListElement":[{"@type":"ListItem","position":1,"name":"Koti","item":"https:\/\/valika.eu\/fi\/"},{"@type":"ListItem","position":2,"name":"Shop","item":"https:\/\/valika.eu\/fi\/"},{"@type":"ListItem","position":3,"name":"Claresa Top Bubble Black Matt No wipe -5g"}]},{"@type":"WebSite","@id":"https:\/\/valika.eu\/fi\/#website","url":"https:\/\/valika.eu\/fi\/","name":"Valika.eu","description":"Salonkituotteet ja kauneudenhoitotuotteet - Valika tarjoaa laajan valikoiman tuotteita ja tarvikkeita kynsiteknikoille, kauneushoitoloille, kampaamoille ja kampaamoille.","publisher":{"@id":"https:\/\/valika.eu\/fi\/#organization"},"alternateName":"Valika","potentialAction":[{"@type":"SearchAction","target":{"@type":"EntryPoint","urlTemplate":"https:\/\/valika.eu\/fi\/?s={search_term_string}"},"query-input":{"@type":"PropertyValueSpecification","valueRequired":true,"valueName":"search_term_string"}}],"inLanguage":"fi"},{"@type":"Organization","@id":"https:\/\/valika.eu\/fi\/#organization","name":"Salongitoode O\u00dc","alternateName":"Valika","url":"https:\/\/valika.eu\/fi\/","logo":{"@type":"ImageObject","inLanguage":"fi","@id":"https:\/\/valika.eu\/fi\/#\/schema\/logo\/image\/","url":"https:\/\/valika.eu\/wp-content\/uploads\/2023\/11\/logo2-valika-footer.png","contentUrl":"https:\/\/valika.eu\/wp-content\/uploads\/2023\/11\/logo2-valika-footer.png","width":200,"height":129,"caption":"Salongitoode O\u00dc"},"image":{"@id":"https:\/\/valika.eu\/fi\/#\/schema\/logo\/image\/"},"sameAs":["https:\/\/www.facebook.com\/tipsi.net"]}]}},"jetpack_sharing_enabled":true,"_links":{"self":[{"href":"https:\/\/valika.eu\/fi\/wp-json\/wp\/v2\/product\/1348","targetHints":{"allow":["GET"]}}],"collection":[{"href":"https:\/\/valika.eu\/fi\/wp-json\/wp\/v2\/product"}],"about":[{"href":"https:\/\/valika.eu\/fi\/wp-json\/wp\/v2\/types\/product"}],"wp:featuredmedia":[{"embeddable":true,"href":"https:\/\/valika.eu\/fi\/wp-json\/wp\/v2\/media\/1349"}],"wp:attachment":[{"href":"https:\/\/valika.eu\/fi\/wp-json\/wp\/v2\/media?parent=1348"}],"wp:term":[{"taxonomy":"product_brand","embeddable":true,"href":"https:\/\/valika.eu\/fi\/wp-json\/wp\/v2\/product_brand?post=1348"},{"taxonomy":"product_cat","embeddable":true,"href":"https:\/\/valika.eu\/fi\/wp-json\/wp\/v2\/product_cat?post=1348"},{"taxonomy":"product_tag","embeddable":true,"href":"https:\/\/valika.eu\/fi\/wp-json\/wp\/v2\/product_tag?post=1348"}],"curies":[{"name":"wp","href":"https:\/\/api.w.org\/{rel}","templated":true}]}}