{"id":13501,"date":"2025-03-06T15:14:48","date_gmt":"2025-03-06T13:14:48","guid":{"rendered":"https:\/\/valika.eu\/?post_type=product&#038;p=13501"},"modified":"2025-07-02T05:01:07","modified_gmt":"2025-07-02T02:01:07","slug":"275ml-scrub-hand-body-silcare-quin-oil","status":"publish","type":"product","link":"https:\/\/valika.eu\/fi\/toode\/275ml-scrub-hand-body-silcare-quin-oil\/","title":{"rendered":"275ml SCRUB HAND &amp; BODY SILCARE QUIN OIL"},"content":{"rendered":"<p><\/p>\n<div class=\"flex max-w-full flex-col flex-grow\">\n<div class=\"min-h-8 text-message relative flex w-full flex-col items-end gap-2 whitespace-normal break-words text-start [.text-message+&amp;]:mt-5\" dir=\"auto\" data-message-author-role=\"assistant\" data-message-id=\"8419a263-95e2-4dc3-ae72-7ebabe7849a1\" data-message-model-slug=\"gpt-4o-mini\">\n<div class=\"flex w-full flex-col gap-1 empty:hidden first:pt-[3px]\">\n<div class=\"markdown prose w-full break-words dark:prose-invert light\">\n<p data-start=\"37\" data-end=\"77\"><strong data-start=\"37\" data-end=\"77\">Silcare Oil K\u00e4si- ja Vartalokuorinta<\/strong><\/p>\n<p data-start=\"79\" data-end=\"289\">Kuorinnalla eri muodoissaan on hy\u00f6dyllinen vaikutus ihollemme. On olemassa monia erilaisia kuorintoja, alkaen entsymaattisista kuorinnoista, hedelm\u00e4happokuorinnoista, jauheista ja karkearakeisista kuorinnoista.<\/p>\n<p data-start=\"291\" data-end=\"700\">Silcare tarjoaa uuden kuorintamuodon \u2013 \u00d6ljyk\u00e4si- ja vartalokuorinta. Se on t\u00e4ydellinen \u00f6ljyformulan yhdistelm\u00e4 jauhettua luonnollista kookoskuorta, joka kuorii tehokkaasti kuolleet ihosolut. Kuorinta parantaa verenkiertoa, stimuloi ihon uusiutumista, tekee ihosta joustavan, sile\u00e4n ja pehme\u00e4n. Se tukee my\u00f6s taistelua selluliittia ja venytysj\u00e4lki\u00e4 vastaan. Tuote sis\u00e4lt\u00e4\u00e4 viiniryp\u00e4le- ja kastoor\u00f6ljyn seoksen.<\/p>\n<p data-start=\"702\" data-end=\"946\">\u00d6ljyk\u00e4si- ja vartalokuorinnassa luonnollinen kookoskuorijauhe toimii kuorintav\u00e4lineen\u00e4, joka poistaa hell\u00e4varaisesti mutta eritt\u00e4in tehokkaasti epidermiksen. Kuorinnan j\u00e4lkeen iho on silkkisen pehme\u00e4, kiinte\u00e4, kosteutettu, ravittu ja elastinen.<\/p>\n<p data-start=\"948\" data-end=\"965\"><strong data-start=\"948\" data-end=\"965\">OMINAISUUDET:<\/strong><\/p>\n<ul data-start=\"967\" data-end=\"1549\">\n<li data-start=\"967\" data-end=\"1002\">Hyvin kosteuttaa ja ravitsee ihoa<\/li>\n<li data-start=\"1003\" data-end=\"1069\">\u00d6ljyytt\u00e4\u00e4 hell\u00e4varaisesti, parantaa ihon kimmoisuutta, siloittaa<\/li>\n<li data-start=\"1070\" data-end=\"1109\">Kuorii ja pehment\u00e4\u00e4 kuolleet ihosolut<\/li>\n<li data-start=\"1110\" data-end=\"1152\">Parantaa ihon v\u00e4ri\u00e4 ja mikroverenkiertoa<\/li>\n<li data-start=\"1153\" data-end=\"1190\">Hapettaa ihoa ja j\u00e4tt\u00e4\u00e4 suojakalvon<\/li>\n<li data-start=\"1191\" data-end=\"1235\">Parantaa ihon laatua (rakennetta ja v\u00e4ri\u00e4)<\/li>\n<li data-start=\"1236\" data-end=\"1275\">Lis\u00e4\u00e4 ihon elastisuutta ja kiinteytt\u00e4<\/li>\n<li data-start=\"1276\" data-end=\"1332\">Supistaa laajentuneita ihohuokosia, poistaa mustap\u00e4it\u00e4<\/li>\n<li data-start=\"1333\" data-end=\"1408\">Silottaa pinnallisia ryppyj\u00e4, poistaa auringon aiheuttamaa pigmentaatiota<\/li>\n<li data-start=\"1409\" data-end=\"1463\" data-is-only-node=\"\">V\u00e4hent\u00e4\u00e4 seborreaa, parantaa ravinteiden imeytymist\u00e4<\/li>\n<li data-start=\"1464\" data-end=\"1496\">Nuorekkaampi ja s\u00e4ihke\u00e4mpi iho<\/li>\n<li data-start=\"1497\" data-end=\"1526\">J\u00e4tt\u00e4\u00e4 iholle herk\u00e4n kalvon<\/li>\n<li data-start=\"1527\" data-end=\"1549\">Ei vaadi lis\u00e4hoitoja<\/li>\n<\/ul>\n<p data-start=\"1551\" data-end=\"1568\"><strong data-start=\"1551\" data-end=\"1568\">K\u00e4ytt\u00f6aiheet:<\/strong><\/p>\n<ul data-start=\"1570\" data-end=\"1777\">\n<li data-start=\"1570\" data-end=\"1588\">Aknearpien hoito<\/li>\n<li data-start=\"1589\" data-end=\"1600\">Seborreaa<\/li>\n<li data-start=\"1601\" data-end=\"1612\">Kuiva iho<\/li>\n<li data-start=\"1613\" data-end=\"1639\">Laajentuneet ihohuokoset<\/li>\n<li data-start=\"1640\" data-end=\"1655\">Pigmentaatiot<\/li>\n<li data-start=\"1656\" data-end=\"1674\">Karhea epidermis<\/li>\n<li data-start=\"1675\" data-end=\"1689\">Venytysarmit<\/li>\n<li data-start=\"1690\" data-end=\"1703\">Selluliitti<\/li>\n<li data-start=\"1704\" data-end=\"1739\">Iho l\u00f6ystynyt, kimmoisuuden puute<\/li>\n<li data-start=\"1740\" data-end=\"1763\" data-is-only-node=\"\">Ep\u00e4tasainen ihon v\u00e4ri<\/li>\n<li data-start=\"1764\" data-end=\"1777\">V\u00e4synyt iho<\/li>\n<\/ul>\n<p data-start=\"1779\" data-end=\"2010\" data-is-last-node=\"\" data-is-only-node=\"\"><strong data-start=\"1779\" data-end=\"1794\">K\u00c4YTT\u00d6OHJE:<\/strong> Levit\u00e4 pieni m\u00e4\u00e4r\u00e4 \u00f6ljykuorintaa kuivalle iholle k\u00e4sille tai vartalolle, hiero hetken ajan, huuhtele iho haalealla tai viile\u00e4ll\u00e4 vedell\u00e4. Kuivata kevyesti. K\u00e4yt\u00e4 1-2 kertaa viikossa. \u00c4l\u00e4 k\u00e4yt\u00e4, jos ihosi on \u00e4rtynyt.<\/p>\n<\/div>\n<\/div>\n<\/div>\n<\/div>\n<div class=\"mb-2 flex gap-3 -ml-2\">\n<div class=\"items-center justify-start rounded-xl p-1 flex\">\n<div class=\"flex items-center\"><button class=\"rounded-lg text-token-text-secondary hover:bg-token-main-surface-secondary\" aria-label=\"Kopeeri\" data-testid=\"copy-turn-action-button\"><\/button><\/p>\n<div class=\"flex\"><\/div>\n<p><button class=\"rounded-lg text-token-text-secondary hover:bg-token-main-surface-secondary\" aria-label=\"Read aloud\" data-testid=\"voice-play-turn-action-button\"><\/button><button class=\"rounded-lg text-token-text-secondary hover:bg-token-main-surface-secondary\" aria-label=\"Redigeeri l\u00f5uendil\"><\/button><\/p>\n<div class=\"flex items-center pb-0\"><span class=\"overflow-hidden text-clip whitespace-nowrap text-sm\">4o mini<\/span><\/div>\n<\/div>\n<\/div>\n<\/div>\n<p><\/p>","protected":false},"excerpt":{"rendered":"<p>Silcare Oil K\u00e4si- ja Vartalokuorinta Kuorinnalla eri muodoissaan on hy\u00f6dyllinen vaikutus ihollemme. On olemassa monia erilaisia kuorintoja, alkaen entsymaattisista kuorinnoista,<\/p>\n","protected":false},"featured_media":13502,"template":"","meta":[],"product_brand":[],"product_cat":[638],"product_tag":[],"class_list":{"0":"post-13501","1":"product","2":"type-product","3":"status-publish","4":"has-post-thumbnail","6":"product_cat-kreem","8":"first","9":"instock","10":"taxable","11":"shipping-taxable","12":"purchasable","13":"product-type-simple"},"yoast_head":"<!-- This site is optimized with the Yoast SEO plugin v24.4 - https:\/\/yoast.com\/wordpress\/plugins\/seo\/ -->\n<title>275ml SCRUB HAND &amp; BODY SILCARE QUIN OIL | Valika<\/title>\n<meta name=\"robots\" content=\"index, follow, max-snippet:-1, max-image-preview:large, max-video-preview:-1\" \/>\n<link rel=\"canonical\" href=\"https:\/\/valika.eu\/fi\/toode\/275ml-scrub-hand-body-silcare-quin-oil\/\" \/>\n<meta property=\"og:locale\" content=\"fi_FI\" \/>\n<meta property=\"og:type\" content=\"article\" \/>\n<meta property=\"og:title\" content=\"275ml SCRUB HAND &amp; BODY SILCARE QUIN OIL | Valika\" \/>\n<meta property=\"og:description\" content=\"Silcare Oil K\u00e4si- ja Vartalokuorinta Kuorinnalla eri muodoissaan on hy\u00f6dyllinen vaikutus ihollemme. On olemassa monia erilaisia kuorintoja, alkaen entsymaattisista kuorinnoista,\" \/>\n<meta property=\"og:url\" content=\"https:\/\/valika.eu\/fi\/toode\/275ml-scrub-hand-body-silcare-quin-oil\/\" \/>\n<meta property=\"og:site_name\" content=\"Valika\" \/>\n<meta property=\"article:publisher\" content=\"https:\/\/www.facebook.com\/tipsi.net\" \/>\n<meta property=\"article:modified_time\" content=\"2025-07-02T02:01:07+00:00\" \/>\n<meta property=\"og:image\" content=\"https:\/\/valika.eu\/wp-content\/uploads\/2025\/03\/scrub.webp\" \/>\n\t<meta property=\"og:image:width\" content=\"600\" \/>\n\t<meta property=\"og:image:height\" content=\"600\" \/>\n\t<meta property=\"og:image:type\" content=\"image\/webp\" \/>\n<meta name=\"twitter:card\" content=\"summary_large_image\" \/>\n<script type=\"application\/ld+json\" class=\"yoast-schema-graph\">{\"@context\":\"https:\/\/schema.org\",\"@graph\":[{\"@type\":\"WebPage\",\"@id\":\"https:\/\/valika.eu\/fi\/toode\/275ml-scrub-hand-body-silcare-quin-oil\/\",\"url\":\"https:\/\/valika.eu\/fi\/toode\/275ml-scrub-hand-body-silcare-quin-oil\/\",\"name\":\"275ml SCRUB HAND &amp; BODY SILCARE QUIN OIL | Valika\",\"isPartOf\":{\"@id\":\"https:\/\/valika.eu\/fi\/#website\"},\"primaryImageOfPage\":{\"@id\":\"https:\/\/valika.eu\/fi\/toode\/275ml-scrub-hand-body-silcare-quin-oil\/#primaryimage\"},\"image\":{\"@id\":\"https:\/\/valika.eu\/toode\/275ml-scrub-hand-body-silcare-quin-oil\/#primaryimage\"},\"thumbnailUrl\":\"https:\/\/valika.eu\/wp-content\/uploads\/2025\/03\/scrub.webp\",\"datePublished\":\"2025-03-06T13:14:48+00:00\",\"dateModified\":\"2025-07-02T02:01:07+00:00\",\"breadcrumb\":{\"@id\":\"https:\/\/valika.eu\/fi\/toode\/275ml-scrub-hand-body-silcare-quin-oil\/#breadcrumb\"},\"inLanguage\":\"fi\",\"potentialAction\":[{\"@type\":\"ReadAction\",\"target\":[[\"https:\/\/valika.eu\/fi\/toode\/275ml-scrub-hand-body-silcare-quin-oil\/\"]]}]},{\"@type\":\"ImageObject\",\"inLanguage\":\"fi\",\"@id\":\"https:\/\/valika.eu\/fi\/toode\/275ml-scrub-hand-body-silcare-quin-oil\/#primaryimage\",\"url\":\"https:\/\/valika.eu\/wp-content\/uploads\/2025\/03\/scrub.webp\",\"contentUrl\":\"https:\/\/valika.eu\/wp-content\/uploads\/2025\/03\/scrub.webp\",\"width\":600,\"height\":600},{\"@type\":\"BreadcrumbList\",\"@id\":\"https:\/\/valika.eu\/fi\/toode\/275ml-scrub-hand-body-silcare-quin-oil\/#breadcrumb\",\"itemListElement\":[{\"@type\":\"ListItem\",\"position\":1,\"name\":\"Koti\",\"item\":\"https:\/\/valika.eu\/fi\/\"},{\"@type\":\"ListItem\",\"position\":2,\"name\":\"Shop\",\"item\":\"https:\/\/valika.eu\/fi\/\"},{\"@type\":\"ListItem\",\"position\":3,\"name\":\"275ml SCRUB HAND &amp; BODY SILCARE QUIN OIL\"}]},{\"@type\":\"WebSite\",\"@id\":\"https:\/\/valika.eu\/fi\/#website\",\"url\":\"https:\/\/valika.eu\/fi\/\",\"name\":\"Valika.eu\",\"description\":\"Salonkituotteet ja kauneudenhoitotuotteet - Valika tarjoaa laajan valikoiman tuotteita ja tarvikkeita kynsiteknikoille, kauneushoitoloille, kampaamoille ja kampaamoille.\",\"publisher\":{\"@id\":\"https:\/\/valika.eu\/fi\/#organization\"},\"alternateName\":\"Valika\",\"potentialAction\":[{\"@type\":\"SearchAction\",\"target\":{\"@type\":\"EntryPoint\",\"urlTemplate\":\"https:\/\/valika.eu\/fi\/?s={search_term_string}\"},\"query-input\":{\"@type\":\"PropertyValueSpecification\",\"valueRequired\":true,\"valueName\":\"search_term_string\"}}],\"inLanguage\":\"fi\"},{\"@type\":\"Organization\",\"@id\":\"https:\/\/valika.eu\/fi\/#organization\",\"name\":\"Salongitoode O\u00dc\",\"alternateName\":\"Valika\",\"url\":\"https:\/\/valika.eu\/fi\/\",\"logo\":{\"@type\":\"ImageObject\",\"inLanguage\":\"fi\",\"@id\":\"https:\/\/valika.eu\/fi\/#\/schema\/logo\/image\/\",\"url\":\"https:\/\/valika.eu\/wp-content\/uploads\/2023\/11\/logo2-valika-footer.png\",\"contentUrl\":\"https:\/\/valika.eu\/wp-content\/uploads\/2023\/11\/logo2-valika-footer.png\",\"width\":200,\"height\":129,\"caption\":\"Salongitoode O\u00dc\"},\"image\":{\"@id\":\"https:\/\/valika.eu\/fi\/#\/schema\/logo\/image\/\"},\"sameAs\":[\"https:\/\/www.facebook.com\/tipsi.net\"]}]}<\/script>\n<!-- \/ Yoast SEO plugin. -->","yoast_head_json":{"title":"275ml SCRUB HAND &amp; BODY SILCARE QUIN OIL | Valika","robots":{"index":"index","follow":"follow","max-snippet":"max-snippet:-1","max-image-preview":"max-image-preview:large","max-video-preview":"max-video-preview:-1"},"canonical":"https:\/\/valika.eu\/fi\/toode\/275ml-scrub-hand-body-silcare-quin-oil\/","og_locale":"fi_FI","og_type":"article","og_title":"275ml SCRUB HAND &amp; BODY SILCARE QUIN OIL | Valika","og_description":"Silcare Oil K\u00e4si- ja Vartalokuorinta Kuorinnalla eri muodoissaan on hy\u00f6dyllinen vaikutus ihollemme. On olemassa monia erilaisia kuorintoja, alkaen entsymaattisista kuorinnoista,","og_url":"https:\/\/valika.eu\/fi\/toode\/275ml-scrub-hand-body-silcare-quin-oil\/","og_site_name":"Valika","article_publisher":"https:\/\/www.facebook.com\/tipsi.net","article_modified_time":"2025-07-02T02:01:07+00:00","og_image":[{"width":600,"height":600,"url":"https:\/\/valika.eu\/wp-content\/uploads\/2025\/03\/scrub.webp","type":"image\/webp"}],"twitter_card":"summary_large_image","schema":{"@context":"https:\/\/schema.org","@graph":[{"@type":"WebPage","@id":"https:\/\/valika.eu\/fi\/toode\/275ml-scrub-hand-body-silcare-quin-oil\/","url":"https:\/\/valika.eu\/fi\/toode\/275ml-scrub-hand-body-silcare-quin-oil\/","name":"275ml SCRUB HAND &amp; BODY SILCARE QUIN OIL | Valika","isPartOf":{"@id":"https:\/\/valika.eu\/fi\/#website"},"primaryImageOfPage":{"@id":"https:\/\/valika.eu\/fi\/toode\/275ml-scrub-hand-body-silcare-quin-oil\/#primaryimage"},"image":{"@id":"https:\/\/valika.eu\/toode\/275ml-scrub-hand-body-silcare-quin-oil\/#primaryimage"},"thumbnailUrl":"https:\/\/valika.eu\/wp-content\/uploads\/2025\/03\/scrub.webp","datePublished":"2025-03-06T13:14:48+00:00","dateModified":"2025-07-02T02:01:07+00:00","breadcrumb":{"@id":"https:\/\/valika.eu\/fi\/toode\/275ml-scrub-hand-body-silcare-quin-oil\/#breadcrumb"},"inLanguage":"fi","potentialAction":[{"@type":"ReadAction","target":[["https:\/\/valika.eu\/fi\/toode\/275ml-scrub-hand-body-silcare-quin-oil\/"]]}]},{"@type":"ImageObject","inLanguage":"fi","@id":"https:\/\/valika.eu\/fi\/toode\/275ml-scrub-hand-body-silcare-quin-oil\/#primaryimage","url":"https:\/\/valika.eu\/wp-content\/uploads\/2025\/03\/scrub.webp","contentUrl":"https:\/\/valika.eu\/wp-content\/uploads\/2025\/03\/scrub.webp","width":600,"height":600},{"@type":"BreadcrumbList","@id":"https:\/\/valika.eu\/fi\/toode\/275ml-scrub-hand-body-silcare-quin-oil\/#breadcrumb","itemListElement":[{"@type":"ListItem","position":1,"name":"Koti","item":"https:\/\/valika.eu\/fi\/"},{"@type":"ListItem","position":2,"name":"Shop","item":"https:\/\/valika.eu\/fi\/"},{"@type":"ListItem","position":3,"name":"275ml SCRUB HAND &amp; BODY SILCARE QUIN OIL"}]},{"@type":"WebSite","@id":"https:\/\/valika.eu\/fi\/#website","url":"https:\/\/valika.eu\/fi\/","name":"Valika.eu","description":"Salonkituotteet ja kauneudenhoitotuotteet - Valika tarjoaa laajan valikoiman tuotteita ja tarvikkeita kynsiteknikoille, kauneushoitoloille, kampaamoille ja kampaamoille.","publisher":{"@id":"https:\/\/valika.eu\/fi\/#organization"},"alternateName":"Valika","potentialAction":[{"@type":"SearchAction","target":{"@type":"EntryPoint","urlTemplate":"https:\/\/valika.eu\/fi\/?s={search_term_string}"},"query-input":{"@type":"PropertyValueSpecification","valueRequired":true,"valueName":"search_term_string"}}],"inLanguage":"fi"},{"@type":"Organization","@id":"https:\/\/valika.eu\/fi\/#organization","name":"Salongitoode O\u00dc","alternateName":"Valika","url":"https:\/\/valika.eu\/fi\/","logo":{"@type":"ImageObject","inLanguage":"fi","@id":"https:\/\/valika.eu\/fi\/#\/schema\/logo\/image\/","url":"https:\/\/valika.eu\/wp-content\/uploads\/2023\/11\/logo2-valika-footer.png","contentUrl":"https:\/\/valika.eu\/wp-content\/uploads\/2023\/11\/logo2-valika-footer.png","width":200,"height":129,"caption":"Salongitoode O\u00dc"},"image":{"@id":"https:\/\/valika.eu\/fi\/#\/schema\/logo\/image\/"},"sameAs":["https:\/\/www.facebook.com\/tipsi.net"]}]}},"jetpack_sharing_enabled":true,"_links":{"self":[{"href":"https:\/\/valika.eu\/fi\/wp-json\/wp\/v2\/product\/13501","targetHints":{"allow":["GET"]}}],"collection":[{"href":"https:\/\/valika.eu\/fi\/wp-json\/wp\/v2\/product"}],"about":[{"href":"https:\/\/valika.eu\/fi\/wp-json\/wp\/v2\/types\/product"}],"wp:featuredmedia":[{"embeddable":true,"href":"https:\/\/valika.eu\/fi\/wp-json\/wp\/v2\/media\/13502"}],"wp:attachment":[{"href":"https:\/\/valika.eu\/fi\/wp-json\/wp\/v2\/media?parent=13501"}],"wp:term":[{"taxonomy":"product_brand","embeddable":true,"href":"https:\/\/valika.eu\/fi\/wp-json\/wp\/v2\/product_brand?post=13501"},{"taxonomy":"product_cat","embeddable":true,"href":"https:\/\/valika.eu\/fi\/wp-json\/wp\/v2\/product_cat?post=13501"},{"taxonomy":"product_tag","embeddable":true,"href":"https:\/\/valika.eu\/fi\/wp-json\/wp\/v2\/product_tag?post=13501"}],"curies":[{"name":"wp","href":"https:\/\/api.w.org\/{rel}","templated":true}]}}