{"id":13503,"date":"2025-03-06T15:23:47","date_gmt":"2025-03-06T13:23:47","guid":{"rendered":"https:\/\/valika.eu\/?post_type=product&#038;p=13503"},"modified":"2026-02-09T15:05:15","modified_gmt":"2026-02-09T13:05:15","slug":"200ml-two-phase-salt-peeling-for-hands-and-body-silcare-quin","status":"publish","type":"product","link":"https:\/\/valika.eu\/fi\/toode\/200ml-two-phase-salt-peeling-for-hands-and-body-silcare-quin\/","title":{"rendered":"200ml  TWO-PHASE SALT PEELING FOR HANDS AND BODY SILCARE QUIN"},"content":{"rendered":"<p><\/p>\n<div class=\"flex max-w-full flex-col flex-grow\">\n<div class=\"min-h-8 text-message relative flex w-full flex-col items-end gap-2 whitespace-normal break-words text-start [.text-message+&amp;]:mt-5\" dir=\"auto\" data-message-author-role=\"assistant\" data-message-id=\"c839567d-9745-430b-8420-25f8d74844de\" data-message-model-slug=\"gpt-4o-mini\">\n<div class=\"flex w-full flex-col gap-1 empty:hidden first:pt-[3px]\">\n<div class=\"markdown prose w-full break-words dark:prose-invert light\">\n<p data-start=\"37\" data-end=\"516\"><strong data-start=\"37\" data-end=\"92\">Kaksivaiheinen vartalonkuorinta \u2013 ihon ravitseminen<\/strong><br data-start=\"92\" data-end=\"95\" \/>Quin Kaksivaiheinen K\u00e4si- ja Vartalokuorinta on innovatiivinen ratkaisu, joka tarjoaa iholle kattavaa hoitoa, palauttaen sen elastisuuden ja silkkisen pehmeyden. Kuorinnan hienorakeinen Kuolleenmeren suola stimuloi mikroverenkiertoa, kuorii kuolleet ihosolut tehokkaasti sek\u00e4 puhdistaa ja elvytt\u00e4\u00e4 ihoa, antaen sille terveen ulkon\u00e4\u00f6n. Avokado\u00f6ljy kosteuttaa ja ravitsee ihoa syv\u00e4lt\u00e4, j\u00e4tt\u00e4en sen pehme\u00e4ksi ja joustavaksi.<\/p>\n<p data-start=\"518\" data-end=\"1038\"><strong data-start=\"518\" data-end=\"581\">Kuorinta herk\u00e4lle iholle \u2013 palauttaa hehkun ja elastisuuden<\/strong><br data-start=\"581\" data-end=\"584\" \/>Tuote sopii jopa eritt\u00e4in herk\u00e4lle iholle, tarjoten hell\u00e4varaisen mutta tehokkaan hoidon. Jo yhden k\u00e4ytt\u00f6kerran j\u00e4lkeen iho palauttaa luonnollisen hehkun ja terveellisen v\u00e4rin. Kaksivaiheinen koostumus tekee kuorinnasta erityisen miellytt\u00e4v\u00e4n k\u00e4ytt\u00e4\u00e4, ja tulokset n\u00e4kyv\u00e4t heti niin k\u00e4siss\u00e4 kuin koko kehossa. Lis\u00e4etuna on ainutlaatuinen tuoksusekoitus, joka yhdist\u00e4\u00e4 ruusun, jasmiinin ja orkidean s\u00e4vyt, tarjoten ihastuttavan aistiel\u00e4myksen ihonhoidossa.<\/p>\n<p data-start=\"1040\" data-end=\"1057\"><strong data-start=\"1040\" data-end=\"1057\">Ominaisuudet:<\/strong><\/p>\n<ul data-start=\"1059\" data-end=\"1363\">\n<li data-start=\"1059\" data-end=\"1119\">Kuorii hell\u00e4varaisesti mutta tehokkaasti kuolleet ihosolut<\/li>\n<li data-start=\"1120\" data-end=\"1148\">Silottaa ja puhdistaa ihoa<\/li>\n<li data-start=\"1149\" data-end=\"1191\">S\u00e4ilytt\u00e4\u00e4 optimaalisen kosteustasapainon<\/li>\n<li data-start=\"1192\" data-end=\"1207\">Ravitsee ihoa<\/li>\n<li data-start=\"1208\" data-end=\"1231\">Stimuloi verenkiertoa<\/li>\n<li data-start=\"1232\" data-end=\"1281\">Parantaa ihon ulkon\u00e4k\u00f6\u00e4, elastisuutta ja kuntoa<\/li>\n<li data-start=\"1282\" data-end=\"1317\" data-is-only-node=\"\">Palauttaa ihon luonnollisen v\u00e4rin<\/li>\n<li data-start=\"1318\" data-end=\"1342\">S\u00e4il\u00f6nt\u00e4aineeton tuote<\/li>\n<li data-start=\"1343\" data-end=\"1363\">Miellytt\u00e4v\u00e4 tuoksu<\/li>\n<\/ul>\n<p data-start=\"1365\" data-end=\"1944\"><strong data-start=\"1365\" data-end=\"1382\">K\u00e4ytt\u00f6ohjeet:<\/strong><br data-start=\"1382\" data-end=\"1385\" \/>Ennen Quin Kaksivaiheisen K\u00e4si- ja Vartalokuorinnan k\u00e4ytt\u00f6\u00e4 ravista pulloa hyvin, jotta tuotteen kaksi vaihetta sekoittuvat kunnolla. Levit\u00e4 kuorinta halutulle alueelle ja hiero kevyesti py\u00f6rivin liikkein noin minuutin ajan. T\u00e4m\u00e4 auttaa kuorimaan kuolleet ihosolut ja stimuloimaan verenkiertoa. Hieronnan j\u00e4lkeen huuhtele iho huolellisesti viile\u00e4ll\u00e4 tai kylm\u00e4ll\u00e4 vedell\u00e4 ja kuivaa pehme\u00e4ll\u00e4 pyyhkeell\u00e4. Parhaan tuloksen saavuttamiseksi on suositeltavaa k\u00e4ytt\u00e4\u00e4 kuorintaa s\u00e4\u00e4nn\u00f6llisesti, 1-2 kertaa viikossa. T\u00e4m\u00e4 j\u00e4tt\u00e4\u00e4 ihon sile\u00e4ksi, ravituksi ja hehkuvaksi.<\/p>\n<p data-start=\"1946\" data-end=\"2217\" data-is-last-node=\"\" data-is-only-node=\"\"><strong data-start=\"1946\" data-end=\"1960\">Ainesosat:<\/strong><br data-start=\"1960\" data-end=\"1963\" \/>INCI: Natriumkloridi, Paraffinum Liquidum, Isopropyylimyristaatti, C13-15 Alkaani, Parfum, Persea Gratissima -\u00f6ljy, Maris Sal, Tocopheryl Acetate, Hexyl Cinnamal, Linalool, Limonene, Alpha-Isomethyl Ionone, Benzyl Salicylate, Coumarin, CI 26100, CI 60725<\/p>\n<\/div>\n<\/div>\n<\/div>\n<\/div>\n<div class=\"mb-2 flex gap-3 -ml-2\">\n<div class=\"items-center justify-start rounded-xl p-1 flex\">\n<div class=\"flex items-center\"><button class=\"rounded-lg text-token-text-secondary hover:bg-token-main-surface-secondary\" aria-label=\"Kopeeri\" data-testid=\"copy-turn-action-button\"><\/button><\/p>\n<div class=\"flex\"><\/div>\n<p><button class=\"rounded-lg text-token-text-secondary hover:bg-token-main-surface-secondary\" aria-label=\"Read aloud\" data-testid=\"voice-play-turn-action-button\"><\/button><button class=\"rounded-lg text-token-text-secondary hover:bg-token-main-surface-secondary\" aria-label=\"Redigeeri l\u00f5uendil\"><\/button><\/p>\n<div class=\"flex items-center pb-0\"><span class=\"overflow-hidden text-clip whitespace-nowrap text-sm\">4o mini<\/span><\/div>\n<\/div>\n<\/div>\n<\/div>\n<p><\/p>","protected":false},"excerpt":{"rendered":"<p>Kaksivaiheinen vartalonkuorinta \u2013 ihon ravitseminenQuin Kaksivaiheinen K\u00e4si- ja Vartalokuorinta on innovatiivinen ratkaisu, joka tarjoaa iholle kattavaa hoitoa, palauttaen sen elastisuuden<\/p>\n","protected":false},"featured_media":13505,"template":"","meta":[],"product_brand":[],"product_cat":[638],"product_tag":[],"class_list":{"0":"post-13503","1":"product","2":"type-product","3":"status-publish","4":"has-post-thumbnail","6":"product_cat-kreem","8":"first","9":"outofstock","10":"taxable","11":"shipping-taxable","12":"purchasable","13":"product-type-simple"},"yoast_head":"<!-- This site is optimized with the Yoast SEO plugin v24.4 - https:\/\/yoast.com\/wordpress\/plugins\/seo\/ -->\n<title>200ml TWO-PHASE SALT PEELING FOR HANDS AND BODY SILCARE QUIN | Valika<\/title>\n<meta name=\"robots\" content=\"index, follow, max-snippet:-1, max-image-preview:large, max-video-preview:-1\" \/>\n<link rel=\"canonical\" href=\"https:\/\/valika.eu\/fi\/toode\/200ml-two-phase-salt-peeling-for-hands-and-body-silcare-quin\/\" \/>\n<meta property=\"og:locale\" content=\"fi_FI\" \/>\n<meta property=\"og:type\" content=\"article\" \/>\n<meta property=\"og:title\" content=\"200ml TWO-PHASE SALT PEELING FOR HANDS AND BODY SILCARE QUIN | Valika\" \/>\n<meta property=\"og:description\" content=\"Kaksivaiheinen vartalonkuorinta \u2013 ihon ravitseminenQuin Kaksivaiheinen K\u00e4si- ja Vartalokuorinta on innovatiivinen ratkaisu, joka tarjoaa iholle kattavaa hoitoa, palauttaen sen elastisuuden\" \/>\n<meta property=\"og:url\" content=\"https:\/\/valika.eu\/fi\/toode\/200ml-two-phase-salt-peeling-for-hands-and-body-silcare-quin\/\" \/>\n<meta property=\"og:site_name\" content=\"Valika\" \/>\n<meta property=\"article:publisher\" content=\"https:\/\/www.facebook.com\/tipsi.net\" \/>\n<meta property=\"article:modified_time\" content=\"2026-02-09T13:05:15+00:00\" \/>\n<meta property=\"og:image\" content=\"https:\/\/valika.eu\/wp-content\/uploads\/2025\/03\/salt.webp\" \/>\n\t<meta property=\"og:image:width\" content=\"600\" \/>\n\t<meta property=\"og:image:height\" content=\"600\" \/>\n\t<meta property=\"og:image:type\" content=\"image\/webp\" \/>\n<meta name=\"twitter:card\" content=\"summary_large_image\" \/>\n<script type=\"application\/ld+json\" class=\"yoast-schema-graph\">{\"@context\":\"https:\/\/schema.org\",\"@graph\":[{\"@type\":\"WebPage\",\"@id\":\"https:\/\/valika.eu\/fi\/toode\/200ml-two-phase-salt-peeling-for-hands-and-body-silcare-quin\/\",\"url\":\"https:\/\/valika.eu\/fi\/toode\/200ml-two-phase-salt-peeling-for-hands-and-body-silcare-quin\/\",\"name\":\"200ml TWO-PHASE SALT PEELING FOR HANDS AND BODY SILCARE QUIN | Valika\",\"isPartOf\":{\"@id\":\"https:\/\/valika.eu\/fi\/#website\"},\"primaryImageOfPage\":{\"@id\":\"https:\/\/valika.eu\/fi\/toode\/200ml-two-phase-salt-peeling-for-hands-and-body-silcare-quin\/#primaryimage\"},\"image\":{\"@id\":\"https:\/\/valika.eu\/toode\/200ml-two-phase-salt-peeling-for-hands-and-body-silcare-quin\/#primaryimage\"},\"thumbnailUrl\":\"https:\/\/valika.eu\/wp-content\/uploads\/2025\/03\/salt.webp\",\"datePublished\":\"2025-03-06T13:23:47+00:00\",\"dateModified\":\"2026-02-09T13:05:15+00:00\",\"breadcrumb\":{\"@id\":\"https:\/\/valika.eu\/fi\/toode\/200ml-two-phase-salt-peeling-for-hands-and-body-silcare-quin\/#breadcrumb\"},\"inLanguage\":\"fi\",\"potentialAction\":[{\"@type\":\"ReadAction\",\"target\":[[\"https:\/\/valika.eu\/fi\/toode\/200ml-two-phase-salt-peeling-for-hands-and-body-silcare-quin\/\"]]}]},{\"@type\":\"ImageObject\",\"inLanguage\":\"fi\",\"@id\":\"https:\/\/valika.eu\/fi\/toode\/200ml-two-phase-salt-peeling-for-hands-and-body-silcare-quin\/#primaryimage\",\"url\":\"https:\/\/valika.eu\/wp-content\/uploads\/2025\/03\/salt.webp\",\"contentUrl\":\"https:\/\/valika.eu\/wp-content\/uploads\/2025\/03\/salt.webp\",\"width\":600,\"height\":600},{\"@type\":\"BreadcrumbList\",\"@id\":\"https:\/\/valika.eu\/fi\/toode\/200ml-two-phase-salt-peeling-for-hands-and-body-silcare-quin\/#breadcrumb\",\"itemListElement\":[{\"@type\":\"ListItem\",\"position\":1,\"name\":\"Koti\",\"item\":\"https:\/\/valika.eu\/fi\/\"},{\"@type\":\"ListItem\",\"position\":2,\"name\":\"Shop\",\"item\":\"https:\/\/valika.eu\/fi\/\"},{\"@type\":\"ListItem\",\"position\":3,\"name\":\"200ml TWO-PHASE SALT PEELING FOR HANDS AND BODY SILCARE QUIN\"}]},{\"@type\":\"WebSite\",\"@id\":\"https:\/\/valika.eu\/fi\/#website\",\"url\":\"https:\/\/valika.eu\/fi\/\",\"name\":\"Valika.eu\",\"description\":\"Salonkituotteet ja kauneudenhoitotuotteet - Valika tarjoaa laajan valikoiman tuotteita ja tarvikkeita kynsiteknikoille, kauneushoitoloille, kampaamoille ja kampaamoille.\",\"publisher\":{\"@id\":\"https:\/\/valika.eu\/fi\/#organization\"},\"alternateName\":\"Valika\",\"potentialAction\":[{\"@type\":\"SearchAction\",\"target\":{\"@type\":\"EntryPoint\",\"urlTemplate\":\"https:\/\/valika.eu\/fi\/?s={search_term_string}\"},\"query-input\":{\"@type\":\"PropertyValueSpecification\",\"valueRequired\":true,\"valueName\":\"search_term_string\"}}],\"inLanguage\":\"fi\"},{\"@type\":\"Organization\",\"@id\":\"https:\/\/valika.eu\/fi\/#organization\",\"name\":\"Salongitoode O\u00dc\",\"alternateName\":\"Valika\",\"url\":\"https:\/\/valika.eu\/fi\/\",\"logo\":{\"@type\":\"ImageObject\",\"inLanguage\":\"fi\",\"@id\":\"https:\/\/valika.eu\/fi\/#\/schema\/logo\/image\/\",\"url\":\"https:\/\/valika.eu\/wp-content\/uploads\/2023\/11\/logo2-valika-footer.png\",\"contentUrl\":\"https:\/\/valika.eu\/wp-content\/uploads\/2023\/11\/logo2-valika-footer.png\",\"width\":200,\"height\":129,\"caption\":\"Salongitoode O\u00dc\"},\"image\":{\"@id\":\"https:\/\/valika.eu\/fi\/#\/schema\/logo\/image\/\"},\"sameAs\":[\"https:\/\/www.facebook.com\/tipsi.net\"]}]}<\/script>\n<!-- \/ Yoast SEO plugin. -->","yoast_head_json":{"title":"200ml TWO-PHASE SALT PEELING FOR HANDS AND BODY SILCARE QUIN | Valika","robots":{"index":"index","follow":"follow","max-snippet":"max-snippet:-1","max-image-preview":"max-image-preview:large","max-video-preview":"max-video-preview:-1"},"canonical":"https:\/\/valika.eu\/fi\/toode\/200ml-two-phase-salt-peeling-for-hands-and-body-silcare-quin\/","og_locale":"fi_FI","og_type":"article","og_title":"200ml TWO-PHASE SALT PEELING FOR HANDS AND BODY SILCARE QUIN | Valika","og_description":"Kaksivaiheinen vartalonkuorinta \u2013 ihon ravitseminenQuin Kaksivaiheinen K\u00e4si- ja Vartalokuorinta on innovatiivinen ratkaisu, joka tarjoaa iholle kattavaa hoitoa, palauttaen sen elastisuuden","og_url":"https:\/\/valika.eu\/fi\/toode\/200ml-two-phase-salt-peeling-for-hands-and-body-silcare-quin\/","og_site_name":"Valika","article_publisher":"https:\/\/www.facebook.com\/tipsi.net","article_modified_time":"2026-02-09T13:05:15+00:00","og_image":[{"width":600,"height":600,"url":"https:\/\/valika.eu\/wp-content\/uploads\/2025\/03\/salt.webp","type":"image\/webp"}],"twitter_card":"summary_large_image","schema":{"@context":"https:\/\/schema.org","@graph":[{"@type":"WebPage","@id":"https:\/\/valika.eu\/fi\/toode\/200ml-two-phase-salt-peeling-for-hands-and-body-silcare-quin\/","url":"https:\/\/valika.eu\/fi\/toode\/200ml-two-phase-salt-peeling-for-hands-and-body-silcare-quin\/","name":"200ml TWO-PHASE SALT PEELING FOR HANDS AND BODY SILCARE QUIN | Valika","isPartOf":{"@id":"https:\/\/valika.eu\/fi\/#website"},"primaryImageOfPage":{"@id":"https:\/\/valika.eu\/fi\/toode\/200ml-two-phase-salt-peeling-for-hands-and-body-silcare-quin\/#primaryimage"},"image":{"@id":"https:\/\/valika.eu\/toode\/200ml-two-phase-salt-peeling-for-hands-and-body-silcare-quin\/#primaryimage"},"thumbnailUrl":"https:\/\/valika.eu\/wp-content\/uploads\/2025\/03\/salt.webp","datePublished":"2025-03-06T13:23:47+00:00","dateModified":"2026-02-09T13:05:15+00:00","breadcrumb":{"@id":"https:\/\/valika.eu\/fi\/toode\/200ml-two-phase-salt-peeling-for-hands-and-body-silcare-quin\/#breadcrumb"},"inLanguage":"fi","potentialAction":[{"@type":"ReadAction","target":[["https:\/\/valika.eu\/fi\/toode\/200ml-two-phase-salt-peeling-for-hands-and-body-silcare-quin\/"]]}]},{"@type":"ImageObject","inLanguage":"fi","@id":"https:\/\/valika.eu\/fi\/toode\/200ml-two-phase-salt-peeling-for-hands-and-body-silcare-quin\/#primaryimage","url":"https:\/\/valika.eu\/wp-content\/uploads\/2025\/03\/salt.webp","contentUrl":"https:\/\/valika.eu\/wp-content\/uploads\/2025\/03\/salt.webp","width":600,"height":600},{"@type":"BreadcrumbList","@id":"https:\/\/valika.eu\/fi\/toode\/200ml-two-phase-salt-peeling-for-hands-and-body-silcare-quin\/#breadcrumb","itemListElement":[{"@type":"ListItem","position":1,"name":"Koti","item":"https:\/\/valika.eu\/fi\/"},{"@type":"ListItem","position":2,"name":"Shop","item":"https:\/\/valika.eu\/fi\/"},{"@type":"ListItem","position":3,"name":"200ml TWO-PHASE SALT PEELING FOR HANDS AND BODY SILCARE QUIN"}]},{"@type":"WebSite","@id":"https:\/\/valika.eu\/fi\/#website","url":"https:\/\/valika.eu\/fi\/","name":"Valika.eu","description":"Salonkituotteet ja kauneudenhoitotuotteet - Valika tarjoaa laajan valikoiman tuotteita ja tarvikkeita kynsiteknikoille, kauneushoitoloille, kampaamoille ja kampaamoille.","publisher":{"@id":"https:\/\/valika.eu\/fi\/#organization"},"alternateName":"Valika","potentialAction":[{"@type":"SearchAction","target":{"@type":"EntryPoint","urlTemplate":"https:\/\/valika.eu\/fi\/?s={search_term_string}"},"query-input":{"@type":"PropertyValueSpecification","valueRequired":true,"valueName":"search_term_string"}}],"inLanguage":"fi"},{"@type":"Organization","@id":"https:\/\/valika.eu\/fi\/#organization","name":"Salongitoode O\u00dc","alternateName":"Valika","url":"https:\/\/valika.eu\/fi\/","logo":{"@type":"ImageObject","inLanguage":"fi","@id":"https:\/\/valika.eu\/fi\/#\/schema\/logo\/image\/","url":"https:\/\/valika.eu\/wp-content\/uploads\/2023\/11\/logo2-valika-footer.png","contentUrl":"https:\/\/valika.eu\/wp-content\/uploads\/2023\/11\/logo2-valika-footer.png","width":200,"height":129,"caption":"Salongitoode O\u00dc"},"image":{"@id":"https:\/\/valika.eu\/fi\/#\/schema\/logo\/image\/"},"sameAs":["https:\/\/www.facebook.com\/tipsi.net"]}]}},"jetpack_sharing_enabled":true,"_links":{"self":[{"href":"https:\/\/valika.eu\/fi\/wp-json\/wp\/v2\/product\/13503","targetHints":{"allow":["GET"]}}],"collection":[{"href":"https:\/\/valika.eu\/fi\/wp-json\/wp\/v2\/product"}],"about":[{"href":"https:\/\/valika.eu\/fi\/wp-json\/wp\/v2\/types\/product"}],"wp:featuredmedia":[{"embeddable":true,"href":"https:\/\/valika.eu\/fi\/wp-json\/wp\/v2\/media\/13505"}],"wp:attachment":[{"href":"https:\/\/valika.eu\/fi\/wp-json\/wp\/v2\/media?parent=13503"}],"wp:term":[{"taxonomy":"product_brand","embeddable":true,"href":"https:\/\/valika.eu\/fi\/wp-json\/wp\/v2\/product_brand?post=13503"},{"taxonomy":"product_cat","embeddable":true,"href":"https:\/\/valika.eu\/fi\/wp-json\/wp\/v2\/product_cat?post=13503"},{"taxonomy":"product_tag","embeddable":true,"href":"https:\/\/valika.eu\/fi\/wp-json\/wp\/v2\/product_tag?post=13503"}],"curies":[{"name":"wp","href":"https:\/\/api.w.org\/{rel}","templated":true}]}}