{"id":13506,"date":"2025-03-06T15:29:07","date_gmt":"2025-03-06T13:29:07","guid":{"rendered":"https:\/\/valika.eu\/?post_type=product&#038;p=13506"},"modified":"2026-04-02T13:48:49","modified_gmt":"2026-04-02T10:48:49","slug":"body-scrub-sweet-raspberry-350-ml","status":"publish","type":"product","link":"https:\/\/valika.eu\/fi\/toode\/body-scrub-sweet-raspberry-350-ml\/","title":{"rendered":"Body Scrub Sweet Raspberry 350 ml"},"content":{"rendered":"<p><\/p>\n<div class=\"flex-1 grow overflow-hidden @container\/thread\">\n<div class=\"relative h-full\">\n<div class=\"flex h-full flex-col overflow-y-auto [scrollbar-gutter:stable]\">\n<div class=\"flex flex-col text-sm md:pb-9\">\n<article class=\"w-full text-token-text-primary focus-visible:outline-2 focus-visible:outline-offset-[-4px]\" dir=\"auto\" data-testid=\"conversation-turn-41\" data-scroll-anchor=\"true\">\n<div class=\"text-base my-auto mx-auto py-[18px] px-6\">\n<div class=\"mx-auto flex flex-1 text-base gap-4 md:gap-5 lg:gap-6 md:max-w-3xl lg:max-w-[40rem] xl:max-w-[48rem]\">\n<div class=\"group\/conversation-turn relative flex w-full min-w-0 flex-col agent-turn @xs\/thread:px-0 @sm\/thread:px-1.5 @md\/thread:px-4\">\n<div class=\"flex-col gap-1 md:gap-3\">\n<div class=\"flex max-w-full flex-col flex-grow\">\n<div class=\"min-h-8 text-message relative flex w-full flex-col items-end gap-2 whitespace-normal break-words text-start [.text-message+&amp;]:mt-5\" dir=\"auto\" data-message-author-role=\"assistant\" data-message-id=\"e00c443f-25d9-4e1b-9d9f-a9eca46afe7f\" data-message-model-slug=\"gpt-4o-mini\">\n<div class=\"flex w-full flex-col gap-1 empty:hidden first:pt-[3px]\">\n<div class=\"markdown prose w-full break-words dark:prose-invert light\">\n<p data-start=\"0\" data-end=\"313\"><strong data-start=\"0\" data-end=\"23\">HERKULLINEN VAAKUNA<\/strong> on silottava sokerikuorinta kehonhoitoon. Se on suunniteltu rasvaiselle ja sekaiholle. Ennen kaikkea se takaa voimakkaan kuorintatehon kuolleen ihosolukon poistamiseksi, j\u00e4tt\u00e4en ihon miellytt\u00e4v\u00e4n tuntuiseksi ja t\u00e4ydellisesti hoidettuna. Iho on n\u00e4kyv\u00e4sti sile\u00e4mpi ja miellytt\u00e4v\u00e4n pehme\u00e4mpi.<\/p>\n<p data-start=\"315\" data-end=\"494\">Oikein koostettu, vegaaninen koostumus, joka on rikastettu luonnollisilla aktiivisilla aineilla ja \u00f6ljyill\u00e4, tarjoaa iholle kattavaa hoitoa ja suojaa. Aktiiviset ainesosat, kuten:<\/p>\n<ul data-start=\"496\" data-end=\"807\">\n<li data-start=\"496\" data-end=\"599\"><strong data-start=\"498\" data-end=\"518\">Vadelmaekstrakti<\/strong> virkist\u00e4\u00e4 ihoa, rauhoittaa \u00e4rsytyst\u00e4 ja tekee ihostamme terveellisen ja kauniin.<\/li>\n<li data-start=\"600\" data-end=\"701\"><strong data-start=\"602\" data-end=\"624\">Tramella-ekstrakti<\/strong> s\u00e4ilytt\u00e4\u00e4 kosteuden ihossa, tekee siit\u00e4 elastisen ja nopeuttaa uusiutumista.<\/li>\n<li data-start=\"702\" data-end=\"807\"><strong data-start=\"704\" data-end=\"720\">Glykolihappo<\/strong> kosteuttaa tehokkaasti, stimuloi uusiutumista ja kuorii tehokkaasti kuolleet ihosolut.<\/li>\n<\/ul>\n<p data-start=\"809\" data-end=\"930\">Koko hoitoa t\u00e4ydent\u00e4\u00e4 \u00e4\u00e4rimm\u00e4isen tytt\u00f6m\u00e4inen ja makea vadelman tuoksu, joka ymp\u00e4r\u00f6i kehon ja pysyy siin\u00e4 useita tunteja.<\/p>\n<p data-start=\"932\" data-end=\"1052\">Koosta oma kehonhoitosarjasi, joka perustuu ihosi yksil\u00f6llisiin tarpeisiin. Sen on sis\u00e4llett\u00e4v\u00e4 syv\u00e4puhdistava kuorinta!<\/p>\n<p data-start=\"1054\" data-end=\"1071\"><strong data-start=\"1054\" data-end=\"1071\">Ominaisuudet:<\/strong><\/p>\n<ul data-start=\"1073\" data-end=\"1308\">\n<li data-start=\"1073\" data-end=\"1129\">Silottava versio t\u00e4ytt\u00e4\u00e4 rasvaisen ja sekaihon tarpeet<\/li>\n<li data-start=\"1130\" data-end=\"1198\">Koostumus, joka on rikastettu luonnollisilla uutteilla ja \u00f6ljyill\u00e4<\/li>\n<li data-start=\"1199\" data-end=\"1252\">Vegaaninen tuote, el\u00e4inkokeeton, ilman mikromuoveja<\/li>\n<li data-start=\"1253\" data-end=\"1276\">Karkea sokerikuorinta<\/li>\n<li data-start=\"1277\" data-end=\"1308\">Makea, raikas vadelman tuoksu<\/li>\n<\/ul>\n<p data-start=\"1310\" data-end=\"1321\"><strong data-start=\"1310\" data-end=\"1321\">K\u00e4ytt\u00f6:<\/strong><\/p>\n<p data-start=\"1323\" data-end=\"1514\">Miten huolehtia kehon ihosta kuorinnan avulla? Levit\u00e4 tuote kostealle iholle, hiero py\u00f6rivin liikkein ja huuhtele l\u00e4mpim\u00e4ll\u00e4 vedell\u00e4. Parhaan tuloksen saavuttamiseksi k\u00e4yt\u00e4 kahdesti viikossa.<\/p>\n<p data-start=\"1516\" data-end=\"1530\"><strong data-start=\"1516\" data-end=\"1530\">Ainesosat:<\/strong><\/p>\n<p data-start=\"1532\" data-end=\"1939\" data-is-last-node=\"\" data-is-only-node=\"\">Sucrose, Sodium Chloride, Paraffinum Liquidum, Cocamidopropyl Betaine, Glycerin, Silica, Phenoxyethanol, Sodium Laureth Sulfate, Persea Gratissima (Avokado) \u00d6ljy, Prunus Persica (Persikka) Siemen\u00f6ljy, Ricinus Communis Seed \u00d6ljy, Parfum, Rubus Ideaus Hedelmien Uute, Glykolihappo, Aqua, Tremella Fuciformis (Sieni) Uute, Butylene Glycol, 1,2hexanediol, Cocos Nucifera Kuoripulveri, Tetrasodium EDTA, CI 17200<\/p>\n<\/div>\n<\/div>\n<\/div>\n<\/div>\n<\/div>\n<\/div>\n<\/div>\n<\/div>\n<\/article>\n<\/div>\n<\/div>\n<\/div>\n<\/div>\n<div class=\"isolate w-full has-[[data-has-thread-error]]:pt-2 has-[[data-has-thread-error]]:[box-shadow:var(--sharp-edge-bottom-shadow)] dark:border-white\/20 md:border-transparent md:pt-0 md:dark:border-transparent\">\n<div class=\"text-base mx-auto px-3 md:px-4 w-full md:px-5 lg:px-4 xl:px-5\">\n<div class=\"mx-auto flex flex-1 text-base gap-4 md:gap-5 lg:gap-6 md:max-w-3xl lg:max-w-[40rem] xl:max-w-[48rem]\">\n<div class=\"relative z-[1] flex h-full max-w-full flex-1 flex-col\">\n<div class=\"group relative z-[1] flex w-full items-center\">\n<div class=\"w-full\">\n<div id=\"composer-background\" class=\"flex w-full cursor-text flex-col rounded-3xl border border-token-border-light px-3 py-1 duration-150 ease-in-out contain-inline-size motion-safe:transition-[color,background-color,border-color,text-decoration-color,fill,stroke,box-shadow] dark:border-none dark:shadow-none shadow-[0_9px_9px_0px_rgba(0,0,0,0.01),_0_2px_5px_0px_rgba(0,0,0,0.06)] has-[:focus]:shadow-[0_2px_12px_0px_rgba(0,0,0,0.04),_0_9px_9px_0px_rgba(0,0,0,0.01),_0_2px_5px_0px_rgba(0,0,0,0.06)] bg-token-main-surface-primary dark:bg-[#303030]\">\n<div class=\"mb-2 mt-1 flex items-center justify-between sm:mt-5\">\n<div class=\"flex gap-x-1.5 text-token-text-primary\">\n<div>\n<div>\n<div class=\"whitespace-nowrap pl-1 pr-1 [display:--force-hide-label]\"><\/div>\n<\/div>\n<\/div>\n<\/div>\n<\/div>\n<\/div>\n<\/div>\n<\/div>\n<\/div>\n<\/div>\n<\/div>\n<\/div>\n<p><\/p>","protected":false},"excerpt":{"rendered":"<p>HERKULLINEN VAAKUNA on silottava sokerikuorinta kehonhoitoon. Se on suunniteltu rasvaiselle ja sekaiholle. Ennen kaikkea se takaa voimakkaan kuorintatehon kuolleen ihosolukon<\/p>\n","protected":false},"featured_media":13507,"template":"","meta":[],"product_brand":[],"product_cat":[638],"product_tag":[],"class_list":{"0":"post-13506","1":"product","2":"type-product","3":"status-publish","4":"has-post-thumbnail","6":"product_cat-kreem","8":"first","9":"instock","10":"taxable","11":"shipping-taxable","12":"purchasable","13":"product-type-simple"},"yoast_head":"<!-- This site is optimized with the Yoast SEO plugin v24.4 - https:\/\/yoast.com\/wordpress\/plugins\/seo\/ -->\n<title>Body Scrub Sweet Raspberry 350 ml | Valika<\/title>\n<meta name=\"robots\" content=\"index, follow, max-snippet:-1, max-image-preview:large, max-video-preview:-1\" \/>\n<link rel=\"canonical\" href=\"https:\/\/valika.eu\/fi\/toode\/body-scrub-sweet-raspberry-350-ml\/\" \/>\n<meta property=\"og:locale\" content=\"fi_FI\" \/>\n<meta property=\"og:type\" content=\"article\" \/>\n<meta property=\"og:title\" content=\"Body Scrub Sweet Raspberry 350 ml | Valika\" \/>\n<meta property=\"og:description\" content=\"HERKULLINEN VAAKUNA on silottava sokerikuorinta kehonhoitoon. Se on suunniteltu rasvaiselle ja sekaiholle. Ennen kaikkea se takaa voimakkaan kuorintatehon kuolleen ihosolukon\" \/>\n<meta property=\"og:url\" content=\"https:\/\/valika.eu\/fi\/toode\/body-scrub-sweet-raspberry-350-ml\/\" \/>\n<meta property=\"og:site_name\" content=\"Valika\" \/>\n<meta property=\"article:publisher\" content=\"https:\/\/www.facebook.com\/tipsi.net\" \/>\n<meta property=\"article:modified_time\" content=\"2026-04-02T10:48:49+00:00\" \/>\n<meta property=\"og:image\" content=\"https:\/\/valika.eu\/wp-content\/uploads\/2025\/03\/eng_pl_Body-Scrub-Sweet-Raspberry-350-ml-76428_1.webp\" \/>\n\t<meta property=\"og:image:width\" content=\"1010\" \/>\n\t<meta property=\"og:image:height\" content=\"1010\" \/>\n\t<meta property=\"og:image:type\" content=\"image\/webp\" \/>\n<meta name=\"twitter:card\" content=\"summary_large_image\" \/>\n<script type=\"application\/ld+json\" class=\"yoast-schema-graph\">{\"@context\":\"https:\/\/schema.org\",\"@graph\":[{\"@type\":\"WebPage\",\"@id\":\"https:\/\/valika.eu\/fi\/toode\/body-scrub-sweet-raspberry-350-ml\/\",\"url\":\"https:\/\/valika.eu\/fi\/toode\/body-scrub-sweet-raspberry-350-ml\/\",\"name\":\"Body Scrub Sweet Raspberry 350 ml | Valika\",\"isPartOf\":{\"@id\":\"https:\/\/valika.eu\/fi\/#website\"},\"primaryImageOfPage\":{\"@id\":\"https:\/\/valika.eu\/fi\/toode\/body-scrub-sweet-raspberry-350-ml\/#primaryimage\"},\"image\":{\"@id\":\"https:\/\/valika.eu\/toode\/body-scrub-sweet-raspberry-350-ml\/#primaryimage\"},\"thumbnailUrl\":\"https:\/\/valika.eu\/wp-content\/uploads\/2025\/03\/eng_pl_Body-Scrub-Sweet-Raspberry-350-ml-76428_1.webp\",\"datePublished\":\"2025-03-06T13:29:07+00:00\",\"dateModified\":\"2026-04-02T10:48:49+00:00\",\"breadcrumb\":{\"@id\":\"https:\/\/valika.eu\/fi\/toode\/body-scrub-sweet-raspberry-350-ml\/#breadcrumb\"},\"inLanguage\":\"fi\",\"potentialAction\":[{\"@type\":\"ReadAction\",\"target\":[[\"https:\/\/valika.eu\/fi\/toode\/body-scrub-sweet-raspberry-350-ml\/\"]]}]},{\"@type\":\"ImageObject\",\"inLanguage\":\"fi\",\"@id\":\"https:\/\/valika.eu\/fi\/toode\/body-scrub-sweet-raspberry-350-ml\/#primaryimage\",\"url\":\"https:\/\/valika.eu\/wp-content\/uploads\/2025\/03\/eng_pl_Body-Scrub-Sweet-Raspberry-350-ml-76428_1.webp\",\"contentUrl\":\"https:\/\/valika.eu\/wp-content\/uploads\/2025\/03\/eng_pl_Body-Scrub-Sweet-Raspberry-350-ml-76428_1.webp\",\"width\":1010,\"height\":1010},{\"@type\":\"BreadcrumbList\",\"@id\":\"https:\/\/valika.eu\/fi\/toode\/body-scrub-sweet-raspberry-350-ml\/#breadcrumb\",\"itemListElement\":[{\"@type\":\"ListItem\",\"position\":1,\"name\":\"Koti\",\"item\":\"https:\/\/valika.eu\/fi\/\"},{\"@type\":\"ListItem\",\"position\":2,\"name\":\"Shop\",\"item\":\"https:\/\/valika.eu\/fi\/\"},{\"@type\":\"ListItem\",\"position\":3,\"name\":\"Body Scrub Sweet Raspberry 350 ml\"}]},{\"@type\":\"WebSite\",\"@id\":\"https:\/\/valika.eu\/fi\/#website\",\"url\":\"https:\/\/valika.eu\/fi\/\",\"name\":\"Valika.eu\",\"description\":\"Salonkituotteet ja kauneudenhoitotuotteet - Valika tarjoaa laajan valikoiman tuotteita ja tarvikkeita kynsiteknikoille, kauneushoitoloille, kampaamoille ja kampaamoille.\",\"publisher\":{\"@id\":\"https:\/\/valika.eu\/fi\/#organization\"},\"alternateName\":\"Valika\",\"potentialAction\":[{\"@type\":\"SearchAction\",\"target\":{\"@type\":\"EntryPoint\",\"urlTemplate\":\"https:\/\/valika.eu\/fi\/?s={search_term_string}\"},\"query-input\":{\"@type\":\"PropertyValueSpecification\",\"valueRequired\":true,\"valueName\":\"search_term_string\"}}],\"inLanguage\":\"fi\"},{\"@type\":\"Organization\",\"@id\":\"https:\/\/valika.eu\/fi\/#organization\",\"name\":\"Salongitoode O\u00dc\",\"alternateName\":\"Valika\",\"url\":\"https:\/\/valika.eu\/fi\/\",\"logo\":{\"@type\":\"ImageObject\",\"inLanguage\":\"fi\",\"@id\":\"https:\/\/valika.eu\/fi\/#\/schema\/logo\/image\/\",\"url\":\"https:\/\/valika.eu\/wp-content\/uploads\/2023\/11\/logo2-valika-footer.png\",\"contentUrl\":\"https:\/\/valika.eu\/wp-content\/uploads\/2023\/11\/logo2-valika-footer.png\",\"width\":200,\"height\":129,\"caption\":\"Salongitoode O\u00dc\"},\"image\":{\"@id\":\"https:\/\/valika.eu\/fi\/#\/schema\/logo\/image\/\"},\"sameAs\":[\"https:\/\/www.facebook.com\/tipsi.net\"]}]}<\/script>\n<!-- \/ Yoast SEO plugin. -->","yoast_head_json":{"title":"Body Scrub Sweet Raspberry 350 ml | Valika","robots":{"index":"index","follow":"follow","max-snippet":"max-snippet:-1","max-image-preview":"max-image-preview:large","max-video-preview":"max-video-preview:-1"},"canonical":"https:\/\/valika.eu\/fi\/toode\/body-scrub-sweet-raspberry-350-ml\/","og_locale":"fi_FI","og_type":"article","og_title":"Body Scrub Sweet Raspberry 350 ml | Valika","og_description":"HERKULLINEN VAAKUNA on silottava sokerikuorinta kehonhoitoon. Se on suunniteltu rasvaiselle ja sekaiholle. Ennen kaikkea se takaa voimakkaan kuorintatehon kuolleen ihosolukon","og_url":"https:\/\/valika.eu\/fi\/toode\/body-scrub-sweet-raspberry-350-ml\/","og_site_name":"Valika","article_publisher":"https:\/\/www.facebook.com\/tipsi.net","article_modified_time":"2026-04-02T10:48:49+00:00","og_image":[{"width":1010,"height":1010,"url":"https:\/\/valika.eu\/wp-content\/uploads\/2025\/03\/eng_pl_Body-Scrub-Sweet-Raspberry-350-ml-76428_1.webp","type":"image\/webp"}],"twitter_card":"summary_large_image","schema":{"@context":"https:\/\/schema.org","@graph":[{"@type":"WebPage","@id":"https:\/\/valika.eu\/fi\/toode\/body-scrub-sweet-raspberry-350-ml\/","url":"https:\/\/valika.eu\/fi\/toode\/body-scrub-sweet-raspberry-350-ml\/","name":"Body Scrub Sweet Raspberry 350 ml | Valika","isPartOf":{"@id":"https:\/\/valika.eu\/fi\/#website"},"primaryImageOfPage":{"@id":"https:\/\/valika.eu\/fi\/toode\/body-scrub-sweet-raspberry-350-ml\/#primaryimage"},"image":{"@id":"https:\/\/valika.eu\/toode\/body-scrub-sweet-raspberry-350-ml\/#primaryimage"},"thumbnailUrl":"https:\/\/valika.eu\/wp-content\/uploads\/2025\/03\/eng_pl_Body-Scrub-Sweet-Raspberry-350-ml-76428_1.webp","datePublished":"2025-03-06T13:29:07+00:00","dateModified":"2026-04-02T10:48:49+00:00","breadcrumb":{"@id":"https:\/\/valika.eu\/fi\/toode\/body-scrub-sweet-raspberry-350-ml\/#breadcrumb"},"inLanguage":"fi","potentialAction":[{"@type":"ReadAction","target":[["https:\/\/valika.eu\/fi\/toode\/body-scrub-sweet-raspberry-350-ml\/"]]}]},{"@type":"ImageObject","inLanguage":"fi","@id":"https:\/\/valika.eu\/fi\/toode\/body-scrub-sweet-raspberry-350-ml\/#primaryimage","url":"https:\/\/valika.eu\/wp-content\/uploads\/2025\/03\/eng_pl_Body-Scrub-Sweet-Raspberry-350-ml-76428_1.webp","contentUrl":"https:\/\/valika.eu\/wp-content\/uploads\/2025\/03\/eng_pl_Body-Scrub-Sweet-Raspberry-350-ml-76428_1.webp","width":1010,"height":1010},{"@type":"BreadcrumbList","@id":"https:\/\/valika.eu\/fi\/toode\/body-scrub-sweet-raspberry-350-ml\/#breadcrumb","itemListElement":[{"@type":"ListItem","position":1,"name":"Koti","item":"https:\/\/valika.eu\/fi\/"},{"@type":"ListItem","position":2,"name":"Shop","item":"https:\/\/valika.eu\/fi\/"},{"@type":"ListItem","position":3,"name":"Body Scrub Sweet Raspberry 350 ml"}]},{"@type":"WebSite","@id":"https:\/\/valika.eu\/fi\/#website","url":"https:\/\/valika.eu\/fi\/","name":"Valika.eu","description":"Salonkituotteet ja kauneudenhoitotuotteet - Valika tarjoaa laajan valikoiman tuotteita ja tarvikkeita kynsiteknikoille, kauneushoitoloille, kampaamoille ja kampaamoille.","publisher":{"@id":"https:\/\/valika.eu\/fi\/#organization"},"alternateName":"Valika","potentialAction":[{"@type":"SearchAction","target":{"@type":"EntryPoint","urlTemplate":"https:\/\/valika.eu\/fi\/?s={search_term_string}"},"query-input":{"@type":"PropertyValueSpecification","valueRequired":true,"valueName":"search_term_string"}}],"inLanguage":"fi"},{"@type":"Organization","@id":"https:\/\/valika.eu\/fi\/#organization","name":"Salongitoode O\u00dc","alternateName":"Valika","url":"https:\/\/valika.eu\/fi\/","logo":{"@type":"ImageObject","inLanguage":"fi","@id":"https:\/\/valika.eu\/fi\/#\/schema\/logo\/image\/","url":"https:\/\/valika.eu\/wp-content\/uploads\/2023\/11\/logo2-valika-footer.png","contentUrl":"https:\/\/valika.eu\/wp-content\/uploads\/2023\/11\/logo2-valika-footer.png","width":200,"height":129,"caption":"Salongitoode O\u00dc"},"image":{"@id":"https:\/\/valika.eu\/fi\/#\/schema\/logo\/image\/"},"sameAs":["https:\/\/www.facebook.com\/tipsi.net"]}]}},"jetpack_sharing_enabled":true,"_links":{"self":[{"href":"https:\/\/valika.eu\/fi\/wp-json\/wp\/v2\/product\/13506","targetHints":{"allow":["GET"]}}],"collection":[{"href":"https:\/\/valika.eu\/fi\/wp-json\/wp\/v2\/product"}],"about":[{"href":"https:\/\/valika.eu\/fi\/wp-json\/wp\/v2\/types\/product"}],"wp:featuredmedia":[{"embeddable":true,"href":"https:\/\/valika.eu\/fi\/wp-json\/wp\/v2\/media\/13507"}],"wp:attachment":[{"href":"https:\/\/valika.eu\/fi\/wp-json\/wp\/v2\/media?parent=13506"}],"wp:term":[{"taxonomy":"product_brand","embeddable":true,"href":"https:\/\/valika.eu\/fi\/wp-json\/wp\/v2\/product_brand?post=13506"},{"taxonomy":"product_cat","embeddable":true,"href":"https:\/\/valika.eu\/fi\/wp-json\/wp\/v2\/product_cat?post=13506"},{"taxonomy":"product_tag","embeddable":true,"href":"https:\/\/valika.eu\/fi\/wp-json\/wp\/v2\/product_tag?post=13506"}],"curies":[{"name":"wp","href":"https:\/\/api.w.org\/{rel}","templated":true}]}}