{"id":13510,"date":"2025-03-06T15:46:21","date_gmt":"2025-03-06T13:46:21","guid":{"rendered":"https:\/\/valika.eu\/?post_type=product&#038;p=13510"},"modified":"2026-02-18T15:36:24","modified_gmt":"2026-02-18T13:36:24","slug":"100ml-silcare-nappa-regenerative-panthenol-foot-cream","status":"publish","type":"product","link":"https:\/\/valika.eu\/fi\/toode\/100ml-silcare-nappa-regenerative-panthenol-foot-cream\/","title":{"rendered":"100ml Silcare Nappa Regenerative Panthenol Foot Cream jalakreem"},"content":{"rendered":"<p><\/p>\n<p data-start=\"0\" data-end=\"515\"><strong data-start=\"0\" data-end=\"51\">Silcare Nappa Regenerative Panthenol Foot Cream<\/strong> palauttaa ja pehment\u00e4\u00e4 ihoa, luoden ainutlaatuisen mukavuuden tunteen. D-pantenoli palauttaa ihoa, ja mantel- ja viiniryp\u00e4le\u00f6ljyjen kompleksi kosteuttaa ja pehment\u00e4\u00e4 ihoa. T\u00e4m\u00e4 voide on suunniteltu p\u00e4ivitt\u00e4iseen hoitoon kuiville tai \u00e4rtyneille jalkoille, joissa esiintyy hankaumia ja kovettumia. Glyseriini sitoo ihon kosteutta, kosteuttaa ja suojaa liialliselta kuivuudelta, rauhoittaa, parantaa kimmoisuutta ja edist\u00e4\u00e4 muiden aineiden imeytymist\u00e4 syv\u00e4lle ihoon.<\/p>\n<p data-start=\"517\" data-end=\"1020\">Manteli\u00f6ljy on hyv\u00e4 kosteuttaja ja sis\u00e4lt\u00e4\u00e4 antioksidantteja. Suositellaan kuiville, \u00e4rtyneille ja auringonpolttamille ihoille. Viiniryp\u00e4leensiemen\u00f6ljy on rikas Omega-3, -6, -9 rasvahappojen ja E-vitamiinin osalta, jotka vahvistavat kynnen pintaa ja toimivat antioksidantteina. Se sis\u00e4lt\u00e4\u00e4 jopa 0,5 % fenolisten yhdisteiden ryhm\u00e4n antioksidantteja (vanilli- ja sinihappo). E-vitamiini on ik\u00e4\u00e4ntymist\u00e4 est\u00e4v\u00e4 ainesosa, joka torjuu vapaita radikaaleja, v\u00e4hent\u00e4\u00e4 tulehdusta ja normalisoi ihon reaktiokyvyn.<\/p>\n<p data-start=\"1022\" data-end=\"1099\" data-is-last-node=\"\" data-is-only-node=\"\">Hierotaan puhtaalle ja kuivalle jalkapohjalle, kunnes se on t\u00e4ysin imeytynyt.<\/p>\n<p><\/p>","protected":false},"excerpt":{"rendered":"<p>Silcare Nappa Regenerative Panthenol Foot Cream palauttaa ja pehment\u00e4\u00e4 ihoa, luoden ainutlaatuisen mukavuuden tunteen. D-pantenoli palauttaa ihoa, ja mantel- ja<\/p>\n","protected":false},"featured_media":13512,"template":"","meta":[],"product_brand":[],"product_cat":[638],"product_tag":[],"class_list":{"0":"post-13510","1":"product","2":"type-product","3":"status-publish","4":"has-post-thumbnail","6":"product_cat-kreem","8":"first","9":"instock","10":"taxable","11":"shipping-taxable","12":"purchasable","13":"product-type-simple"},"yoast_head":"<!-- This site is optimized with the Yoast SEO plugin v24.4 - https:\/\/yoast.com\/wordpress\/plugins\/seo\/ -->\n<title>100ml Silcare Nappa Regenerative Panthenol Foot Cream jalakreem | Valika<\/title>\n<meta name=\"robots\" content=\"index, follow, max-snippet:-1, max-image-preview:large, max-video-preview:-1\" \/>\n<link rel=\"canonical\" href=\"https:\/\/valika.eu\/fi\/toode\/100ml-silcare-nappa-regenerative-panthenol-foot-cream\/\" \/>\n<meta property=\"og:locale\" content=\"fi_FI\" \/>\n<meta property=\"og:type\" content=\"article\" \/>\n<meta property=\"og:title\" content=\"100ml Silcare Nappa Regenerative Panthenol Foot Cream jalakreem | Valika\" \/>\n<meta property=\"og:description\" content=\"Silcare Nappa Regenerative Panthenol Foot Cream palauttaa ja pehment\u00e4\u00e4 ihoa, luoden ainutlaatuisen mukavuuden tunteen. D-pantenoli palauttaa ihoa, ja mantel- ja\" \/>\n<meta property=\"og:url\" content=\"https:\/\/valika.eu\/fi\/toode\/100ml-silcare-nappa-regenerative-panthenol-foot-cream\/\" \/>\n<meta property=\"og:site_name\" content=\"Valika\" \/>\n<meta property=\"article:publisher\" content=\"https:\/\/www.facebook.com\/tipsi.net\" \/>\n<meta property=\"article:modified_time\" content=\"2026-02-18T13:36:24+00:00\" \/>\n<meta property=\"og:image\" content=\"https:\/\/valika.eu\/wp-content\/uploads\/2025\/03\/silcare-nappa-hydro-comfort-atpalaiduojantis-pedu-sveit-6527a418e1fcc-900x900-1.jpg\" \/>\n\t<meta property=\"og:image:width\" content=\"879\" \/>\n\t<meta property=\"og:image:height\" content=\"900\" \/>\n\t<meta property=\"og:image:type\" content=\"image\/jpeg\" \/>\n<meta name=\"twitter:card\" content=\"summary_large_image\" \/>\n<script type=\"application\/ld+json\" class=\"yoast-schema-graph\">{\"@context\":\"https:\/\/schema.org\",\"@graph\":[{\"@type\":\"WebPage\",\"@id\":\"https:\/\/valika.eu\/fi\/toode\/100ml-silcare-nappa-regenerative-panthenol-foot-cream\/\",\"url\":\"https:\/\/valika.eu\/fi\/toode\/100ml-silcare-nappa-regenerative-panthenol-foot-cream\/\",\"name\":\"100ml Silcare Nappa Regenerative Panthenol Foot Cream jalakreem | Valika\",\"isPartOf\":{\"@id\":\"https:\/\/valika.eu\/fi\/#website\"},\"primaryImageOfPage\":{\"@id\":\"https:\/\/valika.eu\/fi\/toode\/100ml-silcare-nappa-regenerative-panthenol-foot-cream\/#primaryimage\"},\"image\":{\"@id\":\"https:\/\/valika.eu\/toode\/100ml-silcare-nappa-regenerative-panthenol-foot-cream\/#primaryimage\"},\"thumbnailUrl\":\"https:\/\/valika.eu\/wp-content\/uploads\/2025\/03\/silcare-nappa-hydro-comfort-atpalaiduojantis-pedu-sveit-6527a418e1fcc-900x900-1.jpg\",\"datePublished\":\"2025-03-06T13:46:21+00:00\",\"dateModified\":\"2026-02-18T13:36:24+00:00\",\"breadcrumb\":{\"@id\":\"https:\/\/valika.eu\/fi\/toode\/100ml-silcare-nappa-regenerative-panthenol-foot-cream\/#breadcrumb\"},\"inLanguage\":\"fi\",\"potentialAction\":[{\"@type\":\"ReadAction\",\"target\":[[\"https:\/\/valika.eu\/fi\/toode\/100ml-silcare-nappa-regenerative-panthenol-foot-cream\/\"]]}]},{\"@type\":\"ImageObject\",\"inLanguage\":\"fi\",\"@id\":\"https:\/\/valika.eu\/fi\/toode\/100ml-silcare-nappa-regenerative-panthenol-foot-cream\/#primaryimage\",\"url\":\"https:\/\/valika.eu\/wp-content\/uploads\/2025\/03\/silcare-nappa-hydro-comfort-atpalaiduojantis-pedu-sveit-6527a418e1fcc-900x900-1.jpg\",\"contentUrl\":\"https:\/\/valika.eu\/wp-content\/uploads\/2025\/03\/silcare-nappa-hydro-comfort-atpalaiduojantis-pedu-sveit-6527a418e1fcc-900x900-1.jpg\",\"width\":879,\"height\":900},{\"@type\":\"BreadcrumbList\",\"@id\":\"https:\/\/valika.eu\/fi\/toode\/100ml-silcare-nappa-regenerative-panthenol-foot-cream\/#breadcrumb\",\"itemListElement\":[{\"@type\":\"ListItem\",\"position\":1,\"name\":\"Koti\",\"item\":\"https:\/\/valika.eu\/fi\/\"},{\"@type\":\"ListItem\",\"position\":2,\"name\":\"Shop\",\"item\":\"https:\/\/valika.eu\/fi\/\"},{\"@type\":\"ListItem\",\"position\":3,\"name\":\"100ml Silcare Nappa Regenerative Panthenol Foot Cream jalakreem\"}]},{\"@type\":\"WebSite\",\"@id\":\"https:\/\/valika.eu\/fi\/#website\",\"url\":\"https:\/\/valika.eu\/fi\/\",\"name\":\"Valika.eu\",\"description\":\"Salonkituotteet ja kauneudenhoitotuotteet - Valika tarjoaa laajan valikoiman tuotteita ja tarvikkeita kynsiteknikoille, kauneushoitoloille, kampaamoille ja kampaamoille.\",\"publisher\":{\"@id\":\"https:\/\/valika.eu\/fi\/#organization\"},\"alternateName\":\"Valika\",\"potentialAction\":[{\"@type\":\"SearchAction\",\"target\":{\"@type\":\"EntryPoint\",\"urlTemplate\":\"https:\/\/valika.eu\/fi\/?s={search_term_string}\"},\"query-input\":{\"@type\":\"PropertyValueSpecification\",\"valueRequired\":true,\"valueName\":\"search_term_string\"}}],\"inLanguage\":\"fi\"},{\"@type\":\"Organization\",\"@id\":\"https:\/\/valika.eu\/fi\/#organization\",\"name\":\"Salongitoode O\u00dc\",\"alternateName\":\"Valika\",\"url\":\"https:\/\/valika.eu\/fi\/\",\"logo\":{\"@type\":\"ImageObject\",\"inLanguage\":\"fi\",\"@id\":\"https:\/\/valika.eu\/fi\/#\/schema\/logo\/image\/\",\"url\":\"https:\/\/valika.eu\/wp-content\/uploads\/2023\/11\/logo2-valika-footer.png\",\"contentUrl\":\"https:\/\/valika.eu\/wp-content\/uploads\/2023\/11\/logo2-valika-footer.png\",\"width\":200,\"height\":129,\"caption\":\"Salongitoode O\u00dc\"},\"image\":{\"@id\":\"https:\/\/valika.eu\/fi\/#\/schema\/logo\/image\/\"},\"sameAs\":[\"https:\/\/www.facebook.com\/tipsi.net\"]}]}<\/script>\n<!-- \/ Yoast SEO plugin. -->","yoast_head_json":{"title":"100ml Silcare Nappa Regenerative Panthenol Foot Cream jalakreem | Valika","robots":{"index":"index","follow":"follow","max-snippet":"max-snippet:-1","max-image-preview":"max-image-preview:large","max-video-preview":"max-video-preview:-1"},"canonical":"https:\/\/valika.eu\/fi\/toode\/100ml-silcare-nappa-regenerative-panthenol-foot-cream\/","og_locale":"fi_FI","og_type":"article","og_title":"100ml Silcare Nappa Regenerative Panthenol Foot Cream jalakreem | Valika","og_description":"Silcare Nappa Regenerative Panthenol Foot Cream palauttaa ja pehment\u00e4\u00e4 ihoa, luoden ainutlaatuisen mukavuuden tunteen. D-pantenoli palauttaa ihoa, ja mantel- ja","og_url":"https:\/\/valika.eu\/fi\/toode\/100ml-silcare-nappa-regenerative-panthenol-foot-cream\/","og_site_name":"Valika","article_publisher":"https:\/\/www.facebook.com\/tipsi.net","article_modified_time":"2026-02-18T13:36:24+00:00","og_image":[{"width":879,"height":900,"url":"https:\/\/valika.eu\/wp-content\/uploads\/2025\/03\/silcare-nappa-hydro-comfort-atpalaiduojantis-pedu-sveit-6527a418e1fcc-900x900-1.jpg","type":"image\/jpeg"}],"twitter_card":"summary_large_image","schema":{"@context":"https:\/\/schema.org","@graph":[{"@type":"WebPage","@id":"https:\/\/valika.eu\/fi\/toode\/100ml-silcare-nappa-regenerative-panthenol-foot-cream\/","url":"https:\/\/valika.eu\/fi\/toode\/100ml-silcare-nappa-regenerative-panthenol-foot-cream\/","name":"100ml Silcare Nappa Regenerative Panthenol Foot Cream jalakreem | Valika","isPartOf":{"@id":"https:\/\/valika.eu\/fi\/#website"},"primaryImageOfPage":{"@id":"https:\/\/valika.eu\/fi\/toode\/100ml-silcare-nappa-regenerative-panthenol-foot-cream\/#primaryimage"},"image":{"@id":"https:\/\/valika.eu\/toode\/100ml-silcare-nappa-regenerative-panthenol-foot-cream\/#primaryimage"},"thumbnailUrl":"https:\/\/valika.eu\/wp-content\/uploads\/2025\/03\/silcare-nappa-hydro-comfort-atpalaiduojantis-pedu-sveit-6527a418e1fcc-900x900-1.jpg","datePublished":"2025-03-06T13:46:21+00:00","dateModified":"2026-02-18T13:36:24+00:00","breadcrumb":{"@id":"https:\/\/valika.eu\/fi\/toode\/100ml-silcare-nappa-regenerative-panthenol-foot-cream\/#breadcrumb"},"inLanguage":"fi","potentialAction":[{"@type":"ReadAction","target":[["https:\/\/valika.eu\/fi\/toode\/100ml-silcare-nappa-regenerative-panthenol-foot-cream\/"]]}]},{"@type":"ImageObject","inLanguage":"fi","@id":"https:\/\/valika.eu\/fi\/toode\/100ml-silcare-nappa-regenerative-panthenol-foot-cream\/#primaryimage","url":"https:\/\/valika.eu\/wp-content\/uploads\/2025\/03\/silcare-nappa-hydro-comfort-atpalaiduojantis-pedu-sveit-6527a418e1fcc-900x900-1.jpg","contentUrl":"https:\/\/valika.eu\/wp-content\/uploads\/2025\/03\/silcare-nappa-hydro-comfort-atpalaiduojantis-pedu-sveit-6527a418e1fcc-900x900-1.jpg","width":879,"height":900},{"@type":"BreadcrumbList","@id":"https:\/\/valika.eu\/fi\/toode\/100ml-silcare-nappa-regenerative-panthenol-foot-cream\/#breadcrumb","itemListElement":[{"@type":"ListItem","position":1,"name":"Koti","item":"https:\/\/valika.eu\/fi\/"},{"@type":"ListItem","position":2,"name":"Shop","item":"https:\/\/valika.eu\/fi\/"},{"@type":"ListItem","position":3,"name":"100ml Silcare Nappa Regenerative Panthenol Foot Cream jalakreem"}]},{"@type":"WebSite","@id":"https:\/\/valika.eu\/fi\/#website","url":"https:\/\/valika.eu\/fi\/","name":"Valika.eu","description":"Salonkituotteet ja kauneudenhoitotuotteet - Valika tarjoaa laajan valikoiman tuotteita ja tarvikkeita kynsiteknikoille, kauneushoitoloille, kampaamoille ja kampaamoille.","publisher":{"@id":"https:\/\/valika.eu\/fi\/#organization"},"alternateName":"Valika","potentialAction":[{"@type":"SearchAction","target":{"@type":"EntryPoint","urlTemplate":"https:\/\/valika.eu\/fi\/?s={search_term_string}"},"query-input":{"@type":"PropertyValueSpecification","valueRequired":true,"valueName":"search_term_string"}}],"inLanguage":"fi"},{"@type":"Organization","@id":"https:\/\/valika.eu\/fi\/#organization","name":"Salongitoode O\u00dc","alternateName":"Valika","url":"https:\/\/valika.eu\/fi\/","logo":{"@type":"ImageObject","inLanguage":"fi","@id":"https:\/\/valika.eu\/fi\/#\/schema\/logo\/image\/","url":"https:\/\/valika.eu\/wp-content\/uploads\/2023\/11\/logo2-valika-footer.png","contentUrl":"https:\/\/valika.eu\/wp-content\/uploads\/2023\/11\/logo2-valika-footer.png","width":200,"height":129,"caption":"Salongitoode O\u00dc"},"image":{"@id":"https:\/\/valika.eu\/fi\/#\/schema\/logo\/image\/"},"sameAs":["https:\/\/www.facebook.com\/tipsi.net"]}]}},"jetpack_sharing_enabled":true,"_links":{"self":[{"href":"https:\/\/valika.eu\/fi\/wp-json\/wp\/v2\/product\/13510","targetHints":{"allow":["GET"]}}],"collection":[{"href":"https:\/\/valika.eu\/fi\/wp-json\/wp\/v2\/product"}],"about":[{"href":"https:\/\/valika.eu\/fi\/wp-json\/wp\/v2\/types\/product"}],"wp:featuredmedia":[{"embeddable":true,"href":"https:\/\/valika.eu\/fi\/wp-json\/wp\/v2\/media\/13512"}],"wp:attachment":[{"href":"https:\/\/valika.eu\/fi\/wp-json\/wp\/v2\/media?parent=13510"}],"wp:term":[{"taxonomy":"product_brand","embeddable":true,"href":"https:\/\/valika.eu\/fi\/wp-json\/wp\/v2\/product_brand?post=13510"},{"taxonomy":"product_cat","embeddable":true,"href":"https:\/\/valika.eu\/fi\/wp-json\/wp\/v2\/product_cat?post=13510"},{"taxonomy":"product_tag","embeddable":true,"href":"https:\/\/valika.eu\/fi\/wp-json\/wp\/v2\/product_tag?post=13510"}],"curies":[{"name":"wp","href":"https:\/\/api.w.org\/{rel}","templated":true}]}}