{"id":13513,"date":"2025-03-06T16:11:33","date_gmt":"2025-03-06T14:11:33","guid":{"rendered":"https:\/\/valika.eu\/?post_type=product&#038;p=13513"},"modified":"2026-02-04T16:01:46","modified_gmt":"2026-02-04T14:01:46","slug":"100-ml-niisutav-katekreem-sojaoliga","status":"publish","type":"product","link":"https:\/\/valika.eu\/fi\/toode\/100-ml-niisutav-katekreem-sojaoliga\/","title":{"rendered":"100 ml kosteuttava k\u00e4sivoide soija\u00f6ljyll\u00e4"},"content":{"rendered":"<p><\/p>\n<div class=\"flex-1 grow overflow-hidden @container\/thread\">\n<div class=\"relative h-full\">\n<div class=\"flex h-full flex-col overflow-y-auto [scrollbar-gutter:stable]\">\n<div class=\"flex flex-col text-sm md:pb-9\">\n<article class=\"w-full text-token-text-primary focus-visible:outline-2 focus-visible:outline-offset-[-4px]\" dir=\"auto\" data-testid=\"conversation-turn-51\" data-scroll-anchor=\"true\">\n<div class=\"text-base my-auto mx-auto py-[18px] px-6\">\n<div class=\"mx-auto flex flex-1 text-base gap-4 md:gap-5 lg:gap-6 md:max-w-3xl lg:max-w-[40rem] xl:max-w-[48rem]\">\n<div class=\"group\/conversation-turn relative flex w-full min-w-0 flex-col agent-turn @xs\/thread:px-0 @sm\/thread:px-1.5 @md\/thread:px-4\">\n<div class=\"flex-col gap-1 md:gap-3\">\n<div class=\"flex max-w-full flex-col flex-grow\">\n<div class=\"min-h-8 text-message relative flex w-full flex-col items-end gap-2 whitespace-normal break-words text-start [.text-message+&amp;]:mt-5\" dir=\"auto\" data-message-author-role=\"assistant\" data-message-id=\"969da77c-42e3-44df-b9f0-1d6ba11b4913\" data-message-model-slug=\"gpt-4o-mini\">\n<div class=\"flex w-full flex-col gap-1 empty:hidden first:pt-[3px]\">\n<div class=\"markdown prose w-full break-words dark:prose-invert light\">\n<p data-start=\"3039\" data-end=\"3359\"><strong data-start=\"3052\" data-end=\"3097\">Kosteuttava k\u00e4sivoide soija\u00f6ljyll\u00e4 100 ml<\/strong> on korvaamaton k\u00e4denhoitotuote. Voit tarjota ihollesi juuri sit\u00e4, mit\u00e4 se todella tarvitsee juuri nyt. Meid\u00e4n koostumus kosteuttaa ja suojaa t\u00e4ydellisesti est\u00e4en kuivumista. K\u00e4tesi ansaitsevat parasta mahdollista hoitoa, ja k\u00e4sivoiteemme t\u00e4ytt\u00e4\u00e4 n\u00e4m\u00e4 odotukset.<\/p>\n<p data-start=\"3361\" data-end=\"3715\">Soija\u00f6ljyn ansiosta k\u00e4sivoiteemme toimii kuin taianomainen kilpi vahvistaen ihon luonnollista suojakerrosta. Erityisesti valittu koostumus tuo helpotusta k\u00e4sien p\u00e4ivitt\u00e4isiin haasteisiin. Voiteen levitt\u00e4misen j\u00e4lkeen k\u00e4tesi ovat valmiita toimiin! Pid\u00e4 k\u00e4tesi hyvin hoidettuina ja valmiina tuleviin tapahtumiin, kokeile my\u00f6s k\u00e4sikarkkia So Rose! So Gold!.<\/p>\n<p data-start=\"3717\" data-end=\"3969\">Soija\u00f6ljyll\u00e4 oleva k\u00e4sivoide ei ole vain tehokas suoja, vaan my\u00f6s intensiivinen hoito k\u00e4sillesi. Ainutlaatuinen koostumus rauhoittaa \u00e4rsytyst\u00e4, palauttaa ihon kimmoisuuden ja tekee k\u00e4sist\u00e4si \u00e4\u00e4rimm\u00e4isen vastustuskykyisi\u00e4 s\u00e4\u00e4olosuhteille ja vahingoille.<\/p>\n<p data-start=\"4127\" data-end=\"4233\">Anna k\u00e4sillesi sit\u00e4, mit\u00e4 ne todella tarvitsevat. Valitse kosteuttava k\u00e4sivoide soija\u00f6ljyll\u00e4 ja tunne ero.<\/p>\n<p data-start=\"4235\" data-end=\"4252\"><strong data-start=\"4235\" data-end=\"4252\">Ominaisuudet:<\/strong><\/p>\n<ul data-start=\"4253\" data-end=\"4376\">\n<li data-start=\"4253\" data-end=\"4322\">Sis\u00e4lt\u00e4\u00e4 lesitiini\u00e4, joka auttaa ainesosia imeytym\u00e4\u00e4n syv\u00e4lle ihoon<\/li>\n<li data-start=\"4323\" data-end=\"4338\">Silottaa ihoa<\/li>\n<li data-start=\"4339\" data-end=\"4376\">S\u00e4ilytt\u00e4\u00e4 talintuotannon tasapainoa<\/li>\n<\/ul>\n<p data-start=\"4378\" data-end=\"4490\" data-is-last-node=\"\" data-is-only-node=\"\"><strong data-start=\"4378\" data-end=\"4389\">K\u00e4ytt\u00f6:<\/strong> Hiero Silcare kosteuttavaa k\u00e4sivoidetta puhtaalle ja kuivalle iholle, kunnes se on t\u00e4ysin imeytynyt.<\/p>\n<\/div>\n<\/div>\n<\/div>\n<\/div>\n<div class=\"mb-2 flex gap-3 -ml-2\" tabindex=\"0\">\n<div class=\"items-center justify-start rounded-xl p-1 flex\">\n<div class=\"flex items-center\"><\/div>\n<\/div>\n<\/div>\n<div class=\"mt-3 w-full empty:hidden\">\n<div class=\"text-center\"><\/div>\n<\/div>\n<\/div>\n<div class=\"absolute\">\n<div class=\"flex items-center justify-center\"><\/div>\n<\/div>\n<\/div>\n<\/div>\n<\/div>\n<\/article>\n<div class=\"pointer-events-none h-px w-px\" aria-hidden=\"true\" data-edge=\"true\"><\/div>\n<div><\/div>\n<\/div>\n<\/div>\n<\/div>\n<\/div>\n<div class=\"isolate w-full has-[[data-has-thread-error]]:pt-2 has-[[data-has-thread-error]]:[box-shadow:var(--sharp-edge-bottom-shadow)] dark:border-white\/20 md:border-transparent md:pt-0 md:dark:border-transparent\">\n<div class=\"text-base mx-auto px-3 md:px-4 w-full md:px-5 lg:px-4 xl:px-5\">\n<div class=\"mx-auto flex flex-1 text-base gap-4 md:gap-5 lg:gap-6 md:max-w-3xl lg:max-w-[40rem] xl:max-w-[48rem]\">\n<div class=\"flex justify-center empty:hidden\"><\/div>\n<form class=\"w-full\" aria-haspopup=\"dialog\" aria-expanded=\"false\" aria-controls=\"radix-:r1f:\" data-state=\"closed\">\n<div class=\"relative z-[1] flex h-full max-w-full flex-1 flex-col\">\n<div class=\"absolute bottom-full left-0 right-0 z-20\"><\/div>\n<div class=\"group relative z-[1] flex w-full items-center\">\n<div class=\"w-full\">\n<div id=\"composer-background\" class=\"flex w-full cursor-text flex-col rounded-3xl border border-token-border-light px-3 py-1 duration-150 ease-in-out contain-inline-size motion-safe:transition-[color,background-color,border-color,text-decoration-color,fill,stroke,box-shadow] dark:border-none dark:shadow-none shadow-[0_9px_9px_0px_rgba(0,0,0,0.01),_0_2px_5px_0px_rgba(0,0,0,0.06)] has-[:focus]:shadow-[0_2px_12px_0px_rgba(0,0,0,0.04),_0_9px_9px_0px_rgba(0,0,0,0.01),_0_2px_5px_0px_rgba(0,0,0,0.06)] bg-token-main-surface-primary dark:bg-[#303030]\">\n<div class=\"flex flex-col justify-start\">\n<div class=\"flex min-h-[44px] items-start pl-1\">\n<div class=\"min-w-0 max-w-full flex-1\">\n<div class=\"_prosemirror-parent_1r7mb_1 text-token-text-primary max-h-[25dvh] max-h-52 overflow-auto default-browser\"><textarea class=\"block h-10 w-full resize-none border-0 bg-transparent px-0 py-2 text-token-text-primary placeholder:text-token-text-tertiary\" placeholder=\"K\u00fcsige, mida tahes\" data-virtualkeyboard=\"true\"><\/textarea><script>window.__oai_logHTML?window.__oai_logHTML():window.__oai_SSR_HTML=window.__oai_SSR_HTML||Date.now();requestAnimationFrame((function(){window.__oai_logTTI?window.__oai_logTTI():window.__oai_SSR_TTI=window.__oai_SSR_TTI||Date.now()}))<\/script><\/p>\n<div id=\"prompt-textarea\" class=\"ProseMirror\" contenteditable=\"true\" translate=\"no\" data-virtualkeyboard=\"true\"><\/div>\n<\/div>\n<\/div>\n<\/div>\n<\/div>\n<\/div>\n<\/div>\n<\/div>\n<\/div>\n<\/form>\n<\/div>\n<\/div>\n<\/div>\n<p><\/p>","protected":false},"excerpt":{"rendered":"<p>Kosteuttava k\u00e4sivoide soija\u00f6ljyll\u00e4 100 ml on korvaamaton k\u00e4denhoitotuote. Voit tarjota ihollesi juuri sit\u00e4, mit\u00e4 se todella tarvitsee juuri nyt. Meid\u00e4n<\/p>\n","protected":false},"featured_media":13514,"template":"","meta":[],"product_brand":[],"product_cat":[638],"product_tag":[],"class_list":{"0":"post-13513","1":"product","2":"type-product","3":"status-publish","4":"has-post-thumbnail","6":"product_cat-kreem","8":"first","9":"outofstock","10":"taxable","11":"shipping-taxable","12":"purchasable","13":"product-type-simple"},"yoast_head":"<!-- This site is optimized with the Yoast SEO plugin v24.4 - https:\/\/yoast.com\/wordpress\/plugins\/seo\/ -->\n<title>100 ml kosteuttava k\u00e4sivoide soija\u00f6ljyll\u00e4 | Valika<\/title>\n<meta name=\"robots\" content=\"index, follow, max-snippet:-1, max-image-preview:large, max-video-preview:-1\" \/>\n<link rel=\"canonical\" href=\"https:\/\/valika.eu\/fi\/toode\/100-ml-niisutav-katekreem-sojaoliga\/\" \/>\n<meta property=\"og:locale\" content=\"fi_FI\" \/>\n<meta property=\"og:type\" content=\"article\" \/>\n<meta property=\"og:title\" content=\"100 ml kosteuttava k\u00e4sivoide soija\u00f6ljyll\u00e4 | Valika\" \/>\n<meta property=\"og:description\" content=\"Kosteuttava k\u00e4sivoide soija\u00f6ljyll\u00e4 100 ml on korvaamaton k\u00e4denhoitotuote. Voit tarjota ihollesi juuri sit\u00e4, mit\u00e4 se todella tarvitsee juuri nyt. Meid\u00e4n\" \/>\n<meta property=\"og:url\" content=\"https:\/\/valika.eu\/fi\/toode\/100-ml-niisutav-katekreem-sojaoliga\/\" \/>\n<meta property=\"og:site_name\" content=\"Valika\" \/>\n<meta property=\"article:publisher\" content=\"https:\/\/www.facebook.com\/tipsi.net\" \/>\n<meta property=\"article:modified_time\" content=\"2026-02-04T14:01:46+00:00\" \/>\n<meta property=\"og:image\" content=\"https:\/\/valika.eu\/wp-content\/uploads\/2025\/03\/eng_pl_Moisturizing-hand-cream-with-soybean-oil-100.webp\" \/>\n\t<meta property=\"og:image:width\" content=\"1000\" \/>\n\t<meta property=\"og:image:height\" content=\"1000\" \/>\n\t<meta property=\"og:image:type\" content=\"image\/webp\" \/>\n<meta name=\"twitter:card\" content=\"summary_large_image\" \/>\n<script type=\"application\/ld+json\" class=\"yoast-schema-graph\">{\"@context\":\"https:\/\/schema.org\",\"@graph\":[{\"@type\":\"WebPage\",\"@id\":\"https:\/\/valika.eu\/fi\/toode\/100-ml-niisutav-katekreem-sojaoliga\/\",\"url\":\"https:\/\/valika.eu\/fi\/toode\/100-ml-niisutav-katekreem-sojaoliga\/\",\"name\":\"100 ml kosteuttava k\u00e4sivoide soija\u00f6ljyll\u00e4 | Valika\",\"isPartOf\":{\"@id\":\"https:\/\/valika.eu\/fi\/#website\"},\"primaryImageOfPage\":{\"@id\":\"https:\/\/valika.eu\/fi\/toode\/100-ml-niisutav-katekreem-sojaoliga\/#primaryimage\"},\"image\":{\"@id\":\"https:\/\/valika.eu\/toode\/100-ml-niisutav-katekreem-sojaoliga\/#primaryimage\"},\"thumbnailUrl\":\"https:\/\/valika.eu\/wp-content\/uploads\/2025\/03\/eng_pl_Moisturizing-hand-cream-with-soybean-oil-100.webp\",\"datePublished\":\"2025-03-06T14:11:33+00:00\",\"dateModified\":\"2026-02-04T14:01:46+00:00\",\"breadcrumb\":{\"@id\":\"https:\/\/valika.eu\/fi\/toode\/100-ml-niisutav-katekreem-sojaoliga\/#breadcrumb\"},\"inLanguage\":\"fi\",\"potentialAction\":[{\"@type\":\"ReadAction\",\"target\":[[\"https:\/\/valika.eu\/fi\/toode\/100-ml-niisutav-katekreem-sojaoliga\/\"]]}]},{\"@type\":\"ImageObject\",\"inLanguage\":\"fi\",\"@id\":\"https:\/\/valika.eu\/fi\/toode\/100-ml-niisutav-katekreem-sojaoliga\/#primaryimage\",\"url\":\"https:\/\/valika.eu\/wp-content\/uploads\/2025\/03\/eng_pl_Moisturizing-hand-cream-with-soybean-oil-100.webp\",\"contentUrl\":\"https:\/\/valika.eu\/wp-content\/uploads\/2025\/03\/eng_pl_Moisturizing-hand-cream-with-soybean-oil-100.webp\",\"width\":1000,\"height\":1000},{\"@type\":\"BreadcrumbList\",\"@id\":\"https:\/\/valika.eu\/fi\/toode\/100-ml-niisutav-katekreem-sojaoliga\/#breadcrumb\",\"itemListElement\":[{\"@type\":\"ListItem\",\"position\":1,\"name\":\"Koti\",\"item\":\"https:\/\/valika.eu\/fi\/\"},{\"@type\":\"ListItem\",\"position\":2,\"name\":\"Shop\",\"item\":\"https:\/\/valika.eu\/fi\/\"},{\"@type\":\"ListItem\",\"position\":3,\"name\":\"100 \u043c\u043b \u0443\u0432\u043b\u0430\u0436\u043d\u044f\u044e\u0449\u0438\u0439 \u043a\u0440\u0435\u043c \u0434\u043b\u044f \u0440\u0443\u043a \u0441 \u0441\u043e\u0435\u0432\u044b\u043c \u043c\u0430\u0441\u043b\u043e\u043c\"}]},{\"@type\":\"WebSite\",\"@id\":\"https:\/\/valika.eu\/fi\/#website\",\"url\":\"https:\/\/valika.eu\/fi\/\",\"name\":\"Valika.eu\",\"description\":\"Salonkituotteet ja kauneudenhoitotuotteet - Valika tarjoaa laajan valikoiman tuotteita ja tarvikkeita kynsiteknikoille, kauneushoitoloille, kampaamoille ja kampaamoille.\",\"publisher\":{\"@id\":\"https:\/\/valika.eu\/fi\/#organization\"},\"alternateName\":\"Valika\",\"potentialAction\":[{\"@type\":\"SearchAction\",\"target\":{\"@type\":\"EntryPoint\",\"urlTemplate\":\"https:\/\/valika.eu\/fi\/?s={search_term_string}\"},\"query-input\":{\"@type\":\"PropertyValueSpecification\",\"valueRequired\":true,\"valueName\":\"search_term_string\"}}],\"inLanguage\":\"fi\"},{\"@type\":\"Organization\",\"@id\":\"https:\/\/valika.eu\/fi\/#organization\",\"name\":\"Salongitoode O\u00dc\",\"alternateName\":\"Valika\",\"url\":\"https:\/\/valika.eu\/fi\/\",\"logo\":{\"@type\":\"ImageObject\",\"inLanguage\":\"fi\",\"@id\":\"https:\/\/valika.eu\/fi\/#\/schema\/logo\/image\/\",\"url\":\"https:\/\/valika.eu\/wp-content\/uploads\/2023\/11\/logo2-valika-footer.png\",\"contentUrl\":\"https:\/\/valika.eu\/wp-content\/uploads\/2023\/11\/logo2-valika-footer.png\",\"width\":200,\"height\":129,\"caption\":\"Salongitoode O\u00dc\"},\"image\":{\"@id\":\"https:\/\/valika.eu\/fi\/#\/schema\/logo\/image\/\"},\"sameAs\":[\"https:\/\/www.facebook.com\/tipsi.net\"]}]}<\/script>\n<!-- \/ Yoast SEO plugin. -->","yoast_head_json":{"title":"100 ml kosteuttava k\u00e4sivoide soija\u00f6ljyll\u00e4 | Valika","robots":{"index":"index","follow":"follow","max-snippet":"max-snippet:-1","max-image-preview":"max-image-preview:large","max-video-preview":"max-video-preview:-1"},"canonical":"https:\/\/valika.eu\/fi\/toode\/100-ml-niisutav-katekreem-sojaoliga\/","og_locale":"fi_FI","og_type":"article","og_title":"100 ml kosteuttava k\u00e4sivoide soija\u00f6ljyll\u00e4 | Valika","og_description":"Kosteuttava k\u00e4sivoide soija\u00f6ljyll\u00e4 100 ml on korvaamaton k\u00e4denhoitotuote. Voit tarjota ihollesi juuri sit\u00e4, mit\u00e4 se todella tarvitsee juuri nyt. Meid\u00e4n","og_url":"https:\/\/valika.eu\/fi\/toode\/100-ml-niisutav-katekreem-sojaoliga\/","og_site_name":"Valika","article_publisher":"https:\/\/www.facebook.com\/tipsi.net","article_modified_time":"2026-02-04T14:01:46+00:00","og_image":[{"width":1000,"height":1000,"url":"https:\/\/valika.eu\/wp-content\/uploads\/2025\/03\/eng_pl_Moisturizing-hand-cream-with-soybean-oil-100.webp","type":"image\/webp"}],"twitter_card":"summary_large_image","schema":{"@context":"https:\/\/schema.org","@graph":[{"@type":"WebPage","@id":"https:\/\/valika.eu\/fi\/toode\/100-ml-niisutav-katekreem-sojaoliga\/","url":"https:\/\/valika.eu\/fi\/toode\/100-ml-niisutav-katekreem-sojaoliga\/","name":"100 ml kosteuttava k\u00e4sivoide soija\u00f6ljyll\u00e4 | Valika","isPartOf":{"@id":"https:\/\/valika.eu\/fi\/#website"},"primaryImageOfPage":{"@id":"https:\/\/valika.eu\/fi\/toode\/100-ml-niisutav-katekreem-sojaoliga\/#primaryimage"},"image":{"@id":"https:\/\/valika.eu\/toode\/100-ml-niisutav-katekreem-sojaoliga\/#primaryimage"},"thumbnailUrl":"https:\/\/valika.eu\/wp-content\/uploads\/2025\/03\/eng_pl_Moisturizing-hand-cream-with-soybean-oil-100.webp","datePublished":"2025-03-06T14:11:33+00:00","dateModified":"2026-02-04T14:01:46+00:00","breadcrumb":{"@id":"https:\/\/valika.eu\/fi\/toode\/100-ml-niisutav-katekreem-sojaoliga\/#breadcrumb"},"inLanguage":"fi","potentialAction":[{"@type":"ReadAction","target":[["https:\/\/valika.eu\/fi\/toode\/100-ml-niisutav-katekreem-sojaoliga\/"]]}]},{"@type":"ImageObject","inLanguage":"fi","@id":"https:\/\/valika.eu\/fi\/toode\/100-ml-niisutav-katekreem-sojaoliga\/#primaryimage","url":"https:\/\/valika.eu\/wp-content\/uploads\/2025\/03\/eng_pl_Moisturizing-hand-cream-with-soybean-oil-100.webp","contentUrl":"https:\/\/valika.eu\/wp-content\/uploads\/2025\/03\/eng_pl_Moisturizing-hand-cream-with-soybean-oil-100.webp","width":1000,"height":1000},{"@type":"BreadcrumbList","@id":"https:\/\/valika.eu\/fi\/toode\/100-ml-niisutav-katekreem-sojaoliga\/#breadcrumb","itemListElement":[{"@type":"ListItem","position":1,"name":"Koti","item":"https:\/\/valika.eu\/fi\/"},{"@type":"ListItem","position":2,"name":"Shop","item":"https:\/\/valika.eu\/fi\/"},{"@type":"ListItem","position":3,"name":"100 \u043c\u043b \u0443\u0432\u043b\u0430\u0436\u043d\u044f\u044e\u0449\u0438\u0439 \u043a\u0440\u0435\u043c \u0434\u043b\u044f \u0440\u0443\u043a \u0441 \u0441\u043e\u0435\u0432\u044b\u043c \u043c\u0430\u0441\u043b\u043e\u043c"}]},{"@type":"WebSite","@id":"https:\/\/valika.eu\/fi\/#website","url":"https:\/\/valika.eu\/fi\/","name":"Valika.eu","description":"Salonkituotteet ja kauneudenhoitotuotteet - Valika tarjoaa laajan valikoiman tuotteita ja tarvikkeita kynsiteknikoille, kauneushoitoloille, kampaamoille ja kampaamoille.","publisher":{"@id":"https:\/\/valika.eu\/fi\/#organization"},"alternateName":"Valika","potentialAction":[{"@type":"SearchAction","target":{"@type":"EntryPoint","urlTemplate":"https:\/\/valika.eu\/fi\/?s={search_term_string}"},"query-input":{"@type":"PropertyValueSpecification","valueRequired":true,"valueName":"search_term_string"}}],"inLanguage":"fi"},{"@type":"Organization","@id":"https:\/\/valika.eu\/fi\/#organization","name":"Salongitoode O\u00dc","alternateName":"Valika","url":"https:\/\/valika.eu\/fi\/","logo":{"@type":"ImageObject","inLanguage":"fi","@id":"https:\/\/valika.eu\/fi\/#\/schema\/logo\/image\/","url":"https:\/\/valika.eu\/wp-content\/uploads\/2023\/11\/logo2-valika-footer.png","contentUrl":"https:\/\/valika.eu\/wp-content\/uploads\/2023\/11\/logo2-valika-footer.png","width":200,"height":129,"caption":"Salongitoode O\u00dc"},"image":{"@id":"https:\/\/valika.eu\/fi\/#\/schema\/logo\/image\/"},"sameAs":["https:\/\/www.facebook.com\/tipsi.net"]}]}},"jetpack_sharing_enabled":true,"_links":{"self":[{"href":"https:\/\/valika.eu\/fi\/wp-json\/wp\/v2\/product\/13513","targetHints":{"allow":["GET"]}}],"collection":[{"href":"https:\/\/valika.eu\/fi\/wp-json\/wp\/v2\/product"}],"about":[{"href":"https:\/\/valika.eu\/fi\/wp-json\/wp\/v2\/types\/product"}],"wp:featuredmedia":[{"embeddable":true,"href":"https:\/\/valika.eu\/fi\/wp-json\/wp\/v2\/media\/13514"}],"wp:attachment":[{"href":"https:\/\/valika.eu\/fi\/wp-json\/wp\/v2\/media?parent=13513"}],"wp:term":[{"taxonomy":"product_brand","embeddable":true,"href":"https:\/\/valika.eu\/fi\/wp-json\/wp\/v2\/product_brand?post=13513"},{"taxonomy":"product_cat","embeddable":true,"href":"https:\/\/valika.eu\/fi\/wp-json\/wp\/v2\/product_cat?post=13513"},{"taxonomy":"product_tag","embeddable":true,"href":"https:\/\/valika.eu\/fi\/wp-json\/wp\/v2\/product_tag?post=13513"}],"curies":[{"name":"wp","href":"https:\/\/api.w.org\/{rel}","templated":true}]}}