{"id":13515,"date":"2025-03-06T16:31:31","date_gmt":"2025-03-06T14:31:31","guid":{"rendered":"https:\/\/valika.eu\/?post_type=product&#038;p=13515"},"modified":"2026-02-04T16:01:23","modified_gmt":"2026-02-04T14:01:23","slug":"100-ml-kreemine-katekoorija-linaseemneoliga","status":"publish","type":"product","link":"https:\/\/valika.eu\/fi\/toode\/100-ml-kreemine-katekoorija-linaseemneoliga\/","title":{"rendered":"100 ml Kermainen k\u00e4teskrabi regeneroivalla pellavansiemen\u00f6ljyll\u00e4"},"content":{"rendered":"<p class=\"qtranxs-available-languages-message qtranxs-available-languages-message-fi\">T\u00e4m\u00e4 teksti on valitettavasti saatavilla vain kielill\u00e4: <a href=\"https:\/\/valika.eu\/et\/wp-json\/wp\/v2\/product\/13515\" class=\"qtranxs-available-language-link qtranxs-available-language-link-et\" title=\"Eesti\">Eesti<\/a>, <a href=\"https:\/\/valika.eu\/ru\/wp-json\/wp\/v2\/product\/13515\" class=\"qtranxs-available-language-link qtranxs-available-language-link-ru\" title=\"\u0420\u0443\u0441\u0441\u043a\u0438\u0439\">\u0420\u0443\u0441\u0441\u043a\u0438\u0439<\/a> ja <a href=\"https:\/\/valika.eu\/en\/wp-json\/wp\/v2\/product\/13515\" class=\"qtranxs-available-language-link qtranxs-available-language-link-en\" title=\"English\">English<\/a>.<\/p><p><\/p>\n<p data-start=\"0\" data-end=\"91\">Avasta \u00f5lide hooldav j\u00f5ud Silcare Regeneratiivse Linaseemne\u00f5li K\u00e4tekoorijaga.<\/p>\n<p data-start=\"93\" data-end=\"316\">Linaseemne\u00f5li sisaldav regeneratiivne k\u00e4tekoorija, mis koorib efektiivselt, silub ja pehmendab l\u00f5henenud ja kallusekandvaid k\u00e4si. Toode sisaldab Omega-3+6 rasvhappeid, mis toidavad ja toetavad naha regeneratsiooniprotsessi.<\/p>\n<p data-start=\"318\" data-end=\"624\">Linaseemne\u00f5li t\u00e4iendab lipiidbarj\u00e4\u00e4ri, takistab vee kadu, toetab epidermise regeneratsiooniprotsessi ning aitab s\u00e4ilitada rakkude terviklikkust. Kuigi seda soovitatakse enamasti v\u00e4ga kuivale, n\u00f5rgale ja l\u00f5henevale nahale, v\u00f5ib linaseemne\u00f5li kasutada ka rasusele nahale, kuna see normaliseerib rasu eritust.<\/p>\n<p data-start=\"626\" data-end=\"796\"><strong data-start=\"626\" data-end=\"644\">Kasutusjuhend:<\/strong> Kanna Silcare Regeneratiivne Linaseemne\u00f5li K\u00e4tekoorija k\u00e4tele, masseeri \u00f5rnalt ringjate liikumistega umbes 1 minut, seej\u00e4rel loputa ja patsuta kuivaks.<\/p>\n<p data-start=\"798\" data-end=\"983\"><strong data-start=\"798\" data-end=\"813\">Kasutamine:<\/strong> Kanna niiskele kehale, masseeri ringjate liikumistega ja loputa. <strong data-start=\"879\" data-end=\"894\">T\u00e4helepanu:<\/strong> \u00c4ra kasuta \u00e4rritunud nahal, p\u00e4rast depilatsiooni ega kohe p\u00e4rast p\u00e4ikese k\u00e4es viibimist.<\/p>\n<p data-start=\"985\" data-end=\"1319\"><strong data-start=\"985\" data-end=\"1001\">Koostisosad:<\/strong> Aqua, Cetearyl Alcohol, Pumice, Ceteareth-20, Isopropyl Myristate, Caprylic\/Capric Triglyceride, Glycerin, Tocopheryl Acetate, Linum Usitatissimum Seed Oil, Persea Gratissima Oil, Parfum, Tetrasodium EDTA, DMDM Hydantoin, Methylparaben, Propylparaben, Benzyl Benzoate, Hexyl Cinnamal, Linalool, Citronellol, Limonene.<\/p>\n<p><\/p>","protected":false},"excerpt":{"rendered":"<p>T\u00e4m\u00e4 teksti on valitettavasti saatavilla vain kielill\u00e4: Eesti, \u0420\u0443\u0441\u0441\u043a\u0438\u0439 ja English. Avasta \u00f5lide hooldav j\u00f5ud Silcare Regeneratiivse Linaseemne\u00f5li K\u00e4tekoorijaga. Linaseemne\u00f5li<\/p>\n","protected":false},"featured_media":13516,"template":"","meta":[],"product_brand":[],"product_cat":[638],"product_tag":[],"class_list":{"0":"post-13515","1":"product","2":"type-product","3":"status-publish","4":"has-post-thumbnail","6":"product_cat-kreem","8":"first","9":"outofstock","10":"taxable","11":"shipping-taxable","12":"purchasable","13":"product-type-simple"},"yoast_head":"<!-- This site is optimized with the Yoast SEO plugin v24.4 - https:\/\/yoast.com\/wordpress\/plugins\/seo\/ -->\n<title>100 ml Kermainen k\u00e4teskrabi regeneroivalla pellavansiemen\u00f6ljyll\u00e4 | Valika<\/title>\n<meta name=\"robots\" content=\"index, follow, max-snippet:-1, max-image-preview:large, max-video-preview:-1\" \/>\n<link rel=\"canonical\" href=\"https:\/\/valika.eu\/fi\/toode\/100-ml-kreemine-katekoorija-linaseemneoliga\/\" \/>\n<meta property=\"og:locale\" content=\"fi_FI\" \/>\n<meta property=\"og:type\" content=\"article\" \/>\n<meta property=\"og:title\" content=\"100 ml Kermainen k\u00e4teskrabi regeneroivalla pellavansiemen\u00f6ljyll\u00e4 | Valika\" \/>\n<meta property=\"og:description\" content=\"T\u00e4m\u00e4 teksti on valitettavasti saatavilla vain kielill\u00e4: Eesti, \u0420\u0443\u0441\u0441\u043a\u0438\u0439 ja English. Avasta \u00f5lide hooldav j\u00f5ud Silcare Regeneratiivse Linaseemne\u00f5li K\u00e4tekoorijaga. Linaseemne\u00f5li\" \/>\n<meta property=\"og:url\" content=\"https:\/\/valika.eu\/fi\/toode\/100-ml-kreemine-katekoorija-linaseemneoliga\/\" \/>\n<meta property=\"og:site_name\" content=\"Valika\" \/>\n<meta property=\"article:publisher\" content=\"https:\/\/www.facebook.com\/tipsi.net\" \/>\n<meta property=\"article:modified_time\" content=\"2026-02-04T14:01:23+00:00\" \/>\n<meta property=\"og:image\" content=\"https:\/\/valika.eu\/wp-content\/uploads\/2025\/03\/eng_pl_Creamy-Hand-Scrub-regenerative-flaxseed-oil-100-.webp\" \/>\n\t<meta property=\"og:image:width\" content=\"1000\" \/>\n\t<meta property=\"og:image:height\" content=\"1000\" \/>\n\t<meta property=\"og:image:type\" content=\"image\/webp\" \/>\n<meta name=\"twitter:card\" content=\"summary_large_image\" \/>\n<script type=\"application\/ld+json\" class=\"yoast-schema-graph\">{\"@context\":\"https:\/\/schema.org\",\"@graph\":[{\"@type\":\"WebPage\",\"@id\":\"https:\/\/valika.eu\/fi\/toode\/100-ml-kreemine-katekoorija-linaseemneoliga\/\",\"url\":\"https:\/\/valika.eu\/fi\/toode\/100-ml-kreemine-katekoorija-linaseemneoliga\/\",\"name\":\"100 ml Kermainen k\u00e4teskrabi regeneroivalla pellavansiemen\u00f6ljyll\u00e4 | Valika\",\"isPartOf\":{\"@id\":\"https:\/\/valika.eu\/fi\/#website\"},\"primaryImageOfPage\":{\"@id\":\"https:\/\/valika.eu\/fi\/toode\/100-ml-kreemine-katekoorija-linaseemneoliga\/#primaryimage\"},\"image\":{\"@id\":\"https:\/\/valika.eu\/toode\/100-ml-kreemine-katekoorija-linaseemneoliga\/#primaryimage\"},\"thumbnailUrl\":\"https:\/\/valika.eu\/wp-content\/uploads\/2025\/03\/eng_pl_Creamy-Hand-Scrub-regenerative-flaxseed-oil-100-.webp\",\"datePublished\":\"2025-03-06T14:31:31+00:00\",\"dateModified\":\"2026-02-04T14:01:23+00:00\",\"breadcrumb\":{\"@id\":\"https:\/\/valika.eu\/fi\/toode\/100-ml-kreemine-katekoorija-linaseemneoliga\/#breadcrumb\"},\"inLanguage\":\"fi\",\"potentialAction\":[{\"@type\":\"ReadAction\",\"target\":[[\"https:\/\/valika.eu\/fi\/toode\/100-ml-kreemine-katekoorija-linaseemneoliga\/\"]]}]},{\"@type\":\"ImageObject\",\"inLanguage\":\"fi\",\"@id\":\"https:\/\/valika.eu\/fi\/toode\/100-ml-kreemine-katekoorija-linaseemneoliga\/#primaryimage\",\"url\":\"https:\/\/valika.eu\/wp-content\/uploads\/2025\/03\/eng_pl_Creamy-Hand-Scrub-regenerative-flaxseed-oil-100-.webp\",\"contentUrl\":\"https:\/\/valika.eu\/wp-content\/uploads\/2025\/03\/eng_pl_Creamy-Hand-Scrub-regenerative-flaxseed-oil-100-.webp\",\"width\":1000,\"height\":1000},{\"@type\":\"BreadcrumbList\",\"@id\":\"https:\/\/valika.eu\/fi\/toode\/100-ml-kreemine-katekoorija-linaseemneoliga\/#breadcrumb\",\"itemListElement\":[{\"@type\":\"ListItem\",\"position\":1,\"name\":\"Koti\",\"item\":\"https:\/\/valika.eu\/fi\/\"},{\"@type\":\"ListItem\",\"position\":2,\"name\":\"Shop\",\"item\":\"https:\/\/valika.eu\/fi\/\"},{\"@type\":\"ListItem\",\"position\":3,\"name\":\"100 \u043c\u043b \u041a\u0440\u0435\u043c\u043e\u0432\u044b\u0439 \u0441\u043a\u0440\u0430\u0431 \u0434\u043b\u044f \u0440\u0443\u043a \u0441 \u0440\u0435\u0433\u0435\u043d\u0435\u0440\u0438\u0440\u0443\u044e\u0449\u0438\u043c \u043b\u044c\u043d\u044f\u043d\u044b\u043c \u043c\u0430\u0441\u043b\u043e\u043c\"}]},{\"@type\":\"WebSite\",\"@id\":\"https:\/\/valika.eu\/fi\/#website\",\"url\":\"https:\/\/valika.eu\/fi\/\",\"name\":\"Valika.eu\",\"description\":\"Salonkituotteet ja kauneudenhoitotuotteet - Valika tarjoaa laajan valikoiman tuotteita ja tarvikkeita kynsiteknikoille, kauneushoitoloille, kampaamoille ja kampaamoille.\",\"publisher\":{\"@id\":\"https:\/\/valika.eu\/fi\/#organization\"},\"alternateName\":\"Valika\",\"potentialAction\":[{\"@type\":\"SearchAction\",\"target\":{\"@type\":\"EntryPoint\",\"urlTemplate\":\"https:\/\/valika.eu\/fi\/?s={search_term_string}\"},\"query-input\":{\"@type\":\"PropertyValueSpecification\",\"valueRequired\":true,\"valueName\":\"search_term_string\"}}],\"inLanguage\":\"fi\"},{\"@type\":\"Organization\",\"@id\":\"https:\/\/valika.eu\/fi\/#organization\",\"name\":\"Salongitoode O\u00dc\",\"alternateName\":\"Valika\",\"url\":\"https:\/\/valika.eu\/fi\/\",\"logo\":{\"@type\":\"ImageObject\",\"inLanguage\":\"fi\",\"@id\":\"https:\/\/valika.eu\/fi\/#\/schema\/logo\/image\/\",\"url\":\"https:\/\/valika.eu\/wp-content\/uploads\/2023\/11\/logo2-valika-footer.png\",\"contentUrl\":\"https:\/\/valika.eu\/wp-content\/uploads\/2023\/11\/logo2-valika-footer.png\",\"width\":200,\"height\":129,\"caption\":\"Salongitoode O\u00dc\"},\"image\":{\"@id\":\"https:\/\/valika.eu\/fi\/#\/schema\/logo\/image\/\"},\"sameAs\":[\"https:\/\/www.facebook.com\/tipsi.net\"]}]}<\/script>\n<!-- \/ Yoast SEO plugin. -->","yoast_head_json":{"title":"100 ml Kermainen k\u00e4teskrabi regeneroivalla pellavansiemen\u00f6ljyll\u00e4 | Valika","robots":{"index":"index","follow":"follow","max-snippet":"max-snippet:-1","max-image-preview":"max-image-preview:large","max-video-preview":"max-video-preview:-1"},"canonical":"https:\/\/valika.eu\/fi\/toode\/100-ml-kreemine-katekoorija-linaseemneoliga\/","og_locale":"fi_FI","og_type":"article","og_title":"100 ml Kermainen k\u00e4teskrabi regeneroivalla pellavansiemen\u00f6ljyll\u00e4 | Valika","og_description":"T\u00e4m\u00e4 teksti on valitettavasti saatavilla vain kielill\u00e4: Eesti, \u0420\u0443\u0441\u0441\u043a\u0438\u0439 ja English. Avasta \u00f5lide hooldav j\u00f5ud Silcare Regeneratiivse Linaseemne\u00f5li K\u00e4tekoorijaga. Linaseemne\u00f5li","og_url":"https:\/\/valika.eu\/fi\/toode\/100-ml-kreemine-katekoorija-linaseemneoliga\/","og_site_name":"Valika","article_publisher":"https:\/\/www.facebook.com\/tipsi.net","article_modified_time":"2026-02-04T14:01:23+00:00","og_image":[{"width":1000,"height":1000,"url":"https:\/\/valika.eu\/wp-content\/uploads\/2025\/03\/eng_pl_Creamy-Hand-Scrub-regenerative-flaxseed-oil-100-.webp","type":"image\/webp"}],"twitter_card":"summary_large_image","schema":{"@context":"https:\/\/schema.org","@graph":[{"@type":"WebPage","@id":"https:\/\/valika.eu\/fi\/toode\/100-ml-kreemine-katekoorija-linaseemneoliga\/","url":"https:\/\/valika.eu\/fi\/toode\/100-ml-kreemine-katekoorija-linaseemneoliga\/","name":"100 ml Kermainen k\u00e4teskrabi regeneroivalla pellavansiemen\u00f6ljyll\u00e4 | Valika","isPartOf":{"@id":"https:\/\/valika.eu\/fi\/#website"},"primaryImageOfPage":{"@id":"https:\/\/valika.eu\/fi\/toode\/100-ml-kreemine-katekoorija-linaseemneoliga\/#primaryimage"},"image":{"@id":"https:\/\/valika.eu\/toode\/100-ml-kreemine-katekoorija-linaseemneoliga\/#primaryimage"},"thumbnailUrl":"https:\/\/valika.eu\/wp-content\/uploads\/2025\/03\/eng_pl_Creamy-Hand-Scrub-regenerative-flaxseed-oil-100-.webp","datePublished":"2025-03-06T14:31:31+00:00","dateModified":"2026-02-04T14:01:23+00:00","breadcrumb":{"@id":"https:\/\/valika.eu\/fi\/toode\/100-ml-kreemine-katekoorija-linaseemneoliga\/#breadcrumb"},"inLanguage":"fi","potentialAction":[{"@type":"ReadAction","target":[["https:\/\/valika.eu\/fi\/toode\/100-ml-kreemine-katekoorija-linaseemneoliga\/"]]}]},{"@type":"ImageObject","inLanguage":"fi","@id":"https:\/\/valika.eu\/fi\/toode\/100-ml-kreemine-katekoorija-linaseemneoliga\/#primaryimage","url":"https:\/\/valika.eu\/wp-content\/uploads\/2025\/03\/eng_pl_Creamy-Hand-Scrub-regenerative-flaxseed-oil-100-.webp","contentUrl":"https:\/\/valika.eu\/wp-content\/uploads\/2025\/03\/eng_pl_Creamy-Hand-Scrub-regenerative-flaxseed-oil-100-.webp","width":1000,"height":1000},{"@type":"BreadcrumbList","@id":"https:\/\/valika.eu\/fi\/toode\/100-ml-kreemine-katekoorija-linaseemneoliga\/#breadcrumb","itemListElement":[{"@type":"ListItem","position":1,"name":"Koti","item":"https:\/\/valika.eu\/fi\/"},{"@type":"ListItem","position":2,"name":"Shop","item":"https:\/\/valika.eu\/fi\/"},{"@type":"ListItem","position":3,"name":"100 \u043c\u043b \u041a\u0440\u0435\u043c\u043e\u0432\u044b\u0439 \u0441\u043a\u0440\u0430\u0431 \u0434\u043b\u044f \u0440\u0443\u043a \u0441 \u0440\u0435\u0433\u0435\u043d\u0435\u0440\u0438\u0440\u0443\u044e\u0449\u0438\u043c \u043b\u044c\u043d\u044f\u043d\u044b\u043c \u043c\u0430\u0441\u043b\u043e\u043c"}]},{"@type":"WebSite","@id":"https:\/\/valika.eu\/fi\/#website","url":"https:\/\/valika.eu\/fi\/","name":"Valika.eu","description":"Salonkituotteet ja kauneudenhoitotuotteet - Valika tarjoaa laajan valikoiman tuotteita ja tarvikkeita kynsiteknikoille, kauneushoitoloille, kampaamoille ja kampaamoille.","publisher":{"@id":"https:\/\/valika.eu\/fi\/#organization"},"alternateName":"Valika","potentialAction":[{"@type":"SearchAction","target":{"@type":"EntryPoint","urlTemplate":"https:\/\/valika.eu\/fi\/?s={search_term_string}"},"query-input":{"@type":"PropertyValueSpecification","valueRequired":true,"valueName":"search_term_string"}}],"inLanguage":"fi"},{"@type":"Organization","@id":"https:\/\/valika.eu\/fi\/#organization","name":"Salongitoode O\u00dc","alternateName":"Valika","url":"https:\/\/valika.eu\/fi\/","logo":{"@type":"ImageObject","inLanguage":"fi","@id":"https:\/\/valika.eu\/fi\/#\/schema\/logo\/image\/","url":"https:\/\/valika.eu\/wp-content\/uploads\/2023\/11\/logo2-valika-footer.png","contentUrl":"https:\/\/valika.eu\/wp-content\/uploads\/2023\/11\/logo2-valika-footer.png","width":200,"height":129,"caption":"Salongitoode O\u00dc"},"image":{"@id":"https:\/\/valika.eu\/fi\/#\/schema\/logo\/image\/"},"sameAs":["https:\/\/www.facebook.com\/tipsi.net"]}]}},"jetpack_sharing_enabled":true,"_links":{"self":[{"href":"https:\/\/valika.eu\/fi\/wp-json\/wp\/v2\/product\/13515","targetHints":{"allow":["GET"]}}],"collection":[{"href":"https:\/\/valika.eu\/fi\/wp-json\/wp\/v2\/product"}],"about":[{"href":"https:\/\/valika.eu\/fi\/wp-json\/wp\/v2\/types\/product"}],"wp:featuredmedia":[{"embeddable":true,"href":"https:\/\/valika.eu\/fi\/wp-json\/wp\/v2\/media\/13516"}],"wp:attachment":[{"href":"https:\/\/valika.eu\/fi\/wp-json\/wp\/v2\/media?parent=13515"}],"wp:term":[{"taxonomy":"product_brand","embeddable":true,"href":"https:\/\/valika.eu\/fi\/wp-json\/wp\/v2\/product_brand?post=13515"},{"taxonomy":"product_cat","embeddable":true,"href":"https:\/\/valika.eu\/fi\/wp-json\/wp\/v2\/product_cat?post=13515"},{"taxonomy":"product_tag","embeddable":true,"href":"https:\/\/valika.eu\/fi\/wp-json\/wp\/v2\/product_tag?post=13515"}],"curies":[{"name":"wp","href":"https:\/\/api.w.org\/{rel}","templated":true}]}}