{"id":13519,"date":"2025-03-06T17:03:43","date_gmt":"2025-03-06T15:03:43","guid":{"rendered":"https:\/\/valika.eu\/?post_type=product&#038;p=13519"},"modified":"2026-03-13T12:14:04","modified_gmt":"2026-03-13T10:14:04","slug":"silcare-nappa-foot-natural-salt-scrub-smooth-comfort-400ml-siluv-jalakoorija","status":"publish","type":"product","link":"https:\/\/valika.eu\/fi\/toode\/silcare-nappa-foot-natural-salt-scrub-smooth-comfort-400ml-siluv-jalakoorija\/","title":{"rendered":"SILCARE NAPPA FOOT NATURAL SALT SCRUB SMOOTH COMFORT 400ml"},"content":{"rendered":"<p><\/p>\n<div class=\"flex max-w-full flex-col flex-grow\">\n<div class=\"min-h-8 text-message relative flex w-full flex-col items-end gap-2 whitespace-normal break-words text-start [.text-message+&amp;]:mt-5\" dir=\"auto\" data-message-author-role=\"assistant\" data-message-id=\"ea1cedf6-990f-4710-83ab-f691fdc8fe8e\" data-message-model-slug=\"gpt-4o\">\n<div class=\"flex w-full flex-col gap-1 empty:hidden first:pt-[3px]\">\n<div class=\"markdown prose w-full break-words dark:prose-invert light\">\n<p data-start=\"4797\" data-end=\"5227\"><strong data-start=\"4797\" data-end=\"4842\">NAPPA Luonnollinen Suolakuorinta Jaloille<\/strong> puhdistaa ja kuorii kovettunutta ihoa sek\u00e4 stimuloi verenkiertoa, tehden jaloista silkkisen sile\u00e4t ja pehme\u00e4t. Se tehostaa muiden jalkahoitotuotteiden vaikutusta ja valmistelee ihon t\u00e4ydellisesti pedikyyri\u00e4 varten. Suolakiteet ovat hienojakoisempia kuin sokerikuorinnassa, mik\u00e4 tekee tuotteesta erityisen hell\u00e4varaisen. \u00d6ljyseos ravitsee ja kosteuttaa ihoa ilman rasvaista tunnetta.<\/p>\n<p data-start=\"5229\" data-end=\"5256\"><strong data-start=\"5229\" data-end=\"5254\">Aktiiviset ainesosat:<\/strong><\/p>\n<ul data-start=\"5257\" data-end=\"6022\">\n<li data-start=\"5257\" data-end=\"5405\"><strong data-start=\"5259\" data-end=\"5267\">Urea<\/strong> \u2013 tehokas kosteuttaja, joka sitoo ja yll\u00e4pit\u00e4\u00e4 ihon kosteustasapainoa. Pehment\u00e4\u00e4 ihoa, poistaa kovettumia ja edist\u00e4\u00e4 ihon uusiutumista.<\/li>\n<li data-start=\"5406\" data-end=\"5544\"><strong data-start=\"5408\" data-end=\"5430\">Persikansiemen\u00f6ljy<\/strong> \u2013 kevyt \u00f6ljy, joka kosteuttaa ja kiinteytt\u00e4\u00e4 ihoa, parantaa sen elastisuutta ja hidastaa ik\u00e4\u00e4ntymisen merkkej\u00e4.<\/li>\n<li data-start=\"5545\" data-end=\"5676\"><strong data-start=\"5547\" data-end=\"5562\">Risiini\u00f6ljy<\/strong> \u2013 tukee ihon luonnollista uusiutumisprosessia, yll\u00e4pit\u00e4\u00e4 sen kimmoisuutta ja sileytt\u00e4, toimii antioksidanttina.<\/li>\n<li data-start=\"5677\" data-end=\"5890\"><strong data-start=\"5679\" data-end=\"5694\">Avokado\u00f6ljy<\/strong> \u2013 sis\u00e4lt\u00e4\u00e4 seitsem\u00e4n vitamiinia (A, B, D, E, H, K, PP), vahvistaa ihon lipidikerrosta, rauhoittaa \u00e4rsytyst\u00e4 ja suojaa ulkoisilta haittatekij\u00f6ilt\u00e4. Sopii erityisesti herk\u00e4lle ja kuivalle iholle.<\/li>\n<li data-start=\"5891\" data-end=\"6022\"><strong data-start=\"5893\" data-end=\"5902\">Suola<\/strong> \u2013 luonnollinen, hypoallergeeninen kuorinta-aine, joka ravitsee ihoa, parantaa sen v\u00e4ri\u00e4 ja vilkastuttaa verenkiertoa.<\/li>\n<\/ul>\n<p data-start=\"6024\" data-end=\"6116\"><strong data-start=\"6024\" data-end=\"6035\">K\u00e4ytt\u00f6:<\/strong> Levit\u00e4 kostealle iholle, hiero kevyesti py\u00f6rivin liikkein ja huuhtele vedell\u00e4.<\/p>\n<p data-start=\"6118\" data-end=\"6198\">\u26a0 <strong data-start=\"6120\" data-end=\"6133\">Varoitus!<\/strong> Ei suositella \u00e4rtyneelle iholle tai heti auringonoton j\u00e4lkeen.<\/p>\n<p data-start=\"6200\" data-end=\"6288\" data-is-last-node=\"\" data-is-only-node=\"\">T\u00e4ydellisen lopputuloksen saavuttamiseksi kokeile my\u00f6s muita <strong data-start=\"6261\" data-end=\"6277\">NAPPA-sarjan<\/strong> tuotteita!<\/p>\n<\/div>\n<\/div>\n<\/div>\n<\/div>\n<div class=\"mb-2 flex gap-3 -ml-2\">\n<div class=\"items-center justify-start rounded-xl p-1 flex\">\n<div class=\"flex items-center\">\n<p>&nbsp;<\/p>\n<div class=\"flex\"><\/div>\n<p>&nbsp;<\/p>\n<div class=\"flex items-center pb-0\"><span class=\"overflow-hidden text-clip whitespace-nowrap text-sm\">4o<\/span><\/div>\n<\/div>\n<\/div>\n<\/div>\n<p><\/p>","protected":false},"excerpt":{"rendered":"<p>NAPPA Luonnollinen Suolakuorinta Jaloille puhdistaa ja kuorii kovettunutta ihoa sek\u00e4 stimuloi verenkiertoa, tehden jaloista silkkisen sile\u00e4t ja pehme\u00e4t. Se tehostaa<\/p>\n","protected":false},"featured_media":13523,"template":"","meta":[],"product_brand":[],"product_cat":[638],"product_tag":[],"class_list":{"0":"post-13519","1":"product","2":"type-product","3":"status-publish","4":"has-post-thumbnail","6":"product_cat-kreem","8":"first","9":"outofstock","10":"taxable","11":"shipping-taxable","12":"purchasable","13":"product-type-simple"},"yoast_head":"<!-- This site is optimized with the Yoast SEO plugin v24.4 - https:\/\/yoast.com\/wordpress\/plugins\/seo\/ -->\n<title>SILCARE NAPPA FOOT NATURAL SALT SCRUB SMOOTH COMFORT 400ml | Valika<\/title>\n<meta name=\"robots\" content=\"index, follow, max-snippet:-1, max-image-preview:large, max-video-preview:-1\" \/>\n<link rel=\"canonical\" href=\"https:\/\/valika.eu\/fi\/toode\/silcare-nappa-foot-natural-salt-scrub-smooth-comfort-400ml-siluv-jalakoorija\/\" \/>\n<meta property=\"og:locale\" content=\"fi_FI\" \/>\n<meta property=\"og:type\" content=\"article\" \/>\n<meta property=\"og:title\" content=\"SILCARE NAPPA FOOT NATURAL SALT SCRUB SMOOTH COMFORT 400ml | Valika\" \/>\n<meta property=\"og:description\" content=\"NAPPA Luonnollinen Suolakuorinta Jaloille puhdistaa ja kuorii kovettunutta ihoa sek\u00e4 stimuloi verenkiertoa, tehden jaloista silkkisen sile\u00e4t ja pehme\u00e4t. Se tehostaa\" \/>\n<meta property=\"og:url\" content=\"https:\/\/valika.eu\/fi\/toode\/silcare-nappa-foot-natural-salt-scrub-smooth-comfort-400ml-siluv-jalakoorija\/\" \/>\n<meta property=\"og:site_name\" content=\"Valika\" \/>\n<meta property=\"article:publisher\" content=\"https:\/\/www.facebook.com\/tipsi.net\" \/>\n<meta property=\"article:modified_time\" content=\"2026-03-13T10:14:04+00:00\" \/>\n<meta property=\"og:image\" content=\"https:\/\/valika.eu\/wp-content\/uploads\/2025\/03\/SALT.jpg\" \/>\n\t<meta property=\"og:image:width\" content=\"310\" \/>\n\t<meta property=\"og:image:height\" content=\"163\" \/>\n\t<meta property=\"og:image:type\" content=\"image\/jpeg\" \/>\n<meta name=\"twitter:card\" content=\"summary_large_image\" \/>\n<script type=\"application\/ld+json\" class=\"yoast-schema-graph\">{\"@context\":\"https:\/\/schema.org\",\"@graph\":[{\"@type\":\"WebPage\",\"@id\":\"https:\/\/valika.eu\/fi\/toode\/silcare-nappa-foot-natural-salt-scrub-smooth-comfort-400ml-siluv-jalakoorija\/\",\"url\":\"https:\/\/valika.eu\/fi\/toode\/silcare-nappa-foot-natural-salt-scrub-smooth-comfort-400ml-siluv-jalakoorija\/\",\"name\":\"SILCARE NAPPA FOOT NATURAL SALT SCRUB SMOOTH COMFORT 400ml | Valika\",\"isPartOf\":{\"@id\":\"https:\/\/valika.eu\/fi\/#website\"},\"primaryImageOfPage\":{\"@id\":\"https:\/\/valika.eu\/fi\/toode\/silcare-nappa-foot-natural-salt-scrub-smooth-comfort-400ml-siluv-jalakoorija\/#primaryimage\"},\"image\":{\"@id\":\"https:\/\/valika.eu\/toode\/silcare-nappa-foot-natural-salt-scrub-smooth-comfort-400ml-siluv-jalakoorija\/#primaryimage\"},\"thumbnailUrl\":\"https:\/\/valika.eu\/wp-content\/uploads\/2025\/03\/SALT.jpg\",\"datePublished\":\"2025-03-06T15:03:43+00:00\",\"dateModified\":\"2026-03-13T10:14:04+00:00\",\"breadcrumb\":{\"@id\":\"https:\/\/valika.eu\/fi\/toode\/silcare-nappa-foot-natural-salt-scrub-smooth-comfort-400ml-siluv-jalakoorija\/#breadcrumb\"},\"inLanguage\":\"fi\",\"potentialAction\":[{\"@type\":\"ReadAction\",\"target\":[[\"https:\/\/valika.eu\/fi\/toode\/silcare-nappa-foot-natural-salt-scrub-smooth-comfort-400ml-siluv-jalakoorija\/\"]]}]},{\"@type\":\"ImageObject\",\"inLanguage\":\"fi\",\"@id\":\"https:\/\/valika.eu\/fi\/toode\/silcare-nappa-foot-natural-salt-scrub-smooth-comfort-400ml-siluv-jalakoorija\/#primaryimage\",\"url\":\"https:\/\/valika.eu\/wp-content\/uploads\/2025\/03\/SALT.jpg\",\"contentUrl\":\"https:\/\/valika.eu\/wp-content\/uploads\/2025\/03\/SALT.jpg\",\"width\":310,\"height\":163},{\"@type\":\"BreadcrumbList\",\"@id\":\"https:\/\/valika.eu\/fi\/toode\/silcare-nappa-foot-natural-salt-scrub-smooth-comfort-400ml-siluv-jalakoorija\/#breadcrumb\",\"itemListElement\":[{\"@type\":\"ListItem\",\"position\":1,\"name\":\"Koti\",\"item\":\"https:\/\/valika.eu\/fi\/\"},{\"@type\":\"ListItem\",\"position\":2,\"name\":\"Shop\",\"item\":\"https:\/\/valika.eu\/fi\/\"},{\"@type\":\"ListItem\",\"position\":3,\"name\":\"SILCARE NAPPA FOOT NATURAL SALT SCRUB SMOOTH COMFORT 400ml\"}]},{\"@type\":\"WebSite\",\"@id\":\"https:\/\/valika.eu\/fi\/#website\",\"url\":\"https:\/\/valika.eu\/fi\/\",\"name\":\"Valika.eu\",\"description\":\"Salonkituotteet ja kauneudenhoitotuotteet - Valika tarjoaa laajan valikoiman tuotteita ja tarvikkeita kynsiteknikoille, kauneushoitoloille, kampaamoille ja kampaamoille.\",\"publisher\":{\"@id\":\"https:\/\/valika.eu\/fi\/#organization\"},\"alternateName\":\"Valika\",\"potentialAction\":[{\"@type\":\"SearchAction\",\"target\":{\"@type\":\"EntryPoint\",\"urlTemplate\":\"https:\/\/valika.eu\/fi\/?s={search_term_string}\"},\"query-input\":{\"@type\":\"PropertyValueSpecification\",\"valueRequired\":true,\"valueName\":\"search_term_string\"}}],\"inLanguage\":\"fi\"},{\"@type\":\"Organization\",\"@id\":\"https:\/\/valika.eu\/fi\/#organization\",\"name\":\"Salongitoode O\u00dc\",\"alternateName\":\"Valika\",\"url\":\"https:\/\/valika.eu\/fi\/\",\"logo\":{\"@type\":\"ImageObject\",\"inLanguage\":\"fi\",\"@id\":\"https:\/\/valika.eu\/fi\/#\/schema\/logo\/image\/\",\"url\":\"https:\/\/valika.eu\/wp-content\/uploads\/2023\/11\/logo2-valika-footer.png\",\"contentUrl\":\"https:\/\/valika.eu\/wp-content\/uploads\/2023\/11\/logo2-valika-footer.png\",\"width\":200,\"height\":129,\"caption\":\"Salongitoode O\u00dc\"},\"image\":{\"@id\":\"https:\/\/valika.eu\/fi\/#\/schema\/logo\/image\/\"},\"sameAs\":[\"https:\/\/www.facebook.com\/tipsi.net\"]}]}<\/script>\n<!-- \/ Yoast SEO plugin. -->","yoast_head_json":{"title":"SILCARE NAPPA FOOT NATURAL SALT SCRUB SMOOTH COMFORT 400ml | Valika","robots":{"index":"index","follow":"follow","max-snippet":"max-snippet:-1","max-image-preview":"max-image-preview:large","max-video-preview":"max-video-preview:-1"},"canonical":"https:\/\/valika.eu\/fi\/toode\/silcare-nappa-foot-natural-salt-scrub-smooth-comfort-400ml-siluv-jalakoorija\/","og_locale":"fi_FI","og_type":"article","og_title":"SILCARE NAPPA FOOT NATURAL SALT SCRUB SMOOTH COMFORT 400ml | Valika","og_description":"NAPPA Luonnollinen Suolakuorinta Jaloille puhdistaa ja kuorii kovettunutta ihoa sek\u00e4 stimuloi verenkiertoa, tehden jaloista silkkisen sile\u00e4t ja pehme\u00e4t. Se tehostaa","og_url":"https:\/\/valika.eu\/fi\/toode\/silcare-nappa-foot-natural-salt-scrub-smooth-comfort-400ml-siluv-jalakoorija\/","og_site_name":"Valika","article_publisher":"https:\/\/www.facebook.com\/tipsi.net","article_modified_time":"2026-03-13T10:14:04+00:00","og_image":[{"width":310,"height":163,"url":"https:\/\/valika.eu\/wp-content\/uploads\/2025\/03\/SALT.jpg","type":"image\/jpeg"}],"twitter_card":"summary_large_image","schema":{"@context":"https:\/\/schema.org","@graph":[{"@type":"WebPage","@id":"https:\/\/valika.eu\/fi\/toode\/silcare-nappa-foot-natural-salt-scrub-smooth-comfort-400ml-siluv-jalakoorija\/","url":"https:\/\/valika.eu\/fi\/toode\/silcare-nappa-foot-natural-salt-scrub-smooth-comfort-400ml-siluv-jalakoorija\/","name":"SILCARE NAPPA FOOT NATURAL SALT SCRUB SMOOTH COMFORT 400ml | Valika","isPartOf":{"@id":"https:\/\/valika.eu\/fi\/#website"},"primaryImageOfPage":{"@id":"https:\/\/valika.eu\/fi\/toode\/silcare-nappa-foot-natural-salt-scrub-smooth-comfort-400ml-siluv-jalakoorija\/#primaryimage"},"image":{"@id":"https:\/\/valika.eu\/toode\/silcare-nappa-foot-natural-salt-scrub-smooth-comfort-400ml-siluv-jalakoorija\/#primaryimage"},"thumbnailUrl":"https:\/\/valika.eu\/wp-content\/uploads\/2025\/03\/SALT.jpg","datePublished":"2025-03-06T15:03:43+00:00","dateModified":"2026-03-13T10:14:04+00:00","breadcrumb":{"@id":"https:\/\/valika.eu\/fi\/toode\/silcare-nappa-foot-natural-salt-scrub-smooth-comfort-400ml-siluv-jalakoorija\/#breadcrumb"},"inLanguage":"fi","potentialAction":[{"@type":"ReadAction","target":[["https:\/\/valika.eu\/fi\/toode\/silcare-nappa-foot-natural-salt-scrub-smooth-comfort-400ml-siluv-jalakoorija\/"]]}]},{"@type":"ImageObject","inLanguage":"fi","@id":"https:\/\/valika.eu\/fi\/toode\/silcare-nappa-foot-natural-salt-scrub-smooth-comfort-400ml-siluv-jalakoorija\/#primaryimage","url":"https:\/\/valika.eu\/wp-content\/uploads\/2025\/03\/SALT.jpg","contentUrl":"https:\/\/valika.eu\/wp-content\/uploads\/2025\/03\/SALT.jpg","width":310,"height":163},{"@type":"BreadcrumbList","@id":"https:\/\/valika.eu\/fi\/toode\/silcare-nappa-foot-natural-salt-scrub-smooth-comfort-400ml-siluv-jalakoorija\/#breadcrumb","itemListElement":[{"@type":"ListItem","position":1,"name":"Koti","item":"https:\/\/valika.eu\/fi\/"},{"@type":"ListItem","position":2,"name":"Shop","item":"https:\/\/valika.eu\/fi\/"},{"@type":"ListItem","position":3,"name":"SILCARE NAPPA FOOT NATURAL SALT SCRUB SMOOTH COMFORT 400ml"}]},{"@type":"WebSite","@id":"https:\/\/valika.eu\/fi\/#website","url":"https:\/\/valika.eu\/fi\/","name":"Valika.eu","description":"Salonkituotteet ja kauneudenhoitotuotteet - Valika tarjoaa laajan valikoiman tuotteita ja tarvikkeita kynsiteknikoille, kauneushoitoloille, kampaamoille ja kampaamoille.","publisher":{"@id":"https:\/\/valika.eu\/fi\/#organization"},"alternateName":"Valika","potentialAction":[{"@type":"SearchAction","target":{"@type":"EntryPoint","urlTemplate":"https:\/\/valika.eu\/fi\/?s={search_term_string}"},"query-input":{"@type":"PropertyValueSpecification","valueRequired":true,"valueName":"search_term_string"}}],"inLanguage":"fi"},{"@type":"Organization","@id":"https:\/\/valika.eu\/fi\/#organization","name":"Salongitoode O\u00dc","alternateName":"Valika","url":"https:\/\/valika.eu\/fi\/","logo":{"@type":"ImageObject","inLanguage":"fi","@id":"https:\/\/valika.eu\/fi\/#\/schema\/logo\/image\/","url":"https:\/\/valika.eu\/wp-content\/uploads\/2023\/11\/logo2-valika-footer.png","contentUrl":"https:\/\/valika.eu\/wp-content\/uploads\/2023\/11\/logo2-valika-footer.png","width":200,"height":129,"caption":"Salongitoode O\u00dc"},"image":{"@id":"https:\/\/valika.eu\/fi\/#\/schema\/logo\/image\/"},"sameAs":["https:\/\/www.facebook.com\/tipsi.net"]}]}},"jetpack_sharing_enabled":true,"_links":{"self":[{"href":"https:\/\/valika.eu\/fi\/wp-json\/wp\/v2\/product\/13519","targetHints":{"allow":["GET"]}}],"collection":[{"href":"https:\/\/valika.eu\/fi\/wp-json\/wp\/v2\/product"}],"about":[{"href":"https:\/\/valika.eu\/fi\/wp-json\/wp\/v2\/types\/product"}],"wp:featuredmedia":[{"embeddable":true,"href":"https:\/\/valika.eu\/fi\/wp-json\/wp\/v2\/media\/13523"}],"wp:attachment":[{"href":"https:\/\/valika.eu\/fi\/wp-json\/wp\/v2\/media?parent=13519"}],"wp:term":[{"taxonomy":"product_brand","embeddable":true,"href":"https:\/\/valika.eu\/fi\/wp-json\/wp\/v2\/product_brand?post=13519"},{"taxonomy":"product_cat","embeddable":true,"href":"https:\/\/valika.eu\/fi\/wp-json\/wp\/v2\/product_cat?post=13519"},{"taxonomy":"product_tag","embeddable":true,"href":"https:\/\/valika.eu\/fi\/wp-json\/wp\/v2\/product_tag?post=13519"}],"curies":[{"name":"wp","href":"https:\/\/api.w.org\/{rel}","templated":true}]}}