{"id":13521,"date":"2025-03-06T17:21:27","date_gmt":"2025-03-06T15:21:27","guid":{"rendered":"https:\/\/valika.eu\/?post_type=product&#038;p=13521"},"modified":"2025-07-02T05:01:06","modified_gmt":"2025-07-02T02:01:06","slug":"silcare-nappa-salt-scrub-jalakoorija-mask","status":"publish","type":"product","link":"https:\/\/valika.eu\/fi\/toode\/silcare-nappa-salt-scrub-jalakoorija-mask\/","title":{"rendered":"250ml SILCARE NAPPA exfoliating AHA  FOOT MASK"},"content":{"rendered":"<p><\/p>\n<div class=\"flex max-w-full flex-col flex-grow\">\n<div class=\"min-h-8 text-message relative flex w-full flex-col items-end gap-2 whitespace-normal break-words text-start [.text-message+&amp;]:mt-5\" dir=\"auto\" data-message-author-role=\"assistant\" data-message-id=\"b31de8b3-e12f-4abf-8fc9-c20fe035fb4e\" data-message-model-slug=\"gpt-4o\">\n<div class=\"flex w-full flex-col gap-1 empty:hidden first:pt-[3px]\">\n<div class=\"markdown prose w-full break-words dark:prose-invert light\">\n<h3 data-start=\"3640\" data-end=\"3661\"><strong data-start=\"3644\" data-end=\"3659\">Tuotekuvaus<\/strong><\/h3>\n<ul data-start=\"3662\" data-end=\"3834\">\n<li data-start=\"3662\" data-end=\"3701\"><strong data-start=\"3664\" data-end=\"3699\">Kokonaisvaltainen jalkojenhoito<\/strong><\/li>\n<li data-start=\"3702\" data-end=\"3734\"><strong data-start=\"3704\" data-end=\"3732\">Syv\u00e4kosteuttava vaikutus<\/strong><\/li>\n<li data-start=\"3735\" data-end=\"3798\"><strong data-start=\"3737\" data-end=\"3796\">Poistaa hell\u00e4varaisesti karheuden ja paksuuntuneen ihon<\/strong><\/li>\n<li data-start=\"3799\" data-end=\"3834\"><strong data-start=\"3801\" data-end=\"3832\">Parantaa jalkojen ulkon\u00e4k\u00f6\u00e4<\/strong><\/li>\n<\/ul>\n<p data-start=\"3836\" data-end=\"4070\"><strong data-start=\"3836\" data-end=\"3894\">Smooth Comfort AHA-happoja sis\u00e4lt\u00e4v\u00e4 jalkanaamio 250 g<\/strong> on erityisesti kehitetty kuivalle ja vaurioituneelle jalkojen iholle. Sen koostumus perustuu AHA-happoihin, jotka edist\u00e4v\u00e4t solujen uudistumista ja tekev\u00e4t ihosta sile\u00e4mm\u00e4n.<\/p>\n<p data-start=\"4072\" data-end=\"4305\">Innovatiivinen koostumus auttaa ihoa uudistumaan, poistaa kuolleet ihosolut ja palauttaa sen terveen ulkon\u00e4\u00f6n. AHA-hapot kuorivat ihoa hell\u00e4varaisesti, poistavat karheuden ja paksuuntuneen ihon, j\u00e4tt\u00e4en jalat pehmeiksi ja sileiksi.<\/p>\n<p data-start=\"4307\" data-end=\"4578\">Naamio kosteuttaa ihoa tehokkaasti ja est\u00e4\u00e4 kosteuden haihtumista, jolloin jalat pysyv\u00e4t kimmoisina ja hyvin hoidettuina. <strong data-start=\"4429\" data-end=\"4447\">Smooth Comfort<\/strong> on t\u00e4ydellinen ratkaisu kuivalle ja vaurioituneelle iholle, tarjoten uudistavaa, ravitsevaa, pehment\u00e4v\u00e4\u00e4 ja kosteuttavaa hoitoa.<\/p>\n<p data-start=\"4580\" data-end=\"4608\"><strong data-start=\"4580\" data-end=\"4606\">Tuotteen ominaisuudet:<\/strong><\/p>\n<ul data-start=\"4609\" data-end=\"4638\">\n<li data-start=\"4609\" data-end=\"4638\"><strong data-start=\"4611\" data-end=\"4624\">Vaikutus:<\/strong> kosteuttava<\/li>\n<\/ul>\n<p data-start=\"4640\" data-end=\"5196\"><strong data-start=\"4640\" data-end=\"4654\">Ainesosat:<\/strong><br data-start=\"4654\" data-end=\"4657\" \/>Aqua, Cetearyl Alcohol, Sodium Lactate, Ceteareth-20, Glycerin, Passiflora Edulis Fruit Extract, Caprylic\/Capric Triglyceride, Prunus Amygdalus Dulcis (Sweet Almond) Oil, Saccharum Officinarum Extract, Citrus Limon Fruit Extract, Ananas Sativus Fruit Extract, Vitis Vinifera Fruit Extract, Tocopheryl Acetate, Acrylates\/C10-30 Alkyl Acrylate Crosspolymer, Sorbitan Oleate, Phenoxyethanol, Sodium Benzoate, Potassium Sorbate, Parfum, Tetrasodium EDTA, Ethylhexylglycerin, Limonene, Citronellol, Hexyl Cinnamal, Linalool, Geraniol, Citral.<\/p>\n<p data-start=\"5198\" data-end=\"5490\" data-is-last-node=\"\" data-is-only-node=\"\"><strong data-start=\"5198\" data-end=\"5215\">K\u00e4ytt\u00f6ohjeet:<\/strong><br data-start=\"5215\" data-end=\"5218\" \/>Levit\u00e4 ohut kerros puhtaalle ja kuivalle iholle. K\u00e4yt\u00e4 suurempi m\u00e4\u00e4r\u00e4 kantap\u00e4ille, paksuuntuneille alueille ja kovettumille. Anna vaikuttaa v\u00e4hint\u00e4\u00e4n 15 minuuttia. Poista ylim\u00e4\u00e4r\u00e4inen tuote. Parhaan tuloksen saavuttamiseksi k\u00e4yt\u00e4 yhdess\u00e4 puuvilla- tai muovisukkien kanssa.<\/p>\n<\/div>\n<\/div>\n<\/div>\n<\/div>\n<div class=\"mb-2 flex gap-3 -ml-2\">\n<div class=\"items-center justify-start rounded-xl p-1 flex\">\n<div class=\"flex items-center\"><\/div>\n<\/div>\n<\/div>\n<p><\/p>","protected":false},"excerpt":{"rendered":"<ul data-start=\"41\" data-end=\"197\">\n<li data-start=\"41\" data-end=\"70\"><strong data-start=\"43\" data-end=\"68\">Terviklik jalahooldus<\/strong><\/li>\n<li data-start=\"71\" data-end=\"106\"><strong data-start=\"73\" data-end=\"104\">Tagab suurep\u00e4rase niisutuse<\/strong><\/li>\n<li data-start=\"107\" data-end=\"156\"><strong data-start=\"109\" data-end=\"154\">\u00d5rnalt eemaldab kareda ja paksenenud naha<\/strong><\/li>\n<li data-start=\"157\" data-end=\"197\"><strong data-start=\"159\" data-end=\"195\">Aitab parandada jalgade v\u00e4limust<\/strong><\/li>\n<\/ul>\n","protected":false},"featured_media":13522,"template":"","meta":[],"product_brand":[],"product_cat":[638],"product_tag":[],"class_list":{"0":"post-13521","1":"product","2":"type-product","3":"status-publish","4":"has-post-thumbnail","6":"product_cat-kreem","8":"first","9":"instock","10":"taxable","11":"shipping-taxable","12":"purchasable","13":"product-type-simple"},"yoast_head":"<!-- This site is optimized with the Yoast SEO plugin v24.4 - https:\/\/yoast.com\/wordpress\/plugins\/seo\/ -->\n<title>250ml SILCARE NAPPA exfoliating AHA FOOT MASK | Valika<\/title>\n<meta name=\"robots\" content=\"index, follow, max-snippet:-1, max-image-preview:large, max-video-preview:-1\" \/>\n<link rel=\"canonical\" href=\"https:\/\/valika.eu\/fi\/toode\/silcare-nappa-salt-scrub-jalakoorija-mask\/\" \/>\n<meta property=\"og:locale\" content=\"fi_FI\" \/>\n<meta property=\"og:type\" content=\"article\" \/>\n<meta property=\"og:title\" content=\"250ml SILCARE NAPPA exfoliating AHA FOOT MASK | Valika\" \/>\n<meta property=\"og:description\" content=\"Terviklik jalahooldus  Tagab suurep\u00e4rase niisutuse  \u00d5rnalt eemaldab kareda ja paksenenud naha  Aitab parandada jalgade v\u00e4limust\" \/>\n<meta property=\"og:url\" content=\"https:\/\/valika.eu\/fi\/toode\/silcare-nappa-salt-scrub-jalakoorija-mask\/\" \/>\n<meta property=\"og:site_name\" content=\"Valika\" \/>\n<meta property=\"article:publisher\" content=\"https:\/\/www.facebook.com\/tipsi.net\" \/>\n<meta property=\"article:modified_time\" content=\"2025-07-02T02:01:06+00:00\" \/>\n<meta property=\"og:image\" content=\"https:\/\/valika.eu\/wp-content\/uploads\/2025\/03\/silcare-nappa-smooth-comfort-jalamask-aha-happega.jpg\" \/>\n\t<meta property=\"og:image:width\" content=\"458\" \/>\n\t<meta property=\"og:image:height\" content=\"458\" \/>\n\t<meta property=\"og:image:type\" content=\"image\/jpeg\" \/>\n<meta name=\"twitter:card\" content=\"summary_large_image\" \/>\n<script type=\"application\/ld+json\" class=\"yoast-schema-graph\">{\"@context\":\"https:\/\/schema.org\",\"@graph\":[{\"@type\":\"WebPage\",\"@id\":\"https:\/\/valika.eu\/fi\/toode\/silcare-nappa-salt-scrub-jalakoorija-mask\/\",\"url\":\"https:\/\/valika.eu\/fi\/toode\/silcare-nappa-salt-scrub-jalakoorija-mask\/\",\"name\":\"250ml SILCARE NAPPA exfoliating AHA FOOT MASK | Valika\",\"isPartOf\":{\"@id\":\"https:\/\/valika.eu\/fi\/#website\"},\"primaryImageOfPage\":{\"@id\":\"https:\/\/valika.eu\/fi\/toode\/silcare-nappa-salt-scrub-jalakoorija-mask\/#primaryimage\"},\"image\":{\"@id\":\"https:\/\/valika.eu\/toode\/silcare-nappa-salt-scrub-jalakoorija-mask\/#primaryimage\"},\"thumbnailUrl\":\"https:\/\/valika.eu\/wp-content\/uploads\/2025\/03\/silcare-nappa-smooth-comfort-jalamask-aha-happega.jpg\",\"datePublished\":\"2025-03-06T15:21:27+00:00\",\"dateModified\":\"2025-07-02T02:01:06+00:00\",\"breadcrumb\":{\"@id\":\"https:\/\/valika.eu\/fi\/toode\/silcare-nappa-salt-scrub-jalakoorija-mask\/#breadcrumb\"},\"inLanguage\":\"fi\",\"potentialAction\":[{\"@type\":\"ReadAction\",\"target\":[[\"https:\/\/valika.eu\/fi\/toode\/silcare-nappa-salt-scrub-jalakoorija-mask\/\"]]}]},{\"@type\":\"ImageObject\",\"inLanguage\":\"fi\",\"@id\":\"https:\/\/valika.eu\/fi\/toode\/silcare-nappa-salt-scrub-jalakoorija-mask\/#primaryimage\",\"url\":\"https:\/\/valika.eu\/wp-content\/uploads\/2025\/03\/silcare-nappa-smooth-comfort-jalamask-aha-happega.jpg\",\"contentUrl\":\"https:\/\/valika.eu\/wp-content\/uploads\/2025\/03\/silcare-nappa-smooth-comfort-jalamask-aha-happega.jpg\",\"width\":458,\"height\":458},{\"@type\":\"BreadcrumbList\",\"@id\":\"https:\/\/valika.eu\/fi\/toode\/silcare-nappa-salt-scrub-jalakoorija-mask\/#breadcrumb\",\"itemListElement\":[{\"@type\":\"ListItem\",\"position\":1,\"name\":\"Koti\",\"item\":\"https:\/\/valika.eu\/fi\/\"},{\"@type\":\"ListItem\",\"position\":2,\"name\":\"Shop\",\"item\":\"https:\/\/valika.eu\/fi\/\"},{\"@type\":\"ListItem\",\"position\":3,\"name\":\"250ml SILCARE NAPPA exfoliating AHA FOOT MASK\"}]},{\"@type\":\"WebSite\",\"@id\":\"https:\/\/valika.eu\/fi\/#website\",\"url\":\"https:\/\/valika.eu\/fi\/\",\"name\":\"Valika.eu\",\"description\":\"Salonkituotteet ja kauneudenhoitotuotteet - Valika tarjoaa laajan valikoiman tuotteita ja tarvikkeita kynsiteknikoille, kauneushoitoloille, kampaamoille ja kampaamoille.\",\"publisher\":{\"@id\":\"https:\/\/valika.eu\/fi\/#organization\"},\"alternateName\":\"Valika\",\"potentialAction\":[{\"@type\":\"SearchAction\",\"target\":{\"@type\":\"EntryPoint\",\"urlTemplate\":\"https:\/\/valika.eu\/fi\/?s={search_term_string}\"},\"query-input\":{\"@type\":\"PropertyValueSpecification\",\"valueRequired\":true,\"valueName\":\"search_term_string\"}}],\"inLanguage\":\"fi\"},{\"@type\":\"Organization\",\"@id\":\"https:\/\/valika.eu\/fi\/#organization\",\"name\":\"Salongitoode O\u00dc\",\"alternateName\":\"Valika\",\"url\":\"https:\/\/valika.eu\/fi\/\",\"logo\":{\"@type\":\"ImageObject\",\"inLanguage\":\"fi\",\"@id\":\"https:\/\/valika.eu\/fi\/#\/schema\/logo\/image\/\",\"url\":\"https:\/\/valika.eu\/wp-content\/uploads\/2023\/11\/logo2-valika-footer.png\",\"contentUrl\":\"https:\/\/valika.eu\/wp-content\/uploads\/2023\/11\/logo2-valika-footer.png\",\"width\":200,\"height\":129,\"caption\":\"Salongitoode O\u00dc\"},\"image\":{\"@id\":\"https:\/\/valika.eu\/fi\/#\/schema\/logo\/image\/\"},\"sameAs\":[\"https:\/\/www.facebook.com\/tipsi.net\"]}]}<\/script>\n<!-- \/ Yoast SEO plugin. -->","yoast_head_json":{"title":"250ml SILCARE NAPPA exfoliating AHA FOOT MASK | Valika","robots":{"index":"index","follow":"follow","max-snippet":"max-snippet:-1","max-image-preview":"max-image-preview:large","max-video-preview":"max-video-preview:-1"},"canonical":"https:\/\/valika.eu\/fi\/toode\/silcare-nappa-salt-scrub-jalakoorija-mask\/","og_locale":"fi_FI","og_type":"article","og_title":"250ml SILCARE NAPPA exfoliating AHA FOOT MASK | Valika","og_description":"Terviklik jalahooldus  Tagab suurep\u00e4rase niisutuse  \u00d5rnalt eemaldab kareda ja paksenenud naha  Aitab parandada jalgade v\u00e4limust","og_url":"https:\/\/valika.eu\/fi\/toode\/silcare-nappa-salt-scrub-jalakoorija-mask\/","og_site_name":"Valika","article_publisher":"https:\/\/www.facebook.com\/tipsi.net","article_modified_time":"2025-07-02T02:01:06+00:00","og_image":[{"width":458,"height":458,"url":"https:\/\/valika.eu\/wp-content\/uploads\/2025\/03\/silcare-nappa-smooth-comfort-jalamask-aha-happega.jpg","type":"image\/jpeg"}],"twitter_card":"summary_large_image","schema":{"@context":"https:\/\/schema.org","@graph":[{"@type":"WebPage","@id":"https:\/\/valika.eu\/fi\/toode\/silcare-nappa-salt-scrub-jalakoorija-mask\/","url":"https:\/\/valika.eu\/fi\/toode\/silcare-nappa-salt-scrub-jalakoorija-mask\/","name":"250ml SILCARE NAPPA exfoliating AHA FOOT MASK | Valika","isPartOf":{"@id":"https:\/\/valika.eu\/fi\/#website"},"primaryImageOfPage":{"@id":"https:\/\/valika.eu\/fi\/toode\/silcare-nappa-salt-scrub-jalakoorija-mask\/#primaryimage"},"image":{"@id":"https:\/\/valika.eu\/toode\/silcare-nappa-salt-scrub-jalakoorija-mask\/#primaryimage"},"thumbnailUrl":"https:\/\/valika.eu\/wp-content\/uploads\/2025\/03\/silcare-nappa-smooth-comfort-jalamask-aha-happega.jpg","datePublished":"2025-03-06T15:21:27+00:00","dateModified":"2025-07-02T02:01:06+00:00","breadcrumb":{"@id":"https:\/\/valika.eu\/fi\/toode\/silcare-nappa-salt-scrub-jalakoorija-mask\/#breadcrumb"},"inLanguage":"fi","potentialAction":[{"@type":"ReadAction","target":[["https:\/\/valika.eu\/fi\/toode\/silcare-nappa-salt-scrub-jalakoorija-mask\/"]]}]},{"@type":"ImageObject","inLanguage":"fi","@id":"https:\/\/valika.eu\/fi\/toode\/silcare-nappa-salt-scrub-jalakoorija-mask\/#primaryimage","url":"https:\/\/valika.eu\/wp-content\/uploads\/2025\/03\/silcare-nappa-smooth-comfort-jalamask-aha-happega.jpg","contentUrl":"https:\/\/valika.eu\/wp-content\/uploads\/2025\/03\/silcare-nappa-smooth-comfort-jalamask-aha-happega.jpg","width":458,"height":458},{"@type":"BreadcrumbList","@id":"https:\/\/valika.eu\/fi\/toode\/silcare-nappa-salt-scrub-jalakoorija-mask\/#breadcrumb","itemListElement":[{"@type":"ListItem","position":1,"name":"Koti","item":"https:\/\/valika.eu\/fi\/"},{"@type":"ListItem","position":2,"name":"Shop","item":"https:\/\/valika.eu\/fi\/"},{"@type":"ListItem","position":3,"name":"250ml SILCARE NAPPA exfoliating AHA FOOT MASK"}]},{"@type":"WebSite","@id":"https:\/\/valika.eu\/fi\/#website","url":"https:\/\/valika.eu\/fi\/","name":"Valika.eu","description":"Salonkituotteet ja kauneudenhoitotuotteet - Valika tarjoaa laajan valikoiman tuotteita ja tarvikkeita kynsiteknikoille, kauneushoitoloille, kampaamoille ja kampaamoille.","publisher":{"@id":"https:\/\/valika.eu\/fi\/#organization"},"alternateName":"Valika","potentialAction":[{"@type":"SearchAction","target":{"@type":"EntryPoint","urlTemplate":"https:\/\/valika.eu\/fi\/?s={search_term_string}"},"query-input":{"@type":"PropertyValueSpecification","valueRequired":true,"valueName":"search_term_string"}}],"inLanguage":"fi"},{"@type":"Organization","@id":"https:\/\/valika.eu\/fi\/#organization","name":"Salongitoode O\u00dc","alternateName":"Valika","url":"https:\/\/valika.eu\/fi\/","logo":{"@type":"ImageObject","inLanguage":"fi","@id":"https:\/\/valika.eu\/fi\/#\/schema\/logo\/image\/","url":"https:\/\/valika.eu\/wp-content\/uploads\/2023\/11\/logo2-valika-footer.png","contentUrl":"https:\/\/valika.eu\/wp-content\/uploads\/2023\/11\/logo2-valika-footer.png","width":200,"height":129,"caption":"Salongitoode O\u00dc"},"image":{"@id":"https:\/\/valika.eu\/fi\/#\/schema\/logo\/image\/"},"sameAs":["https:\/\/www.facebook.com\/tipsi.net"]}]}},"jetpack_sharing_enabled":true,"_links":{"self":[{"href":"https:\/\/valika.eu\/fi\/wp-json\/wp\/v2\/product\/13521","targetHints":{"allow":["GET"]}}],"collection":[{"href":"https:\/\/valika.eu\/fi\/wp-json\/wp\/v2\/product"}],"about":[{"href":"https:\/\/valika.eu\/fi\/wp-json\/wp\/v2\/types\/product"}],"wp:featuredmedia":[{"embeddable":true,"href":"https:\/\/valika.eu\/fi\/wp-json\/wp\/v2\/media\/13522"}],"wp:attachment":[{"href":"https:\/\/valika.eu\/fi\/wp-json\/wp\/v2\/media?parent=13521"}],"wp:term":[{"taxonomy":"product_brand","embeddable":true,"href":"https:\/\/valika.eu\/fi\/wp-json\/wp\/v2\/product_brand?post=13521"},{"taxonomy":"product_cat","embeddable":true,"href":"https:\/\/valika.eu\/fi\/wp-json\/wp\/v2\/product_cat?post=13521"},{"taxonomy":"product_tag","embeddable":true,"href":"https:\/\/valika.eu\/fi\/wp-json\/wp\/v2\/product_tag?post=13521"}],"curies":[{"name":"wp","href":"https:\/\/api.w.org\/{rel}","templated":true}]}}