{"id":13524,"date":"2025-03-06T17:53:12","date_gmt":"2025-03-06T15:53:12","guid":{"rendered":"https:\/\/valika.eu\/?post_type=product&#038;p=13524"},"modified":"2026-03-12T20:38:22","modified_gmt":"2026-03-12T18:38:22","slug":"silcare-nappa-cream-kreem-lohenenud-kandadele-30-uureaga","status":"publish","type":"product","link":"https:\/\/valika.eu\/fi\/toode\/silcare-nappa-cream-kreem-lohenenud-kandadele-30-uureaga\/","title":{"rendered":"250ml Silcare Nappa Cream for Cracked Heels with 30% Urea"},"content":{"rendered":"<p><\/p>\n<p data-start=\"2044\" data-end=\"2118\"><strong data-start=\"2044\" data-end=\"2116\">Silcare Nappa Cream \u2013 Tehokas jalkojenhoito t\u00e4ydelliseen mukavuuteen<\/strong><\/p>\n<p data-start=\"2120\" data-end=\"2229\">Silcare Nappa -jalkavoide tarjoaa <strong data-start=\"2154\" data-end=\"2182\">intensiivist\u00e4 ihonhoitoa<\/strong>, palauttaen miellytt\u00e4v\u00e4n tunteen jaloillesi.<\/p>\n<p data-start=\"2231\" data-end=\"2561\">T\u00e4m\u00e4 tuote auttaa <strong data-start=\"2249\" data-end=\"2297\">yll\u00e4pit\u00e4m\u00e4\u00e4n jalkojen kauneutta ja terveytt\u00e4<\/strong>. Silcare uskoo, ett\u00e4 <strong data-start=\"2319\" data-end=\"2354\">kauniit ja hyvin hoidetut jalat<\/strong> eiv\u00e4t ole vain mukavuuskysymys \u2013 kivun ja ep\u00e4mukavuuden v\u00e4ltt\u00e4minen tuo <strong data-start=\"2427\" data-end=\"2457\">itsevarmuutta ja varmuutta<\/strong>. Siksi <strong data-start=\"2465\" data-end=\"2488\">Silcare Nappa Cream<\/strong> takaa, ett\u00e4 jalkasi pysyv\u00e4t <strong data-start=\"2517\" data-end=\"2558\">tervein\u00e4 ja mukavina joka tilanteessa<\/strong>.<\/p>\n<p data-start=\"2563\" data-end=\"3094\">Voiteella on <strong data-start=\"2576\" data-end=\"2596\">tehokas vaikutus<\/strong>, joka tuottaa <strong data-start=\"2611\" data-end=\"2641\">nopeat ja n\u00e4kyv\u00e4t tulokset<\/strong>. <strong data-start=\"2643\" data-end=\"2651\">Urea<\/strong> poistaa hell\u00e4varaisesti <strong data-start=\"2676\" data-end=\"2697\">kuolleet ihosolut<\/strong> ja tukee <strong data-start=\"2707\" data-end=\"2728\">ihon uusiutumista<\/strong>, pehment\u00e4en kovettumia ja antaen vaikuttavien aineiden <strong data-start=\"2784\" data-end=\"2812\">imeyty\u00e4 syvemm\u00e4lle ihoon<\/strong>. <strong data-start=\"2814\" data-end=\"2851\">Persikansiemen\u00f6ljyn ja lanoliinin<\/strong> yhdistelm\u00e4 ravitsee ihoa ja stimuloi sen uusiutumisprosessia, kun taas <strong data-start=\"2923\" data-end=\"2937\">glyseriini<\/strong> yll\u00e4pit\u00e4\u00e4 <strong data-start=\"2948\" data-end=\"2982\">optimaalista kosteustasapainoa<\/strong>, est\u00e4en kuivumista. T\u00e4m\u00e4 <strong data-start=\"3008\" data-end=\"3037\">tehokas ainesosakompleksi<\/strong> auttaa s\u00e4ilytt\u00e4m\u00e4\u00e4n ihon <strong data-start=\"3063\" data-end=\"3091\">sileyden ja kimmoisuuden<\/strong>.<\/p>\n<p data-start=\"3096\" data-end=\"3345\">Silcare Nappa -jalkavoiteella on <strong data-start=\"3129\" data-end=\"3148\">kevyt koostumus<\/strong>, joka levittyy helposti ja <strong data-start=\"3176\" data-end=\"3196\">imeytyy nopeasti<\/strong>. Sen <strong data-start=\"3202\" data-end=\"3230\">monik\u00e4ytt\u00f6inen koostumus<\/strong> sopii my\u00f6s <strong data-start=\"3242\" data-end=\"3273\">muihin kuiviin ihoalueisiin<\/strong>, kuten kyyn\u00e4rp\u00e4ihin ja polviin, palauttaen ihon <strong data-start=\"3322\" data-end=\"3342\">terveen ulkon\u00e4\u00f6n<\/strong>.<\/p>\n<h3 data-start=\"3347\" data-end=\"3374\"><strong data-start=\"3351\" data-end=\"3372\">Keskeiset hy\u00f6dyt:<\/strong><\/h3>\n<p data-start=\"3375\" data-end=\"3666\">\u2714 <strong data-start=\"3377\" data-end=\"3406\">Poistaa kuolleet ihosolut<\/strong><br data-start=\"3406\" data-end=\"3409\" \/>\u2714 <strong data-start=\"3411\" data-end=\"3448\">Pehment\u00e4\u00e4 kovaa ja \u00e4rtynytt\u00e4 ihoa<\/strong><br data-start=\"3448\" data-end=\"3451\" \/>\u2714 <strong data-start=\"3453\" data-end=\"3471\">Syv\u00e4kosteuttaa<\/strong><br data-start=\"3471\" data-end=\"3474\" \/>\u2714 <strong data-start=\"3476\" data-end=\"3510\">Tekee ihosta sile\u00e4n ja pehme\u00e4n<\/strong><br data-start=\"3510\" data-end=\"3513\" \/>\u2714 <strong data-start=\"3515\" data-end=\"3545\">Parantaa ihon elastisuutta<\/strong><br data-start=\"3545\" data-end=\"3548\" \/>\u2714 <strong data-start=\"3550\" data-end=\"3585\">Toimittaa iholle ravintoaineita<\/strong><br data-start=\"3585\" data-end=\"3588\" \/>\u2714 <strong data-start=\"3590\" data-end=\"3627\">Rauhoittaa ja lievitt\u00e4\u00e4 \u00e4rsytyst\u00e4<\/strong><br data-start=\"3627\" data-end=\"3630\" \/>\u2714 <strong data-start=\"3632\" data-end=\"3664\">Vahvistaa ihon suojakerrosta<\/strong><\/p>\n<p data-start=\"3668\" data-end=\"3930\">Silcare Nappa -jalkavoide tarjoaa <strong data-start=\"3702\" data-end=\"3733\">poikkeuksellista helpotusta<\/strong> <strong data-start=\"3734\" data-end=\"3789\">halkeileville kantap\u00e4ille ja vaurioituneelle iholle<\/strong>. Sen <strong data-start=\"3795\" data-end=\"3823\">ainutlaatuinen koostumus<\/strong> rauhoittaa, kosteuttaa ja <strong data-start=\"3850\" data-end=\"3880\">stimuloi ihon uusiutumista<\/strong>, auttaen palauttamaan <strong data-start=\"3903\" data-end=\"3927\">samettisen pehmeyden<\/strong>.<\/p>\n<p data-start=\"3932\" data-end=\"3980\">\u26a0 <strong data-start=\"3934\" data-end=\"3978\">Pakkauksen ulkon\u00e4k\u00f6 voi poiketa kuvasta.<\/strong><\/p>\n<h3 data-start=\"3982\" data-end=\"4003\"><strong data-start=\"3986\" data-end=\"4001\">K\u00e4ytt\u00f6ohje:<\/strong><\/h3>\n<p data-start=\"4004\" data-end=\"4150\" data-is-last-node=\"\" data-is-only-node=\"\">Levit\u00e4 voidetta <strong data-start=\"4020\" data-end=\"4052\">puhtaalle ja kuivalle iholle<\/strong> <strong data-start=\"4053\" data-end=\"4092\">jaloille, kyyn\u00e4rp\u00e4ille tai polville<\/strong>. Hiero hell\u00e4varaisesti, kunnes voide on t\u00e4ysin imeytynyt.<\/p>\n<p><\/p>","protected":false},"excerpt":{"rendered":"<p>Niisutav, s\u00e4ilitab naha niiskustasakaalu, k\u00f5rvaldab kuivuse tunde, toitev, kaitseb, kaitseb keskkonna kahjulike m\u00f5jude eest, koorimiseks, pehmendav, silub, siluv, pehmendav, rahustav, pikendab tulemuse kestvuse, tagab elastsuse, aitab l\u00f5hedel paraneda, noorendav, taastav, ravipreparaat, raviv, s\u00e4ilitab nahka, eemaldab surnud naharakud ja mustuse, annab naturaalse efekti<\/p>\n","protected":false},"featured_media":13525,"template":"","meta":[],"product_brand":[],"product_cat":[638],"product_tag":[],"class_list":{"0":"post-13524","1":"product","2":"type-product","3":"status-publish","4":"has-post-thumbnail","6":"product_cat-kreem","8":"first","9":"instock","10":"taxable","11":"shipping-taxable","12":"purchasable","13":"product-type-simple"},"yoast_head":"<!-- This site is optimized with the Yoast SEO plugin v24.4 - https:\/\/yoast.com\/wordpress\/plugins\/seo\/ -->\n<title>250ml Silcare Nappa Cream for Cracked Heels with 30% Urea | Valika<\/title>\n<meta name=\"robots\" content=\"index, follow, max-snippet:-1, max-image-preview:large, max-video-preview:-1\" \/>\n<link rel=\"canonical\" href=\"https:\/\/valika.eu\/fi\/toode\/silcare-nappa-cream-kreem-lohenenud-kandadele-30-uureaga\/\" \/>\n<meta property=\"og:locale\" content=\"fi_FI\" \/>\n<meta property=\"og:type\" content=\"article\" \/>\n<meta property=\"og:title\" content=\"250ml Silcare Nappa Cream for Cracked Heels with 30% Urea | Valika\" \/>\n<meta property=\"og:description\" content=\"Niisutav, s\u00e4ilitab naha niiskustasakaalu, k\u00f5rvaldab kuivuse tunde, toitev, kaitseb, kaitseb keskkonna kahjulike m\u00f5jude eest, koorimiseks, pehmendav, silub, siluv, pehmendav, rahustav, pikendab tulemuse kestvuse, tagab elastsuse, aitab l\u00f5hedel paraneda, noorendav, taastav, ravipreparaat, raviv, s\u00e4ilitab nahka, eemaldab surnud naharakud ja mustuse, annab naturaalse efekti\" \/>\n<meta property=\"og:url\" content=\"https:\/\/valika.eu\/fi\/toode\/silcare-nappa-cream-kreem-lohenenud-kandadele-30-uureaga\/\" \/>\n<meta property=\"og:site_name\" content=\"Valika\" \/>\n<meta property=\"article:publisher\" content=\"https:\/\/www.facebook.com\/tipsi.net\" \/>\n<meta property=\"article:modified_time\" content=\"2026-03-12T18:38:22+00:00\" \/>\n<meta property=\"og:image\" content=\"https:\/\/valika.eu\/wp-content\/uploads\/2025\/03\/silcare-nappa-cream-krem-ot-tresshin-na-pyatkakh-s-mochevinoj-30.jpg\" \/>\n\t<meta property=\"og:image:width\" content=\"800\" \/>\n\t<meta property=\"og:image:height\" content=\"800\" \/>\n\t<meta property=\"og:image:type\" content=\"image\/jpeg\" \/>\n<meta name=\"twitter:card\" content=\"summary_large_image\" \/>\n<script type=\"application\/ld+json\" class=\"yoast-schema-graph\">{\"@context\":\"https:\/\/schema.org\",\"@graph\":[{\"@type\":\"WebPage\",\"@id\":\"https:\/\/valika.eu\/fi\/toode\/silcare-nappa-cream-kreem-lohenenud-kandadele-30-uureaga\/\",\"url\":\"https:\/\/valika.eu\/fi\/toode\/silcare-nappa-cream-kreem-lohenenud-kandadele-30-uureaga\/\",\"name\":\"250ml Silcare Nappa Cream for Cracked Heels with 30% Urea | Valika\",\"isPartOf\":{\"@id\":\"https:\/\/valika.eu\/fi\/#website\"},\"primaryImageOfPage\":{\"@id\":\"https:\/\/valika.eu\/fi\/toode\/silcare-nappa-cream-kreem-lohenenud-kandadele-30-uureaga\/#primaryimage\"},\"image\":{\"@id\":\"https:\/\/valika.eu\/toode\/silcare-nappa-cream-kreem-lohenenud-kandadele-30-uureaga\/#primaryimage\"},\"thumbnailUrl\":\"https:\/\/valika.eu\/wp-content\/uploads\/2025\/03\/silcare-nappa-cream-krem-ot-tresshin-na-pyatkakh-s-mochevinoj-30.jpg\",\"datePublished\":\"2025-03-06T15:53:12+00:00\",\"dateModified\":\"2026-03-12T18:38:22+00:00\",\"breadcrumb\":{\"@id\":\"https:\/\/valika.eu\/fi\/toode\/silcare-nappa-cream-kreem-lohenenud-kandadele-30-uureaga\/#breadcrumb\"},\"inLanguage\":\"fi\",\"potentialAction\":[{\"@type\":\"ReadAction\",\"target\":[[\"https:\/\/valika.eu\/fi\/toode\/silcare-nappa-cream-kreem-lohenenud-kandadele-30-uureaga\/\"]]}]},{\"@type\":\"ImageObject\",\"inLanguage\":\"fi\",\"@id\":\"https:\/\/valika.eu\/fi\/toode\/silcare-nappa-cream-kreem-lohenenud-kandadele-30-uureaga\/#primaryimage\",\"url\":\"https:\/\/valika.eu\/wp-content\/uploads\/2025\/03\/silcare-nappa-cream-krem-ot-tresshin-na-pyatkakh-s-mochevinoj-30.jpg\",\"contentUrl\":\"https:\/\/valika.eu\/wp-content\/uploads\/2025\/03\/silcare-nappa-cream-krem-ot-tresshin-na-pyatkakh-s-mochevinoj-30.jpg\",\"width\":800,\"height\":800},{\"@type\":\"BreadcrumbList\",\"@id\":\"https:\/\/valika.eu\/fi\/toode\/silcare-nappa-cream-kreem-lohenenud-kandadele-30-uureaga\/#breadcrumb\",\"itemListElement\":[{\"@type\":\"ListItem\",\"position\":1,\"name\":\"Koti\",\"item\":\"https:\/\/valika.eu\/fi\/\"},{\"@type\":\"ListItem\",\"position\":2,\"name\":\"Shop\",\"item\":\"https:\/\/valika.eu\/fi\/\"},{\"@type\":\"ListItem\",\"position\":3,\"name\":\"250ml Silcare Nappa Cream for Cracked Heels with 30% Urea\"}]},{\"@type\":\"WebSite\",\"@id\":\"https:\/\/valika.eu\/fi\/#website\",\"url\":\"https:\/\/valika.eu\/fi\/\",\"name\":\"Valika.eu\",\"description\":\"Salonkituotteet ja kauneudenhoitotuotteet - Valika tarjoaa laajan valikoiman tuotteita ja tarvikkeita kynsiteknikoille, kauneushoitoloille, kampaamoille ja kampaamoille.\",\"publisher\":{\"@id\":\"https:\/\/valika.eu\/fi\/#organization\"},\"alternateName\":\"Valika\",\"potentialAction\":[{\"@type\":\"SearchAction\",\"target\":{\"@type\":\"EntryPoint\",\"urlTemplate\":\"https:\/\/valika.eu\/fi\/?s={search_term_string}\"},\"query-input\":{\"@type\":\"PropertyValueSpecification\",\"valueRequired\":true,\"valueName\":\"search_term_string\"}}],\"inLanguage\":\"fi\"},{\"@type\":\"Organization\",\"@id\":\"https:\/\/valika.eu\/fi\/#organization\",\"name\":\"Salongitoode O\u00dc\",\"alternateName\":\"Valika\",\"url\":\"https:\/\/valika.eu\/fi\/\",\"logo\":{\"@type\":\"ImageObject\",\"inLanguage\":\"fi\",\"@id\":\"https:\/\/valika.eu\/fi\/#\/schema\/logo\/image\/\",\"url\":\"https:\/\/valika.eu\/wp-content\/uploads\/2023\/11\/logo2-valika-footer.png\",\"contentUrl\":\"https:\/\/valika.eu\/wp-content\/uploads\/2023\/11\/logo2-valika-footer.png\",\"width\":200,\"height\":129,\"caption\":\"Salongitoode O\u00dc\"},\"image\":{\"@id\":\"https:\/\/valika.eu\/fi\/#\/schema\/logo\/image\/\"},\"sameAs\":[\"https:\/\/www.facebook.com\/tipsi.net\"]}]}<\/script>\n<!-- \/ Yoast SEO plugin. -->","yoast_head_json":{"title":"250ml Silcare Nappa Cream for Cracked Heels with 30% Urea | Valika","robots":{"index":"index","follow":"follow","max-snippet":"max-snippet:-1","max-image-preview":"max-image-preview:large","max-video-preview":"max-video-preview:-1"},"canonical":"https:\/\/valika.eu\/fi\/toode\/silcare-nappa-cream-kreem-lohenenud-kandadele-30-uureaga\/","og_locale":"fi_FI","og_type":"article","og_title":"250ml Silcare Nappa Cream for Cracked Heels with 30% Urea | Valika","og_description":"Niisutav, s\u00e4ilitab naha niiskustasakaalu, k\u00f5rvaldab kuivuse tunde, toitev, kaitseb, kaitseb keskkonna kahjulike m\u00f5jude eest, koorimiseks, pehmendav, silub, siluv, pehmendav, rahustav, pikendab tulemuse kestvuse, tagab elastsuse, aitab l\u00f5hedel paraneda, noorendav, taastav, ravipreparaat, raviv, s\u00e4ilitab nahka, eemaldab surnud naharakud ja mustuse, annab naturaalse efekti","og_url":"https:\/\/valika.eu\/fi\/toode\/silcare-nappa-cream-kreem-lohenenud-kandadele-30-uureaga\/","og_site_name":"Valika","article_publisher":"https:\/\/www.facebook.com\/tipsi.net","article_modified_time":"2026-03-12T18:38:22+00:00","og_image":[{"width":800,"height":800,"url":"https:\/\/valika.eu\/wp-content\/uploads\/2025\/03\/silcare-nappa-cream-krem-ot-tresshin-na-pyatkakh-s-mochevinoj-30.jpg","type":"image\/jpeg"}],"twitter_card":"summary_large_image","schema":{"@context":"https:\/\/schema.org","@graph":[{"@type":"WebPage","@id":"https:\/\/valika.eu\/fi\/toode\/silcare-nappa-cream-kreem-lohenenud-kandadele-30-uureaga\/","url":"https:\/\/valika.eu\/fi\/toode\/silcare-nappa-cream-kreem-lohenenud-kandadele-30-uureaga\/","name":"250ml Silcare Nappa Cream for Cracked Heels with 30% Urea | Valika","isPartOf":{"@id":"https:\/\/valika.eu\/fi\/#website"},"primaryImageOfPage":{"@id":"https:\/\/valika.eu\/fi\/toode\/silcare-nappa-cream-kreem-lohenenud-kandadele-30-uureaga\/#primaryimage"},"image":{"@id":"https:\/\/valika.eu\/toode\/silcare-nappa-cream-kreem-lohenenud-kandadele-30-uureaga\/#primaryimage"},"thumbnailUrl":"https:\/\/valika.eu\/wp-content\/uploads\/2025\/03\/silcare-nappa-cream-krem-ot-tresshin-na-pyatkakh-s-mochevinoj-30.jpg","datePublished":"2025-03-06T15:53:12+00:00","dateModified":"2026-03-12T18:38:22+00:00","breadcrumb":{"@id":"https:\/\/valika.eu\/fi\/toode\/silcare-nappa-cream-kreem-lohenenud-kandadele-30-uureaga\/#breadcrumb"},"inLanguage":"fi","potentialAction":[{"@type":"ReadAction","target":[["https:\/\/valika.eu\/fi\/toode\/silcare-nappa-cream-kreem-lohenenud-kandadele-30-uureaga\/"]]}]},{"@type":"ImageObject","inLanguage":"fi","@id":"https:\/\/valika.eu\/fi\/toode\/silcare-nappa-cream-kreem-lohenenud-kandadele-30-uureaga\/#primaryimage","url":"https:\/\/valika.eu\/wp-content\/uploads\/2025\/03\/silcare-nappa-cream-krem-ot-tresshin-na-pyatkakh-s-mochevinoj-30.jpg","contentUrl":"https:\/\/valika.eu\/wp-content\/uploads\/2025\/03\/silcare-nappa-cream-krem-ot-tresshin-na-pyatkakh-s-mochevinoj-30.jpg","width":800,"height":800},{"@type":"BreadcrumbList","@id":"https:\/\/valika.eu\/fi\/toode\/silcare-nappa-cream-kreem-lohenenud-kandadele-30-uureaga\/#breadcrumb","itemListElement":[{"@type":"ListItem","position":1,"name":"Koti","item":"https:\/\/valika.eu\/fi\/"},{"@type":"ListItem","position":2,"name":"Shop","item":"https:\/\/valika.eu\/fi\/"},{"@type":"ListItem","position":3,"name":"250ml Silcare Nappa Cream for Cracked Heels with 30% Urea"}]},{"@type":"WebSite","@id":"https:\/\/valika.eu\/fi\/#website","url":"https:\/\/valika.eu\/fi\/","name":"Valika.eu","description":"Salonkituotteet ja kauneudenhoitotuotteet - Valika tarjoaa laajan valikoiman tuotteita ja tarvikkeita kynsiteknikoille, kauneushoitoloille, kampaamoille ja kampaamoille.","publisher":{"@id":"https:\/\/valika.eu\/fi\/#organization"},"alternateName":"Valika","potentialAction":[{"@type":"SearchAction","target":{"@type":"EntryPoint","urlTemplate":"https:\/\/valika.eu\/fi\/?s={search_term_string}"},"query-input":{"@type":"PropertyValueSpecification","valueRequired":true,"valueName":"search_term_string"}}],"inLanguage":"fi"},{"@type":"Organization","@id":"https:\/\/valika.eu\/fi\/#organization","name":"Salongitoode O\u00dc","alternateName":"Valika","url":"https:\/\/valika.eu\/fi\/","logo":{"@type":"ImageObject","inLanguage":"fi","@id":"https:\/\/valika.eu\/fi\/#\/schema\/logo\/image\/","url":"https:\/\/valika.eu\/wp-content\/uploads\/2023\/11\/logo2-valika-footer.png","contentUrl":"https:\/\/valika.eu\/wp-content\/uploads\/2023\/11\/logo2-valika-footer.png","width":200,"height":129,"caption":"Salongitoode O\u00dc"},"image":{"@id":"https:\/\/valika.eu\/fi\/#\/schema\/logo\/image\/"},"sameAs":["https:\/\/www.facebook.com\/tipsi.net"]}]}},"jetpack_sharing_enabled":true,"_links":{"self":[{"href":"https:\/\/valika.eu\/fi\/wp-json\/wp\/v2\/product\/13524","targetHints":{"allow":["GET"]}}],"collection":[{"href":"https:\/\/valika.eu\/fi\/wp-json\/wp\/v2\/product"}],"about":[{"href":"https:\/\/valika.eu\/fi\/wp-json\/wp\/v2\/types\/product"}],"wp:featuredmedia":[{"embeddable":true,"href":"https:\/\/valika.eu\/fi\/wp-json\/wp\/v2\/media\/13525"}],"wp:attachment":[{"href":"https:\/\/valika.eu\/fi\/wp-json\/wp\/v2\/media?parent=13524"}],"wp:term":[{"taxonomy":"product_brand","embeddable":true,"href":"https:\/\/valika.eu\/fi\/wp-json\/wp\/v2\/product_brand?post=13524"},{"taxonomy":"product_cat","embeddable":true,"href":"https:\/\/valika.eu\/fi\/wp-json\/wp\/v2\/product_cat?post=13524"},{"taxonomy":"product_tag","embeddable":true,"href":"https:\/\/valika.eu\/fi\/wp-json\/wp\/v2\/product_tag?post=13524"}],"curies":[{"name":"wp","href":"https:\/\/api.w.org\/{rel}","templated":true}]}}