{"id":13527,"date":"2025-03-06T18:10:45","date_gmt":"2025-03-06T16:10:45","guid":{"rendered":"https:\/\/valika.eu\/?post_type=product&#038;p=13527"},"modified":"2025-10-13T13:57:47","modified_gmt":"2025-10-13T10:57:47","slug":"%d1%83%d0%b2%d0%bb%d0%b0%d0%b6%d0%bd%d1%8f%d1%8e%d1%89%d0%b8%d0%b9-%d0%ba%d1%80%d0%b5%d0%bc-%d0%b4%d0%bb%d1%8f-%d0%bd%d0%be%d0%b3-nappa-urea-5-silcare-150-%d0%bc%d0%bb","status":"publish","type":"product","link":"https:\/\/valika.eu\/fi\/toode\/%d1%83%d0%b2%d0%bb%d0%b0%d0%b6%d0%bd%d1%8f%d1%8e%d1%89%d0%b8%d0%b9-%d0%ba%d1%80%d0%b5%d0%bc-%d0%b4%d0%bb%d1%8f-%d0%bd%d0%be%d0%b3-nappa-urea-5-silcare-150-%d0%bc%d0%bb\/","title":{"rendered":"Moisturizing foot cream Nappa Urea 5% Silcare &#8211; 150 ml"},"content":{"rendered":"<p><strong>Kosteuttava jalkavoide Nappa Urea 5% Silcare<\/strong>\u00a0&#8211; on voide, joka kosteuttaa jalkojen ihoa optimaalisesti joka p\u00e4iv\u00e4. Voide kosteuttaa tehokkaasti ja suojaa ihoa halkeilulta ja kovettumiselta erityisesti kantap\u00e4iss\u00e4. Koostumuksensa ansiosta voide imeytyy nopeasti eik\u00e4 j\u00e4t\u00e4 rasvaista kalvoa.<\/p>\n<p><strong>Ominaisuudet:<\/strong><\/p>\n<ul>\n<li>kosteuttaa,<\/li>\n<li>suojaa ihon mikrobiomia,<\/li>\n<li>edist\u00e4\u00e4 uusiutumista,<\/li>\n<li>suojaa halkeilulta,<\/li>\n<li>virkist\u00e4\u00e4,<\/li>\n<li>antiseptinen vaikutus,<\/li>\n<li>imeytyy nopeasti,<\/li>\n<li>vegaaninen tuote.<\/li>\n<\/ul>\n<p><strong>K\u00e4ytt\u00e4\u00e4:<\/strong><\/p>\n<p>it\u00e4 puhtaalle, kuivalle jalkojen iholle ja hiero kunnes se on imeytynyt. K\u00e4yt\u00e4 joka p\u00e4iv\u00e4. Pident\u00e4\u00e4ksesi vaikutusta, k\u00e4yt\u00e4 muita Nappa-sarjan kosmetiikkaa!<\/p>","protected":false},"excerpt":{"rendered":"<p><strong>Moisturizing foot cream Nappa Urea 5% Silcare<\/strong>\u00a0&#8211; is a cream that provides optimal hydration of the skin of the feet every day. The cream provides intensive hydration, protecting the skin from cracking and calluses, especially on the heels. Thanks to its formula, the cream is quickly absorbed and does not leave a greasy film.<\/p>\n","protected":false},"featured_media":13528,"template":"","meta":[],"product_brand":[],"product_cat":[638],"product_tag":[],"class_list":{"0":"post-13527","1":"product","2":"type-product","3":"status-publish","4":"has-post-thumbnail","6":"product_cat-kreem","8":"first","9":"outofstock","10":"taxable","11":"shipping-taxable","12":"purchasable","13":"product-type-simple"},"yoast_head":"<!-- This site is optimized with the Yoast SEO plugin v24.4 - https:\/\/yoast.com\/wordpress\/plugins\/seo\/ -->\n<title>Moisturizing foot cream Nappa Urea 5% Silcare - 150 ml | Valika<\/title>\n<meta name=\"robots\" content=\"index, follow, max-snippet:-1, max-image-preview:large, max-video-preview:-1\" \/>\n<link rel=\"canonical\" href=\"https:\/\/valika.eu\/fi\/toode\/\u0443\u0432\u043b\u0430\u0436\u043d\u044f\u044e\u0449\u0438\u0439-\u043a\u0440\u0435\u043c-\u0434\u043b\u044f-\u043d\u043e\u0433-nappa-urea-5-silcare-150-\u043c\u043b\/\" \/>\n<meta property=\"og:locale\" content=\"fi_FI\" \/>\n<meta property=\"og:type\" content=\"article\" \/>\n<meta property=\"og:title\" content=\"Moisturizing foot cream Nappa Urea 5% Silcare - 150 ml | Valika\" \/>\n<meta property=\"og:description\" content=\"Moisturizing foot cream Nappa Urea 5% Silcare\u00a0&#8211; is a cream that provides optimal hydration of the skin of the feet every day. The cream provides intensive hydration, protecting the skin from cracking and calluses, especially on the heels. Thanks to its formula, the cream is quickly absorbed and does not leave a greasy film.\" \/>\n<meta property=\"og:url\" content=\"https:\/\/valika.eu\/fi\/toode\/\u0443\u0432\u043b\u0430\u0436\u043d\u044f\u044e\u0449\u0438\u0439-\u043a\u0440\u0435\u043c-\u0434\u043b\u044f-\u043d\u043e\u0433-nappa-urea-5-silcare-150-\u043c\u043b\/\" \/>\n<meta property=\"og:site_name\" content=\"Valika\" \/>\n<meta property=\"article:publisher\" content=\"https:\/\/www.facebook.com\/tipsi.net\" \/>\n<meta property=\"article:modified_time\" content=\"2025-10-13T10:57:47+00:00\" \/>\n<meta property=\"og:image\" content=\"https:\/\/valika.eu\/wp-content\/uploads\/2025\/03\/38361.jpg\" \/>\n\t<meta property=\"og:image:width\" content=\"800\" \/>\n\t<meta property=\"og:image:height\" content=\"800\" \/>\n\t<meta property=\"og:image:type\" content=\"image\/jpeg\" \/>\n<meta name=\"twitter:card\" content=\"summary_large_image\" \/>\n<script type=\"application\/ld+json\" class=\"yoast-schema-graph\">{\"@context\":\"https:\/\/schema.org\",\"@graph\":[{\"@type\":\"WebPage\",\"@id\":\"https:\/\/valika.eu\/fi\/toode\/%d1%83%d0%b2%d0%bb%d0%b0%d0%b6%d0%bd%d1%8f%d1%8e%d1%89%d0%b8%d0%b9-%d0%ba%d1%80%d0%b5%d0%bc-%d0%b4%d0%bb%d1%8f-%d0%bd%d0%be%d0%b3-nappa-urea-5-silcare-150-%d0%bc%d0%bb\/\",\"url\":\"https:\/\/valika.eu\/fi\/toode\/%d1%83%d0%b2%d0%bb%d0%b0%d0%b6%d0%bd%d1%8f%d1%8e%d1%89%d0%b8%d0%b9-%d0%ba%d1%80%d0%b5%d0%bc-%d0%b4%d0%bb%d1%8f-%d0%bd%d0%be%d0%b3-nappa-urea-5-silcare-150-%d0%bc%d0%bb\/\",\"name\":\"Moisturizing foot cream Nappa Urea 5% Silcare - 150 ml | Valika\",\"isPartOf\":{\"@id\":\"https:\/\/valika.eu\/fi\/#website\"},\"primaryImageOfPage\":{\"@id\":\"https:\/\/valika.eu\/fi\/toode\/%d1%83%d0%b2%d0%bb%d0%b0%d0%b6%d0%bd%d1%8f%d1%8e%d1%89%d0%b8%d0%b9-%d0%ba%d1%80%d0%b5%d0%bc-%d0%b4%d0%bb%d1%8f-%d0%bd%d0%be%d0%b3-nappa-urea-5-silcare-150-%d0%bc%d0%bb\/#primaryimage\"},\"image\":{\"@id\":\"https:\/\/valika.eu\/toode\/%d1%83%d0%b2%d0%bb%d0%b0%d0%b6%d0%bd%d1%8f%d1%8e%d1%89%d0%b8%d0%b9-%d0%ba%d1%80%d0%b5%d0%bc-%d0%b4%d0%bb%d1%8f-%d0%bd%d0%be%d0%b3-nappa-urea-5-silcare-150-%d0%bc%d0%bb\/#primaryimage\"},\"thumbnailUrl\":\"https:\/\/valika.eu\/wp-content\/uploads\/2025\/03\/38361.jpg\",\"datePublished\":\"2025-03-06T16:10:45+00:00\",\"dateModified\":\"2025-10-13T10:57:47+00:00\",\"breadcrumb\":{\"@id\":\"https:\/\/valika.eu\/fi\/toode\/%d1%83%d0%b2%d0%bb%d0%b0%d0%b6%d0%bd%d1%8f%d1%8e%d1%89%d0%b8%d0%b9-%d0%ba%d1%80%d0%b5%d0%bc-%d0%b4%d0%bb%d1%8f-%d0%bd%d0%be%d0%b3-nappa-urea-5-silcare-150-%d0%bc%d0%bb\/#breadcrumb\"},\"inLanguage\":\"fi\",\"potentialAction\":[{\"@type\":\"ReadAction\",\"target\":[[\"https:\/\/valika.eu\/fi\/toode\/%d1%83%d0%b2%d0%bb%d0%b0%d0%b6%d0%bd%d1%8f%d1%8e%d1%89%d0%b8%d0%b9-%d0%ba%d1%80%d0%b5%d0%bc-%d0%b4%d0%bb%d1%8f-%d0%bd%d0%be%d0%b3-nappa-urea-5-silcare-150-%d0%bc%d0%bb\/\"]]}]},{\"@type\":\"ImageObject\",\"inLanguage\":\"fi\",\"@id\":\"https:\/\/valika.eu\/fi\/toode\/%d1%83%d0%b2%d0%bb%d0%b0%d0%b6%d0%bd%d1%8f%d1%8e%d1%89%d0%b8%d0%b9-%d0%ba%d1%80%d0%b5%d0%bc-%d0%b4%d0%bb%d1%8f-%d0%bd%d0%be%d0%b3-nappa-urea-5-silcare-150-%d0%bc%d0%bb\/#primaryimage\",\"url\":\"https:\/\/valika.eu\/wp-content\/uploads\/2025\/03\/38361.jpg\",\"contentUrl\":\"https:\/\/valika.eu\/wp-content\/uploads\/2025\/03\/38361.jpg\",\"width\":800,\"height\":800},{\"@type\":\"BreadcrumbList\",\"@id\":\"https:\/\/valika.eu\/fi\/toode\/%d1%83%d0%b2%d0%bb%d0%b0%d0%b6%d0%bd%d1%8f%d1%8e%d1%89%d0%b8%d0%b9-%d0%ba%d1%80%d0%b5%d0%bc-%d0%b4%d0%bb%d1%8f-%d0%bd%d0%be%d0%b3-nappa-urea-5-silcare-150-%d0%bc%d0%bb\/#breadcrumb\",\"itemListElement\":[{\"@type\":\"ListItem\",\"position\":1,\"name\":\"Koti\",\"item\":\"https:\/\/valika.eu\/fi\/\"},{\"@type\":\"ListItem\",\"position\":2,\"name\":\"Shop\",\"item\":\"https:\/\/valika.eu\/fi\/\"},{\"@type\":\"ListItem\",\"position\":3,\"name\":\"Moisturizing foot cream Nappa Urea 5% Silcare &#8211; 150 ml\"}]},{\"@type\":\"WebSite\",\"@id\":\"https:\/\/valika.eu\/fi\/#website\",\"url\":\"https:\/\/valika.eu\/fi\/\",\"name\":\"Valika.eu\",\"description\":\"Salonkituotteet ja kauneudenhoitotuotteet - Valika tarjoaa laajan valikoiman tuotteita ja tarvikkeita kynsiteknikoille, kauneushoitoloille, kampaamoille ja kampaamoille.\",\"publisher\":{\"@id\":\"https:\/\/valika.eu\/fi\/#organization\"},\"alternateName\":\"Valika\",\"potentialAction\":[{\"@type\":\"SearchAction\",\"target\":{\"@type\":\"EntryPoint\",\"urlTemplate\":\"https:\/\/valika.eu\/fi\/?s={search_term_string}\"},\"query-input\":{\"@type\":\"PropertyValueSpecification\",\"valueRequired\":true,\"valueName\":\"search_term_string\"}}],\"inLanguage\":\"fi\"},{\"@type\":\"Organization\",\"@id\":\"https:\/\/valika.eu\/fi\/#organization\",\"name\":\"Salongitoode O\u00dc\",\"alternateName\":\"Valika\",\"url\":\"https:\/\/valika.eu\/fi\/\",\"logo\":{\"@type\":\"ImageObject\",\"inLanguage\":\"fi\",\"@id\":\"https:\/\/valika.eu\/fi\/#\/schema\/logo\/image\/\",\"url\":\"https:\/\/valika.eu\/wp-content\/uploads\/2023\/11\/logo2-valika-footer.png\",\"contentUrl\":\"https:\/\/valika.eu\/wp-content\/uploads\/2023\/11\/logo2-valika-footer.png\",\"width\":200,\"height\":129,\"caption\":\"Salongitoode O\u00dc\"},\"image\":{\"@id\":\"https:\/\/valika.eu\/fi\/#\/schema\/logo\/image\/\"},\"sameAs\":[\"https:\/\/www.facebook.com\/tipsi.net\"]}]}<\/script>\n<!-- \/ Yoast SEO plugin. -->","yoast_head_json":{"title":"Moisturizing foot cream Nappa Urea 5% Silcare - 150 ml | Valika","robots":{"index":"index","follow":"follow","max-snippet":"max-snippet:-1","max-image-preview":"max-image-preview:large","max-video-preview":"max-video-preview:-1"},"canonical":"https:\/\/valika.eu\/fi\/toode\/\u0443\u0432\u043b\u0430\u0436\u043d\u044f\u044e\u0449\u0438\u0439-\u043a\u0440\u0435\u043c-\u0434\u043b\u044f-\u043d\u043e\u0433-nappa-urea-5-silcare-150-\u043c\u043b\/","og_locale":"fi_FI","og_type":"article","og_title":"Moisturizing foot cream Nappa Urea 5% Silcare - 150 ml | Valika","og_description":"Moisturizing foot cream Nappa Urea 5% Silcare\u00a0&#8211; is a cream that provides optimal hydration of the skin of the feet every day. The cream provides intensive hydration, protecting the skin from cracking and calluses, especially on the heels. Thanks to its formula, the cream is quickly absorbed and does not leave a greasy film.","og_url":"https:\/\/valika.eu\/fi\/toode\/\u0443\u0432\u043b\u0430\u0436\u043d\u044f\u044e\u0449\u0438\u0439-\u043a\u0440\u0435\u043c-\u0434\u043b\u044f-\u043d\u043e\u0433-nappa-urea-5-silcare-150-\u043c\u043b\/","og_site_name":"Valika","article_publisher":"https:\/\/www.facebook.com\/tipsi.net","article_modified_time":"2025-10-13T10:57:47+00:00","og_image":[{"width":800,"height":800,"url":"https:\/\/valika.eu\/wp-content\/uploads\/2025\/03\/38361.jpg","type":"image\/jpeg"}],"twitter_card":"summary_large_image","schema":{"@context":"https:\/\/schema.org","@graph":[{"@type":"WebPage","@id":"https:\/\/valika.eu\/fi\/toode\/%d1%83%d0%b2%d0%bb%d0%b0%d0%b6%d0%bd%d1%8f%d1%8e%d1%89%d0%b8%d0%b9-%d0%ba%d1%80%d0%b5%d0%bc-%d0%b4%d0%bb%d1%8f-%d0%bd%d0%be%d0%b3-nappa-urea-5-silcare-150-%d0%bc%d0%bb\/","url":"https:\/\/valika.eu\/fi\/toode\/%d1%83%d0%b2%d0%bb%d0%b0%d0%b6%d0%bd%d1%8f%d1%8e%d1%89%d0%b8%d0%b9-%d0%ba%d1%80%d0%b5%d0%bc-%d0%b4%d0%bb%d1%8f-%d0%bd%d0%be%d0%b3-nappa-urea-5-silcare-150-%d0%bc%d0%bb\/","name":"Moisturizing foot cream Nappa Urea 5% Silcare - 150 ml | Valika","isPartOf":{"@id":"https:\/\/valika.eu\/fi\/#website"},"primaryImageOfPage":{"@id":"https:\/\/valika.eu\/fi\/toode\/%d1%83%d0%b2%d0%bb%d0%b0%d0%b6%d0%bd%d1%8f%d1%8e%d1%89%d0%b8%d0%b9-%d0%ba%d1%80%d0%b5%d0%bc-%d0%b4%d0%bb%d1%8f-%d0%bd%d0%be%d0%b3-nappa-urea-5-silcare-150-%d0%bc%d0%bb\/#primaryimage"},"image":{"@id":"https:\/\/valika.eu\/toode\/%d1%83%d0%b2%d0%bb%d0%b0%d0%b6%d0%bd%d1%8f%d1%8e%d1%89%d0%b8%d0%b9-%d0%ba%d1%80%d0%b5%d0%bc-%d0%b4%d0%bb%d1%8f-%d0%bd%d0%be%d0%b3-nappa-urea-5-silcare-150-%d0%bc%d0%bb\/#primaryimage"},"thumbnailUrl":"https:\/\/valika.eu\/wp-content\/uploads\/2025\/03\/38361.jpg","datePublished":"2025-03-06T16:10:45+00:00","dateModified":"2025-10-13T10:57:47+00:00","breadcrumb":{"@id":"https:\/\/valika.eu\/fi\/toode\/%d1%83%d0%b2%d0%bb%d0%b0%d0%b6%d0%bd%d1%8f%d1%8e%d1%89%d0%b8%d0%b9-%d0%ba%d1%80%d0%b5%d0%bc-%d0%b4%d0%bb%d1%8f-%d0%bd%d0%be%d0%b3-nappa-urea-5-silcare-150-%d0%bc%d0%bb\/#breadcrumb"},"inLanguage":"fi","potentialAction":[{"@type":"ReadAction","target":[["https:\/\/valika.eu\/fi\/toode\/%d1%83%d0%b2%d0%bb%d0%b0%d0%b6%d0%bd%d1%8f%d1%8e%d1%89%d0%b8%d0%b9-%d0%ba%d1%80%d0%b5%d0%bc-%d0%b4%d0%bb%d1%8f-%d0%bd%d0%be%d0%b3-nappa-urea-5-silcare-150-%d0%bc%d0%bb\/"]]}]},{"@type":"ImageObject","inLanguage":"fi","@id":"https:\/\/valika.eu\/fi\/toode\/%d1%83%d0%b2%d0%bb%d0%b0%d0%b6%d0%bd%d1%8f%d1%8e%d1%89%d0%b8%d0%b9-%d0%ba%d1%80%d0%b5%d0%bc-%d0%b4%d0%bb%d1%8f-%d0%bd%d0%be%d0%b3-nappa-urea-5-silcare-150-%d0%bc%d0%bb\/#primaryimage","url":"https:\/\/valika.eu\/wp-content\/uploads\/2025\/03\/38361.jpg","contentUrl":"https:\/\/valika.eu\/wp-content\/uploads\/2025\/03\/38361.jpg","width":800,"height":800},{"@type":"BreadcrumbList","@id":"https:\/\/valika.eu\/fi\/toode\/%d1%83%d0%b2%d0%bb%d0%b0%d0%b6%d0%bd%d1%8f%d1%8e%d1%89%d0%b8%d0%b9-%d0%ba%d1%80%d0%b5%d0%bc-%d0%b4%d0%bb%d1%8f-%d0%bd%d0%be%d0%b3-nappa-urea-5-silcare-150-%d0%bc%d0%bb\/#breadcrumb","itemListElement":[{"@type":"ListItem","position":1,"name":"Koti","item":"https:\/\/valika.eu\/fi\/"},{"@type":"ListItem","position":2,"name":"Shop","item":"https:\/\/valika.eu\/fi\/"},{"@type":"ListItem","position":3,"name":"Moisturizing foot cream Nappa Urea 5% Silcare &#8211; 150 ml"}]},{"@type":"WebSite","@id":"https:\/\/valika.eu\/fi\/#website","url":"https:\/\/valika.eu\/fi\/","name":"Valika.eu","description":"Salonkituotteet ja kauneudenhoitotuotteet - Valika tarjoaa laajan valikoiman tuotteita ja tarvikkeita kynsiteknikoille, kauneushoitoloille, kampaamoille ja kampaamoille.","publisher":{"@id":"https:\/\/valika.eu\/fi\/#organization"},"alternateName":"Valika","potentialAction":[{"@type":"SearchAction","target":{"@type":"EntryPoint","urlTemplate":"https:\/\/valika.eu\/fi\/?s={search_term_string}"},"query-input":{"@type":"PropertyValueSpecification","valueRequired":true,"valueName":"search_term_string"}}],"inLanguage":"fi"},{"@type":"Organization","@id":"https:\/\/valika.eu\/fi\/#organization","name":"Salongitoode O\u00dc","alternateName":"Valika","url":"https:\/\/valika.eu\/fi\/","logo":{"@type":"ImageObject","inLanguage":"fi","@id":"https:\/\/valika.eu\/fi\/#\/schema\/logo\/image\/","url":"https:\/\/valika.eu\/wp-content\/uploads\/2023\/11\/logo2-valika-footer.png","contentUrl":"https:\/\/valika.eu\/wp-content\/uploads\/2023\/11\/logo2-valika-footer.png","width":200,"height":129,"caption":"Salongitoode O\u00dc"},"image":{"@id":"https:\/\/valika.eu\/fi\/#\/schema\/logo\/image\/"},"sameAs":["https:\/\/www.facebook.com\/tipsi.net"]}]}},"jetpack_sharing_enabled":true,"_links":{"self":[{"href":"https:\/\/valika.eu\/fi\/wp-json\/wp\/v2\/product\/13527","targetHints":{"allow":["GET"]}}],"collection":[{"href":"https:\/\/valika.eu\/fi\/wp-json\/wp\/v2\/product"}],"about":[{"href":"https:\/\/valika.eu\/fi\/wp-json\/wp\/v2\/types\/product"}],"wp:featuredmedia":[{"embeddable":true,"href":"https:\/\/valika.eu\/fi\/wp-json\/wp\/v2\/media\/13528"}],"wp:attachment":[{"href":"https:\/\/valika.eu\/fi\/wp-json\/wp\/v2\/media?parent=13527"}],"wp:term":[{"taxonomy":"product_brand","embeddable":true,"href":"https:\/\/valika.eu\/fi\/wp-json\/wp\/v2\/product_brand?post=13527"},{"taxonomy":"product_cat","embeddable":true,"href":"https:\/\/valika.eu\/fi\/wp-json\/wp\/v2\/product_cat?post=13527"},{"taxonomy":"product_tag","embeddable":true,"href":"https:\/\/valika.eu\/fi\/wp-json\/wp\/v2\/product_tag?post=13527"}],"curies":[{"name":"wp","href":"https:\/\/api.w.org\/{rel}","templated":true}]}}