{"id":13529,"date":"2025-03-06T18:19:42","date_gmt":"2025-03-06T16:19:42","guid":{"rendered":"https:\/\/valika.eu\/?post_type=product&#038;p=13529"},"modified":"2026-02-06T13:42:17","modified_gmt":"2026-02-06T11:42:17","slug":"softening-cream-for-thick-skin-of-feet-nappa-urea-15-silcare-150-ml","status":"publish","type":"product","link":"https:\/\/valika.eu\/fi\/toode\/softening-cream-for-thick-skin-of-feet-nappa-urea-15-silcare-150-ml\/","title":{"rendered":"Softening cream for thick skin of feet Nappa Urea 15% Silcare &#8211; 150 ml"},"content":{"rendered":"<p><strong>Pehment\u00e4v\u00e4 voide paksulle jalkojen iholle Nappa Urea 15% Silcare<\/strong>\u00a0&#8211; innovatiivinen tuote ihmisille, joilla on jalkojen paksuuntunut iho, ureapitoisuus 15%. Innovatiivinen koostumus, joka sis\u00e4lt\u00e4\u00e4 iholle hy\u00f6dyllisi\u00e4 postbiootteja. SOFTTENING voide kuorii hell\u00e4varaisesti ja kosteuttaa intensiivisesti jalkojen ihoa, suojaa ihon mikrobiomia taudinaiheuttajilta.<\/p>\n<p><strong>Ominaisuudet:<\/strong><\/p>\n<ul>\n<li>kosteuttaa intensiivisesti,<\/li>\n<li>kuorii hell\u00e4sti kuollutta ihoa,<\/li>\n<li>suojaa ihon mikrobiomia,<\/li>\n<li>edist\u00e4\u00e4 uusiutumista,<\/li>\n<li>suojaa halkeilulta,<\/li>\n<li>virkist\u00e4\u00e4,<\/li>\n<li>antiseptinen vaikutus,<\/li>\n<li>imeytyy nopeasti,<\/li>\n<li>vegaaninen tuote.<\/li>\n<\/ul>\n<p><strong>Sovellus:<\/strong><\/p>\n<p>Levit\u00e4 puhtaalle, kuivalle jalkojen iholle ja hiero kunnes se on imeytynyt. K\u00e4yt\u00e4 s\u00e4\u00e4nn\u00f6llisesti &#8211; 1 kerta p\u00e4iv\u00e4ss\u00e4 ennaltaehk\u00e4isev\u00e4n\u00e4 toimenpiteen\u00e4 ja 2 kertaa p\u00e4iv\u00e4ss\u00e4 intensiiviseen hoitoon. K\u00e4yt\u00e4 muita Nappa-sarjan kosmetiikkaa pident\u00e4\u00e4ksesi vaikutusta!<\/p>","protected":false},"excerpt":{"rendered":"<p><strong>Softening cream for thick skin of feet Nappa Urea 15% Silcare<\/strong>\u00a0&#8211; an innovative product for people with the problem of thickened skin on the feet with urea in a concentration of 15%. An innovative formula containing postbiotics that are beneficial for the skin. SOFTTENING cream gently exfoliates and intensively moisturizes the skin of the feet, protects the skin microbiome from pathogens.<\/p>\n","protected":false},"featured_media":13530,"template":"","meta":[],"product_brand":[],"product_cat":[638],"product_tag":[],"class_list":{"0":"post-13529","1":"product","2":"type-product","3":"status-publish","4":"has-post-thumbnail","6":"product_cat-kreem","8":"first","9":"instock","10":"taxable","11":"shipping-taxable","12":"purchasable","13":"product-type-simple"},"yoast_head":"<!-- This site is optimized with the Yoast SEO plugin v24.4 - https:\/\/yoast.com\/wordpress\/plugins\/seo\/ -->\n<title>Softening cream for thick skin of feet Nappa Urea 15% Silcare - 150 ml | Valika<\/title>\n<meta name=\"robots\" content=\"index, follow, max-snippet:-1, max-image-preview:large, max-video-preview:-1\" \/>\n<link rel=\"canonical\" href=\"https:\/\/valika.eu\/fi\/toode\/softening-cream-for-thick-skin-of-feet-nappa-urea-15-silcare-150-ml\/\" \/>\n<meta property=\"og:locale\" content=\"fi_FI\" \/>\n<meta property=\"og:type\" content=\"article\" \/>\n<meta property=\"og:title\" content=\"Softening cream for thick skin of feet Nappa Urea 15% Silcare - 150 ml | Valika\" \/>\n<meta property=\"og:description\" content=\"Softening cream for thick skin of feet Nappa Urea 15% Silcare\u00a0&#8211; an innovative product for people with the problem of thickened skin on the feet with urea in a concentration of 15%. An innovative formula containing postbiotics that are beneficial for the skin. SOFTTENING cream gently exfoliates and intensively moisturizes the skin of the feet, protects the skin microbiome from pathogens.\" \/>\n<meta property=\"og:url\" content=\"https:\/\/valika.eu\/fi\/toode\/softening-cream-for-thick-skin-of-feet-nappa-urea-15-silcare-150-ml\/\" \/>\n<meta property=\"og:site_name\" content=\"Valika\" \/>\n<meta property=\"article:publisher\" content=\"https:\/\/www.facebook.com\/tipsi.net\" \/>\n<meta property=\"article:modified_time\" content=\"2026-02-06T11:42:17+00:00\" \/>\n<meta property=\"og:image\" content=\"https:\/\/valika.eu\/wp-content\/uploads\/2025\/03\/JALAKREEM_15.jpg\" \/>\n\t<meta property=\"og:image:width\" content=\"800\" \/>\n\t<meta property=\"og:image:height\" content=\"800\" \/>\n\t<meta property=\"og:image:type\" content=\"image\/jpeg\" \/>\n<meta name=\"twitter:card\" content=\"summary_large_image\" \/>\n<script type=\"application\/ld+json\" class=\"yoast-schema-graph\">{\"@context\":\"https:\/\/schema.org\",\"@graph\":[{\"@type\":\"WebPage\",\"@id\":\"https:\/\/valika.eu\/fi\/toode\/softening-cream-for-thick-skin-of-feet-nappa-urea-15-silcare-150-ml\/\",\"url\":\"https:\/\/valika.eu\/fi\/toode\/softening-cream-for-thick-skin-of-feet-nappa-urea-15-silcare-150-ml\/\",\"name\":\"Softening cream for thick skin of feet Nappa Urea 15% Silcare - 150 ml | Valika\",\"isPartOf\":{\"@id\":\"https:\/\/valika.eu\/fi\/#website\"},\"primaryImageOfPage\":{\"@id\":\"https:\/\/valika.eu\/fi\/toode\/softening-cream-for-thick-skin-of-feet-nappa-urea-15-silcare-150-ml\/#primaryimage\"},\"image\":{\"@id\":\"https:\/\/valika.eu\/toode\/softening-cream-for-thick-skin-of-feet-nappa-urea-15-silcare-150-ml\/#primaryimage\"},\"thumbnailUrl\":\"https:\/\/valika.eu\/wp-content\/uploads\/2025\/03\/JALAKREEM_15.jpg\",\"datePublished\":\"2025-03-06T16:19:42+00:00\",\"dateModified\":\"2026-02-06T11:42:17+00:00\",\"breadcrumb\":{\"@id\":\"https:\/\/valika.eu\/fi\/toode\/softening-cream-for-thick-skin-of-feet-nappa-urea-15-silcare-150-ml\/#breadcrumb\"},\"inLanguage\":\"fi\",\"potentialAction\":[{\"@type\":\"ReadAction\",\"target\":[[\"https:\/\/valika.eu\/fi\/toode\/softening-cream-for-thick-skin-of-feet-nappa-urea-15-silcare-150-ml\/\"]]}]},{\"@type\":\"ImageObject\",\"inLanguage\":\"fi\",\"@id\":\"https:\/\/valika.eu\/fi\/toode\/softening-cream-for-thick-skin-of-feet-nappa-urea-15-silcare-150-ml\/#primaryimage\",\"url\":\"https:\/\/valika.eu\/wp-content\/uploads\/2025\/03\/JALAKREEM_15.jpg\",\"contentUrl\":\"https:\/\/valika.eu\/wp-content\/uploads\/2025\/03\/JALAKREEM_15.jpg\",\"width\":800,\"height\":800},{\"@type\":\"BreadcrumbList\",\"@id\":\"https:\/\/valika.eu\/fi\/toode\/softening-cream-for-thick-skin-of-feet-nappa-urea-15-silcare-150-ml\/#breadcrumb\",\"itemListElement\":[{\"@type\":\"ListItem\",\"position\":1,\"name\":\"Koti\",\"item\":\"https:\/\/valika.eu\/fi\/\"},{\"@type\":\"ListItem\",\"position\":2,\"name\":\"Shop\",\"item\":\"https:\/\/valika.eu\/fi\/\"},{\"@type\":\"ListItem\",\"position\":3,\"name\":\"Softening cream for thick skin of feet Nappa Urea 15% Silcare &#8211; 150 ml\"}]},{\"@type\":\"WebSite\",\"@id\":\"https:\/\/valika.eu\/fi\/#website\",\"url\":\"https:\/\/valika.eu\/fi\/\",\"name\":\"Valika.eu\",\"description\":\"Salonkituotteet ja kauneudenhoitotuotteet - Valika tarjoaa laajan valikoiman tuotteita ja tarvikkeita kynsiteknikoille, kauneushoitoloille, kampaamoille ja kampaamoille.\",\"publisher\":{\"@id\":\"https:\/\/valika.eu\/fi\/#organization\"},\"alternateName\":\"Valika\",\"potentialAction\":[{\"@type\":\"SearchAction\",\"target\":{\"@type\":\"EntryPoint\",\"urlTemplate\":\"https:\/\/valika.eu\/fi\/?s={search_term_string}\"},\"query-input\":{\"@type\":\"PropertyValueSpecification\",\"valueRequired\":true,\"valueName\":\"search_term_string\"}}],\"inLanguage\":\"fi\"},{\"@type\":\"Organization\",\"@id\":\"https:\/\/valika.eu\/fi\/#organization\",\"name\":\"Salongitoode O\u00dc\",\"alternateName\":\"Valika\",\"url\":\"https:\/\/valika.eu\/fi\/\",\"logo\":{\"@type\":\"ImageObject\",\"inLanguage\":\"fi\",\"@id\":\"https:\/\/valika.eu\/fi\/#\/schema\/logo\/image\/\",\"url\":\"https:\/\/valika.eu\/wp-content\/uploads\/2023\/11\/logo2-valika-footer.png\",\"contentUrl\":\"https:\/\/valika.eu\/wp-content\/uploads\/2023\/11\/logo2-valika-footer.png\",\"width\":200,\"height\":129,\"caption\":\"Salongitoode O\u00dc\"},\"image\":{\"@id\":\"https:\/\/valika.eu\/fi\/#\/schema\/logo\/image\/\"},\"sameAs\":[\"https:\/\/www.facebook.com\/tipsi.net\"]}]}<\/script>\n<!-- \/ Yoast SEO plugin. -->","yoast_head_json":{"title":"Softening cream for thick skin of feet Nappa Urea 15% Silcare - 150 ml | Valika","robots":{"index":"index","follow":"follow","max-snippet":"max-snippet:-1","max-image-preview":"max-image-preview:large","max-video-preview":"max-video-preview:-1"},"canonical":"https:\/\/valika.eu\/fi\/toode\/softening-cream-for-thick-skin-of-feet-nappa-urea-15-silcare-150-ml\/","og_locale":"fi_FI","og_type":"article","og_title":"Softening cream for thick skin of feet Nappa Urea 15% Silcare - 150 ml | Valika","og_description":"Softening cream for thick skin of feet Nappa Urea 15% Silcare\u00a0&#8211; an innovative product for people with the problem of thickened skin on the feet with urea in a concentration of 15%. An innovative formula containing postbiotics that are beneficial for the skin. SOFTTENING cream gently exfoliates and intensively moisturizes the skin of the feet, protects the skin microbiome from pathogens.","og_url":"https:\/\/valika.eu\/fi\/toode\/softening-cream-for-thick-skin-of-feet-nappa-urea-15-silcare-150-ml\/","og_site_name":"Valika","article_publisher":"https:\/\/www.facebook.com\/tipsi.net","article_modified_time":"2026-02-06T11:42:17+00:00","og_image":[{"width":800,"height":800,"url":"https:\/\/valika.eu\/wp-content\/uploads\/2025\/03\/JALAKREEM_15.jpg","type":"image\/jpeg"}],"twitter_card":"summary_large_image","schema":{"@context":"https:\/\/schema.org","@graph":[{"@type":"WebPage","@id":"https:\/\/valika.eu\/fi\/toode\/softening-cream-for-thick-skin-of-feet-nappa-urea-15-silcare-150-ml\/","url":"https:\/\/valika.eu\/fi\/toode\/softening-cream-for-thick-skin-of-feet-nappa-urea-15-silcare-150-ml\/","name":"Softening cream for thick skin of feet Nappa Urea 15% Silcare - 150 ml | Valika","isPartOf":{"@id":"https:\/\/valika.eu\/fi\/#website"},"primaryImageOfPage":{"@id":"https:\/\/valika.eu\/fi\/toode\/softening-cream-for-thick-skin-of-feet-nappa-urea-15-silcare-150-ml\/#primaryimage"},"image":{"@id":"https:\/\/valika.eu\/toode\/softening-cream-for-thick-skin-of-feet-nappa-urea-15-silcare-150-ml\/#primaryimage"},"thumbnailUrl":"https:\/\/valika.eu\/wp-content\/uploads\/2025\/03\/JALAKREEM_15.jpg","datePublished":"2025-03-06T16:19:42+00:00","dateModified":"2026-02-06T11:42:17+00:00","breadcrumb":{"@id":"https:\/\/valika.eu\/fi\/toode\/softening-cream-for-thick-skin-of-feet-nappa-urea-15-silcare-150-ml\/#breadcrumb"},"inLanguage":"fi","potentialAction":[{"@type":"ReadAction","target":[["https:\/\/valika.eu\/fi\/toode\/softening-cream-for-thick-skin-of-feet-nappa-urea-15-silcare-150-ml\/"]]}]},{"@type":"ImageObject","inLanguage":"fi","@id":"https:\/\/valika.eu\/fi\/toode\/softening-cream-for-thick-skin-of-feet-nappa-urea-15-silcare-150-ml\/#primaryimage","url":"https:\/\/valika.eu\/wp-content\/uploads\/2025\/03\/JALAKREEM_15.jpg","contentUrl":"https:\/\/valika.eu\/wp-content\/uploads\/2025\/03\/JALAKREEM_15.jpg","width":800,"height":800},{"@type":"BreadcrumbList","@id":"https:\/\/valika.eu\/fi\/toode\/softening-cream-for-thick-skin-of-feet-nappa-urea-15-silcare-150-ml\/#breadcrumb","itemListElement":[{"@type":"ListItem","position":1,"name":"Koti","item":"https:\/\/valika.eu\/fi\/"},{"@type":"ListItem","position":2,"name":"Shop","item":"https:\/\/valika.eu\/fi\/"},{"@type":"ListItem","position":3,"name":"Softening cream for thick skin of feet Nappa Urea 15% Silcare &#8211; 150 ml"}]},{"@type":"WebSite","@id":"https:\/\/valika.eu\/fi\/#website","url":"https:\/\/valika.eu\/fi\/","name":"Valika.eu","description":"Salonkituotteet ja kauneudenhoitotuotteet - Valika tarjoaa laajan valikoiman tuotteita ja tarvikkeita kynsiteknikoille, kauneushoitoloille, kampaamoille ja kampaamoille.","publisher":{"@id":"https:\/\/valika.eu\/fi\/#organization"},"alternateName":"Valika","potentialAction":[{"@type":"SearchAction","target":{"@type":"EntryPoint","urlTemplate":"https:\/\/valika.eu\/fi\/?s={search_term_string}"},"query-input":{"@type":"PropertyValueSpecification","valueRequired":true,"valueName":"search_term_string"}}],"inLanguage":"fi"},{"@type":"Organization","@id":"https:\/\/valika.eu\/fi\/#organization","name":"Salongitoode O\u00dc","alternateName":"Valika","url":"https:\/\/valika.eu\/fi\/","logo":{"@type":"ImageObject","inLanguage":"fi","@id":"https:\/\/valika.eu\/fi\/#\/schema\/logo\/image\/","url":"https:\/\/valika.eu\/wp-content\/uploads\/2023\/11\/logo2-valika-footer.png","contentUrl":"https:\/\/valika.eu\/wp-content\/uploads\/2023\/11\/logo2-valika-footer.png","width":200,"height":129,"caption":"Salongitoode O\u00dc"},"image":{"@id":"https:\/\/valika.eu\/fi\/#\/schema\/logo\/image\/"},"sameAs":["https:\/\/www.facebook.com\/tipsi.net"]}]}},"jetpack_sharing_enabled":true,"_links":{"self":[{"href":"https:\/\/valika.eu\/fi\/wp-json\/wp\/v2\/product\/13529","targetHints":{"allow":["GET"]}}],"collection":[{"href":"https:\/\/valika.eu\/fi\/wp-json\/wp\/v2\/product"}],"about":[{"href":"https:\/\/valika.eu\/fi\/wp-json\/wp\/v2\/types\/product"}],"wp:featuredmedia":[{"embeddable":true,"href":"https:\/\/valika.eu\/fi\/wp-json\/wp\/v2\/media\/13530"}],"wp:attachment":[{"href":"https:\/\/valika.eu\/fi\/wp-json\/wp\/v2\/media?parent=13529"}],"wp:term":[{"taxonomy":"product_brand","embeddable":true,"href":"https:\/\/valika.eu\/fi\/wp-json\/wp\/v2\/product_brand?post=13529"},{"taxonomy":"product_cat","embeddable":true,"href":"https:\/\/valika.eu\/fi\/wp-json\/wp\/v2\/product_cat?post=13529"},{"taxonomy":"product_tag","embeddable":true,"href":"https:\/\/valika.eu\/fi\/wp-json\/wp\/v2\/product_tag?post=13529"}],"curies":[{"name":"wp","href":"https:\/\/api.w.org\/{rel}","templated":true}]}}