{"id":13534,"date":"2025-03-06T18:59:12","date_gmt":"2025-03-06T16:59:12","guid":{"rendered":"https:\/\/valika.eu\/?post_type=product&#038;p=13534"},"modified":"2026-02-02T13:30:11","modified_gmt":"2026-02-02T11:30:11","slug":"kastooroli-quin-100-ml","status":"publish","type":"product","link":"https:\/\/valika.eu\/fi\/toode\/kastooroli-quin-100-ml\/","title":{"rendered":"Castor oil QUIN 100 ml"},"content":{"rendered":"<p><\/p>\n<p data-start=\"3318\" data-end=\"3687\"><strong data-start=\"3318\" data-end=\"3338\">QUIN risiini\u00f6ljy<\/strong> on korvaamaton, monik\u00e4ytt\u00f6inen tuote, joka on 100 % luonnollista alkuper\u00e4\u00e4. T\u00e4m\u00e4 ainutlaatuinen \u00f6ljy saadaan kylm\u00e4puristamalla, mik\u00e4 takaa sen arvokkaiden ominaisuuksien s\u00e4ilymisen. Se on tuote, joka sopii t\u00e4ydellisesti moniin eri hoitoalueisiin. Jos mietit, mink\u00e4 risiini\u00f6ljyn valita hiuksille, ripsille, kulmille tai kynsille, valitse <strong data-start=\"3676\" data-end=\"3684\">QUIN<\/strong>!<\/p>\n<p data-start=\"3689\" data-end=\"4136\">Aloitetaan p\u00e4\u00e4st\u00e4: risiini\u00f6ljymme on kauniiden ja terveiden hiusten salaisuus. Sen ominaisuuksien ansiosta se palauttaa hiusten rakenteen erinomaisesti antaen niille pehmeyden lis\u00e4ksi my\u00f6s intensiivist\u00e4 kiiltoa. S\u00e4\u00e4nn\u00f6llisesti k\u00e4ytettyn\u00e4 monik\u00e4ytt\u00f6inen risiini\u00f6ljy vaikuttaa positiivisesti ihon kosteutukseen, mik\u00e4 puolestaan edist\u00e4\u00e4 hiusten juurten kasvua. T\u00e4st\u00e4 syyst\u00e4 se on erityisen suositeltavaa hiustenl\u00e4ht\u00f6ongelmista k\u00e4rsiville ihmisille.<\/p>\n<p data-start=\"4138\" data-end=\"4547\">Monik\u00e4ytt\u00f6inen risiini\u00f6ljy, erityisesti 100 % luonnollinen \u00f6ljy, sopii hyvin my\u00f6s moniin ihonhoitotarpeisiin. Sen monipuolinen k\u00e4ytt\u00f6 ulottuu my\u00f6s k\u00e4siin, kynsinauhoihin (t\u00e4ss\u00e4kin suosittelemme erityisesti SoPRO:n \u00f6ljy\u00e4 herkille kynsille) sek\u00e4 kulmiin ja ripsiin. Se on t\u00e4ydellinen kuivilta ja v\u00e4syneilt\u00e4 k\u00e4silt\u00e4 k\u00e4rsiville ihmisille, samoin kuin niille, joilla on hauraat ripset tai harvenevat kulmakarvat.<\/p>\n<p data-start=\"4549\" data-end=\"4823\"><strong data-start=\"4549\" data-end=\"4570\">QUIN risiini\u00f6ljyn<\/strong> monipuolisten ominaisuuksien ansiosta voit nauttia kokonaisvaltaisesta hoidosta, joka muuttaa ulkon\u00e4k\u00f6si ja parantaa hiusten, ihon ja kynsien kuntoa. T\u00e4m\u00e4 on korvaamaton tuote kosmetiikkapussissasi, jonka avulla kauneutesi s\u00e4ilyy hehkuvana ja terveen\u00e4.<\/p>\n<p data-start=\"4825\" data-end=\"4844\"><strong data-start=\"4825\" data-end=\"4842\">Ominaisuudet:<\/strong><\/p>\n<ul data-start=\"4845\" data-end=\"4993\" data-is-last-node=\"\" data-is-only-node=\"\">\n<li data-start=\"4845\" data-end=\"4863\">Monik\u00e4ytt\u00f6inen<\/li>\n<li data-start=\"4864\" data-end=\"4937\">Kylm\u00e4puristettu, jolloin se s\u00e4ilytt\u00e4\u00e4 kaikki arvokkaat ominaisuutensa<\/li>\n<li data-start=\"4938\" data-end=\"4971\">Turvallinen ja k\u00e4tev\u00e4 k\u00e4ytt\u00e4\u00e4<\/li>\n<li data-start=\"4972\" data-end=\"4993\" data-is-last-node=\"\">K\u00e4teviss\u00e4 pulloissa<\/li>\n<\/ul>\n<p><\/p>","protected":false},"excerpt":{"rendered":"<p>QUIN risiini\u00f6ljy on korvaamaton, monik\u00e4ytt\u00f6inen tuote, joka on 100 % luonnollista alkuper\u00e4\u00e4. T\u00e4m\u00e4 ainutlaatuinen \u00f6ljy saadaan kylm\u00e4puristamalla, mik\u00e4 takaa sen<\/p>\n","protected":false},"featured_media":13535,"template":"","meta":[],"product_brand":[],"product_cat":[638],"product_tag":[],"class_list":{"0":"post-13534","1":"product","2":"type-product","3":"status-publish","4":"has-post-thumbnail","6":"product_cat-kreem","8":"first","9":"instock","10":"taxable","11":"shipping-taxable","12":"purchasable","13":"product-type-simple"},"yoast_head":"<!-- This site is optimized with the Yoast SEO plugin v24.4 - https:\/\/yoast.com\/wordpress\/plugins\/seo\/ -->\n<title>Castor oil QUIN 100 ml | Valika<\/title>\n<meta name=\"robots\" content=\"index, follow, max-snippet:-1, max-image-preview:large, max-video-preview:-1\" \/>\n<link rel=\"canonical\" href=\"https:\/\/valika.eu\/fi\/toode\/kastooroli-quin-100-ml\/\" \/>\n<meta property=\"og:locale\" content=\"fi_FI\" \/>\n<meta property=\"og:type\" content=\"article\" \/>\n<meta property=\"og:title\" content=\"Castor oil QUIN 100 ml | Valika\" \/>\n<meta property=\"og:description\" content=\"QUIN risiini\u00f6ljy on korvaamaton, monik\u00e4ytt\u00f6inen tuote, joka on 100 % luonnollista alkuper\u00e4\u00e4. T\u00e4m\u00e4 ainutlaatuinen \u00f6ljy saadaan kylm\u00e4puristamalla, mik\u00e4 takaa sen\" \/>\n<meta property=\"og:url\" content=\"https:\/\/valika.eu\/fi\/toode\/kastooroli-quin-100-ml\/\" \/>\n<meta property=\"og:site_name\" content=\"Valika\" \/>\n<meta property=\"article:publisher\" content=\"https:\/\/www.facebook.com\/tipsi.net\" \/>\n<meta property=\"article:modified_time\" content=\"2026-02-02T11:30:11+00:00\" \/>\n<meta property=\"og:image\" content=\"https:\/\/valika.eu\/wp-content\/uploads\/2025\/03\/eng_pm_Castor-oil-QUIN-100-ml-2301_1.webp\" \/>\n\t<meta property=\"og:image:width\" content=\"700\" \/>\n\t<meta property=\"og:image:height\" content=\"700\" \/>\n\t<meta property=\"og:image:type\" content=\"image\/webp\" \/>\n<meta name=\"twitter:card\" content=\"summary_large_image\" \/>\n<script type=\"application\/ld+json\" class=\"yoast-schema-graph\">{\"@context\":\"https:\/\/schema.org\",\"@graph\":[{\"@type\":\"WebPage\",\"@id\":\"https:\/\/valika.eu\/fi\/toode\/kastooroli-quin-100-ml\/\",\"url\":\"https:\/\/valika.eu\/fi\/toode\/kastooroli-quin-100-ml\/\",\"name\":\"Castor oil QUIN 100 ml | Valika\",\"isPartOf\":{\"@id\":\"https:\/\/valika.eu\/fi\/#website\"},\"primaryImageOfPage\":{\"@id\":\"https:\/\/valika.eu\/fi\/toode\/kastooroli-quin-100-ml\/#primaryimage\"},\"image\":{\"@id\":\"https:\/\/valika.eu\/toode\/kastooroli-quin-100-ml\/#primaryimage\"},\"thumbnailUrl\":\"https:\/\/valika.eu\/wp-content\/uploads\/2025\/03\/eng_pm_Castor-oil-QUIN-100-ml-2301_1.webp\",\"datePublished\":\"2025-03-06T16:59:12+00:00\",\"dateModified\":\"2026-02-02T11:30:11+00:00\",\"breadcrumb\":{\"@id\":\"https:\/\/valika.eu\/fi\/toode\/kastooroli-quin-100-ml\/#breadcrumb\"},\"inLanguage\":\"fi\",\"potentialAction\":[{\"@type\":\"ReadAction\",\"target\":[[\"https:\/\/valika.eu\/fi\/toode\/kastooroli-quin-100-ml\/\"]]}]},{\"@type\":\"ImageObject\",\"inLanguage\":\"fi\",\"@id\":\"https:\/\/valika.eu\/fi\/toode\/kastooroli-quin-100-ml\/#primaryimage\",\"url\":\"https:\/\/valika.eu\/wp-content\/uploads\/2025\/03\/eng_pm_Castor-oil-QUIN-100-ml-2301_1.webp\",\"contentUrl\":\"https:\/\/valika.eu\/wp-content\/uploads\/2025\/03\/eng_pm_Castor-oil-QUIN-100-ml-2301_1.webp\",\"width\":700,\"height\":700},{\"@type\":\"BreadcrumbList\",\"@id\":\"https:\/\/valika.eu\/fi\/toode\/kastooroli-quin-100-ml\/#breadcrumb\",\"itemListElement\":[{\"@type\":\"ListItem\",\"position\":1,\"name\":\"Koti\",\"item\":\"https:\/\/valika.eu\/fi\/\"},{\"@type\":\"ListItem\",\"position\":2,\"name\":\"Shop\",\"item\":\"https:\/\/valika.eu\/fi\/\"},{\"@type\":\"ListItem\",\"position\":3,\"name\":\"Castor oil QUIN 100 ml\"}]},{\"@type\":\"WebSite\",\"@id\":\"https:\/\/valika.eu\/fi\/#website\",\"url\":\"https:\/\/valika.eu\/fi\/\",\"name\":\"Valika.eu\",\"description\":\"Salonkituotteet ja kauneudenhoitotuotteet - Valika tarjoaa laajan valikoiman tuotteita ja tarvikkeita kynsiteknikoille, kauneushoitoloille, kampaamoille ja kampaamoille.\",\"publisher\":{\"@id\":\"https:\/\/valika.eu\/fi\/#organization\"},\"alternateName\":\"Valika\",\"potentialAction\":[{\"@type\":\"SearchAction\",\"target\":{\"@type\":\"EntryPoint\",\"urlTemplate\":\"https:\/\/valika.eu\/fi\/?s={search_term_string}\"},\"query-input\":{\"@type\":\"PropertyValueSpecification\",\"valueRequired\":true,\"valueName\":\"search_term_string\"}}],\"inLanguage\":\"fi\"},{\"@type\":\"Organization\",\"@id\":\"https:\/\/valika.eu\/fi\/#organization\",\"name\":\"Salongitoode O\u00dc\",\"alternateName\":\"Valika\",\"url\":\"https:\/\/valika.eu\/fi\/\",\"logo\":{\"@type\":\"ImageObject\",\"inLanguage\":\"fi\",\"@id\":\"https:\/\/valika.eu\/fi\/#\/schema\/logo\/image\/\",\"url\":\"https:\/\/valika.eu\/wp-content\/uploads\/2023\/11\/logo2-valika-footer.png\",\"contentUrl\":\"https:\/\/valika.eu\/wp-content\/uploads\/2023\/11\/logo2-valika-footer.png\",\"width\":200,\"height\":129,\"caption\":\"Salongitoode O\u00dc\"},\"image\":{\"@id\":\"https:\/\/valika.eu\/fi\/#\/schema\/logo\/image\/\"},\"sameAs\":[\"https:\/\/www.facebook.com\/tipsi.net\"]}]}<\/script>\n<!-- \/ Yoast SEO plugin. -->","yoast_head_json":{"title":"Castor oil QUIN 100 ml | Valika","robots":{"index":"index","follow":"follow","max-snippet":"max-snippet:-1","max-image-preview":"max-image-preview:large","max-video-preview":"max-video-preview:-1"},"canonical":"https:\/\/valika.eu\/fi\/toode\/kastooroli-quin-100-ml\/","og_locale":"fi_FI","og_type":"article","og_title":"Castor oil QUIN 100 ml | Valika","og_description":"QUIN risiini\u00f6ljy on korvaamaton, monik\u00e4ytt\u00f6inen tuote, joka on 100 % luonnollista alkuper\u00e4\u00e4. T\u00e4m\u00e4 ainutlaatuinen \u00f6ljy saadaan kylm\u00e4puristamalla, mik\u00e4 takaa sen","og_url":"https:\/\/valika.eu\/fi\/toode\/kastooroli-quin-100-ml\/","og_site_name":"Valika","article_publisher":"https:\/\/www.facebook.com\/tipsi.net","article_modified_time":"2026-02-02T11:30:11+00:00","og_image":[{"width":700,"height":700,"url":"https:\/\/valika.eu\/wp-content\/uploads\/2025\/03\/eng_pm_Castor-oil-QUIN-100-ml-2301_1.webp","type":"image\/webp"}],"twitter_card":"summary_large_image","schema":{"@context":"https:\/\/schema.org","@graph":[{"@type":"WebPage","@id":"https:\/\/valika.eu\/fi\/toode\/kastooroli-quin-100-ml\/","url":"https:\/\/valika.eu\/fi\/toode\/kastooroli-quin-100-ml\/","name":"Castor oil QUIN 100 ml | Valika","isPartOf":{"@id":"https:\/\/valika.eu\/fi\/#website"},"primaryImageOfPage":{"@id":"https:\/\/valika.eu\/fi\/toode\/kastooroli-quin-100-ml\/#primaryimage"},"image":{"@id":"https:\/\/valika.eu\/toode\/kastooroli-quin-100-ml\/#primaryimage"},"thumbnailUrl":"https:\/\/valika.eu\/wp-content\/uploads\/2025\/03\/eng_pm_Castor-oil-QUIN-100-ml-2301_1.webp","datePublished":"2025-03-06T16:59:12+00:00","dateModified":"2026-02-02T11:30:11+00:00","breadcrumb":{"@id":"https:\/\/valika.eu\/fi\/toode\/kastooroli-quin-100-ml\/#breadcrumb"},"inLanguage":"fi","potentialAction":[{"@type":"ReadAction","target":[["https:\/\/valika.eu\/fi\/toode\/kastooroli-quin-100-ml\/"]]}]},{"@type":"ImageObject","inLanguage":"fi","@id":"https:\/\/valika.eu\/fi\/toode\/kastooroli-quin-100-ml\/#primaryimage","url":"https:\/\/valika.eu\/wp-content\/uploads\/2025\/03\/eng_pm_Castor-oil-QUIN-100-ml-2301_1.webp","contentUrl":"https:\/\/valika.eu\/wp-content\/uploads\/2025\/03\/eng_pm_Castor-oil-QUIN-100-ml-2301_1.webp","width":700,"height":700},{"@type":"BreadcrumbList","@id":"https:\/\/valika.eu\/fi\/toode\/kastooroli-quin-100-ml\/#breadcrumb","itemListElement":[{"@type":"ListItem","position":1,"name":"Koti","item":"https:\/\/valika.eu\/fi\/"},{"@type":"ListItem","position":2,"name":"Shop","item":"https:\/\/valika.eu\/fi\/"},{"@type":"ListItem","position":3,"name":"Castor oil QUIN 100 ml"}]},{"@type":"WebSite","@id":"https:\/\/valika.eu\/fi\/#website","url":"https:\/\/valika.eu\/fi\/","name":"Valika.eu","description":"Salonkituotteet ja kauneudenhoitotuotteet - Valika tarjoaa laajan valikoiman tuotteita ja tarvikkeita kynsiteknikoille, kauneushoitoloille, kampaamoille ja kampaamoille.","publisher":{"@id":"https:\/\/valika.eu\/fi\/#organization"},"alternateName":"Valika","potentialAction":[{"@type":"SearchAction","target":{"@type":"EntryPoint","urlTemplate":"https:\/\/valika.eu\/fi\/?s={search_term_string}"},"query-input":{"@type":"PropertyValueSpecification","valueRequired":true,"valueName":"search_term_string"}}],"inLanguage":"fi"},{"@type":"Organization","@id":"https:\/\/valika.eu\/fi\/#organization","name":"Salongitoode O\u00dc","alternateName":"Valika","url":"https:\/\/valika.eu\/fi\/","logo":{"@type":"ImageObject","inLanguage":"fi","@id":"https:\/\/valika.eu\/fi\/#\/schema\/logo\/image\/","url":"https:\/\/valika.eu\/wp-content\/uploads\/2023\/11\/logo2-valika-footer.png","contentUrl":"https:\/\/valika.eu\/wp-content\/uploads\/2023\/11\/logo2-valika-footer.png","width":200,"height":129,"caption":"Salongitoode O\u00dc"},"image":{"@id":"https:\/\/valika.eu\/fi\/#\/schema\/logo\/image\/"},"sameAs":["https:\/\/www.facebook.com\/tipsi.net"]}]}},"jetpack_sharing_enabled":true,"_links":{"self":[{"href":"https:\/\/valika.eu\/fi\/wp-json\/wp\/v2\/product\/13534","targetHints":{"allow":["GET"]}}],"collection":[{"href":"https:\/\/valika.eu\/fi\/wp-json\/wp\/v2\/product"}],"about":[{"href":"https:\/\/valika.eu\/fi\/wp-json\/wp\/v2\/types\/product"}],"wp:featuredmedia":[{"embeddable":true,"href":"https:\/\/valika.eu\/fi\/wp-json\/wp\/v2\/media\/13535"}],"wp:attachment":[{"href":"https:\/\/valika.eu\/fi\/wp-json\/wp\/v2\/media?parent=13534"}],"wp:term":[{"taxonomy":"product_brand","embeddable":true,"href":"https:\/\/valika.eu\/fi\/wp-json\/wp\/v2\/product_brand?post=13534"},{"taxonomy":"product_cat","embeddable":true,"href":"https:\/\/valika.eu\/fi\/wp-json\/wp\/v2\/product_cat?post=13534"},{"taxonomy":"product_tag","embeddable":true,"href":"https:\/\/valika.eu\/fi\/wp-json\/wp\/v2\/product_tag?post=13534"}],"curies":[{"name":"wp","href":"https:\/\/api.w.org\/{rel}","templated":true}]}}