{"id":13536,"date":"2025-03-06T19:07:56","date_gmt":"2025-03-06T17:07:56","guid":{"rendered":"https:\/\/valika.eu\/?post_type=product&#038;p=13536"},"modified":"2025-10-06T06:55:23","modified_gmt":"2025-10-06T03:55:23","slug":"15ml-extreme-connector-uv-liim","status":"publish","type":"product","link":"https:\/\/valika.eu\/fi\/toode\/15ml-extreme-connector-uv-liim\/","title":{"rendered":"Extreme Connector UV 15 ml UV glue"},"content":{"rendered":"<p><\/p>\n<p data-start=\"1976\" data-end=\"2007\">Silcare:n ensimm\u00e4inen UV-liima!<\/p>\n<p data-start=\"2009\" data-end=\"2415\">Extreme Connector UV-liima on yhdistelm\u00e4 t\u00e4rkeimpi\u00e4 ainesosia yhdess\u00e4 tuotteessa! UV-liima parantaa geelimassan kiinnittymist\u00e4 kynnen pintaan. Se sis\u00e4lt\u00e4\u00e4 aktiivisia kiinnittymispaikkoja, jotka tekev\u00e4t tuotteesta h\u00e4mm\u00e4stytt\u00e4v\u00e4n tarttuvan luonnolliseen kynteen, samalla kun kemiallinen koostumus takaa t\u00e4ydellisen kerrosv\u00e4lisen kiinnittymisen \u2013 kovettamisen j\u00e4lkeinen kest\u00e4vyys perustuu koherenssin voimaan.<\/p>\n<p data-start=\"2417\" data-end=\"2522\">T\u00e4m\u00e4 universaali kaava yhdistyy t\u00e4ydellisesti kaikkiin Silcare-tuotteisiin, jotka kovettuvat lampun alla.<\/p>\n<p data-start=\"2524\" data-end=\"2541\"><strong data-start=\"2524\" data-end=\"2541\">Ominaisuudet:<\/strong><\/p>\n<ul data-start=\"2543\" data-end=\"2760\">\n<li data-start=\"2543\" data-end=\"2634\">Lis\u00e4\u00e4 geelimassan kiinnittymist\u00e4 kynnen pintaan aktiivisten kiinnittymiskohtien ansiosta.<\/li>\n<li data-start=\"2635\" data-end=\"2678\">T\u00e4ydellinen kerrosv\u00e4linen kiinnittyminen.<\/li>\n<li data-start=\"2679\" data-end=\"2760\">Universaali \u2013 sopii kaikkiin Silcare-tuotteisiin, jotka kovettuvat lampun alla.<\/li>\n<\/ul>\n<p data-start=\"2762\" data-end=\"2922\" data-is-only-node=\"\" data-is-last-node=\"\"><strong data-start=\"2762\" data-end=\"2777\">K\u00e4ytt\u00f6ohje:<\/strong><br data-start=\"2777\" data-end=\"2780\" \/>Levit\u00e4 ohut kerros tuotetta luonnolliselle kynnen pinnalle ja koveta 36W UV-lampussa 2 minuutin ajan tai 36W UV\/LED-lampussa 30 sekunnin ajan.<\/p>\n<p><\/p>","protected":false},"excerpt":{"rendered":"<p>Silcare:n ensimm\u00e4inen UV-liima! Extreme Connector UV-liima on yhdistelm\u00e4 t\u00e4rkeimpi\u00e4 ainesosia yhdess\u00e4 tuotteessa! UV-liima parantaa geelimassan kiinnittymist\u00e4 kynnen pintaan. Se sis\u00e4lt\u00e4\u00e4<\/p>\n","protected":false},"featured_media":13537,"template":"","meta":[],"product_brand":[],"product_cat":[616],"product_tag":[],"class_list":{"0":"post-13536","1":"product","2":"type-product","3":"status-publish","4":"has-post-thumbnail","6":"product_cat-primerbonder","8":"first","9":"outofstock","10":"taxable","11":"shipping-taxable","12":"purchasable","13":"product-type-simple"},"yoast_head":"<!-- This site is optimized with the Yoast SEO plugin v24.4 - https:\/\/yoast.com\/wordpress\/plugins\/seo\/ -->\n<title>Extreme Connector UV 15 ml UV glue | Valika<\/title>\n<meta name=\"robots\" content=\"index, follow, max-snippet:-1, max-image-preview:large, max-video-preview:-1\" \/>\n<link rel=\"canonical\" href=\"https:\/\/valika.eu\/fi\/toode\/15ml-extreme-connector-uv-liim\/\" \/>\n<meta property=\"og:locale\" content=\"fi_FI\" \/>\n<meta property=\"og:type\" content=\"article\" \/>\n<meta property=\"og:title\" content=\"Extreme Connector UV 15 ml UV glue | Valika\" \/>\n<meta property=\"og:description\" content=\"Silcare:n ensimm\u00e4inen UV-liima! Extreme Connector UV-liima on yhdistelm\u00e4 t\u00e4rkeimpi\u00e4 ainesosia yhdess\u00e4 tuotteessa! UV-liima parantaa geelimassan kiinnittymist\u00e4 kynnen pintaan. Se sis\u00e4lt\u00e4\u00e4\" \/>\n<meta property=\"og:url\" content=\"https:\/\/valika.eu\/fi\/toode\/15ml-extreme-connector-uv-liim\/\" \/>\n<meta property=\"og:site_name\" content=\"Valika\" \/>\n<meta property=\"article:publisher\" content=\"https:\/\/www.facebook.com\/tipsi.net\" \/>\n<meta property=\"article:modified_time\" content=\"2025-10-06T03:55:23+00:00\" \/>\n<meta property=\"og:image\" content=\"https:\/\/valika.eu\/wp-content\/uploads\/2025\/03\/eng_pl_Extreme-Connector-UV.webp\" \/>\n\t<meta property=\"og:image:width\" content=\"1000\" \/>\n\t<meta property=\"og:image:height\" content=\"1000\" \/>\n\t<meta property=\"og:image:type\" content=\"image\/webp\" \/>\n<meta name=\"twitter:card\" content=\"summary_large_image\" \/>\n<script type=\"application\/ld+json\" class=\"yoast-schema-graph\">{\"@context\":\"https:\/\/schema.org\",\"@graph\":[{\"@type\":\"WebPage\",\"@id\":\"https:\/\/valika.eu\/fi\/toode\/15ml-extreme-connector-uv-liim\/\",\"url\":\"https:\/\/valika.eu\/fi\/toode\/15ml-extreme-connector-uv-liim\/\",\"name\":\"Extreme Connector UV 15 ml UV glue | Valika\",\"isPartOf\":{\"@id\":\"https:\/\/valika.eu\/fi\/#website\"},\"primaryImageOfPage\":{\"@id\":\"https:\/\/valika.eu\/fi\/toode\/15ml-extreme-connector-uv-liim\/#primaryimage\"},\"image\":{\"@id\":\"https:\/\/valika.eu\/toode\/15ml-extreme-connector-uv-liim\/#primaryimage\"},\"thumbnailUrl\":\"https:\/\/valika.eu\/wp-content\/uploads\/2025\/03\/eng_pl_Extreme-Connector-UV.webp\",\"datePublished\":\"2025-03-06T17:07:56+00:00\",\"dateModified\":\"2025-10-06T03:55:23+00:00\",\"breadcrumb\":{\"@id\":\"https:\/\/valika.eu\/fi\/toode\/15ml-extreme-connector-uv-liim\/#breadcrumb\"},\"inLanguage\":\"fi\",\"potentialAction\":[{\"@type\":\"ReadAction\",\"target\":[[\"https:\/\/valika.eu\/fi\/toode\/15ml-extreme-connector-uv-liim\/\"]]}]},{\"@type\":\"ImageObject\",\"inLanguage\":\"fi\",\"@id\":\"https:\/\/valika.eu\/fi\/toode\/15ml-extreme-connector-uv-liim\/#primaryimage\",\"url\":\"https:\/\/valika.eu\/wp-content\/uploads\/2025\/03\/eng_pl_Extreme-Connector-UV.webp\",\"contentUrl\":\"https:\/\/valika.eu\/wp-content\/uploads\/2025\/03\/eng_pl_Extreme-Connector-UV.webp\",\"width\":1000,\"height\":1000},{\"@type\":\"BreadcrumbList\",\"@id\":\"https:\/\/valika.eu\/fi\/toode\/15ml-extreme-connector-uv-liim\/#breadcrumb\",\"itemListElement\":[{\"@type\":\"ListItem\",\"position\":1,\"name\":\"Koti\",\"item\":\"https:\/\/valika.eu\/fi\/\"},{\"@type\":\"ListItem\",\"position\":2,\"name\":\"Shop\",\"item\":\"https:\/\/valika.eu\/fi\/\"},{\"@type\":\"ListItem\",\"position\":3,\"name\":\"Extreme Connector UV 15 ml UV glue\"}]},{\"@type\":\"WebSite\",\"@id\":\"https:\/\/valika.eu\/fi\/#website\",\"url\":\"https:\/\/valika.eu\/fi\/\",\"name\":\"Valika.eu\",\"description\":\"Salonkituotteet ja kauneudenhoitotuotteet - Valika tarjoaa laajan valikoiman tuotteita ja tarvikkeita kynsiteknikoille, kauneushoitoloille, kampaamoille ja kampaamoille.\",\"publisher\":{\"@id\":\"https:\/\/valika.eu\/fi\/#organization\"},\"alternateName\":\"Valika\",\"potentialAction\":[{\"@type\":\"SearchAction\",\"target\":{\"@type\":\"EntryPoint\",\"urlTemplate\":\"https:\/\/valika.eu\/fi\/?s={search_term_string}\"},\"query-input\":{\"@type\":\"PropertyValueSpecification\",\"valueRequired\":true,\"valueName\":\"search_term_string\"}}],\"inLanguage\":\"fi\"},{\"@type\":\"Organization\",\"@id\":\"https:\/\/valika.eu\/fi\/#organization\",\"name\":\"Salongitoode O\u00dc\",\"alternateName\":\"Valika\",\"url\":\"https:\/\/valika.eu\/fi\/\",\"logo\":{\"@type\":\"ImageObject\",\"inLanguage\":\"fi\",\"@id\":\"https:\/\/valika.eu\/fi\/#\/schema\/logo\/image\/\",\"url\":\"https:\/\/valika.eu\/wp-content\/uploads\/2023\/11\/logo2-valika-footer.png\",\"contentUrl\":\"https:\/\/valika.eu\/wp-content\/uploads\/2023\/11\/logo2-valika-footer.png\",\"width\":200,\"height\":129,\"caption\":\"Salongitoode O\u00dc\"},\"image\":{\"@id\":\"https:\/\/valika.eu\/fi\/#\/schema\/logo\/image\/\"},\"sameAs\":[\"https:\/\/www.facebook.com\/tipsi.net\"]}]}<\/script>\n<!-- \/ Yoast SEO plugin. -->","yoast_head_json":{"title":"Extreme Connector UV 15 ml UV glue | Valika","robots":{"index":"index","follow":"follow","max-snippet":"max-snippet:-1","max-image-preview":"max-image-preview:large","max-video-preview":"max-video-preview:-1"},"canonical":"https:\/\/valika.eu\/fi\/toode\/15ml-extreme-connector-uv-liim\/","og_locale":"fi_FI","og_type":"article","og_title":"Extreme Connector UV 15 ml UV glue | Valika","og_description":"Silcare:n ensimm\u00e4inen UV-liima! Extreme Connector UV-liima on yhdistelm\u00e4 t\u00e4rkeimpi\u00e4 ainesosia yhdess\u00e4 tuotteessa! UV-liima parantaa geelimassan kiinnittymist\u00e4 kynnen pintaan. Se sis\u00e4lt\u00e4\u00e4","og_url":"https:\/\/valika.eu\/fi\/toode\/15ml-extreme-connector-uv-liim\/","og_site_name":"Valika","article_publisher":"https:\/\/www.facebook.com\/tipsi.net","article_modified_time":"2025-10-06T03:55:23+00:00","og_image":[{"width":1000,"height":1000,"url":"https:\/\/valika.eu\/wp-content\/uploads\/2025\/03\/eng_pl_Extreme-Connector-UV.webp","type":"image\/webp"}],"twitter_card":"summary_large_image","schema":{"@context":"https:\/\/schema.org","@graph":[{"@type":"WebPage","@id":"https:\/\/valika.eu\/fi\/toode\/15ml-extreme-connector-uv-liim\/","url":"https:\/\/valika.eu\/fi\/toode\/15ml-extreme-connector-uv-liim\/","name":"Extreme Connector UV 15 ml UV glue | Valika","isPartOf":{"@id":"https:\/\/valika.eu\/fi\/#website"},"primaryImageOfPage":{"@id":"https:\/\/valika.eu\/fi\/toode\/15ml-extreme-connector-uv-liim\/#primaryimage"},"image":{"@id":"https:\/\/valika.eu\/toode\/15ml-extreme-connector-uv-liim\/#primaryimage"},"thumbnailUrl":"https:\/\/valika.eu\/wp-content\/uploads\/2025\/03\/eng_pl_Extreme-Connector-UV.webp","datePublished":"2025-03-06T17:07:56+00:00","dateModified":"2025-10-06T03:55:23+00:00","breadcrumb":{"@id":"https:\/\/valika.eu\/fi\/toode\/15ml-extreme-connector-uv-liim\/#breadcrumb"},"inLanguage":"fi","potentialAction":[{"@type":"ReadAction","target":[["https:\/\/valika.eu\/fi\/toode\/15ml-extreme-connector-uv-liim\/"]]}]},{"@type":"ImageObject","inLanguage":"fi","@id":"https:\/\/valika.eu\/fi\/toode\/15ml-extreme-connector-uv-liim\/#primaryimage","url":"https:\/\/valika.eu\/wp-content\/uploads\/2025\/03\/eng_pl_Extreme-Connector-UV.webp","contentUrl":"https:\/\/valika.eu\/wp-content\/uploads\/2025\/03\/eng_pl_Extreme-Connector-UV.webp","width":1000,"height":1000},{"@type":"BreadcrumbList","@id":"https:\/\/valika.eu\/fi\/toode\/15ml-extreme-connector-uv-liim\/#breadcrumb","itemListElement":[{"@type":"ListItem","position":1,"name":"Koti","item":"https:\/\/valika.eu\/fi\/"},{"@type":"ListItem","position":2,"name":"Shop","item":"https:\/\/valika.eu\/fi\/"},{"@type":"ListItem","position":3,"name":"Extreme Connector UV 15 ml UV glue"}]},{"@type":"WebSite","@id":"https:\/\/valika.eu\/fi\/#website","url":"https:\/\/valika.eu\/fi\/","name":"Valika.eu","description":"Salonkituotteet ja kauneudenhoitotuotteet - Valika tarjoaa laajan valikoiman tuotteita ja tarvikkeita kynsiteknikoille, kauneushoitoloille, kampaamoille ja kampaamoille.","publisher":{"@id":"https:\/\/valika.eu\/fi\/#organization"},"alternateName":"Valika","potentialAction":[{"@type":"SearchAction","target":{"@type":"EntryPoint","urlTemplate":"https:\/\/valika.eu\/fi\/?s={search_term_string}"},"query-input":{"@type":"PropertyValueSpecification","valueRequired":true,"valueName":"search_term_string"}}],"inLanguage":"fi"},{"@type":"Organization","@id":"https:\/\/valika.eu\/fi\/#organization","name":"Salongitoode O\u00dc","alternateName":"Valika","url":"https:\/\/valika.eu\/fi\/","logo":{"@type":"ImageObject","inLanguage":"fi","@id":"https:\/\/valika.eu\/fi\/#\/schema\/logo\/image\/","url":"https:\/\/valika.eu\/wp-content\/uploads\/2023\/11\/logo2-valika-footer.png","contentUrl":"https:\/\/valika.eu\/wp-content\/uploads\/2023\/11\/logo2-valika-footer.png","width":200,"height":129,"caption":"Salongitoode O\u00dc"},"image":{"@id":"https:\/\/valika.eu\/fi\/#\/schema\/logo\/image\/"},"sameAs":["https:\/\/www.facebook.com\/tipsi.net"]}]}},"jetpack_sharing_enabled":true,"_links":{"self":[{"href":"https:\/\/valika.eu\/fi\/wp-json\/wp\/v2\/product\/13536","targetHints":{"allow":["GET"]}}],"collection":[{"href":"https:\/\/valika.eu\/fi\/wp-json\/wp\/v2\/product"}],"about":[{"href":"https:\/\/valika.eu\/fi\/wp-json\/wp\/v2\/types\/product"}],"wp:featuredmedia":[{"embeddable":true,"href":"https:\/\/valika.eu\/fi\/wp-json\/wp\/v2\/media\/13537"}],"wp:attachment":[{"href":"https:\/\/valika.eu\/fi\/wp-json\/wp\/v2\/media?parent=13536"}],"wp:term":[{"taxonomy":"product_brand","embeddable":true,"href":"https:\/\/valika.eu\/fi\/wp-json\/wp\/v2\/product_brand?post=13536"},{"taxonomy":"product_cat","embeddable":true,"href":"https:\/\/valika.eu\/fi\/wp-json\/wp\/v2\/product_cat?post=13536"},{"taxonomy":"product_tag","embeddable":true,"href":"https:\/\/valika.eu\/fi\/wp-json\/wp\/v2\/product_tag?post=13536"}],"curies":[{"name":"wp","href":"https:\/\/api.w.org\/{rel}","templated":true}]}}