{"id":13540,"date":"2025-03-06T19:34:27","date_gmt":"2025-03-06T17:34:27","guid":{"rendered":"https:\/\/valika.eu\/?post_type=product&#038;p=13540"},"modified":"2026-02-10T14:03:32","modified_gmt":"2026-02-10T12:03:32","slug":"150-ml-nappa-ointment-treatment-for-rough-skin-30-urea","status":"publish","type":"product","link":"https:\/\/valika.eu\/fi\/toode\/150-ml-nappa-ointment-treatment-for-rough-skin-30-urea\/","title":{"rendered":"150 ml NAPPA Ointment TREATMENT for rough skin 30% UREA"},"content":{"rendered":"<p><\/p>\n<div class=\"flex max-w-full flex-col flex-grow\">\n<div class=\"min-h-8 text-message relative flex w-full flex-col items-end gap-2 whitespace-normal break-words text-start [.text-message+&amp;]:mt-5\" dir=\"auto\" data-message-author-role=\"assistant\" data-message-id=\"f787a3fa-6bcf-4373-8706-7f4762293d8d\" data-message-model-slug=\"gpt-4o-mini\">\n<div class=\"flex w-full flex-col gap-1 empty:hidden first:pt-[3px]\">\n<div class=\"markdown prose w-full break-words dark:prose-invert light\">\n<p data-start=\"14\" data-end=\"155\">Kauniit ja hyvin hoidettu jalat eiv\u00e4t vain tarjoa mukavuutta, vaan antavat my\u00f6s itseluottamusta tuntea itsesi mukavaksi kaikissa tilanteissa.<\/p>\n<p data-start=\"157\" data-end=\"529\"><strong data-start=\"157\" data-end=\"209\">Kokonaisvaltainen jalkahoito Nappa-tuotesarjalla<\/strong> Nappa-sarjan p\u00e4\u00e4ajatus on tarjota kokonaisvaltainen ihonhoito jaloille. Laaja tuotevalikoima tarjoaa monenlaisia kosmetiikkatuotteita p\u00e4ivitt\u00e4iseen k\u00e4ytt\u00f6\u00f6n, jotka on suunniteltu t\u00e4ytt\u00e4m\u00e4\u00e4n erilaisia tarpeita. El\u00e4m\u00e4ntavastasi, i\u00e4st\u00e4si tai ihotyypist\u00e4si riippumatta missiomme on aina sama: jalkojenhoito joka askeleella.<\/p>\n<p data-start=\"531\" data-end=\"1222\"><strong data-start=\"531\" data-end=\"576\">Kremi jaloille uurealla ja postbiooteilla<\/strong> NAPPA Ointment TREATMENT karhealle iholle on pehment\u00e4v\u00e4 jalkavoide, jossa on 30 % uureaa. Innovatiivinen koostumus, joka sis\u00e4lt\u00e4\u00e4 iholle yst\u00e4v\u00e4llisi\u00e4 postbiootteja. Tuote imeytyy nopeasti ja on vegaaninen. Ointment TREATMENT kuorii tehokkaasti ja kosteuttaa intensiivisesti jalkojen ihoa sek\u00e4 suojaa ihon mikrobioomia patogeeneilta. Kosmetiikassa oleva yrttikompleksi tukee lis\u00e4ksi ihon uudistumista, rauhoittaa ja virkist\u00e4\u00e4 jalkojen ihoa. Tuotteen miellytt\u00e4v\u00e4 tuoksu tekee sen k\u00e4yt\u00f6st\u00e4 entist\u00e4 nautinnollisempaa. Voide on tarkoitettu p\u00e4ivitt\u00e4iseen k\u00e4ytt\u00f6\u00f6n kuivan ihon pitk\u00e4aikaiseksi kosteuttamiseksi ja ihonhoidon vaikutusten s\u00e4ilytt\u00e4miseksi.<\/p>\n<p data-start=\"1224\" data-end=\"1248\"><strong data-start=\"1224\" data-end=\"1248\">Aktiiviset aineosat:<\/strong><\/p>\n<ul data-start=\"1249\" data-end=\"1937\">\n<li data-start=\"1249\" data-end=\"1405\">Ristikon, tavallisen telaketjun ja santelipuun yrttiuute \u2013 sill\u00e4 on uudistava ja tulehdusta ehk\u00e4isev\u00e4 vaikutus, se rauhoittaa \u00e4rsytyst\u00e4 ja virkist\u00e4\u00e4 ihoa.<\/li>\n<li data-start=\"1406\" data-end=\"1501\">30 % urea \u2013 kuorii ja kosteuttaa intensiivisesti, edist\u00e4\u00e4 ihon uudistumista ja silottaa ihoa.<\/li>\n<li data-start=\"1502\" data-end=\"1657\">Gin Toniq \u2013 postbiootti, innovatiivinen luonnollinen ainesosa, joka syntyy fermentointiprosesseissa \u2013 suojaa ihon mikrobioomia, kosteuttaa ja rauhoittaa.<\/li>\n<li data-start=\"1658\" data-end=\"1823\">Bisabololi \u2013 kamomillan eteerisen \u00f6ljyn luonnollinen ainesosa, jolla on tulehdusta est\u00e4v\u00e4 vaikutus, se uudistaa, rauhoittaa \u00e4rsytyst\u00e4, kosteuttaa ja silottaa ihoa.<\/li>\n<li data-start=\"1824\" data-end=\"1937\">J\u00e4\u00e4tik\u00f6n vesi \u2013 mineraalirikas, kosteuttaa ja tekee ihosta joustavamman, sopii herk\u00e4lle ja allergiselle iholle.<\/li>\n<\/ul>\n<p data-start=\"1939\" data-end=\"1956\"><strong data-start=\"1939\" data-end=\"1956\">Ominaisuudet:<\/strong><\/p>\n<ul data-start=\"1957\" data-end=\"2165\">\n<li data-start=\"1957\" data-end=\"1985\">Intensiivisesti kosteuttaa<\/li>\n<li data-start=\"1986\" data-end=\"2009\">Kuorii kuollutta ihoa<\/li>\n<li data-start=\"2010\" data-end=\"2036\">Suojaa ihon mikrobioomia<\/li>\n<li data-start=\"2037\" data-end=\"2064\">Edist\u00e4\u00e4 ihon uudistumista<\/li>\n<li data-start=\"2065\" data-end=\"2091\">Suojaa halkeilua vastaan<\/li>\n<li data-start=\"2092\" data-end=\"2103\">Virkist\u00e4\u00e4<\/li>\n<li data-start=\"2104\" data-end=\"2127\">Antiseptinen vaikutus<\/li>\n<li data-start=\"2128\" data-end=\"2146\">Imeytyy nopeasti<\/li>\n<li data-start=\"2147\" data-end=\"2165\">Vegaaninen tuote<\/li>\n<\/ul>\n<p data-start=\"2167\" data-end=\"2491\"><strong data-start=\"2167\" data-end=\"2184\">K\u00e4ytt\u00f6ohjeet:<\/strong> Levit\u00e4 puhtaalle, kuivalle jalkojen iholle keskittyen ongelma-alueille. K\u00e4yt\u00e4 kerran p\u00e4iv\u00e4ss\u00e4 illalla, enint\u00e4\u00e4n 14 p\u00e4iv\u00e4n ajan. Kun oireet ovat lievittyneet, k\u00e4yt\u00e4 voidetta ennaltaehk\u00e4isev\u00e4sti 1\u20132 kertaa viikossa. K\u00e4yt\u00e4 Nappa-sarjan muita kosmetiikkatuotteita vaikutuksen pitk\u00e4kestoisuuden yll\u00e4pit\u00e4miseksi.<\/p>\n<p data-start=\"2493\" data-end=\"2993\" data-is-last-node=\"\" data-is-only-node=\"\"><strong data-start=\"2493\" data-end=\"2507\">Ainesosat:<\/strong> Aqua, Urea, Cetearyl Alcohol, Butyrospermum Parkii (Shea) Butter, Glycerin, Caprylic\/Capric Triglyceride, Ceteareth-20, Glyceryl Stearate, Olus Oil, Prunus Amygdalus Dulcis Oil, Parfum, Phenoxyethanol, Sodium Benzoate, Potassium Sorbate, Bisabolol, Saccharomyces\/Barley Seed Ferment Filtrate, Tetrasodium EDTA, Pterocarpus Santalinus Wood Extract, Symphytum Officinale Root Extract, Plantago Lanceolata Leaf Extract, Citric Acid, Limonene, Linalool, Cinnamal, Citral, CI19140, CI42051.<\/p>\n<\/div>\n<\/div>\n<\/div>\n<\/div>\n<div class=\"mb-2 flex gap-3 -ml-2\">\n<div class=\"items-center justify-start rounded-xl p-1 flex\">\n<div class=\"flex items-center\">\n<p>&nbsp;<\/p>\n<div class=\"flex\"><\/div>\n<p>&nbsp;<\/p>\n<div class=\"flex items-center pb-0\"><span class=\"overflow-hidden text-clip whitespace-nowrap text-sm\">4o mini<\/span><\/div>\n<\/div>\n<\/div>\n<\/div>\n<p><\/p>","protected":false},"excerpt":{"rendered":"<p>Kauniit ja hyvin hoidettu jalat eiv\u00e4t vain tarjoa mukavuutta, vaan antavat my\u00f6s itseluottamusta tuntea itsesi mukavaksi kaikissa tilanteissa. Kokonaisvaltainen jalkahoito<\/p>\n","protected":false},"featured_media":13542,"template":"","meta":[],"product_brand":[],"product_cat":[638],"product_tag":[],"class_list":{"0":"post-13540","1":"product","2":"type-product","3":"status-publish","4":"has-post-thumbnail","6":"product_cat-kreem","8":"first","9":"outofstock","10":"taxable","11":"shipping-taxable","12":"purchasable","13":"product-type-simple"},"yoast_head":"<!-- This site is optimized with the Yoast SEO plugin v24.4 - https:\/\/yoast.com\/wordpress\/plugins\/seo\/ -->\n<title>150 ml NAPPA Ointment TREATMENT for rough skin 30% UREA | Valika<\/title>\n<meta name=\"robots\" content=\"index, follow, max-snippet:-1, max-image-preview:large, max-video-preview:-1\" \/>\n<link rel=\"canonical\" href=\"https:\/\/valika.eu\/fi\/toode\/150-ml-nappa-ointment-treatment-for-rough-skin-30-urea\/\" \/>\n<meta property=\"og:locale\" content=\"fi_FI\" \/>\n<meta property=\"og:type\" content=\"article\" \/>\n<meta property=\"og:title\" content=\"150 ml NAPPA Ointment TREATMENT for rough skin 30% UREA | Valika\" \/>\n<meta property=\"og:description\" content=\"Kauniit ja hyvin hoidettu jalat eiv\u00e4t vain tarjoa mukavuutta, vaan antavat my\u00f6s itseluottamusta tuntea itsesi mukavaksi kaikissa tilanteissa. Kokonaisvaltainen jalkahoito\" \/>\n<meta property=\"og:url\" content=\"https:\/\/valika.eu\/fi\/toode\/150-ml-nappa-ointment-treatment-for-rough-skin-30-urea\/\" \/>\n<meta property=\"og:site_name\" content=\"Valika\" \/>\n<meta property=\"article:publisher\" content=\"https:\/\/www.facebook.com\/tipsi.net\" \/>\n<meta property=\"article:modified_time\" content=\"2026-02-10T12:03:32+00:00\" \/>\n<meta property=\"og:image\" content=\"https:\/\/valika.eu\/wp-content\/uploads\/2025\/03\/eng_pl_NAPPA-Ointment-TREATMENT-for-rough-skin-30-UREA-150-ml-76447_2.webp\" \/>\n\t<meta property=\"og:image:width\" content=\"1010\" \/>\n\t<meta property=\"og:image:height\" content=\"1010\" \/>\n\t<meta property=\"og:image:type\" content=\"image\/webp\" \/>\n<meta name=\"twitter:card\" content=\"summary_large_image\" \/>\n<script type=\"application\/ld+json\" class=\"yoast-schema-graph\">{\"@context\":\"https:\/\/schema.org\",\"@graph\":[{\"@type\":\"WebPage\",\"@id\":\"https:\/\/valika.eu\/fi\/toode\/150-ml-nappa-ointment-treatment-for-rough-skin-30-urea\/\",\"url\":\"https:\/\/valika.eu\/fi\/toode\/150-ml-nappa-ointment-treatment-for-rough-skin-30-urea\/\",\"name\":\"150 ml NAPPA Ointment TREATMENT for rough skin 30% UREA | Valika\",\"isPartOf\":{\"@id\":\"https:\/\/valika.eu\/fi\/#website\"},\"primaryImageOfPage\":{\"@id\":\"https:\/\/valika.eu\/fi\/toode\/150-ml-nappa-ointment-treatment-for-rough-skin-30-urea\/#primaryimage\"},\"image\":{\"@id\":\"https:\/\/valika.eu\/toode\/150-ml-nappa-ointment-treatment-for-rough-skin-30-urea\/#primaryimage\"},\"thumbnailUrl\":\"https:\/\/valika.eu\/wp-content\/uploads\/2025\/03\/eng_pl_NAPPA-Ointment-TREATMENT-for-rough-skin-30-UREA-150-ml-76447_2.webp\",\"datePublished\":\"2025-03-06T17:34:27+00:00\",\"dateModified\":\"2026-02-10T12:03:32+00:00\",\"breadcrumb\":{\"@id\":\"https:\/\/valika.eu\/fi\/toode\/150-ml-nappa-ointment-treatment-for-rough-skin-30-urea\/#breadcrumb\"},\"inLanguage\":\"fi\",\"potentialAction\":[{\"@type\":\"ReadAction\",\"target\":[[\"https:\/\/valika.eu\/fi\/toode\/150-ml-nappa-ointment-treatment-for-rough-skin-30-urea\/\"]]}]},{\"@type\":\"ImageObject\",\"inLanguage\":\"fi\",\"@id\":\"https:\/\/valika.eu\/fi\/toode\/150-ml-nappa-ointment-treatment-for-rough-skin-30-urea\/#primaryimage\",\"url\":\"https:\/\/valika.eu\/wp-content\/uploads\/2025\/03\/eng_pl_NAPPA-Ointment-TREATMENT-for-rough-skin-30-UREA-150-ml-76447_2.webp\",\"contentUrl\":\"https:\/\/valika.eu\/wp-content\/uploads\/2025\/03\/eng_pl_NAPPA-Ointment-TREATMENT-for-rough-skin-30-UREA-150-ml-76447_2.webp\",\"width\":1010,\"height\":1010},{\"@type\":\"BreadcrumbList\",\"@id\":\"https:\/\/valika.eu\/fi\/toode\/150-ml-nappa-ointment-treatment-for-rough-skin-30-urea\/#breadcrumb\",\"itemListElement\":[{\"@type\":\"ListItem\",\"position\":1,\"name\":\"Koti\",\"item\":\"https:\/\/valika.eu\/fi\/\"},{\"@type\":\"ListItem\",\"position\":2,\"name\":\"Shop\",\"item\":\"https:\/\/valika.eu\/fi\/\"},{\"@type\":\"ListItem\",\"position\":3,\"name\":\"150 ml NAPPA Ointment TREATMENT for rough skin 30% UREA\"}]},{\"@type\":\"WebSite\",\"@id\":\"https:\/\/valika.eu\/fi\/#website\",\"url\":\"https:\/\/valika.eu\/fi\/\",\"name\":\"Valika.eu\",\"description\":\"Salonkituotteet ja kauneudenhoitotuotteet - Valika tarjoaa laajan valikoiman tuotteita ja tarvikkeita kynsiteknikoille, kauneushoitoloille, kampaamoille ja kampaamoille.\",\"publisher\":{\"@id\":\"https:\/\/valika.eu\/fi\/#organization\"},\"alternateName\":\"Valika\",\"potentialAction\":[{\"@type\":\"SearchAction\",\"target\":{\"@type\":\"EntryPoint\",\"urlTemplate\":\"https:\/\/valika.eu\/fi\/?s={search_term_string}\"},\"query-input\":{\"@type\":\"PropertyValueSpecification\",\"valueRequired\":true,\"valueName\":\"search_term_string\"}}],\"inLanguage\":\"fi\"},{\"@type\":\"Organization\",\"@id\":\"https:\/\/valika.eu\/fi\/#organization\",\"name\":\"Salongitoode O\u00dc\",\"alternateName\":\"Valika\",\"url\":\"https:\/\/valika.eu\/fi\/\",\"logo\":{\"@type\":\"ImageObject\",\"inLanguage\":\"fi\",\"@id\":\"https:\/\/valika.eu\/fi\/#\/schema\/logo\/image\/\",\"url\":\"https:\/\/valika.eu\/wp-content\/uploads\/2023\/11\/logo2-valika-footer.png\",\"contentUrl\":\"https:\/\/valika.eu\/wp-content\/uploads\/2023\/11\/logo2-valika-footer.png\",\"width\":200,\"height\":129,\"caption\":\"Salongitoode O\u00dc\"},\"image\":{\"@id\":\"https:\/\/valika.eu\/fi\/#\/schema\/logo\/image\/\"},\"sameAs\":[\"https:\/\/www.facebook.com\/tipsi.net\"]}]}<\/script>\n<!-- \/ Yoast SEO plugin. -->","yoast_head_json":{"title":"150 ml NAPPA Ointment TREATMENT for rough skin 30% UREA | Valika","robots":{"index":"index","follow":"follow","max-snippet":"max-snippet:-1","max-image-preview":"max-image-preview:large","max-video-preview":"max-video-preview:-1"},"canonical":"https:\/\/valika.eu\/fi\/toode\/150-ml-nappa-ointment-treatment-for-rough-skin-30-urea\/","og_locale":"fi_FI","og_type":"article","og_title":"150 ml NAPPA Ointment TREATMENT for rough skin 30% UREA | Valika","og_description":"Kauniit ja hyvin hoidettu jalat eiv\u00e4t vain tarjoa mukavuutta, vaan antavat my\u00f6s itseluottamusta tuntea itsesi mukavaksi kaikissa tilanteissa. Kokonaisvaltainen jalkahoito","og_url":"https:\/\/valika.eu\/fi\/toode\/150-ml-nappa-ointment-treatment-for-rough-skin-30-urea\/","og_site_name":"Valika","article_publisher":"https:\/\/www.facebook.com\/tipsi.net","article_modified_time":"2026-02-10T12:03:32+00:00","og_image":[{"width":1010,"height":1010,"url":"https:\/\/valika.eu\/wp-content\/uploads\/2025\/03\/eng_pl_NAPPA-Ointment-TREATMENT-for-rough-skin-30-UREA-150-ml-76447_2.webp","type":"image\/webp"}],"twitter_card":"summary_large_image","schema":{"@context":"https:\/\/schema.org","@graph":[{"@type":"WebPage","@id":"https:\/\/valika.eu\/fi\/toode\/150-ml-nappa-ointment-treatment-for-rough-skin-30-urea\/","url":"https:\/\/valika.eu\/fi\/toode\/150-ml-nappa-ointment-treatment-for-rough-skin-30-urea\/","name":"150 ml NAPPA Ointment TREATMENT for rough skin 30% UREA | Valika","isPartOf":{"@id":"https:\/\/valika.eu\/fi\/#website"},"primaryImageOfPage":{"@id":"https:\/\/valika.eu\/fi\/toode\/150-ml-nappa-ointment-treatment-for-rough-skin-30-urea\/#primaryimage"},"image":{"@id":"https:\/\/valika.eu\/toode\/150-ml-nappa-ointment-treatment-for-rough-skin-30-urea\/#primaryimage"},"thumbnailUrl":"https:\/\/valika.eu\/wp-content\/uploads\/2025\/03\/eng_pl_NAPPA-Ointment-TREATMENT-for-rough-skin-30-UREA-150-ml-76447_2.webp","datePublished":"2025-03-06T17:34:27+00:00","dateModified":"2026-02-10T12:03:32+00:00","breadcrumb":{"@id":"https:\/\/valika.eu\/fi\/toode\/150-ml-nappa-ointment-treatment-for-rough-skin-30-urea\/#breadcrumb"},"inLanguage":"fi","potentialAction":[{"@type":"ReadAction","target":[["https:\/\/valika.eu\/fi\/toode\/150-ml-nappa-ointment-treatment-for-rough-skin-30-urea\/"]]}]},{"@type":"ImageObject","inLanguage":"fi","@id":"https:\/\/valika.eu\/fi\/toode\/150-ml-nappa-ointment-treatment-for-rough-skin-30-urea\/#primaryimage","url":"https:\/\/valika.eu\/wp-content\/uploads\/2025\/03\/eng_pl_NAPPA-Ointment-TREATMENT-for-rough-skin-30-UREA-150-ml-76447_2.webp","contentUrl":"https:\/\/valika.eu\/wp-content\/uploads\/2025\/03\/eng_pl_NAPPA-Ointment-TREATMENT-for-rough-skin-30-UREA-150-ml-76447_2.webp","width":1010,"height":1010},{"@type":"BreadcrumbList","@id":"https:\/\/valika.eu\/fi\/toode\/150-ml-nappa-ointment-treatment-for-rough-skin-30-urea\/#breadcrumb","itemListElement":[{"@type":"ListItem","position":1,"name":"Koti","item":"https:\/\/valika.eu\/fi\/"},{"@type":"ListItem","position":2,"name":"Shop","item":"https:\/\/valika.eu\/fi\/"},{"@type":"ListItem","position":3,"name":"150 ml NAPPA Ointment TREATMENT for rough skin 30% UREA"}]},{"@type":"WebSite","@id":"https:\/\/valika.eu\/fi\/#website","url":"https:\/\/valika.eu\/fi\/","name":"Valika.eu","description":"Salonkituotteet ja kauneudenhoitotuotteet - Valika tarjoaa laajan valikoiman tuotteita ja tarvikkeita kynsiteknikoille, kauneushoitoloille, kampaamoille ja kampaamoille.","publisher":{"@id":"https:\/\/valika.eu\/fi\/#organization"},"alternateName":"Valika","potentialAction":[{"@type":"SearchAction","target":{"@type":"EntryPoint","urlTemplate":"https:\/\/valika.eu\/fi\/?s={search_term_string}"},"query-input":{"@type":"PropertyValueSpecification","valueRequired":true,"valueName":"search_term_string"}}],"inLanguage":"fi"},{"@type":"Organization","@id":"https:\/\/valika.eu\/fi\/#organization","name":"Salongitoode O\u00dc","alternateName":"Valika","url":"https:\/\/valika.eu\/fi\/","logo":{"@type":"ImageObject","inLanguage":"fi","@id":"https:\/\/valika.eu\/fi\/#\/schema\/logo\/image\/","url":"https:\/\/valika.eu\/wp-content\/uploads\/2023\/11\/logo2-valika-footer.png","contentUrl":"https:\/\/valika.eu\/wp-content\/uploads\/2023\/11\/logo2-valika-footer.png","width":200,"height":129,"caption":"Salongitoode O\u00dc"},"image":{"@id":"https:\/\/valika.eu\/fi\/#\/schema\/logo\/image\/"},"sameAs":["https:\/\/www.facebook.com\/tipsi.net"]}]}},"jetpack_sharing_enabled":true,"_links":{"self":[{"href":"https:\/\/valika.eu\/fi\/wp-json\/wp\/v2\/product\/13540","targetHints":{"allow":["GET"]}}],"collection":[{"href":"https:\/\/valika.eu\/fi\/wp-json\/wp\/v2\/product"}],"about":[{"href":"https:\/\/valika.eu\/fi\/wp-json\/wp\/v2\/types\/product"}],"wp:featuredmedia":[{"embeddable":true,"href":"https:\/\/valika.eu\/fi\/wp-json\/wp\/v2\/media\/13542"}],"wp:attachment":[{"href":"https:\/\/valika.eu\/fi\/wp-json\/wp\/v2\/media?parent=13540"}],"wp:term":[{"taxonomy":"product_brand","embeddable":true,"href":"https:\/\/valika.eu\/fi\/wp-json\/wp\/v2\/product_brand?post=13540"},{"taxonomy":"product_cat","embeddable":true,"href":"https:\/\/valika.eu\/fi\/wp-json\/wp\/v2\/product_cat?post=13540"},{"taxonomy":"product_tag","embeddable":true,"href":"https:\/\/valika.eu\/fi\/wp-json\/wp\/v2\/product_tag?post=13540"}],"curies":[{"name":"wp","href":"https:\/\/api.w.org\/{rel}","templated":true}]}}