{"id":13560,"date":"2025-03-07T10:45:43","date_gmt":"2025-03-07T08:45:43","guid":{"rendered":"https:\/\/valika.eu\/?post_type=product&#038;p=13560"},"modified":"2025-07-02T05:01:06","modified_gmt":"2025-07-02T02:01:06","slug":"50g-gel-uv-base-one-shimmer-natural-beige","status":"publish","type":"product","link":"https:\/\/valika.eu\/fi\/toode\/50g-gel-uv-base-one-shimmer-natural-beige\/","title":{"rendered":"50g Gel UV Base One Shimmer Natural Beige"},"content":{"rendered":"<p><\/p>\n<div class=\"flex max-w-full flex-col flex-grow\">\n<div class=\"min-h-8 text-message relative flex w-full flex-col items-end gap-2 whitespace-normal break-words text-start [.text-message+&amp;]:mt-5\" dir=\"auto\" data-message-author-role=\"assistant\" data-message-id=\"db7ad701-3212-4c41-8464-ff0053ba7661\" data-message-model-slug=\"gpt-4o\">\n<div class=\"flex w-full flex-col gap-1 empty:hidden first:pt-[3px]\">\n<div class=\"markdown prose w-full break-words dark:prose-invert light\">\n<p data-start=\"28\" data-end=\"256\">Base One -geelit on valmistettu modernilla teknologialla, mik\u00e4 tekee materiaalista eritt\u00e4in kest\u00e4v\u00e4n. Hiukkasten oikea j\u00e4rjestely tekee geelist\u00e4 joustavan ja samalla se takaa erinomaisen tarttuvuuden luonnolliseen kynsilevyyn.<\/p>\n<h3 data-start=\"258\" data-end=\"281\"><strong data-start=\"262\" data-end=\"279\">OMINAISUUDET:<\/strong><\/h3>\n<ul data-start=\"282\" data-end=\"397\">\n<li data-start=\"282\" data-end=\"300\">Hapoton tuote!<\/li>\n<li data-start=\"301\" data-end=\"325\">Keskipaksu koostumus<\/li>\n<li data-start=\"326\" data-end=\"373\">Eritt\u00e4in hyv\u00e4t itsetasoittuvat ominaisuudet<\/li>\n<li data-start=\"374\" data-end=\"397\">Yksivaiheinen geeli<\/li>\n<\/ul>\n<h3 data-start=\"399\" data-end=\"420\"><strong data-start=\"403\" data-end=\"418\">K\u00c4YTT\u00d6OHJE:<\/strong><\/h3>\n<p data-start=\"421\" data-end=\"552\">Levit\u00e4 geeli kynsilevylle ja koveta 36 W UV-lampussa 2 minuutin ajan. P\u00e4\u00e4llikerros ei vaadi lis\u00e4kiillotusta puhdistuksen j\u00e4lkeen.<\/p>\n<p data-start=\"554\" data-end=\"797\">Base One -sarja on yksivaiheinen j\u00e4rjestelm\u00e4, mutta sen t\u00e4ydellisesti yhdistetyt huipputuotteet mahdollistavat sen k\u00e4yt\u00f6n my\u00f6s kolmivaiheisessa prosessissa. T\u00e4m\u00e4 pident\u00e4\u00e4 koristeiden pysyvyytt\u00e4 ja s\u00e4ilytt\u00e4\u00e4 niiden v\u00e4rin ja kiillon pidemp\u00e4\u00e4n.<\/p>\n<p data-start=\"799\" data-end=\"1096\">Ensimm\u00e4inen vaihe on <strong data-start=\"820\" data-end=\"833\">alusgeeli<\/strong> (esim. Base One Gel Bonder), joka parantaa geelimassan tarttuvuutta. Se sopii kaikille kynsityypeille ja muodostaa suojaavan kerroksen kynnen ja geelin v\u00e4liin, parantaen seuraavien geelikerrosten kiinnittymist\u00e4. Tuotetta k\u00e4ytet\u00e4\u00e4n yksinomaan geelimenetelm\u00e4ss\u00e4.<\/p>\n<p data-start=\"1098\" data-end=\"1375\">Kovettunut &#8220;Bonder&#8221;-geelikerros toimii pohjana <strong data-start=\"1145\" data-end=\"1168\">rakennuskerrokselle<\/strong>, joka tehd\u00e4\u00e4n esimerkiksi <strong data-start=\"1195\" data-end=\"1217\">Base One Clear &#8211; V<\/strong> -geelill\u00e4. Kolmas vaihe on viimeistelygeeli, kuten <strong data-start=\"1269\" data-end=\"1289\">Base One Shining<\/strong>, joka sulautuu t\u00e4ydellisesti aiempiin kerroksiin ja antaa kynsille kauniin kiillon.<\/p>\n<h3 data-start=\"1377\" data-end=\"1397\"><strong data-start=\"1381\" data-end=\"1395\">Ainesosat:<\/strong><\/h3>\n<p data-start=\"1398\" data-end=\"1699\">Bis-HEMA Polyneopentyl Glycol Adipate\/IPDI Copolymer, Triethylolpropane Trimethacrylate (TMPTMA), Urethane Diacrylate, 1,6 Hexanediol Diacrylate\/HDDA, Benzophenone, Benzoyl Isopropanol, Isobornyl Methacrylate, Polyester Acrylate, Dipropylene Glycol Diacrylate, Modified Polyether Acrylate, CI 77891.<\/p>\n<p data-start=\"1701\" data-end=\"1747\" data-is-last-node=\"\" data-is-only-node=\"\"><strong data-start=\"1701\" data-end=\"1747\" data-is-last-node=\"\">Tuote on tarkoitettu vain ammattik\u00e4ytt\u00f6\u00f6n.<\/strong><\/p>\n<\/div>\n<\/div>\n<\/div>\n<\/div>\n<div class=\"mb-2 flex gap-3 -ml-2\">\n<div class=\"items-center justify-start rounded-xl p-1 flex\">\n<div class=\"flex items-center\">\n<p>&nbsp;<\/p>\n<div class=\"flex\"><\/div>\n<p>&nbsp;<\/p>\n<div class=\"flex items-center pb-0\"><span class=\"overflow-hidden text-clip whitespace-nowrap text-sm\">4o<\/span><\/div>\n<\/div>\n<\/div>\n<\/div>\n<p><\/p>","protected":false},"excerpt":{"rendered":"<ul data-start=\"282\" data-end=\"397\">\n<li data-start=\"282\" data-end=\"300\">Hapoton tuote!<\/li>\n<li data-start=\"301\" data-end=\"325\">Keskipaksu koostumus<\/li>\n<li data-start=\"326\" data-end=\"373\">Eritt\u00e4in hyv\u00e4t itsetasoittuvat ominaisuudet<\/li>\n<li data-start=\"374\" data-end=\"397\">Yksivaiheinen geeli<\/li>\n<\/ul>\n","protected":false},"featured_media":13563,"template":"","meta":[],"product_brand":[],"product_cat":[707],"product_tag":[],"class_list":{"0":"post-13560","1":"product","2":"type-product","3":"status-publish","4":"has-post-thumbnail","6":"product_cat-silcare","8":"first","9":"instock","10":"taxable","11":"shipping-taxable","12":"purchasable","13":"product-type-simple"},"yoast_head":"<!-- This site is optimized with the Yoast SEO plugin v24.4 - https:\/\/yoast.com\/wordpress\/plugins\/seo\/ -->\n<title>50g Gel UV Base One Shimmer Natural Beige  | Valika<\/title>\n<meta name=\"robots\" content=\"index, follow, max-snippet:-1, max-image-preview:large, max-video-preview:-1\" \/>\n<link rel=\"canonical\" href=\"https:\/\/valika.eu\/fi\/toode\/50g-gel-uv-base-one-shimmer-natural-beige\/\" \/>\n<meta property=\"og:locale\" content=\"fi_FI\" \/>\n<meta property=\"og:type\" content=\"article\" \/>\n<meta property=\"og:title\" content=\"50g Gel UV Base One Shimmer Natural Beige  | Valika\" \/>\n<meta property=\"og:description\" content=\"Hapoton tuote!  Keskipaksu koostumus  Eritt\u00e4in hyv\u00e4t itsetasoittuvat ominaisuudet  Yksivaiheinen geeli\" \/>\n<meta property=\"og:url\" content=\"https:\/\/valika.eu\/fi\/toode\/50g-gel-uv-base-one-shimmer-natural-beige\/\" \/>\n<meta property=\"og:site_name\" content=\"Valika\" \/>\n<meta property=\"article:publisher\" content=\"https:\/\/www.facebook.com\/tipsi.net\" \/>\n<meta property=\"article:modified_time\" content=\"2025-07-02T02:01:06+00:00\" \/>\n<meta property=\"og:image\" content=\"https:\/\/valika.eu\/wp-content\/uploads\/2025\/03\/eng_pl_Gel-UV-Base-One-Shimmer-Natural-Beige-50-g-76638_1-1.webp\" \/>\n\t<meta property=\"og:image:width\" content=\"1010\" \/>\n\t<meta property=\"og:image:height\" content=\"1010\" \/>\n\t<meta property=\"og:image:type\" content=\"image\/webp\" \/>\n<meta name=\"twitter:card\" content=\"summary_large_image\" \/>\n<script type=\"application\/ld+json\" class=\"yoast-schema-graph\">{\"@context\":\"https:\/\/schema.org\",\"@graph\":[{\"@type\":\"WebPage\",\"@id\":\"https:\/\/valika.eu\/fi\/toode\/50g-gel-uv-base-one-shimmer-natural-beige\/\",\"url\":\"https:\/\/valika.eu\/fi\/toode\/50g-gel-uv-base-one-shimmer-natural-beige\/\",\"name\":\"50g Gel UV Base One Shimmer Natural Beige  | Valika\",\"isPartOf\":{\"@id\":\"https:\/\/valika.eu\/fi\/#website\"},\"primaryImageOfPage\":{\"@id\":\"https:\/\/valika.eu\/fi\/toode\/50g-gel-uv-base-one-shimmer-natural-beige\/#primaryimage\"},\"image\":{\"@id\":\"https:\/\/valika.eu\/toode\/50g-gel-uv-base-one-shimmer-natural-beige\/#primaryimage\"},\"thumbnailUrl\":\"https:\/\/valika.eu\/wp-content\/uploads\/2025\/03\/eng_pl_Gel-UV-Base-One-Shimmer-Natural-Beige-50-g-76638_1-1.webp\",\"datePublished\":\"2025-03-07T08:45:43+00:00\",\"dateModified\":\"2025-07-02T02:01:06+00:00\",\"breadcrumb\":{\"@id\":\"https:\/\/valika.eu\/fi\/toode\/50g-gel-uv-base-one-shimmer-natural-beige\/#breadcrumb\"},\"inLanguage\":\"fi\",\"potentialAction\":[{\"@type\":\"ReadAction\",\"target\":[[\"https:\/\/valika.eu\/fi\/toode\/50g-gel-uv-base-one-shimmer-natural-beige\/\"]]}]},{\"@type\":\"ImageObject\",\"inLanguage\":\"fi\",\"@id\":\"https:\/\/valika.eu\/fi\/toode\/50g-gel-uv-base-one-shimmer-natural-beige\/#primaryimage\",\"url\":\"https:\/\/valika.eu\/wp-content\/uploads\/2025\/03\/eng_pl_Gel-UV-Base-One-Shimmer-Natural-Beige-50-g-76638_1-1.webp\",\"contentUrl\":\"https:\/\/valika.eu\/wp-content\/uploads\/2025\/03\/eng_pl_Gel-UV-Base-One-Shimmer-Natural-Beige-50-g-76638_1-1.webp\",\"width\":1010,\"height\":1010},{\"@type\":\"BreadcrumbList\",\"@id\":\"https:\/\/valika.eu\/fi\/toode\/50g-gel-uv-base-one-shimmer-natural-beige\/#breadcrumb\",\"itemListElement\":[{\"@type\":\"ListItem\",\"position\":1,\"name\":\"Koti\",\"item\":\"https:\/\/valika.eu\/fi\/\"},{\"@type\":\"ListItem\",\"position\":2,\"name\":\"Shop\",\"item\":\"https:\/\/valika.eu\/fi\/\"},{\"@type\":\"ListItem\",\"position\":3,\"name\":\"50g Gel UV Base One Shimmer Natural Beige\"}]},{\"@type\":\"WebSite\",\"@id\":\"https:\/\/valika.eu\/fi\/#website\",\"url\":\"https:\/\/valika.eu\/fi\/\",\"name\":\"Valika.eu\",\"description\":\"Salonkituotteet ja kauneudenhoitotuotteet - Valika tarjoaa laajan valikoiman tuotteita ja tarvikkeita kynsiteknikoille, kauneushoitoloille, kampaamoille ja kampaamoille.\",\"publisher\":{\"@id\":\"https:\/\/valika.eu\/fi\/#organization\"},\"alternateName\":\"Valika\",\"potentialAction\":[{\"@type\":\"SearchAction\",\"target\":{\"@type\":\"EntryPoint\",\"urlTemplate\":\"https:\/\/valika.eu\/fi\/?s={search_term_string}\"},\"query-input\":{\"@type\":\"PropertyValueSpecification\",\"valueRequired\":true,\"valueName\":\"search_term_string\"}}],\"inLanguage\":\"fi\"},{\"@type\":\"Organization\",\"@id\":\"https:\/\/valika.eu\/fi\/#organization\",\"name\":\"Salongitoode O\u00dc\",\"alternateName\":\"Valika\",\"url\":\"https:\/\/valika.eu\/fi\/\",\"logo\":{\"@type\":\"ImageObject\",\"inLanguage\":\"fi\",\"@id\":\"https:\/\/valika.eu\/fi\/#\/schema\/logo\/image\/\",\"url\":\"https:\/\/valika.eu\/wp-content\/uploads\/2023\/11\/logo2-valika-footer.png\",\"contentUrl\":\"https:\/\/valika.eu\/wp-content\/uploads\/2023\/11\/logo2-valika-footer.png\",\"width\":200,\"height\":129,\"caption\":\"Salongitoode O\u00dc\"},\"image\":{\"@id\":\"https:\/\/valika.eu\/fi\/#\/schema\/logo\/image\/\"},\"sameAs\":[\"https:\/\/www.facebook.com\/tipsi.net\"]}]}<\/script>\n<!-- \/ Yoast SEO plugin. -->","yoast_head_json":{"title":"50g Gel UV Base One Shimmer Natural Beige  | Valika","robots":{"index":"index","follow":"follow","max-snippet":"max-snippet:-1","max-image-preview":"max-image-preview:large","max-video-preview":"max-video-preview:-1"},"canonical":"https:\/\/valika.eu\/fi\/toode\/50g-gel-uv-base-one-shimmer-natural-beige\/","og_locale":"fi_FI","og_type":"article","og_title":"50g Gel UV Base One Shimmer Natural Beige  | Valika","og_description":"Hapoton tuote!  Keskipaksu koostumus  Eritt\u00e4in hyv\u00e4t itsetasoittuvat ominaisuudet  Yksivaiheinen geeli","og_url":"https:\/\/valika.eu\/fi\/toode\/50g-gel-uv-base-one-shimmer-natural-beige\/","og_site_name":"Valika","article_publisher":"https:\/\/www.facebook.com\/tipsi.net","article_modified_time":"2025-07-02T02:01:06+00:00","og_image":[{"width":1010,"height":1010,"url":"https:\/\/valika.eu\/wp-content\/uploads\/2025\/03\/eng_pl_Gel-UV-Base-One-Shimmer-Natural-Beige-50-g-76638_1-1.webp","type":"image\/webp"}],"twitter_card":"summary_large_image","schema":{"@context":"https:\/\/schema.org","@graph":[{"@type":"WebPage","@id":"https:\/\/valika.eu\/fi\/toode\/50g-gel-uv-base-one-shimmer-natural-beige\/","url":"https:\/\/valika.eu\/fi\/toode\/50g-gel-uv-base-one-shimmer-natural-beige\/","name":"50g Gel UV Base One Shimmer Natural Beige  | Valika","isPartOf":{"@id":"https:\/\/valika.eu\/fi\/#website"},"primaryImageOfPage":{"@id":"https:\/\/valika.eu\/fi\/toode\/50g-gel-uv-base-one-shimmer-natural-beige\/#primaryimage"},"image":{"@id":"https:\/\/valika.eu\/toode\/50g-gel-uv-base-one-shimmer-natural-beige\/#primaryimage"},"thumbnailUrl":"https:\/\/valika.eu\/wp-content\/uploads\/2025\/03\/eng_pl_Gel-UV-Base-One-Shimmer-Natural-Beige-50-g-76638_1-1.webp","datePublished":"2025-03-07T08:45:43+00:00","dateModified":"2025-07-02T02:01:06+00:00","breadcrumb":{"@id":"https:\/\/valika.eu\/fi\/toode\/50g-gel-uv-base-one-shimmer-natural-beige\/#breadcrumb"},"inLanguage":"fi","potentialAction":[{"@type":"ReadAction","target":[["https:\/\/valika.eu\/fi\/toode\/50g-gel-uv-base-one-shimmer-natural-beige\/"]]}]},{"@type":"ImageObject","inLanguage":"fi","@id":"https:\/\/valika.eu\/fi\/toode\/50g-gel-uv-base-one-shimmer-natural-beige\/#primaryimage","url":"https:\/\/valika.eu\/wp-content\/uploads\/2025\/03\/eng_pl_Gel-UV-Base-One-Shimmer-Natural-Beige-50-g-76638_1-1.webp","contentUrl":"https:\/\/valika.eu\/wp-content\/uploads\/2025\/03\/eng_pl_Gel-UV-Base-One-Shimmer-Natural-Beige-50-g-76638_1-1.webp","width":1010,"height":1010},{"@type":"BreadcrumbList","@id":"https:\/\/valika.eu\/fi\/toode\/50g-gel-uv-base-one-shimmer-natural-beige\/#breadcrumb","itemListElement":[{"@type":"ListItem","position":1,"name":"Koti","item":"https:\/\/valika.eu\/fi\/"},{"@type":"ListItem","position":2,"name":"Shop","item":"https:\/\/valika.eu\/fi\/"},{"@type":"ListItem","position":3,"name":"50g Gel UV Base One Shimmer Natural Beige"}]},{"@type":"WebSite","@id":"https:\/\/valika.eu\/fi\/#website","url":"https:\/\/valika.eu\/fi\/","name":"Valika.eu","description":"Salonkituotteet ja kauneudenhoitotuotteet - Valika tarjoaa laajan valikoiman tuotteita ja tarvikkeita kynsiteknikoille, kauneushoitoloille, kampaamoille ja kampaamoille.","publisher":{"@id":"https:\/\/valika.eu\/fi\/#organization"},"alternateName":"Valika","potentialAction":[{"@type":"SearchAction","target":{"@type":"EntryPoint","urlTemplate":"https:\/\/valika.eu\/fi\/?s={search_term_string}"},"query-input":{"@type":"PropertyValueSpecification","valueRequired":true,"valueName":"search_term_string"}}],"inLanguage":"fi"},{"@type":"Organization","@id":"https:\/\/valika.eu\/fi\/#organization","name":"Salongitoode O\u00dc","alternateName":"Valika","url":"https:\/\/valika.eu\/fi\/","logo":{"@type":"ImageObject","inLanguage":"fi","@id":"https:\/\/valika.eu\/fi\/#\/schema\/logo\/image\/","url":"https:\/\/valika.eu\/wp-content\/uploads\/2023\/11\/logo2-valika-footer.png","contentUrl":"https:\/\/valika.eu\/wp-content\/uploads\/2023\/11\/logo2-valika-footer.png","width":200,"height":129,"caption":"Salongitoode O\u00dc"},"image":{"@id":"https:\/\/valika.eu\/fi\/#\/schema\/logo\/image\/"},"sameAs":["https:\/\/www.facebook.com\/tipsi.net"]}]}},"jetpack_sharing_enabled":true,"_links":{"self":[{"href":"https:\/\/valika.eu\/fi\/wp-json\/wp\/v2\/product\/13560","targetHints":{"allow":["GET"]}}],"collection":[{"href":"https:\/\/valika.eu\/fi\/wp-json\/wp\/v2\/product"}],"about":[{"href":"https:\/\/valika.eu\/fi\/wp-json\/wp\/v2\/types\/product"}],"wp:featuredmedia":[{"embeddable":true,"href":"https:\/\/valika.eu\/fi\/wp-json\/wp\/v2\/media\/13563"}],"wp:attachment":[{"href":"https:\/\/valika.eu\/fi\/wp-json\/wp\/v2\/media?parent=13560"}],"wp:term":[{"taxonomy":"product_brand","embeddable":true,"href":"https:\/\/valika.eu\/fi\/wp-json\/wp\/v2\/product_brand?post=13560"},{"taxonomy":"product_cat","embeddable":true,"href":"https:\/\/valika.eu\/fi\/wp-json\/wp\/v2\/product_cat?post=13560"},{"taxonomy":"product_tag","embeddable":true,"href":"https:\/\/valika.eu\/fi\/wp-json\/wp\/v2\/product_tag?post=13560"}],"curies":[{"name":"wp","href":"https:\/\/api.w.org\/{rel}","templated":true}]}}