{"id":13571,"date":"2025-03-07T12:12:36","date_gmt":"2025-03-07T10:12:36","guid":{"rendered":"https:\/\/valika.eu\/?post_type=product&#038;p=13571"},"modified":"2025-10-02T13:46:23","modified_gmt":"2025-10-02T10:46:23","slug":"nappa-hydro-comfort-jalakreem-karbamiidiga-5-250-ml","status":"publish","type":"product","link":"https:\/\/valika.eu\/fi\/toode\/nappa-hydro-comfort-jalakreem-karbamiidiga-5-250-ml\/","title":{"rendered":"Jalkavoide Nappa Hydro Comfort urea 5%, 250 ml"},"content":{"rendered":"<p>Voiteet, joissa on ureaa 5 % Silcare\u00ae:sta johtuen 5 % ureasta, ovat kuorivia, est\u00e4v\u00e4t kantap\u00e4\u00e4n kuivumista ja kovettumista, ja oireiden alkaessa korjaantuvat. Persikka\u00f6ljy ja lanoliini pehment\u00e4v\u00e4t, ravitsevat ja suojaavat ihoa t\u00e4ydellisesti ulkoisilta tekij\u00f6ilt\u00e4, \u200b\u200bkun taas glyseroli sitoo vett\u00e4 orvaskedess\u00e4, my\u00f6s kosteuttaa, suojaa ihoa liialliselta kuivumiselta, pehment\u00e4\u00e4 ja parantaa joustavuutta.<\/p>\n<p>Sille on ominaista miellytt\u00e4v\u00e4, raikas tuoksu, jossa on aavistus kasvismakuista.<\/p>\n<p>OMINAISUUDET:<\/p>\n<p>esittelee kuorintaa<br \/>\nehk\u00e4isee kantap\u00e4\u00e4n kuivumista ja kovettumista<br \/>\npehment\u00e4\u00e4 ja ravitsee ihoa hell\u00e4varaisesti<br \/>\nK\u00c4YTT\u00d6: Hierontavoide imeytyy puhtaaseen, kuivaan jalkojen ihoon.<\/p>","protected":false},"excerpt":{"rendered":"<p>Voiteet, joissa on ureaa 5 % Silcare\u00ae:sta johtuen 5 % ureasta, ovat kuorivia, est\u00e4v\u00e4t kantap\u00e4\u00e4n kuivumista ja kovettumista, ja oireiden<\/p>\n","protected":false},"featured_media":13572,"template":"","meta":[],"product_brand":[],"product_cat":[638],"product_tag":[],"class_list":{"0":"post-13571","1":"product","2":"type-product","3":"status-publish","4":"has-post-thumbnail","6":"product_cat-kreem","8":"first","9":"outofstock","10":"taxable","11":"shipping-taxable","12":"purchasable","13":"product-type-simple"},"yoast_head":"<!-- This site is optimized with the Yoast SEO plugin v24.4 - https:\/\/yoast.com\/wordpress\/plugins\/seo\/ -->\n<title>Jalkavoide Nappa Hydro Comfort urea 5%, 250 ml | Valika<\/title>\n<meta name=\"robots\" content=\"index, follow, max-snippet:-1, max-image-preview:large, max-video-preview:-1\" \/>\n<link rel=\"canonical\" href=\"https:\/\/valika.eu\/fi\/toode\/nappa-hydro-comfort-jalakreem-karbamiidiga-5-250-ml\/\" \/>\n<meta property=\"og:locale\" content=\"fi_FI\" \/>\n<meta property=\"og:type\" content=\"article\" \/>\n<meta property=\"og:title\" content=\"Jalkavoide Nappa Hydro Comfort urea 5%, 250 ml | Valika\" \/>\n<meta property=\"og:description\" content=\"Voiteet, joissa on ureaa 5 % Silcare\u00ae:sta johtuen 5 % ureasta, ovat kuorivia, est\u00e4v\u00e4t kantap\u00e4\u00e4n kuivumista ja kovettumista, ja oireiden\" \/>\n<meta property=\"og:url\" content=\"https:\/\/valika.eu\/fi\/toode\/nappa-hydro-comfort-jalakreem-karbamiidiga-5-250-ml\/\" \/>\n<meta property=\"og:site_name\" content=\"Valika\" \/>\n<meta property=\"article:publisher\" content=\"https:\/\/www.facebook.com\/tipsi.net\" \/>\n<meta property=\"article:modified_time\" content=\"2025-10-02T10:46:23+00:00\" \/>\n<meta property=\"og:image\" content=\"https:\/\/valika.eu\/wp-content\/uploads\/2025\/03\/hydrokreem.png\" \/>\n\t<meta property=\"og:image:width\" content=\"600\" \/>\n\t<meta property=\"og:image:height\" content=\"600\" \/>\n\t<meta property=\"og:image:type\" content=\"image\/png\" \/>\n<meta name=\"twitter:card\" content=\"summary_large_image\" \/>\n<script type=\"application\/ld+json\" class=\"yoast-schema-graph\">{\"@context\":\"https:\/\/schema.org\",\"@graph\":[{\"@type\":\"WebPage\",\"@id\":\"https:\/\/valika.eu\/fi\/toode\/nappa-hydro-comfort-jalakreem-karbamiidiga-5-250-ml\/\",\"url\":\"https:\/\/valika.eu\/fi\/toode\/nappa-hydro-comfort-jalakreem-karbamiidiga-5-250-ml\/\",\"name\":\"Jalkavoide Nappa Hydro Comfort urea 5%, 250 ml | Valika\",\"isPartOf\":{\"@id\":\"https:\/\/valika.eu\/fi\/#website\"},\"primaryImageOfPage\":{\"@id\":\"https:\/\/valika.eu\/fi\/toode\/nappa-hydro-comfort-jalakreem-karbamiidiga-5-250-ml\/#primaryimage\"},\"image\":{\"@id\":\"https:\/\/valika.eu\/toode\/nappa-hydro-comfort-jalakreem-karbamiidiga-5-250-ml\/#primaryimage\"},\"thumbnailUrl\":\"https:\/\/valika.eu\/wp-content\/uploads\/2025\/03\/hydrokreem.png\",\"datePublished\":\"2025-03-07T10:12:36+00:00\",\"dateModified\":\"2025-10-02T10:46:23+00:00\",\"breadcrumb\":{\"@id\":\"https:\/\/valika.eu\/fi\/toode\/nappa-hydro-comfort-jalakreem-karbamiidiga-5-250-ml\/#breadcrumb\"},\"inLanguage\":\"fi\",\"potentialAction\":[{\"@type\":\"ReadAction\",\"target\":[[\"https:\/\/valika.eu\/fi\/toode\/nappa-hydro-comfort-jalakreem-karbamiidiga-5-250-ml\/\"]]}]},{\"@type\":\"ImageObject\",\"inLanguage\":\"fi\",\"@id\":\"https:\/\/valika.eu\/fi\/toode\/nappa-hydro-comfort-jalakreem-karbamiidiga-5-250-ml\/#primaryimage\",\"url\":\"https:\/\/valika.eu\/wp-content\/uploads\/2025\/03\/hydrokreem.png\",\"contentUrl\":\"https:\/\/valika.eu\/wp-content\/uploads\/2025\/03\/hydrokreem.png\",\"width\":600,\"height\":600},{\"@type\":\"BreadcrumbList\",\"@id\":\"https:\/\/valika.eu\/fi\/toode\/nappa-hydro-comfort-jalakreem-karbamiidiga-5-250-ml\/#breadcrumb\",\"itemListElement\":[{\"@type\":\"ListItem\",\"position\":1,\"name\":\"Koti\",\"item\":\"https:\/\/valika.eu\/fi\/\"},{\"@type\":\"ListItem\",\"position\":2,\"name\":\"Shop\",\"item\":\"https:\/\/valika.eu\/fi\/\"},{\"@type\":\"ListItem\",\"position\":3,\"name\":\"Foot cream Nappa Hydro Comfort urea 5%, 250 ml\"}]},{\"@type\":\"WebSite\",\"@id\":\"https:\/\/valika.eu\/fi\/#website\",\"url\":\"https:\/\/valika.eu\/fi\/\",\"name\":\"Valika.eu\",\"description\":\"Salonkituotteet ja kauneudenhoitotuotteet - Valika tarjoaa laajan valikoiman tuotteita ja tarvikkeita kynsiteknikoille, kauneushoitoloille, kampaamoille ja kampaamoille.\",\"publisher\":{\"@id\":\"https:\/\/valika.eu\/fi\/#organization\"},\"alternateName\":\"Valika\",\"potentialAction\":[{\"@type\":\"SearchAction\",\"target\":{\"@type\":\"EntryPoint\",\"urlTemplate\":\"https:\/\/valika.eu\/fi\/?s={search_term_string}\"},\"query-input\":{\"@type\":\"PropertyValueSpecification\",\"valueRequired\":true,\"valueName\":\"search_term_string\"}}],\"inLanguage\":\"fi\"},{\"@type\":\"Organization\",\"@id\":\"https:\/\/valika.eu\/fi\/#organization\",\"name\":\"Salongitoode O\u00dc\",\"alternateName\":\"Valika\",\"url\":\"https:\/\/valika.eu\/fi\/\",\"logo\":{\"@type\":\"ImageObject\",\"inLanguage\":\"fi\",\"@id\":\"https:\/\/valika.eu\/fi\/#\/schema\/logo\/image\/\",\"url\":\"https:\/\/valika.eu\/wp-content\/uploads\/2023\/11\/logo2-valika-footer.png\",\"contentUrl\":\"https:\/\/valika.eu\/wp-content\/uploads\/2023\/11\/logo2-valika-footer.png\",\"width\":200,\"height\":129,\"caption\":\"Salongitoode O\u00dc\"},\"image\":{\"@id\":\"https:\/\/valika.eu\/fi\/#\/schema\/logo\/image\/\"},\"sameAs\":[\"https:\/\/www.facebook.com\/tipsi.net\"]}]}<\/script>\n<!-- \/ Yoast SEO plugin. -->","yoast_head_json":{"title":"Jalkavoide Nappa Hydro Comfort urea 5%, 250 ml | Valika","robots":{"index":"index","follow":"follow","max-snippet":"max-snippet:-1","max-image-preview":"max-image-preview:large","max-video-preview":"max-video-preview:-1"},"canonical":"https:\/\/valika.eu\/fi\/toode\/nappa-hydro-comfort-jalakreem-karbamiidiga-5-250-ml\/","og_locale":"fi_FI","og_type":"article","og_title":"Jalkavoide Nappa Hydro Comfort urea 5%, 250 ml | Valika","og_description":"Voiteet, joissa on ureaa 5 % Silcare\u00ae:sta johtuen 5 % ureasta, ovat kuorivia, est\u00e4v\u00e4t kantap\u00e4\u00e4n kuivumista ja kovettumista, ja oireiden","og_url":"https:\/\/valika.eu\/fi\/toode\/nappa-hydro-comfort-jalakreem-karbamiidiga-5-250-ml\/","og_site_name":"Valika","article_publisher":"https:\/\/www.facebook.com\/tipsi.net","article_modified_time":"2025-10-02T10:46:23+00:00","og_image":[{"width":600,"height":600,"url":"https:\/\/valika.eu\/wp-content\/uploads\/2025\/03\/hydrokreem.png","type":"image\/png"}],"twitter_card":"summary_large_image","schema":{"@context":"https:\/\/schema.org","@graph":[{"@type":"WebPage","@id":"https:\/\/valika.eu\/fi\/toode\/nappa-hydro-comfort-jalakreem-karbamiidiga-5-250-ml\/","url":"https:\/\/valika.eu\/fi\/toode\/nappa-hydro-comfort-jalakreem-karbamiidiga-5-250-ml\/","name":"Jalkavoide Nappa Hydro Comfort urea 5%, 250 ml | Valika","isPartOf":{"@id":"https:\/\/valika.eu\/fi\/#website"},"primaryImageOfPage":{"@id":"https:\/\/valika.eu\/fi\/toode\/nappa-hydro-comfort-jalakreem-karbamiidiga-5-250-ml\/#primaryimage"},"image":{"@id":"https:\/\/valika.eu\/toode\/nappa-hydro-comfort-jalakreem-karbamiidiga-5-250-ml\/#primaryimage"},"thumbnailUrl":"https:\/\/valika.eu\/wp-content\/uploads\/2025\/03\/hydrokreem.png","datePublished":"2025-03-07T10:12:36+00:00","dateModified":"2025-10-02T10:46:23+00:00","breadcrumb":{"@id":"https:\/\/valika.eu\/fi\/toode\/nappa-hydro-comfort-jalakreem-karbamiidiga-5-250-ml\/#breadcrumb"},"inLanguage":"fi","potentialAction":[{"@type":"ReadAction","target":[["https:\/\/valika.eu\/fi\/toode\/nappa-hydro-comfort-jalakreem-karbamiidiga-5-250-ml\/"]]}]},{"@type":"ImageObject","inLanguage":"fi","@id":"https:\/\/valika.eu\/fi\/toode\/nappa-hydro-comfort-jalakreem-karbamiidiga-5-250-ml\/#primaryimage","url":"https:\/\/valika.eu\/wp-content\/uploads\/2025\/03\/hydrokreem.png","contentUrl":"https:\/\/valika.eu\/wp-content\/uploads\/2025\/03\/hydrokreem.png","width":600,"height":600},{"@type":"BreadcrumbList","@id":"https:\/\/valika.eu\/fi\/toode\/nappa-hydro-comfort-jalakreem-karbamiidiga-5-250-ml\/#breadcrumb","itemListElement":[{"@type":"ListItem","position":1,"name":"Koti","item":"https:\/\/valika.eu\/fi\/"},{"@type":"ListItem","position":2,"name":"Shop","item":"https:\/\/valika.eu\/fi\/"},{"@type":"ListItem","position":3,"name":"Foot cream Nappa Hydro Comfort urea 5%, 250 ml"}]},{"@type":"WebSite","@id":"https:\/\/valika.eu\/fi\/#website","url":"https:\/\/valika.eu\/fi\/","name":"Valika.eu","description":"Salonkituotteet ja kauneudenhoitotuotteet - Valika tarjoaa laajan valikoiman tuotteita ja tarvikkeita kynsiteknikoille, kauneushoitoloille, kampaamoille ja kampaamoille.","publisher":{"@id":"https:\/\/valika.eu\/fi\/#organization"},"alternateName":"Valika","potentialAction":[{"@type":"SearchAction","target":{"@type":"EntryPoint","urlTemplate":"https:\/\/valika.eu\/fi\/?s={search_term_string}"},"query-input":{"@type":"PropertyValueSpecification","valueRequired":true,"valueName":"search_term_string"}}],"inLanguage":"fi"},{"@type":"Organization","@id":"https:\/\/valika.eu\/fi\/#organization","name":"Salongitoode O\u00dc","alternateName":"Valika","url":"https:\/\/valika.eu\/fi\/","logo":{"@type":"ImageObject","inLanguage":"fi","@id":"https:\/\/valika.eu\/fi\/#\/schema\/logo\/image\/","url":"https:\/\/valika.eu\/wp-content\/uploads\/2023\/11\/logo2-valika-footer.png","contentUrl":"https:\/\/valika.eu\/wp-content\/uploads\/2023\/11\/logo2-valika-footer.png","width":200,"height":129,"caption":"Salongitoode O\u00dc"},"image":{"@id":"https:\/\/valika.eu\/fi\/#\/schema\/logo\/image\/"},"sameAs":["https:\/\/www.facebook.com\/tipsi.net"]}]}},"jetpack_sharing_enabled":true,"_links":{"self":[{"href":"https:\/\/valika.eu\/fi\/wp-json\/wp\/v2\/product\/13571","targetHints":{"allow":["GET"]}}],"collection":[{"href":"https:\/\/valika.eu\/fi\/wp-json\/wp\/v2\/product"}],"about":[{"href":"https:\/\/valika.eu\/fi\/wp-json\/wp\/v2\/types\/product"}],"wp:featuredmedia":[{"embeddable":true,"href":"https:\/\/valika.eu\/fi\/wp-json\/wp\/v2\/media\/13572"}],"wp:attachment":[{"href":"https:\/\/valika.eu\/fi\/wp-json\/wp\/v2\/media?parent=13571"}],"wp:term":[{"taxonomy":"product_brand","embeddable":true,"href":"https:\/\/valika.eu\/fi\/wp-json\/wp\/v2\/product_brand?post=13571"},{"taxonomy":"product_cat","embeddable":true,"href":"https:\/\/valika.eu\/fi\/wp-json\/wp\/v2\/product_cat?post=13571"},{"taxonomy":"product_tag","embeddable":true,"href":"https:\/\/valika.eu\/fi\/wp-json\/wp\/v2\/product_tag?post=13571"}],"curies":[{"name":"wp","href":"https:\/\/api.w.org\/{rel}","templated":true}]}}