{"id":13574,"date":"2025-03-07T12:31:55","date_gmt":"2025-03-07T10:31:55","guid":{"rendered":"https:\/\/valika.eu\/?post_type=product&#038;p=13574"},"modified":"2025-11-03T19:07:19","modified_gmt":"2025-11-03T17:07:19","slug":"400g-nappa-energy-comfort-jalgade-koorija-suhkrukoorimine","status":"publish","type":"product","link":"https:\/\/valika.eu\/fi\/toode\/400g-nappa-energy-comfort-jalgade-koorija-suhkrukoorimine\/","title":{"rendered":"400g Nappa Energy Comfort, Sugar Exfoliation Foot Peeling"},"content":{"rendered":"<p>Nappa Energy Comfort, Sugar Exfoliation Foot Peeling, 400g on kosmetiikka, joka puhdistaa ja kuorii ihottumaa j\u00e4tt\u00e4en jaloista silkinpehme\u00e4t ja pehme\u00e4t. Tuote lis\u00e4\u00e4 levitetyn kosmetiikan tehokkuutta, mink\u00e4 ansiosta se valmistelee ihon t\u00e4ydellisesti tulevia pedikyyrihoitoja varten.<\/p>\n<p>&nbsp;<\/p>\n<p>Ominaisuudet<br \/>\nNappa Energy Comfort, Sugar Exfoliation Foot Peelingin ominaisuudet:<\/p>\n<p>Stimuloi verenkiertoa.<br \/>\nKuorii kovettunutta epidermist\u00e4.<br \/>\nLis\u00e4\u00e4 k\u00e4ytetyn kosmetiikan tehokkuutta.<br \/>\n\u00d6ljysekoituksen ansiosta kuorinta ravitsee ja kosteuttaa ihoa j\u00e4tt\u00e4m\u00e4tt\u00e4 rasvaista kerrosta, ja sen herkk\u00e4, raikas tuoksu tekee hoidosta miellytt\u00e4v\u00e4mm\u00e4n.<br \/>\nINCI koostumus<br \/>\nSakkaroosi, natriumkloridi, nestem\u00e4inen parafiini, kokamidopropyylibetaiini, piidioksidi, natriumlaurethsulfaatti, urea, persea gratissima -\u00f6ljy, prunus persica -siemen\u00f6ljy, ricinus communis -siemen\u00f6ljy, PEG-120 metyyliglukoosi-dioleaatti, koferoksidi, fosfaatinoksidi, entsyymi , Tetrasodium EDTA, isometyyli-iononi, sitronelloli, limoneeni.<\/p>\n<p>Kuinka k\u00e4ytt\u00e4\u00e4<br \/>\nLevit\u00e4 kostealle iholle, hiero hetken py\u00f6rivin liikkein ja huuhtele.<\/p>\n<p>Kohtalo<br \/>\nJalkojen kuorinta.<\/p>\n<p>Varoitukset<br \/>\n\u00c4l\u00e4 k\u00e4yt\u00e4 \u00e4rtyneelle iholle tai v\u00e4litt\u00f6m\u00e4sti auringonoton j\u00e4lkeen.<\/p>","protected":false},"excerpt":{"rendered":"<p>Nappa Energy Comfort, Sugar Exfoliation Foot Peeling, 400g on kosmetiikka, joka puhdistaa ja kuorii ihottumaa j\u00e4tt\u00e4en jaloista silkinpehme\u00e4t ja pehme\u00e4t.<\/p>\n","protected":false},"featured_media":13575,"template":"","meta":[],"product_brand":[],"product_cat":[638],"product_tag":[],"class_list":{"0":"post-13574","1":"product","2":"type-product","3":"status-publish","4":"has-post-thumbnail","6":"product_cat-kreem","8":"first","9":"outofstock","10":"taxable","11":"shipping-taxable","12":"purchasable","13":"product-type-simple"},"yoast_head":"<!-- This site is optimized with the Yoast SEO plugin v24.4 - https:\/\/yoast.com\/wordpress\/plugins\/seo\/ -->\n<title>400g Nappa Energy Comfort, Sugar Exfoliation Foot Peeling | Valika<\/title>\n<meta name=\"robots\" content=\"index, follow, max-snippet:-1, max-image-preview:large, max-video-preview:-1\" \/>\n<link rel=\"canonical\" href=\"https:\/\/valika.eu\/fi\/toode\/400g-nappa-energy-comfort-jalgade-koorija-suhkrukoorimine\/\" \/>\n<meta property=\"og:locale\" content=\"fi_FI\" \/>\n<meta property=\"og:type\" content=\"article\" \/>\n<meta property=\"og:title\" content=\"400g Nappa Energy Comfort, Sugar Exfoliation Foot Peeling | Valika\" \/>\n<meta property=\"og:description\" content=\"Nappa Energy Comfort, Sugar Exfoliation Foot Peeling, 400g on kosmetiikka, joka puhdistaa ja kuorii ihottumaa j\u00e4tt\u00e4en jaloista silkinpehme\u00e4t ja pehme\u00e4t.\" \/>\n<meta property=\"og:url\" content=\"https:\/\/valika.eu\/fi\/toode\/400g-nappa-energy-comfort-jalgade-koorija-suhkrukoorimine\/\" \/>\n<meta property=\"og:site_name\" content=\"Valika\" \/>\n<meta property=\"article:publisher\" content=\"https:\/\/www.facebook.com\/tipsi.net\" \/>\n<meta property=\"article:modified_time\" content=\"2025-11-03T17:07:19+00:00\" \/>\n<meta property=\"og:image\" content=\"https:\/\/valika.eu\/wp-content\/uploads\/2025\/03\/suhkrupeeling.jpg\" \/>\n\t<meta property=\"og:image:width\" content=\"1000\" \/>\n\t<meta property=\"og:image:height\" content=\"1000\" \/>\n\t<meta property=\"og:image:type\" content=\"image\/jpeg\" \/>\n<meta name=\"twitter:card\" content=\"summary_large_image\" \/>\n<script type=\"application\/ld+json\" class=\"yoast-schema-graph\">{\"@context\":\"https:\/\/schema.org\",\"@graph\":[{\"@type\":\"WebPage\",\"@id\":\"https:\/\/valika.eu\/fi\/toode\/400g-nappa-energy-comfort-jalgade-koorija-suhkrukoorimine\/\",\"url\":\"https:\/\/valika.eu\/fi\/toode\/400g-nappa-energy-comfort-jalgade-koorija-suhkrukoorimine\/\",\"name\":\"400g Nappa Energy Comfort, Sugar Exfoliation Foot Peeling | Valika\",\"isPartOf\":{\"@id\":\"https:\/\/valika.eu\/fi\/#website\"},\"primaryImageOfPage\":{\"@id\":\"https:\/\/valika.eu\/fi\/toode\/400g-nappa-energy-comfort-jalgade-koorija-suhkrukoorimine\/#primaryimage\"},\"image\":{\"@id\":\"https:\/\/valika.eu\/toode\/400g-nappa-energy-comfort-jalgade-koorija-suhkrukoorimine\/#primaryimage\"},\"thumbnailUrl\":\"https:\/\/valika.eu\/wp-content\/uploads\/2025\/03\/suhkrupeeling.jpg\",\"datePublished\":\"2025-03-07T10:31:55+00:00\",\"dateModified\":\"2025-11-03T17:07:19+00:00\",\"breadcrumb\":{\"@id\":\"https:\/\/valika.eu\/fi\/toode\/400g-nappa-energy-comfort-jalgade-koorija-suhkrukoorimine\/#breadcrumb\"},\"inLanguage\":\"fi\",\"potentialAction\":[{\"@type\":\"ReadAction\",\"target\":[[\"https:\/\/valika.eu\/fi\/toode\/400g-nappa-energy-comfort-jalgade-koorija-suhkrukoorimine\/\"]]}]},{\"@type\":\"ImageObject\",\"inLanguage\":\"fi\",\"@id\":\"https:\/\/valika.eu\/fi\/toode\/400g-nappa-energy-comfort-jalgade-koorija-suhkrukoorimine\/#primaryimage\",\"url\":\"https:\/\/valika.eu\/wp-content\/uploads\/2025\/03\/suhkrupeeling.jpg\",\"contentUrl\":\"https:\/\/valika.eu\/wp-content\/uploads\/2025\/03\/suhkrupeeling.jpg\",\"width\":1000,\"height\":1000},{\"@type\":\"BreadcrumbList\",\"@id\":\"https:\/\/valika.eu\/fi\/toode\/400g-nappa-energy-comfort-jalgade-koorija-suhkrukoorimine\/#breadcrumb\",\"itemListElement\":[{\"@type\":\"ListItem\",\"position\":1,\"name\":\"Koti\",\"item\":\"https:\/\/valika.eu\/fi\/\"},{\"@type\":\"ListItem\",\"position\":2,\"name\":\"Shop\",\"item\":\"https:\/\/valika.eu\/fi\/\"},{\"@type\":\"ListItem\",\"position\":3,\"name\":\"400g Nappa Energy Comfort, jalgade koorija suhkrukoorimine,\"}]},{\"@type\":\"WebSite\",\"@id\":\"https:\/\/valika.eu\/fi\/#website\",\"url\":\"https:\/\/valika.eu\/fi\/\",\"name\":\"Valika.eu\",\"description\":\"Salonkituotteet ja kauneudenhoitotuotteet - Valika tarjoaa laajan valikoiman tuotteita ja tarvikkeita kynsiteknikoille, kauneushoitoloille, kampaamoille ja kampaamoille.\",\"publisher\":{\"@id\":\"https:\/\/valika.eu\/fi\/#organization\"},\"alternateName\":\"Valika\",\"potentialAction\":[{\"@type\":\"SearchAction\",\"target\":{\"@type\":\"EntryPoint\",\"urlTemplate\":\"https:\/\/valika.eu\/fi\/?s={search_term_string}\"},\"query-input\":{\"@type\":\"PropertyValueSpecification\",\"valueRequired\":true,\"valueName\":\"search_term_string\"}}],\"inLanguage\":\"fi\"},{\"@type\":\"Organization\",\"@id\":\"https:\/\/valika.eu\/fi\/#organization\",\"name\":\"Salongitoode O\u00dc\",\"alternateName\":\"Valika\",\"url\":\"https:\/\/valika.eu\/fi\/\",\"logo\":{\"@type\":\"ImageObject\",\"inLanguage\":\"fi\",\"@id\":\"https:\/\/valika.eu\/fi\/#\/schema\/logo\/image\/\",\"url\":\"https:\/\/valika.eu\/wp-content\/uploads\/2023\/11\/logo2-valika-footer.png\",\"contentUrl\":\"https:\/\/valika.eu\/wp-content\/uploads\/2023\/11\/logo2-valika-footer.png\",\"width\":200,\"height\":129,\"caption\":\"Salongitoode O\u00dc\"},\"image\":{\"@id\":\"https:\/\/valika.eu\/fi\/#\/schema\/logo\/image\/\"},\"sameAs\":[\"https:\/\/www.facebook.com\/tipsi.net\"]}]}<\/script>\n<!-- \/ Yoast SEO plugin. -->","yoast_head_json":{"title":"400g Nappa Energy Comfort, Sugar Exfoliation Foot Peeling | Valika","robots":{"index":"index","follow":"follow","max-snippet":"max-snippet:-1","max-image-preview":"max-image-preview:large","max-video-preview":"max-video-preview:-1"},"canonical":"https:\/\/valika.eu\/fi\/toode\/400g-nappa-energy-comfort-jalgade-koorija-suhkrukoorimine\/","og_locale":"fi_FI","og_type":"article","og_title":"400g Nappa Energy Comfort, Sugar Exfoliation Foot Peeling | Valika","og_description":"Nappa Energy Comfort, Sugar Exfoliation Foot Peeling, 400g on kosmetiikka, joka puhdistaa ja kuorii ihottumaa j\u00e4tt\u00e4en jaloista silkinpehme\u00e4t ja pehme\u00e4t.","og_url":"https:\/\/valika.eu\/fi\/toode\/400g-nappa-energy-comfort-jalgade-koorija-suhkrukoorimine\/","og_site_name":"Valika","article_publisher":"https:\/\/www.facebook.com\/tipsi.net","article_modified_time":"2025-11-03T17:07:19+00:00","og_image":[{"width":1000,"height":1000,"url":"https:\/\/valika.eu\/wp-content\/uploads\/2025\/03\/suhkrupeeling.jpg","type":"image\/jpeg"}],"twitter_card":"summary_large_image","schema":{"@context":"https:\/\/schema.org","@graph":[{"@type":"WebPage","@id":"https:\/\/valika.eu\/fi\/toode\/400g-nappa-energy-comfort-jalgade-koorija-suhkrukoorimine\/","url":"https:\/\/valika.eu\/fi\/toode\/400g-nappa-energy-comfort-jalgade-koorija-suhkrukoorimine\/","name":"400g Nappa Energy Comfort, Sugar Exfoliation Foot Peeling | Valika","isPartOf":{"@id":"https:\/\/valika.eu\/fi\/#website"},"primaryImageOfPage":{"@id":"https:\/\/valika.eu\/fi\/toode\/400g-nappa-energy-comfort-jalgade-koorija-suhkrukoorimine\/#primaryimage"},"image":{"@id":"https:\/\/valika.eu\/toode\/400g-nappa-energy-comfort-jalgade-koorija-suhkrukoorimine\/#primaryimage"},"thumbnailUrl":"https:\/\/valika.eu\/wp-content\/uploads\/2025\/03\/suhkrupeeling.jpg","datePublished":"2025-03-07T10:31:55+00:00","dateModified":"2025-11-03T17:07:19+00:00","breadcrumb":{"@id":"https:\/\/valika.eu\/fi\/toode\/400g-nappa-energy-comfort-jalgade-koorija-suhkrukoorimine\/#breadcrumb"},"inLanguage":"fi","potentialAction":[{"@type":"ReadAction","target":[["https:\/\/valika.eu\/fi\/toode\/400g-nappa-energy-comfort-jalgade-koorija-suhkrukoorimine\/"]]}]},{"@type":"ImageObject","inLanguage":"fi","@id":"https:\/\/valika.eu\/fi\/toode\/400g-nappa-energy-comfort-jalgade-koorija-suhkrukoorimine\/#primaryimage","url":"https:\/\/valika.eu\/wp-content\/uploads\/2025\/03\/suhkrupeeling.jpg","contentUrl":"https:\/\/valika.eu\/wp-content\/uploads\/2025\/03\/suhkrupeeling.jpg","width":1000,"height":1000},{"@type":"BreadcrumbList","@id":"https:\/\/valika.eu\/fi\/toode\/400g-nappa-energy-comfort-jalgade-koorija-suhkrukoorimine\/#breadcrumb","itemListElement":[{"@type":"ListItem","position":1,"name":"Koti","item":"https:\/\/valika.eu\/fi\/"},{"@type":"ListItem","position":2,"name":"Shop","item":"https:\/\/valika.eu\/fi\/"},{"@type":"ListItem","position":3,"name":"400g Nappa Energy Comfort, jalgade koorija suhkrukoorimine,"}]},{"@type":"WebSite","@id":"https:\/\/valika.eu\/fi\/#website","url":"https:\/\/valika.eu\/fi\/","name":"Valika.eu","description":"Salonkituotteet ja kauneudenhoitotuotteet - Valika tarjoaa laajan valikoiman tuotteita ja tarvikkeita kynsiteknikoille, kauneushoitoloille, kampaamoille ja kampaamoille.","publisher":{"@id":"https:\/\/valika.eu\/fi\/#organization"},"alternateName":"Valika","potentialAction":[{"@type":"SearchAction","target":{"@type":"EntryPoint","urlTemplate":"https:\/\/valika.eu\/fi\/?s={search_term_string}"},"query-input":{"@type":"PropertyValueSpecification","valueRequired":true,"valueName":"search_term_string"}}],"inLanguage":"fi"},{"@type":"Organization","@id":"https:\/\/valika.eu\/fi\/#organization","name":"Salongitoode O\u00dc","alternateName":"Valika","url":"https:\/\/valika.eu\/fi\/","logo":{"@type":"ImageObject","inLanguage":"fi","@id":"https:\/\/valika.eu\/fi\/#\/schema\/logo\/image\/","url":"https:\/\/valika.eu\/wp-content\/uploads\/2023\/11\/logo2-valika-footer.png","contentUrl":"https:\/\/valika.eu\/wp-content\/uploads\/2023\/11\/logo2-valika-footer.png","width":200,"height":129,"caption":"Salongitoode O\u00dc"},"image":{"@id":"https:\/\/valika.eu\/fi\/#\/schema\/logo\/image\/"},"sameAs":["https:\/\/www.facebook.com\/tipsi.net"]}]}},"jetpack_sharing_enabled":true,"_links":{"self":[{"href":"https:\/\/valika.eu\/fi\/wp-json\/wp\/v2\/product\/13574","targetHints":{"allow":["GET"]}}],"collection":[{"href":"https:\/\/valika.eu\/fi\/wp-json\/wp\/v2\/product"}],"about":[{"href":"https:\/\/valika.eu\/fi\/wp-json\/wp\/v2\/types\/product"}],"wp:featuredmedia":[{"embeddable":true,"href":"https:\/\/valika.eu\/fi\/wp-json\/wp\/v2\/media\/13575"}],"wp:attachment":[{"href":"https:\/\/valika.eu\/fi\/wp-json\/wp\/v2\/media?parent=13574"}],"wp:term":[{"taxonomy":"product_brand","embeddable":true,"href":"https:\/\/valika.eu\/fi\/wp-json\/wp\/v2\/product_brand?post=13574"},{"taxonomy":"product_cat","embeddable":true,"href":"https:\/\/valika.eu\/fi\/wp-json\/wp\/v2\/product_cat?post=13574"},{"taxonomy":"product_tag","embeddable":true,"href":"https:\/\/valika.eu\/fi\/wp-json\/wp\/v2\/product_tag?post=13574"}],"curies":[{"name":"wp","href":"https:\/\/api.w.org\/{rel}","templated":true}]}}