{"id":13813,"date":"2025-03-30T18:34:21","date_gmt":"2025-03-30T15:34:21","guid":{"rendered":"https:\/\/valika.eu\/?post_type=product&#038;p=13813"},"modified":"2026-03-24T14:53:33","modified_gmt":"2026-03-24T12:53:33","slug":"kovasulamist-puuriotsik-%d1%84%d0%bf%d1%82%d1%80-060-%d1%82%d0%b2%d1%81-l135","status":"publish","type":"product","link":"https:\/\/valika.eu\/fi\/toode\/kovasulamist-puuriotsik-%d1%84%d0%bf%d1%82%d1%80-060-%d1%82%d0%b2%d1%81-l135\/","title":{"rendered":"Kovametalliter\u00e4 \u0424\u041f\u0422\u0420 060 \u0422\u0412\u0421 L13,5"},"content":{"rendered":"<p>Kovametalliter\u00e4 Paraboli (maissi) kolmoisleikkauksella<\/p>\n<p>K\u00e4ytt\u00f6 laite manikyyriss\u00e4 ja pedikyyriss\u00e4:<br \/>\n\u2022 Ohuen keinotekoisen materiaalin poisto (geelilakka)<br \/>\n\u2022 Osittainen kynsilevyn poisto<br \/>\n\u2022 Ty\u00f6skentely paksuuntuneiden luonnonkynsien kanssa<br \/>\n\u2022 Kovettumien k\u00e4sittely<\/p>\n<p>ISO 500.104.204.145.060<br \/>\nTy\u00f6osan halkaisija, mm: 6.0<br \/>\nTy\u00f6osan pituus, mm: 13.5<br \/>\nVarren halkaisija, mm: 2.3<br \/>\nHammaskoko: sinisen ja vihre\u00e4n v\u00e4liss\u00e4<\/p>\n<p>Jyrsimen k\u00e4ytt\u00f6 on suositus; jokaiselle asiakkaalle valitaan yksil\u00f6llisesti sopiva vaihtoehto.<\/p>","protected":false},"excerpt":{"rendered":"<p>Kovametalliter\u00e4 Paraboli (maissi) kolmoisleikkauksella K\u00e4ytt\u00f6 laite manikyyriss\u00e4 ja pedikyyriss\u00e4: \u2022 Ohuen keinotekoisen materiaalin poisto (geelilakka) \u2022 Osittainen kynsilevyn poisto \u2022<\/p>\n","protected":false},"featured_media":13814,"template":"","meta":[],"product_brand":[],"product_cat":[710],"product_tag":[],"class_list":{"0":"post-13813","1":"product","2":"type-product","3":"status-publish","4":"has-post-thumbnail","6":"product_cat-kovasulamist-otsikud","8":"first","9":"instock","10":"taxable","11":"shipping-taxable","12":"purchasable","13":"product-type-simple"},"yoast_head":"<!-- This site is optimized with the Yoast SEO plugin v24.4 - https:\/\/yoast.com\/wordpress\/plugins\/seo\/ -->\n<title>Kovametalliter\u00e4 \u0424\u041f\u0422\u0420 060 \u0422\u0412\u0421 L13,5 | Valika<\/title>\n<meta name=\"robots\" content=\"index, follow, max-snippet:-1, max-image-preview:large, max-video-preview:-1\" \/>\n<link rel=\"canonical\" href=\"https:\/\/valika.eu\/fi\/toode\/kovasulamist-puuriotsik-\u0444\u043f\u0442\u0440-060-\u0442\u0432\u0441-l135\/\" \/>\n<meta property=\"og:locale\" content=\"fi_FI\" \/>\n<meta property=\"og:type\" content=\"article\" \/>\n<meta property=\"og:title\" content=\"Kovametalliter\u00e4 \u0424\u041f\u0422\u0420 060 \u0422\u0412\u0421 L13,5 | Valika\" \/>\n<meta property=\"og:description\" content=\"Kovametalliter\u00e4 Paraboli (maissi) kolmoisleikkauksella K\u00e4ytt\u00f6 laite manikyyriss\u00e4 ja pedikyyriss\u00e4: \u2022 Ohuen keinotekoisen materiaalin poisto (geelilakka) \u2022 Osittainen kynsilevyn poisto \u2022\" \/>\n<meta property=\"og:url\" content=\"https:\/\/valika.eu\/fi\/toode\/kovasulamist-puuriotsik-\u0444\u043f\u0442\u0440-060-\u0442\u0432\u0441-l135\/\" \/>\n<meta property=\"og:site_name\" content=\"Valika\" \/>\n<meta property=\"article:publisher\" content=\"https:\/\/www.facebook.com\/tipsi.net\" \/>\n<meta property=\"article:modified_time\" content=\"2026-03-24T12:53:33+00:00\" \/>\n<meta property=\"og:image\" content=\"https:\/\/valika.eu\/wp-content\/uploads\/2025\/03\/118021.png\" \/>\n\t<meta property=\"og:image:width\" content=\"1240\" \/>\n\t<meta property=\"og:image:height\" content=\"1240\" \/>\n\t<meta property=\"og:image:type\" content=\"image\/png\" \/>\n<meta name=\"twitter:card\" content=\"summary_large_image\" \/>\n<script type=\"application\/ld+json\" class=\"yoast-schema-graph\">{\"@context\":\"https:\/\/schema.org\",\"@graph\":[{\"@type\":\"WebPage\",\"@id\":\"https:\/\/valika.eu\/fi\/toode\/kovasulamist-puuriotsik-%d1%84%d0%bf%d1%82%d1%80-060-%d1%82%d0%b2%d1%81-l135\/\",\"url\":\"https:\/\/valika.eu\/fi\/toode\/kovasulamist-puuriotsik-%d1%84%d0%bf%d1%82%d1%80-060-%d1%82%d0%b2%d1%81-l135\/\",\"name\":\"Kovametalliter\u00e4 \u0424\u041f\u0422\u0420 060 \u0422\u0412\u0421 L13,5 | Valika\",\"isPartOf\":{\"@id\":\"https:\/\/valika.eu\/fi\/#website\"},\"primaryImageOfPage\":{\"@id\":\"https:\/\/valika.eu\/fi\/toode\/kovasulamist-puuriotsik-%d1%84%d0%bf%d1%82%d1%80-060-%d1%82%d0%b2%d1%81-l135\/#primaryimage\"},\"image\":{\"@id\":\"https:\/\/valika.eu\/toode\/kovasulamist-puuriotsik-%d1%84%d0%bf%d1%82%d1%80-060-%d1%82%d0%b2%d1%81-l135\/#primaryimage\"},\"thumbnailUrl\":\"https:\/\/valika.eu\/wp-content\/uploads\/2025\/03\/118021.png\",\"datePublished\":\"2025-03-30T15:34:21+00:00\",\"dateModified\":\"2026-03-24T12:53:33+00:00\",\"breadcrumb\":{\"@id\":\"https:\/\/valika.eu\/fi\/toode\/kovasulamist-puuriotsik-%d1%84%d0%bf%d1%82%d1%80-060-%d1%82%d0%b2%d1%81-l135\/#breadcrumb\"},\"inLanguage\":\"fi\",\"potentialAction\":[{\"@type\":\"ReadAction\",\"target\":[[\"https:\/\/valika.eu\/fi\/toode\/kovasulamist-puuriotsik-%d1%84%d0%bf%d1%82%d1%80-060-%d1%82%d0%b2%d1%81-l135\/\"]]}]},{\"@type\":\"ImageObject\",\"inLanguage\":\"fi\",\"@id\":\"https:\/\/valika.eu\/fi\/toode\/kovasulamist-puuriotsik-%d1%84%d0%bf%d1%82%d1%80-060-%d1%82%d0%b2%d1%81-l135\/#primaryimage\",\"url\":\"https:\/\/valika.eu\/wp-content\/uploads\/2025\/03\/118021.png\",\"contentUrl\":\"https:\/\/valika.eu\/wp-content\/uploads\/2025\/03\/118021.png\",\"width\":1240,\"height\":1240},{\"@type\":\"BreadcrumbList\",\"@id\":\"https:\/\/valika.eu\/fi\/toode\/kovasulamist-puuriotsik-%d1%84%d0%bf%d1%82%d1%80-060-%d1%82%d0%b2%d1%81-l135\/#breadcrumb\",\"itemListElement\":[{\"@type\":\"ListItem\",\"position\":1,\"name\":\"Koti\",\"item\":\"https:\/\/valika.eu\/fi\/\"},{\"@type\":\"ListItem\",\"position\":2,\"name\":\"Shop\",\"item\":\"https:\/\/valika.eu\/fi\/\"},{\"@type\":\"ListItem\",\"position\":3,\"name\":\"\u0424\u0440\u0435\u0437\u0430 \u0424\u041f\u0422\u0420 060 \u0422\u0412\u0421 L13,5\"}]},{\"@type\":\"WebSite\",\"@id\":\"https:\/\/valika.eu\/fi\/#website\",\"url\":\"https:\/\/valika.eu\/fi\/\",\"name\":\"Valika.eu\",\"description\":\"Salonkituotteet ja kauneudenhoitotuotteet - Valika tarjoaa laajan valikoiman tuotteita ja tarvikkeita kynsiteknikoille, kauneushoitoloille, kampaamoille ja kampaamoille.\",\"publisher\":{\"@id\":\"https:\/\/valika.eu\/fi\/#organization\"},\"alternateName\":\"Valika\",\"potentialAction\":[{\"@type\":\"SearchAction\",\"target\":{\"@type\":\"EntryPoint\",\"urlTemplate\":\"https:\/\/valika.eu\/fi\/?s={search_term_string}\"},\"query-input\":{\"@type\":\"PropertyValueSpecification\",\"valueRequired\":true,\"valueName\":\"search_term_string\"}}],\"inLanguage\":\"fi\"},{\"@type\":\"Organization\",\"@id\":\"https:\/\/valika.eu\/fi\/#organization\",\"name\":\"Salongitoode O\u00dc\",\"alternateName\":\"Valika\",\"url\":\"https:\/\/valika.eu\/fi\/\",\"logo\":{\"@type\":\"ImageObject\",\"inLanguage\":\"fi\",\"@id\":\"https:\/\/valika.eu\/fi\/#\/schema\/logo\/image\/\",\"url\":\"https:\/\/valika.eu\/wp-content\/uploads\/2023\/11\/logo2-valika-footer.png\",\"contentUrl\":\"https:\/\/valika.eu\/wp-content\/uploads\/2023\/11\/logo2-valika-footer.png\",\"width\":200,\"height\":129,\"caption\":\"Salongitoode O\u00dc\"},\"image\":{\"@id\":\"https:\/\/valika.eu\/fi\/#\/schema\/logo\/image\/\"},\"sameAs\":[\"https:\/\/www.facebook.com\/tipsi.net\"]}]}<\/script>\n<!-- \/ Yoast SEO plugin. -->","yoast_head_json":{"title":"Kovametalliter\u00e4 \u0424\u041f\u0422\u0420 060 \u0422\u0412\u0421 L13,5 | Valika","robots":{"index":"index","follow":"follow","max-snippet":"max-snippet:-1","max-image-preview":"max-image-preview:large","max-video-preview":"max-video-preview:-1"},"canonical":"https:\/\/valika.eu\/fi\/toode\/kovasulamist-puuriotsik-\u0444\u043f\u0442\u0440-060-\u0442\u0432\u0441-l135\/","og_locale":"fi_FI","og_type":"article","og_title":"Kovametalliter\u00e4 \u0424\u041f\u0422\u0420 060 \u0422\u0412\u0421 L13,5 | Valika","og_description":"Kovametalliter\u00e4 Paraboli (maissi) kolmoisleikkauksella K\u00e4ytt\u00f6 laite manikyyriss\u00e4 ja pedikyyriss\u00e4: \u2022 Ohuen keinotekoisen materiaalin poisto (geelilakka) \u2022 Osittainen kynsilevyn poisto \u2022","og_url":"https:\/\/valika.eu\/fi\/toode\/kovasulamist-puuriotsik-\u0444\u043f\u0442\u0440-060-\u0442\u0432\u0441-l135\/","og_site_name":"Valika","article_publisher":"https:\/\/www.facebook.com\/tipsi.net","article_modified_time":"2026-03-24T12:53:33+00:00","og_image":[{"width":1240,"height":1240,"url":"https:\/\/valika.eu\/wp-content\/uploads\/2025\/03\/118021.png","type":"image\/png"}],"twitter_card":"summary_large_image","schema":{"@context":"https:\/\/schema.org","@graph":[{"@type":"WebPage","@id":"https:\/\/valika.eu\/fi\/toode\/kovasulamist-puuriotsik-%d1%84%d0%bf%d1%82%d1%80-060-%d1%82%d0%b2%d1%81-l135\/","url":"https:\/\/valika.eu\/fi\/toode\/kovasulamist-puuriotsik-%d1%84%d0%bf%d1%82%d1%80-060-%d1%82%d0%b2%d1%81-l135\/","name":"Kovametalliter\u00e4 \u0424\u041f\u0422\u0420 060 \u0422\u0412\u0421 L13,5 | Valika","isPartOf":{"@id":"https:\/\/valika.eu\/fi\/#website"},"primaryImageOfPage":{"@id":"https:\/\/valika.eu\/fi\/toode\/kovasulamist-puuriotsik-%d1%84%d0%bf%d1%82%d1%80-060-%d1%82%d0%b2%d1%81-l135\/#primaryimage"},"image":{"@id":"https:\/\/valika.eu\/toode\/kovasulamist-puuriotsik-%d1%84%d0%bf%d1%82%d1%80-060-%d1%82%d0%b2%d1%81-l135\/#primaryimage"},"thumbnailUrl":"https:\/\/valika.eu\/wp-content\/uploads\/2025\/03\/118021.png","datePublished":"2025-03-30T15:34:21+00:00","dateModified":"2026-03-24T12:53:33+00:00","breadcrumb":{"@id":"https:\/\/valika.eu\/fi\/toode\/kovasulamist-puuriotsik-%d1%84%d0%bf%d1%82%d1%80-060-%d1%82%d0%b2%d1%81-l135\/#breadcrumb"},"inLanguage":"fi","potentialAction":[{"@type":"ReadAction","target":[["https:\/\/valika.eu\/fi\/toode\/kovasulamist-puuriotsik-%d1%84%d0%bf%d1%82%d1%80-060-%d1%82%d0%b2%d1%81-l135\/"]]}]},{"@type":"ImageObject","inLanguage":"fi","@id":"https:\/\/valika.eu\/fi\/toode\/kovasulamist-puuriotsik-%d1%84%d0%bf%d1%82%d1%80-060-%d1%82%d0%b2%d1%81-l135\/#primaryimage","url":"https:\/\/valika.eu\/wp-content\/uploads\/2025\/03\/118021.png","contentUrl":"https:\/\/valika.eu\/wp-content\/uploads\/2025\/03\/118021.png","width":1240,"height":1240},{"@type":"BreadcrumbList","@id":"https:\/\/valika.eu\/fi\/toode\/kovasulamist-puuriotsik-%d1%84%d0%bf%d1%82%d1%80-060-%d1%82%d0%b2%d1%81-l135\/#breadcrumb","itemListElement":[{"@type":"ListItem","position":1,"name":"Koti","item":"https:\/\/valika.eu\/fi\/"},{"@type":"ListItem","position":2,"name":"Shop","item":"https:\/\/valika.eu\/fi\/"},{"@type":"ListItem","position":3,"name":"\u0424\u0440\u0435\u0437\u0430 \u0424\u041f\u0422\u0420 060 \u0422\u0412\u0421 L13,5"}]},{"@type":"WebSite","@id":"https:\/\/valika.eu\/fi\/#website","url":"https:\/\/valika.eu\/fi\/","name":"Valika.eu","description":"Salonkituotteet ja kauneudenhoitotuotteet - Valika tarjoaa laajan valikoiman tuotteita ja tarvikkeita kynsiteknikoille, kauneushoitoloille, kampaamoille ja kampaamoille.","publisher":{"@id":"https:\/\/valika.eu\/fi\/#organization"},"alternateName":"Valika","potentialAction":[{"@type":"SearchAction","target":{"@type":"EntryPoint","urlTemplate":"https:\/\/valika.eu\/fi\/?s={search_term_string}"},"query-input":{"@type":"PropertyValueSpecification","valueRequired":true,"valueName":"search_term_string"}}],"inLanguage":"fi"},{"@type":"Organization","@id":"https:\/\/valika.eu\/fi\/#organization","name":"Salongitoode O\u00dc","alternateName":"Valika","url":"https:\/\/valika.eu\/fi\/","logo":{"@type":"ImageObject","inLanguage":"fi","@id":"https:\/\/valika.eu\/fi\/#\/schema\/logo\/image\/","url":"https:\/\/valika.eu\/wp-content\/uploads\/2023\/11\/logo2-valika-footer.png","contentUrl":"https:\/\/valika.eu\/wp-content\/uploads\/2023\/11\/logo2-valika-footer.png","width":200,"height":129,"caption":"Salongitoode O\u00dc"},"image":{"@id":"https:\/\/valika.eu\/fi\/#\/schema\/logo\/image\/"},"sameAs":["https:\/\/www.facebook.com\/tipsi.net"]}]}},"jetpack_sharing_enabled":true,"_links":{"self":[{"href":"https:\/\/valika.eu\/fi\/wp-json\/wp\/v2\/product\/13813","targetHints":{"allow":["GET"]}}],"collection":[{"href":"https:\/\/valika.eu\/fi\/wp-json\/wp\/v2\/product"}],"about":[{"href":"https:\/\/valika.eu\/fi\/wp-json\/wp\/v2\/types\/product"}],"wp:featuredmedia":[{"embeddable":true,"href":"https:\/\/valika.eu\/fi\/wp-json\/wp\/v2\/media\/13814"}],"wp:attachment":[{"href":"https:\/\/valika.eu\/fi\/wp-json\/wp\/v2\/media?parent=13813"}],"wp:term":[{"taxonomy":"product_brand","embeddable":true,"href":"https:\/\/valika.eu\/fi\/wp-json\/wp\/v2\/product_brand?post=13813"},{"taxonomy":"product_cat","embeddable":true,"href":"https:\/\/valika.eu\/fi\/wp-json\/wp\/v2\/product_cat?post=13813"},{"taxonomy":"product_tag","embeddable":true,"href":"https:\/\/valika.eu\/fi\/wp-json\/wp\/v2\/product_tag?post=13813"}],"curies":[{"name":"wp","href":"https:\/\/api.w.org\/{rel}","templated":true}]}}