{"id":13823,"date":"2025-03-30T19:39:06","date_gmt":"2025-03-30T16:39:06","guid":{"rendered":"https:\/\/valika.eu\/?post_type=product&#038;p=13823"},"modified":"2026-03-24T14:53:31","modified_gmt":"2026-03-24T12:53:31","slug":"kovasulamist-puuriotsik-116127","status":"publish","type":"product","link":"https:\/\/valika.eu\/fi\/toode\/kovasulamist-puuriotsik-116127\/","title":{"rendered":"Kovametalliter\u00e4 \u0424\u041f\u0414 050-\u041e\u041c \u0422\u0412\u0421 L14"},"content":{"rendered":"<p>Kovametalliter\u00e4 Paraboli (maissi) eritt\u00e4in hienolla ristileikkauksella<\/p>\n<p>K\u00e4ytt\u00f6 hammasl\u00e4\u00e4ketieteess\u00e4:<br \/>\n\u2022 Materiaalien k\u00e4sittely hammasteknisiss\u00e4 t\u00f6iss\u00e4<br \/>\n\u2022 Keraamisten materiaalien, kullan ja jalometalliseosten viimeistely<\/p>\n<p>K\u00e4ytt\u00f6 laite manikyyriss\u00e4 ja pedikyyriss\u00e4:<br \/>\n\u2022 Keinotekoisten kynsien korjaus<br \/>\n\u2022 Valmistelu keinotekoisten kynsien asennukseen<br \/>\n\u2022 Keratoottisten kynsien ohentaminen<\/p>\n<p>ISO 500.104.275.110.050<br \/>\nTy\u00f6osan halkaisija, mm: 5.0<br \/>\nTy\u00f6osan pituus, mm: 14.0<br \/>\nVarren halkaisija, mm: 2.3<br \/>\nHammaskoko: Eritt\u00e4in hieno<\/p>\n<p>Jyrsimen k\u00e4ytt\u00f6 on suositus; jokaiselle asiakkaalle valitaan yksil\u00f6llisesti sopiva vaihtoehto.<\/p>","protected":false},"excerpt":{"rendered":"<p>Kovametalliter\u00e4 Paraboli (maissi) eritt\u00e4in hienolla ristileikkauksella K\u00e4ytt\u00f6 hammasl\u00e4\u00e4ketieteess\u00e4: \u2022 Materiaalien k\u00e4sittely hammasteknisiss\u00e4 t\u00f6iss\u00e4 \u2022 Keraamisten materiaalien, kullan ja jalometalliseosten viimeistely<\/p>\n","protected":false},"featured_media":13824,"template":"","meta":[],"product_brand":[],"product_cat":[710],"product_tag":[],"class_list":{"0":"post-13823","1":"product","2":"type-product","3":"status-publish","4":"has-post-thumbnail","6":"product_cat-kovasulamist-otsikud","8":"first","9":"instock","10":"taxable","11":"shipping-taxable","12":"purchasable","13":"product-type-simple"},"yoast_head":"<!-- This site is optimized with the Yoast SEO plugin v24.4 - https:\/\/yoast.com\/wordpress\/plugins\/seo\/ -->\n<title>Kovametalliter\u00e4 \u0424\u041f\u0414 050-\u041e\u041c \u0422\u0412\u0421 L14 | Valika<\/title>\n<meta name=\"robots\" content=\"index, follow, max-snippet:-1, max-image-preview:large, max-video-preview:-1\" \/>\n<link rel=\"canonical\" href=\"https:\/\/valika.eu\/fi\/toode\/kovasulamist-puuriotsik-116127\/\" \/>\n<meta property=\"og:locale\" content=\"fi_FI\" \/>\n<meta property=\"og:type\" content=\"article\" \/>\n<meta property=\"og:title\" content=\"Kovametalliter\u00e4 \u0424\u041f\u0414 050-\u041e\u041c \u0422\u0412\u0421 L14 | Valika\" \/>\n<meta property=\"og:description\" content=\"Kovametalliter\u00e4 Paraboli (maissi) eritt\u00e4in hienolla ristileikkauksella K\u00e4ytt\u00f6 hammasl\u00e4\u00e4ketieteess\u00e4: \u2022 Materiaalien k\u00e4sittely hammasteknisiss\u00e4 t\u00f6iss\u00e4 \u2022 Keraamisten materiaalien, kullan ja jalometalliseosten viimeistely\" \/>\n<meta property=\"og:url\" content=\"https:\/\/valika.eu\/fi\/toode\/kovasulamist-puuriotsik-116127\/\" \/>\n<meta property=\"og:site_name\" content=\"Valika\" \/>\n<meta property=\"article:publisher\" content=\"https:\/\/www.facebook.com\/tipsi.net\" \/>\n<meta property=\"article:modified_time\" content=\"2026-03-24T12:53:31+00:00\" \/>\n<meta property=\"og:image\" content=\"https:\/\/valika.eu\/wp-content\/uploads\/2025\/03\/116127.jpg\" \/>\n\t<meta property=\"og:image:width\" content=\"1644\" \/>\n\t<meta property=\"og:image:height\" content=\"1644\" \/>\n\t<meta property=\"og:image:type\" content=\"image\/jpeg\" \/>\n<meta name=\"twitter:card\" content=\"summary_large_image\" \/>\n<script type=\"application\/ld+json\" class=\"yoast-schema-graph\">{\"@context\":\"https:\/\/schema.org\",\"@graph\":[{\"@type\":\"WebPage\",\"@id\":\"https:\/\/valika.eu\/fi\/toode\/kovasulamist-puuriotsik-116127\/\",\"url\":\"https:\/\/valika.eu\/fi\/toode\/kovasulamist-puuriotsik-116127\/\",\"name\":\"Kovametalliter\u00e4 \u0424\u041f\u0414 050-\u041e\u041c \u0422\u0412\u0421 L14 | Valika\",\"isPartOf\":{\"@id\":\"https:\/\/valika.eu\/fi\/#website\"},\"primaryImageOfPage\":{\"@id\":\"https:\/\/valika.eu\/fi\/toode\/kovasulamist-puuriotsik-116127\/#primaryimage\"},\"image\":{\"@id\":\"https:\/\/valika.eu\/toode\/kovasulamist-puuriotsik-116127\/#primaryimage\"},\"thumbnailUrl\":\"https:\/\/valika.eu\/wp-content\/uploads\/2025\/03\/116127.jpg\",\"datePublished\":\"2025-03-30T16:39:06+00:00\",\"dateModified\":\"2026-03-24T12:53:31+00:00\",\"breadcrumb\":{\"@id\":\"https:\/\/valika.eu\/fi\/toode\/kovasulamist-puuriotsik-116127\/#breadcrumb\"},\"inLanguage\":\"fi\",\"potentialAction\":[{\"@type\":\"ReadAction\",\"target\":[[\"https:\/\/valika.eu\/fi\/toode\/kovasulamist-puuriotsik-116127\/\"]]}]},{\"@type\":\"ImageObject\",\"inLanguage\":\"fi\",\"@id\":\"https:\/\/valika.eu\/fi\/toode\/kovasulamist-puuriotsik-116127\/#primaryimage\",\"url\":\"https:\/\/valika.eu\/wp-content\/uploads\/2025\/03\/116127.jpg\",\"contentUrl\":\"https:\/\/valika.eu\/wp-content\/uploads\/2025\/03\/116127.jpg\",\"width\":1644,\"height\":1644},{\"@type\":\"BreadcrumbList\",\"@id\":\"https:\/\/valika.eu\/fi\/toode\/kovasulamist-puuriotsik-116127\/#breadcrumb\",\"itemListElement\":[{\"@type\":\"ListItem\",\"position\":1,\"name\":\"Koti\",\"item\":\"https:\/\/valika.eu\/fi\/\"},{\"@type\":\"ListItem\",\"position\":2,\"name\":\"Shop\",\"item\":\"https:\/\/valika.eu\/fi\/\"},{\"@type\":\"ListItem\",\"position\":3,\"name\":\"\u0424\u0440\u0435\u0437\u0430 \u0424\u041f\u0414 050-\u041e\u041c \u0422\u0412\u0421 L14\"}]},{\"@type\":\"WebSite\",\"@id\":\"https:\/\/valika.eu\/fi\/#website\",\"url\":\"https:\/\/valika.eu\/fi\/\",\"name\":\"Valika.eu\",\"description\":\"Salonkituotteet ja kauneudenhoitotuotteet - Valika tarjoaa laajan valikoiman tuotteita ja tarvikkeita kynsiteknikoille, kauneushoitoloille, kampaamoille ja kampaamoille.\",\"publisher\":{\"@id\":\"https:\/\/valika.eu\/fi\/#organization\"},\"alternateName\":\"Valika\",\"potentialAction\":[{\"@type\":\"SearchAction\",\"target\":{\"@type\":\"EntryPoint\",\"urlTemplate\":\"https:\/\/valika.eu\/fi\/?s={search_term_string}\"},\"query-input\":{\"@type\":\"PropertyValueSpecification\",\"valueRequired\":true,\"valueName\":\"search_term_string\"}}],\"inLanguage\":\"fi\"},{\"@type\":\"Organization\",\"@id\":\"https:\/\/valika.eu\/fi\/#organization\",\"name\":\"Salongitoode O\u00dc\",\"alternateName\":\"Valika\",\"url\":\"https:\/\/valika.eu\/fi\/\",\"logo\":{\"@type\":\"ImageObject\",\"inLanguage\":\"fi\",\"@id\":\"https:\/\/valika.eu\/fi\/#\/schema\/logo\/image\/\",\"url\":\"https:\/\/valika.eu\/wp-content\/uploads\/2023\/11\/logo2-valika-footer.png\",\"contentUrl\":\"https:\/\/valika.eu\/wp-content\/uploads\/2023\/11\/logo2-valika-footer.png\",\"width\":200,\"height\":129,\"caption\":\"Salongitoode O\u00dc\"},\"image\":{\"@id\":\"https:\/\/valika.eu\/fi\/#\/schema\/logo\/image\/\"},\"sameAs\":[\"https:\/\/www.facebook.com\/tipsi.net\"]}]}<\/script>\n<!-- \/ Yoast SEO plugin. -->","yoast_head_json":{"title":"Kovametalliter\u00e4 \u0424\u041f\u0414 050-\u041e\u041c \u0422\u0412\u0421 L14 | Valika","robots":{"index":"index","follow":"follow","max-snippet":"max-snippet:-1","max-image-preview":"max-image-preview:large","max-video-preview":"max-video-preview:-1"},"canonical":"https:\/\/valika.eu\/fi\/toode\/kovasulamist-puuriotsik-116127\/","og_locale":"fi_FI","og_type":"article","og_title":"Kovametalliter\u00e4 \u0424\u041f\u0414 050-\u041e\u041c \u0422\u0412\u0421 L14 | Valika","og_description":"Kovametalliter\u00e4 Paraboli (maissi) eritt\u00e4in hienolla ristileikkauksella K\u00e4ytt\u00f6 hammasl\u00e4\u00e4ketieteess\u00e4: \u2022 Materiaalien k\u00e4sittely hammasteknisiss\u00e4 t\u00f6iss\u00e4 \u2022 Keraamisten materiaalien, kullan ja jalometalliseosten viimeistely","og_url":"https:\/\/valika.eu\/fi\/toode\/kovasulamist-puuriotsik-116127\/","og_site_name":"Valika","article_publisher":"https:\/\/www.facebook.com\/tipsi.net","article_modified_time":"2026-03-24T12:53:31+00:00","og_image":[{"width":1644,"height":1644,"url":"https:\/\/valika.eu\/wp-content\/uploads\/2025\/03\/116127.jpg","type":"image\/jpeg"}],"twitter_card":"summary_large_image","schema":{"@context":"https:\/\/schema.org","@graph":[{"@type":"WebPage","@id":"https:\/\/valika.eu\/fi\/toode\/kovasulamist-puuriotsik-116127\/","url":"https:\/\/valika.eu\/fi\/toode\/kovasulamist-puuriotsik-116127\/","name":"Kovametalliter\u00e4 \u0424\u041f\u0414 050-\u041e\u041c \u0422\u0412\u0421 L14 | Valika","isPartOf":{"@id":"https:\/\/valika.eu\/fi\/#website"},"primaryImageOfPage":{"@id":"https:\/\/valika.eu\/fi\/toode\/kovasulamist-puuriotsik-116127\/#primaryimage"},"image":{"@id":"https:\/\/valika.eu\/toode\/kovasulamist-puuriotsik-116127\/#primaryimage"},"thumbnailUrl":"https:\/\/valika.eu\/wp-content\/uploads\/2025\/03\/116127.jpg","datePublished":"2025-03-30T16:39:06+00:00","dateModified":"2026-03-24T12:53:31+00:00","breadcrumb":{"@id":"https:\/\/valika.eu\/fi\/toode\/kovasulamist-puuriotsik-116127\/#breadcrumb"},"inLanguage":"fi","potentialAction":[{"@type":"ReadAction","target":[["https:\/\/valika.eu\/fi\/toode\/kovasulamist-puuriotsik-116127\/"]]}]},{"@type":"ImageObject","inLanguage":"fi","@id":"https:\/\/valika.eu\/fi\/toode\/kovasulamist-puuriotsik-116127\/#primaryimage","url":"https:\/\/valika.eu\/wp-content\/uploads\/2025\/03\/116127.jpg","contentUrl":"https:\/\/valika.eu\/wp-content\/uploads\/2025\/03\/116127.jpg","width":1644,"height":1644},{"@type":"BreadcrumbList","@id":"https:\/\/valika.eu\/fi\/toode\/kovasulamist-puuriotsik-116127\/#breadcrumb","itemListElement":[{"@type":"ListItem","position":1,"name":"Koti","item":"https:\/\/valika.eu\/fi\/"},{"@type":"ListItem","position":2,"name":"Shop","item":"https:\/\/valika.eu\/fi\/"},{"@type":"ListItem","position":3,"name":"\u0424\u0440\u0435\u0437\u0430 \u0424\u041f\u0414 050-\u041e\u041c \u0422\u0412\u0421 L14"}]},{"@type":"WebSite","@id":"https:\/\/valika.eu\/fi\/#website","url":"https:\/\/valika.eu\/fi\/","name":"Valika.eu","description":"Salonkituotteet ja kauneudenhoitotuotteet - Valika tarjoaa laajan valikoiman tuotteita ja tarvikkeita kynsiteknikoille, kauneushoitoloille, kampaamoille ja kampaamoille.","publisher":{"@id":"https:\/\/valika.eu\/fi\/#organization"},"alternateName":"Valika","potentialAction":[{"@type":"SearchAction","target":{"@type":"EntryPoint","urlTemplate":"https:\/\/valika.eu\/fi\/?s={search_term_string}"},"query-input":{"@type":"PropertyValueSpecification","valueRequired":true,"valueName":"search_term_string"}}],"inLanguage":"fi"},{"@type":"Organization","@id":"https:\/\/valika.eu\/fi\/#organization","name":"Salongitoode O\u00dc","alternateName":"Valika","url":"https:\/\/valika.eu\/fi\/","logo":{"@type":"ImageObject","inLanguage":"fi","@id":"https:\/\/valika.eu\/fi\/#\/schema\/logo\/image\/","url":"https:\/\/valika.eu\/wp-content\/uploads\/2023\/11\/logo2-valika-footer.png","contentUrl":"https:\/\/valika.eu\/wp-content\/uploads\/2023\/11\/logo2-valika-footer.png","width":200,"height":129,"caption":"Salongitoode O\u00dc"},"image":{"@id":"https:\/\/valika.eu\/fi\/#\/schema\/logo\/image\/"},"sameAs":["https:\/\/www.facebook.com\/tipsi.net"]}]}},"jetpack_sharing_enabled":true,"_links":{"self":[{"href":"https:\/\/valika.eu\/fi\/wp-json\/wp\/v2\/product\/13823","targetHints":{"allow":["GET"]}}],"collection":[{"href":"https:\/\/valika.eu\/fi\/wp-json\/wp\/v2\/product"}],"about":[{"href":"https:\/\/valika.eu\/fi\/wp-json\/wp\/v2\/types\/product"}],"wp:featuredmedia":[{"embeddable":true,"href":"https:\/\/valika.eu\/fi\/wp-json\/wp\/v2\/media\/13824"}],"wp:attachment":[{"href":"https:\/\/valika.eu\/fi\/wp-json\/wp\/v2\/media?parent=13823"}],"wp:term":[{"taxonomy":"product_brand","embeddable":true,"href":"https:\/\/valika.eu\/fi\/wp-json\/wp\/v2\/product_brand?post=13823"},{"taxonomy":"product_cat","embeddable":true,"href":"https:\/\/valika.eu\/fi\/wp-json\/wp\/v2\/product_cat?post=13823"},{"taxonomy":"product_tag","embeddable":true,"href":"https:\/\/valika.eu\/fi\/wp-json\/wp\/v2\/product_tag?post=13823"}],"curies":[{"name":"wp","href":"https:\/\/api.w.org\/{rel}","templated":true}]}}