{"id":13919,"date":"2025-04-06T12:10:28","date_gmt":"2025-04-06T09:10:28","guid":{"rendered":"https:\/\/valika.eu\/?post_type=product&#038;p=13919"},"modified":"2025-07-02T05:01:04","modified_gmt":"2025-07-02T02:01:04","slug":"varbakuunte-paksude-kuunte-loikur-pedikuuri-podoloogia-tangid-kuu-kujulised-loiketerad","status":"publish","type":"product","link":"https:\/\/valika.eu\/fi\/toode\/varbakuunte-paksude-kuunte-loikur-pedikuuri-podoloogia-tangid-kuu-kujulised-loiketerad\/","title":{"rendered":"Varpaankynsien\/paksujen kynsien leikkuri, pedikyyrin podologiset pihdit. Kuukuulaiset leikkuuter\u00e4t. 163\/18mm"},"content":{"rendered":"<p><\/p>\n<h3 style=\"text-align: center;\" data-start=\"17\" data-end=\"74\">Valmistettu Pakistanissa korkealaatuisesta ter\u00e4ksest\u00e4.<\/h3>\n<p class=\"\" style=\"text-align: center;\" data-start=\"17\" data-end=\"74\"><strong data-start=\"17\" data-end=\"72\">Ammattimaiset varpaankynsileikkurit \u2013 kannatinmalli<\/strong><\/p>\n<p class=\"\" style=\"text-align: center;\" data-start=\"76\" data-end=\"248\">\u2705 <strong data-start=\"78\" data-end=\"103\">Kaksoisjousimekanismi<\/strong><br data-start=\"103\" data-end=\"106\" \/>\u2705 <strong data-start=\"108\" data-end=\"151\">Sopii paksuimpien kynsien leikkaamiseen<\/strong><br data-start=\"151\" data-end=\"154\" \/>\u2705 <strong data-start=\"156\" data-end=\"197\">Optimaalinen suorituskyky ja tarkkuus<\/strong><br data-start=\"197\" data-end=\"200\" \/>\u2705 <strong data-start=\"202\" data-end=\"246\">K\u00e4yt\u00f6ss\u00e4 ammattilaisilla ymp\u00e4ri maailmaa<\/strong><\/p>\n<p class=\"\" style=\"text-align: center;\" data-start=\"250\" data-end=\"635\">Jos olet ammattimainen <strong data-start=\"273\" data-end=\"308\">jalkaterapeutti tai pedikyristi<\/strong>, kynsileikkurit ovat yksi t\u00e4rkeimmist\u00e4 ja v\u00e4ltt\u00e4m\u00e4tt\u00f6mimmist\u00e4 ty\u00f6kaluistasi. \u00a06-tuumaiset kannatinmalliset kynsileikkurit on valmistettu korkealaatuisesta <strong data-start=\"481\" data-end=\"512\">ruostumattomasta ter\u00e4ksest\u00e4<\/strong>, joka ei ruostu. Ne ovat t\u00e4ysin virheett\u00f6m\u00e4t ja tarjoavat sinulle <strong data-start=\"579\" data-end=\"632\">parhaan jalkahoidon kokemuksen koko el\u00e4m\u00e4n ajaksi<\/strong>.<\/p>\n<p class=\"\" style=\"text-align: center;\" data-start=\"637\" data-end=\"870\">N\u00e4iss\u00e4 <strong data-start=\"644\" data-end=\"675\">vahvoissa kynsileikkureissa<\/strong> on kaarevat ter\u00e4t, jotka <strong data-start=\"701\" data-end=\"745\">helpottavat kynsien kulmien leikkaamista<\/strong>. Lis\u00e4ksi ne on varustettu <strong data-start=\"772\" data-end=\"806\">lukittavalla turvamekanismilla<\/strong>, joka suojaa teri\u00e4 silloin, kun leikkurit eiv\u00e4t ole k\u00e4yt\u00f6ss\u00e4.<\/p>\n<p class=\"\" style=\"text-align: center;\" data-start=\"872\" data-end=\"954\"><strong data-start=\"872\" data-end=\"901\">Ter\u00e4v\u00e4t ja kest\u00e4v\u00e4t ter\u00e4t<\/strong> takaavat <strong data-start=\"911\" data-end=\"951\">sujuvan ja tarkan leikkauskokemuksen<\/strong>.<\/p>\n<p class=\"\" style=\"text-align: center;\" data-start=\"956\" data-end=\"1058\">\ud83d\udccf <strong data-start=\"959\" data-end=\"968\">Koko:<\/strong> 6 tuumaa (~15 cm)<br data-start=\"986\" data-end=\"989\" \/>\ud83d\udd12 <strong data-start=\"992\" data-end=\"1024\">Vahva ja lukittava mekanismi<\/strong><br data-start=\"1024\" data-end=\"1027\" \/>\ud83d\udcaf <strong data-start=\"1030\" data-end=\"1056\">100% tyytyv\u00e4isyystakuu<\/strong><\/p>\n<h3 class=\"\" style=\"text-align: center;\" data-start=\"1060\" data-end=\"1083\"><strong data-start=\"1064\" data-end=\"1081\">Ominaisuudet:<\/strong><\/h3>\n<p class=\"\" style=\"text-align: center;\" data-start=\"1084\" data-end=\"1238\">\u2714 <strong data-start=\"1086\" data-end=\"1107\">T\u00e4ysin uusi tuote<\/strong><br data-start=\"1107\" data-end=\"1110\" \/>\u2714 <strong data-start=\"1112\" data-end=\"1140\">T\u00e4ysin autoklavoitavissa<\/strong><br data-start=\"1140\" data-end=\"1143\" \/>\u2714 <strong data-start=\"1145\" data-end=\"1188\">Kiillotettu korkealaatuinen viimeistely<\/strong><br data-start=\"1188\" data-end=\"1191\" \/>\u2714 <strong data-start=\"1193\" data-end=\"1236\">Takuu materiaali- ja valmistusvirheille<\/strong><\/p>\n<p class=\"\" style=\"text-align: center;\" data-start=\"1240\" data-end=\"1481\">\ud83d\udd39 <strong data-start=\"1243\" data-end=\"1259\">Myymme my\u00f6s:<\/strong> kynsileikkureita, kynsipihtej\u00e4, kynsiviiloja, jalkaviiloja, kannatinmallisia leikkureita, sis\u00e4\u00e4nkasvaneiden kynsien leikkureita, varpaankynsien nostajia, metallisia jalkaviiloja ja muita jalkahoitoty\u00f6kaluja ja -settej\u00e4.<\/p>\n<h3 class=\"\" style=\"text-align: center;\" data-start=\"1483\" data-end=\"1530\"><strong data-start=\"1487\" data-end=\"1528\">N\u00e4in leikkaat paksut kynnet helposti:<\/strong><\/h3>\n<p class=\"\" style=\"text-align: center;\" data-start=\"1531\" data-end=\"1925\">1\ufe0f\u20e3 <strong data-start=\"1535\" data-end=\"1544\">Liota<\/strong> paksuja, sienitulehduksesta k\u00e4rsivi\u00e4 tai diabeettisia kynsi\u00e4 l\u00e4mpim\u00e4ss\u00e4 vedess\u00e4 <strong data-start=\"1625\" data-end=\"1643\">5\u201310 minuuttia<\/strong>.<br data-start=\"1644\" data-end=\"1647\" \/>2\ufe0f\u20e3 <strong data-start=\"1651\" data-end=\"1661\">Kuivaa<\/strong> k\u00e4det ja jalat huolellisesti puhtaalla pyyhkeell\u00e4.<br data-start=\"1712\" data-end=\"1715\" \/>3\ufe0f\u20e3 <strong data-start=\"1719\" data-end=\"1752\">Leikkaa kynsi pieniss\u00e4 osissa<\/strong>, jotta se ei halkeile.<br data-start=\"1775\" data-end=\"1778\" \/>4\ufe0f\u20e3 <strong data-start=\"1782\" data-end=\"1818\">Parhaan lopputuloksen saamiseksi<\/strong> noudata n\u00e4it\u00e4 ohjeita tarkasti.<br data-start=\"1850\" data-end=\"1853\" \/>5\ufe0f\u20e3 <strong data-start=\"1857\" data-end=\"1893\">Pid\u00e4 ty\u00f6kalu kuivana ja puhtaana<\/strong>, jotta sen k\u00e4ytt\u00f6ik\u00e4 pitenee.<\/p>\n<h3 class=\"\" style=\"text-align: center;\" data-start=\"1927\" data-end=\"1956\"><strong data-start=\"1931\" data-end=\"1954\">Miksi ostaa meilt\u00e4?<\/strong><\/h3>\n<p class=\"\" style=\"text-align: center;\" data-start=\"1957\" data-end=\"2141\">\u2714 Omistautunut ja yst\u00e4v\u00e4llinen asiakaspalvelu<br data-start=\"2002\" data-end=\"2005\" \/>\u2714 &#8220;Asiakas on aina oikeassa&#8221; -asenne<br data-start=\"2041\" data-end=\"2044\" \/>\u2714 Erinomainen laatu<br data-start=\"2063\" data-end=\"2066\" \/>\u2714 Kilpailukykyiset hinnat<br data-start=\"2091\" data-end=\"2094\" \/>\u2714 <strong data-start=\"2096\" data-end=\"2139\">100% tyytyv\u00e4isyystakuu \u2013 osta huoletta!<\/strong><\/p>\n<p><\/p>","protected":false},"excerpt":{"rendered":"<p><strong data-start=\"81\" data-end=\"120\">Kova japanilainen ruostumaton ter\u00e4s<\/strong><\/p>\n<p>\u2714 <strong data-start=\"251\" data-end=\"296\">Tehokkaasti leikkaa paksuja varpaankynsi\u00e4<\/strong><br data-start=\"296\" data-end=\"299\" data-is-only-node=\"\" \/>\u2714\u00a0<strong data-start=\"301\" data-end=\"357\">Kuukuulaiset ter\u00e4t t\u00e4ydelliseen kynnen leikkaamiseen<\/strong><\/p>\n","protected":false},"featured_media":13920,"template":"","meta":[],"product_brand":[],"product_cat":[715],"product_tag":[],"class_list":{"0":"post-13919","1":"product","2":"type-product","3":"status-publish","4":"has-post-thumbnail","6":"product_cat-kuunetangid","8":"first","9":"instock","10":"taxable","11":"shipping-taxable","12":"purchasable","13":"product-type-simple"},"yoast_head":"<!-- This site is optimized with the Yoast SEO plugin v24.4 - https:\/\/yoast.com\/wordpress\/plugins\/seo\/ -->\n<title>Varpaankynsien\/paksujen kynsien leikkuri, pedikyyrin podologiset pihdit. Kuukuulaiset leikkuuter\u00e4t. 163\/18mm | Valika<\/title>\n<meta name=\"robots\" content=\"index, follow, max-snippet:-1, max-image-preview:large, max-video-preview:-1\" \/>\n<link rel=\"canonical\" href=\"https:\/\/valika.eu\/fi\/toode\/varbakuunte-paksude-kuunte-loikur-pedikuuri-podoloogia-tangid-kuu-kujulised-loiketerad\/\" \/>\n<meta property=\"og:locale\" content=\"fi_FI\" \/>\n<meta property=\"og:type\" content=\"article\" \/>\n<meta property=\"og:title\" content=\"Varpaankynsien\/paksujen kynsien leikkuri, pedikyyrin podologiset pihdit. Kuukuulaiset leikkuuter\u00e4t. 163\/18mm | Valika\" \/>\n<meta property=\"og:description\" content=\"Kova japanilainen ruostumaton ter\u00e4s  \u2714 Tehokkaasti leikkaa paksuja varpaankynsi\u00e4\u2714\u00a0Kuukuulaiset ter\u00e4t t\u00e4ydelliseen kynnen leikkaamiseen\" \/>\n<meta property=\"og:url\" content=\"https:\/\/valika.eu\/fi\/toode\/varbakuunte-paksude-kuunte-loikur-pedikuuri-podoloogia-tangid-kuu-kujulised-loiketerad\/\" \/>\n<meta property=\"og:site_name\" content=\"Valika\" \/>\n<meta property=\"article:publisher\" content=\"https:\/\/www.facebook.com\/tipsi.net\" \/>\n<meta property=\"article:modified_time\" content=\"2025-07-02T02:01:04+00:00\" \/>\n<meta property=\"og:image\" content=\"https:\/\/valika.eu\/wp-content\/uploads\/2025\/04\/kuunetangid_kantilever_poolku.png\" \/>\n\t<meta property=\"og:image:width\" content=\"1000\" \/>\n\t<meta property=\"og:image:height\" content=\"1000\" \/>\n\t<meta property=\"og:image:type\" content=\"image\/png\" \/>\n<meta name=\"twitter:card\" content=\"summary_large_image\" \/>\n<script type=\"application\/ld+json\" class=\"yoast-schema-graph\">{\"@context\":\"https:\/\/schema.org\",\"@graph\":[{\"@type\":\"WebPage\",\"@id\":\"https:\/\/valika.eu\/fi\/toode\/varbakuunte-paksude-kuunte-loikur-pedikuuri-podoloogia-tangid-kuu-kujulised-loiketerad\/\",\"url\":\"https:\/\/valika.eu\/fi\/toode\/varbakuunte-paksude-kuunte-loikur-pedikuuri-podoloogia-tangid-kuu-kujulised-loiketerad\/\",\"name\":\"Varpaankynsien\/paksujen kynsien leikkuri, pedikyyrin podologiset pihdit. Kuukuulaiset leikkuuter\u00e4t. 163\/18mm | Valika\",\"isPartOf\":{\"@id\":\"https:\/\/valika.eu\/fi\/#website\"},\"primaryImageOfPage\":{\"@id\":\"https:\/\/valika.eu\/fi\/toode\/varbakuunte-paksude-kuunte-loikur-pedikuuri-podoloogia-tangid-kuu-kujulised-loiketerad\/#primaryimage\"},\"image\":{\"@id\":\"https:\/\/valika.eu\/toode\/varbakuunte-paksude-kuunte-loikur-pedikuuri-podoloogia-tangid-kuu-kujulised-loiketerad\/#primaryimage\"},\"thumbnailUrl\":\"https:\/\/valika.eu\/wp-content\/uploads\/2025\/04\/kuunetangid_kantilever_poolku.png\",\"datePublished\":\"2025-04-06T09:10:28+00:00\",\"dateModified\":\"2025-07-02T02:01:04+00:00\",\"breadcrumb\":{\"@id\":\"https:\/\/valika.eu\/fi\/toode\/varbakuunte-paksude-kuunte-loikur-pedikuuri-podoloogia-tangid-kuu-kujulised-loiketerad\/#breadcrumb\"},\"inLanguage\":\"fi\",\"potentialAction\":[{\"@type\":\"ReadAction\",\"target\":[[\"https:\/\/valika.eu\/fi\/toode\/varbakuunte-paksude-kuunte-loikur-pedikuuri-podoloogia-tangid-kuu-kujulised-loiketerad\/\"]]}]},{\"@type\":\"ImageObject\",\"inLanguage\":\"fi\",\"@id\":\"https:\/\/valika.eu\/fi\/toode\/varbakuunte-paksude-kuunte-loikur-pedikuuri-podoloogia-tangid-kuu-kujulised-loiketerad\/#primaryimage\",\"url\":\"https:\/\/valika.eu\/wp-content\/uploads\/2025\/04\/kuunetangid_kantilever_poolku.png\",\"contentUrl\":\"https:\/\/valika.eu\/wp-content\/uploads\/2025\/04\/kuunetangid_kantilever_poolku.png\",\"width\":1000,\"height\":1000},{\"@type\":\"BreadcrumbList\",\"@id\":\"https:\/\/valika.eu\/fi\/toode\/varbakuunte-paksude-kuunte-loikur-pedikuuri-podoloogia-tangid-kuu-kujulised-loiketerad\/#breadcrumb\",\"itemListElement\":[{\"@type\":\"ListItem\",\"position\":1,\"name\":\"Koti\",\"item\":\"https:\/\/valika.eu\/fi\/\"},{\"@type\":\"ListItem\",\"position\":2,\"name\":\"Shop\",\"item\":\"https:\/\/valika.eu\/fi\/\"},{\"@type\":\"ListItem\",\"position\":3,\"name\":\"Heavy Duty Toe\/Thick Nail Cutters Nippers Clippers Chiropody Podiatry Cantilever. Moon-Shaped Blades. 163\/18mm\"}]},{\"@type\":\"WebSite\",\"@id\":\"https:\/\/valika.eu\/fi\/#website\",\"url\":\"https:\/\/valika.eu\/fi\/\",\"name\":\"Valika.eu\",\"description\":\"Salonkituotteet ja kauneudenhoitotuotteet - Valika tarjoaa laajan valikoiman tuotteita ja tarvikkeita kynsiteknikoille, kauneushoitoloille, kampaamoille ja kampaamoille.\",\"publisher\":{\"@id\":\"https:\/\/valika.eu\/fi\/#organization\"},\"alternateName\":\"Valika\",\"potentialAction\":[{\"@type\":\"SearchAction\",\"target\":{\"@type\":\"EntryPoint\",\"urlTemplate\":\"https:\/\/valika.eu\/fi\/?s={search_term_string}\"},\"query-input\":{\"@type\":\"PropertyValueSpecification\",\"valueRequired\":true,\"valueName\":\"search_term_string\"}}],\"inLanguage\":\"fi\"},{\"@type\":\"Organization\",\"@id\":\"https:\/\/valika.eu\/fi\/#organization\",\"name\":\"Salongitoode O\u00dc\",\"alternateName\":\"Valika\",\"url\":\"https:\/\/valika.eu\/fi\/\",\"logo\":{\"@type\":\"ImageObject\",\"inLanguage\":\"fi\",\"@id\":\"https:\/\/valika.eu\/fi\/#\/schema\/logo\/image\/\",\"url\":\"https:\/\/valika.eu\/wp-content\/uploads\/2023\/11\/logo2-valika-footer.png\",\"contentUrl\":\"https:\/\/valika.eu\/wp-content\/uploads\/2023\/11\/logo2-valika-footer.png\",\"width\":200,\"height\":129,\"caption\":\"Salongitoode O\u00dc\"},\"image\":{\"@id\":\"https:\/\/valika.eu\/fi\/#\/schema\/logo\/image\/\"},\"sameAs\":[\"https:\/\/www.facebook.com\/tipsi.net\"]}]}<\/script>\n<!-- \/ Yoast SEO plugin. -->","yoast_head_json":{"title":"Varpaankynsien\/paksujen kynsien leikkuri, pedikyyrin podologiset pihdit. Kuukuulaiset leikkuuter\u00e4t. 163\/18mm | Valika","robots":{"index":"index","follow":"follow","max-snippet":"max-snippet:-1","max-image-preview":"max-image-preview:large","max-video-preview":"max-video-preview:-1"},"canonical":"https:\/\/valika.eu\/fi\/toode\/varbakuunte-paksude-kuunte-loikur-pedikuuri-podoloogia-tangid-kuu-kujulised-loiketerad\/","og_locale":"fi_FI","og_type":"article","og_title":"Varpaankynsien\/paksujen kynsien leikkuri, pedikyyrin podologiset pihdit. Kuukuulaiset leikkuuter\u00e4t. 163\/18mm | Valika","og_description":"Kova japanilainen ruostumaton ter\u00e4s  \u2714 Tehokkaasti leikkaa paksuja varpaankynsi\u00e4\u2714\u00a0Kuukuulaiset ter\u00e4t t\u00e4ydelliseen kynnen leikkaamiseen","og_url":"https:\/\/valika.eu\/fi\/toode\/varbakuunte-paksude-kuunte-loikur-pedikuuri-podoloogia-tangid-kuu-kujulised-loiketerad\/","og_site_name":"Valika","article_publisher":"https:\/\/www.facebook.com\/tipsi.net","article_modified_time":"2025-07-02T02:01:04+00:00","og_image":[{"width":1000,"height":1000,"url":"https:\/\/valika.eu\/wp-content\/uploads\/2025\/04\/kuunetangid_kantilever_poolku.png","type":"image\/png"}],"twitter_card":"summary_large_image","schema":{"@context":"https:\/\/schema.org","@graph":[{"@type":"WebPage","@id":"https:\/\/valika.eu\/fi\/toode\/varbakuunte-paksude-kuunte-loikur-pedikuuri-podoloogia-tangid-kuu-kujulised-loiketerad\/","url":"https:\/\/valika.eu\/fi\/toode\/varbakuunte-paksude-kuunte-loikur-pedikuuri-podoloogia-tangid-kuu-kujulised-loiketerad\/","name":"Varpaankynsien\/paksujen kynsien leikkuri, pedikyyrin podologiset pihdit. Kuukuulaiset leikkuuter\u00e4t. 163\/18mm | Valika","isPartOf":{"@id":"https:\/\/valika.eu\/fi\/#website"},"primaryImageOfPage":{"@id":"https:\/\/valika.eu\/fi\/toode\/varbakuunte-paksude-kuunte-loikur-pedikuuri-podoloogia-tangid-kuu-kujulised-loiketerad\/#primaryimage"},"image":{"@id":"https:\/\/valika.eu\/toode\/varbakuunte-paksude-kuunte-loikur-pedikuuri-podoloogia-tangid-kuu-kujulised-loiketerad\/#primaryimage"},"thumbnailUrl":"https:\/\/valika.eu\/wp-content\/uploads\/2025\/04\/kuunetangid_kantilever_poolku.png","datePublished":"2025-04-06T09:10:28+00:00","dateModified":"2025-07-02T02:01:04+00:00","breadcrumb":{"@id":"https:\/\/valika.eu\/fi\/toode\/varbakuunte-paksude-kuunte-loikur-pedikuuri-podoloogia-tangid-kuu-kujulised-loiketerad\/#breadcrumb"},"inLanguage":"fi","potentialAction":[{"@type":"ReadAction","target":[["https:\/\/valika.eu\/fi\/toode\/varbakuunte-paksude-kuunte-loikur-pedikuuri-podoloogia-tangid-kuu-kujulised-loiketerad\/"]]}]},{"@type":"ImageObject","inLanguage":"fi","@id":"https:\/\/valika.eu\/fi\/toode\/varbakuunte-paksude-kuunte-loikur-pedikuuri-podoloogia-tangid-kuu-kujulised-loiketerad\/#primaryimage","url":"https:\/\/valika.eu\/wp-content\/uploads\/2025\/04\/kuunetangid_kantilever_poolku.png","contentUrl":"https:\/\/valika.eu\/wp-content\/uploads\/2025\/04\/kuunetangid_kantilever_poolku.png","width":1000,"height":1000},{"@type":"BreadcrumbList","@id":"https:\/\/valika.eu\/fi\/toode\/varbakuunte-paksude-kuunte-loikur-pedikuuri-podoloogia-tangid-kuu-kujulised-loiketerad\/#breadcrumb","itemListElement":[{"@type":"ListItem","position":1,"name":"Koti","item":"https:\/\/valika.eu\/fi\/"},{"@type":"ListItem","position":2,"name":"Shop","item":"https:\/\/valika.eu\/fi\/"},{"@type":"ListItem","position":3,"name":"Heavy Duty Toe\/Thick Nail Cutters Nippers Clippers Chiropody Podiatry Cantilever. Moon-Shaped Blades. 163\/18mm"}]},{"@type":"WebSite","@id":"https:\/\/valika.eu\/fi\/#website","url":"https:\/\/valika.eu\/fi\/","name":"Valika.eu","description":"Salonkituotteet ja kauneudenhoitotuotteet - Valika tarjoaa laajan valikoiman tuotteita ja tarvikkeita kynsiteknikoille, kauneushoitoloille, kampaamoille ja kampaamoille.","publisher":{"@id":"https:\/\/valika.eu\/fi\/#organization"},"alternateName":"Valika","potentialAction":[{"@type":"SearchAction","target":{"@type":"EntryPoint","urlTemplate":"https:\/\/valika.eu\/fi\/?s={search_term_string}"},"query-input":{"@type":"PropertyValueSpecification","valueRequired":true,"valueName":"search_term_string"}}],"inLanguage":"fi"},{"@type":"Organization","@id":"https:\/\/valika.eu\/fi\/#organization","name":"Salongitoode O\u00dc","alternateName":"Valika","url":"https:\/\/valika.eu\/fi\/","logo":{"@type":"ImageObject","inLanguage":"fi","@id":"https:\/\/valika.eu\/fi\/#\/schema\/logo\/image\/","url":"https:\/\/valika.eu\/wp-content\/uploads\/2023\/11\/logo2-valika-footer.png","contentUrl":"https:\/\/valika.eu\/wp-content\/uploads\/2023\/11\/logo2-valika-footer.png","width":200,"height":129,"caption":"Salongitoode O\u00dc"},"image":{"@id":"https:\/\/valika.eu\/fi\/#\/schema\/logo\/image\/"},"sameAs":["https:\/\/www.facebook.com\/tipsi.net"]}]}},"jetpack_sharing_enabled":true,"_links":{"self":[{"href":"https:\/\/valika.eu\/fi\/wp-json\/wp\/v2\/product\/13919","targetHints":{"allow":["GET"]}}],"collection":[{"href":"https:\/\/valika.eu\/fi\/wp-json\/wp\/v2\/product"}],"about":[{"href":"https:\/\/valika.eu\/fi\/wp-json\/wp\/v2\/types\/product"}],"wp:featuredmedia":[{"embeddable":true,"href":"https:\/\/valika.eu\/fi\/wp-json\/wp\/v2\/media\/13920"}],"wp:attachment":[{"href":"https:\/\/valika.eu\/fi\/wp-json\/wp\/v2\/media?parent=13919"}],"wp:term":[{"taxonomy":"product_brand","embeddable":true,"href":"https:\/\/valika.eu\/fi\/wp-json\/wp\/v2\/product_brand?post=13919"},{"taxonomy":"product_cat","embeddable":true,"href":"https:\/\/valika.eu\/fi\/wp-json\/wp\/v2\/product_cat?post=13919"},{"taxonomy":"product_tag","embeddable":true,"href":"https:\/\/valika.eu\/fi\/wp-json\/wp\/v2\/product_tag?post=13919"}],"curies":[{"name":"wp","href":"https:\/\/api.w.org\/{rel}","templated":true}]}}