{"id":13922,"date":"2025-04-06T13:20:49","date_gmt":"2025-04-06T10:20:49","guid":{"rendered":"https:\/\/valika.eu\/?post_type=product&#038;p=13922"},"modified":"2025-07-02T05:01:04","modified_gmt":"2025-07-02T02:01:04","slug":"tugevdatud-varbakuunte-loikurid-umarate-teradega","status":"publish","type":"product","link":"https:\/\/valika.eu\/fi\/toode\/tugevdatud-varbakuunte-loikurid-umarate-teradega\/","title":{"rendered":"Vahvistetut varpaankynsileikkurit py\u00f6ristetyill\u00e4 terill\u00e4 138\/18mm"},"content":{"rendered":"<p><\/p>\n<h3 style=\"text-align: center;\" data-start=\"1556\" data-end=\"1683\">Valmistettu Pakistanissa korkealaatuisesta ter\u00e4ksest\u00e4.<\/h3>\n<p class=\"\" data-start=\"1556\" data-end=\"1683\"><strong data-start=\"1556\" data-end=\"1683\">Vahvistetut kynsileikkurit paksuille varpaankynsille \u2013 ihanteelliset ammattilaisille jalkaterapeuteille ja jalkahoitajille.<\/strong><\/p>\n<p class=\"\" data-start=\"1710\" data-end=\"2300\"><strong data-start=\"1710\" data-end=\"1721\">KUVAUS:<\/strong><br data-start=\"1721\" data-end=\"1724\" \/>Helposti puhdistettavat, ammattilaislaadun ja korroosionkest\u00e4v\u00e4t leikkurit<br data-start=\"1798\" data-end=\"1801\" \/>Valmistettu korkealaatuisesta japanilaisesta ruostumattomasta ter\u00e4ksest\u00e4<br data-start=\"1873\" data-end=\"1876\" \/>Auttaa pit\u00e4m\u00e4\u00e4n k\u00e4si- ja jalkakynnet siistin\u00e4<br data-start=\"1921\" data-end=\"1924\" \/>Hieman py\u00f6ristetyt ter\u00e4v\u00e4t ter\u00e4t leikkaavat helposti jopa paksuimmat kynnet<br data-start=\"1999\" data-end=\"2002\" \/>Sopii paksujen k\u00e4si- ja jalkakynsien leikkaamiseen<br data-start=\"2052\" data-end=\"2055\" \/>Sarana-\/jousimekanismi<br data-start=\"2077\" data-end=\"2080\" \/>Kevyt ja helposti mukana kuljetettava<br data-start=\"2117\" data-end=\"2120\" \/>K\u00e4yt\u00f6ss\u00e4 ammattilaisilla ymp\u00e4ri maailmaa<br data-start=\"2160\" data-end=\"2163\" \/>Sopii kaikentyyppisille kynsille \u2013 paksuille, koville ja sienikynsille<br data-start=\"2233\" data-end=\"2236\" \/>T\u00e4ysin autoklavoitava (steriloitava)<br data-start=\"2272\" data-end=\"2275\" \/>Kest\u00e4v\u00e4 ja pitk\u00e4ik\u00e4inen<\/p>\n<p><\/p>","protected":false},"excerpt":{"rendered":"<p>Valmistettu Pakistanissa korkealaatuisesta ter\u00e4ksest\u00e4. Vahvistetut kynsileikkurit paksuille varpaankynsille \u2013 ihanteelliset ammattilaisille jalkaterapeuteille ja jalkahoitajille. KUVAUS:Helposti puhdistettavat, ammattilaislaadun ja korroosionkest\u00e4v\u00e4t leikkuritValmistettu<\/p>\n","protected":false},"featured_media":13923,"template":"","meta":[],"product_brand":[],"product_cat":[715],"product_tag":[],"class_list":{"0":"post-13922","1":"product","2":"type-product","3":"status-publish","4":"has-post-thumbnail","6":"product_cat-kuunetangid","8":"first","9":"instock","10":"taxable","11":"shipping-taxable","12":"purchasable","13":"product-type-simple"},"yoast_head":"<!-- This site is optimized with the Yoast SEO plugin v24.4 - https:\/\/yoast.com\/wordpress\/plugins\/seo\/ -->\n<title>Vahvistetut varpaankynsileikkurit py\u00f6ristetyill\u00e4 terill\u00e4 138\/18mm | Valika<\/title>\n<meta name=\"robots\" content=\"index, follow, max-snippet:-1, max-image-preview:large, max-video-preview:-1\" \/>\n<link rel=\"canonical\" href=\"https:\/\/valika.eu\/fi\/toode\/tugevdatud-varbakuunte-loikurid-umarate-teradega\/\" \/>\n<meta property=\"og:locale\" content=\"fi_FI\" \/>\n<meta property=\"og:type\" content=\"article\" \/>\n<meta property=\"og:title\" content=\"Vahvistetut varpaankynsileikkurit py\u00f6ristetyill\u00e4 terill\u00e4 138\/18mm | Valika\" \/>\n<meta property=\"og:description\" content=\"Valmistettu Pakistanissa korkealaatuisesta ter\u00e4ksest\u00e4. Vahvistetut kynsileikkurit paksuille varpaankynsille \u2013 ihanteelliset ammattilaisille jalkaterapeuteille ja jalkahoitajille. KUVAUS:Helposti puhdistettavat, ammattilaislaadun ja korroosionkest\u00e4v\u00e4t leikkuritValmistettu\" \/>\n<meta property=\"og:url\" content=\"https:\/\/valika.eu\/fi\/toode\/tugevdatud-varbakuunte-loikurid-umarate-teradega\/\" \/>\n<meta property=\"og:site_name\" content=\"Valika\" \/>\n<meta property=\"article:publisher\" content=\"https:\/\/www.facebook.com\/tipsi.net\" \/>\n<meta property=\"article:modified_time\" content=\"2025-07-02T02:01:04+00:00\" \/>\n<meta property=\"og:image\" content=\"https:\/\/valika.eu\/wp-content\/uploads\/2025\/04\/kumer_tera.png\" \/>\n\t<meta property=\"og:image:width\" content=\"1000\" \/>\n\t<meta property=\"og:image:height\" content=\"1000\" \/>\n\t<meta property=\"og:image:type\" content=\"image\/png\" \/>\n<meta name=\"twitter:card\" content=\"summary_large_image\" \/>\n<script type=\"application\/ld+json\" class=\"yoast-schema-graph\">{\"@context\":\"https:\/\/schema.org\",\"@graph\":[{\"@type\":\"WebPage\",\"@id\":\"https:\/\/valika.eu\/fi\/toode\/tugevdatud-varbakuunte-loikurid-umarate-teradega\/\",\"url\":\"https:\/\/valika.eu\/fi\/toode\/tugevdatud-varbakuunte-loikurid-umarate-teradega\/\",\"name\":\"Vahvistetut varpaankynsileikkurit py\u00f6ristetyill\u00e4 terill\u00e4 138\/18mm | Valika\",\"isPartOf\":{\"@id\":\"https:\/\/valika.eu\/fi\/#website\"},\"primaryImageOfPage\":{\"@id\":\"https:\/\/valika.eu\/fi\/toode\/tugevdatud-varbakuunte-loikurid-umarate-teradega\/#primaryimage\"},\"image\":{\"@id\":\"https:\/\/valika.eu\/toode\/tugevdatud-varbakuunte-loikurid-umarate-teradega\/#primaryimage\"},\"thumbnailUrl\":\"https:\/\/valika.eu\/wp-content\/uploads\/2025\/04\/kumer_tera.png\",\"datePublished\":\"2025-04-06T10:20:49+00:00\",\"dateModified\":\"2025-07-02T02:01:04+00:00\",\"breadcrumb\":{\"@id\":\"https:\/\/valika.eu\/fi\/toode\/tugevdatud-varbakuunte-loikurid-umarate-teradega\/#breadcrumb\"},\"inLanguage\":\"fi\",\"potentialAction\":[{\"@type\":\"ReadAction\",\"target\":[[\"https:\/\/valika.eu\/fi\/toode\/tugevdatud-varbakuunte-loikurid-umarate-teradega\/\"]]}]},{\"@type\":\"ImageObject\",\"inLanguage\":\"fi\",\"@id\":\"https:\/\/valika.eu\/fi\/toode\/tugevdatud-varbakuunte-loikurid-umarate-teradega\/#primaryimage\",\"url\":\"https:\/\/valika.eu\/wp-content\/uploads\/2025\/04\/kumer_tera.png\",\"contentUrl\":\"https:\/\/valika.eu\/wp-content\/uploads\/2025\/04\/kumer_tera.png\",\"width\":1000,\"height\":1000},{\"@type\":\"BreadcrumbList\",\"@id\":\"https:\/\/valika.eu\/fi\/toode\/tugevdatud-varbakuunte-loikurid-umarate-teradega\/#breadcrumb\",\"itemListElement\":[{\"@type\":\"ListItem\",\"position\":1,\"name\":\"Koti\",\"item\":\"https:\/\/valika.eu\/fi\/\"},{\"@type\":\"ListItem\",\"position\":2,\"name\":\"Shop\",\"item\":\"https:\/\/valika.eu\/fi\/\"},{\"@type\":\"ListItem\",\"position\":3,\"name\":\"Reinforced toenail clippers with rounded blades 138\/18mm\"}]},{\"@type\":\"WebSite\",\"@id\":\"https:\/\/valika.eu\/fi\/#website\",\"url\":\"https:\/\/valika.eu\/fi\/\",\"name\":\"Valika.eu\",\"description\":\"Salonkituotteet ja kauneudenhoitotuotteet - Valika tarjoaa laajan valikoiman tuotteita ja tarvikkeita kynsiteknikoille, kauneushoitoloille, kampaamoille ja kampaamoille.\",\"publisher\":{\"@id\":\"https:\/\/valika.eu\/fi\/#organization\"},\"alternateName\":\"Valika\",\"potentialAction\":[{\"@type\":\"SearchAction\",\"target\":{\"@type\":\"EntryPoint\",\"urlTemplate\":\"https:\/\/valika.eu\/fi\/?s={search_term_string}\"},\"query-input\":{\"@type\":\"PropertyValueSpecification\",\"valueRequired\":true,\"valueName\":\"search_term_string\"}}],\"inLanguage\":\"fi\"},{\"@type\":\"Organization\",\"@id\":\"https:\/\/valika.eu\/fi\/#organization\",\"name\":\"Salongitoode O\u00dc\",\"alternateName\":\"Valika\",\"url\":\"https:\/\/valika.eu\/fi\/\",\"logo\":{\"@type\":\"ImageObject\",\"inLanguage\":\"fi\",\"@id\":\"https:\/\/valika.eu\/fi\/#\/schema\/logo\/image\/\",\"url\":\"https:\/\/valika.eu\/wp-content\/uploads\/2023\/11\/logo2-valika-footer.png\",\"contentUrl\":\"https:\/\/valika.eu\/wp-content\/uploads\/2023\/11\/logo2-valika-footer.png\",\"width\":200,\"height\":129,\"caption\":\"Salongitoode O\u00dc\"},\"image\":{\"@id\":\"https:\/\/valika.eu\/fi\/#\/schema\/logo\/image\/\"},\"sameAs\":[\"https:\/\/www.facebook.com\/tipsi.net\"]}]}<\/script>\n<!-- \/ Yoast SEO plugin. -->","yoast_head_json":{"title":"Vahvistetut varpaankynsileikkurit py\u00f6ristetyill\u00e4 terill\u00e4 138\/18mm | Valika","robots":{"index":"index","follow":"follow","max-snippet":"max-snippet:-1","max-image-preview":"max-image-preview:large","max-video-preview":"max-video-preview:-1"},"canonical":"https:\/\/valika.eu\/fi\/toode\/tugevdatud-varbakuunte-loikurid-umarate-teradega\/","og_locale":"fi_FI","og_type":"article","og_title":"Vahvistetut varpaankynsileikkurit py\u00f6ristetyill\u00e4 terill\u00e4 138\/18mm | Valika","og_description":"Valmistettu Pakistanissa korkealaatuisesta ter\u00e4ksest\u00e4. Vahvistetut kynsileikkurit paksuille varpaankynsille \u2013 ihanteelliset ammattilaisille jalkaterapeuteille ja jalkahoitajille. KUVAUS:Helposti puhdistettavat, ammattilaislaadun ja korroosionkest\u00e4v\u00e4t leikkuritValmistettu","og_url":"https:\/\/valika.eu\/fi\/toode\/tugevdatud-varbakuunte-loikurid-umarate-teradega\/","og_site_name":"Valika","article_publisher":"https:\/\/www.facebook.com\/tipsi.net","article_modified_time":"2025-07-02T02:01:04+00:00","og_image":[{"width":1000,"height":1000,"url":"https:\/\/valika.eu\/wp-content\/uploads\/2025\/04\/kumer_tera.png","type":"image\/png"}],"twitter_card":"summary_large_image","schema":{"@context":"https:\/\/schema.org","@graph":[{"@type":"WebPage","@id":"https:\/\/valika.eu\/fi\/toode\/tugevdatud-varbakuunte-loikurid-umarate-teradega\/","url":"https:\/\/valika.eu\/fi\/toode\/tugevdatud-varbakuunte-loikurid-umarate-teradega\/","name":"Vahvistetut varpaankynsileikkurit py\u00f6ristetyill\u00e4 terill\u00e4 138\/18mm | Valika","isPartOf":{"@id":"https:\/\/valika.eu\/fi\/#website"},"primaryImageOfPage":{"@id":"https:\/\/valika.eu\/fi\/toode\/tugevdatud-varbakuunte-loikurid-umarate-teradega\/#primaryimage"},"image":{"@id":"https:\/\/valika.eu\/toode\/tugevdatud-varbakuunte-loikurid-umarate-teradega\/#primaryimage"},"thumbnailUrl":"https:\/\/valika.eu\/wp-content\/uploads\/2025\/04\/kumer_tera.png","datePublished":"2025-04-06T10:20:49+00:00","dateModified":"2025-07-02T02:01:04+00:00","breadcrumb":{"@id":"https:\/\/valika.eu\/fi\/toode\/tugevdatud-varbakuunte-loikurid-umarate-teradega\/#breadcrumb"},"inLanguage":"fi","potentialAction":[{"@type":"ReadAction","target":[["https:\/\/valika.eu\/fi\/toode\/tugevdatud-varbakuunte-loikurid-umarate-teradega\/"]]}]},{"@type":"ImageObject","inLanguage":"fi","@id":"https:\/\/valika.eu\/fi\/toode\/tugevdatud-varbakuunte-loikurid-umarate-teradega\/#primaryimage","url":"https:\/\/valika.eu\/wp-content\/uploads\/2025\/04\/kumer_tera.png","contentUrl":"https:\/\/valika.eu\/wp-content\/uploads\/2025\/04\/kumer_tera.png","width":1000,"height":1000},{"@type":"BreadcrumbList","@id":"https:\/\/valika.eu\/fi\/toode\/tugevdatud-varbakuunte-loikurid-umarate-teradega\/#breadcrumb","itemListElement":[{"@type":"ListItem","position":1,"name":"Koti","item":"https:\/\/valika.eu\/fi\/"},{"@type":"ListItem","position":2,"name":"Shop","item":"https:\/\/valika.eu\/fi\/"},{"@type":"ListItem","position":3,"name":"Reinforced toenail clippers with rounded blades 138\/18mm"}]},{"@type":"WebSite","@id":"https:\/\/valika.eu\/fi\/#website","url":"https:\/\/valika.eu\/fi\/","name":"Valika.eu","description":"Salonkituotteet ja kauneudenhoitotuotteet - Valika tarjoaa laajan valikoiman tuotteita ja tarvikkeita kynsiteknikoille, kauneushoitoloille, kampaamoille ja kampaamoille.","publisher":{"@id":"https:\/\/valika.eu\/fi\/#organization"},"alternateName":"Valika","potentialAction":[{"@type":"SearchAction","target":{"@type":"EntryPoint","urlTemplate":"https:\/\/valika.eu\/fi\/?s={search_term_string}"},"query-input":{"@type":"PropertyValueSpecification","valueRequired":true,"valueName":"search_term_string"}}],"inLanguage":"fi"},{"@type":"Organization","@id":"https:\/\/valika.eu\/fi\/#organization","name":"Salongitoode O\u00dc","alternateName":"Valika","url":"https:\/\/valika.eu\/fi\/","logo":{"@type":"ImageObject","inLanguage":"fi","@id":"https:\/\/valika.eu\/fi\/#\/schema\/logo\/image\/","url":"https:\/\/valika.eu\/wp-content\/uploads\/2023\/11\/logo2-valika-footer.png","contentUrl":"https:\/\/valika.eu\/wp-content\/uploads\/2023\/11\/logo2-valika-footer.png","width":200,"height":129,"caption":"Salongitoode O\u00dc"},"image":{"@id":"https:\/\/valika.eu\/fi\/#\/schema\/logo\/image\/"},"sameAs":["https:\/\/www.facebook.com\/tipsi.net"]}]}},"jetpack_sharing_enabled":true,"_links":{"self":[{"href":"https:\/\/valika.eu\/fi\/wp-json\/wp\/v2\/product\/13922","targetHints":{"allow":["GET"]}}],"collection":[{"href":"https:\/\/valika.eu\/fi\/wp-json\/wp\/v2\/product"}],"about":[{"href":"https:\/\/valika.eu\/fi\/wp-json\/wp\/v2\/types\/product"}],"wp:featuredmedia":[{"embeddable":true,"href":"https:\/\/valika.eu\/fi\/wp-json\/wp\/v2\/media\/13923"}],"wp:attachment":[{"href":"https:\/\/valika.eu\/fi\/wp-json\/wp\/v2\/media?parent=13922"}],"wp:term":[{"taxonomy":"product_brand","embeddable":true,"href":"https:\/\/valika.eu\/fi\/wp-json\/wp\/v2\/product_brand?post=13922"},{"taxonomy":"product_cat","embeddable":true,"href":"https:\/\/valika.eu\/fi\/wp-json\/wp\/v2\/product_cat?post=13922"},{"taxonomy":"product_tag","embeddable":true,"href":"https:\/\/valika.eu\/fi\/wp-json\/wp\/v2\/product_tag?post=13922"}],"curies":[{"name":"wp","href":"https:\/\/api.w.org\/{rel}","templated":true}]}}