{"id":13957,"date":"2025-04-07T13:29:01","date_gmt":"2025-04-07T10:29:01","guid":{"rendered":"https:\/\/valika.eu\/?post_type=product&#038;p=13957"},"modified":"2025-07-02T05:01:04","modified_gmt":"2025-07-02T02:01:04","slug":"tangid-paksudele-sissekasvanud-ja-seenhaigusega-kuuntele-kuu-kujulised-loiketerad-130-17mm","status":"publish","type":"product","link":"https:\/\/valika.eu\/fi\/toode\/tangid-paksudele-sissekasvanud-ja-seenhaigusega-kuuntele-kuu-kujulised-loiketerad-130-17mm\/","title":{"rendered":"Kynsileikkurit paksuille, sis\u00e4\u00e4nkasvaneille ja sienitautisille kynsille. Kuukuulaiset leikkuuter\u00e4t.130\/17mm"},"content":{"rendered":"<p><\/p>\n<article class=\"text-token-text-primary w-full\" dir=\"auto\" data-testid=\"conversation-turn-34\" data-scroll-anchor=\"true\">\n<div class=\"text-base my-auto mx-auto py-5 px-6\">\n<div class=\"mx-auto flex flex-1 text-base gap-4 md:gap-5 lg:gap-6 md:max-w-3xl lg:max-w-[40rem] xl:max-w-[48rem] group\/turn-messages focus-visible:outline-hidden\" tabindex=\"-1\">\n<div class=\"group\/conversation-turn relative flex w-full min-w-0 flex-col agent-turn @xs\/thread:px-0 @sm\/thread:px-1.5 @md\/thread:px-4\">\n<div class=\"relative flex-col gap-1 md:gap-3\">\n<div class=\"flex max-w-full flex-col grow\">\n<div class=\"min-h-8 text-message relative flex w-full flex-col items-end gap-2 text-start break-words whitespace-normal [.text-message+&amp;]:mt-5\" dir=\"auto\" data-message-author-role=\"assistant\" data-message-id=\"e720afa1-8ac7-4247-8bc3-ae2c0f1fe49a\" data-message-model-slug=\"gpt-4o-mini\">\n<div class=\"flex w-full flex-col gap-1 empty:hidden first:pt-[3px]\">\n<div class=\"markdown prose dark:prose-invert w-full break-words light\">\n<h3 style=\"text-align: center;\" data-start=\"17\" data-end=\"74\">Valmistettu Pakistanissa korkealaatuisesta ter\u00e4ksest\u00e4.<\/h3>\n<p class=\"\" style=\"text-align: center;\" data-start=\"0\" data-end=\"112\"><strong data-start=\"15\" data-end=\"110\">Varpaankynsien leikkurit podologia paksuille, sis\u00e4\u00e4nkasvaneille ja sienitautisille kynsille<\/strong><\/p>\n<p class=\"\" style=\"text-align: center;\" data-start=\"114\" data-end=\"142\"><strong data-start=\"114\" data-end=\"140\">100% tyytyv\u00e4isyystakuu<\/strong><\/p>\n<h3 class=\"\" style=\"text-align: center;\" data-start=\"144\" data-end=\"161\"><strong data-start=\"148\" data-end=\"159\">KUVAUS:<\/strong><\/h3>\n<p class=\"\" style=\"text-align: center;\" data-start=\"162\" data-end=\"856\">\u2714 <strong data-start=\"164\" data-end=\"201\">Kynsileikkurit vaikeille kynsille<\/strong><br data-start=\"201\" data-end=\"204\" \/>\u2714 <strong data-start=\"206\" data-end=\"246\">Eritt\u00e4in ter\u00e4v\u00e4t leve\u00e4t leikkuuter\u00e4t<\/strong><br data-start=\"246\" data-end=\"249\" \/>\u2714 <strong data-start=\"251\" data-end=\"296\">Tehokkaasti leikkaa paksuja varpaankynsi\u00e4<\/strong><br data-start=\"296\" data-end=\"299\" data-is-only-node=\"\" \/>\u2714 <strong data-start=\"301\" data-end=\"357\">Kuukuulaiset ter\u00e4t t\u00e4ydelliseen kynnen leikkaamiseen<\/strong><br data-start=\"357\" data-end=\"360\" \/>\u2714 <strong data-start=\"362\" data-end=\"396\">Kaksinkertainen jousimekanismi<\/strong><br data-start=\"396\" data-end=\"399\" \/>\u2714 <strong data-start=\"401\" data-end=\"453\">Lukittava turvallisuusmekanismi, kun ei k\u00e4yt\u00f6ss\u00e4<\/strong><br data-start=\"453\" data-end=\"456\" \/>\u2714 <strong data-start=\"458\" data-end=\"509\">Sis\u00e4\u00e4nkasvaneet kynnet voidaan leikata helposti<\/strong><br data-start=\"509\" data-end=\"512\" \/>\u2714 <strong data-start=\"514\" data-end=\"572\">Autoklaavitettava mekanismi tehokkaaseen leikkaamiseen<\/strong><br data-start=\"572\" data-end=\"575\" \/>\u2714 <strong data-start=\"577\" data-end=\"628\">Kahvassa suunnittelu paremman otteen saamiseksi<\/strong><br data-start=\"628\" data-end=\"631\" \/>\u2714 <strong data-start=\"633\" data-end=\"694\">Tehokkaat ter\u00e4t, jotka leikkaavat paksuja kynsi\u00e4 helposti<\/strong><br data-start=\"694\" data-end=\"697\" \/>\u2714 <strong data-start=\"699\" data-end=\"754\">T\u00e4ydellinen sis\u00e4\u00e4nkasvaneiden kynsien leikkaamiseen<\/strong><br data-start=\"754\" data-end=\"757\" \/>\u2714 <strong data-start=\"759\" data-end=\"817\">Erinomainen podologeille ja henkil\u00f6kohtaiseen k\u00e4ytt\u00f6\u00f6n<\/strong><br data-start=\"817\" data-end=\"820\" \/>\u2714 <strong data-start=\"822\" data-end=\"854\">Ty\u00f6n takuu koko elini\u00e4n ajan<\/strong><\/p>\n<h3 class=\"\" style=\"text-align: center;\" data-start=\"858\" data-end=\"884\"><strong data-start=\"862\" data-end=\"882\">P\u00c4\u00c4OMINAISUUDET:<\/strong><\/h3>\n<p class=\"\" style=\"text-align: center;\" data-start=\"885\" data-end=\"1326\">\u2714 <strong data-start=\"887\" data-end=\"910\">Ammattimainen laatu<\/strong><br data-start=\"910\" data-end=\"913\" \/>\u2714 <strong data-start=\"915\" data-end=\"936\">Puolen kuun reuna<\/strong><br data-start=\"936\" data-end=\"939\" \/>\u2714 <strong data-start=\"941\" data-end=\"967\">3,5 tuuman pitk\u00e4 kahva<\/strong><br data-start=\"967\" data-end=\"970\" data-is-only-node=\"\" \/>\u2714 <strong data-start=\"972\" data-end=\"992\">Liukumaton kahva<\/strong><br data-start=\"992\" data-end=\"995\" \/>\u2714 <strong data-start=\"997\" data-end=\"1021\">Ter\u00e4v\u00e4t leikkuuter\u00e4t<\/strong><br data-start=\"1021\" data-end=\"1024\" \/>\u2714 <strong data-start=\"1026\" data-end=\"1060\">Kaksinkertainen jousimekanismi<\/strong><br data-start=\"1060\" data-end=\"1063\" \/>\u2714 <strong data-start=\"1065\" data-end=\"1088\">Kevyt ja kannettava<\/strong><br data-start=\"1088\" data-end=\"1091\" \/>\u2714 <strong data-start=\"1093\" data-end=\"1138\">Leikkaa kuivia ja paksuja kynsi\u00e4 helposti<\/strong><br data-start=\"1138\" data-end=\"1141\" \/>\u2714 <strong data-start=\"1143\" data-end=\"1173\">Leikkaa ja siisti kynsi\u00e4si<\/strong><br data-start=\"1173\" data-end=\"1176\" \/>\u2714 <strong data-start=\"1178\" data-end=\"1221\">Joustava leikkaus kulmissa ja reunoissa<\/strong><br data-start=\"1221\" data-end=\"1224\" \/>\u2714 <strong data-start=\"1226\" data-end=\"1266\">Toimii sormien ja varpaiden kynsille<\/strong><br data-start=\"1266\" data-end=\"1269\" \/>\u2714 <strong data-start=\"1271\" data-end=\"1324\">T\u00e4ydellinen kotona tai matkustaessa k\u00e4ytett\u00e4v\u00e4ksi<\/strong><\/p>\n<\/div>\n<\/div>\n<\/div>\n<\/div>\n<div class=\"mt-3 w-full empty:hidden\">\n<div class=\"text-center\"><\/div>\n<\/div>\n<\/div>\n<div class=\"absolute\">\n<div class=\"flex items-center justify-center\"><\/div>\n<\/div>\n<\/div>\n<\/div>\n<\/div>\n<\/article>\n<div class=\"pointer-events-none h-px w-px\" aria-hidden=\"true\" data-edge=\"true\"><\/div>\n<p><\/p>","protected":false},"excerpt":{"rendered":"<p><strong data-start=\"81\" data-end=\"120\">Kova japanilainen ruostumaton ter\u00e4s<\/strong><\/p>\n","protected":false},"featured_media":13959,"template":"","meta":[],"product_brand":[],"product_cat":[715],"product_tag":[],"class_list":{"0":"post-13957","1":"product","2":"type-product","3":"status-publish","4":"has-post-thumbnail","6":"product_cat-kuunetangid","8":"first","9":"instock","10":"taxable","11":"shipping-taxable","12":"purchasable","13":"product-type-simple"},"yoast_head":"<!-- This site is optimized with the Yoast SEO plugin v24.4 - https:\/\/yoast.com\/wordpress\/plugins\/seo\/ -->\n<title>Kynsileikkurit paksuille, sis\u00e4\u00e4nkasvaneille ja sienitautisille kynsille. Kuukuulaiset leikkuuter\u00e4t.130\/17mm | Valika<\/title>\n<meta name=\"robots\" content=\"index, follow, max-snippet:-1, max-image-preview:large, max-video-preview:-1\" \/>\n<link rel=\"canonical\" href=\"https:\/\/valika.eu\/fi\/toode\/tangid-paksudele-sissekasvanud-ja-seenhaigusega-kuuntele-kuu-kujulised-loiketerad-130-17mm\/\" \/>\n<meta property=\"og:locale\" content=\"fi_FI\" \/>\n<meta property=\"og:type\" content=\"article\" \/>\n<meta property=\"og:title\" content=\"Kynsileikkurit paksuille, sis\u00e4\u00e4nkasvaneille ja sienitautisille kynsille. Kuukuulaiset leikkuuter\u00e4t.130\/17mm | Valika\" \/>\n<meta property=\"og:description\" content=\"Kova japanilainen ruostumaton ter\u00e4s\" \/>\n<meta property=\"og:url\" content=\"https:\/\/valika.eu\/fi\/toode\/tangid-paksudele-sissekasvanud-ja-seenhaigusega-kuuntele-kuu-kujulised-loiketerad-130-17mm\/\" \/>\n<meta property=\"og:site_name\" content=\"Valika\" \/>\n<meta property=\"article:publisher\" content=\"https:\/\/www.facebook.com\/tipsi.net\" \/>\n<meta property=\"article:modified_time\" content=\"2025-07-02T02:01:04+00:00\" \/>\n<meta property=\"og:image\" content=\"https:\/\/valika.eu\/wp-content\/uploads\/2025\/04\/IMG_8588.png\" \/>\n\t<meta property=\"og:image:width\" content=\"1080\" \/>\n\t<meta property=\"og:image:height\" content=\"1080\" \/>\n\t<meta property=\"og:image:type\" content=\"image\/png\" \/>\n<meta name=\"twitter:card\" content=\"summary_large_image\" \/>\n<script type=\"application\/ld+json\" class=\"yoast-schema-graph\">{\"@context\":\"https:\/\/schema.org\",\"@graph\":[{\"@type\":\"WebPage\",\"@id\":\"https:\/\/valika.eu\/fi\/toode\/tangid-paksudele-sissekasvanud-ja-seenhaigusega-kuuntele-kuu-kujulised-loiketerad-130-17mm\/\",\"url\":\"https:\/\/valika.eu\/fi\/toode\/tangid-paksudele-sissekasvanud-ja-seenhaigusega-kuuntele-kuu-kujulised-loiketerad-130-17mm\/\",\"name\":\"Kynsileikkurit paksuille, sis\u00e4\u00e4nkasvaneille ja sienitautisille kynsille. Kuukuulaiset leikkuuter\u00e4t.130\/17mm | Valika\",\"isPartOf\":{\"@id\":\"https:\/\/valika.eu\/fi\/#website\"},\"primaryImageOfPage\":{\"@id\":\"https:\/\/valika.eu\/fi\/toode\/tangid-paksudele-sissekasvanud-ja-seenhaigusega-kuuntele-kuu-kujulised-loiketerad-130-17mm\/#primaryimage\"},\"image\":{\"@id\":\"https:\/\/valika.eu\/toode\/tangid-paksudele-sissekasvanud-ja-seenhaigusega-kuuntele-kuu-kujulised-loiketerad-130-17mm\/#primaryimage\"},\"thumbnailUrl\":\"https:\/\/valika.eu\/wp-content\/uploads\/2025\/04\/IMG_8588.png\",\"datePublished\":\"2025-04-07T10:29:01+00:00\",\"dateModified\":\"2025-07-02T02:01:04+00:00\",\"breadcrumb\":{\"@id\":\"https:\/\/valika.eu\/fi\/toode\/tangid-paksudele-sissekasvanud-ja-seenhaigusega-kuuntele-kuu-kujulised-loiketerad-130-17mm\/#breadcrumb\"},\"inLanguage\":\"fi\",\"potentialAction\":[{\"@type\":\"ReadAction\",\"target\":[[\"https:\/\/valika.eu\/fi\/toode\/tangid-paksudele-sissekasvanud-ja-seenhaigusega-kuuntele-kuu-kujulised-loiketerad-130-17mm\/\"]]}]},{\"@type\":\"ImageObject\",\"inLanguage\":\"fi\",\"@id\":\"https:\/\/valika.eu\/fi\/toode\/tangid-paksudele-sissekasvanud-ja-seenhaigusega-kuuntele-kuu-kujulised-loiketerad-130-17mm\/#primaryimage\",\"url\":\"https:\/\/valika.eu\/wp-content\/uploads\/2025\/04\/IMG_8588.png\",\"contentUrl\":\"https:\/\/valika.eu\/wp-content\/uploads\/2025\/04\/IMG_8588.png\",\"width\":1080,\"height\":1080},{\"@type\":\"BreadcrumbList\",\"@id\":\"https:\/\/valika.eu\/fi\/toode\/tangid-paksudele-sissekasvanud-ja-seenhaigusega-kuuntele-kuu-kujulised-loiketerad-130-17mm\/#breadcrumb\",\"itemListElement\":[{\"@type\":\"ListItem\",\"position\":1,\"name\":\"Koti\",\"item\":\"https:\/\/valika.eu\/fi\/\"},{\"@type\":\"ListItem\",\"position\":2,\"name\":\"Shop\",\"item\":\"https:\/\/valika.eu\/fi\/\"},{\"@type\":\"ListItem\",\"position\":3,\"name\":\"Nail Clippers for Thick, Ingrown, and Fungal Nails. Moon-Shaped Blades.130\/17mm\"}]},{\"@type\":\"WebSite\",\"@id\":\"https:\/\/valika.eu\/fi\/#website\",\"url\":\"https:\/\/valika.eu\/fi\/\",\"name\":\"Valika.eu\",\"description\":\"Salonkituotteet ja kauneudenhoitotuotteet - Valika tarjoaa laajan valikoiman tuotteita ja tarvikkeita kynsiteknikoille, kauneushoitoloille, kampaamoille ja kampaamoille.\",\"publisher\":{\"@id\":\"https:\/\/valika.eu\/fi\/#organization\"},\"alternateName\":\"Valika\",\"potentialAction\":[{\"@type\":\"SearchAction\",\"target\":{\"@type\":\"EntryPoint\",\"urlTemplate\":\"https:\/\/valika.eu\/fi\/?s={search_term_string}\"},\"query-input\":{\"@type\":\"PropertyValueSpecification\",\"valueRequired\":true,\"valueName\":\"search_term_string\"}}],\"inLanguage\":\"fi\"},{\"@type\":\"Organization\",\"@id\":\"https:\/\/valika.eu\/fi\/#organization\",\"name\":\"Salongitoode O\u00dc\",\"alternateName\":\"Valika\",\"url\":\"https:\/\/valika.eu\/fi\/\",\"logo\":{\"@type\":\"ImageObject\",\"inLanguage\":\"fi\",\"@id\":\"https:\/\/valika.eu\/fi\/#\/schema\/logo\/image\/\",\"url\":\"https:\/\/valika.eu\/wp-content\/uploads\/2023\/11\/logo2-valika-footer.png\",\"contentUrl\":\"https:\/\/valika.eu\/wp-content\/uploads\/2023\/11\/logo2-valika-footer.png\",\"width\":200,\"height\":129,\"caption\":\"Salongitoode O\u00dc\"},\"image\":{\"@id\":\"https:\/\/valika.eu\/fi\/#\/schema\/logo\/image\/\"},\"sameAs\":[\"https:\/\/www.facebook.com\/tipsi.net\"]}]}<\/script>\n<!-- \/ Yoast SEO plugin. -->","yoast_head_json":{"title":"Kynsileikkurit paksuille, sis\u00e4\u00e4nkasvaneille ja sienitautisille kynsille. Kuukuulaiset leikkuuter\u00e4t.130\/17mm | Valika","robots":{"index":"index","follow":"follow","max-snippet":"max-snippet:-1","max-image-preview":"max-image-preview:large","max-video-preview":"max-video-preview:-1"},"canonical":"https:\/\/valika.eu\/fi\/toode\/tangid-paksudele-sissekasvanud-ja-seenhaigusega-kuuntele-kuu-kujulised-loiketerad-130-17mm\/","og_locale":"fi_FI","og_type":"article","og_title":"Kynsileikkurit paksuille, sis\u00e4\u00e4nkasvaneille ja sienitautisille kynsille. Kuukuulaiset leikkuuter\u00e4t.130\/17mm | Valika","og_description":"Kova japanilainen ruostumaton ter\u00e4s","og_url":"https:\/\/valika.eu\/fi\/toode\/tangid-paksudele-sissekasvanud-ja-seenhaigusega-kuuntele-kuu-kujulised-loiketerad-130-17mm\/","og_site_name":"Valika","article_publisher":"https:\/\/www.facebook.com\/tipsi.net","article_modified_time":"2025-07-02T02:01:04+00:00","og_image":[{"width":1080,"height":1080,"url":"https:\/\/valika.eu\/wp-content\/uploads\/2025\/04\/IMG_8588.png","type":"image\/png"}],"twitter_card":"summary_large_image","schema":{"@context":"https:\/\/schema.org","@graph":[{"@type":"WebPage","@id":"https:\/\/valika.eu\/fi\/toode\/tangid-paksudele-sissekasvanud-ja-seenhaigusega-kuuntele-kuu-kujulised-loiketerad-130-17mm\/","url":"https:\/\/valika.eu\/fi\/toode\/tangid-paksudele-sissekasvanud-ja-seenhaigusega-kuuntele-kuu-kujulised-loiketerad-130-17mm\/","name":"Kynsileikkurit paksuille, sis\u00e4\u00e4nkasvaneille ja sienitautisille kynsille. Kuukuulaiset leikkuuter\u00e4t.130\/17mm | Valika","isPartOf":{"@id":"https:\/\/valika.eu\/fi\/#website"},"primaryImageOfPage":{"@id":"https:\/\/valika.eu\/fi\/toode\/tangid-paksudele-sissekasvanud-ja-seenhaigusega-kuuntele-kuu-kujulised-loiketerad-130-17mm\/#primaryimage"},"image":{"@id":"https:\/\/valika.eu\/toode\/tangid-paksudele-sissekasvanud-ja-seenhaigusega-kuuntele-kuu-kujulised-loiketerad-130-17mm\/#primaryimage"},"thumbnailUrl":"https:\/\/valika.eu\/wp-content\/uploads\/2025\/04\/IMG_8588.png","datePublished":"2025-04-07T10:29:01+00:00","dateModified":"2025-07-02T02:01:04+00:00","breadcrumb":{"@id":"https:\/\/valika.eu\/fi\/toode\/tangid-paksudele-sissekasvanud-ja-seenhaigusega-kuuntele-kuu-kujulised-loiketerad-130-17mm\/#breadcrumb"},"inLanguage":"fi","potentialAction":[{"@type":"ReadAction","target":[["https:\/\/valika.eu\/fi\/toode\/tangid-paksudele-sissekasvanud-ja-seenhaigusega-kuuntele-kuu-kujulised-loiketerad-130-17mm\/"]]}]},{"@type":"ImageObject","inLanguage":"fi","@id":"https:\/\/valika.eu\/fi\/toode\/tangid-paksudele-sissekasvanud-ja-seenhaigusega-kuuntele-kuu-kujulised-loiketerad-130-17mm\/#primaryimage","url":"https:\/\/valika.eu\/wp-content\/uploads\/2025\/04\/IMG_8588.png","contentUrl":"https:\/\/valika.eu\/wp-content\/uploads\/2025\/04\/IMG_8588.png","width":1080,"height":1080},{"@type":"BreadcrumbList","@id":"https:\/\/valika.eu\/fi\/toode\/tangid-paksudele-sissekasvanud-ja-seenhaigusega-kuuntele-kuu-kujulised-loiketerad-130-17mm\/#breadcrumb","itemListElement":[{"@type":"ListItem","position":1,"name":"Koti","item":"https:\/\/valika.eu\/fi\/"},{"@type":"ListItem","position":2,"name":"Shop","item":"https:\/\/valika.eu\/fi\/"},{"@type":"ListItem","position":3,"name":"Nail Clippers for Thick, Ingrown, and Fungal Nails. Moon-Shaped Blades.130\/17mm"}]},{"@type":"WebSite","@id":"https:\/\/valika.eu\/fi\/#website","url":"https:\/\/valika.eu\/fi\/","name":"Valika.eu","description":"Salonkituotteet ja kauneudenhoitotuotteet - Valika tarjoaa laajan valikoiman tuotteita ja tarvikkeita kynsiteknikoille, kauneushoitoloille, kampaamoille ja kampaamoille.","publisher":{"@id":"https:\/\/valika.eu\/fi\/#organization"},"alternateName":"Valika","potentialAction":[{"@type":"SearchAction","target":{"@type":"EntryPoint","urlTemplate":"https:\/\/valika.eu\/fi\/?s={search_term_string}"},"query-input":{"@type":"PropertyValueSpecification","valueRequired":true,"valueName":"search_term_string"}}],"inLanguage":"fi"},{"@type":"Organization","@id":"https:\/\/valika.eu\/fi\/#organization","name":"Salongitoode O\u00dc","alternateName":"Valika","url":"https:\/\/valika.eu\/fi\/","logo":{"@type":"ImageObject","inLanguage":"fi","@id":"https:\/\/valika.eu\/fi\/#\/schema\/logo\/image\/","url":"https:\/\/valika.eu\/wp-content\/uploads\/2023\/11\/logo2-valika-footer.png","contentUrl":"https:\/\/valika.eu\/wp-content\/uploads\/2023\/11\/logo2-valika-footer.png","width":200,"height":129,"caption":"Salongitoode O\u00dc"},"image":{"@id":"https:\/\/valika.eu\/fi\/#\/schema\/logo\/image\/"},"sameAs":["https:\/\/www.facebook.com\/tipsi.net"]}]}},"jetpack_sharing_enabled":true,"_links":{"self":[{"href":"https:\/\/valika.eu\/fi\/wp-json\/wp\/v2\/product\/13957","targetHints":{"allow":["GET"]}}],"collection":[{"href":"https:\/\/valika.eu\/fi\/wp-json\/wp\/v2\/product"}],"about":[{"href":"https:\/\/valika.eu\/fi\/wp-json\/wp\/v2\/types\/product"}],"wp:featuredmedia":[{"embeddable":true,"href":"https:\/\/valika.eu\/fi\/wp-json\/wp\/v2\/media\/13959"}],"wp:attachment":[{"href":"https:\/\/valika.eu\/fi\/wp-json\/wp\/v2\/media?parent=13957"}],"wp:term":[{"taxonomy":"product_brand","embeddable":true,"href":"https:\/\/valika.eu\/fi\/wp-json\/wp\/v2\/product_brand?post=13957"},{"taxonomy":"product_cat","embeddable":true,"href":"https:\/\/valika.eu\/fi\/wp-json\/wp\/v2\/product_cat?post=13957"},{"taxonomy":"product_tag","embeddable":true,"href":"https:\/\/valika.eu\/fi\/wp-json\/wp\/v2\/product_tag?post=13957"}],"curies":[{"name":"wp","href":"https:\/\/api.w.org\/{rel}","templated":true}]}}