{"id":14035,"date":"2025-04-09T12:01:50","date_gmt":"2025-04-09T09:01:50","guid":{"rendered":"https:\/\/valika.eu\/?post_type=product&#038;p=14035"},"modified":"2025-07-02T05:01:04","modified_gmt":"2025-07-02T02:01:04","slug":"sirge-teraga-kuunetangid-sissekasvanud-seennakkusega-kuunte-raviks-2","status":"publish","type":"product","link":"https:\/\/valika.eu\/fi\/toode\/sirge-teraga-kuunetangid-sissekasvanud-seennakkusega-kuunte-raviks-2\/","title":{"rendered":"Suorater\u00e4iset kynsileikkurit sis\u00e4\u00e4nkasvaneiden\/sienitartunnan saaneiden kynsien hoitoon 140\/18mm"},"content":{"rendered":"<p><\/p>\n<h3 style=\"text-align: center;\" data-start=\"17\" data-end=\"74\">Valmistettu Pakistanissa korkealaatuisesta ter\u00e4ksest\u00e4.<\/h3>\n<p class=\"\" style=\"text-align: center;\" data-start=\"955\" data-end=\"1030\"><strong data-start=\"955\" data-end=\"1028\">6&#8243; Kynsileikkurit \u2013 Ammattimaiset leikkurit kynsille<\/strong><\/p>\n<p class=\"\" style=\"text-align: center;\" data-start=\"1032\" data-end=\"1101\"><strong data-start=\"1032\" data-end=\"1099\">Kynsileikkurit sis\u00e4\u00e4nkasvaneiden\/seenn\u00e4ppyisten kynsien hoitoon<\/strong><\/p>\n<h3 class=\"\" style=\"text-align: center;\" data-start=\"1103\" data-end=\"1121\"><strong data-start=\"1107\" data-end=\"1119\">KUVAAUS:<\/strong><\/h3>\n<p class=\"\" style=\"text-align: center;\" data-start=\"1122\" data-end=\"1369\">\u2714 <strong data-start=\"1124\" data-end=\"1149\">Suorat kynsileikkurit<\/strong><br data-start=\"1149\" data-end=\"1152\" \/>\u2714 <strong data-start=\"1154\" data-end=\"1189\">Uudet, erinomaiset leikkuuter\u00e4t<\/strong><br data-start=\"1189\" data-end=\"1192\" \/>\u2714 <strong data-start=\"1194\" data-end=\"1203\">Koko:<\/strong> 6,0&#8243;<br data-start=\"1246\" data-end=\"1249\" \/>\u2714 <strong data-start=\"1251\" data-end=\"1274\">Kevyt ja kannettava<\/strong><br data-start=\"1274\" data-end=\"1277\" \/>\u2714 <strong data-start=\"1279\" data-end=\"1330\">T\u00e4ysin autoklaavitavissa (sterilointikelpoinen)<\/strong><br data-start=\"1330\" data-end=\"1333\" \/>\u2714 <strong data-start=\"1335\" data-end=\"1367\">Rakennettu kest\u00e4m\u00e4\u00e4n pitk\u00e4\u00e4n<\/strong><\/p>\n<h3 class=\"\" style=\"text-align: center;\" data-start=\"1371\" data-end=\"1394\"><strong data-start=\"1375\" data-end=\"1392\">OMINAISUUDET:<\/strong><\/h3>\n<p class=\"\" style=\"text-align: center;\" data-start=\"1395\" data-end=\"1588\">\u2714 <strong data-start=\"1397\" data-end=\"1417\">Helppo puhdistaa<\/strong><br data-start=\"1417\" data-end=\"1420\" \/>\u2714 <strong data-start=\"1422\" data-end=\"1437\">Ruostumaton<\/strong><br data-start=\"1437\" data-end=\"1440\" \/>\u2714 <strong data-start=\"1442\" data-end=\"1465\">Ammattimainen laatu<\/strong><br data-start=\"1465\" data-end=\"1468\" \/>\u2714 <strong data-start=\"1470\" data-end=\"1531\">Valmistettu korkealaatuisesta ruostumattomasta ter\u00e4ksest\u00e4<\/strong><br data-start=\"1531\" data-end=\"1534\" \/>\u2714 <strong data-start=\"1536\" data-end=\"1560\">Ter\u00e4v\u00e4t leikkuuter\u00e4t<\/strong><br data-start=\"1560\" data-end=\"1563\" \/>\u2714 <strong data-start=\"1565\" data-end=\"1586\">Autoklaavitavissa<\/strong><\/p>\n<h3 class=\"\" style=\"text-align: center;\" data-start=\"1590\" data-end=\"1611\"><strong data-start=\"1594\" data-end=\"1609\">K\u00c4YTT\u00d6OHJE:<\/strong><\/h3>\n<p class=\"\" style=\"text-align: center;\" data-start=\"1612\" data-end=\"1882\">1\ufe0f\u20e3 <strong data-start=\"1616\" data-end=\"1625\">Liota<\/strong> k\u00e4si\u00e4si ja jalkojasi l\u00e4mpim\u00e4ss\u00e4 vedess\u00e4 ennen kynnen leikkaamista, jotta se olisi helpompaa.<br data-start=\"1718\" data-end=\"1721\" \/>2\ufe0f\u20e3 <strong data-start=\"1725\" data-end=\"1758\">Leikkaa kynsi pieniss\u00e4 osissa<\/strong>, jotta v\u00e4lt\u00e4t kynnen murtumisen ja vahingoittumisen.<br data-start=\"1811\" data-end=\"1814\" \/>3\ufe0f\u20e3 <strong data-start=\"1818\" data-end=\"1839\">K\u00e4yt\u00e4 kynsiviilaa<\/strong> ylim\u00e4\u00e4r\u00e4isten kynnen osien poistamiseen.<\/p>\n<p class=\"\" style=\"text-align: center;\" data-start=\"1884\" data-end=\"1930\">\ud83d\udcaf <strong data-start=\"1887\" data-end=\"1930\" data-is-last-node=\"\">100% tyytyv\u00e4isyystakuu \u2013 osta huoletta!<\/strong><\/p>\n<p><\/p>","protected":false},"excerpt":{"rendered":"<p>Valmistettu Pakistanissa korkealaatuisesta ter\u00e4ksest\u00e4. 6&#8243; Kynsileikkurit \u2013 Ammattimaiset leikkurit kynsille Kynsileikkurit sis\u00e4\u00e4nkasvaneiden\/seenn\u00e4ppyisten kynsien hoitoon KUVAAUS: \u2714 Suorat kynsileikkurit\u2714 Uudet, erinomaiset<\/p>\n","protected":false},"featured_media":14037,"template":"","meta":[],"product_brand":[],"product_cat":[715],"product_tag":[],"class_list":{"0":"post-14035","1":"product","2":"type-product","3":"status-publish","4":"has-post-thumbnail","6":"product_cat-kuunetangid","8":"first","9":"instock","10":"taxable","11":"shipping-taxable","12":"purchasable","13":"product-type-simple"},"yoast_head":"<!-- This site is optimized with the Yoast SEO plugin v24.4 - https:\/\/yoast.com\/wordpress\/plugins\/seo\/ -->\n<title>Suorater\u00e4iset kynsileikkurit sis\u00e4\u00e4nkasvaneiden\/sienitartunnan saaneiden kynsien hoitoon 140\/18mm | Valika<\/title>\n<meta name=\"robots\" content=\"index, follow, max-snippet:-1, max-image-preview:large, max-video-preview:-1\" \/>\n<link rel=\"canonical\" href=\"https:\/\/valika.eu\/fi\/toode\/sirge-teraga-kuunetangid-sissekasvanud-seennakkusega-kuunte-raviks-2\/\" \/>\n<meta property=\"og:locale\" content=\"fi_FI\" \/>\n<meta property=\"og:type\" content=\"article\" \/>\n<meta property=\"og:title\" content=\"Suorater\u00e4iset kynsileikkurit sis\u00e4\u00e4nkasvaneiden\/sienitartunnan saaneiden kynsien hoitoon 140\/18mm | Valika\" \/>\n<meta property=\"og:description\" content=\"Valmistettu Pakistanissa korkealaatuisesta ter\u00e4ksest\u00e4. 6&#8243; Kynsileikkurit \u2013 Ammattimaiset leikkurit kynsille Kynsileikkurit sis\u00e4\u00e4nkasvaneiden\/seenn\u00e4ppyisten kynsien hoitoon KUVAAUS: \u2714 Suorat kynsileikkurit\u2714 Uudet, erinomaiset\" \/>\n<meta property=\"og:url\" content=\"https:\/\/valika.eu\/fi\/toode\/sirge-teraga-kuunetangid-sissekasvanud-seennakkusega-kuunte-raviks-2\/\" \/>\n<meta property=\"og:site_name\" content=\"Valika\" \/>\n<meta property=\"article:publisher\" content=\"https:\/\/www.facebook.com\/tipsi.net\" \/>\n<meta property=\"article:modified_time\" content=\"2025-07-02T02:01:04+00:00\" \/>\n<meta property=\"og:image\" content=\"https:\/\/valika.eu\/wp-content\/uploads\/2025\/04\/pixelcut-export-3-1.png\" \/>\n\t<meta property=\"og:image:width\" content=\"1080\" \/>\n\t<meta property=\"og:image:height\" content=\"1080\" \/>\n\t<meta property=\"og:image:type\" content=\"image\/png\" \/>\n<meta name=\"twitter:card\" content=\"summary_large_image\" \/>\n<script type=\"application\/ld+json\" class=\"yoast-schema-graph\">{\"@context\":\"https:\/\/schema.org\",\"@graph\":[{\"@type\":\"WebPage\",\"@id\":\"https:\/\/valika.eu\/fi\/toode\/sirge-teraga-kuunetangid-sissekasvanud-seennakkusega-kuunte-raviks-2\/\",\"url\":\"https:\/\/valika.eu\/fi\/toode\/sirge-teraga-kuunetangid-sissekasvanud-seennakkusega-kuunte-raviks-2\/\",\"name\":\"Suorater\u00e4iset kynsileikkurit sis\u00e4\u00e4nkasvaneiden\/sienitartunnan saaneiden kynsien hoitoon 140\/18mm | Valika\",\"isPartOf\":{\"@id\":\"https:\/\/valika.eu\/fi\/#website\"},\"primaryImageOfPage\":{\"@id\":\"https:\/\/valika.eu\/fi\/toode\/sirge-teraga-kuunetangid-sissekasvanud-seennakkusega-kuunte-raviks-2\/#primaryimage\"},\"image\":{\"@id\":\"https:\/\/valika.eu\/toode\/sirge-teraga-kuunetangid-sissekasvanud-seennakkusega-kuunte-raviks-2\/#primaryimage\"},\"thumbnailUrl\":\"https:\/\/valika.eu\/wp-content\/uploads\/2025\/04\/pixelcut-export-3-1.png\",\"datePublished\":\"2025-04-09T09:01:50+00:00\",\"dateModified\":\"2025-07-02T02:01:04+00:00\",\"breadcrumb\":{\"@id\":\"https:\/\/valika.eu\/fi\/toode\/sirge-teraga-kuunetangid-sissekasvanud-seennakkusega-kuunte-raviks-2\/#breadcrumb\"},\"inLanguage\":\"fi\",\"potentialAction\":[{\"@type\":\"ReadAction\",\"target\":[[\"https:\/\/valika.eu\/fi\/toode\/sirge-teraga-kuunetangid-sissekasvanud-seennakkusega-kuunte-raviks-2\/\"]]}]},{\"@type\":\"ImageObject\",\"inLanguage\":\"fi\",\"@id\":\"https:\/\/valika.eu\/fi\/toode\/sirge-teraga-kuunetangid-sissekasvanud-seennakkusega-kuunte-raviks-2\/#primaryimage\",\"url\":\"https:\/\/valika.eu\/wp-content\/uploads\/2025\/04\/pixelcut-export-3-1.png\",\"contentUrl\":\"https:\/\/valika.eu\/wp-content\/uploads\/2025\/04\/pixelcut-export-3-1.png\",\"width\":1080,\"height\":1080},{\"@type\":\"BreadcrumbList\",\"@id\":\"https:\/\/valika.eu\/fi\/toode\/sirge-teraga-kuunetangid-sissekasvanud-seennakkusega-kuunte-raviks-2\/#breadcrumb\",\"itemListElement\":[{\"@type\":\"ListItem\",\"position\":1,\"name\":\"Koti\",\"item\":\"https:\/\/valika.eu\/fi\/\"},{\"@type\":\"ListItem\",\"position\":2,\"name\":\"Shop\",\"item\":\"https:\/\/valika.eu\/fi\/\"},{\"@type\":\"ListItem\",\"position\":3,\"name\":\"Straight Edge Nail Clippers For Ingrown\/Fungal Nail Treatments 140\/18mm\"}]},{\"@type\":\"WebSite\",\"@id\":\"https:\/\/valika.eu\/fi\/#website\",\"url\":\"https:\/\/valika.eu\/fi\/\",\"name\":\"Valika.eu\",\"description\":\"Salonkituotteet ja kauneudenhoitotuotteet - Valika tarjoaa laajan valikoiman tuotteita ja tarvikkeita kynsiteknikoille, kauneushoitoloille, kampaamoille ja kampaamoille.\",\"publisher\":{\"@id\":\"https:\/\/valika.eu\/fi\/#organization\"},\"alternateName\":\"Valika\",\"potentialAction\":[{\"@type\":\"SearchAction\",\"target\":{\"@type\":\"EntryPoint\",\"urlTemplate\":\"https:\/\/valika.eu\/fi\/?s={search_term_string}\"},\"query-input\":{\"@type\":\"PropertyValueSpecification\",\"valueRequired\":true,\"valueName\":\"search_term_string\"}}],\"inLanguage\":\"fi\"},{\"@type\":\"Organization\",\"@id\":\"https:\/\/valika.eu\/fi\/#organization\",\"name\":\"Salongitoode O\u00dc\",\"alternateName\":\"Valika\",\"url\":\"https:\/\/valika.eu\/fi\/\",\"logo\":{\"@type\":\"ImageObject\",\"inLanguage\":\"fi\",\"@id\":\"https:\/\/valika.eu\/fi\/#\/schema\/logo\/image\/\",\"url\":\"https:\/\/valika.eu\/wp-content\/uploads\/2023\/11\/logo2-valika-footer.png\",\"contentUrl\":\"https:\/\/valika.eu\/wp-content\/uploads\/2023\/11\/logo2-valika-footer.png\",\"width\":200,\"height\":129,\"caption\":\"Salongitoode O\u00dc\"},\"image\":{\"@id\":\"https:\/\/valika.eu\/fi\/#\/schema\/logo\/image\/\"},\"sameAs\":[\"https:\/\/www.facebook.com\/tipsi.net\"]}]}<\/script>\n<!-- \/ Yoast SEO plugin. -->","yoast_head_json":{"title":"Suorater\u00e4iset kynsileikkurit sis\u00e4\u00e4nkasvaneiden\/sienitartunnan saaneiden kynsien hoitoon 140\/18mm | Valika","robots":{"index":"index","follow":"follow","max-snippet":"max-snippet:-1","max-image-preview":"max-image-preview:large","max-video-preview":"max-video-preview:-1"},"canonical":"https:\/\/valika.eu\/fi\/toode\/sirge-teraga-kuunetangid-sissekasvanud-seennakkusega-kuunte-raviks-2\/","og_locale":"fi_FI","og_type":"article","og_title":"Suorater\u00e4iset kynsileikkurit sis\u00e4\u00e4nkasvaneiden\/sienitartunnan saaneiden kynsien hoitoon 140\/18mm | Valika","og_description":"Valmistettu Pakistanissa korkealaatuisesta ter\u00e4ksest\u00e4. 6&#8243; Kynsileikkurit \u2013 Ammattimaiset leikkurit kynsille Kynsileikkurit sis\u00e4\u00e4nkasvaneiden\/seenn\u00e4ppyisten kynsien hoitoon KUVAAUS: \u2714 Suorat kynsileikkurit\u2714 Uudet, erinomaiset","og_url":"https:\/\/valika.eu\/fi\/toode\/sirge-teraga-kuunetangid-sissekasvanud-seennakkusega-kuunte-raviks-2\/","og_site_name":"Valika","article_publisher":"https:\/\/www.facebook.com\/tipsi.net","article_modified_time":"2025-07-02T02:01:04+00:00","og_image":[{"width":1080,"height":1080,"url":"https:\/\/valika.eu\/wp-content\/uploads\/2025\/04\/pixelcut-export-3-1.png","type":"image\/png"}],"twitter_card":"summary_large_image","schema":{"@context":"https:\/\/schema.org","@graph":[{"@type":"WebPage","@id":"https:\/\/valika.eu\/fi\/toode\/sirge-teraga-kuunetangid-sissekasvanud-seennakkusega-kuunte-raviks-2\/","url":"https:\/\/valika.eu\/fi\/toode\/sirge-teraga-kuunetangid-sissekasvanud-seennakkusega-kuunte-raviks-2\/","name":"Suorater\u00e4iset kynsileikkurit sis\u00e4\u00e4nkasvaneiden\/sienitartunnan saaneiden kynsien hoitoon 140\/18mm | Valika","isPartOf":{"@id":"https:\/\/valika.eu\/fi\/#website"},"primaryImageOfPage":{"@id":"https:\/\/valika.eu\/fi\/toode\/sirge-teraga-kuunetangid-sissekasvanud-seennakkusega-kuunte-raviks-2\/#primaryimage"},"image":{"@id":"https:\/\/valika.eu\/toode\/sirge-teraga-kuunetangid-sissekasvanud-seennakkusega-kuunte-raviks-2\/#primaryimage"},"thumbnailUrl":"https:\/\/valika.eu\/wp-content\/uploads\/2025\/04\/pixelcut-export-3-1.png","datePublished":"2025-04-09T09:01:50+00:00","dateModified":"2025-07-02T02:01:04+00:00","breadcrumb":{"@id":"https:\/\/valika.eu\/fi\/toode\/sirge-teraga-kuunetangid-sissekasvanud-seennakkusega-kuunte-raviks-2\/#breadcrumb"},"inLanguage":"fi","potentialAction":[{"@type":"ReadAction","target":[["https:\/\/valika.eu\/fi\/toode\/sirge-teraga-kuunetangid-sissekasvanud-seennakkusega-kuunte-raviks-2\/"]]}]},{"@type":"ImageObject","inLanguage":"fi","@id":"https:\/\/valika.eu\/fi\/toode\/sirge-teraga-kuunetangid-sissekasvanud-seennakkusega-kuunte-raviks-2\/#primaryimage","url":"https:\/\/valika.eu\/wp-content\/uploads\/2025\/04\/pixelcut-export-3-1.png","contentUrl":"https:\/\/valika.eu\/wp-content\/uploads\/2025\/04\/pixelcut-export-3-1.png","width":1080,"height":1080},{"@type":"BreadcrumbList","@id":"https:\/\/valika.eu\/fi\/toode\/sirge-teraga-kuunetangid-sissekasvanud-seennakkusega-kuunte-raviks-2\/#breadcrumb","itemListElement":[{"@type":"ListItem","position":1,"name":"Koti","item":"https:\/\/valika.eu\/fi\/"},{"@type":"ListItem","position":2,"name":"Shop","item":"https:\/\/valika.eu\/fi\/"},{"@type":"ListItem","position":3,"name":"Straight Edge Nail Clippers For Ingrown\/Fungal Nail Treatments 140\/18mm"}]},{"@type":"WebSite","@id":"https:\/\/valika.eu\/fi\/#website","url":"https:\/\/valika.eu\/fi\/","name":"Valika.eu","description":"Salonkituotteet ja kauneudenhoitotuotteet - Valika tarjoaa laajan valikoiman tuotteita ja tarvikkeita kynsiteknikoille, kauneushoitoloille, kampaamoille ja kampaamoille.","publisher":{"@id":"https:\/\/valika.eu\/fi\/#organization"},"alternateName":"Valika","potentialAction":[{"@type":"SearchAction","target":{"@type":"EntryPoint","urlTemplate":"https:\/\/valika.eu\/fi\/?s={search_term_string}"},"query-input":{"@type":"PropertyValueSpecification","valueRequired":true,"valueName":"search_term_string"}}],"inLanguage":"fi"},{"@type":"Organization","@id":"https:\/\/valika.eu\/fi\/#organization","name":"Salongitoode O\u00dc","alternateName":"Valika","url":"https:\/\/valika.eu\/fi\/","logo":{"@type":"ImageObject","inLanguage":"fi","@id":"https:\/\/valika.eu\/fi\/#\/schema\/logo\/image\/","url":"https:\/\/valika.eu\/wp-content\/uploads\/2023\/11\/logo2-valika-footer.png","contentUrl":"https:\/\/valika.eu\/wp-content\/uploads\/2023\/11\/logo2-valika-footer.png","width":200,"height":129,"caption":"Salongitoode O\u00dc"},"image":{"@id":"https:\/\/valika.eu\/fi\/#\/schema\/logo\/image\/"},"sameAs":["https:\/\/www.facebook.com\/tipsi.net"]}]}},"jetpack_sharing_enabled":true,"_links":{"self":[{"href":"https:\/\/valika.eu\/fi\/wp-json\/wp\/v2\/product\/14035","targetHints":{"allow":["GET"]}}],"collection":[{"href":"https:\/\/valika.eu\/fi\/wp-json\/wp\/v2\/product"}],"about":[{"href":"https:\/\/valika.eu\/fi\/wp-json\/wp\/v2\/types\/product"}],"wp:featuredmedia":[{"embeddable":true,"href":"https:\/\/valika.eu\/fi\/wp-json\/wp\/v2\/media\/14037"}],"wp:attachment":[{"href":"https:\/\/valika.eu\/fi\/wp-json\/wp\/v2\/media?parent=14035"}],"wp:term":[{"taxonomy":"product_brand","embeddable":true,"href":"https:\/\/valika.eu\/fi\/wp-json\/wp\/v2\/product_brand?post=14035"},{"taxonomy":"product_cat","embeddable":true,"href":"https:\/\/valika.eu\/fi\/wp-json\/wp\/v2\/product_cat?post=14035"},{"taxonomy":"product_tag","embeddable":true,"href":"https:\/\/valika.eu\/fi\/wp-json\/wp\/v2\/product_tag?post=14035"}],"curies":[{"name":"wp","href":"https:\/\/api.w.org\/{rel}","templated":true}]}}