{"id":14056,"date":"2025-04-10T15:56:36","date_gmt":"2025-04-10T12:56:36","guid":{"rendered":"https:\/\/valika.eu\/?post_type=product&#038;p=14056"},"modified":"2025-07-02T05:01:04","modified_gmt":"2025-07-02T02:01:04","slug":"kuunekaarid-95-25mm","status":"publish","type":"product","link":"https:\/\/valika.eu\/fi\/toode\/kuunekaarid-95-25mm\/","title":{"rendered":"Kynsileikkurit 95\/25mm"},"content":{"rendered":"<p><\/p>\n<article class=\"text-token-text-primary w-full\" dir=\"auto\" data-testid=\"conversation-turn-2\" data-scroll-anchor=\"true\">\n<div class=\"text-base my-auto mx-auto py-5 [--thread-content-margin:--spacing(4)] @[37rem]:[--thread-content-margin:--spacing(6)] @[70rem]:[--thread-content-margin:--spacing(12)] px-(--thread-content-margin)\">\n<div class=\"[--thread-content-max-width:32rem] @[34rem]:[--thread-content-max-width:40rem] @[64rem]:[--thread-content-max-width:48rem] mx-auto flex max-w-(--thread-content-max-width) flex-1 text-base gap-4 md:gap-5 lg:gap-6 group\/turn-messages focus-visible:outline-hidden\" tabindex=\"-1\">\n<div class=\"group\/conversation-turn relative flex w-full min-w-0 flex-col agent-turn\">\n<div class=\"relative flex-col gap-1 md:gap-3\">\n<div class=\"flex max-w-full flex-col grow\">\n<div class=\"min-h-8 text-message relative flex w-full flex-col items-end gap-2 text-start break-words whitespace-normal [.text-message+&amp;]:mt-5\" dir=\"auto\" data-message-author-role=\"assistant\" data-message-id=\"27d0b6a5-63de-47f5-8e5c-a178954712e5\" data-message-model-slug=\"gpt-4o\">\n<div class=\"flex w-full flex-col gap-1 empty:hidden first:pt-[3px]\">\n<div class=\"markdown prose dark:prose-invert w-full break-words light\">\n<p class=\"\" data-start=\"1388\" data-end=\"1545\">N\u00e4m\u00e4 sakset on valmistettu Pakistanissa tehtaassa, jolla on yli 40 vuoden kokemus ty\u00f6kalujen valmistuksesta.<br data-start=\"1496\" data-end=\"1499\" \/>Valmistettu korkealaatuisimmasta ter\u00e4ksest\u00e4.<\/p>\n<p class=\"\" data-start=\"1547\" data-end=\"2096\">Kynsisaksissa on eritt\u00e4in ohuet ja tarkat k\u00e4rjet sek\u00e4 hieno ja ter\u00e4v\u00e4 leikkuureuna. T\u00e4m\u00e4n ansiosta ne sopivat huolelliseen ja turvalliseen kynsien leikkaamiseen.<br data-start=\"1708\" data-end=\"1711\" \/>Sakset on valmistettu korkeiden standardien mukaisesti ja eritt\u00e4in tarkasti. Niiss\u00e4 on s\u00e4\u00e4dett\u00e4v\u00e4 ruuvi, jota voi tarpeen mukaan kirist\u00e4\u00e4 tai l\u00f6ys\u00e4t\u00e4.<br data-start=\"1861\" data-end=\"1864\" \/>Leikkuureunat on huolellisesti viimeistelty ja teroitettu. Hieman kaarevan leikkuureunan ansiosta kynsien leikkaaminen on helppoa.<br data-start=\"1994\" data-end=\"1997\" \/>Kynsisaksissa on kiilt\u00e4v\u00e4 pinta, yksinkertainen ja ajaton ulkon\u00e4k\u00f6, ja ne istuvat mukavasti k\u00e4teen.<\/p>\n<\/div>\n<\/div>\n<\/div>\n<\/div>\n<div class=\"flex justify-start\">\n<div class=\"touch:-me-2 touch:-ms-3.5 -ms-2.5 -me-1 flex items-center p-1 select-none -mt-1 duration-[1.5s] focus-within:transition-none hover:transition-none pointer-events-none [mask-image:linear-gradient(to_right,black_33%,transparent_66%)] [mask-position:100%_0%] [mask-size:300%_100%] motion-safe:transition-[mask-position] group-hover\/turn-messages:pointer-events-auto group-hover\/turn-messages:[mask-position:0_0] group-focus-within\/turn-messages:pointer-events-auto group-focus-within\/turn-messages:[mask-position:0_0] has-data-[state=open]:pointer-events-auto has-data-[state=open]:[mask-position:0_0]\">\n<p>&nbsp;<\/p>\n<div class=\"flex items-center pb-0\"><span class=\"overflow-hidden text-sm text-clip whitespace-nowrap\">4o<\/span><\/div>\n<\/div>\n<\/div>\n<div class=\"mt-3 w-full empty:hidden\">\n<div class=\"text-center\"><\/div>\n<\/div>\n<\/div>\n<div class=\"absolute\">\n<div class=\"flex items-center justify-center\"><\/div>\n<\/div>\n<\/div>\n<\/div>\n<\/div>\n<\/article>\n<div class=\"pointer-events-none h-px w-px\" aria-hidden=\"true\" data-edge=\"true\"><\/div>\n<p><\/p>","protected":false},"excerpt":{"rendered":"<p>N\u00e4m\u00e4 sakset on valmistettu Pakistanissa tehtaassa, jolla on yli 40 vuoden kokemus ty\u00f6kalujen valmistuksesta.<br data-start=\"1496\" data-end=\"1499\" \/>Valmistettu korkealaatuisimmasta ter\u00e4ksest\u00e4.<\/p>\n","protected":false},"featured_media":14070,"template":"","meta":[],"product_brand":[],"product_cat":[642],"product_tag":[],"class_list":{"0":"post-14056","1":"product","2":"type-product","3":"status-publish","4":"has-post-thumbnail","6":"product_cat-tangid-kaarid","8":"first","9":"instock","10":"taxable","11":"shipping-taxable","12":"purchasable","13":"product-type-simple"},"yoast_head":"<!-- This site is optimized with the Yoast SEO plugin v24.4 - https:\/\/yoast.com\/wordpress\/plugins\/seo\/ -->\n<title>Kynsileikkurit 95\/25mm | Valika<\/title>\n<meta name=\"robots\" content=\"index, follow, max-snippet:-1, max-image-preview:large, max-video-preview:-1\" \/>\n<link rel=\"canonical\" href=\"https:\/\/valika.eu\/fi\/toode\/kuunekaarid-95-25mm\/\" \/>\n<meta property=\"og:locale\" content=\"fi_FI\" \/>\n<meta property=\"og:type\" content=\"article\" \/>\n<meta property=\"og:title\" content=\"Kynsileikkurit 95\/25mm | Valika\" \/>\n<meta property=\"og:description\" content=\"N\u00e4m\u00e4 sakset on valmistettu Pakistanissa tehtaassa, jolla on yli 40 vuoden kokemus ty\u00f6kalujen valmistuksesta.Valmistettu korkealaatuisimmasta ter\u00e4ksest\u00e4.\" \/>\n<meta property=\"og:url\" content=\"https:\/\/valika.eu\/fi\/toode\/kuunekaarid-95-25mm\/\" \/>\n<meta property=\"og:site_name\" content=\"Valika\" \/>\n<meta property=\"article:publisher\" content=\"https:\/\/www.facebook.com\/tipsi.net\" \/>\n<meta property=\"article:modified_time\" content=\"2025-07-02T02:01:04+00:00\" \/>\n<meta property=\"og:image\" content=\"https:\/\/valika.eu\/wp-content\/uploads\/2025\/04\/pixelcut-export-5-1.png\" \/>\n\t<meta property=\"og:image:width\" content=\"1080\" \/>\n\t<meta property=\"og:image:height\" content=\"1080\" \/>\n\t<meta property=\"og:image:type\" content=\"image\/png\" \/>\n<meta name=\"twitter:card\" content=\"summary_large_image\" \/>\n<script type=\"application\/ld+json\" class=\"yoast-schema-graph\">{\"@context\":\"https:\/\/schema.org\",\"@graph\":[{\"@type\":\"WebPage\",\"@id\":\"https:\/\/valika.eu\/fi\/toode\/kuunekaarid-95-25mm\/\",\"url\":\"https:\/\/valika.eu\/fi\/toode\/kuunekaarid-95-25mm\/\",\"name\":\"Kynsileikkurit 95\/25mm | Valika\",\"isPartOf\":{\"@id\":\"https:\/\/valika.eu\/fi\/#website\"},\"primaryImageOfPage\":{\"@id\":\"https:\/\/valika.eu\/fi\/toode\/kuunekaarid-95-25mm\/#primaryimage\"},\"image\":{\"@id\":\"https:\/\/valika.eu\/toode\/kuunekaarid-95-25mm\/#primaryimage\"},\"thumbnailUrl\":\"https:\/\/valika.eu\/wp-content\/uploads\/2025\/04\/pixelcut-export-5-1.png\",\"datePublished\":\"2025-04-10T12:56:36+00:00\",\"dateModified\":\"2025-07-02T02:01:04+00:00\",\"breadcrumb\":{\"@id\":\"https:\/\/valika.eu\/fi\/toode\/kuunekaarid-95-25mm\/#breadcrumb\"},\"inLanguage\":\"fi\",\"potentialAction\":[{\"@type\":\"ReadAction\",\"target\":[[\"https:\/\/valika.eu\/fi\/toode\/kuunekaarid-95-25mm\/\"]]}]},{\"@type\":\"ImageObject\",\"inLanguage\":\"fi\",\"@id\":\"https:\/\/valika.eu\/fi\/toode\/kuunekaarid-95-25mm\/#primaryimage\",\"url\":\"https:\/\/valika.eu\/wp-content\/uploads\/2025\/04\/pixelcut-export-5-1.png\",\"contentUrl\":\"https:\/\/valika.eu\/wp-content\/uploads\/2025\/04\/pixelcut-export-5-1.png\",\"width\":1080,\"height\":1080},{\"@type\":\"BreadcrumbList\",\"@id\":\"https:\/\/valika.eu\/fi\/toode\/kuunekaarid-95-25mm\/#breadcrumb\",\"itemListElement\":[{\"@type\":\"ListItem\",\"position\":1,\"name\":\"Koti\",\"item\":\"https:\/\/valika.eu\/fi\/\"},{\"@type\":\"ListItem\",\"position\":2,\"name\":\"Shop\",\"item\":\"https:\/\/valika.eu\/fi\/\"},{\"@type\":\"ListItem\",\"position\":3,\"name\":\"Nail Scissors 95\/25mm\"}]},{\"@type\":\"WebSite\",\"@id\":\"https:\/\/valika.eu\/fi\/#website\",\"url\":\"https:\/\/valika.eu\/fi\/\",\"name\":\"Valika.eu\",\"description\":\"Salonkituotteet ja kauneudenhoitotuotteet - Valika tarjoaa laajan valikoiman tuotteita ja tarvikkeita kynsiteknikoille, kauneushoitoloille, kampaamoille ja kampaamoille.\",\"publisher\":{\"@id\":\"https:\/\/valika.eu\/fi\/#organization\"},\"alternateName\":\"Valika\",\"potentialAction\":[{\"@type\":\"SearchAction\",\"target\":{\"@type\":\"EntryPoint\",\"urlTemplate\":\"https:\/\/valika.eu\/fi\/?s={search_term_string}\"},\"query-input\":{\"@type\":\"PropertyValueSpecification\",\"valueRequired\":true,\"valueName\":\"search_term_string\"}}],\"inLanguage\":\"fi\"},{\"@type\":\"Organization\",\"@id\":\"https:\/\/valika.eu\/fi\/#organization\",\"name\":\"Salongitoode O\u00dc\",\"alternateName\":\"Valika\",\"url\":\"https:\/\/valika.eu\/fi\/\",\"logo\":{\"@type\":\"ImageObject\",\"inLanguage\":\"fi\",\"@id\":\"https:\/\/valika.eu\/fi\/#\/schema\/logo\/image\/\",\"url\":\"https:\/\/valika.eu\/wp-content\/uploads\/2023\/11\/logo2-valika-footer.png\",\"contentUrl\":\"https:\/\/valika.eu\/wp-content\/uploads\/2023\/11\/logo2-valika-footer.png\",\"width\":200,\"height\":129,\"caption\":\"Salongitoode O\u00dc\"},\"image\":{\"@id\":\"https:\/\/valika.eu\/fi\/#\/schema\/logo\/image\/\"},\"sameAs\":[\"https:\/\/www.facebook.com\/tipsi.net\"]}]}<\/script>\n<!-- \/ Yoast SEO plugin. -->","yoast_head_json":{"title":"Kynsileikkurit 95\/25mm | Valika","robots":{"index":"index","follow":"follow","max-snippet":"max-snippet:-1","max-image-preview":"max-image-preview:large","max-video-preview":"max-video-preview:-1"},"canonical":"https:\/\/valika.eu\/fi\/toode\/kuunekaarid-95-25mm\/","og_locale":"fi_FI","og_type":"article","og_title":"Kynsileikkurit 95\/25mm | Valika","og_description":"N\u00e4m\u00e4 sakset on valmistettu Pakistanissa tehtaassa, jolla on yli 40 vuoden kokemus ty\u00f6kalujen valmistuksesta.Valmistettu korkealaatuisimmasta ter\u00e4ksest\u00e4.","og_url":"https:\/\/valika.eu\/fi\/toode\/kuunekaarid-95-25mm\/","og_site_name":"Valika","article_publisher":"https:\/\/www.facebook.com\/tipsi.net","article_modified_time":"2025-07-02T02:01:04+00:00","og_image":[{"width":1080,"height":1080,"url":"https:\/\/valika.eu\/wp-content\/uploads\/2025\/04\/pixelcut-export-5-1.png","type":"image\/png"}],"twitter_card":"summary_large_image","schema":{"@context":"https:\/\/schema.org","@graph":[{"@type":"WebPage","@id":"https:\/\/valika.eu\/fi\/toode\/kuunekaarid-95-25mm\/","url":"https:\/\/valika.eu\/fi\/toode\/kuunekaarid-95-25mm\/","name":"Kynsileikkurit 95\/25mm | Valika","isPartOf":{"@id":"https:\/\/valika.eu\/fi\/#website"},"primaryImageOfPage":{"@id":"https:\/\/valika.eu\/fi\/toode\/kuunekaarid-95-25mm\/#primaryimage"},"image":{"@id":"https:\/\/valika.eu\/toode\/kuunekaarid-95-25mm\/#primaryimage"},"thumbnailUrl":"https:\/\/valika.eu\/wp-content\/uploads\/2025\/04\/pixelcut-export-5-1.png","datePublished":"2025-04-10T12:56:36+00:00","dateModified":"2025-07-02T02:01:04+00:00","breadcrumb":{"@id":"https:\/\/valika.eu\/fi\/toode\/kuunekaarid-95-25mm\/#breadcrumb"},"inLanguage":"fi","potentialAction":[{"@type":"ReadAction","target":[["https:\/\/valika.eu\/fi\/toode\/kuunekaarid-95-25mm\/"]]}]},{"@type":"ImageObject","inLanguage":"fi","@id":"https:\/\/valika.eu\/fi\/toode\/kuunekaarid-95-25mm\/#primaryimage","url":"https:\/\/valika.eu\/wp-content\/uploads\/2025\/04\/pixelcut-export-5-1.png","contentUrl":"https:\/\/valika.eu\/wp-content\/uploads\/2025\/04\/pixelcut-export-5-1.png","width":1080,"height":1080},{"@type":"BreadcrumbList","@id":"https:\/\/valika.eu\/fi\/toode\/kuunekaarid-95-25mm\/#breadcrumb","itemListElement":[{"@type":"ListItem","position":1,"name":"Koti","item":"https:\/\/valika.eu\/fi\/"},{"@type":"ListItem","position":2,"name":"Shop","item":"https:\/\/valika.eu\/fi\/"},{"@type":"ListItem","position":3,"name":"Nail Scissors 95\/25mm"}]},{"@type":"WebSite","@id":"https:\/\/valika.eu\/fi\/#website","url":"https:\/\/valika.eu\/fi\/","name":"Valika.eu","description":"Salonkituotteet ja kauneudenhoitotuotteet - Valika tarjoaa laajan valikoiman tuotteita ja tarvikkeita kynsiteknikoille, kauneushoitoloille, kampaamoille ja kampaamoille.","publisher":{"@id":"https:\/\/valika.eu\/fi\/#organization"},"alternateName":"Valika","potentialAction":[{"@type":"SearchAction","target":{"@type":"EntryPoint","urlTemplate":"https:\/\/valika.eu\/fi\/?s={search_term_string}"},"query-input":{"@type":"PropertyValueSpecification","valueRequired":true,"valueName":"search_term_string"}}],"inLanguage":"fi"},{"@type":"Organization","@id":"https:\/\/valika.eu\/fi\/#organization","name":"Salongitoode O\u00dc","alternateName":"Valika","url":"https:\/\/valika.eu\/fi\/","logo":{"@type":"ImageObject","inLanguage":"fi","@id":"https:\/\/valika.eu\/fi\/#\/schema\/logo\/image\/","url":"https:\/\/valika.eu\/wp-content\/uploads\/2023\/11\/logo2-valika-footer.png","contentUrl":"https:\/\/valika.eu\/wp-content\/uploads\/2023\/11\/logo2-valika-footer.png","width":200,"height":129,"caption":"Salongitoode O\u00dc"},"image":{"@id":"https:\/\/valika.eu\/fi\/#\/schema\/logo\/image\/"},"sameAs":["https:\/\/www.facebook.com\/tipsi.net"]}]}},"jetpack_sharing_enabled":true,"_links":{"self":[{"href":"https:\/\/valika.eu\/fi\/wp-json\/wp\/v2\/product\/14056","targetHints":{"allow":["GET"]}}],"collection":[{"href":"https:\/\/valika.eu\/fi\/wp-json\/wp\/v2\/product"}],"about":[{"href":"https:\/\/valika.eu\/fi\/wp-json\/wp\/v2\/types\/product"}],"wp:featuredmedia":[{"embeddable":true,"href":"https:\/\/valika.eu\/fi\/wp-json\/wp\/v2\/media\/14070"}],"wp:attachment":[{"href":"https:\/\/valika.eu\/fi\/wp-json\/wp\/v2\/media?parent=14056"}],"wp:term":[{"taxonomy":"product_brand","embeddable":true,"href":"https:\/\/valika.eu\/fi\/wp-json\/wp\/v2\/product_brand?post=14056"},{"taxonomy":"product_cat","embeddable":true,"href":"https:\/\/valika.eu\/fi\/wp-json\/wp\/v2\/product_cat?post=14056"},{"taxonomy":"product_tag","embeddable":true,"href":"https:\/\/valika.eu\/fi\/wp-json\/wp\/v2\/product_tag?post=14056"}],"curies":[{"name":"wp","href":"https:\/\/api.w.org\/{rel}","templated":true}]}}