{"id":14192,"date":"2025-04-16T11:22:55","date_gmt":"2025-04-16T08:22:55","guid":{"rendered":"https:\/\/valika.eu\/?post_type=product&#038;p=14192"},"modified":"2025-10-03T13:23:55","modified_gmt":"2025-10-03T10:23:55","slug":"kuunenahakaarid-kaardus-teraga-95-15mm","status":"publish","type":"product","link":"https:\/\/valika.eu\/fi\/toode\/kuunenahakaarid-kaardus-teraga-95-15mm\/","title":{"rendered":"Kynsinauhasakset kaarevalla ter\u00e4ll\u00e4 95\/15mm"},"content":{"rendered":"<p><\/p>\n<p class=\"\" data-start=\"1280\" data-end=\"1435\">N\u00e4m\u00e4 sakset on valmistettu Pakistanissa tehtaassa, jolla on yli 40 vuoden kokemus ty\u00f6kalujen valmistuksesta.<br data-start=\"1388\" data-end=\"1391\" \/>Valmistettu korkealaatuisimmasta ter\u00e4ksest\u00e4.<\/p>\n<p class=\"\" data-start=\"1437\" data-end=\"1852\">Kutikulasaksissa on ohuet, tarkat k\u00e4rjet ja ter\u00e4v\u00e4 leikkuureuna. Ne sopivat erinomaisesti ei-toivottujen kynsinauhojen ja repeytyneen ihon leikkaamiseen.<br data-start=\"1590\" data-end=\"1593\" \/>Kutikulasakset on valmistettu korkeatasoisesti ja viimeistelty eritt\u00e4in tarkasti. Niiss\u00e4 on s\u00e4\u00e4dett\u00e4v\u00e4 ruuvi, joten niit\u00e4 voi kirist\u00e4\u00e4 tai l\u00f6ys\u00e4t\u00e4 tarpeen mukaan.<br data-start=\"1755\" data-end=\"1758\" \/>Saksissa on kiilt\u00e4v\u00e4 pinta ja ne istuvat mukavasti k\u00e4teen.<\/p>\n<p><\/p>","protected":false},"excerpt":{"rendered":"<p>N\u00e4m\u00e4 sakset on valmistettu Pakistanissa tehtaassa, jolla on yli 40 vuoden kokemus ty\u00f6kalujen valmistuksesta.Valmistettu korkealaatuisimmasta ter\u00e4ksest\u00e4. Kutikulasaksissa on ohuet, tarkat<\/p>\n","protected":false},"featured_media":14196,"template":"","meta":[],"product_brand":[],"product_cat":[642],"product_tag":[],"class_list":{"0":"post-14192","1":"product","2":"type-product","3":"status-publish","4":"has-post-thumbnail","6":"product_cat-tangid-kaarid","8":"first","9":"outofstock","10":"sale","11":"taxable","12":"shipping-taxable","13":"purchasable","14":"product-type-simple"},"yoast_head":"<!-- This site is optimized with the Yoast SEO plugin v24.4 - https:\/\/yoast.com\/wordpress\/plugins\/seo\/ -->\n<title>Kynsinauhasakset kaarevalla ter\u00e4ll\u00e4 95\/15mm | Valika<\/title>\n<meta name=\"robots\" content=\"index, follow, max-snippet:-1, max-image-preview:large, max-video-preview:-1\" \/>\n<link rel=\"canonical\" href=\"https:\/\/valika.eu\/fi\/toode\/kuunenahakaarid-kaardus-teraga-95-15mm\/\" \/>\n<meta property=\"og:locale\" content=\"fi_FI\" \/>\n<meta property=\"og:type\" content=\"article\" \/>\n<meta property=\"og:title\" content=\"Kynsinauhasakset kaarevalla ter\u00e4ll\u00e4 95\/15mm | Valika\" \/>\n<meta property=\"og:description\" content=\"N\u00e4m\u00e4 sakset on valmistettu Pakistanissa tehtaassa, jolla on yli 40 vuoden kokemus ty\u00f6kalujen valmistuksesta.Valmistettu korkealaatuisimmasta ter\u00e4ksest\u00e4. Kutikulasaksissa on ohuet, tarkat\" \/>\n<meta property=\"og:url\" content=\"https:\/\/valika.eu\/fi\/toode\/kuunenahakaarid-kaardus-teraga-95-15mm\/\" \/>\n<meta property=\"og:site_name\" content=\"Valika\" \/>\n<meta property=\"article:publisher\" content=\"https:\/\/www.facebook.com\/tipsi.net\" \/>\n<meta property=\"article:modified_time\" content=\"2025-10-03T10:23:55+00:00\" \/>\n<meta property=\"og:image\" content=\"https:\/\/valika.eu\/wp-content\/uploads\/2025\/04\/kaarid_95_15.png\" \/>\n\t<meta property=\"og:image:width\" content=\"1080\" \/>\n\t<meta property=\"og:image:height\" content=\"1080\" \/>\n\t<meta property=\"og:image:type\" content=\"image\/png\" \/>\n<meta name=\"twitter:card\" content=\"summary_large_image\" \/>\n<script type=\"application\/ld+json\" class=\"yoast-schema-graph\">{\"@context\":\"https:\/\/schema.org\",\"@graph\":[{\"@type\":\"WebPage\",\"@id\":\"https:\/\/valika.eu\/fi\/toode\/kuunenahakaarid-kaardus-teraga-95-15mm\/\",\"url\":\"https:\/\/valika.eu\/fi\/toode\/kuunenahakaarid-kaardus-teraga-95-15mm\/\",\"name\":\"Kynsinauhasakset kaarevalla ter\u00e4ll\u00e4 95\/15mm | Valika\",\"isPartOf\":{\"@id\":\"https:\/\/valika.eu\/fi\/#website\"},\"primaryImageOfPage\":{\"@id\":\"https:\/\/valika.eu\/fi\/toode\/kuunenahakaarid-kaardus-teraga-95-15mm\/#primaryimage\"},\"image\":{\"@id\":\"https:\/\/valika.eu\/toode\/kuunenahakaarid-kaardus-teraga-95-15mm\/#primaryimage\"},\"thumbnailUrl\":\"https:\/\/valika.eu\/wp-content\/uploads\/2025\/04\/kaarid_95_15.png\",\"datePublished\":\"2025-04-16T08:22:55+00:00\",\"dateModified\":\"2025-10-03T10:23:55+00:00\",\"breadcrumb\":{\"@id\":\"https:\/\/valika.eu\/fi\/toode\/kuunenahakaarid-kaardus-teraga-95-15mm\/#breadcrumb\"},\"inLanguage\":\"fi\",\"potentialAction\":[{\"@type\":\"ReadAction\",\"target\":[[\"https:\/\/valika.eu\/fi\/toode\/kuunenahakaarid-kaardus-teraga-95-15mm\/\"]]}]},{\"@type\":\"ImageObject\",\"inLanguage\":\"fi\",\"@id\":\"https:\/\/valika.eu\/fi\/toode\/kuunenahakaarid-kaardus-teraga-95-15mm\/#primaryimage\",\"url\":\"https:\/\/valika.eu\/wp-content\/uploads\/2025\/04\/kaarid_95_15.png\",\"contentUrl\":\"https:\/\/valika.eu\/wp-content\/uploads\/2025\/04\/kaarid_95_15.png\",\"width\":1080,\"height\":1080},{\"@type\":\"BreadcrumbList\",\"@id\":\"https:\/\/valika.eu\/fi\/toode\/kuunenahakaarid-kaardus-teraga-95-15mm\/#breadcrumb\",\"itemListElement\":[{\"@type\":\"ListItem\",\"position\":1,\"name\":\"Koti\",\"item\":\"https:\/\/valika.eu\/fi\/\"},{\"@type\":\"ListItem\",\"position\":2,\"name\":\"Shop\",\"item\":\"https:\/\/valika.eu\/fi\/\"},{\"@type\":\"ListItem\",\"position\":3,\"name\":\"K\u00fc\u00fcnenahak\u00e4\u00e4rid kaardus teraga 95\/15mm\"}]},{\"@type\":\"WebSite\",\"@id\":\"https:\/\/valika.eu\/fi\/#website\",\"url\":\"https:\/\/valika.eu\/fi\/\",\"name\":\"Valika.eu\",\"description\":\"Salonkituotteet ja kauneudenhoitotuotteet - Valika tarjoaa laajan valikoiman tuotteita ja tarvikkeita kynsiteknikoille, kauneushoitoloille, kampaamoille ja kampaamoille.\",\"publisher\":{\"@id\":\"https:\/\/valika.eu\/fi\/#organization\"},\"alternateName\":\"Valika\",\"potentialAction\":[{\"@type\":\"SearchAction\",\"target\":{\"@type\":\"EntryPoint\",\"urlTemplate\":\"https:\/\/valika.eu\/fi\/?s={search_term_string}\"},\"query-input\":{\"@type\":\"PropertyValueSpecification\",\"valueRequired\":true,\"valueName\":\"search_term_string\"}}],\"inLanguage\":\"fi\"},{\"@type\":\"Organization\",\"@id\":\"https:\/\/valika.eu\/fi\/#organization\",\"name\":\"Salongitoode O\u00dc\",\"alternateName\":\"Valika\",\"url\":\"https:\/\/valika.eu\/fi\/\",\"logo\":{\"@type\":\"ImageObject\",\"inLanguage\":\"fi\",\"@id\":\"https:\/\/valika.eu\/fi\/#\/schema\/logo\/image\/\",\"url\":\"https:\/\/valika.eu\/wp-content\/uploads\/2023\/11\/logo2-valika-footer.png\",\"contentUrl\":\"https:\/\/valika.eu\/wp-content\/uploads\/2023\/11\/logo2-valika-footer.png\",\"width\":200,\"height\":129,\"caption\":\"Salongitoode O\u00dc\"},\"image\":{\"@id\":\"https:\/\/valika.eu\/fi\/#\/schema\/logo\/image\/\"},\"sameAs\":[\"https:\/\/www.facebook.com\/tipsi.net\"]}]}<\/script>\n<!-- \/ Yoast SEO plugin. -->","yoast_head_json":{"title":"Kynsinauhasakset kaarevalla ter\u00e4ll\u00e4 95\/15mm | Valika","robots":{"index":"index","follow":"follow","max-snippet":"max-snippet:-1","max-image-preview":"max-image-preview:large","max-video-preview":"max-video-preview:-1"},"canonical":"https:\/\/valika.eu\/fi\/toode\/kuunenahakaarid-kaardus-teraga-95-15mm\/","og_locale":"fi_FI","og_type":"article","og_title":"Kynsinauhasakset kaarevalla ter\u00e4ll\u00e4 95\/15mm | Valika","og_description":"N\u00e4m\u00e4 sakset on valmistettu Pakistanissa tehtaassa, jolla on yli 40 vuoden kokemus ty\u00f6kalujen valmistuksesta.Valmistettu korkealaatuisimmasta ter\u00e4ksest\u00e4. Kutikulasaksissa on ohuet, tarkat","og_url":"https:\/\/valika.eu\/fi\/toode\/kuunenahakaarid-kaardus-teraga-95-15mm\/","og_site_name":"Valika","article_publisher":"https:\/\/www.facebook.com\/tipsi.net","article_modified_time":"2025-10-03T10:23:55+00:00","og_image":[{"width":1080,"height":1080,"url":"https:\/\/valika.eu\/wp-content\/uploads\/2025\/04\/kaarid_95_15.png","type":"image\/png"}],"twitter_card":"summary_large_image","schema":{"@context":"https:\/\/schema.org","@graph":[{"@type":"WebPage","@id":"https:\/\/valika.eu\/fi\/toode\/kuunenahakaarid-kaardus-teraga-95-15mm\/","url":"https:\/\/valika.eu\/fi\/toode\/kuunenahakaarid-kaardus-teraga-95-15mm\/","name":"Kynsinauhasakset kaarevalla ter\u00e4ll\u00e4 95\/15mm | Valika","isPartOf":{"@id":"https:\/\/valika.eu\/fi\/#website"},"primaryImageOfPage":{"@id":"https:\/\/valika.eu\/fi\/toode\/kuunenahakaarid-kaardus-teraga-95-15mm\/#primaryimage"},"image":{"@id":"https:\/\/valika.eu\/toode\/kuunenahakaarid-kaardus-teraga-95-15mm\/#primaryimage"},"thumbnailUrl":"https:\/\/valika.eu\/wp-content\/uploads\/2025\/04\/kaarid_95_15.png","datePublished":"2025-04-16T08:22:55+00:00","dateModified":"2025-10-03T10:23:55+00:00","breadcrumb":{"@id":"https:\/\/valika.eu\/fi\/toode\/kuunenahakaarid-kaardus-teraga-95-15mm\/#breadcrumb"},"inLanguage":"fi","potentialAction":[{"@type":"ReadAction","target":[["https:\/\/valika.eu\/fi\/toode\/kuunenahakaarid-kaardus-teraga-95-15mm\/"]]}]},{"@type":"ImageObject","inLanguage":"fi","@id":"https:\/\/valika.eu\/fi\/toode\/kuunenahakaarid-kaardus-teraga-95-15mm\/#primaryimage","url":"https:\/\/valika.eu\/wp-content\/uploads\/2025\/04\/kaarid_95_15.png","contentUrl":"https:\/\/valika.eu\/wp-content\/uploads\/2025\/04\/kaarid_95_15.png","width":1080,"height":1080},{"@type":"BreadcrumbList","@id":"https:\/\/valika.eu\/fi\/toode\/kuunenahakaarid-kaardus-teraga-95-15mm\/#breadcrumb","itemListElement":[{"@type":"ListItem","position":1,"name":"Koti","item":"https:\/\/valika.eu\/fi\/"},{"@type":"ListItem","position":2,"name":"Shop","item":"https:\/\/valika.eu\/fi\/"},{"@type":"ListItem","position":3,"name":"K\u00fc\u00fcnenahak\u00e4\u00e4rid kaardus teraga 95\/15mm"}]},{"@type":"WebSite","@id":"https:\/\/valika.eu\/fi\/#website","url":"https:\/\/valika.eu\/fi\/","name":"Valika.eu","description":"Salonkituotteet ja kauneudenhoitotuotteet - Valika tarjoaa laajan valikoiman tuotteita ja tarvikkeita kynsiteknikoille, kauneushoitoloille, kampaamoille ja kampaamoille.","publisher":{"@id":"https:\/\/valika.eu\/fi\/#organization"},"alternateName":"Valika","potentialAction":[{"@type":"SearchAction","target":{"@type":"EntryPoint","urlTemplate":"https:\/\/valika.eu\/fi\/?s={search_term_string}"},"query-input":{"@type":"PropertyValueSpecification","valueRequired":true,"valueName":"search_term_string"}}],"inLanguage":"fi"},{"@type":"Organization","@id":"https:\/\/valika.eu\/fi\/#organization","name":"Salongitoode O\u00dc","alternateName":"Valika","url":"https:\/\/valika.eu\/fi\/","logo":{"@type":"ImageObject","inLanguage":"fi","@id":"https:\/\/valika.eu\/fi\/#\/schema\/logo\/image\/","url":"https:\/\/valika.eu\/wp-content\/uploads\/2023\/11\/logo2-valika-footer.png","contentUrl":"https:\/\/valika.eu\/wp-content\/uploads\/2023\/11\/logo2-valika-footer.png","width":200,"height":129,"caption":"Salongitoode O\u00dc"},"image":{"@id":"https:\/\/valika.eu\/fi\/#\/schema\/logo\/image\/"},"sameAs":["https:\/\/www.facebook.com\/tipsi.net"]}]}},"jetpack_sharing_enabled":true,"_links":{"self":[{"href":"https:\/\/valika.eu\/fi\/wp-json\/wp\/v2\/product\/14192","targetHints":{"allow":["GET"]}}],"collection":[{"href":"https:\/\/valika.eu\/fi\/wp-json\/wp\/v2\/product"}],"about":[{"href":"https:\/\/valika.eu\/fi\/wp-json\/wp\/v2\/types\/product"}],"wp:featuredmedia":[{"embeddable":true,"href":"https:\/\/valika.eu\/fi\/wp-json\/wp\/v2\/media\/14196"}],"wp:attachment":[{"href":"https:\/\/valika.eu\/fi\/wp-json\/wp\/v2\/media?parent=14192"}],"wp:term":[{"taxonomy":"product_brand","embeddable":true,"href":"https:\/\/valika.eu\/fi\/wp-json\/wp\/v2\/product_brand?post=14192"},{"taxonomy":"product_cat","embeddable":true,"href":"https:\/\/valika.eu\/fi\/wp-json\/wp\/v2\/product_cat?post=14192"},{"taxonomy":"product_tag","embeddable":true,"href":"https:\/\/valika.eu\/fi\/wp-json\/wp\/v2\/product_tag?post=14192"}],"curies":[{"name":"wp","href":"https:\/\/api.w.org\/{rel}","templated":true}]}}