{"id":14608,"date":"2025-05-20T14:49:43","date_gmt":"2025-05-20T11:49:43","guid":{"rendered":"https:\/\/valika.eu\/?post_type=product&#038;p=14608"},"modified":"2026-03-08T14:23:40","modified_gmt":"2026-03-08T12:23:40","slug":"labipaistev-brushup-base-for-gel-must-be-bonder-one-all-clear-alusgeel-5-g","status":"publish","type":"product","link":"https:\/\/valika.eu\/fi\/toode\/labipaistev-brushup-base-for-gel-must-be-bonder-one-all-clear-alusgeel-5-g\/","title":{"rendered":"L\u00e4pin\u00e4kyv\u00e4 pohjageeli Brush UP base for Gel Must Be: Bonder One All Clear 5 g"},"content":{"rendered":"<p><\/p>\n<p class=\"\" data-start=\"4000\" data-end=\"4279\"><strong data-start=\"4000\" data-end=\"4047\">Brush UP Base for Gel: Bonder One All Clear<\/strong> on l\u00e4pin\u00e4kyv\u00e4 kynsipohjuste, joka sopii t\u00e4ydellisesti kynsilevyn valmisteluun ennen Brush UP -rakennusgeelin levityst\u00e4. Se luo suojaavan kerroksen luonnonkynnen ja geelin v\u00e4liin, parantaen merkitt\u00e4v\u00e4sti rakennusgeelin tarttuvuutta.<\/p>\n<p class=\"\" data-start=\"4281\" data-end=\"4456\">Erityisen hyv\u00e4 ongelmallisille ja pehmeille kynsille \u2013 sen koostumus tarjoaa lis\u00e4suojaa ja kest\u00e4vyytt\u00e4. Helppo k\u00e4ytt\u00e4\u00e4 \u2013 t\u00e4ydellinen sek\u00e4 aloittelijoille ett\u00e4 ammattilaisille.<\/p>\n<p class=\"\" data-start=\"4458\" data-end=\"4509\"><strong data-start=\"4458\" data-end=\"4509\">Miksi valita Brush UP Base for Gel: Bonder One?<\/strong><\/p>\n<ul data-start=\"4510\" data-end=\"5230\">\n<li class=\"\" data-start=\"4510\" data-end=\"4552\">\n<p class=\"\" data-start=\"4512\" data-end=\"4552\">Ensimm\u00e4inen kerros rakennusgeelin alle<\/p>\n<\/li>\n<li class=\"\" data-start=\"4553\" data-end=\"4604\">\n<p class=\"\" data-start=\"4555\" data-end=\"4604\">Parantaa seuraavien geelikerrosten tarttuvuutta<\/p>\n<\/li>\n<li class=\"\" data-start=\"4605\" data-end=\"4644\">\n<p class=\"\" data-start=\"4607\" data-end=\"4644\">Paksu koostumus \u2013 viskositeetti 3\/5<\/p>\n<\/li>\n<li class=\"\" data-start=\"4645\" data-end=\"4671\">\n<p class=\"\" data-start=\"4647\" data-end=\"4671\">Ei valu kynsinauhoihin<\/p>\n<\/li>\n<li class=\"\" data-start=\"4672\" data-end=\"4691\">\n<p class=\"\" data-start=\"4674\" data-end=\"4691\">L\u00e4pin\u00e4kyv\u00e4 v\u00e4ri<\/p>\n<\/li>\n<li class=\"\" data-start=\"4692\" data-end=\"4728\">\n<p class=\"\" data-start=\"4694\" data-end=\"4728\">J\u00e4tt\u00e4\u00e4 tahmean dispersion pinnan<\/p>\n<\/li>\n<li class=\"\" data-start=\"4729\" data-end=\"4769\">\n<p class=\"\" data-start=\"4731\" data-end=\"4769\">Sopii geelitekniikkaan (builder gel)<\/p>\n<\/li>\n<li class=\"\" data-start=\"4770\" data-end=\"4817\">\n<p class=\"\" data-start=\"4772\" data-end=\"4817\">Kest\u00e4\u00e4 jopa 3 viikkoa oikealla levityksell\u00e4<\/p>\n<\/li>\n<li class=\"\" data-start=\"4818\" data-end=\"4837\">\n<p class=\"\" data-start=\"4820\" data-end=\"4837\">Helppo levitt\u00e4\u00e4<\/p>\n<\/li>\n<li class=\"\" data-start=\"4838\" data-end=\"5005\">\n<p class=\"\" data-start=\"4840\" data-end=\"5005\">Ei sis\u00e4ll\u00e4 haitallisia tai myrkyllisi\u00e4 aineita (ei sis\u00e4ll\u00e4: tolueenia, DBP:t\u00e4, formaldehydi\u00e4, formaldehydihartsia, kamferia, TPHP:t\u00e4, ksyleeni\u00e4, triklosaania jne.)<\/p>\n<\/li>\n<li class=\"\" data-start=\"5006\" data-end=\"5020\">\n<p class=\"\" data-start=\"5008\" data-end=\"5020\">Vegaaninen<\/p>\n<\/li>\n<li class=\"\" data-start=\"5021\" data-end=\"5038\">\n<p class=\"\" data-start=\"5023\" data-end=\"5038\">El\u00e4inkokeeton<\/p>\n<\/li>\n<li class=\"\" data-start=\"5039\" data-end=\"5068\">\n<p class=\"\" data-start=\"5041\" data-end=\"5068\">Dermatologisesti testattu<\/p>\n<\/li>\n<li class=\"\" data-start=\"5069\" data-end=\"5088\">\n<p class=\"\" data-start=\"5071\" data-end=\"5088\">Ammattik\u00e4ytt\u00f6\u00f6n<\/p>\n<\/li>\n<li class=\"\" data-start=\"5089\" data-end=\"5123\">\n<p class=\"\" data-start=\"5091\" data-end=\"5123\">Valmistettu Euroopan unionissa<\/p>\n<\/li>\n<li class=\"\" data-start=\"5124\" data-end=\"5159\">\n<p class=\"\" data-start=\"5126\" data-end=\"5159\">Kaikki raaka-aineet EU-per\u00e4isi\u00e4<\/p>\n<\/li>\n<li class=\"\" data-start=\"5160\" data-end=\"5215\">\n<p class=\"\" data-start=\"5162\" data-end=\"5215\">UV\/LED-lamppu \u2013 60 sekuntia lampun tehosta riippuen<\/p>\n<\/li>\n<li class=\"\" data-start=\"5216\" data-end=\"5230\">\n<p class=\"\" data-start=\"5218\" data-end=\"5230\">Pakkaus: 5 g<\/p>\n<\/li>\n<\/ul>\n<p>&nbsp;<\/p>\n<p class=\"\" data-start=\"4462\" data-end=\"4757\"><strong data-start=\"4462\" data-end=\"4534\">Kuinka k\u00e4ytt\u00e4\u00e4 Brush UP! Base for Gel Must Be: Bonder One All Clear?<\/strong><br data-start=\"4534\" data-end=\"4537\" \/>Oikea kynsien valmistelu on avain pitk\u00e4kestoiseen ja virheett\u00f6m\u00e4\u00e4n manikyyriin! Brush UP! Bonder One All Clear on pohja, joka tarttuu t\u00e4ydellisesti kynteen ja luo ihanteellisen perustan rakennegeelille. N\u00e4in k\u00e4yt\u00e4t sit\u00e4:<\/p>\n<ol data-start=\"4759\" data-end=\"5657\">\n<li class=\"\" data-start=\"4759\" data-end=\"4961\">\n<p class=\"\" data-start=\"4762\" data-end=\"4961\"><strong data-start=\"4762\" data-end=\"4784\">Kynsien valmistelu<\/strong> \u2013 Poista kynsinauhat, lyhenn\u00e4 ja muotoile kynnet, kevyesti viilaa pinta mattapintaiseksi. Suosittelemme Brush UP kynsinauhanpoistoainetta. Muista puhdistaa kynnet cleanserilla.<\/p>\n<\/li>\n<li class=\"\" data-start=\"4962\" data-end=\"5106\">\n<p class=\"\" data-start=\"4965\" data-end=\"5106\"><strong data-start=\"4965\" data-end=\"4985\">Primerin levitys<\/strong> \u2013 Levit\u00e4 primer kynsilevylle ja anna sen kuivua ilmassa. T\u00e4m\u00e4 vaihe on t\u00e4rke\u00e4 optimaalisen tarttuvuuden saavuttamiseksi.<\/p>\n<\/li>\n<li class=\"\" data-start=\"5107\" data-end=\"5285\">\n<p class=\"\" data-start=\"5110\" data-end=\"5285\"><strong data-start=\"5110\" data-end=\"5150\">Bonder One All Clear -pohjan levitys<\/strong> \u2013 Levit\u00e4 ohut, tasainen kerros jokaiseen kynteen. Koveta UV\/LED-lampulla v\u00e4hint\u00e4\u00e4n 60 sekuntia saadaksesi tasaisen ja kest\u00e4v\u00e4n pohjan.<\/p>\n<\/li>\n<li class=\"\" data-start=\"5286\" data-end=\"5479\">\n<p class=\"\" data-start=\"5289\" data-end=\"5479\"><strong data-start=\"5289\" data-end=\"5318\">Haluatko pidemm\u00e4t kynnet?<\/strong> \u2013 Aseta muotti kynnen alle ja levit\u00e4 Brush UP builder gel haluttuun muotoon. Geelin paksu mutta joustava koostumus helpottaa levityst\u00e4 eik\u00e4 valu kynsinauhoille.<\/p>\n<\/li>\n<li class=\"\" data-start=\"5480\" data-end=\"5657\">\n<p class=\"\" data-start=\"5483\" data-end=\"5657\"><strong data-start=\"5483\" data-end=\"5498\">Viimeistely<\/strong> \u2013 Muotoilun j\u00e4lkeen levit\u00e4 p\u00e4\u00e4llyslakka (Brush UP top coat) saadaksesi t\u00e4ydellisen kiillon. Viimeistele hoitamalla kynsinauhat Brush UP \u00f6ljyll\u00e4 tai voiteella.<\/p>\n<\/li>\n<\/ol>\n<p class=\"\" data-start=\"5659\" data-end=\"5772\"><strong data-start=\"5659\" data-end=\"5772\">T\u00e4ydellinen manikyyri kest\u00e4\u00e4 jopa 3 viikkoa Brush UP! Base for Gel Must Be: Bonder One All Clear -tuotteella!<\/strong><\/p>\n<p><\/p>","protected":false},"excerpt":{"rendered":"<p>Brush UP Base for Gel: Bonder One All Clear on l\u00e4pin\u00e4kyv\u00e4 kynsipohjuste, joka sopii t\u00e4ydellisesti kynsilevyn valmisteluun ennen Brush UP<\/p>\n","protected":false},"featured_media":14609,"template":"","meta":[],"product_brand":[],"product_cat":[666,567,362,37],"product_tag":[],"class_list":{"0":"post-14608","1":"product","2":"type-product","3":"status-publish","4":"has-post-thumbnail","6":"product_cat-brush-up","7":"product_cat-palutopbase","8":"product_cat-claresabasegel","9":"product_cat-alusgeelid","11":"first","12":"outofstock","13":"taxable","14":"shipping-taxable","15":"purchasable","16":"product-type-simple"},"yoast_head":"<!-- This site is optimized with the Yoast SEO plugin v24.4 - https:\/\/yoast.com\/wordpress\/plugins\/seo\/ -->\n<title>L\u00e4pin\u00e4kyv\u00e4 pohjageeli Brush UP base for Gel Must Be: Bonder One All Clear 5 g  | Valika<\/title>\n<meta name=\"robots\" content=\"index, follow, max-snippet:-1, max-image-preview:large, max-video-preview:-1\" \/>\n<link rel=\"canonical\" href=\"https:\/\/valika.eu\/fi\/toode\/labipaistev-brushup-base-for-gel-must-be-bonder-one-all-clear-alusgeel-5-g\/\" \/>\n<meta property=\"og:locale\" content=\"fi_FI\" \/>\n<meta property=\"og:type\" content=\"article\" \/>\n<meta property=\"og:title\" content=\"L\u00e4pin\u00e4kyv\u00e4 pohjageeli Brush UP base for Gel Must Be: Bonder One All Clear 5 g  | Valika\" \/>\n<meta property=\"og:description\" content=\"Brush UP Base for Gel: Bonder One All Clear on l\u00e4pin\u00e4kyv\u00e4 kynsipohjuste, joka sopii t\u00e4ydellisesti kynsilevyn valmisteluun ennen Brush UP\" \/>\n<meta property=\"og:url\" content=\"https:\/\/valika.eu\/fi\/toode\/labipaistev-brushup-base-for-gel-must-be-bonder-one-all-clear-alusgeel-5-g\/\" \/>\n<meta property=\"og:site_name\" content=\"Valika\" \/>\n<meta property=\"article:publisher\" content=\"https:\/\/www.facebook.com\/tipsi.net\" \/>\n<meta property=\"article:modified_time\" content=\"2026-03-08T12:23:40+00:00\" \/>\n<meta property=\"og:image\" content=\"https:\/\/valika.eu\/wp-content\/uploads\/2025\/05\/1Brush-UP-base-for-Gel-Must-Be-Bonder-One-All-Clear-2.jpg\" \/>\n\t<meta property=\"og:image:width\" content=\"1670\" \/>\n\t<meta property=\"og:image:height\" content=\"1662\" \/>\n\t<meta property=\"og:image:type\" content=\"image\/jpeg\" \/>\n<meta name=\"twitter:card\" content=\"summary_large_image\" \/>\n<script type=\"application\/ld+json\" class=\"yoast-schema-graph\">{\"@context\":\"https:\/\/schema.org\",\"@graph\":[{\"@type\":\"WebPage\",\"@id\":\"https:\/\/valika.eu\/fi\/toode\/labipaistev-brushup-base-for-gel-must-be-bonder-one-all-clear-alusgeel-5-g\/\",\"url\":\"https:\/\/valika.eu\/fi\/toode\/labipaistev-brushup-base-for-gel-must-be-bonder-one-all-clear-alusgeel-5-g\/\",\"name\":\"L\u00e4pin\u00e4kyv\u00e4 pohjageeli Brush UP base for Gel Must Be: Bonder One All Clear 5 g  | Valika\",\"isPartOf\":{\"@id\":\"https:\/\/valika.eu\/fi\/#website\"},\"primaryImageOfPage\":{\"@id\":\"https:\/\/valika.eu\/fi\/toode\/labipaistev-brushup-base-for-gel-must-be-bonder-one-all-clear-alusgeel-5-g\/#primaryimage\"},\"image\":{\"@id\":\"https:\/\/valika.eu\/toode\/labipaistev-brushup-base-for-gel-must-be-bonder-one-all-clear-alusgeel-5-g\/#primaryimage\"},\"thumbnailUrl\":\"https:\/\/valika.eu\/wp-content\/uploads\/2025\/05\/1Brush-UP-base-for-Gel-Must-Be-Bonder-One-All-Clear-2.jpg\",\"datePublished\":\"2025-05-20T11:49:43+00:00\",\"dateModified\":\"2026-03-08T12:23:40+00:00\",\"breadcrumb\":{\"@id\":\"https:\/\/valika.eu\/fi\/toode\/labipaistev-brushup-base-for-gel-must-be-bonder-one-all-clear-alusgeel-5-g\/#breadcrumb\"},\"inLanguage\":\"fi\",\"potentialAction\":[{\"@type\":\"ReadAction\",\"target\":[[\"https:\/\/valika.eu\/fi\/toode\/labipaistev-brushup-base-for-gel-must-be-bonder-one-all-clear-alusgeel-5-g\/\"]]}]},{\"@type\":\"ImageObject\",\"inLanguage\":\"fi\",\"@id\":\"https:\/\/valika.eu\/fi\/toode\/labipaistev-brushup-base-for-gel-must-be-bonder-one-all-clear-alusgeel-5-g\/#primaryimage\",\"url\":\"https:\/\/valika.eu\/wp-content\/uploads\/2025\/05\/1Brush-UP-base-for-Gel-Must-Be-Bonder-One-All-Clear-2.jpg\",\"contentUrl\":\"https:\/\/valika.eu\/wp-content\/uploads\/2025\/05\/1Brush-UP-base-for-Gel-Must-Be-Bonder-One-All-Clear-2.jpg\",\"width\":1670,\"height\":1662},{\"@type\":\"BreadcrumbList\",\"@id\":\"https:\/\/valika.eu\/fi\/toode\/labipaistev-brushup-base-for-gel-must-be-bonder-one-all-clear-alusgeel-5-g\/#breadcrumb\",\"itemListElement\":[{\"@type\":\"ListItem\",\"position\":1,\"name\":\"Koti\",\"item\":\"https:\/\/valika.eu\/fi\/\"},{\"@type\":\"ListItem\",\"position\":2,\"name\":\"Shop\",\"item\":\"https:\/\/valika.eu\/fi\/\"},{\"@type\":\"ListItem\",\"position\":3,\"name\":\"\u041f\u0440\u043e\u0437\u0440\u0430\u0447\u043d\u0430\u044f \u0431\u0430\u0437\u0430 BrushUp! base for Gel Must Be: Bonder One All Clear 5 g\"}]},{\"@type\":\"WebSite\",\"@id\":\"https:\/\/valika.eu\/fi\/#website\",\"url\":\"https:\/\/valika.eu\/fi\/\",\"name\":\"Valika.eu\",\"description\":\"Salonkituotteet ja kauneudenhoitotuotteet - Valika tarjoaa laajan valikoiman tuotteita ja tarvikkeita kynsiteknikoille, kauneushoitoloille, kampaamoille ja kampaamoille.\",\"publisher\":{\"@id\":\"https:\/\/valika.eu\/fi\/#organization\"},\"alternateName\":\"Valika\",\"potentialAction\":[{\"@type\":\"SearchAction\",\"target\":{\"@type\":\"EntryPoint\",\"urlTemplate\":\"https:\/\/valika.eu\/fi\/?s={search_term_string}\"},\"query-input\":{\"@type\":\"PropertyValueSpecification\",\"valueRequired\":true,\"valueName\":\"search_term_string\"}}],\"inLanguage\":\"fi\"},{\"@type\":\"Organization\",\"@id\":\"https:\/\/valika.eu\/fi\/#organization\",\"name\":\"Salongitoode O\u00dc\",\"alternateName\":\"Valika\",\"url\":\"https:\/\/valika.eu\/fi\/\",\"logo\":{\"@type\":\"ImageObject\",\"inLanguage\":\"fi\",\"@id\":\"https:\/\/valika.eu\/fi\/#\/schema\/logo\/image\/\",\"url\":\"https:\/\/valika.eu\/wp-content\/uploads\/2023\/11\/logo2-valika-footer.png\",\"contentUrl\":\"https:\/\/valika.eu\/wp-content\/uploads\/2023\/11\/logo2-valika-footer.png\",\"width\":200,\"height\":129,\"caption\":\"Salongitoode O\u00dc\"},\"image\":{\"@id\":\"https:\/\/valika.eu\/fi\/#\/schema\/logo\/image\/\"},\"sameAs\":[\"https:\/\/www.facebook.com\/tipsi.net\"]}]}<\/script>\n<!-- \/ Yoast SEO plugin. -->","yoast_head_json":{"title":"L\u00e4pin\u00e4kyv\u00e4 pohjageeli Brush UP base for Gel Must Be: Bonder One All Clear 5 g  | Valika","robots":{"index":"index","follow":"follow","max-snippet":"max-snippet:-1","max-image-preview":"max-image-preview:large","max-video-preview":"max-video-preview:-1"},"canonical":"https:\/\/valika.eu\/fi\/toode\/labipaistev-brushup-base-for-gel-must-be-bonder-one-all-clear-alusgeel-5-g\/","og_locale":"fi_FI","og_type":"article","og_title":"L\u00e4pin\u00e4kyv\u00e4 pohjageeli Brush UP base for Gel Must Be: Bonder One All Clear 5 g  | Valika","og_description":"Brush UP Base for Gel: Bonder One All Clear on l\u00e4pin\u00e4kyv\u00e4 kynsipohjuste, joka sopii t\u00e4ydellisesti kynsilevyn valmisteluun ennen Brush UP","og_url":"https:\/\/valika.eu\/fi\/toode\/labipaistev-brushup-base-for-gel-must-be-bonder-one-all-clear-alusgeel-5-g\/","og_site_name":"Valika","article_publisher":"https:\/\/www.facebook.com\/tipsi.net","article_modified_time":"2026-03-08T12:23:40+00:00","og_image":[{"width":1670,"height":1662,"url":"https:\/\/valika.eu\/wp-content\/uploads\/2025\/05\/1Brush-UP-base-for-Gel-Must-Be-Bonder-One-All-Clear-2.jpg","type":"image\/jpeg"}],"twitter_card":"summary_large_image","schema":{"@context":"https:\/\/schema.org","@graph":[{"@type":"WebPage","@id":"https:\/\/valika.eu\/fi\/toode\/labipaistev-brushup-base-for-gel-must-be-bonder-one-all-clear-alusgeel-5-g\/","url":"https:\/\/valika.eu\/fi\/toode\/labipaistev-brushup-base-for-gel-must-be-bonder-one-all-clear-alusgeel-5-g\/","name":"L\u00e4pin\u00e4kyv\u00e4 pohjageeli Brush UP base for Gel Must Be: Bonder One All Clear 5 g  | Valika","isPartOf":{"@id":"https:\/\/valika.eu\/fi\/#website"},"primaryImageOfPage":{"@id":"https:\/\/valika.eu\/fi\/toode\/labipaistev-brushup-base-for-gel-must-be-bonder-one-all-clear-alusgeel-5-g\/#primaryimage"},"image":{"@id":"https:\/\/valika.eu\/toode\/labipaistev-brushup-base-for-gel-must-be-bonder-one-all-clear-alusgeel-5-g\/#primaryimage"},"thumbnailUrl":"https:\/\/valika.eu\/wp-content\/uploads\/2025\/05\/1Brush-UP-base-for-Gel-Must-Be-Bonder-One-All-Clear-2.jpg","datePublished":"2025-05-20T11:49:43+00:00","dateModified":"2026-03-08T12:23:40+00:00","breadcrumb":{"@id":"https:\/\/valika.eu\/fi\/toode\/labipaistev-brushup-base-for-gel-must-be-bonder-one-all-clear-alusgeel-5-g\/#breadcrumb"},"inLanguage":"fi","potentialAction":[{"@type":"ReadAction","target":[["https:\/\/valika.eu\/fi\/toode\/labipaistev-brushup-base-for-gel-must-be-bonder-one-all-clear-alusgeel-5-g\/"]]}]},{"@type":"ImageObject","inLanguage":"fi","@id":"https:\/\/valika.eu\/fi\/toode\/labipaistev-brushup-base-for-gel-must-be-bonder-one-all-clear-alusgeel-5-g\/#primaryimage","url":"https:\/\/valika.eu\/wp-content\/uploads\/2025\/05\/1Brush-UP-base-for-Gel-Must-Be-Bonder-One-All-Clear-2.jpg","contentUrl":"https:\/\/valika.eu\/wp-content\/uploads\/2025\/05\/1Brush-UP-base-for-Gel-Must-Be-Bonder-One-All-Clear-2.jpg","width":1670,"height":1662},{"@type":"BreadcrumbList","@id":"https:\/\/valika.eu\/fi\/toode\/labipaistev-brushup-base-for-gel-must-be-bonder-one-all-clear-alusgeel-5-g\/#breadcrumb","itemListElement":[{"@type":"ListItem","position":1,"name":"Koti","item":"https:\/\/valika.eu\/fi\/"},{"@type":"ListItem","position":2,"name":"Shop","item":"https:\/\/valika.eu\/fi\/"},{"@type":"ListItem","position":3,"name":"\u041f\u0440\u043e\u0437\u0440\u0430\u0447\u043d\u0430\u044f \u0431\u0430\u0437\u0430 BrushUp! base for Gel Must Be: Bonder One All Clear 5 g"}]},{"@type":"WebSite","@id":"https:\/\/valika.eu\/fi\/#website","url":"https:\/\/valika.eu\/fi\/","name":"Valika.eu","description":"Salonkituotteet ja kauneudenhoitotuotteet - Valika tarjoaa laajan valikoiman tuotteita ja tarvikkeita kynsiteknikoille, kauneushoitoloille, kampaamoille ja kampaamoille.","publisher":{"@id":"https:\/\/valika.eu\/fi\/#organization"},"alternateName":"Valika","potentialAction":[{"@type":"SearchAction","target":{"@type":"EntryPoint","urlTemplate":"https:\/\/valika.eu\/fi\/?s={search_term_string}"},"query-input":{"@type":"PropertyValueSpecification","valueRequired":true,"valueName":"search_term_string"}}],"inLanguage":"fi"},{"@type":"Organization","@id":"https:\/\/valika.eu\/fi\/#organization","name":"Salongitoode O\u00dc","alternateName":"Valika","url":"https:\/\/valika.eu\/fi\/","logo":{"@type":"ImageObject","inLanguage":"fi","@id":"https:\/\/valika.eu\/fi\/#\/schema\/logo\/image\/","url":"https:\/\/valika.eu\/wp-content\/uploads\/2023\/11\/logo2-valika-footer.png","contentUrl":"https:\/\/valika.eu\/wp-content\/uploads\/2023\/11\/logo2-valika-footer.png","width":200,"height":129,"caption":"Salongitoode O\u00dc"},"image":{"@id":"https:\/\/valika.eu\/fi\/#\/schema\/logo\/image\/"},"sameAs":["https:\/\/www.facebook.com\/tipsi.net"]}]}},"jetpack_sharing_enabled":true,"_links":{"self":[{"href":"https:\/\/valika.eu\/fi\/wp-json\/wp\/v2\/product\/14608","targetHints":{"allow":["GET"]}}],"collection":[{"href":"https:\/\/valika.eu\/fi\/wp-json\/wp\/v2\/product"}],"about":[{"href":"https:\/\/valika.eu\/fi\/wp-json\/wp\/v2\/types\/product"}],"wp:featuredmedia":[{"embeddable":true,"href":"https:\/\/valika.eu\/fi\/wp-json\/wp\/v2\/media\/14609"}],"wp:attachment":[{"href":"https:\/\/valika.eu\/fi\/wp-json\/wp\/v2\/media?parent=14608"}],"wp:term":[{"taxonomy":"product_brand","embeddable":true,"href":"https:\/\/valika.eu\/fi\/wp-json\/wp\/v2\/product_brand?post=14608"},{"taxonomy":"product_cat","embeddable":true,"href":"https:\/\/valika.eu\/fi\/wp-json\/wp\/v2\/product_cat?post=14608"},{"taxonomy":"product_tag","embeddable":true,"href":"https:\/\/valika.eu\/fi\/wp-json\/wp\/v2\/product_tag?post=14608"}],"curies":[{"name":"wp","href":"https:\/\/api.w.org\/{rel}","templated":true}]}}