{"id":15079,"date":"2025-06-25T11:29:59","date_gmt":"2025-06-25T08:29:59","guid":{"rendered":"https:\/\/valika.eu\/?post_type=product&#038;p=15079"},"modified":"2025-12-01T13:33:50","modified_gmt":"2025-12-01T11:33:50","slug":"unicorn-glow-1","status":"publish","type":"product","link":"https:\/\/valika.eu\/fi\/toode\/unicorn-glow-1\/","title":{"rendered":"Unicorn Glow 1"},"content":{"rendered":"<p><\/p>\n<p data-start=\"744\" data-end=\"762\">Unicorn Glow -kokoelma on yhdistelm\u00e4 hienovaraisia, puolil\u00e4pin\u00e4kyvi\u00e4 s\u00e4vyj\u00e4 ja valoa taittavia irisoivia hiutaleita, jotka luovat moniulotteisen efektin. Jokainen v\u00e4ri muuttaa ulkon\u00e4k\u00f6\u00e4\u00e4n valon kulman mukaan ja antaa kynsille satumaisen, taianomaisen hehkun.<\/p>\n<p class=\"\" data-start=\"744\" data-end=\"762\"><strong data-start=\"313\" data-end=\"331\">UNICORN GLOW 1<\/strong><\/p>\n<p class=\"\" data-start=\"744\" data-end=\"762\">Salaper\u00e4inen, puolil\u00e4pin\u00e4kyv\u00e4\u00a0 s\u00e4vy, jossa on irisoiva kalvopinta, joka hohtaa vaaleanpunaisen ja sinisen s\u00e4vyiss\u00e4. T\u00e4ydellinen valinta niille, jotka rakastavat mystist\u00e4 ja satumaista tyyli\u00e4.<\/p>\n<p class=\"\" data-start=\"1062\" data-end=\"1082\"><strong data-start=\"1062\" data-end=\"1082\">UNICORN GLOW on:<\/strong><\/p>\n<p class=\"\" data-start=\"1084\" data-end=\"1187\">\u2728 Moniulotteiset hohtavat hiukkaset \u2013 luovat valoisan toffeemaisten s\u00e4vyjen efektin ja maagisen hehkun.<\/p>\n<p class=\"\" data-start=\"1189\" data-end=\"1286\">\u2728 Puolil\u00e4pin\u00e4kyv\u00e4t pohjat \u2013 mahdollistavat pehme\u00e4mm\u00e4n tai intensiivisemm\u00e4n efektin kerroksittain.<\/p>\n<p class=\"\" data-start=\"1288\" data-end=\"1343\">\u2728 Kameleonttiefekti \u2013 v\u00e4ri muuttuu valon kulman mukaan.<\/p>\n<p class=\"\" data-start=\"359\" data-end=\"370\"><strong data-start=\"359\" data-end=\"370\">K\u00c4YTT\u00d6:<\/strong><\/p>\n<p class=\"\" data-start=\"372\" data-end=\"620\">Levit\u00e4 ohut kerros v\u00e4rillist\u00e4 hybridilakkaa aiemmin kovetettuun Claresa-hybridipohjaan ja koveta UV\/LED-lampulla. Toista tarvittaessa halutun lopputuloksen saavuttamiseksi. Viimeistele lakkaus levitt\u00e4m\u00e4ll\u00e4 ja kovettamalla Claresa TOP -p\u00e4\u00e4llyslakka.<\/p>\n<p><\/p>","protected":false},"excerpt":{"rendered":"<p>Unicorn Glow -kokoelma on yhdistelm\u00e4 hienovaraisia, puolil\u00e4pin\u00e4kyvi\u00e4 s\u00e4vyj\u00e4 ja valoa taittavia irisoivia hiutaleita, jotka luovat moniulotteisen efektin. Jokainen v\u00e4ri muuttaa<\/p>\n","protected":false},"featured_media":15032,"template":"","meta":[],"product_brand":[],"product_cat":[718],"product_tag":[],"class_list":{"0":"post-15079","1":"product","2":"type-product","3":"status-publish","4":"has-post-thumbnail","6":"product_cat-unicorn-glow","8":"first","9":"outofstock","10":"taxable","11":"shipping-taxable","12":"purchasable","13":"product-type-simple"},"yoast_head":"<!-- This site is optimized with the Yoast SEO plugin v24.4 - https:\/\/yoast.com\/wordpress\/plugins\/seo\/ -->\n<title>Unicorn Glow 1 | Valika<\/title>\n<meta name=\"robots\" content=\"index, follow, max-snippet:-1, max-image-preview:large, max-video-preview:-1\" \/>\n<link rel=\"canonical\" href=\"https:\/\/valika.eu\/fi\/toode\/unicorn-glow-1\/\" \/>\n<meta property=\"og:locale\" content=\"fi_FI\" \/>\n<meta property=\"og:type\" content=\"article\" \/>\n<meta property=\"og:title\" content=\"Unicorn Glow 1 | Valika\" \/>\n<meta property=\"og:description\" content=\"Unicorn Glow -kokoelma on yhdistelm\u00e4 hienovaraisia, puolil\u00e4pin\u00e4kyvi\u00e4 s\u00e4vyj\u00e4 ja valoa taittavia irisoivia hiutaleita, jotka luovat moniulotteisen efektin. Jokainen v\u00e4ri muuttaa\" \/>\n<meta property=\"og:url\" content=\"https:\/\/valika.eu\/fi\/toode\/unicorn-glow-1\/\" \/>\n<meta property=\"og:site_name\" content=\"Valika\" \/>\n<meta property=\"article:publisher\" content=\"https:\/\/www.facebook.com\/tipsi.net\" \/>\n<meta property=\"article:modified_time\" content=\"2025-12-01T11:33:50+00:00\" \/>\n<meta property=\"og:image\" content=\"https:\/\/valika.eu\/wp-content\/uploads\/2025\/06\/unicorn-blue.webp\" \/>\n\t<meta property=\"og:image:width\" content=\"1500\" \/>\n\t<meta property=\"og:image:height\" content=\"1500\" \/>\n\t<meta property=\"og:image:type\" content=\"image\/webp\" \/>\n<meta name=\"twitter:card\" content=\"summary_large_image\" \/>\n<script type=\"application\/ld+json\" class=\"yoast-schema-graph\">{\"@context\":\"https:\/\/schema.org\",\"@graph\":[{\"@type\":\"WebPage\",\"@id\":\"https:\/\/valika.eu\/fi\/toode\/unicorn-glow-1\/\",\"url\":\"https:\/\/valika.eu\/fi\/toode\/unicorn-glow-1\/\",\"name\":\"Unicorn Glow 1 | Valika\",\"isPartOf\":{\"@id\":\"https:\/\/valika.eu\/fi\/#website\"},\"primaryImageOfPage\":{\"@id\":\"https:\/\/valika.eu\/fi\/toode\/unicorn-glow-1\/#primaryimage\"},\"image\":{\"@id\":\"https:\/\/valika.eu\/toode\/unicorn-glow-1\/#primaryimage\"},\"thumbnailUrl\":\"https:\/\/valika.eu\/wp-content\/uploads\/2025\/06\/unicorn-blue.webp\",\"datePublished\":\"2025-06-25T08:29:59+00:00\",\"dateModified\":\"2025-12-01T11:33:50+00:00\",\"breadcrumb\":{\"@id\":\"https:\/\/valika.eu\/fi\/toode\/unicorn-glow-1\/#breadcrumb\"},\"inLanguage\":\"fi\",\"potentialAction\":[{\"@type\":\"ReadAction\",\"target\":[[\"https:\/\/valika.eu\/fi\/toode\/unicorn-glow-1\/\"]]}]},{\"@type\":\"ImageObject\",\"inLanguage\":\"fi\",\"@id\":\"https:\/\/valika.eu\/fi\/toode\/unicorn-glow-1\/#primaryimage\",\"url\":\"https:\/\/valika.eu\/wp-content\/uploads\/2025\/06\/unicorn-blue.webp\",\"contentUrl\":\"https:\/\/valika.eu\/wp-content\/uploads\/2025\/06\/unicorn-blue.webp\",\"width\":1500,\"height\":1500},{\"@type\":\"BreadcrumbList\",\"@id\":\"https:\/\/valika.eu\/fi\/toode\/unicorn-glow-1\/#breadcrumb\",\"itemListElement\":[{\"@type\":\"ListItem\",\"position\":1,\"name\":\"Koti\",\"item\":\"https:\/\/valika.eu\/fi\/\"},{\"@type\":\"ListItem\",\"position\":2,\"name\":\"Shop\",\"item\":\"https:\/\/valika.eu\/fi\/\"},{\"@type\":\"ListItem\",\"position\":3,\"name\":\"Unicorn Glow 1\"}]},{\"@type\":\"WebSite\",\"@id\":\"https:\/\/valika.eu\/fi\/#website\",\"url\":\"https:\/\/valika.eu\/fi\/\",\"name\":\"Valika.eu\",\"description\":\"Salonkituotteet ja kauneudenhoitotuotteet - Valika tarjoaa laajan valikoiman tuotteita ja tarvikkeita kynsiteknikoille, kauneushoitoloille, kampaamoille ja kampaamoille.\",\"publisher\":{\"@id\":\"https:\/\/valika.eu\/fi\/#organization\"},\"alternateName\":\"Valika\",\"potentialAction\":[{\"@type\":\"SearchAction\",\"target\":{\"@type\":\"EntryPoint\",\"urlTemplate\":\"https:\/\/valika.eu\/fi\/?s={search_term_string}\"},\"query-input\":{\"@type\":\"PropertyValueSpecification\",\"valueRequired\":true,\"valueName\":\"search_term_string\"}}],\"inLanguage\":\"fi\"},{\"@type\":\"Organization\",\"@id\":\"https:\/\/valika.eu\/fi\/#organization\",\"name\":\"Salongitoode O\u00dc\",\"alternateName\":\"Valika\",\"url\":\"https:\/\/valika.eu\/fi\/\",\"logo\":{\"@type\":\"ImageObject\",\"inLanguage\":\"fi\",\"@id\":\"https:\/\/valika.eu\/fi\/#\/schema\/logo\/image\/\",\"url\":\"https:\/\/valika.eu\/wp-content\/uploads\/2023\/11\/logo2-valika-footer.png\",\"contentUrl\":\"https:\/\/valika.eu\/wp-content\/uploads\/2023\/11\/logo2-valika-footer.png\",\"width\":200,\"height\":129,\"caption\":\"Salongitoode O\u00dc\"},\"image\":{\"@id\":\"https:\/\/valika.eu\/fi\/#\/schema\/logo\/image\/\"},\"sameAs\":[\"https:\/\/www.facebook.com\/tipsi.net\"]}]}<\/script>\n<!-- \/ Yoast SEO plugin. -->","yoast_head_json":{"title":"Unicorn Glow 1 | Valika","robots":{"index":"index","follow":"follow","max-snippet":"max-snippet:-1","max-image-preview":"max-image-preview:large","max-video-preview":"max-video-preview:-1"},"canonical":"https:\/\/valika.eu\/fi\/toode\/unicorn-glow-1\/","og_locale":"fi_FI","og_type":"article","og_title":"Unicorn Glow 1 | Valika","og_description":"Unicorn Glow -kokoelma on yhdistelm\u00e4 hienovaraisia, puolil\u00e4pin\u00e4kyvi\u00e4 s\u00e4vyj\u00e4 ja valoa taittavia irisoivia hiutaleita, jotka luovat moniulotteisen efektin. Jokainen v\u00e4ri muuttaa","og_url":"https:\/\/valika.eu\/fi\/toode\/unicorn-glow-1\/","og_site_name":"Valika","article_publisher":"https:\/\/www.facebook.com\/tipsi.net","article_modified_time":"2025-12-01T11:33:50+00:00","og_image":[{"width":1500,"height":1500,"url":"https:\/\/valika.eu\/wp-content\/uploads\/2025\/06\/unicorn-blue.webp","type":"image\/webp"}],"twitter_card":"summary_large_image","schema":{"@context":"https:\/\/schema.org","@graph":[{"@type":"WebPage","@id":"https:\/\/valika.eu\/fi\/toode\/unicorn-glow-1\/","url":"https:\/\/valika.eu\/fi\/toode\/unicorn-glow-1\/","name":"Unicorn Glow 1 | Valika","isPartOf":{"@id":"https:\/\/valika.eu\/fi\/#website"},"primaryImageOfPage":{"@id":"https:\/\/valika.eu\/fi\/toode\/unicorn-glow-1\/#primaryimage"},"image":{"@id":"https:\/\/valika.eu\/toode\/unicorn-glow-1\/#primaryimage"},"thumbnailUrl":"https:\/\/valika.eu\/wp-content\/uploads\/2025\/06\/unicorn-blue.webp","datePublished":"2025-06-25T08:29:59+00:00","dateModified":"2025-12-01T11:33:50+00:00","breadcrumb":{"@id":"https:\/\/valika.eu\/fi\/toode\/unicorn-glow-1\/#breadcrumb"},"inLanguage":"fi","potentialAction":[{"@type":"ReadAction","target":[["https:\/\/valika.eu\/fi\/toode\/unicorn-glow-1\/"]]}]},{"@type":"ImageObject","inLanguage":"fi","@id":"https:\/\/valika.eu\/fi\/toode\/unicorn-glow-1\/#primaryimage","url":"https:\/\/valika.eu\/wp-content\/uploads\/2025\/06\/unicorn-blue.webp","contentUrl":"https:\/\/valika.eu\/wp-content\/uploads\/2025\/06\/unicorn-blue.webp","width":1500,"height":1500},{"@type":"BreadcrumbList","@id":"https:\/\/valika.eu\/fi\/toode\/unicorn-glow-1\/#breadcrumb","itemListElement":[{"@type":"ListItem","position":1,"name":"Koti","item":"https:\/\/valika.eu\/fi\/"},{"@type":"ListItem","position":2,"name":"Shop","item":"https:\/\/valika.eu\/fi\/"},{"@type":"ListItem","position":3,"name":"Unicorn Glow 1"}]},{"@type":"WebSite","@id":"https:\/\/valika.eu\/fi\/#website","url":"https:\/\/valika.eu\/fi\/","name":"Valika.eu","description":"Salonkituotteet ja kauneudenhoitotuotteet - Valika tarjoaa laajan valikoiman tuotteita ja tarvikkeita kynsiteknikoille, kauneushoitoloille, kampaamoille ja kampaamoille.","publisher":{"@id":"https:\/\/valika.eu\/fi\/#organization"},"alternateName":"Valika","potentialAction":[{"@type":"SearchAction","target":{"@type":"EntryPoint","urlTemplate":"https:\/\/valika.eu\/fi\/?s={search_term_string}"},"query-input":{"@type":"PropertyValueSpecification","valueRequired":true,"valueName":"search_term_string"}}],"inLanguage":"fi"},{"@type":"Organization","@id":"https:\/\/valika.eu\/fi\/#organization","name":"Salongitoode O\u00dc","alternateName":"Valika","url":"https:\/\/valika.eu\/fi\/","logo":{"@type":"ImageObject","inLanguage":"fi","@id":"https:\/\/valika.eu\/fi\/#\/schema\/logo\/image\/","url":"https:\/\/valika.eu\/wp-content\/uploads\/2023\/11\/logo2-valika-footer.png","contentUrl":"https:\/\/valika.eu\/wp-content\/uploads\/2023\/11\/logo2-valika-footer.png","width":200,"height":129,"caption":"Salongitoode O\u00dc"},"image":{"@id":"https:\/\/valika.eu\/fi\/#\/schema\/logo\/image\/"},"sameAs":["https:\/\/www.facebook.com\/tipsi.net"]}]}},"jetpack_sharing_enabled":true,"_links":{"self":[{"href":"https:\/\/valika.eu\/fi\/wp-json\/wp\/v2\/product\/15079","targetHints":{"allow":["GET"]}}],"collection":[{"href":"https:\/\/valika.eu\/fi\/wp-json\/wp\/v2\/product"}],"about":[{"href":"https:\/\/valika.eu\/fi\/wp-json\/wp\/v2\/types\/product"}],"wp:featuredmedia":[{"embeddable":true,"href":"https:\/\/valika.eu\/fi\/wp-json\/wp\/v2\/media\/15032"}],"wp:attachment":[{"href":"https:\/\/valika.eu\/fi\/wp-json\/wp\/v2\/media?parent=15079"}],"wp:term":[{"taxonomy":"product_brand","embeddable":true,"href":"https:\/\/valika.eu\/fi\/wp-json\/wp\/v2\/product_brand?post=15079"},{"taxonomy":"product_cat","embeddable":true,"href":"https:\/\/valika.eu\/fi\/wp-json\/wp\/v2\/product_cat?post=15079"},{"taxonomy":"product_tag","embeddable":true,"href":"https:\/\/valika.eu\/fi\/wp-json\/wp\/v2\/product_tag?post=15079"}],"curies":[{"name":"wp","href":"https:\/\/api.w.org\/{rel}","templated":true}]}}