{"id":15211,"date":"2025-07-02T13:10:52","date_gmt":"2025-07-02T10:10:52","guid":{"rendered":"https:\/\/valika.eu\/?post_type=product&#038;p=15211"},"modified":"2025-07-02T13:11:12","modified_gmt":"2025-07-02T10:11:12","slug":"exo-pododisc-pedikuuridiski-kleebised-15-mm-150","status":"publish","type":"product","link":"https:\/\/valika.eu\/fi\/toode\/exo-pododisc-pedikuuridiski-kleebised-15-mm-150\/","title":{"rendered":"EXO pododisc Pro Refill Pads 15 mm #150"},"content":{"rendered":"<p>100 pcs.<\/p>\n<p>EXO on tuotemerkki, joka tarjoaa korkealaatuisimpia tuotteita kosmetologian ja jalkahoidon alalle. Se erottuu poikkeuksellisesta huolellisuudestaan \u200b\u200btuotevalikoimansa kehitt\u00e4misess\u00e4 asiakkaiden tarpeiden tyydytt\u00e4miseksi. Ammattimaiset laitteet ja tarvikkeet, mukaan lukien kynsiporat, parantavat hoitojen mukavuutta korkealaatuisen ty\u00f6n ansiosta.<\/p>\n<p>Korkeisiin hygieniastandardeihin sopiva lis\u00e4varuste<\/p>\n<p>Exo-kertak\u00e4ytt\u00f6iset, itseliimautuvat hiomatyynyt kantotyynylle on suunniteltu jalan nopeaan ja perusteelliseen puhdistukseen ja valmisteluun. Niiden avulla voit helposti parantaa jalkahoitojen mukavuutta, turvallisuutta ja hygieniaa. Vahvan liimapohjan ansiosta hioma-aine kiinnittyy tasaisesti kantotyynyyn, mink\u00e4 ansiosta hiomatyyny istuu tiiviisti alustaan \u200b\u200bk\u00e4yt\u00f6n aikana luistamatta ja varmistaa vakaan toiminnan.<\/p>","protected":false},"excerpt":{"rendered":"<p>100 pcs. EXO on tuotemerkki, joka tarjoaa korkealaatuisimpia tuotteita kosmetologian ja jalkahoidon alalle. Se erottuu poikkeuksellisesta huolellisuudestaan \u200b\u200btuotevalikoimansa kehitt\u00e4misess\u00e4 asiakkaiden<\/p>\n","protected":false},"featured_media":15212,"template":"","meta":[],"product_brand":[],"product_cat":[725],"product_tag":[],"class_list":{"0":"post-15211","1":"product","2":"type-product","3":"status-publish","4":"has-post-thumbnail","6":"product_cat-pedikuuri-jaoks-2","8":"first","9":"instock","10":"taxable","11":"shipping-taxable","12":"purchasable","13":"product-type-simple"},"yoast_head":"<!-- This site is optimized with the Yoast SEO plugin v24.4 - https:\/\/yoast.com\/wordpress\/plugins\/seo\/ -->\n<title>EXO pododisc Pro Refill Pads 15 mm #150 | Valika<\/title>\n<meta name=\"robots\" content=\"index, follow, max-snippet:-1, max-image-preview:large, max-video-preview:-1\" \/>\n<link rel=\"canonical\" href=\"https:\/\/valika.eu\/fi\/toode\/exo-pododisc-pedikuuridiski-kleebised-15-mm-150\/\" \/>\n<meta property=\"og:locale\" content=\"fi_FI\" \/>\n<meta property=\"og:type\" content=\"article\" \/>\n<meta property=\"og:title\" content=\"EXO pododisc Pro Refill Pads 15 mm #150 | Valika\" \/>\n<meta property=\"og:description\" content=\"100 pcs. EXO on tuotemerkki, joka tarjoaa korkealaatuisimpia tuotteita kosmetologian ja jalkahoidon alalle. Se erottuu poikkeuksellisesta huolellisuudestaan \u200b\u200btuotevalikoimansa kehitt\u00e4misess\u00e4 asiakkaiden\" \/>\n<meta property=\"og:url\" content=\"https:\/\/valika.eu\/fi\/toode\/exo-pododisc-pedikuuridiski-kleebised-15-mm-150\/\" \/>\n<meta property=\"og:site_name\" content=\"Valika\" \/>\n<meta property=\"article:publisher\" content=\"https:\/\/www.facebook.com\/tipsi.net\" \/>\n<meta property=\"article:modified_time\" content=\"2025-07-02T10:11:12+00:00\" \/>\n<meta property=\"og:image\" content=\"https:\/\/valika.eu\/wp-content\/uploads\/2025\/07\/kleepsud.webp\" \/>\n\t<meta property=\"og:image:width\" content=\"1200\" \/>\n\t<meta property=\"og:image:height\" content=\"1200\" \/>\n\t<meta property=\"og:image:type\" content=\"image\/webp\" \/>\n<meta name=\"twitter:card\" content=\"summary_large_image\" \/>\n<script type=\"application\/ld+json\" class=\"yoast-schema-graph\">{\"@context\":\"https:\/\/schema.org\",\"@graph\":[{\"@type\":\"WebPage\",\"@id\":\"https:\/\/valika.eu\/fi\/toode\/exo-pododisc-pedikuuridiski-kleebised-15-mm-150\/\",\"url\":\"https:\/\/valika.eu\/fi\/toode\/exo-pododisc-pedikuuridiski-kleebised-15-mm-150\/\",\"name\":\"EXO pododisc Pro Refill Pads 15 mm #150 | Valika\",\"isPartOf\":{\"@id\":\"https:\/\/valika.eu\/fi\/#website\"},\"primaryImageOfPage\":{\"@id\":\"https:\/\/valika.eu\/fi\/toode\/exo-pododisc-pedikuuridiski-kleebised-15-mm-150\/#primaryimage\"},\"image\":{\"@id\":\"https:\/\/valika.eu\/toode\/exo-pododisc-pedikuuridiski-kleebised-15-mm-150\/#primaryimage\"},\"thumbnailUrl\":\"https:\/\/valika.eu\/wp-content\/uploads\/2025\/07\/kleepsud.webp\",\"datePublished\":\"2025-07-02T10:10:52+00:00\",\"dateModified\":\"2025-07-02T10:11:12+00:00\",\"breadcrumb\":{\"@id\":\"https:\/\/valika.eu\/fi\/toode\/exo-pododisc-pedikuuridiski-kleebised-15-mm-150\/#breadcrumb\"},\"inLanguage\":\"fi\",\"potentialAction\":[{\"@type\":\"ReadAction\",\"target\":[[\"https:\/\/valika.eu\/fi\/toode\/exo-pododisc-pedikuuridiski-kleebised-15-mm-150\/\"]]}]},{\"@type\":\"ImageObject\",\"inLanguage\":\"fi\",\"@id\":\"https:\/\/valika.eu\/fi\/toode\/exo-pododisc-pedikuuridiski-kleebised-15-mm-150\/#primaryimage\",\"url\":\"https:\/\/valika.eu\/wp-content\/uploads\/2025\/07\/kleepsud.webp\",\"contentUrl\":\"https:\/\/valika.eu\/wp-content\/uploads\/2025\/07\/kleepsud.webp\",\"width\":1200,\"height\":1200},{\"@type\":\"BreadcrumbList\",\"@id\":\"https:\/\/valika.eu\/fi\/toode\/exo-pododisc-pedikuuridiski-kleebised-15-mm-150\/#breadcrumb\",\"itemListElement\":[{\"@type\":\"ListItem\",\"position\":1,\"name\":\"Koti\",\"item\":\"https:\/\/valika.eu\/fi\/\"},{\"@type\":\"ListItem\",\"position\":2,\"name\":\"Shop\",\"item\":\"https:\/\/valika.eu\/fi\/\"},{\"@type\":\"ListItem\",\"position\":3,\"name\":\"EXO pododisc pedik\u00fc\u00fcridiski kleebised 15 mm #150\"}]},{\"@type\":\"WebSite\",\"@id\":\"https:\/\/valika.eu\/fi\/#website\",\"url\":\"https:\/\/valika.eu\/fi\/\",\"name\":\"Valika.eu\",\"description\":\"Salonkituotteet ja kauneudenhoitotuotteet - Valika tarjoaa laajan valikoiman tuotteita ja tarvikkeita kynsiteknikoille, kauneushoitoloille, kampaamoille ja kampaamoille.\",\"publisher\":{\"@id\":\"https:\/\/valika.eu\/fi\/#organization\"},\"alternateName\":\"Valika\",\"potentialAction\":[{\"@type\":\"SearchAction\",\"target\":{\"@type\":\"EntryPoint\",\"urlTemplate\":\"https:\/\/valika.eu\/fi\/?s={search_term_string}\"},\"query-input\":{\"@type\":\"PropertyValueSpecification\",\"valueRequired\":true,\"valueName\":\"search_term_string\"}}],\"inLanguage\":\"fi\"},{\"@type\":\"Organization\",\"@id\":\"https:\/\/valika.eu\/fi\/#organization\",\"name\":\"Salongitoode O\u00dc\",\"alternateName\":\"Valika\",\"url\":\"https:\/\/valika.eu\/fi\/\",\"logo\":{\"@type\":\"ImageObject\",\"inLanguage\":\"fi\",\"@id\":\"https:\/\/valika.eu\/fi\/#\/schema\/logo\/image\/\",\"url\":\"https:\/\/valika.eu\/wp-content\/uploads\/2023\/11\/logo2-valika-footer.png\",\"contentUrl\":\"https:\/\/valika.eu\/wp-content\/uploads\/2023\/11\/logo2-valika-footer.png\",\"width\":200,\"height\":129,\"caption\":\"Salongitoode O\u00dc\"},\"image\":{\"@id\":\"https:\/\/valika.eu\/fi\/#\/schema\/logo\/image\/\"},\"sameAs\":[\"https:\/\/www.facebook.com\/tipsi.net\"]}]}<\/script>\n<!-- \/ Yoast SEO plugin. -->","yoast_head_json":{"title":"EXO pododisc Pro Refill Pads 15 mm #150 | Valika","robots":{"index":"index","follow":"follow","max-snippet":"max-snippet:-1","max-image-preview":"max-image-preview:large","max-video-preview":"max-video-preview:-1"},"canonical":"https:\/\/valika.eu\/fi\/toode\/exo-pododisc-pedikuuridiski-kleebised-15-mm-150\/","og_locale":"fi_FI","og_type":"article","og_title":"EXO pododisc Pro Refill Pads 15 mm #150 | Valika","og_description":"100 pcs. EXO on tuotemerkki, joka tarjoaa korkealaatuisimpia tuotteita kosmetologian ja jalkahoidon alalle. Se erottuu poikkeuksellisesta huolellisuudestaan \u200b\u200btuotevalikoimansa kehitt\u00e4misess\u00e4 asiakkaiden","og_url":"https:\/\/valika.eu\/fi\/toode\/exo-pododisc-pedikuuridiski-kleebised-15-mm-150\/","og_site_name":"Valika","article_publisher":"https:\/\/www.facebook.com\/tipsi.net","article_modified_time":"2025-07-02T10:11:12+00:00","og_image":[{"width":1200,"height":1200,"url":"https:\/\/valika.eu\/wp-content\/uploads\/2025\/07\/kleepsud.webp","type":"image\/webp"}],"twitter_card":"summary_large_image","schema":{"@context":"https:\/\/schema.org","@graph":[{"@type":"WebPage","@id":"https:\/\/valika.eu\/fi\/toode\/exo-pododisc-pedikuuridiski-kleebised-15-mm-150\/","url":"https:\/\/valika.eu\/fi\/toode\/exo-pododisc-pedikuuridiski-kleebised-15-mm-150\/","name":"EXO pododisc Pro Refill Pads 15 mm #150 | Valika","isPartOf":{"@id":"https:\/\/valika.eu\/fi\/#website"},"primaryImageOfPage":{"@id":"https:\/\/valika.eu\/fi\/toode\/exo-pododisc-pedikuuridiski-kleebised-15-mm-150\/#primaryimage"},"image":{"@id":"https:\/\/valika.eu\/toode\/exo-pododisc-pedikuuridiski-kleebised-15-mm-150\/#primaryimage"},"thumbnailUrl":"https:\/\/valika.eu\/wp-content\/uploads\/2025\/07\/kleepsud.webp","datePublished":"2025-07-02T10:10:52+00:00","dateModified":"2025-07-02T10:11:12+00:00","breadcrumb":{"@id":"https:\/\/valika.eu\/fi\/toode\/exo-pododisc-pedikuuridiski-kleebised-15-mm-150\/#breadcrumb"},"inLanguage":"fi","potentialAction":[{"@type":"ReadAction","target":[["https:\/\/valika.eu\/fi\/toode\/exo-pododisc-pedikuuridiski-kleebised-15-mm-150\/"]]}]},{"@type":"ImageObject","inLanguage":"fi","@id":"https:\/\/valika.eu\/fi\/toode\/exo-pododisc-pedikuuridiski-kleebised-15-mm-150\/#primaryimage","url":"https:\/\/valika.eu\/wp-content\/uploads\/2025\/07\/kleepsud.webp","contentUrl":"https:\/\/valika.eu\/wp-content\/uploads\/2025\/07\/kleepsud.webp","width":1200,"height":1200},{"@type":"BreadcrumbList","@id":"https:\/\/valika.eu\/fi\/toode\/exo-pododisc-pedikuuridiski-kleebised-15-mm-150\/#breadcrumb","itemListElement":[{"@type":"ListItem","position":1,"name":"Koti","item":"https:\/\/valika.eu\/fi\/"},{"@type":"ListItem","position":2,"name":"Shop","item":"https:\/\/valika.eu\/fi\/"},{"@type":"ListItem","position":3,"name":"EXO pododisc pedik\u00fc\u00fcridiski kleebised 15 mm #150"}]},{"@type":"WebSite","@id":"https:\/\/valika.eu\/fi\/#website","url":"https:\/\/valika.eu\/fi\/","name":"Valika.eu","description":"Salonkituotteet ja kauneudenhoitotuotteet - Valika tarjoaa laajan valikoiman tuotteita ja tarvikkeita kynsiteknikoille, kauneushoitoloille, kampaamoille ja kampaamoille.","publisher":{"@id":"https:\/\/valika.eu\/fi\/#organization"},"alternateName":"Valika","potentialAction":[{"@type":"SearchAction","target":{"@type":"EntryPoint","urlTemplate":"https:\/\/valika.eu\/fi\/?s={search_term_string}"},"query-input":{"@type":"PropertyValueSpecification","valueRequired":true,"valueName":"search_term_string"}}],"inLanguage":"fi"},{"@type":"Organization","@id":"https:\/\/valika.eu\/fi\/#organization","name":"Salongitoode O\u00dc","alternateName":"Valika","url":"https:\/\/valika.eu\/fi\/","logo":{"@type":"ImageObject","inLanguage":"fi","@id":"https:\/\/valika.eu\/fi\/#\/schema\/logo\/image\/","url":"https:\/\/valika.eu\/wp-content\/uploads\/2023\/11\/logo2-valika-footer.png","contentUrl":"https:\/\/valika.eu\/wp-content\/uploads\/2023\/11\/logo2-valika-footer.png","width":200,"height":129,"caption":"Salongitoode O\u00dc"},"image":{"@id":"https:\/\/valika.eu\/fi\/#\/schema\/logo\/image\/"},"sameAs":["https:\/\/www.facebook.com\/tipsi.net"]}]}},"jetpack_sharing_enabled":true,"_links":{"self":[{"href":"https:\/\/valika.eu\/fi\/wp-json\/wp\/v2\/product\/15211","targetHints":{"allow":["GET"]}}],"collection":[{"href":"https:\/\/valika.eu\/fi\/wp-json\/wp\/v2\/product"}],"about":[{"href":"https:\/\/valika.eu\/fi\/wp-json\/wp\/v2\/types\/product"}],"wp:featuredmedia":[{"embeddable":true,"href":"https:\/\/valika.eu\/fi\/wp-json\/wp\/v2\/media\/15212"}],"wp:attachment":[{"href":"https:\/\/valika.eu\/fi\/wp-json\/wp\/v2\/media?parent=15211"}],"wp:term":[{"taxonomy":"product_brand","embeddable":true,"href":"https:\/\/valika.eu\/fi\/wp-json\/wp\/v2\/product_brand?post=15211"},{"taxonomy":"product_cat","embeddable":true,"href":"https:\/\/valika.eu\/fi\/wp-json\/wp\/v2\/product_cat?post=15211"},{"taxonomy":"product_tag","embeddable":true,"href":"https:\/\/valika.eu\/fi\/wp-json\/wp\/v2\/product_tag?post=15211"}],"curies":[{"name":"wp","href":"https:\/\/api.w.org\/{rel}","templated":true}]}}