{"id":15220,"date":"2025-07-02T14:54:38","date_gmt":"2025-07-02T11:54:38","guid":{"rendered":"https:\/\/valika.eu\/?post_type=product&#038;p=15220"},"modified":"2026-02-04T15:59:20","modified_gmt":"2026-02-04T13:59:20","slug":"siluv-mandlioli-katekreem-silcare-100-ml","status":"publish","type":"product","link":"https:\/\/valika.eu\/fi\/toode\/siluv-mandlioli-katekreem-silcare-100-ml\/","title":{"rendered":"Silottava manteli\u00f6ljyk\u00e4sivoide 100 ml"},"content":{"rendered":"<p>Tietoja tuotteesta<br \/>\nKoe \u00f6ljyjen hoitava voima Silcare Smoothing Manteli\u00f6ljyk\u00e4sivoiteen avulla.<\/p>\n<p>Smoothing-k\u00e4sivoide, jonka makea manteli\u00f6ljy pehment\u00e4\u00e4 ja \u00f6ljy\u00e4\u00e4 ihoa vaikuttaen positiivisesti sen kimmoisuuteen. Urea ja E-vitamiini kosteuttavat tehokkaasti ja tekev\u00e4t k\u00e4sist\u00e4 miellytt\u00e4v\u00e4n pehme\u00e4t.<\/p>\n<p>Makea manteli\u00f6ljyll\u00e4 on eritt\u00e4in hyv\u00e4t kosteuttavat, kiinteytt\u00e4v\u00e4t, pehment\u00e4v\u00e4t ja antioksidanttiset ominaisuudet. Lis\u00e4ksi se v\u00e4hent\u00e4\u00e4 kynsien lohkeilua ja liiallista ihon hilseily\u00e4. \u00d6ljy\u00e4 suositellaan kuivalle ja \u00e4rtyneelle iholle.<\/p>\n<p>K\u00e4ytt\u00f6ohjeet: Hiero Silcare Smoothing Manteli\u00f6ljyk\u00e4sivoidetta puhtaisiin ja kuiviin k\u00e4siin, kunnes se on imeytynyt.<\/p>\n<p>K\u00e4ytt\u00f6<br \/>\nHiero Silcare Smoothing Manteli\u00f6ljyk\u00e4sivoidetta puhtaaseen ja kuivaan k\u00e4sien ihoon ja anna sen imeyty\u00e4.<\/p>\n<p>Ainesosat<br \/>\nVesi, setearyylialkoholi, urea, seteareth-20, glyseriini, isopropyylimyristaatti, syklopentasiloksaani, Prunus Amygdalus Dulcis -\u00f6ljy, fenoksietanoli, etyyliheksyyliglyseriini, natriumbentsoaatti, kaliumsorbaatti, glyserylisilaatti, tokoferyyliasetaatti, hajuste, tetranatrium-EDTA.<\/p>","protected":false},"excerpt":{"rendered":"<p>Tietoja tuotteesta Koe \u00f6ljyjen hoitava voima Silcare Smoothing Manteli\u00f6ljyk\u00e4sivoiteen avulla. Smoothing-k\u00e4sivoide, jonka makea manteli\u00f6ljy pehment\u00e4\u00e4 ja \u00f6ljy\u00e4\u00e4 ihoa vaikuttaen positiivisesti<\/p>\n","protected":false},"featured_media":15221,"template":"","meta":[],"product_brand":[],"product_cat":[638],"product_tag":[],"class_list":{"0":"post-15220","1":"product","2":"type-product","3":"status-publish","4":"has-post-thumbnail","6":"product_cat-kreem","8":"first","9":"outofstock","10":"taxable","11":"shipping-taxable","12":"purchasable","13":"product-type-simple"},"yoast_head":"<!-- This site is optimized with the Yoast SEO plugin v24.4 - https:\/\/yoast.com\/wordpress\/plugins\/seo\/ -->\n<title>Silottava manteli\u00f6ljyk\u00e4sivoide 100 ml | Valika<\/title>\n<meta name=\"robots\" content=\"index, follow, max-snippet:-1, max-image-preview:large, max-video-preview:-1\" \/>\n<link rel=\"canonical\" href=\"https:\/\/valika.eu\/fi\/toode\/siluv-mandlioli-katekreem-silcare-100-ml\/\" \/>\n<meta property=\"og:locale\" content=\"fi_FI\" \/>\n<meta property=\"og:type\" content=\"article\" \/>\n<meta property=\"og:title\" content=\"Silottava manteli\u00f6ljyk\u00e4sivoide 100 ml | Valika\" \/>\n<meta property=\"og:description\" content=\"Tietoja tuotteesta Koe \u00f6ljyjen hoitava voima Silcare Smoothing Manteli\u00f6ljyk\u00e4sivoiteen avulla. Smoothing-k\u00e4sivoide, jonka makea manteli\u00f6ljy pehment\u00e4\u00e4 ja \u00f6ljy\u00e4\u00e4 ihoa vaikuttaen positiivisesti\" \/>\n<meta property=\"og:url\" content=\"https:\/\/valika.eu\/fi\/toode\/siluv-mandlioli-katekreem-silcare-100-ml\/\" \/>\n<meta property=\"og:site_name\" content=\"Valika\" \/>\n<meta property=\"article:publisher\" content=\"https:\/\/www.facebook.com\/tipsi.net\" \/>\n<meta property=\"article:modified_time\" content=\"2026-02-04T13:59:20+00:00\" \/>\n<meta property=\"og:image\" content=\"https:\/\/valika.eu\/wp-content\/uploads\/2025\/07\/hand.webp\" \/>\n\t<meta property=\"og:image:width\" content=\"700\" \/>\n\t<meta property=\"og:image:height\" content=\"700\" \/>\n\t<meta property=\"og:image:type\" content=\"image\/webp\" \/>\n<meta name=\"twitter:card\" content=\"summary_large_image\" \/>\n<script type=\"application\/ld+json\" class=\"yoast-schema-graph\">{\"@context\":\"https:\/\/schema.org\",\"@graph\":[{\"@type\":\"WebPage\",\"@id\":\"https:\/\/valika.eu\/fi\/toode\/siluv-mandlioli-katekreem-silcare-100-ml\/\",\"url\":\"https:\/\/valika.eu\/fi\/toode\/siluv-mandlioli-katekreem-silcare-100-ml\/\",\"name\":\"Silottava manteli\u00f6ljyk\u00e4sivoide 100 ml | Valika\",\"isPartOf\":{\"@id\":\"https:\/\/valika.eu\/fi\/#website\"},\"primaryImageOfPage\":{\"@id\":\"https:\/\/valika.eu\/fi\/toode\/siluv-mandlioli-katekreem-silcare-100-ml\/#primaryimage\"},\"image\":{\"@id\":\"https:\/\/valika.eu\/toode\/siluv-mandlioli-katekreem-silcare-100-ml\/#primaryimage\"},\"thumbnailUrl\":\"https:\/\/valika.eu\/wp-content\/uploads\/2025\/07\/hand.webp\",\"datePublished\":\"2025-07-02T11:54:38+00:00\",\"dateModified\":\"2026-02-04T13:59:20+00:00\",\"breadcrumb\":{\"@id\":\"https:\/\/valika.eu\/fi\/toode\/siluv-mandlioli-katekreem-silcare-100-ml\/#breadcrumb\"},\"inLanguage\":\"fi\",\"potentialAction\":[{\"@type\":\"ReadAction\",\"target\":[[\"https:\/\/valika.eu\/fi\/toode\/siluv-mandlioli-katekreem-silcare-100-ml\/\"]]}]},{\"@type\":\"ImageObject\",\"inLanguage\":\"fi\",\"@id\":\"https:\/\/valika.eu\/fi\/toode\/siluv-mandlioli-katekreem-silcare-100-ml\/#primaryimage\",\"url\":\"https:\/\/valika.eu\/wp-content\/uploads\/2025\/07\/hand.webp\",\"contentUrl\":\"https:\/\/valika.eu\/wp-content\/uploads\/2025\/07\/hand.webp\",\"width\":700,\"height\":700},{\"@type\":\"BreadcrumbList\",\"@id\":\"https:\/\/valika.eu\/fi\/toode\/siluv-mandlioli-katekreem-silcare-100-ml\/#breadcrumb\",\"itemListElement\":[{\"@type\":\"ListItem\",\"position\":1,\"name\":\"Koti\",\"item\":\"https:\/\/valika.eu\/fi\/\"},{\"@type\":\"ListItem\",\"position\":2,\"name\":\"Shop\",\"item\":\"https:\/\/valika.eu\/fi\/\"},{\"@type\":\"ListItem\",\"position\":3,\"name\":\"\u041a\u0440\u0435\u043c \u0434\u043b\u044f \u0440\u0443\u043a Smoothing Almond Oil Silcare &#8211; 100 \u043c\u043b\"}]},{\"@type\":\"WebSite\",\"@id\":\"https:\/\/valika.eu\/fi\/#website\",\"url\":\"https:\/\/valika.eu\/fi\/\",\"name\":\"Valika.eu\",\"description\":\"Salonkituotteet ja kauneudenhoitotuotteet - Valika tarjoaa laajan valikoiman tuotteita ja tarvikkeita kynsiteknikoille, kauneushoitoloille, kampaamoille ja kampaamoille.\",\"publisher\":{\"@id\":\"https:\/\/valika.eu\/fi\/#organization\"},\"alternateName\":\"Valika\",\"potentialAction\":[{\"@type\":\"SearchAction\",\"target\":{\"@type\":\"EntryPoint\",\"urlTemplate\":\"https:\/\/valika.eu\/fi\/?s={search_term_string}\"},\"query-input\":{\"@type\":\"PropertyValueSpecification\",\"valueRequired\":true,\"valueName\":\"search_term_string\"}}],\"inLanguage\":\"fi\"},{\"@type\":\"Organization\",\"@id\":\"https:\/\/valika.eu\/fi\/#organization\",\"name\":\"Salongitoode O\u00dc\",\"alternateName\":\"Valika\",\"url\":\"https:\/\/valika.eu\/fi\/\",\"logo\":{\"@type\":\"ImageObject\",\"inLanguage\":\"fi\",\"@id\":\"https:\/\/valika.eu\/fi\/#\/schema\/logo\/image\/\",\"url\":\"https:\/\/valika.eu\/wp-content\/uploads\/2023\/11\/logo2-valika-footer.png\",\"contentUrl\":\"https:\/\/valika.eu\/wp-content\/uploads\/2023\/11\/logo2-valika-footer.png\",\"width\":200,\"height\":129,\"caption\":\"Salongitoode O\u00dc\"},\"image\":{\"@id\":\"https:\/\/valika.eu\/fi\/#\/schema\/logo\/image\/\"},\"sameAs\":[\"https:\/\/www.facebook.com\/tipsi.net\"]}]}<\/script>\n<!-- \/ Yoast SEO plugin. -->","yoast_head_json":{"title":"Silottava manteli\u00f6ljyk\u00e4sivoide 100 ml | Valika","robots":{"index":"index","follow":"follow","max-snippet":"max-snippet:-1","max-image-preview":"max-image-preview:large","max-video-preview":"max-video-preview:-1"},"canonical":"https:\/\/valika.eu\/fi\/toode\/siluv-mandlioli-katekreem-silcare-100-ml\/","og_locale":"fi_FI","og_type":"article","og_title":"Silottava manteli\u00f6ljyk\u00e4sivoide 100 ml | Valika","og_description":"Tietoja tuotteesta Koe \u00f6ljyjen hoitava voima Silcare Smoothing Manteli\u00f6ljyk\u00e4sivoiteen avulla. Smoothing-k\u00e4sivoide, jonka makea manteli\u00f6ljy pehment\u00e4\u00e4 ja \u00f6ljy\u00e4\u00e4 ihoa vaikuttaen positiivisesti","og_url":"https:\/\/valika.eu\/fi\/toode\/siluv-mandlioli-katekreem-silcare-100-ml\/","og_site_name":"Valika","article_publisher":"https:\/\/www.facebook.com\/tipsi.net","article_modified_time":"2026-02-04T13:59:20+00:00","og_image":[{"width":700,"height":700,"url":"https:\/\/valika.eu\/wp-content\/uploads\/2025\/07\/hand.webp","type":"image\/webp"}],"twitter_card":"summary_large_image","schema":{"@context":"https:\/\/schema.org","@graph":[{"@type":"WebPage","@id":"https:\/\/valika.eu\/fi\/toode\/siluv-mandlioli-katekreem-silcare-100-ml\/","url":"https:\/\/valika.eu\/fi\/toode\/siluv-mandlioli-katekreem-silcare-100-ml\/","name":"Silottava manteli\u00f6ljyk\u00e4sivoide 100 ml | Valika","isPartOf":{"@id":"https:\/\/valika.eu\/fi\/#website"},"primaryImageOfPage":{"@id":"https:\/\/valika.eu\/fi\/toode\/siluv-mandlioli-katekreem-silcare-100-ml\/#primaryimage"},"image":{"@id":"https:\/\/valika.eu\/toode\/siluv-mandlioli-katekreem-silcare-100-ml\/#primaryimage"},"thumbnailUrl":"https:\/\/valika.eu\/wp-content\/uploads\/2025\/07\/hand.webp","datePublished":"2025-07-02T11:54:38+00:00","dateModified":"2026-02-04T13:59:20+00:00","breadcrumb":{"@id":"https:\/\/valika.eu\/fi\/toode\/siluv-mandlioli-katekreem-silcare-100-ml\/#breadcrumb"},"inLanguage":"fi","potentialAction":[{"@type":"ReadAction","target":[["https:\/\/valika.eu\/fi\/toode\/siluv-mandlioli-katekreem-silcare-100-ml\/"]]}]},{"@type":"ImageObject","inLanguage":"fi","@id":"https:\/\/valika.eu\/fi\/toode\/siluv-mandlioli-katekreem-silcare-100-ml\/#primaryimage","url":"https:\/\/valika.eu\/wp-content\/uploads\/2025\/07\/hand.webp","contentUrl":"https:\/\/valika.eu\/wp-content\/uploads\/2025\/07\/hand.webp","width":700,"height":700},{"@type":"BreadcrumbList","@id":"https:\/\/valika.eu\/fi\/toode\/siluv-mandlioli-katekreem-silcare-100-ml\/#breadcrumb","itemListElement":[{"@type":"ListItem","position":1,"name":"Koti","item":"https:\/\/valika.eu\/fi\/"},{"@type":"ListItem","position":2,"name":"Shop","item":"https:\/\/valika.eu\/fi\/"},{"@type":"ListItem","position":3,"name":"\u041a\u0440\u0435\u043c \u0434\u043b\u044f \u0440\u0443\u043a Smoothing Almond Oil Silcare &#8211; 100 \u043c\u043b"}]},{"@type":"WebSite","@id":"https:\/\/valika.eu\/fi\/#website","url":"https:\/\/valika.eu\/fi\/","name":"Valika.eu","description":"Salonkituotteet ja kauneudenhoitotuotteet - Valika tarjoaa laajan valikoiman tuotteita ja tarvikkeita kynsiteknikoille, kauneushoitoloille, kampaamoille ja kampaamoille.","publisher":{"@id":"https:\/\/valika.eu\/fi\/#organization"},"alternateName":"Valika","potentialAction":[{"@type":"SearchAction","target":{"@type":"EntryPoint","urlTemplate":"https:\/\/valika.eu\/fi\/?s={search_term_string}"},"query-input":{"@type":"PropertyValueSpecification","valueRequired":true,"valueName":"search_term_string"}}],"inLanguage":"fi"},{"@type":"Organization","@id":"https:\/\/valika.eu\/fi\/#organization","name":"Salongitoode O\u00dc","alternateName":"Valika","url":"https:\/\/valika.eu\/fi\/","logo":{"@type":"ImageObject","inLanguage":"fi","@id":"https:\/\/valika.eu\/fi\/#\/schema\/logo\/image\/","url":"https:\/\/valika.eu\/wp-content\/uploads\/2023\/11\/logo2-valika-footer.png","contentUrl":"https:\/\/valika.eu\/wp-content\/uploads\/2023\/11\/logo2-valika-footer.png","width":200,"height":129,"caption":"Salongitoode O\u00dc"},"image":{"@id":"https:\/\/valika.eu\/fi\/#\/schema\/logo\/image\/"},"sameAs":["https:\/\/www.facebook.com\/tipsi.net"]}]}},"jetpack_sharing_enabled":true,"_links":{"self":[{"href":"https:\/\/valika.eu\/fi\/wp-json\/wp\/v2\/product\/15220","targetHints":{"allow":["GET"]}}],"collection":[{"href":"https:\/\/valika.eu\/fi\/wp-json\/wp\/v2\/product"}],"about":[{"href":"https:\/\/valika.eu\/fi\/wp-json\/wp\/v2\/types\/product"}],"wp:featuredmedia":[{"embeddable":true,"href":"https:\/\/valika.eu\/fi\/wp-json\/wp\/v2\/media\/15221"}],"wp:attachment":[{"href":"https:\/\/valika.eu\/fi\/wp-json\/wp\/v2\/media?parent=15220"}],"wp:term":[{"taxonomy":"product_brand","embeddable":true,"href":"https:\/\/valika.eu\/fi\/wp-json\/wp\/v2\/product_brand?post=15220"},{"taxonomy":"product_cat","embeddable":true,"href":"https:\/\/valika.eu\/fi\/wp-json\/wp\/v2\/product_cat?post=15220"},{"taxonomy":"product_tag","embeddable":true,"href":"https:\/\/valika.eu\/fi\/wp-json\/wp\/v2\/product_tag?post=15220"}],"curies":[{"name":"wp","href":"https:\/\/api.w.org\/{rel}","templated":true}]}}