{"id":15261,"date":"2025-07-04T15:24:38","date_gmt":"2025-07-04T12:24:38","guid":{"rendered":"https:\/\/valika.eu\/?post_type=product&#038;p=15261"},"modified":"2025-07-04T15:25:13","modified_gmt":"2025-07-04T12:25:13","slug":"sailitamiskonteiner-19x8x4-cm","status":"publish","type":"product","link":"https:\/\/valika.eu\/fi\/toode\/sailitamiskonteiner-19x8x4-cm\/","title":{"rendered":"Storage container 19\u00d78\u00d74 cm"},"content":{"rendered":"<p>Yleisk\u00e4ytt\u00f6inen rasia on hy\u00f6dyllinen pienten esineiden, kosmetiikkasiveltimien, koristeiden, viilojen ja muiden kosmetiikka- tai kauneustuotteiden s\u00e4ilytt\u00e4miseen. Sit\u00e4 k\u00e4ytet\u00e4\u00e4n sek\u00e4 ammattimaisessa kauneushoitolassa ett\u00e4 kotona. Neutraali v\u00e4ri ja minimalistinen muotoilu sopivat t\u00e4ydellisesti mihin tahansa sisustukseen.<\/p>\n<p>K\u00e4yt\u00e4nn\u00f6llinen rasia<br \/>\nK\u00e4yt\u00e4nn\u00f6llinen rasia on valmistettu muovista, joten se on kest\u00e4v\u00e4 ja helppo puhdistaa. Se auttaa yll\u00e4pit\u00e4m\u00e4\u00e4n hygieniaa ja j\u00e4rjestyst\u00e4 s\u00e4ilytetyiss\u00e4 tarvikkeissa. Kannen aukot mahdollistavat ilman virtauksen sis\u00e4\u00e4n, joten kosteus ei pysy sis\u00e4ll\u00e4.<\/p>\n<p>Turvallinen s\u00e4ilytys<br \/>\nSiihen mahtuu helposti viilat, siveltimet ja muut tarvittavat kosmetiikkatarvikkeet, ja sulkimen ansiosta tuotteet ovat turvassa kuljetuksen aikana.<\/p>","protected":false},"excerpt":{"rendered":"<p>Yleisk\u00e4ytt\u00f6inen rasia on hy\u00f6dyllinen pienten esineiden, kosmetiikkasiveltimien, koristeiden, viilojen ja muiden kosmetiikka- tai kauneustuotteiden s\u00e4ilytt\u00e4miseen. Sit\u00e4 k\u00e4ytet\u00e4\u00e4n sek\u00e4 ammattimaisessa kauneushoitolassa<\/p>\n","protected":false},"featured_media":15262,"template":"","meta":[],"product_brand":[],"product_cat":[633],"product_tag":[],"class_list":{"0":"post-15261","1":"product","2":"type-product","3":"status-publish","4":"has-post-thumbnail","6":"product_cat-karbid-pudelid-pakend-tooriistad-ja-tarvikud","8":"first","9":"instock","10":"taxable","11":"shipping-taxable","12":"purchasable","13":"product-type-simple"},"yoast_head":"<!-- This site is optimized with the Yoast SEO plugin v24.4 - https:\/\/yoast.com\/wordpress\/plugins\/seo\/ -->\n<title>Storage container 19\u00d78\u00d74 cm | Valika<\/title>\n<meta name=\"robots\" content=\"index, follow, max-snippet:-1, max-image-preview:large, max-video-preview:-1\" \/>\n<link rel=\"canonical\" href=\"https:\/\/valika.eu\/fi\/toode\/sailitamiskonteiner-19x8x4-cm\/\" \/>\n<meta property=\"og:locale\" content=\"fi_FI\" \/>\n<meta property=\"og:type\" content=\"article\" \/>\n<meta property=\"og:title\" content=\"Storage container 19\u00d78\u00d74 cm | Valika\" \/>\n<meta property=\"og:description\" content=\"Yleisk\u00e4ytt\u00f6inen rasia on hy\u00f6dyllinen pienten esineiden, kosmetiikkasiveltimien, koristeiden, viilojen ja muiden kosmetiikka- tai kauneustuotteiden s\u00e4ilytt\u00e4miseen. Sit\u00e4 k\u00e4ytet\u00e4\u00e4n sek\u00e4 ammattimaisessa kauneushoitolassa\" \/>\n<meta property=\"og:url\" content=\"https:\/\/valika.eu\/fi\/toode\/sailitamiskonteiner-19x8x4-cm\/\" \/>\n<meta property=\"og:site_name\" content=\"Valika\" \/>\n<meta property=\"article:publisher\" content=\"https:\/\/www.facebook.com\/tipsi.net\" \/>\n<meta property=\"article:modified_time\" content=\"2025-07-04T12:25:13+00:00\" \/>\n<meta property=\"og:image\" content=\"https:\/\/valika.eu\/wp-content\/uploads\/2025\/07\/krppp.webp\" \/>\n\t<meta property=\"og:image:width\" content=\"1000\" \/>\n\t<meta property=\"og:image:height\" content=\"1000\" \/>\n\t<meta property=\"og:image:type\" content=\"image\/webp\" \/>\n<meta name=\"twitter:card\" content=\"summary_large_image\" \/>\n<script type=\"application\/ld+json\" class=\"yoast-schema-graph\">{\"@context\":\"https:\/\/schema.org\",\"@graph\":[{\"@type\":\"WebPage\",\"@id\":\"https:\/\/valika.eu\/fi\/toode\/sailitamiskonteiner-19x8x4-cm\/\",\"url\":\"https:\/\/valika.eu\/fi\/toode\/sailitamiskonteiner-19x8x4-cm\/\",\"name\":\"Storage container 19\u00d78\u00d74 cm | Valika\",\"isPartOf\":{\"@id\":\"https:\/\/valika.eu\/fi\/#website\"},\"primaryImageOfPage\":{\"@id\":\"https:\/\/valika.eu\/fi\/toode\/sailitamiskonteiner-19x8x4-cm\/#primaryimage\"},\"image\":{\"@id\":\"https:\/\/valika.eu\/toode\/sailitamiskonteiner-19x8x4-cm\/#primaryimage\"},\"thumbnailUrl\":\"https:\/\/valika.eu\/wp-content\/uploads\/2025\/07\/krppp.webp\",\"datePublished\":\"2025-07-04T12:24:38+00:00\",\"dateModified\":\"2025-07-04T12:25:13+00:00\",\"breadcrumb\":{\"@id\":\"https:\/\/valika.eu\/fi\/toode\/sailitamiskonteiner-19x8x4-cm\/#breadcrumb\"},\"inLanguage\":\"fi\",\"potentialAction\":[{\"@type\":\"ReadAction\",\"target\":[[\"https:\/\/valika.eu\/fi\/toode\/sailitamiskonteiner-19x8x4-cm\/\"]]}]},{\"@type\":\"ImageObject\",\"inLanguage\":\"fi\",\"@id\":\"https:\/\/valika.eu\/fi\/toode\/sailitamiskonteiner-19x8x4-cm\/#primaryimage\",\"url\":\"https:\/\/valika.eu\/wp-content\/uploads\/2025\/07\/krppp.webp\",\"contentUrl\":\"https:\/\/valika.eu\/wp-content\/uploads\/2025\/07\/krppp.webp\",\"width\":1000,\"height\":1000},{\"@type\":\"BreadcrumbList\",\"@id\":\"https:\/\/valika.eu\/fi\/toode\/sailitamiskonteiner-19x8x4-cm\/#breadcrumb\",\"itemListElement\":[{\"@type\":\"ListItem\",\"position\":1,\"name\":\"Koti\",\"item\":\"https:\/\/valika.eu\/fi\/\"},{\"@type\":\"ListItem\",\"position\":2,\"name\":\"Shop\",\"item\":\"https:\/\/valika.eu\/fi\/\"},{\"@type\":\"ListItem\",\"position\":3,\"name\":\"S\u00e4ilitamiskonteiner 19\u00d78\u00d74 cm\"}]},{\"@type\":\"WebSite\",\"@id\":\"https:\/\/valika.eu\/fi\/#website\",\"url\":\"https:\/\/valika.eu\/fi\/\",\"name\":\"Valika.eu\",\"description\":\"Salonkituotteet ja kauneudenhoitotuotteet - Valika tarjoaa laajan valikoiman tuotteita ja tarvikkeita kynsiteknikoille, kauneushoitoloille, kampaamoille ja kampaamoille.\",\"publisher\":{\"@id\":\"https:\/\/valika.eu\/fi\/#organization\"},\"alternateName\":\"Valika\",\"potentialAction\":[{\"@type\":\"SearchAction\",\"target\":{\"@type\":\"EntryPoint\",\"urlTemplate\":\"https:\/\/valika.eu\/fi\/?s={search_term_string}\"},\"query-input\":{\"@type\":\"PropertyValueSpecification\",\"valueRequired\":true,\"valueName\":\"search_term_string\"}}],\"inLanguage\":\"fi\"},{\"@type\":\"Organization\",\"@id\":\"https:\/\/valika.eu\/fi\/#organization\",\"name\":\"Salongitoode O\u00dc\",\"alternateName\":\"Valika\",\"url\":\"https:\/\/valika.eu\/fi\/\",\"logo\":{\"@type\":\"ImageObject\",\"inLanguage\":\"fi\",\"@id\":\"https:\/\/valika.eu\/fi\/#\/schema\/logo\/image\/\",\"url\":\"https:\/\/valika.eu\/wp-content\/uploads\/2023\/11\/logo2-valika-footer.png\",\"contentUrl\":\"https:\/\/valika.eu\/wp-content\/uploads\/2023\/11\/logo2-valika-footer.png\",\"width\":200,\"height\":129,\"caption\":\"Salongitoode O\u00dc\"},\"image\":{\"@id\":\"https:\/\/valika.eu\/fi\/#\/schema\/logo\/image\/\"},\"sameAs\":[\"https:\/\/www.facebook.com\/tipsi.net\"]}]}<\/script>\n<!-- \/ Yoast SEO plugin. -->","yoast_head_json":{"title":"Storage container 19\u00d78\u00d74 cm | Valika","robots":{"index":"index","follow":"follow","max-snippet":"max-snippet:-1","max-image-preview":"max-image-preview:large","max-video-preview":"max-video-preview:-1"},"canonical":"https:\/\/valika.eu\/fi\/toode\/sailitamiskonteiner-19x8x4-cm\/","og_locale":"fi_FI","og_type":"article","og_title":"Storage container 19\u00d78\u00d74 cm | Valika","og_description":"Yleisk\u00e4ytt\u00f6inen rasia on hy\u00f6dyllinen pienten esineiden, kosmetiikkasiveltimien, koristeiden, viilojen ja muiden kosmetiikka- tai kauneustuotteiden s\u00e4ilytt\u00e4miseen. Sit\u00e4 k\u00e4ytet\u00e4\u00e4n sek\u00e4 ammattimaisessa kauneushoitolassa","og_url":"https:\/\/valika.eu\/fi\/toode\/sailitamiskonteiner-19x8x4-cm\/","og_site_name":"Valika","article_publisher":"https:\/\/www.facebook.com\/tipsi.net","article_modified_time":"2025-07-04T12:25:13+00:00","og_image":[{"width":1000,"height":1000,"url":"https:\/\/valika.eu\/wp-content\/uploads\/2025\/07\/krppp.webp","type":"image\/webp"}],"twitter_card":"summary_large_image","schema":{"@context":"https:\/\/schema.org","@graph":[{"@type":"WebPage","@id":"https:\/\/valika.eu\/fi\/toode\/sailitamiskonteiner-19x8x4-cm\/","url":"https:\/\/valika.eu\/fi\/toode\/sailitamiskonteiner-19x8x4-cm\/","name":"Storage container 19\u00d78\u00d74 cm | Valika","isPartOf":{"@id":"https:\/\/valika.eu\/fi\/#website"},"primaryImageOfPage":{"@id":"https:\/\/valika.eu\/fi\/toode\/sailitamiskonteiner-19x8x4-cm\/#primaryimage"},"image":{"@id":"https:\/\/valika.eu\/toode\/sailitamiskonteiner-19x8x4-cm\/#primaryimage"},"thumbnailUrl":"https:\/\/valika.eu\/wp-content\/uploads\/2025\/07\/krppp.webp","datePublished":"2025-07-04T12:24:38+00:00","dateModified":"2025-07-04T12:25:13+00:00","breadcrumb":{"@id":"https:\/\/valika.eu\/fi\/toode\/sailitamiskonteiner-19x8x4-cm\/#breadcrumb"},"inLanguage":"fi","potentialAction":[{"@type":"ReadAction","target":[["https:\/\/valika.eu\/fi\/toode\/sailitamiskonteiner-19x8x4-cm\/"]]}]},{"@type":"ImageObject","inLanguage":"fi","@id":"https:\/\/valika.eu\/fi\/toode\/sailitamiskonteiner-19x8x4-cm\/#primaryimage","url":"https:\/\/valika.eu\/wp-content\/uploads\/2025\/07\/krppp.webp","contentUrl":"https:\/\/valika.eu\/wp-content\/uploads\/2025\/07\/krppp.webp","width":1000,"height":1000},{"@type":"BreadcrumbList","@id":"https:\/\/valika.eu\/fi\/toode\/sailitamiskonteiner-19x8x4-cm\/#breadcrumb","itemListElement":[{"@type":"ListItem","position":1,"name":"Koti","item":"https:\/\/valika.eu\/fi\/"},{"@type":"ListItem","position":2,"name":"Shop","item":"https:\/\/valika.eu\/fi\/"},{"@type":"ListItem","position":3,"name":"S\u00e4ilitamiskonteiner 19\u00d78\u00d74 cm"}]},{"@type":"WebSite","@id":"https:\/\/valika.eu\/fi\/#website","url":"https:\/\/valika.eu\/fi\/","name":"Valika.eu","description":"Salonkituotteet ja kauneudenhoitotuotteet - Valika tarjoaa laajan valikoiman tuotteita ja tarvikkeita kynsiteknikoille, kauneushoitoloille, kampaamoille ja kampaamoille.","publisher":{"@id":"https:\/\/valika.eu\/fi\/#organization"},"alternateName":"Valika","potentialAction":[{"@type":"SearchAction","target":{"@type":"EntryPoint","urlTemplate":"https:\/\/valika.eu\/fi\/?s={search_term_string}"},"query-input":{"@type":"PropertyValueSpecification","valueRequired":true,"valueName":"search_term_string"}}],"inLanguage":"fi"},{"@type":"Organization","@id":"https:\/\/valika.eu\/fi\/#organization","name":"Salongitoode O\u00dc","alternateName":"Valika","url":"https:\/\/valika.eu\/fi\/","logo":{"@type":"ImageObject","inLanguage":"fi","@id":"https:\/\/valika.eu\/fi\/#\/schema\/logo\/image\/","url":"https:\/\/valika.eu\/wp-content\/uploads\/2023\/11\/logo2-valika-footer.png","contentUrl":"https:\/\/valika.eu\/wp-content\/uploads\/2023\/11\/logo2-valika-footer.png","width":200,"height":129,"caption":"Salongitoode O\u00dc"},"image":{"@id":"https:\/\/valika.eu\/fi\/#\/schema\/logo\/image\/"},"sameAs":["https:\/\/www.facebook.com\/tipsi.net"]}]}},"jetpack_sharing_enabled":true,"_links":{"self":[{"href":"https:\/\/valika.eu\/fi\/wp-json\/wp\/v2\/product\/15261","targetHints":{"allow":["GET"]}}],"collection":[{"href":"https:\/\/valika.eu\/fi\/wp-json\/wp\/v2\/product"}],"about":[{"href":"https:\/\/valika.eu\/fi\/wp-json\/wp\/v2\/types\/product"}],"wp:featuredmedia":[{"embeddable":true,"href":"https:\/\/valika.eu\/fi\/wp-json\/wp\/v2\/media\/15262"}],"wp:attachment":[{"href":"https:\/\/valika.eu\/fi\/wp-json\/wp\/v2\/media?parent=15261"}],"wp:term":[{"taxonomy":"product_brand","embeddable":true,"href":"https:\/\/valika.eu\/fi\/wp-json\/wp\/v2\/product_brand?post=15261"},{"taxonomy":"product_cat","embeddable":true,"href":"https:\/\/valika.eu\/fi\/wp-json\/wp\/v2\/product_cat?post=15261"},{"taxonomy":"product_tag","embeddable":true,"href":"https:\/\/valika.eu\/fi\/wp-json\/wp\/v2\/product_tag?post=15261"}],"curies":[{"name":"wp","href":"https:\/\/api.w.org\/{rel}","templated":true}]}}