{"id":15265,"date":"2025-07-04T15:54:01","date_gmt":"2025-07-04T12:54:01","guid":{"rendered":"https:\/\/valika.eu\/?post_type=product&#038;p=15265"},"modified":"2025-10-27T15:46:55","modified_gmt":"2025-10-27T13:46:55","slug":"naopuhastusseade-darsonval","status":"publish","type":"product","link":"https:\/\/valika.eu\/fi\/toode\/naopuhastusseade-darsonval\/","title":{"rendered":"Darsonval kasvojenpuhdistuslaite"},"content":{"rendered":"<p>Darsonvalilla on stimuloiva vaikutus ihoon ja se vaikuttaa ihonalaiseen ja lihaskudokseen sek\u00e4 ep\u00e4suorasti sis\u00e4elimiin. Toimenpiteen aikana syntyv\u00e4ll\u00e4 otsonilla on antibakteerinen vaikutus. S\u00e4hk\u00f6impulssit laajentavat verisuonia, kiihdytt\u00e4v\u00e4t aineenvaihduntaa, mik\u00e4 parantaa kosmeettisten tai l\u00e4\u00e4kkeiden imeytymist\u00e4 ihoon. Korkeataajuuslaite. S\u00e4\u00e4dett\u00e4v\u00e4 \u00e4\u00e4nenvoimakkuus. Kytkeytyy p\u00e4\u00e4lle\/pois k\u00e4\u00e4nt\u00e4m\u00e4ll\u00e4 \u00e4\u00e4nenvoimakkuuden s\u00e4\u00e4dint\u00e4.<\/p>\n<p>Setti sis\u00e4lt\u00e4\u00e4:<\/p>\n<p>4 lasielektrodia<\/p>\n<p>Kammanmuotoiset elektrodit (karvankasvun edist\u00e4miseen)<\/p>\n<p>Sienenmuotoiset elektrodit (suuremmille ihoalueille)<\/p>\n<p>Lusikkamaiset elektrodit (keskikokoiselle alueelle, esim. nen\u00e4lle jne.) (pienille ja vaurioituneille alueille)<\/p>\n<p>K\u00e4ytt\u00f6tapa: 20 min. k\u00e4ytt\u00f6, 15 min. lepoaika<\/p>\n<p>J\u00e4nnite: 220V-240V<\/p>\n<p>Taajuus: 50\/60 Hz<\/p>","protected":false},"excerpt":{"rendered":"<p>Darsonvalilla on stimuloiva vaikutus ihoon ja se vaikuttaa ihonalaiseen ja lihaskudokseen sek\u00e4 ep\u00e4suorasti sis\u00e4elimiin. Toimenpiteen aikana syntyv\u00e4ll\u00e4 otsonilla on antibakteerinen<\/p>\n","protected":false},"featured_media":15267,"template":"","meta":[],"product_brand":[],"product_cat":[24,352],"product_tag":[],"class_list":{"0":"post-15265","1":"product","2":"type-product","3":"status-publish","4":"has-post-thumbnail","6":"product_cat-ilusalongimoobel","7":"product_cat-kosmeetikaseadmed","9":"first","10":"instock","11":"taxable","12":"shipping-taxable","13":"purchasable","14":"product-type-simple"},"yoast_head":"<!-- This site is optimized with the Yoast SEO plugin v24.4 - https:\/\/yoast.com\/wordpress\/plugins\/seo\/ -->\n<title>Darsonval kasvojenpuhdistuslaite | Valika<\/title>\n<meta name=\"robots\" content=\"index, follow, max-snippet:-1, max-image-preview:large, max-video-preview:-1\" \/>\n<link rel=\"canonical\" href=\"https:\/\/valika.eu\/fi\/toode\/naopuhastusseade-darsonval\/\" \/>\n<meta property=\"og:locale\" content=\"fi_FI\" \/>\n<meta property=\"og:type\" content=\"article\" \/>\n<meta property=\"og:title\" content=\"Darsonval kasvojenpuhdistuslaite | Valika\" \/>\n<meta property=\"og:description\" content=\"Darsonvalilla on stimuloiva vaikutus ihoon ja se vaikuttaa ihonalaiseen ja lihaskudokseen sek\u00e4 ep\u00e4suorasti sis\u00e4elimiin. Toimenpiteen aikana syntyv\u00e4ll\u00e4 otsonilla on antibakteerinen\" \/>\n<meta property=\"og:url\" content=\"https:\/\/valika.eu\/fi\/toode\/naopuhastusseade-darsonval\/\" \/>\n<meta property=\"og:site_name\" content=\"Valika\" \/>\n<meta property=\"article:publisher\" content=\"https:\/\/www.facebook.com\/tipsi.net\" \/>\n<meta property=\"article:modified_time\" content=\"2025-10-27T13:46:55+00:00\" \/>\n<meta property=\"og:image\" content=\"https:\/\/valika.eu\/wp-content\/uploads\/2025\/07\/darsonval.webp\" \/>\n\t<meta property=\"og:image:width\" content=\"800\" \/>\n\t<meta property=\"og:image:height\" content=\"800\" \/>\n\t<meta property=\"og:image:type\" content=\"image\/webp\" \/>\n<meta name=\"twitter:card\" content=\"summary_large_image\" \/>\n<script type=\"application\/ld+json\" class=\"yoast-schema-graph\">{\"@context\":\"https:\/\/schema.org\",\"@graph\":[{\"@type\":\"WebPage\",\"@id\":\"https:\/\/valika.eu\/fi\/toode\/naopuhastusseade-darsonval\/\",\"url\":\"https:\/\/valika.eu\/fi\/toode\/naopuhastusseade-darsonval\/\",\"name\":\"Darsonval kasvojenpuhdistuslaite | Valika\",\"isPartOf\":{\"@id\":\"https:\/\/valika.eu\/fi\/#website\"},\"primaryImageOfPage\":{\"@id\":\"https:\/\/valika.eu\/fi\/toode\/naopuhastusseade-darsonval\/#primaryimage\"},\"image\":{\"@id\":\"https:\/\/valika.eu\/toode\/naopuhastusseade-darsonval\/#primaryimage\"},\"thumbnailUrl\":\"https:\/\/valika.eu\/wp-content\/uploads\/2025\/07\/darsonval.webp\",\"datePublished\":\"2025-07-04T12:54:01+00:00\",\"dateModified\":\"2025-10-27T13:46:55+00:00\",\"breadcrumb\":{\"@id\":\"https:\/\/valika.eu\/fi\/toode\/naopuhastusseade-darsonval\/#breadcrumb\"},\"inLanguage\":\"fi\",\"potentialAction\":[{\"@type\":\"ReadAction\",\"target\":[[\"https:\/\/valika.eu\/fi\/toode\/naopuhastusseade-darsonval\/\"]]}]},{\"@type\":\"ImageObject\",\"inLanguage\":\"fi\",\"@id\":\"https:\/\/valika.eu\/fi\/toode\/naopuhastusseade-darsonval\/#primaryimage\",\"url\":\"https:\/\/valika.eu\/wp-content\/uploads\/2025\/07\/darsonval.webp\",\"contentUrl\":\"https:\/\/valika.eu\/wp-content\/uploads\/2025\/07\/darsonval.webp\",\"width\":800,\"height\":800},{\"@type\":\"BreadcrumbList\",\"@id\":\"https:\/\/valika.eu\/fi\/toode\/naopuhastusseade-darsonval\/#breadcrumb\",\"itemListElement\":[{\"@type\":\"ListItem\",\"position\":1,\"name\":\"Koti\",\"item\":\"https:\/\/valika.eu\/fi\/\"},{\"@type\":\"ListItem\",\"position\":2,\"name\":\"Shop\",\"item\":\"https:\/\/valika.eu\/fi\/\"},{\"@type\":\"ListItem\",\"position\":3,\"name\":\"N\u00e4opuhastusseade Darsonval\"}]},{\"@type\":\"WebSite\",\"@id\":\"https:\/\/valika.eu\/fi\/#website\",\"url\":\"https:\/\/valika.eu\/fi\/\",\"name\":\"Valika.eu\",\"description\":\"Salonkituotteet ja kauneudenhoitotuotteet - Valika tarjoaa laajan valikoiman tuotteita ja tarvikkeita kynsiteknikoille, kauneushoitoloille, kampaamoille ja kampaamoille.\",\"publisher\":{\"@id\":\"https:\/\/valika.eu\/fi\/#organization\"},\"alternateName\":\"Valika\",\"potentialAction\":[{\"@type\":\"SearchAction\",\"target\":{\"@type\":\"EntryPoint\",\"urlTemplate\":\"https:\/\/valika.eu\/fi\/?s={search_term_string}\"},\"query-input\":{\"@type\":\"PropertyValueSpecification\",\"valueRequired\":true,\"valueName\":\"search_term_string\"}}],\"inLanguage\":\"fi\"},{\"@type\":\"Organization\",\"@id\":\"https:\/\/valika.eu\/fi\/#organization\",\"name\":\"Salongitoode O\u00dc\",\"alternateName\":\"Valika\",\"url\":\"https:\/\/valika.eu\/fi\/\",\"logo\":{\"@type\":\"ImageObject\",\"inLanguage\":\"fi\",\"@id\":\"https:\/\/valika.eu\/fi\/#\/schema\/logo\/image\/\",\"url\":\"https:\/\/valika.eu\/wp-content\/uploads\/2023\/11\/logo2-valika-footer.png\",\"contentUrl\":\"https:\/\/valika.eu\/wp-content\/uploads\/2023\/11\/logo2-valika-footer.png\",\"width\":200,\"height\":129,\"caption\":\"Salongitoode O\u00dc\"},\"image\":{\"@id\":\"https:\/\/valika.eu\/fi\/#\/schema\/logo\/image\/\"},\"sameAs\":[\"https:\/\/www.facebook.com\/tipsi.net\"]}]}<\/script>\n<!-- \/ Yoast SEO plugin. -->","yoast_head_json":{"title":"Darsonval kasvojenpuhdistuslaite | Valika","robots":{"index":"index","follow":"follow","max-snippet":"max-snippet:-1","max-image-preview":"max-image-preview:large","max-video-preview":"max-video-preview:-1"},"canonical":"https:\/\/valika.eu\/fi\/toode\/naopuhastusseade-darsonval\/","og_locale":"fi_FI","og_type":"article","og_title":"Darsonval kasvojenpuhdistuslaite | Valika","og_description":"Darsonvalilla on stimuloiva vaikutus ihoon ja se vaikuttaa ihonalaiseen ja lihaskudokseen sek\u00e4 ep\u00e4suorasti sis\u00e4elimiin. Toimenpiteen aikana syntyv\u00e4ll\u00e4 otsonilla on antibakteerinen","og_url":"https:\/\/valika.eu\/fi\/toode\/naopuhastusseade-darsonval\/","og_site_name":"Valika","article_publisher":"https:\/\/www.facebook.com\/tipsi.net","article_modified_time":"2025-10-27T13:46:55+00:00","og_image":[{"width":800,"height":800,"url":"https:\/\/valika.eu\/wp-content\/uploads\/2025\/07\/darsonval.webp","type":"image\/webp"}],"twitter_card":"summary_large_image","schema":{"@context":"https:\/\/schema.org","@graph":[{"@type":"WebPage","@id":"https:\/\/valika.eu\/fi\/toode\/naopuhastusseade-darsonval\/","url":"https:\/\/valika.eu\/fi\/toode\/naopuhastusseade-darsonval\/","name":"Darsonval kasvojenpuhdistuslaite | Valika","isPartOf":{"@id":"https:\/\/valika.eu\/fi\/#website"},"primaryImageOfPage":{"@id":"https:\/\/valika.eu\/fi\/toode\/naopuhastusseade-darsonval\/#primaryimage"},"image":{"@id":"https:\/\/valika.eu\/toode\/naopuhastusseade-darsonval\/#primaryimage"},"thumbnailUrl":"https:\/\/valika.eu\/wp-content\/uploads\/2025\/07\/darsonval.webp","datePublished":"2025-07-04T12:54:01+00:00","dateModified":"2025-10-27T13:46:55+00:00","breadcrumb":{"@id":"https:\/\/valika.eu\/fi\/toode\/naopuhastusseade-darsonval\/#breadcrumb"},"inLanguage":"fi","potentialAction":[{"@type":"ReadAction","target":[["https:\/\/valika.eu\/fi\/toode\/naopuhastusseade-darsonval\/"]]}]},{"@type":"ImageObject","inLanguage":"fi","@id":"https:\/\/valika.eu\/fi\/toode\/naopuhastusseade-darsonval\/#primaryimage","url":"https:\/\/valika.eu\/wp-content\/uploads\/2025\/07\/darsonval.webp","contentUrl":"https:\/\/valika.eu\/wp-content\/uploads\/2025\/07\/darsonval.webp","width":800,"height":800},{"@type":"BreadcrumbList","@id":"https:\/\/valika.eu\/fi\/toode\/naopuhastusseade-darsonval\/#breadcrumb","itemListElement":[{"@type":"ListItem","position":1,"name":"Koti","item":"https:\/\/valika.eu\/fi\/"},{"@type":"ListItem","position":2,"name":"Shop","item":"https:\/\/valika.eu\/fi\/"},{"@type":"ListItem","position":3,"name":"N\u00e4opuhastusseade Darsonval"}]},{"@type":"WebSite","@id":"https:\/\/valika.eu\/fi\/#website","url":"https:\/\/valika.eu\/fi\/","name":"Valika.eu","description":"Salonkituotteet ja kauneudenhoitotuotteet - Valika tarjoaa laajan valikoiman tuotteita ja tarvikkeita kynsiteknikoille, kauneushoitoloille, kampaamoille ja kampaamoille.","publisher":{"@id":"https:\/\/valika.eu\/fi\/#organization"},"alternateName":"Valika","potentialAction":[{"@type":"SearchAction","target":{"@type":"EntryPoint","urlTemplate":"https:\/\/valika.eu\/fi\/?s={search_term_string}"},"query-input":{"@type":"PropertyValueSpecification","valueRequired":true,"valueName":"search_term_string"}}],"inLanguage":"fi"},{"@type":"Organization","@id":"https:\/\/valika.eu\/fi\/#organization","name":"Salongitoode O\u00dc","alternateName":"Valika","url":"https:\/\/valika.eu\/fi\/","logo":{"@type":"ImageObject","inLanguage":"fi","@id":"https:\/\/valika.eu\/fi\/#\/schema\/logo\/image\/","url":"https:\/\/valika.eu\/wp-content\/uploads\/2023\/11\/logo2-valika-footer.png","contentUrl":"https:\/\/valika.eu\/wp-content\/uploads\/2023\/11\/logo2-valika-footer.png","width":200,"height":129,"caption":"Salongitoode O\u00dc"},"image":{"@id":"https:\/\/valika.eu\/fi\/#\/schema\/logo\/image\/"},"sameAs":["https:\/\/www.facebook.com\/tipsi.net"]}]}},"jetpack_sharing_enabled":true,"_links":{"self":[{"href":"https:\/\/valika.eu\/fi\/wp-json\/wp\/v2\/product\/15265","targetHints":{"allow":["GET"]}}],"collection":[{"href":"https:\/\/valika.eu\/fi\/wp-json\/wp\/v2\/product"}],"about":[{"href":"https:\/\/valika.eu\/fi\/wp-json\/wp\/v2\/types\/product"}],"wp:featuredmedia":[{"embeddable":true,"href":"https:\/\/valika.eu\/fi\/wp-json\/wp\/v2\/media\/15267"}],"wp:attachment":[{"href":"https:\/\/valika.eu\/fi\/wp-json\/wp\/v2\/media?parent=15265"}],"wp:term":[{"taxonomy":"product_brand","embeddable":true,"href":"https:\/\/valika.eu\/fi\/wp-json\/wp\/v2\/product_brand?post=15265"},{"taxonomy":"product_cat","embeddable":true,"href":"https:\/\/valika.eu\/fi\/wp-json\/wp\/v2\/product_cat?post=15265"},{"taxonomy":"product_tag","embeddable":true,"href":"https:\/\/valika.eu\/fi\/wp-json\/wp\/v2\/product_tag?post=15265"}],"curies":[{"name":"wp","href":"https:\/\/api.w.org\/{rel}","templated":true}]}}