{"id":15358,"date":"2025-07-09T14:30:10","date_gmt":"2025-07-09T11:30:10","guid":{"rendered":"https:\/\/valika.eu\/?post_type=product&#038;p=15358"},"modified":"2025-10-27T11:28:17","modified_gmt":"2025-10-27T09:28:17","slug":"opharm-medical-mask-mustad-50-tk","status":"publish","type":"product","link":"https:\/\/valika.eu\/fi\/toode\/opharm-medical-mask-mustad-50-tk\/","title":{"rendered":"l\u00e4\u00e4kint\u00e4maski, musta, 50 kpl"},"content":{"rendered":"<p>Tarjoaa mukavan k\u00e4yt\u00f6n joustavien, paineettomien korvahihnojen ansiosta. Hajuton ja hell\u00e4varainen \u2013 maski ei aiheuta \u00e4rsytyst\u00e4. Ihanteellinen herkk\u00e4ihoisille, se on huomaamaton kasvoilla. Turvallisuus \u2013 maski tarjoaa erinomaisen suojan. Se luo fyysisen esteen, joka suojaa k\u00e4ytt\u00e4j\u00e4\u00e4 bakteereilta, pisaroilta, ilmansaasteilta, p\u00f6lylt\u00e4, lialta, savulta ja p\u00f6lylt\u00e4. Miellytt\u00e4v\u00e4 koskettaa \u2013 t\u00e4m\u00e4n mukavuuden takaa korkealaatuinen kuitukankainen suodatinmateriaali, jolla on vahva suoja. BFE-suodatus &gt;98 % \u2013 Siin\u00e4 on eritt\u00e4in korkea bakteerisuodatusaste, mink\u00e4 ansiosta se tarjoaa tehokkaan suojan sek\u00e4 l\u00e4\u00e4k\u00e4rille ett\u00e4 potilaalle ja antaa sinun hengitt\u00e4\u00e4 vapaasti.<\/p>","protected":false},"excerpt":{"rendered":"<p>Tarjoaa mukavan k\u00e4yt\u00f6n joustavien, paineettomien korvahihnojen ansiosta. Hajuton ja hell\u00e4varainen \u2013 maski ei aiheuta \u00e4rsytyst\u00e4. Ihanteellinen herkk\u00e4ihoisille, se on huomaamaton<\/p>\n","protected":false},"featured_media":17257,"template":"","meta":[],"product_brand":[],"product_cat":[628],"product_tag":[],"class_list":{"0":"post-15358","1":"product","2":"type-product","3":"status-publish","4":"has-post-thumbnail","6":"product_cat-naomaskid","8":"first","9":"instock","10":"taxable","11":"shipping-taxable","12":"purchasable","13":"product-type-simple"},"yoast_head":"<!-- This site is optimized with the Yoast SEO plugin v24.4 - https:\/\/yoast.com\/wordpress\/plugins\/seo\/ -->\n<title>l\u00e4\u00e4kint\u00e4maski, musta, 50 kpl | Valika<\/title>\n<meta name=\"robots\" content=\"index, follow, max-snippet:-1, max-image-preview:large, max-video-preview:-1\" \/>\n<link rel=\"canonical\" href=\"https:\/\/valika.eu\/fi\/toode\/opharm-medical-mask-mustad-50-tk\/\" \/>\n<meta property=\"og:locale\" content=\"fi_FI\" \/>\n<meta property=\"og:type\" content=\"article\" \/>\n<meta property=\"og:title\" content=\"l\u00e4\u00e4kint\u00e4maski, musta, 50 kpl | Valika\" \/>\n<meta property=\"og:description\" content=\"Tarjoaa mukavan k\u00e4yt\u00f6n joustavien, paineettomien korvahihnojen ansiosta. Hajuton ja hell\u00e4varainen \u2013 maski ei aiheuta \u00e4rsytyst\u00e4. Ihanteellinen herkk\u00e4ihoisille, se on huomaamaton\" \/>\n<meta property=\"og:url\" content=\"https:\/\/valika.eu\/fi\/toode\/opharm-medical-mask-mustad-50-tk\/\" \/>\n<meta property=\"og:site_name\" content=\"Valika\" \/>\n<meta property=\"article:publisher\" content=\"https:\/\/www.facebook.com\/tipsi.net\" \/>\n<meta property=\"article:modified_time\" content=\"2025-10-27T09:28:17+00:00\" \/>\n<meta property=\"og:image\" content=\"https:\/\/valika.eu\/wp-content\/uploads\/2025\/07\/must-mask.jpg\" \/>\n\t<meta property=\"og:image:width\" content=\"967\" \/>\n\t<meta property=\"og:image:height\" content=\"643\" \/>\n\t<meta property=\"og:image:type\" content=\"image\/jpeg\" \/>\n<meta name=\"twitter:card\" content=\"summary_large_image\" \/>\n<script type=\"application\/ld+json\" class=\"yoast-schema-graph\">{\"@context\":\"https:\/\/schema.org\",\"@graph\":[{\"@type\":\"WebPage\",\"@id\":\"https:\/\/valika.eu\/fi\/toode\/opharm-medical-mask-mustad-50-tk\/\",\"url\":\"https:\/\/valika.eu\/fi\/toode\/opharm-medical-mask-mustad-50-tk\/\",\"name\":\"l\u00e4\u00e4kint\u00e4maski, musta, 50 kpl | Valika\",\"isPartOf\":{\"@id\":\"https:\/\/valika.eu\/fi\/#website\"},\"primaryImageOfPage\":{\"@id\":\"https:\/\/valika.eu\/fi\/toode\/opharm-medical-mask-mustad-50-tk\/#primaryimage\"},\"image\":{\"@id\":\"https:\/\/valika.eu\/toode\/opharm-medical-mask-mustad-50-tk\/#primaryimage\"},\"thumbnailUrl\":\"https:\/\/valika.eu\/wp-content\/uploads\/2025\/07\/must-mask.jpg\",\"datePublished\":\"2025-07-09T11:30:10+00:00\",\"dateModified\":\"2025-10-27T09:28:17+00:00\",\"breadcrumb\":{\"@id\":\"https:\/\/valika.eu\/fi\/toode\/opharm-medical-mask-mustad-50-tk\/#breadcrumb\"},\"inLanguage\":\"fi\",\"potentialAction\":[{\"@type\":\"ReadAction\",\"target\":[[\"https:\/\/valika.eu\/fi\/toode\/opharm-medical-mask-mustad-50-tk\/\"]]}]},{\"@type\":\"ImageObject\",\"inLanguage\":\"fi\",\"@id\":\"https:\/\/valika.eu\/fi\/toode\/opharm-medical-mask-mustad-50-tk\/#primaryimage\",\"url\":\"https:\/\/valika.eu\/wp-content\/uploads\/2025\/07\/must-mask.jpg\",\"contentUrl\":\"https:\/\/valika.eu\/wp-content\/uploads\/2025\/07\/must-mask.jpg\",\"width\":967,\"height\":643},{\"@type\":\"BreadcrumbList\",\"@id\":\"https:\/\/valika.eu\/fi\/toode\/opharm-medical-mask-mustad-50-tk\/#breadcrumb\",\"itemListElement\":[{\"@type\":\"ListItem\",\"position\":1,\"name\":\"Koti\",\"item\":\"https:\/\/valika.eu\/fi\/\"},{\"@type\":\"ListItem\",\"position\":2,\"name\":\"Shop\",\"item\":\"https:\/\/valika.eu\/fi\/\"},{\"@type\":\"ListItem\",\"position\":3,\"name\":\"Medical Mask, mustad, 50 tk Red Apple\"}]},{\"@type\":\"WebSite\",\"@id\":\"https:\/\/valika.eu\/fi\/#website\",\"url\":\"https:\/\/valika.eu\/fi\/\",\"name\":\"Valika.eu\",\"description\":\"Salonkituotteet ja kauneudenhoitotuotteet - Valika tarjoaa laajan valikoiman tuotteita ja tarvikkeita kynsiteknikoille, kauneushoitoloille, kampaamoille ja kampaamoille.\",\"publisher\":{\"@id\":\"https:\/\/valika.eu\/fi\/#organization\"},\"alternateName\":\"Valika\",\"potentialAction\":[{\"@type\":\"SearchAction\",\"target\":{\"@type\":\"EntryPoint\",\"urlTemplate\":\"https:\/\/valika.eu\/fi\/?s={search_term_string}\"},\"query-input\":{\"@type\":\"PropertyValueSpecification\",\"valueRequired\":true,\"valueName\":\"search_term_string\"}}],\"inLanguage\":\"fi\"},{\"@type\":\"Organization\",\"@id\":\"https:\/\/valika.eu\/fi\/#organization\",\"name\":\"Salongitoode O\u00dc\",\"alternateName\":\"Valika\",\"url\":\"https:\/\/valika.eu\/fi\/\",\"logo\":{\"@type\":\"ImageObject\",\"inLanguage\":\"fi\",\"@id\":\"https:\/\/valika.eu\/fi\/#\/schema\/logo\/image\/\",\"url\":\"https:\/\/valika.eu\/wp-content\/uploads\/2023\/11\/logo2-valika-footer.png\",\"contentUrl\":\"https:\/\/valika.eu\/wp-content\/uploads\/2023\/11\/logo2-valika-footer.png\",\"width\":200,\"height\":129,\"caption\":\"Salongitoode O\u00dc\"},\"image\":{\"@id\":\"https:\/\/valika.eu\/fi\/#\/schema\/logo\/image\/\"},\"sameAs\":[\"https:\/\/www.facebook.com\/tipsi.net\"]}]}<\/script>\n<!-- \/ Yoast SEO plugin. -->","yoast_head_json":{"title":"l\u00e4\u00e4kint\u00e4maski, musta, 50 kpl | Valika","robots":{"index":"index","follow":"follow","max-snippet":"max-snippet:-1","max-image-preview":"max-image-preview:large","max-video-preview":"max-video-preview:-1"},"canonical":"https:\/\/valika.eu\/fi\/toode\/opharm-medical-mask-mustad-50-tk\/","og_locale":"fi_FI","og_type":"article","og_title":"l\u00e4\u00e4kint\u00e4maski, musta, 50 kpl | Valika","og_description":"Tarjoaa mukavan k\u00e4yt\u00f6n joustavien, paineettomien korvahihnojen ansiosta. Hajuton ja hell\u00e4varainen \u2013 maski ei aiheuta \u00e4rsytyst\u00e4. Ihanteellinen herkk\u00e4ihoisille, se on huomaamaton","og_url":"https:\/\/valika.eu\/fi\/toode\/opharm-medical-mask-mustad-50-tk\/","og_site_name":"Valika","article_publisher":"https:\/\/www.facebook.com\/tipsi.net","article_modified_time":"2025-10-27T09:28:17+00:00","og_image":[{"width":967,"height":643,"url":"https:\/\/valika.eu\/wp-content\/uploads\/2025\/07\/must-mask.jpg","type":"image\/jpeg"}],"twitter_card":"summary_large_image","schema":{"@context":"https:\/\/schema.org","@graph":[{"@type":"WebPage","@id":"https:\/\/valika.eu\/fi\/toode\/opharm-medical-mask-mustad-50-tk\/","url":"https:\/\/valika.eu\/fi\/toode\/opharm-medical-mask-mustad-50-tk\/","name":"l\u00e4\u00e4kint\u00e4maski, musta, 50 kpl | Valika","isPartOf":{"@id":"https:\/\/valika.eu\/fi\/#website"},"primaryImageOfPage":{"@id":"https:\/\/valika.eu\/fi\/toode\/opharm-medical-mask-mustad-50-tk\/#primaryimage"},"image":{"@id":"https:\/\/valika.eu\/toode\/opharm-medical-mask-mustad-50-tk\/#primaryimage"},"thumbnailUrl":"https:\/\/valika.eu\/wp-content\/uploads\/2025\/07\/must-mask.jpg","datePublished":"2025-07-09T11:30:10+00:00","dateModified":"2025-10-27T09:28:17+00:00","breadcrumb":{"@id":"https:\/\/valika.eu\/fi\/toode\/opharm-medical-mask-mustad-50-tk\/#breadcrumb"},"inLanguage":"fi","potentialAction":[{"@type":"ReadAction","target":[["https:\/\/valika.eu\/fi\/toode\/opharm-medical-mask-mustad-50-tk\/"]]}]},{"@type":"ImageObject","inLanguage":"fi","@id":"https:\/\/valika.eu\/fi\/toode\/opharm-medical-mask-mustad-50-tk\/#primaryimage","url":"https:\/\/valika.eu\/wp-content\/uploads\/2025\/07\/must-mask.jpg","contentUrl":"https:\/\/valika.eu\/wp-content\/uploads\/2025\/07\/must-mask.jpg","width":967,"height":643},{"@type":"BreadcrumbList","@id":"https:\/\/valika.eu\/fi\/toode\/opharm-medical-mask-mustad-50-tk\/#breadcrumb","itemListElement":[{"@type":"ListItem","position":1,"name":"Koti","item":"https:\/\/valika.eu\/fi\/"},{"@type":"ListItem","position":2,"name":"Shop","item":"https:\/\/valika.eu\/fi\/"},{"@type":"ListItem","position":3,"name":"Medical Mask, mustad, 50 tk Red Apple"}]},{"@type":"WebSite","@id":"https:\/\/valika.eu\/fi\/#website","url":"https:\/\/valika.eu\/fi\/","name":"Valika.eu","description":"Salonkituotteet ja kauneudenhoitotuotteet - Valika tarjoaa laajan valikoiman tuotteita ja tarvikkeita kynsiteknikoille, kauneushoitoloille, kampaamoille ja kampaamoille.","publisher":{"@id":"https:\/\/valika.eu\/fi\/#organization"},"alternateName":"Valika","potentialAction":[{"@type":"SearchAction","target":{"@type":"EntryPoint","urlTemplate":"https:\/\/valika.eu\/fi\/?s={search_term_string}"},"query-input":{"@type":"PropertyValueSpecification","valueRequired":true,"valueName":"search_term_string"}}],"inLanguage":"fi"},{"@type":"Organization","@id":"https:\/\/valika.eu\/fi\/#organization","name":"Salongitoode O\u00dc","alternateName":"Valika","url":"https:\/\/valika.eu\/fi\/","logo":{"@type":"ImageObject","inLanguage":"fi","@id":"https:\/\/valika.eu\/fi\/#\/schema\/logo\/image\/","url":"https:\/\/valika.eu\/wp-content\/uploads\/2023\/11\/logo2-valika-footer.png","contentUrl":"https:\/\/valika.eu\/wp-content\/uploads\/2023\/11\/logo2-valika-footer.png","width":200,"height":129,"caption":"Salongitoode O\u00dc"},"image":{"@id":"https:\/\/valika.eu\/fi\/#\/schema\/logo\/image\/"},"sameAs":["https:\/\/www.facebook.com\/tipsi.net"]}]}},"jetpack_sharing_enabled":true,"_links":{"self":[{"href":"https:\/\/valika.eu\/fi\/wp-json\/wp\/v2\/product\/15358","targetHints":{"allow":["GET"]}}],"collection":[{"href":"https:\/\/valika.eu\/fi\/wp-json\/wp\/v2\/product"}],"about":[{"href":"https:\/\/valika.eu\/fi\/wp-json\/wp\/v2\/types\/product"}],"wp:featuredmedia":[{"embeddable":true,"href":"https:\/\/valika.eu\/fi\/wp-json\/wp\/v2\/media\/17257"}],"wp:attachment":[{"href":"https:\/\/valika.eu\/fi\/wp-json\/wp\/v2\/media?parent=15358"}],"wp:term":[{"taxonomy":"product_brand","embeddable":true,"href":"https:\/\/valika.eu\/fi\/wp-json\/wp\/v2\/product_brand?post=15358"},{"taxonomy":"product_cat","embeddable":true,"href":"https:\/\/valika.eu\/fi\/wp-json\/wp\/v2\/product_cat?post=15358"},{"taxonomy":"product_tag","embeddable":true,"href":"https:\/\/valika.eu\/fi\/wp-json\/wp\/v2\/product_tag?post=15358"}],"curies":[{"name":"wp","href":"https:\/\/api.w.org\/{rel}","templated":true}]}}