{"id":15480,"date":"2025-07-21T13:08:16","date_gmt":"2025-07-21T10:08:16","guid":{"rendered":"https:\/\/valika.eu\/?post_type=product&#038;p=15480"},"modified":"2025-07-22T10:28:34","modified_gmt":"2025-07-22T07:28:34","slug":"kiudkangas-polupropuleen-voodikate-60x80-50m","status":"publish","type":"product","link":"https:\/\/valika.eu\/fi\/toode\/kiudkangas-polupropuleen-voodikate-60x80-50m\/","title":{"rendered":"hoitop\u00f6yd\u00e4n suoja kuitukangas+polypropeeni 60&#215;80, 50m"},"content":{"rendered":"<p>Kuitukangas on valmistettu polypropeenista, mik\u00e4 tekee siit\u00e4 vahvan ja kest\u00e4v\u00e4n. Se varmistaa hygienian ja puhtauden miss\u00e4 tahansa kauneushoitolassa tai l\u00e4\u00e4k\u00e4rin vastaanotolla, fysioterapiahuoneessa, hierontahuoneessa tai kylpyl\u00e4keskuksessa. Suojaavia (hygieenisi\u00e4) tyynyj\u00e4 k\u00e4ytet\u00e4\u00e4n terveydenhuollon laitoksissa varmistamaan potilaiden tarvittava hygienia, turvallisuus ja mukavuus hoidon aikana. Niit\u00e4 voidaan k\u00e4ytt\u00e4\u00e4 hoitop\u00f6ydiss\u00e4, -p\u00f6ydiss\u00e4 ja -nojatuoleissa l\u00e4\u00e4k\u00e4rin vastaanotoilla (gynekologisissa, hammasl\u00e4\u00e4k\u00e4rin vastaanotoilla) ja kauneushoitoloissa. Ne suojaavat likaantumiselta ja kosteuden tunkeutumiselta. Mustia tyynyj\u00e4 k\u00e4ytet\u00e4\u00e4n usein tatuointi- ja l\u00e4vistyshoitoloissa.<\/p>\n<p>Leveys: 60 cm, 80 cm<\/p>\n<p>Rullan pituus: 50 m<\/p>\n<p>Pintatiheys 30 g\/m2<\/p>","protected":false},"excerpt":{"rendered":"<p>Kuitukangas on valmistettu polypropeenista, mik\u00e4 tekee siit\u00e4 vahvan ja kest\u00e4v\u00e4n. Se varmistaa hygienian ja puhtauden miss\u00e4 tahansa kauneushoitolassa tai l\u00e4\u00e4k\u00e4rin<\/p>\n","protected":false},"featured_media":15481,"template":"","meta":[],"product_brand":[],"product_cat":[346],"product_tag":[],"class_list":{"0":"post-15480","1":"product","2":"type-product","3":"status-publish","4":"has-post-thumbnail","6":"product_cat-voodilina-voodikate","8":"first","9":"instock","10":"taxable","11":"shipping-taxable","12":"purchasable","13":"product-type-simple"},"yoast_head":"<!-- This site is optimized with the Yoast SEO plugin v24.4 - https:\/\/yoast.com\/wordpress\/plugins\/seo\/ -->\n<title>hoitop\u00f6yd\u00e4n suoja kuitukangas+polypropeeni 60x80, 50m | Valika<\/title>\n<meta name=\"robots\" content=\"index, follow, max-snippet:-1, max-image-preview:large, max-video-preview:-1\" \/>\n<link rel=\"canonical\" href=\"https:\/\/valika.eu\/fi\/toode\/kiudkangas-polupropuleen-voodikate-60x80-50m\/\" \/>\n<meta property=\"og:locale\" content=\"fi_FI\" \/>\n<meta property=\"og:type\" content=\"article\" \/>\n<meta property=\"og:title\" content=\"hoitop\u00f6yd\u00e4n suoja kuitukangas+polypropeeni 60x80, 50m | Valika\" \/>\n<meta property=\"og:description\" content=\"Kuitukangas on valmistettu polypropeenista, mik\u00e4 tekee siit\u00e4 vahvan ja kest\u00e4v\u00e4n. Se varmistaa hygienian ja puhtauden miss\u00e4 tahansa kauneushoitolassa tai l\u00e4\u00e4k\u00e4rin\" \/>\n<meta property=\"og:url\" content=\"https:\/\/valika.eu\/fi\/toode\/kiudkangas-polupropuleen-voodikate-60x80-50m\/\" \/>\n<meta property=\"og:site_name\" content=\"Valika\" \/>\n<meta property=\"article:publisher\" content=\"https:\/\/www.facebook.com\/tipsi.net\" \/>\n<meta property=\"article:modified_time\" content=\"2025-07-22T07:28:34+00:00\" \/>\n<meta property=\"og:image\" content=\"https:\/\/valika.eu\/wp-content\/uploads\/2025\/07\/must.jpg\" \/>\n\t<meta property=\"og:image:width\" content=\"800\" \/>\n\t<meta property=\"og:image:height\" content=\"800\" \/>\n\t<meta property=\"og:image:type\" content=\"image\/jpeg\" \/>\n<meta name=\"twitter:card\" content=\"summary_large_image\" \/>\n<script type=\"application\/ld+json\" class=\"yoast-schema-graph\">{\"@context\":\"https:\/\/schema.org\",\"@graph\":[{\"@type\":\"WebPage\",\"@id\":\"https:\/\/valika.eu\/fi\/toode\/kiudkangas-polupropuleen-voodikate-60x80-50m\/\",\"url\":\"https:\/\/valika.eu\/fi\/toode\/kiudkangas-polupropuleen-voodikate-60x80-50m\/\",\"name\":\"hoitop\u00f6yd\u00e4n suoja kuitukangas+polypropeeni 60x80, 50m | Valika\",\"isPartOf\":{\"@id\":\"https:\/\/valika.eu\/fi\/#website\"},\"primaryImageOfPage\":{\"@id\":\"https:\/\/valika.eu\/fi\/toode\/kiudkangas-polupropuleen-voodikate-60x80-50m\/#primaryimage\"},\"image\":{\"@id\":\"https:\/\/valika.eu\/toode\/kiudkangas-polupropuleen-voodikate-60x80-50m\/#primaryimage\"},\"thumbnailUrl\":\"https:\/\/valika.eu\/wp-content\/uploads\/2025\/07\/must.jpg\",\"datePublished\":\"2025-07-21T10:08:16+00:00\",\"dateModified\":\"2025-07-22T07:28:34+00:00\",\"breadcrumb\":{\"@id\":\"https:\/\/valika.eu\/fi\/toode\/kiudkangas-polupropuleen-voodikate-60x80-50m\/#breadcrumb\"},\"inLanguage\":\"fi\",\"potentialAction\":[{\"@type\":\"ReadAction\",\"target\":[[\"https:\/\/valika.eu\/fi\/toode\/kiudkangas-polupropuleen-voodikate-60x80-50m\/\"]]}]},{\"@type\":\"ImageObject\",\"inLanguage\":\"fi\",\"@id\":\"https:\/\/valika.eu\/fi\/toode\/kiudkangas-polupropuleen-voodikate-60x80-50m\/#primaryimage\",\"url\":\"https:\/\/valika.eu\/wp-content\/uploads\/2025\/07\/must.jpg\",\"contentUrl\":\"https:\/\/valika.eu\/wp-content\/uploads\/2025\/07\/must.jpg\",\"width\":800,\"height\":800},{\"@type\":\"BreadcrumbList\",\"@id\":\"https:\/\/valika.eu\/fi\/toode\/kiudkangas-polupropuleen-voodikate-60x80-50m\/#breadcrumb\",\"itemListElement\":[{\"@type\":\"ListItem\",\"position\":1,\"name\":\"Koti\",\"item\":\"https:\/\/valika.eu\/fi\/\"},{\"@type\":\"ListItem\",\"position\":2,\"name\":\"Shop\",\"item\":\"https:\/\/valika.eu\/fi\/\"},{\"@type\":\"ListItem\",\"position\":3,\"name\":\"kiudkangas-pol\u00fcprop\u00fcleen voodikate 60&#215;80, 50m\"}]},{\"@type\":\"WebSite\",\"@id\":\"https:\/\/valika.eu\/fi\/#website\",\"url\":\"https:\/\/valika.eu\/fi\/\",\"name\":\"Valika.eu\",\"description\":\"Salonkituotteet ja kauneudenhoitotuotteet - Valika tarjoaa laajan valikoiman tuotteita ja tarvikkeita kynsiteknikoille, kauneushoitoloille, kampaamoille ja kampaamoille.\",\"publisher\":{\"@id\":\"https:\/\/valika.eu\/fi\/#organization\"},\"alternateName\":\"Valika\",\"potentialAction\":[{\"@type\":\"SearchAction\",\"target\":{\"@type\":\"EntryPoint\",\"urlTemplate\":\"https:\/\/valika.eu\/fi\/?s={search_term_string}\"},\"query-input\":{\"@type\":\"PropertyValueSpecification\",\"valueRequired\":true,\"valueName\":\"search_term_string\"}}],\"inLanguage\":\"fi\"},{\"@type\":\"Organization\",\"@id\":\"https:\/\/valika.eu\/fi\/#organization\",\"name\":\"Salongitoode O\u00dc\",\"alternateName\":\"Valika\",\"url\":\"https:\/\/valika.eu\/fi\/\",\"logo\":{\"@type\":\"ImageObject\",\"inLanguage\":\"fi\",\"@id\":\"https:\/\/valika.eu\/fi\/#\/schema\/logo\/image\/\",\"url\":\"https:\/\/valika.eu\/wp-content\/uploads\/2023\/11\/logo2-valika-footer.png\",\"contentUrl\":\"https:\/\/valika.eu\/wp-content\/uploads\/2023\/11\/logo2-valika-footer.png\",\"width\":200,\"height\":129,\"caption\":\"Salongitoode O\u00dc\"},\"image\":{\"@id\":\"https:\/\/valika.eu\/fi\/#\/schema\/logo\/image\/\"},\"sameAs\":[\"https:\/\/www.facebook.com\/tipsi.net\"]}]}<\/script>\n<!-- \/ Yoast SEO plugin. -->","yoast_head_json":{"title":"hoitop\u00f6yd\u00e4n suoja kuitukangas+polypropeeni 60x80, 50m | Valika","robots":{"index":"index","follow":"follow","max-snippet":"max-snippet:-1","max-image-preview":"max-image-preview:large","max-video-preview":"max-video-preview:-1"},"canonical":"https:\/\/valika.eu\/fi\/toode\/kiudkangas-polupropuleen-voodikate-60x80-50m\/","og_locale":"fi_FI","og_type":"article","og_title":"hoitop\u00f6yd\u00e4n suoja kuitukangas+polypropeeni 60x80, 50m | Valika","og_description":"Kuitukangas on valmistettu polypropeenista, mik\u00e4 tekee siit\u00e4 vahvan ja kest\u00e4v\u00e4n. Se varmistaa hygienian ja puhtauden miss\u00e4 tahansa kauneushoitolassa tai l\u00e4\u00e4k\u00e4rin","og_url":"https:\/\/valika.eu\/fi\/toode\/kiudkangas-polupropuleen-voodikate-60x80-50m\/","og_site_name":"Valika","article_publisher":"https:\/\/www.facebook.com\/tipsi.net","article_modified_time":"2025-07-22T07:28:34+00:00","og_image":[{"width":800,"height":800,"url":"https:\/\/valika.eu\/wp-content\/uploads\/2025\/07\/must.jpg","type":"image\/jpeg"}],"twitter_card":"summary_large_image","schema":{"@context":"https:\/\/schema.org","@graph":[{"@type":"WebPage","@id":"https:\/\/valika.eu\/fi\/toode\/kiudkangas-polupropuleen-voodikate-60x80-50m\/","url":"https:\/\/valika.eu\/fi\/toode\/kiudkangas-polupropuleen-voodikate-60x80-50m\/","name":"hoitop\u00f6yd\u00e4n suoja kuitukangas+polypropeeni 60x80, 50m | Valika","isPartOf":{"@id":"https:\/\/valika.eu\/fi\/#website"},"primaryImageOfPage":{"@id":"https:\/\/valika.eu\/fi\/toode\/kiudkangas-polupropuleen-voodikate-60x80-50m\/#primaryimage"},"image":{"@id":"https:\/\/valika.eu\/toode\/kiudkangas-polupropuleen-voodikate-60x80-50m\/#primaryimage"},"thumbnailUrl":"https:\/\/valika.eu\/wp-content\/uploads\/2025\/07\/must.jpg","datePublished":"2025-07-21T10:08:16+00:00","dateModified":"2025-07-22T07:28:34+00:00","breadcrumb":{"@id":"https:\/\/valika.eu\/fi\/toode\/kiudkangas-polupropuleen-voodikate-60x80-50m\/#breadcrumb"},"inLanguage":"fi","potentialAction":[{"@type":"ReadAction","target":[["https:\/\/valika.eu\/fi\/toode\/kiudkangas-polupropuleen-voodikate-60x80-50m\/"]]}]},{"@type":"ImageObject","inLanguage":"fi","@id":"https:\/\/valika.eu\/fi\/toode\/kiudkangas-polupropuleen-voodikate-60x80-50m\/#primaryimage","url":"https:\/\/valika.eu\/wp-content\/uploads\/2025\/07\/must.jpg","contentUrl":"https:\/\/valika.eu\/wp-content\/uploads\/2025\/07\/must.jpg","width":800,"height":800},{"@type":"BreadcrumbList","@id":"https:\/\/valika.eu\/fi\/toode\/kiudkangas-polupropuleen-voodikate-60x80-50m\/#breadcrumb","itemListElement":[{"@type":"ListItem","position":1,"name":"Koti","item":"https:\/\/valika.eu\/fi\/"},{"@type":"ListItem","position":2,"name":"Shop","item":"https:\/\/valika.eu\/fi\/"},{"@type":"ListItem","position":3,"name":"kiudkangas-pol\u00fcprop\u00fcleen voodikate 60&#215;80, 50m"}]},{"@type":"WebSite","@id":"https:\/\/valika.eu\/fi\/#website","url":"https:\/\/valika.eu\/fi\/","name":"Valika.eu","description":"Salonkituotteet ja kauneudenhoitotuotteet - Valika tarjoaa laajan valikoiman tuotteita ja tarvikkeita kynsiteknikoille, kauneushoitoloille, kampaamoille ja kampaamoille.","publisher":{"@id":"https:\/\/valika.eu\/fi\/#organization"},"alternateName":"Valika","potentialAction":[{"@type":"SearchAction","target":{"@type":"EntryPoint","urlTemplate":"https:\/\/valika.eu\/fi\/?s={search_term_string}"},"query-input":{"@type":"PropertyValueSpecification","valueRequired":true,"valueName":"search_term_string"}}],"inLanguage":"fi"},{"@type":"Organization","@id":"https:\/\/valika.eu\/fi\/#organization","name":"Salongitoode O\u00dc","alternateName":"Valika","url":"https:\/\/valika.eu\/fi\/","logo":{"@type":"ImageObject","inLanguage":"fi","@id":"https:\/\/valika.eu\/fi\/#\/schema\/logo\/image\/","url":"https:\/\/valika.eu\/wp-content\/uploads\/2023\/11\/logo2-valika-footer.png","contentUrl":"https:\/\/valika.eu\/wp-content\/uploads\/2023\/11\/logo2-valika-footer.png","width":200,"height":129,"caption":"Salongitoode O\u00dc"},"image":{"@id":"https:\/\/valika.eu\/fi\/#\/schema\/logo\/image\/"},"sameAs":["https:\/\/www.facebook.com\/tipsi.net"]}]}},"jetpack_sharing_enabled":true,"_links":{"self":[{"href":"https:\/\/valika.eu\/fi\/wp-json\/wp\/v2\/product\/15480","targetHints":{"allow":["GET"]}}],"collection":[{"href":"https:\/\/valika.eu\/fi\/wp-json\/wp\/v2\/product"}],"about":[{"href":"https:\/\/valika.eu\/fi\/wp-json\/wp\/v2\/types\/product"}],"wp:featuredmedia":[{"embeddable":true,"href":"https:\/\/valika.eu\/fi\/wp-json\/wp\/v2\/media\/15481"}],"wp:attachment":[{"href":"https:\/\/valika.eu\/fi\/wp-json\/wp\/v2\/media?parent=15480"}],"wp:term":[{"taxonomy":"product_brand","embeddable":true,"href":"https:\/\/valika.eu\/fi\/wp-json\/wp\/v2\/product_brand?post=15480"},{"taxonomy":"product_cat","embeddable":true,"href":"https:\/\/valika.eu\/fi\/wp-json\/wp\/v2\/product_cat?post=15480"},{"taxonomy":"product_tag","embeddable":true,"href":"https:\/\/valika.eu\/fi\/wp-json\/wp\/v2\/product_tag?post=15480"}],"curies":[{"name":"wp","href":"https:\/\/api.w.org\/{rel}","templated":true}]}}