{"id":15483,"date":"2025-07-21T13:36:27","date_gmt":"2025-07-21T10:36:27","guid":{"rendered":"https:\/\/valika.eu\/?post_type=product&#038;p=15483"},"modified":"2025-07-22T10:21:55","modified_gmt":"2025-07-22T07:21:55","slug":"meditsiiniline-tselluloosist-rull-rull-2-kihiline-60cm-x80m","status":"publish","type":"product","link":"https:\/\/valika.eu\/fi\/toode\/meditsiiniline-tselluloosist-rull-rull-2-kihiline-60cm-x80m\/","title":{"rendered":"L\u00e4\u00e4ketieteellinen selluloosasta valmistettu lakana, rulla 2-kerroksinen. 60cm x80m"},"content":{"rendered":"<p>Selluloosatyyny tarjoaa hygieenisen suojan l\u00e4\u00e4k\u00e4rin vastaanotoilla, hoitohuoneissa, kauneushoitoloissa tai kampaamoissa. Se on tarkoitettu nojatuolien, sohvien tai hoitop\u00f6ytien suojaamiseen. Tyynymme on valmistettu kahdesta selluloosakerroksesta, ne on liimattu ja niiss\u00e4 on k\u00e4tev\u00e4 rei&#8217;itys. Niiden valkoinen v\u00e4ri sopii t\u00e4ydellisesti l\u00e4\u00e4k\u00e4rin vastaanoton steriiliyteen.<\/p>","protected":false},"excerpt":{"rendered":"<p>Selluloosatyyny tarjoaa hygieenisen suojan l\u00e4\u00e4k\u00e4rin vastaanotoilla, hoitohuoneissa, kauneushoitoloissa tai kampaamoissa. Se on tarkoitettu nojatuolien, sohvien tai hoitop\u00f6ytien suojaamiseen. Tyynymme on<\/p>\n","protected":false},"featured_media":15484,"template":"","meta":[],"product_brand":[],"product_cat":[346],"product_tag":[],"class_list":{"0":"post-15483","1":"product","2":"type-product","3":"status-publish","4":"has-post-thumbnail","6":"product_cat-voodilina-voodikate","8":"first","9":"instock","10":"taxable","11":"shipping-taxable","12":"purchasable","13":"product-type-simple"},"yoast_head":"<!-- This site is optimized with the Yoast SEO plugin v24.4 - https:\/\/yoast.com\/wordpress\/plugins\/seo\/ -->\n<title>L\u00e4\u00e4ketieteellinen selluloosasta valmistettu lakana, rulla 2-kerroksinen. 60cm x80m | Valika<\/title>\n<meta name=\"robots\" content=\"index, follow, max-snippet:-1, max-image-preview:large, max-video-preview:-1\" \/>\n<link rel=\"canonical\" href=\"https:\/\/valika.eu\/fi\/toode\/meditsiiniline-tselluloosist-rull-rull-2-kihiline-60cm-x80m\/\" \/>\n<meta property=\"og:locale\" content=\"fi_FI\" \/>\n<meta property=\"og:type\" content=\"article\" \/>\n<meta property=\"og:title\" content=\"L\u00e4\u00e4ketieteellinen selluloosasta valmistettu lakana, rulla 2-kerroksinen. 60cm x80m | Valika\" \/>\n<meta property=\"og:description\" content=\"Selluloosatyyny tarjoaa hygieenisen suojan l\u00e4\u00e4k\u00e4rin vastaanotoilla, hoitohuoneissa, kauneushoitoloissa tai kampaamoissa. Se on tarkoitettu nojatuolien, sohvien tai hoitop\u00f6ytien suojaamiseen. Tyynymme on\" \/>\n<meta property=\"og:url\" content=\"https:\/\/valika.eu\/fi\/toode\/meditsiiniline-tselluloosist-rull-rull-2-kihiline-60cm-x80m\/\" \/>\n<meta property=\"og:site_name\" content=\"Valika\" \/>\n<meta property=\"article:publisher\" content=\"https:\/\/www.facebook.com\/tipsi.net\" \/>\n<meta property=\"article:modified_time\" content=\"2025-07-22T07:21:55+00:00\" \/>\n<meta property=\"og:image\" content=\"https:\/\/valika.eu\/wp-content\/uploads\/2025\/07\/paber-2.jpg\" \/>\n\t<meta property=\"og:image:width\" content=\"800\" \/>\n\t<meta property=\"og:image:height\" content=\"800\" \/>\n\t<meta property=\"og:image:type\" content=\"image\/jpeg\" \/>\n<meta name=\"twitter:card\" content=\"summary_large_image\" \/>\n<script type=\"application\/ld+json\" class=\"yoast-schema-graph\">{\"@context\":\"https:\/\/schema.org\",\"@graph\":[{\"@type\":\"WebPage\",\"@id\":\"https:\/\/valika.eu\/fi\/toode\/meditsiiniline-tselluloosist-rull-rull-2-kihiline-60cm-x80m\/\",\"url\":\"https:\/\/valika.eu\/fi\/toode\/meditsiiniline-tselluloosist-rull-rull-2-kihiline-60cm-x80m\/\",\"name\":\"L\u00e4\u00e4ketieteellinen selluloosasta valmistettu lakana, rulla 2-kerroksinen. 60cm x80m | Valika\",\"isPartOf\":{\"@id\":\"https:\/\/valika.eu\/fi\/#website\"},\"primaryImageOfPage\":{\"@id\":\"https:\/\/valika.eu\/fi\/toode\/meditsiiniline-tselluloosist-rull-rull-2-kihiline-60cm-x80m\/#primaryimage\"},\"image\":{\"@id\":\"https:\/\/valika.eu\/toode\/meditsiiniline-tselluloosist-rull-rull-2-kihiline-60cm-x80m\/#primaryimage\"},\"thumbnailUrl\":\"https:\/\/valika.eu\/wp-content\/uploads\/2025\/07\/paber-2.jpg\",\"datePublished\":\"2025-07-21T10:36:27+00:00\",\"dateModified\":\"2025-07-22T07:21:55+00:00\",\"breadcrumb\":{\"@id\":\"https:\/\/valika.eu\/fi\/toode\/meditsiiniline-tselluloosist-rull-rull-2-kihiline-60cm-x80m\/#breadcrumb\"},\"inLanguage\":\"fi\",\"potentialAction\":[{\"@type\":\"ReadAction\",\"target\":[[\"https:\/\/valika.eu\/fi\/toode\/meditsiiniline-tselluloosist-rull-rull-2-kihiline-60cm-x80m\/\"]]}]},{\"@type\":\"ImageObject\",\"inLanguage\":\"fi\",\"@id\":\"https:\/\/valika.eu\/fi\/toode\/meditsiiniline-tselluloosist-rull-rull-2-kihiline-60cm-x80m\/#primaryimage\",\"url\":\"https:\/\/valika.eu\/wp-content\/uploads\/2025\/07\/paber-2.jpg\",\"contentUrl\":\"https:\/\/valika.eu\/wp-content\/uploads\/2025\/07\/paber-2.jpg\",\"width\":800,\"height\":800},{\"@type\":\"BreadcrumbList\",\"@id\":\"https:\/\/valika.eu\/fi\/toode\/meditsiiniline-tselluloosist-rull-rull-2-kihiline-60cm-x80m\/#breadcrumb\",\"itemListElement\":[{\"@type\":\"ListItem\",\"position\":1,\"name\":\"Koti\",\"item\":\"https:\/\/valika.eu\/fi\/\"},{\"@type\":\"ListItem\",\"position\":2,\"name\":\"Shop\",\"item\":\"https:\/\/valika.eu\/fi\/\"},{\"@type\":\"ListItem\",\"position\":3,\"name\":\"Meditsiiniline tselluloosist rull, rull 2-kihiline. 60cm x80m\"}]},{\"@type\":\"WebSite\",\"@id\":\"https:\/\/valika.eu\/fi\/#website\",\"url\":\"https:\/\/valika.eu\/fi\/\",\"name\":\"Valika.eu\",\"description\":\"Salonkituotteet ja kauneudenhoitotuotteet - Valika tarjoaa laajan valikoiman tuotteita ja tarvikkeita kynsiteknikoille, kauneushoitoloille, kampaamoille ja kampaamoille.\",\"publisher\":{\"@id\":\"https:\/\/valika.eu\/fi\/#organization\"},\"alternateName\":\"Valika\",\"potentialAction\":[{\"@type\":\"SearchAction\",\"target\":{\"@type\":\"EntryPoint\",\"urlTemplate\":\"https:\/\/valika.eu\/fi\/?s={search_term_string}\"},\"query-input\":{\"@type\":\"PropertyValueSpecification\",\"valueRequired\":true,\"valueName\":\"search_term_string\"}}],\"inLanguage\":\"fi\"},{\"@type\":\"Organization\",\"@id\":\"https:\/\/valika.eu\/fi\/#organization\",\"name\":\"Salongitoode O\u00dc\",\"alternateName\":\"Valika\",\"url\":\"https:\/\/valika.eu\/fi\/\",\"logo\":{\"@type\":\"ImageObject\",\"inLanguage\":\"fi\",\"@id\":\"https:\/\/valika.eu\/fi\/#\/schema\/logo\/image\/\",\"url\":\"https:\/\/valika.eu\/wp-content\/uploads\/2023\/11\/logo2-valika-footer.png\",\"contentUrl\":\"https:\/\/valika.eu\/wp-content\/uploads\/2023\/11\/logo2-valika-footer.png\",\"width\":200,\"height\":129,\"caption\":\"Salongitoode O\u00dc\"},\"image\":{\"@id\":\"https:\/\/valika.eu\/fi\/#\/schema\/logo\/image\/\"},\"sameAs\":[\"https:\/\/www.facebook.com\/tipsi.net\"]}]}<\/script>\n<!-- \/ Yoast SEO plugin. -->","yoast_head_json":{"title":"L\u00e4\u00e4ketieteellinen selluloosasta valmistettu lakana, rulla 2-kerroksinen. 60cm x80m | Valika","robots":{"index":"index","follow":"follow","max-snippet":"max-snippet:-1","max-image-preview":"max-image-preview:large","max-video-preview":"max-video-preview:-1"},"canonical":"https:\/\/valika.eu\/fi\/toode\/meditsiiniline-tselluloosist-rull-rull-2-kihiline-60cm-x80m\/","og_locale":"fi_FI","og_type":"article","og_title":"L\u00e4\u00e4ketieteellinen selluloosasta valmistettu lakana, rulla 2-kerroksinen. 60cm x80m | Valika","og_description":"Selluloosatyyny tarjoaa hygieenisen suojan l\u00e4\u00e4k\u00e4rin vastaanotoilla, hoitohuoneissa, kauneushoitoloissa tai kampaamoissa. Se on tarkoitettu nojatuolien, sohvien tai hoitop\u00f6ytien suojaamiseen. Tyynymme on","og_url":"https:\/\/valika.eu\/fi\/toode\/meditsiiniline-tselluloosist-rull-rull-2-kihiline-60cm-x80m\/","og_site_name":"Valika","article_publisher":"https:\/\/www.facebook.com\/tipsi.net","article_modified_time":"2025-07-22T07:21:55+00:00","og_image":[{"width":800,"height":800,"url":"https:\/\/valika.eu\/wp-content\/uploads\/2025\/07\/paber-2.jpg","type":"image\/jpeg"}],"twitter_card":"summary_large_image","schema":{"@context":"https:\/\/schema.org","@graph":[{"@type":"WebPage","@id":"https:\/\/valika.eu\/fi\/toode\/meditsiiniline-tselluloosist-rull-rull-2-kihiline-60cm-x80m\/","url":"https:\/\/valika.eu\/fi\/toode\/meditsiiniline-tselluloosist-rull-rull-2-kihiline-60cm-x80m\/","name":"L\u00e4\u00e4ketieteellinen selluloosasta valmistettu lakana, rulla 2-kerroksinen. 60cm x80m | Valika","isPartOf":{"@id":"https:\/\/valika.eu\/fi\/#website"},"primaryImageOfPage":{"@id":"https:\/\/valika.eu\/fi\/toode\/meditsiiniline-tselluloosist-rull-rull-2-kihiline-60cm-x80m\/#primaryimage"},"image":{"@id":"https:\/\/valika.eu\/toode\/meditsiiniline-tselluloosist-rull-rull-2-kihiline-60cm-x80m\/#primaryimage"},"thumbnailUrl":"https:\/\/valika.eu\/wp-content\/uploads\/2025\/07\/paber-2.jpg","datePublished":"2025-07-21T10:36:27+00:00","dateModified":"2025-07-22T07:21:55+00:00","breadcrumb":{"@id":"https:\/\/valika.eu\/fi\/toode\/meditsiiniline-tselluloosist-rull-rull-2-kihiline-60cm-x80m\/#breadcrumb"},"inLanguage":"fi","potentialAction":[{"@type":"ReadAction","target":[["https:\/\/valika.eu\/fi\/toode\/meditsiiniline-tselluloosist-rull-rull-2-kihiline-60cm-x80m\/"]]}]},{"@type":"ImageObject","inLanguage":"fi","@id":"https:\/\/valika.eu\/fi\/toode\/meditsiiniline-tselluloosist-rull-rull-2-kihiline-60cm-x80m\/#primaryimage","url":"https:\/\/valika.eu\/wp-content\/uploads\/2025\/07\/paber-2.jpg","contentUrl":"https:\/\/valika.eu\/wp-content\/uploads\/2025\/07\/paber-2.jpg","width":800,"height":800},{"@type":"BreadcrumbList","@id":"https:\/\/valika.eu\/fi\/toode\/meditsiiniline-tselluloosist-rull-rull-2-kihiline-60cm-x80m\/#breadcrumb","itemListElement":[{"@type":"ListItem","position":1,"name":"Koti","item":"https:\/\/valika.eu\/fi\/"},{"@type":"ListItem","position":2,"name":"Shop","item":"https:\/\/valika.eu\/fi\/"},{"@type":"ListItem","position":3,"name":"Meditsiiniline tselluloosist rull, rull 2-kihiline. 60cm x80m"}]},{"@type":"WebSite","@id":"https:\/\/valika.eu\/fi\/#website","url":"https:\/\/valika.eu\/fi\/","name":"Valika.eu","description":"Salonkituotteet ja kauneudenhoitotuotteet - Valika tarjoaa laajan valikoiman tuotteita ja tarvikkeita kynsiteknikoille, kauneushoitoloille, kampaamoille ja kampaamoille.","publisher":{"@id":"https:\/\/valika.eu\/fi\/#organization"},"alternateName":"Valika","potentialAction":[{"@type":"SearchAction","target":{"@type":"EntryPoint","urlTemplate":"https:\/\/valika.eu\/fi\/?s={search_term_string}"},"query-input":{"@type":"PropertyValueSpecification","valueRequired":true,"valueName":"search_term_string"}}],"inLanguage":"fi"},{"@type":"Organization","@id":"https:\/\/valika.eu\/fi\/#organization","name":"Salongitoode O\u00dc","alternateName":"Valika","url":"https:\/\/valika.eu\/fi\/","logo":{"@type":"ImageObject","inLanguage":"fi","@id":"https:\/\/valika.eu\/fi\/#\/schema\/logo\/image\/","url":"https:\/\/valika.eu\/wp-content\/uploads\/2023\/11\/logo2-valika-footer.png","contentUrl":"https:\/\/valika.eu\/wp-content\/uploads\/2023\/11\/logo2-valika-footer.png","width":200,"height":129,"caption":"Salongitoode O\u00dc"},"image":{"@id":"https:\/\/valika.eu\/fi\/#\/schema\/logo\/image\/"},"sameAs":["https:\/\/www.facebook.com\/tipsi.net"]}]}},"jetpack_sharing_enabled":true,"_links":{"self":[{"href":"https:\/\/valika.eu\/fi\/wp-json\/wp\/v2\/product\/15483","targetHints":{"allow":["GET"]}}],"collection":[{"href":"https:\/\/valika.eu\/fi\/wp-json\/wp\/v2\/product"}],"about":[{"href":"https:\/\/valika.eu\/fi\/wp-json\/wp\/v2\/types\/product"}],"wp:featuredmedia":[{"embeddable":true,"href":"https:\/\/valika.eu\/fi\/wp-json\/wp\/v2\/media\/15484"}],"wp:attachment":[{"href":"https:\/\/valika.eu\/fi\/wp-json\/wp\/v2\/media?parent=15483"}],"wp:term":[{"taxonomy":"product_brand","embeddable":true,"href":"https:\/\/valika.eu\/fi\/wp-json\/wp\/v2\/product_brand?post=15483"},{"taxonomy":"product_cat","embeddable":true,"href":"https:\/\/valika.eu\/fi\/wp-json\/wp\/v2\/product_cat?post=15483"},{"taxonomy":"product_tag","embeddable":true,"href":"https:\/\/valika.eu\/fi\/wp-json\/wp\/v2\/product_tag?post=15483"}],"curies":[{"name":"wp","href":"https:\/\/api.w.org\/{rel}","templated":true}]}}