{"id":15499,"date":"2025-07-21T15:49:21","date_gmt":"2025-07-21T12:49:21","guid":{"rendered":"https:\/\/valika.eu\/?post_type=product&#038;p=15499"},"modified":"2025-07-22T10:19:38","modified_gmt":"2025-07-22T07:19:38","slug":"kiudkangast-voodikate-20g-60cm-x100m","status":"publish","type":"product","link":"https:\/\/valika.eu\/fi\/toode\/kiudkangast-voodikate-20g-60cm-x100m\/","title":{"rendered":"s\u00e4ngynsuoja kuitukankaasta 20g, 60cm x100m"},"content":{"rendered":"<p>Materiaali ei ime vett\u00e4<\/p>\n<p>Valmistettu polypropeenista. Vahva ja kest\u00e4v\u00e4. Nestetiivis. T\u00e4ydellinen ja korvaamaton l\u00e4\u00e4k\u00e4rin vastaanotoilla, fysioterapiahuoneissa, hierontahuoneissa ja kylpyl\u00e4keskuksissa. Pehmusteiden korkea laatu ja monien kokojen saatavuus tekev\u00e4t niist\u00e4 eritt\u00e4in suosittuja asiakkaidemme keskuudessa. Saatavilla 44 cm (+\/- 5 %) rei&#8217;ityksell\u00e4 ja ilman rei&#8217;ityst\u00e4.<\/p>\n<p>Pehmusteet auttavat yll\u00e4pit\u00e4m\u00e4\u00e4n steriilej\u00e4 ja hygieenisi\u00e4 olosuhteita. Ne eiv\u00e4t ime vett\u00e4. Ne tarjoavat t\u00e4ydellisen suojan p\u00f6ydille tai sohville.<\/p>","protected":false},"excerpt":{"rendered":"<p>Materiaali ei ime vett\u00e4 Valmistettu polypropeenista. Vahva ja kest\u00e4v\u00e4. Nestetiivis. T\u00e4ydellinen ja korvaamaton l\u00e4\u00e4k\u00e4rin vastaanotoilla, fysioterapiahuoneissa, hierontahuoneissa ja kylpyl\u00e4keskuksissa. Pehmusteiden<\/p>\n","protected":false},"featured_media":15496,"template":"","meta":[],"product_brand":[],"product_cat":[346],"product_tag":[],"class_list":{"0":"post-15499","1":"product","2":"type-product","3":"status-publish","4":"has-post-thumbnail","6":"product_cat-voodilina-voodikate","8":"first","9":"instock","10":"taxable","11":"shipping-taxable","12":"purchasable","13":"product-type-simple"},"yoast_head":"<!-- This site is optimized with the Yoast SEO plugin v24.4 - https:\/\/yoast.com\/wordpress\/plugins\/seo\/ -->\n<title>s\u00e4ngynsuoja kuitukankaasta 20g, 60cm x100m | Valika<\/title>\n<meta name=\"robots\" content=\"index, follow, max-snippet:-1, max-image-preview:large, max-video-preview:-1\" \/>\n<link rel=\"canonical\" href=\"https:\/\/valika.eu\/fi\/toode\/kiudkangast-voodikate-20g-60cm-x100m\/\" \/>\n<meta property=\"og:locale\" content=\"fi_FI\" \/>\n<meta property=\"og:type\" content=\"article\" \/>\n<meta property=\"og:title\" content=\"s\u00e4ngynsuoja kuitukankaasta 20g, 60cm x100m | Valika\" \/>\n<meta property=\"og:description\" content=\"Materiaali ei ime vett\u00e4 Valmistettu polypropeenista. Vahva ja kest\u00e4v\u00e4. Nestetiivis. T\u00e4ydellinen ja korvaamaton l\u00e4\u00e4k\u00e4rin vastaanotoilla, fysioterapiahuoneissa, hierontahuoneissa ja kylpyl\u00e4keskuksissa. Pehmusteiden\" \/>\n<meta property=\"og:url\" content=\"https:\/\/valika.eu\/fi\/toode\/kiudkangast-voodikate-20g-60cm-x100m\/\" \/>\n<meta property=\"og:site_name\" content=\"Valika\" \/>\n<meta property=\"article:publisher\" content=\"https:\/\/www.facebook.com\/tipsi.net\" \/>\n<meta property=\"article:modified_time\" content=\"2025-07-22T07:19:38+00:00\" \/>\n<meta property=\"og:image\" content=\"https:\/\/valika.eu\/wp-content\/uploads\/2025\/07\/VALGE.jpg\" \/>\n\t<meta property=\"og:image:width\" content=\"800\" \/>\n\t<meta property=\"og:image:height\" content=\"800\" \/>\n\t<meta property=\"og:image:type\" content=\"image\/jpeg\" \/>\n<meta name=\"twitter:card\" content=\"summary_large_image\" \/>\n<script type=\"application\/ld+json\" class=\"yoast-schema-graph\">{\"@context\":\"https:\/\/schema.org\",\"@graph\":[{\"@type\":\"WebPage\",\"@id\":\"https:\/\/valika.eu\/fi\/toode\/kiudkangast-voodikate-20g-60cm-x100m\/\",\"url\":\"https:\/\/valika.eu\/fi\/toode\/kiudkangast-voodikate-20g-60cm-x100m\/\",\"name\":\"s\u00e4ngynsuoja kuitukankaasta 20g, 60cm x100m | Valika\",\"isPartOf\":{\"@id\":\"https:\/\/valika.eu\/fi\/#website\"},\"primaryImageOfPage\":{\"@id\":\"https:\/\/valika.eu\/fi\/toode\/kiudkangast-voodikate-20g-60cm-x100m\/#primaryimage\"},\"image\":{\"@id\":\"https:\/\/valika.eu\/toode\/kiudkangast-voodikate-20g-60cm-x100m\/#primaryimage\"},\"thumbnailUrl\":\"https:\/\/valika.eu\/wp-content\/uploads\/2025\/07\/VALGE.jpg\",\"datePublished\":\"2025-07-21T12:49:21+00:00\",\"dateModified\":\"2025-07-22T07:19:38+00:00\",\"breadcrumb\":{\"@id\":\"https:\/\/valika.eu\/fi\/toode\/kiudkangast-voodikate-20g-60cm-x100m\/#breadcrumb\"},\"inLanguage\":\"fi\",\"potentialAction\":[{\"@type\":\"ReadAction\",\"target\":[[\"https:\/\/valika.eu\/fi\/toode\/kiudkangast-voodikate-20g-60cm-x100m\/\"]]}]},{\"@type\":\"ImageObject\",\"inLanguage\":\"fi\",\"@id\":\"https:\/\/valika.eu\/fi\/toode\/kiudkangast-voodikate-20g-60cm-x100m\/#primaryimage\",\"url\":\"https:\/\/valika.eu\/wp-content\/uploads\/2025\/07\/VALGE.jpg\",\"contentUrl\":\"https:\/\/valika.eu\/wp-content\/uploads\/2025\/07\/VALGE.jpg\",\"width\":800,\"height\":800},{\"@type\":\"BreadcrumbList\",\"@id\":\"https:\/\/valika.eu\/fi\/toode\/kiudkangast-voodikate-20g-60cm-x100m\/#breadcrumb\",\"itemListElement\":[{\"@type\":\"ListItem\",\"position\":1,\"name\":\"Koti\",\"item\":\"https:\/\/valika.eu\/fi\/\"},{\"@type\":\"ListItem\",\"position\":2,\"name\":\"Shop\",\"item\":\"https:\/\/valika.eu\/fi\/\"},{\"@type\":\"ListItem\",\"position\":3,\"name\":\"kiudkangast voodikate 20g, 60cm x100m\"}]},{\"@type\":\"WebSite\",\"@id\":\"https:\/\/valika.eu\/fi\/#website\",\"url\":\"https:\/\/valika.eu\/fi\/\",\"name\":\"Valika.eu\",\"description\":\"Salonkituotteet ja kauneudenhoitotuotteet - Valika tarjoaa laajan valikoiman tuotteita ja tarvikkeita kynsiteknikoille, kauneushoitoloille, kampaamoille ja kampaamoille.\",\"publisher\":{\"@id\":\"https:\/\/valika.eu\/fi\/#organization\"},\"alternateName\":\"Valika\",\"potentialAction\":[{\"@type\":\"SearchAction\",\"target\":{\"@type\":\"EntryPoint\",\"urlTemplate\":\"https:\/\/valika.eu\/fi\/?s={search_term_string}\"},\"query-input\":{\"@type\":\"PropertyValueSpecification\",\"valueRequired\":true,\"valueName\":\"search_term_string\"}}],\"inLanguage\":\"fi\"},{\"@type\":\"Organization\",\"@id\":\"https:\/\/valika.eu\/fi\/#organization\",\"name\":\"Salongitoode O\u00dc\",\"alternateName\":\"Valika\",\"url\":\"https:\/\/valika.eu\/fi\/\",\"logo\":{\"@type\":\"ImageObject\",\"inLanguage\":\"fi\",\"@id\":\"https:\/\/valika.eu\/fi\/#\/schema\/logo\/image\/\",\"url\":\"https:\/\/valika.eu\/wp-content\/uploads\/2023\/11\/logo2-valika-footer.png\",\"contentUrl\":\"https:\/\/valika.eu\/wp-content\/uploads\/2023\/11\/logo2-valika-footer.png\",\"width\":200,\"height\":129,\"caption\":\"Salongitoode O\u00dc\"},\"image\":{\"@id\":\"https:\/\/valika.eu\/fi\/#\/schema\/logo\/image\/\"},\"sameAs\":[\"https:\/\/www.facebook.com\/tipsi.net\"]}]}<\/script>\n<!-- \/ Yoast SEO plugin. -->","yoast_head_json":{"title":"s\u00e4ngynsuoja kuitukankaasta 20g, 60cm x100m | Valika","robots":{"index":"index","follow":"follow","max-snippet":"max-snippet:-1","max-image-preview":"max-image-preview:large","max-video-preview":"max-video-preview:-1"},"canonical":"https:\/\/valika.eu\/fi\/toode\/kiudkangast-voodikate-20g-60cm-x100m\/","og_locale":"fi_FI","og_type":"article","og_title":"s\u00e4ngynsuoja kuitukankaasta 20g, 60cm x100m | Valika","og_description":"Materiaali ei ime vett\u00e4 Valmistettu polypropeenista. Vahva ja kest\u00e4v\u00e4. Nestetiivis. T\u00e4ydellinen ja korvaamaton l\u00e4\u00e4k\u00e4rin vastaanotoilla, fysioterapiahuoneissa, hierontahuoneissa ja kylpyl\u00e4keskuksissa. Pehmusteiden","og_url":"https:\/\/valika.eu\/fi\/toode\/kiudkangast-voodikate-20g-60cm-x100m\/","og_site_name":"Valika","article_publisher":"https:\/\/www.facebook.com\/tipsi.net","article_modified_time":"2025-07-22T07:19:38+00:00","og_image":[{"width":800,"height":800,"url":"https:\/\/valika.eu\/wp-content\/uploads\/2025\/07\/VALGE.jpg","type":"image\/jpeg"}],"twitter_card":"summary_large_image","schema":{"@context":"https:\/\/schema.org","@graph":[{"@type":"WebPage","@id":"https:\/\/valika.eu\/fi\/toode\/kiudkangast-voodikate-20g-60cm-x100m\/","url":"https:\/\/valika.eu\/fi\/toode\/kiudkangast-voodikate-20g-60cm-x100m\/","name":"s\u00e4ngynsuoja kuitukankaasta 20g, 60cm x100m | Valika","isPartOf":{"@id":"https:\/\/valika.eu\/fi\/#website"},"primaryImageOfPage":{"@id":"https:\/\/valika.eu\/fi\/toode\/kiudkangast-voodikate-20g-60cm-x100m\/#primaryimage"},"image":{"@id":"https:\/\/valika.eu\/toode\/kiudkangast-voodikate-20g-60cm-x100m\/#primaryimage"},"thumbnailUrl":"https:\/\/valika.eu\/wp-content\/uploads\/2025\/07\/VALGE.jpg","datePublished":"2025-07-21T12:49:21+00:00","dateModified":"2025-07-22T07:19:38+00:00","breadcrumb":{"@id":"https:\/\/valika.eu\/fi\/toode\/kiudkangast-voodikate-20g-60cm-x100m\/#breadcrumb"},"inLanguage":"fi","potentialAction":[{"@type":"ReadAction","target":[["https:\/\/valika.eu\/fi\/toode\/kiudkangast-voodikate-20g-60cm-x100m\/"]]}]},{"@type":"ImageObject","inLanguage":"fi","@id":"https:\/\/valika.eu\/fi\/toode\/kiudkangast-voodikate-20g-60cm-x100m\/#primaryimage","url":"https:\/\/valika.eu\/wp-content\/uploads\/2025\/07\/VALGE.jpg","contentUrl":"https:\/\/valika.eu\/wp-content\/uploads\/2025\/07\/VALGE.jpg","width":800,"height":800},{"@type":"BreadcrumbList","@id":"https:\/\/valika.eu\/fi\/toode\/kiudkangast-voodikate-20g-60cm-x100m\/#breadcrumb","itemListElement":[{"@type":"ListItem","position":1,"name":"Koti","item":"https:\/\/valika.eu\/fi\/"},{"@type":"ListItem","position":2,"name":"Shop","item":"https:\/\/valika.eu\/fi\/"},{"@type":"ListItem","position":3,"name":"kiudkangast voodikate 20g, 60cm x100m"}]},{"@type":"WebSite","@id":"https:\/\/valika.eu\/fi\/#website","url":"https:\/\/valika.eu\/fi\/","name":"Valika.eu","description":"Salonkituotteet ja kauneudenhoitotuotteet - Valika tarjoaa laajan valikoiman tuotteita ja tarvikkeita kynsiteknikoille, kauneushoitoloille, kampaamoille ja kampaamoille.","publisher":{"@id":"https:\/\/valika.eu\/fi\/#organization"},"alternateName":"Valika","potentialAction":[{"@type":"SearchAction","target":{"@type":"EntryPoint","urlTemplate":"https:\/\/valika.eu\/fi\/?s={search_term_string}"},"query-input":{"@type":"PropertyValueSpecification","valueRequired":true,"valueName":"search_term_string"}}],"inLanguage":"fi"},{"@type":"Organization","@id":"https:\/\/valika.eu\/fi\/#organization","name":"Salongitoode O\u00dc","alternateName":"Valika","url":"https:\/\/valika.eu\/fi\/","logo":{"@type":"ImageObject","inLanguage":"fi","@id":"https:\/\/valika.eu\/fi\/#\/schema\/logo\/image\/","url":"https:\/\/valika.eu\/wp-content\/uploads\/2023\/11\/logo2-valika-footer.png","contentUrl":"https:\/\/valika.eu\/wp-content\/uploads\/2023\/11\/logo2-valika-footer.png","width":200,"height":129,"caption":"Salongitoode O\u00dc"},"image":{"@id":"https:\/\/valika.eu\/fi\/#\/schema\/logo\/image\/"},"sameAs":["https:\/\/www.facebook.com\/tipsi.net"]}]}},"jetpack_sharing_enabled":true,"_links":{"self":[{"href":"https:\/\/valika.eu\/fi\/wp-json\/wp\/v2\/product\/15499","targetHints":{"allow":["GET"]}}],"collection":[{"href":"https:\/\/valika.eu\/fi\/wp-json\/wp\/v2\/product"}],"about":[{"href":"https:\/\/valika.eu\/fi\/wp-json\/wp\/v2\/types\/product"}],"wp:featuredmedia":[{"embeddable":true,"href":"https:\/\/valika.eu\/fi\/wp-json\/wp\/v2\/media\/15496"}],"wp:attachment":[{"href":"https:\/\/valika.eu\/fi\/wp-json\/wp\/v2\/media?parent=15499"}],"wp:term":[{"taxonomy":"product_brand","embeddable":true,"href":"https:\/\/valika.eu\/fi\/wp-json\/wp\/v2\/product_brand?post=15499"},{"taxonomy":"product_cat","embeddable":true,"href":"https:\/\/valika.eu\/fi\/wp-json\/wp\/v2\/product_cat?post=15499"},{"taxonomy":"product_tag","embeddable":true,"href":"https:\/\/valika.eu\/fi\/wp-json\/wp\/v2\/product_tag?post=15499"}],"curies":[{"name":"wp","href":"https:\/\/api.w.org\/{rel}","templated":true}]}}