{"id":15502,"date":"2025-07-22T10:57:49","date_gmt":"2025-07-22T07:57:49","guid":{"rendered":"https:\/\/valika.eu\/?post_type=product&#038;p=15502"},"modified":"2025-07-22T10:57:49","modified_gmt":"2025-07-22T07:57:49","slug":"vahtplastist-sussid-12-paari","status":"publish","type":"product","link":"https:\/\/valika.eu\/fi\/toode\/vahtplastist-sussid-12-paari\/","title":{"rendered":"vaahtomuovitossut 12 paria"},"content":{"rendered":"<p>Kertak\u00e4ytt\u00f6iset jalkahoitosandaalit &#8211; pakkaus sis\u00e4lt\u00e4\u00e4 10 paria. Valmistettu vaahtomuovista, k\u00e4ytet\u00e4\u00e4n ammattikosmetiikkapalveluissa, kylpyl\u00f6iss\u00e4, solariumeissa tai hotelleissa. T\u00e4ydelliset jalkahoitoihin. Valmistettu herk\u00e4st\u00e4 vaahtomuovista. Ne tarjoavat mukavuutta kauneushoitoja hakeville asiakkaille ja mahdollistavat liikkumisen hoidon j\u00e4lkeen. Pehme\u00e4t varvassandaalit. Ne takaavat erinomaisen k\u00e4ytt\u00f6mukavuuden. Tohvelit ovat kertak\u00e4ytt\u00f6iset. Saatavilla yleiskokoisena.<\/p>","protected":false},"excerpt":{"rendered":"<p>Kertak\u00e4ytt\u00f6iset jalkahoitosandaalit &#8211; pakkaus sis\u00e4lt\u00e4\u00e4 10 paria. Valmistettu vaahtomuovista, k\u00e4ytet\u00e4\u00e4n ammattikosmetiikkapalveluissa, kylpyl\u00f6iss\u00e4, solariumeissa tai hotelleissa. T\u00e4ydelliset jalkahoitoihin. Valmistettu herk\u00e4st\u00e4 vaahtomuovista.<\/p>\n","protected":false},"featured_media":15503,"template":"","meta":[],"product_brand":[],"product_cat":[629],"product_tag":[],"class_list":{"0":"post-15502","1":"product","2":"type-product","3":"status-publish","4":"has-post-thumbnail","6":"product_cat-toojalanoud","8":"first","9":"instock","10":"taxable","11":"shipping-taxable","12":"purchasable","13":"product-type-simple"},"yoast_head":"<!-- This site is optimized with the Yoast SEO plugin v24.4 - https:\/\/yoast.com\/wordpress\/plugins\/seo\/ -->\n<title>vaahtomuovitossut 12 paria | Valika<\/title>\n<meta name=\"robots\" content=\"index, follow, max-snippet:-1, max-image-preview:large, max-video-preview:-1\" \/>\n<link rel=\"canonical\" href=\"https:\/\/valika.eu\/fi\/toode\/vahtplastist-sussid-12-paari\/\" \/>\n<meta property=\"og:locale\" content=\"fi_FI\" \/>\n<meta property=\"og:type\" content=\"article\" \/>\n<meta property=\"og:title\" content=\"vaahtomuovitossut 12 paria | Valika\" \/>\n<meta property=\"og:description\" content=\"Kertak\u00e4ytt\u00f6iset jalkahoitosandaalit &#8211; pakkaus sis\u00e4lt\u00e4\u00e4 10 paria. Valmistettu vaahtomuovista, k\u00e4ytet\u00e4\u00e4n ammattikosmetiikkapalveluissa, kylpyl\u00f6iss\u00e4, solariumeissa tai hotelleissa. T\u00e4ydelliset jalkahoitoihin. Valmistettu herk\u00e4st\u00e4 vaahtomuovista.\" \/>\n<meta property=\"og:url\" content=\"https:\/\/valika.eu\/fi\/toode\/vahtplastist-sussid-12-paari\/\" \/>\n<meta property=\"og:site_name\" content=\"Valika\" \/>\n<meta property=\"article:publisher\" content=\"https:\/\/www.facebook.com\/tipsi.net\" \/>\n<meta property=\"og:image\" content=\"https:\/\/valika.eu\/wp-content\/uploads\/2025\/07\/sussid.webp\" \/>\n\t<meta property=\"og:image:width\" content=\"1000\" \/>\n\t<meta property=\"og:image:height\" content=\"1000\" \/>\n\t<meta property=\"og:image:type\" content=\"image\/webp\" \/>\n<meta name=\"twitter:card\" content=\"summary_large_image\" \/>\n<script type=\"application\/ld+json\" class=\"yoast-schema-graph\">{\"@context\":\"https:\/\/schema.org\",\"@graph\":[{\"@type\":\"WebPage\",\"@id\":\"https:\/\/valika.eu\/fi\/toode\/vahtplastist-sussid-12-paari\/\",\"url\":\"https:\/\/valika.eu\/fi\/toode\/vahtplastist-sussid-12-paari\/\",\"name\":\"vaahtomuovitossut 12 paria | Valika\",\"isPartOf\":{\"@id\":\"https:\/\/valika.eu\/fi\/#website\"},\"primaryImageOfPage\":{\"@id\":\"https:\/\/valika.eu\/fi\/toode\/vahtplastist-sussid-12-paari\/#primaryimage\"},\"image\":{\"@id\":\"https:\/\/valika.eu\/toode\/vahtplastist-sussid-12-paari\/#primaryimage\"},\"thumbnailUrl\":\"https:\/\/valika.eu\/wp-content\/uploads\/2025\/07\/sussid.webp\",\"datePublished\":\"2025-07-22T07:57:49+00:00\",\"breadcrumb\":{\"@id\":\"https:\/\/valika.eu\/fi\/toode\/vahtplastist-sussid-12-paari\/#breadcrumb\"},\"inLanguage\":\"fi\",\"potentialAction\":[{\"@type\":\"ReadAction\",\"target\":[[\"https:\/\/valika.eu\/fi\/toode\/vahtplastist-sussid-12-paari\/\"]]}]},{\"@type\":\"ImageObject\",\"inLanguage\":\"fi\",\"@id\":\"https:\/\/valika.eu\/fi\/toode\/vahtplastist-sussid-12-paari\/#primaryimage\",\"url\":\"https:\/\/valika.eu\/wp-content\/uploads\/2025\/07\/sussid.webp\",\"contentUrl\":\"https:\/\/valika.eu\/wp-content\/uploads\/2025\/07\/sussid.webp\",\"width\":1000,\"height\":1000},{\"@type\":\"BreadcrumbList\",\"@id\":\"https:\/\/valika.eu\/fi\/toode\/vahtplastist-sussid-12-paari\/#breadcrumb\",\"itemListElement\":[{\"@type\":\"ListItem\",\"position\":1,\"name\":\"Koti\",\"item\":\"https:\/\/valika.eu\/fi\/\"},{\"@type\":\"ListItem\",\"position\":2,\"name\":\"Shop\",\"item\":\"https:\/\/valika.eu\/fi\/\"},{\"@type\":\"ListItem\",\"position\":3,\"name\":\"vahtplastist sussid 12 paari\"}]},{\"@type\":\"WebSite\",\"@id\":\"https:\/\/valika.eu\/fi\/#website\",\"url\":\"https:\/\/valika.eu\/fi\/\",\"name\":\"Valika.eu\",\"description\":\"Salonkituotteet ja kauneudenhoitotuotteet - Valika tarjoaa laajan valikoiman tuotteita ja tarvikkeita kynsiteknikoille, kauneushoitoloille, kampaamoille ja kampaamoille.\",\"publisher\":{\"@id\":\"https:\/\/valika.eu\/fi\/#organization\"},\"alternateName\":\"Valika\",\"potentialAction\":[{\"@type\":\"SearchAction\",\"target\":{\"@type\":\"EntryPoint\",\"urlTemplate\":\"https:\/\/valika.eu\/fi\/?s={search_term_string}\"},\"query-input\":{\"@type\":\"PropertyValueSpecification\",\"valueRequired\":true,\"valueName\":\"search_term_string\"}}],\"inLanguage\":\"fi\"},{\"@type\":\"Organization\",\"@id\":\"https:\/\/valika.eu\/fi\/#organization\",\"name\":\"Salongitoode O\u00dc\",\"alternateName\":\"Valika\",\"url\":\"https:\/\/valika.eu\/fi\/\",\"logo\":{\"@type\":\"ImageObject\",\"inLanguage\":\"fi\",\"@id\":\"https:\/\/valika.eu\/fi\/#\/schema\/logo\/image\/\",\"url\":\"https:\/\/valika.eu\/wp-content\/uploads\/2023\/11\/logo2-valika-footer.png\",\"contentUrl\":\"https:\/\/valika.eu\/wp-content\/uploads\/2023\/11\/logo2-valika-footer.png\",\"width\":200,\"height\":129,\"caption\":\"Salongitoode O\u00dc\"},\"image\":{\"@id\":\"https:\/\/valika.eu\/fi\/#\/schema\/logo\/image\/\"},\"sameAs\":[\"https:\/\/www.facebook.com\/tipsi.net\"]}]}<\/script>\n<!-- \/ Yoast SEO plugin. -->","yoast_head_json":{"title":"vaahtomuovitossut 12 paria | Valika","robots":{"index":"index","follow":"follow","max-snippet":"max-snippet:-1","max-image-preview":"max-image-preview:large","max-video-preview":"max-video-preview:-1"},"canonical":"https:\/\/valika.eu\/fi\/toode\/vahtplastist-sussid-12-paari\/","og_locale":"fi_FI","og_type":"article","og_title":"vaahtomuovitossut 12 paria | Valika","og_description":"Kertak\u00e4ytt\u00f6iset jalkahoitosandaalit &#8211; pakkaus sis\u00e4lt\u00e4\u00e4 10 paria. Valmistettu vaahtomuovista, k\u00e4ytet\u00e4\u00e4n ammattikosmetiikkapalveluissa, kylpyl\u00f6iss\u00e4, solariumeissa tai hotelleissa. T\u00e4ydelliset jalkahoitoihin. Valmistettu herk\u00e4st\u00e4 vaahtomuovista.","og_url":"https:\/\/valika.eu\/fi\/toode\/vahtplastist-sussid-12-paari\/","og_site_name":"Valika","article_publisher":"https:\/\/www.facebook.com\/tipsi.net","og_image":[{"width":1000,"height":1000,"url":"https:\/\/valika.eu\/wp-content\/uploads\/2025\/07\/sussid.webp","type":"image\/webp"}],"twitter_card":"summary_large_image","schema":{"@context":"https:\/\/schema.org","@graph":[{"@type":"WebPage","@id":"https:\/\/valika.eu\/fi\/toode\/vahtplastist-sussid-12-paari\/","url":"https:\/\/valika.eu\/fi\/toode\/vahtplastist-sussid-12-paari\/","name":"vaahtomuovitossut 12 paria | Valika","isPartOf":{"@id":"https:\/\/valika.eu\/fi\/#website"},"primaryImageOfPage":{"@id":"https:\/\/valika.eu\/fi\/toode\/vahtplastist-sussid-12-paari\/#primaryimage"},"image":{"@id":"https:\/\/valika.eu\/toode\/vahtplastist-sussid-12-paari\/#primaryimage"},"thumbnailUrl":"https:\/\/valika.eu\/wp-content\/uploads\/2025\/07\/sussid.webp","datePublished":"2025-07-22T07:57:49+00:00","breadcrumb":{"@id":"https:\/\/valika.eu\/fi\/toode\/vahtplastist-sussid-12-paari\/#breadcrumb"},"inLanguage":"fi","potentialAction":[{"@type":"ReadAction","target":[["https:\/\/valika.eu\/fi\/toode\/vahtplastist-sussid-12-paari\/"]]}]},{"@type":"ImageObject","inLanguage":"fi","@id":"https:\/\/valika.eu\/fi\/toode\/vahtplastist-sussid-12-paari\/#primaryimage","url":"https:\/\/valika.eu\/wp-content\/uploads\/2025\/07\/sussid.webp","contentUrl":"https:\/\/valika.eu\/wp-content\/uploads\/2025\/07\/sussid.webp","width":1000,"height":1000},{"@type":"BreadcrumbList","@id":"https:\/\/valika.eu\/fi\/toode\/vahtplastist-sussid-12-paari\/#breadcrumb","itemListElement":[{"@type":"ListItem","position":1,"name":"Koti","item":"https:\/\/valika.eu\/fi\/"},{"@type":"ListItem","position":2,"name":"Shop","item":"https:\/\/valika.eu\/fi\/"},{"@type":"ListItem","position":3,"name":"vahtplastist sussid 12 paari"}]},{"@type":"WebSite","@id":"https:\/\/valika.eu\/fi\/#website","url":"https:\/\/valika.eu\/fi\/","name":"Valika.eu","description":"Salonkituotteet ja kauneudenhoitotuotteet - Valika tarjoaa laajan valikoiman tuotteita ja tarvikkeita kynsiteknikoille, kauneushoitoloille, kampaamoille ja kampaamoille.","publisher":{"@id":"https:\/\/valika.eu\/fi\/#organization"},"alternateName":"Valika","potentialAction":[{"@type":"SearchAction","target":{"@type":"EntryPoint","urlTemplate":"https:\/\/valika.eu\/fi\/?s={search_term_string}"},"query-input":{"@type":"PropertyValueSpecification","valueRequired":true,"valueName":"search_term_string"}}],"inLanguage":"fi"},{"@type":"Organization","@id":"https:\/\/valika.eu\/fi\/#organization","name":"Salongitoode O\u00dc","alternateName":"Valika","url":"https:\/\/valika.eu\/fi\/","logo":{"@type":"ImageObject","inLanguage":"fi","@id":"https:\/\/valika.eu\/fi\/#\/schema\/logo\/image\/","url":"https:\/\/valika.eu\/wp-content\/uploads\/2023\/11\/logo2-valika-footer.png","contentUrl":"https:\/\/valika.eu\/wp-content\/uploads\/2023\/11\/logo2-valika-footer.png","width":200,"height":129,"caption":"Salongitoode O\u00dc"},"image":{"@id":"https:\/\/valika.eu\/fi\/#\/schema\/logo\/image\/"},"sameAs":["https:\/\/www.facebook.com\/tipsi.net"]}]}},"jetpack_sharing_enabled":true,"_links":{"self":[{"href":"https:\/\/valika.eu\/fi\/wp-json\/wp\/v2\/product\/15502","targetHints":{"allow":["GET"]}}],"collection":[{"href":"https:\/\/valika.eu\/fi\/wp-json\/wp\/v2\/product"}],"about":[{"href":"https:\/\/valika.eu\/fi\/wp-json\/wp\/v2\/types\/product"}],"wp:featuredmedia":[{"embeddable":true,"href":"https:\/\/valika.eu\/fi\/wp-json\/wp\/v2\/media\/15503"}],"wp:attachment":[{"href":"https:\/\/valika.eu\/fi\/wp-json\/wp\/v2\/media?parent=15502"}],"wp:term":[{"taxonomy":"product_brand","embeddable":true,"href":"https:\/\/valika.eu\/fi\/wp-json\/wp\/v2\/product_brand?post=15502"},{"taxonomy":"product_cat","embeddable":true,"href":"https:\/\/valika.eu\/fi\/wp-json\/wp\/v2\/product_cat?post=15502"},{"taxonomy":"product_tag","embeddable":true,"href":"https:\/\/valika.eu\/fi\/wp-json\/wp\/v2\/product_tag?post=15502"}],"curies":[{"name":"wp","href":"https:\/\/api.w.org\/{rel}","templated":true}]}}