{"id":15506,"date":"2025-07-22T11:19:50","date_gmt":"2025-07-22T08:19:50","guid":{"rendered":"https:\/\/valika.eu\/?post_type=product&#038;p=15506"},"modified":"2025-07-22T11:26:01","modified_gmt":"2025-07-22T08:26:01","slug":"valged-eraldusribad-25-paari","status":"publish","type":"product","link":"https:\/\/valika.eu\/fi\/toode\/valged-eraldusribad-25-paari\/","title":{"rendered":"valkoiset erottimet 25 paria"},"content":{"rendered":"<p>Se on valmistettu kosmeettisesta vaahtomuovista, joka on eritt\u00e4in kest\u00e4v\u00e4\u00e4 ja riitt\u00e4v\u00e4n pehme\u00e4\u00e4 varpaiden helppoa erottamista varten. Erotin jakaa varpaat ja helpottaa tarkan pedikyyrin suorittamista. Ne voidaan helposti asettaa varpaiden v\u00e4liin ja ne helpottavat varpaiden maalaamista ilman huolta muiden varpaiden koskettamisesta tai ihon tahraantumisesta kynsilakalla.<\/p>","protected":false},"excerpt":{"rendered":"<p>Se on valmistettu kosmeettisesta vaahtomuovista, joka on eritt\u00e4in kest\u00e4v\u00e4\u00e4 ja riitt\u00e4v\u00e4n pehme\u00e4\u00e4 varpaiden helppoa erottamista varten. Erotin jakaa varpaat ja<\/p>\n","protected":false},"featured_media":15507,"template":"","meta":[],"product_brand":[],"product_cat":[725,629,347],"product_tag":[],"class_list":{"0":"post-15506","1":"product","2":"type-product","3":"status-publish","4":"has-post-thumbnail","6":"product_cat-pedikuuri-jaoks-2","7":"product_cat-toojalanoud","8":"product_cat-salfad","10":"first","11":"instock","12":"taxable","13":"shipping-taxable","14":"purchasable","15":"product-type-simple"},"yoast_head":"<!-- This site is optimized with the Yoast SEO plugin v24.4 - https:\/\/yoast.com\/wordpress\/plugins\/seo\/ -->\n<title>valkoiset erottimet 25 paria | Valika<\/title>\n<meta name=\"robots\" content=\"index, follow, max-snippet:-1, max-image-preview:large, max-video-preview:-1\" \/>\n<link rel=\"canonical\" href=\"https:\/\/valika.eu\/fi\/toode\/valged-eraldusribad-25-paari\/\" \/>\n<meta property=\"og:locale\" content=\"fi_FI\" \/>\n<meta property=\"og:type\" content=\"article\" \/>\n<meta property=\"og:title\" content=\"valkoiset erottimet 25 paria | Valika\" \/>\n<meta property=\"og:description\" content=\"Se on valmistettu kosmeettisesta vaahtomuovista, joka on eritt\u00e4in kest\u00e4v\u00e4\u00e4 ja riitt\u00e4v\u00e4n pehme\u00e4\u00e4 varpaiden helppoa erottamista varten. Erotin jakaa varpaat ja\" \/>\n<meta property=\"og:url\" content=\"https:\/\/valika.eu\/fi\/toode\/valged-eraldusribad-25-paari\/\" \/>\n<meta property=\"og:site_name\" content=\"Valika\" \/>\n<meta property=\"article:publisher\" content=\"https:\/\/www.facebook.com\/tipsi.net\" \/>\n<meta property=\"article:modified_time\" content=\"2025-07-22T08:26:01+00:00\" \/>\n<meta property=\"og:image\" content=\"https:\/\/valika.eu\/wp-content\/uploads\/2025\/07\/kio.png\" \/>\n\t<meta property=\"og:image:width\" content=\"800\" \/>\n\t<meta property=\"og:image:height\" content=\"800\" \/>\n\t<meta property=\"og:image:type\" content=\"image\/png\" \/>\n<meta name=\"twitter:card\" content=\"summary_large_image\" \/>\n<script type=\"application\/ld+json\" class=\"yoast-schema-graph\">{\"@context\":\"https:\/\/schema.org\",\"@graph\":[{\"@type\":\"WebPage\",\"@id\":\"https:\/\/valika.eu\/fi\/toode\/valged-eraldusribad-25-paari\/\",\"url\":\"https:\/\/valika.eu\/fi\/toode\/valged-eraldusribad-25-paari\/\",\"name\":\"valkoiset erottimet 25 paria | Valika\",\"isPartOf\":{\"@id\":\"https:\/\/valika.eu\/fi\/#website\"},\"primaryImageOfPage\":{\"@id\":\"https:\/\/valika.eu\/fi\/toode\/valged-eraldusribad-25-paari\/#primaryimage\"},\"image\":{\"@id\":\"https:\/\/valika.eu\/toode\/valged-eraldusribad-25-paari\/#primaryimage\"},\"thumbnailUrl\":\"https:\/\/valika.eu\/wp-content\/uploads\/2025\/07\/kio.png\",\"datePublished\":\"2025-07-22T08:19:50+00:00\",\"dateModified\":\"2025-07-22T08:26:01+00:00\",\"breadcrumb\":{\"@id\":\"https:\/\/valika.eu\/fi\/toode\/valged-eraldusribad-25-paari\/#breadcrumb\"},\"inLanguage\":\"fi\",\"potentialAction\":[{\"@type\":\"ReadAction\",\"target\":[[\"https:\/\/valika.eu\/fi\/toode\/valged-eraldusribad-25-paari\/\"]]}]},{\"@type\":\"ImageObject\",\"inLanguage\":\"fi\",\"@id\":\"https:\/\/valika.eu\/fi\/toode\/valged-eraldusribad-25-paari\/#primaryimage\",\"url\":\"https:\/\/valika.eu\/wp-content\/uploads\/2025\/07\/kio.png\",\"contentUrl\":\"https:\/\/valika.eu\/wp-content\/uploads\/2025\/07\/kio.png\",\"width\":800,\"height\":800},{\"@type\":\"BreadcrumbList\",\"@id\":\"https:\/\/valika.eu\/fi\/toode\/valged-eraldusribad-25-paari\/#breadcrumb\",\"itemListElement\":[{\"@type\":\"ListItem\",\"position\":1,\"name\":\"Koti\",\"item\":\"https:\/\/valika.eu\/fi\/\"},{\"@type\":\"ListItem\",\"position\":2,\"name\":\"Shop\",\"item\":\"https:\/\/valika.eu\/fi\/\"},{\"@type\":\"ListItem\",\"position\":3,\"name\":\"valged eraldusribad 25 paari\"}]},{\"@type\":\"WebSite\",\"@id\":\"https:\/\/valika.eu\/fi\/#website\",\"url\":\"https:\/\/valika.eu\/fi\/\",\"name\":\"Valika.eu\",\"description\":\"Salonkituotteet ja kauneudenhoitotuotteet - Valika tarjoaa laajan valikoiman tuotteita ja tarvikkeita kynsiteknikoille, kauneushoitoloille, kampaamoille ja kampaamoille.\",\"publisher\":{\"@id\":\"https:\/\/valika.eu\/fi\/#organization\"},\"alternateName\":\"Valika\",\"potentialAction\":[{\"@type\":\"SearchAction\",\"target\":{\"@type\":\"EntryPoint\",\"urlTemplate\":\"https:\/\/valika.eu\/fi\/?s={search_term_string}\"},\"query-input\":{\"@type\":\"PropertyValueSpecification\",\"valueRequired\":true,\"valueName\":\"search_term_string\"}}],\"inLanguage\":\"fi\"},{\"@type\":\"Organization\",\"@id\":\"https:\/\/valika.eu\/fi\/#organization\",\"name\":\"Salongitoode O\u00dc\",\"alternateName\":\"Valika\",\"url\":\"https:\/\/valika.eu\/fi\/\",\"logo\":{\"@type\":\"ImageObject\",\"inLanguage\":\"fi\",\"@id\":\"https:\/\/valika.eu\/fi\/#\/schema\/logo\/image\/\",\"url\":\"https:\/\/valika.eu\/wp-content\/uploads\/2023\/11\/logo2-valika-footer.png\",\"contentUrl\":\"https:\/\/valika.eu\/wp-content\/uploads\/2023\/11\/logo2-valika-footer.png\",\"width\":200,\"height\":129,\"caption\":\"Salongitoode O\u00dc\"},\"image\":{\"@id\":\"https:\/\/valika.eu\/fi\/#\/schema\/logo\/image\/\"},\"sameAs\":[\"https:\/\/www.facebook.com\/tipsi.net\"]}]}<\/script>\n<!-- \/ Yoast SEO plugin. -->","yoast_head_json":{"title":"valkoiset erottimet 25 paria | Valika","robots":{"index":"index","follow":"follow","max-snippet":"max-snippet:-1","max-image-preview":"max-image-preview:large","max-video-preview":"max-video-preview:-1"},"canonical":"https:\/\/valika.eu\/fi\/toode\/valged-eraldusribad-25-paari\/","og_locale":"fi_FI","og_type":"article","og_title":"valkoiset erottimet 25 paria | Valika","og_description":"Se on valmistettu kosmeettisesta vaahtomuovista, joka on eritt\u00e4in kest\u00e4v\u00e4\u00e4 ja riitt\u00e4v\u00e4n pehme\u00e4\u00e4 varpaiden helppoa erottamista varten. Erotin jakaa varpaat ja","og_url":"https:\/\/valika.eu\/fi\/toode\/valged-eraldusribad-25-paari\/","og_site_name":"Valika","article_publisher":"https:\/\/www.facebook.com\/tipsi.net","article_modified_time":"2025-07-22T08:26:01+00:00","og_image":[{"width":800,"height":800,"url":"https:\/\/valika.eu\/wp-content\/uploads\/2025\/07\/kio.png","type":"image\/png"}],"twitter_card":"summary_large_image","schema":{"@context":"https:\/\/schema.org","@graph":[{"@type":"WebPage","@id":"https:\/\/valika.eu\/fi\/toode\/valged-eraldusribad-25-paari\/","url":"https:\/\/valika.eu\/fi\/toode\/valged-eraldusribad-25-paari\/","name":"valkoiset erottimet 25 paria | Valika","isPartOf":{"@id":"https:\/\/valika.eu\/fi\/#website"},"primaryImageOfPage":{"@id":"https:\/\/valika.eu\/fi\/toode\/valged-eraldusribad-25-paari\/#primaryimage"},"image":{"@id":"https:\/\/valika.eu\/toode\/valged-eraldusribad-25-paari\/#primaryimage"},"thumbnailUrl":"https:\/\/valika.eu\/wp-content\/uploads\/2025\/07\/kio.png","datePublished":"2025-07-22T08:19:50+00:00","dateModified":"2025-07-22T08:26:01+00:00","breadcrumb":{"@id":"https:\/\/valika.eu\/fi\/toode\/valged-eraldusribad-25-paari\/#breadcrumb"},"inLanguage":"fi","potentialAction":[{"@type":"ReadAction","target":[["https:\/\/valika.eu\/fi\/toode\/valged-eraldusribad-25-paari\/"]]}]},{"@type":"ImageObject","inLanguage":"fi","@id":"https:\/\/valika.eu\/fi\/toode\/valged-eraldusribad-25-paari\/#primaryimage","url":"https:\/\/valika.eu\/wp-content\/uploads\/2025\/07\/kio.png","contentUrl":"https:\/\/valika.eu\/wp-content\/uploads\/2025\/07\/kio.png","width":800,"height":800},{"@type":"BreadcrumbList","@id":"https:\/\/valika.eu\/fi\/toode\/valged-eraldusribad-25-paari\/#breadcrumb","itemListElement":[{"@type":"ListItem","position":1,"name":"Koti","item":"https:\/\/valika.eu\/fi\/"},{"@type":"ListItem","position":2,"name":"Shop","item":"https:\/\/valika.eu\/fi\/"},{"@type":"ListItem","position":3,"name":"valged eraldusribad 25 paari"}]},{"@type":"WebSite","@id":"https:\/\/valika.eu\/fi\/#website","url":"https:\/\/valika.eu\/fi\/","name":"Valika.eu","description":"Salonkituotteet ja kauneudenhoitotuotteet - Valika tarjoaa laajan valikoiman tuotteita ja tarvikkeita kynsiteknikoille, kauneushoitoloille, kampaamoille ja kampaamoille.","publisher":{"@id":"https:\/\/valika.eu\/fi\/#organization"},"alternateName":"Valika","potentialAction":[{"@type":"SearchAction","target":{"@type":"EntryPoint","urlTemplate":"https:\/\/valika.eu\/fi\/?s={search_term_string}"},"query-input":{"@type":"PropertyValueSpecification","valueRequired":true,"valueName":"search_term_string"}}],"inLanguage":"fi"},{"@type":"Organization","@id":"https:\/\/valika.eu\/fi\/#organization","name":"Salongitoode O\u00dc","alternateName":"Valika","url":"https:\/\/valika.eu\/fi\/","logo":{"@type":"ImageObject","inLanguage":"fi","@id":"https:\/\/valika.eu\/fi\/#\/schema\/logo\/image\/","url":"https:\/\/valika.eu\/wp-content\/uploads\/2023\/11\/logo2-valika-footer.png","contentUrl":"https:\/\/valika.eu\/wp-content\/uploads\/2023\/11\/logo2-valika-footer.png","width":200,"height":129,"caption":"Salongitoode O\u00dc"},"image":{"@id":"https:\/\/valika.eu\/fi\/#\/schema\/logo\/image\/"},"sameAs":["https:\/\/www.facebook.com\/tipsi.net"]}]}},"jetpack_sharing_enabled":true,"_links":{"self":[{"href":"https:\/\/valika.eu\/fi\/wp-json\/wp\/v2\/product\/15506","targetHints":{"allow":["GET"]}}],"collection":[{"href":"https:\/\/valika.eu\/fi\/wp-json\/wp\/v2\/product"}],"about":[{"href":"https:\/\/valika.eu\/fi\/wp-json\/wp\/v2\/types\/product"}],"wp:featuredmedia":[{"embeddable":true,"href":"https:\/\/valika.eu\/fi\/wp-json\/wp\/v2\/media\/15507"}],"wp:attachment":[{"href":"https:\/\/valika.eu\/fi\/wp-json\/wp\/v2\/media?parent=15506"}],"wp:term":[{"taxonomy":"product_brand","embeddable":true,"href":"https:\/\/valika.eu\/fi\/wp-json\/wp\/v2\/product_brand?post=15506"},{"taxonomy":"product_cat","embeddable":true,"href":"https:\/\/valika.eu\/fi\/wp-json\/wp\/v2\/product_cat?post=15506"},{"taxonomy":"product_tag","embeddable":true,"href":"https:\/\/valika.eu\/fi\/wp-json\/wp\/v2\/product_tag?post=15506"}],"curies":[{"name":"wp","href":"https:\/\/api.w.org\/{rel}","templated":true}]}}