{"id":15516,"date":"2025-07-22T11:57:41","date_gmt":"2025-07-22T08:57:41","guid":{"rendered":"https:\/\/valika.eu\/?post_type=product&#038;p=15516"},"modified":"2026-01-02T13:55:46","modified_gmt":"2026-01-02T11:55:46","slug":"valge-veluurkattega-kosmeetiline-toolikate-70x190-cm","status":"publish","type":"product","link":"https:\/\/valika.eu\/fi\/toode\/valge-veluurkattega-kosmeetiline-toolikate-70x190-cm\/","title":{"rendered":"Valkoinen velour-kosmetiikkatuolin p\u00e4\u00e4llinen 70&#215;190 cm"},"content":{"rendered":"<p>Valkoinen velour-kosmetiikkatuolin p\u00e4\u00e4llinen<\/p>\n<p>P\u00e4\u00e4llinen on valmistettu korkealaatuisesta froteeneuloksesta (velour). P\u00e4\u00e4llisen reunassa on joustava nauha, joka mahdollistaa p\u00e4\u00e4llisen t\u00e4ydellisen istuvuuden tuoliin. Lis\u00e4ksi paremman vaikutelman saavuttamiseksi p\u00e4\u00e4llisen takaosaan on ommeltu koristeellisia nauhoja, joiden ansiosta p\u00e4\u00e4llinen tarttuu t\u00e4ydellisesti tuoliin.<\/p>\n<p>1. Mitat: 70&#215;190 cm<br \/>\n2. Paino 240 g \/ m2<br \/>\n3. Kiillotettu tuote<br \/>\n4. Pesul\u00e4mp\u00f6tila &#8211; 40 celsiusastetta<\/p>","protected":false},"excerpt":{"rendered":"<p>Valkoinen velour-kosmetiikkatuolin p\u00e4\u00e4llinen P\u00e4\u00e4llinen on valmistettu korkealaatuisesta froteeneuloksesta (velour). P\u00e4\u00e4llisen reunassa on joustava nauha, joka mahdollistaa p\u00e4\u00e4llisen t\u00e4ydellisen istuvuuden tuoliin.<\/p>\n","protected":false},"featured_media":15517,"template":"","meta":[],"product_brand":[],"product_cat":[727],"product_tag":[],"class_list":{"0":"post-15516","1":"product","2":"type-product","3":"status-publish","4":"has-post-thumbnail","6":"product_cat-voodi-tooli-katted","8":"first","9":"outofstock","10":"taxable","11":"shipping-taxable","12":"purchasable","13":"product-type-simple"},"yoast_head":"<!-- This site is optimized with the Yoast SEO plugin v24.4 - https:\/\/yoast.com\/wordpress\/plugins\/seo\/ -->\n<title>Valkoinen velour-kosmetiikkatuolin p\u00e4\u00e4llinen 70x190 cm | Valika<\/title>\n<meta name=\"robots\" content=\"index, follow, max-snippet:-1, max-image-preview:large, max-video-preview:-1\" \/>\n<link rel=\"canonical\" href=\"https:\/\/valika.eu\/fi\/toode\/valge-veluurkattega-kosmeetiline-toolikate-70x190-cm\/\" \/>\n<meta property=\"og:locale\" content=\"fi_FI\" \/>\n<meta property=\"og:type\" content=\"article\" \/>\n<meta property=\"og:title\" content=\"Valkoinen velour-kosmetiikkatuolin p\u00e4\u00e4llinen 70x190 cm | Valika\" \/>\n<meta property=\"og:description\" content=\"Valkoinen velour-kosmetiikkatuolin p\u00e4\u00e4llinen P\u00e4\u00e4llinen on valmistettu korkealaatuisesta froteeneuloksesta (velour). P\u00e4\u00e4llisen reunassa on joustava nauha, joka mahdollistaa p\u00e4\u00e4llisen t\u00e4ydellisen istuvuuden tuoliin.\" \/>\n<meta property=\"og:url\" content=\"https:\/\/valika.eu\/fi\/toode\/valge-veluurkattega-kosmeetiline-toolikate-70x190-cm\/\" \/>\n<meta property=\"og:site_name\" content=\"Valika\" \/>\n<meta property=\"article:publisher\" content=\"https:\/\/www.facebook.com\/tipsi.net\" \/>\n<meta property=\"article:modified_time\" content=\"2026-01-02T11:55:46+00:00\" \/>\n<meta property=\"og:image\" content=\"https:\/\/valika.eu\/wp-content\/uploads\/2025\/07\/white.webp\" \/>\n\t<meta property=\"og:image:width\" content=\"800\" \/>\n\t<meta property=\"og:image:height\" content=\"800\" \/>\n\t<meta property=\"og:image:type\" content=\"image\/webp\" \/>\n<meta name=\"twitter:card\" content=\"summary_large_image\" \/>\n<script type=\"application\/ld+json\" class=\"yoast-schema-graph\">{\"@context\":\"https:\/\/schema.org\",\"@graph\":[{\"@type\":\"WebPage\",\"@id\":\"https:\/\/valika.eu\/fi\/toode\/valge-veluurkattega-kosmeetiline-toolikate-70x190-cm\/\",\"url\":\"https:\/\/valika.eu\/fi\/toode\/valge-veluurkattega-kosmeetiline-toolikate-70x190-cm\/\",\"name\":\"Valkoinen velour-kosmetiikkatuolin p\u00e4\u00e4llinen 70x190 cm | Valika\",\"isPartOf\":{\"@id\":\"https:\/\/valika.eu\/fi\/#website\"},\"primaryImageOfPage\":{\"@id\":\"https:\/\/valika.eu\/fi\/toode\/valge-veluurkattega-kosmeetiline-toolikate-70x190-cm\/#primaryimage\"},\"image\":{\"@id\":\"https:\/\/valika.eu\/toode\/valge-veluurkattega-kosmeetiline-toolikate-70x190-cm\/#primaryimage\"},\"thumbnailUrl\":\"https:\/\/valika.eu\/wp-content\/uploads\/2025\/07\/white.webp\",\"datePublished\":\"2025-07-22T08:57:41+00:00\",\"dateModified\":\"2026-01-02T11:55:46+00:00\",\"breadcrumb\":{\"@id\":\"https:\/\/valika.eu\/fi\/toode\/valge-veluurkattega-kosmeetiline-toolikate-70x190-cm\/#breadcrumb\"},\"inLanguage\":\"fi\",\"potentialAction\":[{\"@type\":\"ReadAction\",\"target\":[[\"https:\/\/valika.eu\/fi\/toode\/valge-veluurkattega-kosmeetiline-toolikate-70x190-cm\/\"]]}]},{\"@type\":\"ImageObject\",\"inLanguage\":\"fi\",\"@id\":\"https:\/\/valika.eu\/fi\/toode\/valge-veluurkattega-kosmeetiline-toolikate-70x190-cm\/#primaryimage\",\"url\":\"https:\/\/valika.eu\/wp-content\/uploads\/2025\/07\/white.webp\",\"contentUrl\":\"https:\/\/valika.eu\/wp-content\/uploads\/2025\/07\/white.webp\",\"width\":800,\"height\":800},{\"@type\":\"BreadcrumbList\",\"@id\":\"https:\/\/valika.eu\/fi\/toode\/valge-veluurkattega-kosmeetiline-toolikate-70x190-cm\/#breadcrumb\",\"itemListElement\":[{\"@type\":\"ListItem\",\"position\":1,\"name\":\"Koti\",\"item\":\"https:\/\/valika.eu\/fi\/\"},{\"@type\":\"ListItem\",\"position\":2,\"name\":\"Shop\",\"item\":\"https:\/\/valika.eu\/fi\/\"},{\"@type\":\"ListItem\",\"position\":3,\"name\":\"Valge veluurkattega kosmeetiline toolikate 70&#215;190 cm\"}]},{\"@type\":\"WebSite\",\"@id\":\"https:\/\/valika.eu\/fi\/#website\",\"url\":\"https:\/\/valika.eu\/fi\/\",\"name\":\"Valika.eu\",\"description\":\"Salonkituotteet ja kauneudenhoitotuotteet - Valika tarjoaa laajan valikoiman tuotteita ja tarvikkeita kynsiteknikoille, kauneushoitoloille, kampaamoille ja kampaamoille.\",\"publisher\":{\"@id\":\"https:\/\/valika.eu\/fi\/#organization\"},\"alternateName\":\"Valika\",\"potentialAction\":[{\"@type\":\"SearchAction\",\"target\":{\"@type\":\"EntryPoint\",\"urlTemplate\":\"https:\/\/valika.eu\/fi\/?s={search_term_string}\"},\"query-input\":{\"@type\":\"PropertyValueSpecification\",\"valueRequired\":true,\"valueName\":\"search_term_string\"}}],\"inLanguage\":\"fi\"},{\"@type\":\"Organization\",\"@id\":\"https:\/\/valika.eu\/fi\/#organization\",\"name\":\"Salongitoode O\u00dc\",\"alternateName\":\"Valika\",\"url\":\"https:\/\/valika.eu\/fi\/\",\"logo\":{\"@type\":\"ImageObject\",\"inLanguage\":\"fi\",\"@id\":\"https:\/\/valika.eu\/fi\/#\/schema\/logo\/image\/\",\"url\":\"https:\/\/valika.eu\/wp-content\/uploads\/2023\/11\/logo2-valika-footer.png\",\"contentUrl\":\"https:\/\/valika.eu\/wp-content\/uploads\/2023\/11\/logo2-valika-footer.png\",\"width\":200,\"height\":129,\"caption\":\"Salongitoode O\u00dc\"},\"image\":{\"@id\":\"https:\/\/valika.eu\/fi\/#\/schema\/logo\/image\/\"},\"sameAs\":[\"https:\/\/www.facebook.com\/tipsi.net\"]}]}<\/script>\n<!-- \/ Yoast SEO plugin. -->","yoast_head_json":{"title":"Valkoinen velour-kosmetiikkatuolin p\u00e4\u00e4llinen 70x190 cm | Valika","robots":{"index":"index","follow":"follow","max-snippet":"max-snippet:-1","max-image-preview":"max-image-preview:large","max-video-preview":"max-video-preview:-1"},"canonical":"https:\/\/valika.eu\/fi\/toode\/valge-veluurkattega-kosmeetiline-toolikate-70x190-cm\/","og_locale":"fi_FI","og_type":"article","og_title":"Valkoinen velour-kosmetiikkatuolin p\u00e4\u00e4llinen 70x190 cm | Valika","og_description":"Valkoinen velour-kosmetiikkatuolin p\u00e4\u00e4llinen P\u00e4\u00e4llinen on valmistettu korkealaatuisesta froteeneuloksesta (velour). P\u00e4\u00e4llisen reunassa on joustava nauha, joka mahdollistaa p\u00e4\u00e4llisen t\u00e4ydellisen istuvuuden tuoliin.","og_url":"https:\/\/valika.eu\/fi\/toode\/valge-veluurkattega-kosmeetiline-toolikate-70x190-cm\/","og_site_name":"Valika","article_publisher":"https:\/\/www.facebook.com\/tipsi.net","article_modified_time":"2026-01-02T11:55:46+00:00","og_image":[{"width":800,"height":800,"url":"https:\/\/valika.eu\/wp-content\/uploads\/2025\/07\/white.webp","type":"image\/webp"}],"twitter_card":"summary_large_image","schema":{"@context":"https:\/\/schema.org","@graph":[{"@type":"WebPage","@id":"https:\/\/valika.eu\/fi\/toode\/valge-veluurkattega-kosmeetiline-toolikate-70x190-cm\/","url":"https:\/\/valika.eu\/fi\/toode\/valge-veluurkattega-kosmeetiline-toolikate-70x190-cm\/","name":"Valkoinen velour-kosmetiikkatuolin p\u00e4\u00e4llinen 70x190 cm | Valika","isPartOf":{"@id":"https:\/\/valika.eu\/fi\/#website"},"primaryImageOfPage":{"@id":"https:\/\/valika.eu\/fi\/toode\/valge-veluurkattega-kosmeetiline-toolikate-70x190-cm\/#primaryimage"},"image":{"@id":"https:\/\/valika.eu\/toode\/valge-veluurkattega-kosmeetiline-toolikate-70x190-cm\/#primaryimage"},"thumbnailUrl":"https:\/\/valika.eu\/wp-content\/uploads\/2025\/07\/white.webp","datePublished":"2025-07-22T08:57:41+00:00","dateModified":"2026-01-02T11:55:46+00:00","breadcrumb":{"@id":"https:\/\/valika.eu\/fi\/toode\/valge-veluurkattega-kosmeetiline-toolikate-70x190-cm\/#breadcrumb"},"inLanguage":"fi","potentialAction":[{"@type":"ReadAction","target":[["https:\/\/valika.eu\/fi\/toode\/valge-veluurkattega-kosmeetiline-toolikate-70x190-cm\/"]]}]},{"@type":"ImageObject","inLanguage":"fi","@id":"https:\/\/valika.eu\/fi\/toode\/valge-veluurkattega-kosmeetiline-toolikate-70x190-cm\/#primaryimage","url":"https:\/\/valika.eu\/wp-content\/uploads\/2025\/07\/white.webp","contentUrl":"https:\/\/valika.eu\/wp-content\/uploads\/2025\/07\/white.webp","width":800,"height":800},{"@type":"BreadcrumbList","@id":"https:\/\/valika.eu\/fi\/toode\/valge-veluurkattega-kosmeetiline-toolikate-70x190-cm\/#breadcrumb","itemListElement":[{"@type":"ListItem","position":1,"name":"Koti","item":"https:\/\/valika.eu\/fi\/"},{"@type":"ListItem","position":2,"name":"Shop","item":"https:\/\/valika.eu\/fi\/"},{"@type":"ListItem","position":3,"name":"Valge veluurkattega kosmeetiline toolikate 70&#215;190 cm"}]},{"@type":"WebSite","@id":"https:\/\/valika.eu\/fi\/#website","url":"https:\/\/valika.eu\/fi\/","name":"Valika.eu","description":"Salonkituotteet ja kauneudenhoitotuotteet - Valika tarjoaa laajan valikoiman tuotteita ja tarvikkeita kynsiteknikoille, kauneushoitoloille, kampaamoille ja kampaamoille.","publisher":{"@id":"https:\/\/valika.eu\/fi\/#organization"},"alternateName":"Valika","potentialAction":[{"@type":"SearchAction","target":{"@type":"EntryPoint","urlTemplate":"https:\/\/valika.eu\/fi\/?s={search_term_string}"},"query-input":{"@type":"PropertyValueSpecification","valueRequired":true,"valueName":"search_term_string"}}],"inLanguage":"fi"},{"@type":"Organization","@id":"https:\/\/valika.eu\/fi\/#organization","name":"Salongitoode O\u00dc","alternateName":"Valika","url":"https:\/\/valika.eu\/fi\/","logo":{"@type":"ImageObject","inLanguage":"fi","@id":"https:\/\/valika.eu\/fi\/#\/schema\/logo\/image\/","url":"https:\/\/valika.eu\/wp-content\/uploads\/2023\/11\/logo2-valika-footer.png","contentUrl":"https:\/\/valika.eu\/wp-content\/uploads\/2023\/11\/logo2-valika-footer.png","width":200,"height":129,"caption":"Salongitoode O\u00dc"},"image":{"@id":"https:\/\/valika.eu\/fi\/#\/schema\/logo\/image\/"},"sameAs":["https:\/\/www.facebook.com\/tipsi.net"]}]}},"jetpack_sharing_enabled":true,"_links":{"self":[{"href":"https:\/\/valika.eu\/fi\/wp-json\/wp\/v2\/product\/15516","targetHints":{"allow":["GET"]}}],"collection":[{"href":"https:\/\/valika.eu\/fi\/wp-json\/wp\/v2\/product"}],"about":[{"href":"https:\/\/valika.eu\/fi\/wp-json\/wp\/v2\/types\/product"}],"wp:featuredmedia":[{"embeddable":true,"href":"https:\/\/valika.eu\/fi\/wp-json\/wp\/v2\/media\/15517"}],"wp:attachment":[{"href":"https:\/\/valika.eu\/fi\/wp-json\/wp\/v2\/media?parent=15516"}],"wp:term":[{"taxonomy":"product_brand","embeddable":true,"href":"https:\/\/valika.eu\/fi\/wp-json\/wp\/v2\/product_brand?post=15516"},{"taxonomy":"product_cat","embeddable":true,"href":"https:\/\/valika.eu\/fi\/wp-json\/wp\/v2\/product_cat?post=15516"},{"taxonomy":"product_tag","embeddable":true,"href":"https:\/\/valika.eu\/fi\/wp-json\/wp\/v2\/product_tag?post=15516"}],"curies":[{"name":"wp","href":"https:\/\/api.w.org\/{rel}","templated":true}]}}