{"id":15527,"date":"2025-07-22T12:41:31","date_gmt":"2025-07-22T09:41:31","guid":{"rendered":"https:\/\/valika.eu\/?post_type=product&#038;p=15527"},"modified":"2025-07-22T13:06:01","modified_gmt":"2025-07-22T10:06:01","slug":"kreemjas-kollakas-froteekate-30-35-cm","status":"publish","type":"product","link":"https:\/\/valika.eu\/fi\/toode\/kreemjas-kollakas-froteekate-30-35-cm\/","title":{"rendered":"KERMANKIRKAS FROTEESUOJA 30\u201335 cm"},"content":{"rendered":"<p>KERMANKIRKAS FROTEESUOJA<\/p>\n<p>Jakkaran p\u00e4\u00e4llinen on valmistettu korkealaatuisesta froteekankaasta. P\u00e4\u00e4llinen on suunniteltu kosmeettisille jakkaroille. P\u00e4\u00e4llisen reunoille tunneliin on ommeltu kuminauha, joka takaa, ett\u00e4 p\u00e4\u00e4llinen sopii t\u00e4ydellisesti 30\u201335 cm leve\u00e4lle jakkaralle. Tuotetta on saatavilla laajassa v\u00e4rivalikoimassa.<\/p>\n<p>1. Paino 180 g \/ m2<br \/>\n2. Kiillotettu tuote<br \/>\n3. Pesul\u00e4mp\u00f6tila &#8211; 40 celsiusastetta<\/p>","protected":false},"excerpt":{"rendered":"<p>KERMANKIRKAS FROTEESUOJA Jakkaran p\u00e4\u00e4llinen on valmistettu korkealaatuisesta froteekankaasta. P\u00e4\u00e4llinen on suunniteltu kosmeettisille jakkaroille. P\u00e4\u00e4llisen reunoille tunneliin on ommeltu kuminauha, joka<\/p>\n","protected":false},"featured_media":15532,"template":"","meta":[],"product_brand":[],"product_cat":[727],"product_tag":[],"class_list":{"0":"post-15527","1":"product","2":"type-product","3":"status-publish","4":"has-post-thumbnail","6":"product_cat-voodi-tooli-katted","8":"first","9":"instock","10":"taxable","11":"shipping-taxable","12":"purchasable","13":"product-type-simple"},"yoast_head":"<!-- This site is optimized with the Yoast SEO plugin v24.4 - https:\/\/yoast.com\/wordpress\/plugins\/seo\/ -->\n<title>KERMANKIRKAS FROTEESUOJA 30\u201335 cm | Valika<\/title>\n<meta name=\"robots\" content=\"index, follow, max-snippet:-1, max-image-preview:large, max-video-preview:-1\" \/>\n<link rel=\"canonical\" href=\"https:\/\/valika.eu\/fi\/toode\/kreemjas-kollakas-froteekate-30-35-cm\/\" \/>\n<meta property=\"og:locale\" content=\"fi_FI\" \/>\n<meta property=\"og:type\" content=\"article\" \/>\n<meta property=\"og:title\" content=\"KERMANKIRKAS FROTEESUOJA 30\u201335 cm | Valika\" \/>\n<meta property=\"og:description\" content=\"KERMANKIRKAS FROTEESUOJA Jakkaran p\u00e4\u00e4llinen on valmistettu korkealaatuisesta froteekankaasta. P\u00e4\u00e4llinen on suunniteltu kosmeettisille jakkaroille. P\u00e4\u00e4llisen reunoille tunneliin on ommeltu kuminauha, joka\" \/>\n<meta property=\"og:url\" content=\"https:\/\/valika.eu\/fi\/toode\/kreemjas-kollakas-froteekate-30-35-cm\/\" \/>\n<meta property=\"og:site_name\" content=\"Valika\" \/>\n<meta property=\"article:publisher\" content=\"https:\/\/www.facebook.com\/tipsi.net\" \/>\n<meta property=\"article:modified_time\" content=\"2025-07-22T10:06:01+00:00\" \/>\n<meta property=\"og:image\" content=\"https:\/\/valika.eu\/wp-content\/uploads\/2025\/07\/cream.webp\" \/>\n\t<meta property=\"og:image:width\" content=\"1200\" \/>\n\t<meta property=\"og:image:height\" content=\"1200\" \/>\n\t<meta property=\"og:image:type\" content=\"image\/webp\" \/>\n<meta name=\"twitter:card\" content=\"summary_large_image\" \/>\n<script type=\"application\/ld+json\" class=\"yoast-schema-graph\">{\"@context\":\"https:\/\/schema.org\",\"@graph\":[{\"@type\":\"WebPage\",\"@id\":\"https:\/\/valika.eu\/fi\/toode\/kreemjas-kollakas-froteekate-30-35-cm\/\",\"url\":\"https:\/\/valika.eu\/fi\/toode\/kreemjas-kollakas-froteekate-30-35-cm\/\",\"name\":\"KERMANKIRKAS FROTEESUOJA 30\u201335 cm | Valika\",\"isPartOf\":{\"@id\":\"https:\/\/valika.eu\/fi\/#website\"},\"primaryImageOfPage\":{\"@id\":\"https:\/\/valika.eu\/fi\/toode\/kreemjas-kollakas-froteekate-30-35-cm\/#primaryimage\"},\"image\":{\"@id\":\"https:\/\/valika.eu\/toode\/kreemjas-kollakas-froteekate-30-35-cm\/#primaryimage\"},\"thumbnailUrl\":\"https:\/\/valika.eu\/wp-content\/uploads\/2025\/07\/cream.webp\",\"datePublished\":\"2025-07-22T09:41:31+00:00\",\"dateModified\":\"2025-07-22T10:06:01+00:00\",\"breadcrumb\":{\"@id\":\"https:\/\/valika.eu\/fi\/toode\/kreemjas-kollakas-froteekate-30-35-cm\/#breadcrumb\"},\"inLanguage\":\"fi\",\"potentialAction\":[{\"@type\":\"ReadAction\",\"target\":[[\"https:\/\/valika.eu\/fi\/toode\/kreemjas-kollakas-froteekate-30-35-cm\/\"]]}]},{\"@type\":\"ImageObject\",\"inLanguage\":\"fi\",\"@id\":\"https:\/\/valika.eu\/fi\/toode\/kreemjas-kollakas-froteekate-30-35-cm\/#primaryimage\",\"url\":\"https:\/\/valika.eu\/wp-content\/uploads\/2025\/07\/cream.webp\",\"contentUrl\":\"https:\/\/valika.eu\/wp-content\/uploads\/2025\/07\/cream.webp\",\"width\":1200,\"height\":1200},{\"@type\":\"BreadcrumbList\",\"@id\":\"https:\/\/valika.eu\/fi\/toode\/kreemjas-kollakas-froteekate-30-35-cm\/#breadcrumb\",\"itemListElement\":[{\"@type\":\"ListItem\",\"position\":1,\"name\":\"Koti\",\"item\":\"https:\/\/valika.eu\/fi\/\"},{\"@type\":\"ListItem\",\"position\":2,\"name\":\"Shop\",\"item\":\"https:\/\/valika.eu\/fi\/\"},{\"@type\":\"ListItem\",\"position\":3,\"name\":\"KREEMJAS KOLLAKAS FROTEEKATE 30\u201335 cm\"}]},{\"@type\":\"WebSite\",\"@id\":\"https:\/\/valika.eu\/fi\/#website\",\"url\":\"https:\/\/valika.eu\/fi\/\",\"name\":\"Valika.eu\",\"description\":\"Salonkituotteet ja kauneudenhoitotuotteet - Valika tarjoaa laajan valikoiman tuotteita ja tarvikkeita kynsiteknikoille, kauneushoitoloille, kampaamoille ja kampaamoille.\",\"publisher\":{\"@id\":\"https:\/\/valika.eu\/fi\/#organization\"},\"alternateName\":\"Valika\",\"potentialAction\":[{\"@type\":\"SearchAction\",\"target\":{\"@type\":\"EntryPoint\",\"urlTemplate\":\"https:\/\/valika.eu\/fi\/?s={search_term_string}\"},\"query-input\":{\"@type\":\"PropertyValueSpecification\",\"valueRequired\":true,\"valueName\":\"search_term_string\"}}],\"inLanguage\":\"fi\"},{\"@type\":\"Organization\",\"@id\":\"https:\/\/valika.eu\/fi\/#organization\",\"name\":\"Salongitoode O\u00dc\",\"alternateName\":\"Valika\",\"url\":\"https:\/\/valika.eu\/fi\/\",\"logo\":{\"@type\":\"ImageObject\",\"inLanguage\":\"fi\",\"@id\":\"https:\/\/valika.eu\/fi\/#\/schema\/logo\/image\/\",\"url\":\"https:\/\/valika.eu\/wp-content\/uploads\/2023\/11\/logo2-valika-footer.png\",\"contentUrl\":\"https:\/\/valika.eu\/wp-content\/uploads\/2023\/11\/logo2-valika-footer.png\",\"width\":200,\"height\":129,\"caption\":\"Salongitoode O\u00dc\"},\"image\":{\"@id\":\"https:\/\/valika.eu\/fi\/#\/schema\/logo\/image\/\"},\"sameAs\":[\"https:\/\/www.facebook.com\/tipsi.net\"]}]}<\/script>\n<!-- \/ Yoast SEO plugin. -->","yoast_head_json":{"title":"KERMANKIRKAS FROTEESUOJA 30\u201335 cm | Valika","robots":{"index":"index","follow":"follow","max-snippet":"max-snippet:-1","max-image-preview":"max-image-preview:large","max-video-preview":"max-video-preview:-1"},"canonical":"https:\/\/valika.eu\/fi\/toode\/kreemjas-kollakas-froteekate-30-35-cm\/","og_locale":"fi_FI","og_type":"article","og_title":"KERMANKIRKAS FROTEESUOJA 30\u201335 cm | Valika","og_description":"KERMANKIRKAS FROTEESUOJA Jakkaran p\u00e4\u00e4llinen on valmistettu korkealaatuisesta froteekankaasta. P\u00e4\u00e4llinen on suunniteltu kosmeettisille jakkaroille. P\u00e4\u00e4llisen reunoille tunneliin on ommeltu kuminauha, joka","og_url":"https:\/\/valika.eu\/fi\/toode\/kreemjas-kollakas-froteekate-30-35-cm\/","og_site_name":"Valika","article_publisher":"https:\/\/www.facebook.com\/tipsi.net","article_modified_time":"2025-07-22T10:06:01+00:00","og_image":[{"width":1200,"height":1200,"url":"https:\/\/valika.eu\/wp-content\/uploads\/2025\/07\/cream.webp","type":"image\/webp"}],"twitter_card":"summary_large_image","schema":{"@context":"https:\/\/schema.org","@graph":[{"@type":"WebPage","@id":"https:\/\/valika.eu\/fi\/toode\/kreemjas-kollakas-froteekate-30-35-cm\/","url":"https:\/\/valika.eu\/fi\/toode\/kreemjas-kollakas-froteekate-30-35-cm\/","name":"KERMANKIRKAS FROTEESUOJA 30\u201335 cm | Valika","isPartOf":{"@id":"https:\/\/valika.eu\/fi\/#website"},"primaryImageOfPage":{"@id":"https:\/\/valika.eu\/fi\/toode\/kreemjas-kollakas-froteekate-30-35-cm\/#primaryimage"},"image":{"@id":"https:\/\/valika.eu\/toode\/kreemjas-kollakas-froteekate-30-35-cm\/#primaryimage"},"thumbnailUrl":"https:\/\/valika.eu\/wp-content\/uploads\/2025\/07\/cream.webp","datePublished":"2025-07-22T09:41:31+00:00","dateModified":"2025-07-22T10:06:01+00:00","breadcrumb":{"@id":"https:\/\/valika.eu\/fi\/toode\/kreemjas-kollakas-froteekate-30-35-cm\/#breadcrumb"},"inLanguage":"fi","potentialAction":[{"@type":"ReadAction","target":[["https:\/\/valika.eu\/fi\/toode\/kreemjas-kollakas-froteekate-30-35-cm\/"]]}]},{"@type":"ImageObject","inLanguage":"fi","@id":"https:\/\/valika.eu\/fi\/toode\/kreemjas-kollakas-froteekate-30-35-cm\/#primaryimage","url":"https:\/\/valika.eu\/wp-content\/uploads\/2025\/07\/cream.webp","contentUrl":"https:\/\/valika.eu\/wp-content\/uploads\/2025\/07\/cream.webp","width":1200,"height":1200},{"@type":"BreadcrumbList","@id":"https:\/\/valika.eu\/fi\/toode\/kreemjas-kollakas-froteekate-30-35-cm\/#breadcrumb","itemListElement":[{"@type":"ListItem","position":1,"name":"Koti","item":"https:\/\/valika.eu\/fi\/"},{"@type":"ListItem","position":2,"name":"Shop","item":"https:\/\/valika.eu\/fi\/"},{"@type":"ListItem","position":3,"name":"KREEMJAS KOLLAKAS FROTEEKATE 30\u201335 cm"}]},{"@type":"WebSite","@id":"https:\/\/valika.eu\/fi\/#website","url":"https:\/\/valika.eu\/fi\/","name":"Valika.eu","description":"Salonkituotteet ja kauneudenhoitotuotteet - Valika tarjoaa laajan valikoiman tuotteita ja tarvikkeita kynsiteknikoille, kauneushoitoloille, kampaamoille ja kampaamoille.","publisher":{"@id":"https:\/\/valika.eu\/fi\/#organization"},"alternateName":"Valika","potentialAction":[{"@type":"SearchAction","target":{"@type":"EntryPoint","urlTemplate":"https:\/\/valika.eu\/fi\/?s={search_term_string}"},"query-input":{"@type":"PropertyValueSpecification","valueRequired":true,"valueName":"search_term_string"}}],"inLanguage":"fi"},{"@type":"Organization","@id":"https:\/\/valika.eu\/fi\/#organization","name":"Salongitoode O\u00dc","alternateName":"Valika","url":"https:\/\/valika.eu\/fi\/","logo":{"@type":"ImageObject","inLanguage":"fi","@id":"https:\/\/valika.eu\/fi\/#\/schema\/logo\/image\/","url":"https:\/\/valika.eu\/wp-content\/uploads\/2023\/11\/logo2-valika-footer.png","contentUrl":"https:\/\/valika.eu\/wp-content\/uploads\/2023\/11\/logo2-valika-footer.png","width":200,"height":129,"caption":"Salongitoode O\u00dc"},"image":{"@id":"https:\/\/valika.eu\/fi\/#\/schema\/logo\/image\/"},"sameAs":["https:\/\/www.facebook.com\/tipsi.net"]}]}},"jetpack_sharing_enabled":true,"_links":{"self":[{"href":"https:\/\/valika.eu\/fi\/wp-json\/wp\/v2\/product\/15527","targetHints":{"allow":["GET"]}}],"collection":[{"href":"https:\/\/valika.eu\/fi\/wp-json\/wp\/v2\/product"}],"about":[{"href":"https:\/\/valika.eu\/fi\/wp-json\/wp\/v2\/types\/product"}],"wp:featuredmedia":[{"embeddable":true,"href":"https:\/\/valika.eu\/fi\/wp-json\/wp\/v2\/media\/15532"}],"wp:attachment":[{"href":"https:\/\/valika.eu\/fi\/wp-json\/wp\/v2\/media?parent=15527"}],"wp:term":[{"taxonomy":"product_brand","embeddable":true,"href":"https:\/\/valika.eu\/fi\/wp-json\/wp\/v2\/product_brand?post=15527"},{"taxonomy":"product_cat","embeddable":true,"href":"https:\/\/valika.eu\/fi\/wp-json\/wp\/v2\/product_cat?post=15527"},{"taxonomy":"product_tag","embeddable":true,"href":"https:\/\/valika.eu\/fi\/wp-json\/wp\/v2\/product_tag?post=15527"}],"curies":[{"name":"wp","href":"https:\/\/api.w.org\/{rel}","templated":true}]}}