{"id":15591,"date":"2025-07-25T15:36:54","date_gmt":"2025-07-25T12:36:54","guid":{"rendered":"https:\/\/valika.eu\/?post_type=product&#038;p=15591"},"modified":"2026-03-20T10:28:06","modified_gmt":"2026-03-20T08:28:06","slug":"palu-top-queen-no-wipe-11g","status":"publish","type":"product","link":"https:\/\/valika.eu\/fi\/toode\/palu-top-queen-no-wipe-11g\/","title":{"rendered":"PALU Top Queen No wipe 11g"},"content":{"rendered":"<p>PALU TOP QUEEN NO WIPE 11G<\/p>\n<p>Queen No Wipe -p\u00e4\u00e4llyslakka on t\u00e4ydellinen viimeistely malleille, joiden tarkoituksena on valaista ja her\u00e4tt\u00e4\u00e4 huomiota kuin kes\u00e4aurinko. L\u00e4pikuultava p\u00e4\u00e4llyslakka keltakultaisella hohteella luo hohtavan p\u00f6lyefektin \u2013 hienovaraisen mutta n\u00e4kyv\u00e4n, peitt\u00e4en kynnet l\u00e4mpim\u00e4ll\u00e4 hehkulla. Luonnollista tai v\u00e4rillist\u00e4 taustaa vasten keltakultainen hohtaa herk\u00e4sti jokaisella vedolla luoden l\u00e4mpim\u00e4n, kultaisen hehkun.<\/p>\n<p>l\u00e4pin\u00e4kyv\u00e4 kullankeltaisella glitterill\u00e4 \u2013 &#8220;merenneito&#8221;-efekti<br \/>\nintensiivinen kiilto<br \/>\nilman estokerrosta<br \/>\nhelppo levitt\u00e4\u00e4<br \/>\nkoostumus: keskipaksu<br \/>\nkesto jopa 3 viikkoa<br \/>\ntilavuus: 11 g<\/p>\n<p>Palu on ammattilaisten kosmetiikkaa ammattilaisille. Haluamme antaa sinulle valinnanvapautta, taattua laatua ja helppok\u00e4ytt\u00f6isyytt\u00e4. Oletko luonut lookin tuotteillamme? Kerro meille ja merkitse kuvasi Instagramissa hashtagilla #palusalonsystem<\/p>\n<p>Tuote on tarkoitettu ammattik\u00e4ytt\u00f6\u00f6n.<\/p>\n<p>Kovettumisaika<\/p>\n<p>UV\/LED-lamppu \u2013 v\u00e4h. 60 sekuntia, laitteen tehosta riippuen.<\/p>\n<p>K\u00e4ytt\u00f6ohjeet<\/p>\n<p>Levit\u00e4 p\u00e4\u00e4llyslakkaa valmiiseen kuvioon. Kovetuksen j\u00e4lkeen odota noin minuutti ennen \u00f6ljyn levitt\u00e4mist\u00e4. Tuote ei j\u00e4t\u00e4 estokerrosta.<\/p>","protected":false},"excerpt":{"rendered":"<p>PALU TOP QUEEN NO WIPE 11G Queen No Wipe -p\u00e4\u00e4llyslakka on t\u00e4ydellinen viimeistely malleille, joiden tarkoituksena on valaista ja her\u00e4tt\u00e4\u00e4<\/p>\n","protected":false},"featured_media":15592,"template":"","meta":[],"product_brand":[],"product_cat":[650,651],"product_tag":[],"class_list":{"0":"post-15591","1":"product","2":"type-product","3":"status-publish","4":"has-post-thumbnail","6":"product_cat-palu-pealisgeelid","7":"product_cat-pealisgeelid","9":"first","10":"instock","11":"taxable","12":"shipping-taxable","13":"purchasable","14":"product-type-simple"},"yoast_head":"<!-- This site is optimized with the Yoast SEO plugin v24.4 - https:\/\/yoast.com\/wordpress\/plugins\/seo\/ -->\n<title>PALU Top Queen No wipe 11g | Valika<\/title>\n<meta name=\"robots\" content=\"index, follow, max-snippet:-1, max-image-preview:large, max-video-preview:-1\" \/>\n<link rel=\"canonical\" href=\"https:\/\/valika.eu\/fi\/toode\/palu-top-queen-no-wipe-11g\/\" \/>\n<meta property=\"og:locale\" content=\"fi_FI\" \/>\n<meta property=\"og:type\" content=\"article\" \/>\n<meta property=\"og:title\" content=\"PALU Top Queen No wipe 11g | Valika\" \/>\n<meta property=\"og:description\" content=\"PALU TOP QUEEN NO WIPE 11G Queen No Wipe -p\u00e4\u00e4llyslakka on t\u00e4ydellinen viimeistely malleille, joiden tarkoituksena on valaista ja her\u00e4tt\u00e4\u00e4\" \/>\n<meta property=\"og:url\" content=\"https:\/\/valika.eu\/fi\/toode\/palu-top-queen-no-wipe-11g\/\" \/>\n<meta property=\"og:site_name\" content=\"Valika\" \/>\n<meta property=\"article:publisher\" content=\"https:\/\/www.facebook.com\/tipsi.net\" \/>\n<meta property=\"article:modified_time\" content=\"2026-03-20T08:28:06+00:00\" \/>\n<meta property=\"og:image\" content=\"https:\/\/valika.eu\/wp-content\/uploads\/2025\/07\/q.webp\" \/>\n\t<meta property=\"og:image:width\" content=\"1500\" \/>\n\t<meta property=\"og:image:height\" content=\"1500\" \/>\n\t<meta property=\"og:image:type\" content=\"image\/webp\" \/>\n<meta name=\"twitter:card\" content=\"summary_large_image\" \/>\n<script type=\"application\/ld+json\" class=\"yoast-schema-graph\">{\"@context\":\"https:\/\/schema.org\",\"@graph\":[{\"@type\":\"WebPage\",\"@id\":\"https:\/\/valika.eu\/fi\/toode\/palu-top-queen-no-wipe-11g\/\",\"url\":\"https:\/\/valika.eu\/fi\/toode\/palu-top-queen-no-wipe-11g\/\",\"name\":\"PALU Top Queen No wipe 11g | Valika\",\"isPartOf\":{\"@id\":\"https:\/\/valika.eu\/fi\/#website\"},\"primaryImageOfPage\":{\"@id\":\"https:\/\/valika.eu\/fi\/toode\/palu-top-queen-no-wipe-11g\/#primaryimage\"},\"image\":{\"@id\":\"https:\/\/valika.eu\/toode\/palu-top-queen-no-wipe-11g\/#primaryimage\"},\"thumbnailUrl\":\"https:\/\/valika.eu\/wp-content\/uploads\/2025\/07\/q.webp\",\"datePublished\":\"2025-07-25T12:36:54+00:00\",\"dateModified\":\"2026-03-20T08:28:06+00:00\",\"breadcrumb\":{\"@id\":\"https:\/\/valika.eu\/fi\/toode\/palu-top-queen-no-wipe-11g\/#breadcrumb\"},\"inLanguage\":\"fi\",\"potentialAction\":[{\"@type\":\"ReadAction\",\"target\":[[\"https:\/\/valika.eu\/fi\/toode\/palu-top-queen-no-wipe-11g\/\"]]}]},{\"@type\":\"ImageObject\",\"inLanguage\":\"fi\",\"@id\":\"https:\/\/valika.eu\/fi\/toode\/palu-top-queen-no-wipe-11g\/#primaryimage\",\"url\":\"https:\/\/valika.eu\/wp-content\/uploads\/2025\/07\/q.webp\",\"contentUrl\":\"https:\/\/valika.eu\/wp-content\/uploads\/2025\/07\/q.webp\",\"width\":1500,\"height\":1500},{\"@type\":\"BreadcrumbList\",\"@id\":\"https:\/\/valika.eu\/fi\/toode\/palu-top-queen-no-wipe-11g\/#breadcrumb\",\"itemListElement\":[{\"@type\":\"ListItem\",\"position\":1,\"name\":\"Koti\",\"item\":\"https:\/\/valika.eu\/fi\/\"},{\"@type\":\"ListItem\",\"position\":2,\"name\":\"Shop\",\"item\":\"https:\/\/valika.eu\/fi\/\"},{\"@type\":\"ListItem\",\"position\":3,\"name\":\"PALU Top Queen No wipe 11g\"}]},{\"@type\":\"WebSite\",\"@id\":\"https:\/\/valika.eu\/fi\/#website\",\"url\":\"https:\/\/valika.eu\/fi\/\",\"name\":\"Valika.eu\",\"description\":\"Salonkituotteet ja kauneudenhoitotuotteet - Valika tarjoaa laajan valikoiman tuotteita ja tarvikkeita kynsiteknikoille, kauneushoitoloille, kampaamoille ja kampaamoille.\",\"publisher\":{\"@id\":\"https:\/\/valika.eu\/fi\/#organization\"},\"alternateName\":\"Valika\",\"potentialAction\":[{\"@type\":\"SearchAction\",\"target\":{\"@type\":\"EntryPoint\",\"urlTemplate\":\"https:\/\/valika.eu\/fi\/?s={search_term_string}\"},\"query-input\":{\"@type\":\"PropertyValueSpecification\",\"valueRequired\":true,\"valueName\":\"search_term_string\"}}],\"inLanguage\":\"fi\"},{\"@type\":\"Organization\",\"@id\":\"https:\/\/valika.eu\/fi\/#organization\",\"name\":\"Salongitoode O\u00dc\",\"alternateName\":\"Valika\",\"url\":\"https:\/\/valika.eu\/fi\/\",\"logo\":{\"@type\":\"ImageObject\",\"inLanguage\":\"fi\",\"@id\":\"https:\/\/valika.eu\/fi\/#\/schema\/logo\/image\/\",\"url\":\"https:\/\/valika.eu\/wp-content\/uploads\/2023\/11\/logo2-valika-footer.png\",\"contentUrl\":\"https:\/\/valika.eu\/wp-content\/uploads\/2023\/11\/logo2-valika-footer.png\",\"width\":200,\"height\":129,\"caption\":\"Salongitoode O\u00dc\"},\"image\":{\"@id\":\"https:\/\/valika.eu\/fi\/#\/schema\/logo\/image\/\"},\"sameAs\":[\"https:\/\/www.facebook.com\/tipsi.net\"]}]}<\/script>\n<!-- \/ Yoast SEO plugin. -->","yoast_head_json":{"title":"PALU Top Queen No wipe 11g | Valika","robots":{"index":"index","follow":"follow","max-snippet":"max-snippet:-1","max-image-preview":"max-image-preview:large","max-video-preview":"max-video-preview:-1"},"canonical":"https:\/\/valika.eu\/fi\/toode\/palu-top-queen-no-wipe-11g\/","og_locale":"fi_FI","og_type":"article","og_title":"PALU Top Queen No wipe 11g | Valika","og_description":"PALU TOP QUEEN NO WIPE 11G Queen No Wipe -p\u00e4\u00e4llyslakka on t\u00e4ydellinen viimeistely malleille, joiden tarkoituksena on valaista ja her\u00e4tt\u00e4\u00e4","og_url":"https:\/\/valika.eu\/fi\/toode\/palu-top-queen-no-wipe-11g\/","og_site_name":"Valika","article_publisher":"https:\/\/www.facebook.com\/tipsi.net","article_modified_time":"2026-03-20T08:28:06+00:00","og_image":[{"width":1500,"height":1500,"url":"https:\/\/valika.eu\/wp-content\/uploads\/2025\/07\/q.webp","type":"image\/webp"}],"twitter_card":"summary_large_image","schema":{"@context":"https:\/\/schema.org","@graph":[{"@type":"WebPage","@id":"https:\/\/valika.eu\/fi\/toode\/palu-top-queen-no-wipe-11g\/","url":"https:\/\/valika.eu\/fi\/toode\/palu-top-queen-no-wipe-11g\/","name":"PALU Top Queen No wipe 11g | Valika","isPartOf":{"@id":"https:\/\/valika.eu\/fi\/#website"},"primaryImageOfPage":{"@id":"https:\/\/valika.eu\/fi\/toode\/palu-top-queen-no-wipe-11g\/#primaryimage"},"image":{"@id":"https:\/\/valika.eu\/toode\/palu-top-queen-no-wipe-11g\/#primaryimage"},"thumbnailUrl":"https:\/\/valika.eu\/wp-content\/uploads\/2025\/07\/q.webp","datePublished":"2025-07-25T12:36:54+00:00","dateModified":"2026-03-20T08:28:06+00:00","breadcrumb":{"@id":"https:\/\/valika.eu\/fi\/toode\/palu-top-queen-no-wipe-11g\/#breadcrumb"},"inLanguage":"fi","potentialAction":[{"@type":"ReadAction","target":[["https:\/\/valika.eu\/fi\/toode\/palu-top-queen-no-wipe-11g\/"]]}]},{"@type":"ImageObject","inLanguage":"fi","@id":"https:\/\/valika.eu\/fi\/toode\/palu-top-queen-no-wipe-11g\/#primaryimage","url":"https:\/\/valika.eu\/wp-content\/uploads\/2025\/07\/q.webp","contentUrl":"https:\/\/valika.eu\/wp-content\/uploads\/2025\/07\/q.webp","width":1500,"height":1500},{"@type":"BreadcrumbList","@id":"https:\/\/valika.eu\/fi\/toode\/palu-top-queen-no-wipe-11g\/#breadcrumb","itemListElement":[{"@type":"ListItem","position":1,"name":"Koti","item":"https:\/\/valika.eu\/fi\/"},{"@type":"ListItem","position":2,"name":"Shop","item":"https:\/\/valika.eu\/fi\/"},{"@type":"ListItem","position":3,"name":"PALU Top Queen No wipe 11g"}]},{"@type":"WebSite","@id":"https:\/\/valika.eu\/fi\/#website","url":"https:\/\/valika.eu\/fi\/","name":"Valika.eu","description":"Salonkituotteet ja kauneudenhoitotuotteet - Valika tarjoaa laajan valikoiman tuotteita ja tarvikkeita kynsiteknikoille, kauneushoitoloille, kampaamoille ja kampaamoille.","publisher":{"@id":"https:\/\/valika.eu\/fi\/#organization"},"alternateName":"Valika","potentialAction":[{"@type":"SearchAction","target":{"@type":"EntryPoint","urlTemplate":"https:\/\/valika.eu\/fi\/?s={search_term_string}"},"query-input":{"@type":"PropertyValueSpecification","valueRequired":true,"valueName":"search_term_string"}}],"inLanguage":"fi"},{"@type":"Organization","@id":"https:\/\/valika.eu\/fi\/#organization","name":"Salongitoode O\u00dc","alternateName":"Valika","url":"https:\/\/valika.eu\/fi\/","logo":{"@type":"ImageObject","inLanguage":"fi","@id":"https:\/\/valika.eu\/fi\/#\/schema\/logo\/image\/","url":"https:\/\/valika.eu\/wp-content\/uploads\/2023\/11\/logo2-valika-footer.png","contentUrl":"https:\/\/valika.eu\/wp-content\/uploads\/2023\/11\/logo2-valika-footer.png","width":200,"height":129,"caption":"Salongitoode O\u00dc"},"image":{"@id":"https:\/\/valika.eu\/fi\/#\/schema\/logo\/image\/"},"sameAs":["https:\/\/www.facebook.com\/tipsi.net"]}]}},"jetpack_sharing_enabled":true,"_links":{"self":[{"href":"https:\/\/valika.eu\/fi\/wp-json\/wp\/v2\/product\/15591","targetHints":{"allow":["GET"]}}],"collection":[{"href":"https:\/\/valika.eu\/fi\/wp-json\/wp\/v2\/product"}],"about":[{"href":"https:\/\/valika.eu\/fi\/wp-json\/wp\/v2\/types\/product"}],"wp:featuredmedia":[{"embeddable":true,"href":"https:\/\/valika.eu\/fi\/wp-json\/wp\/v2\/media\/15592"}],"wp:attachment":[{"href":"https:\/\/valika.eu\/fi\/wp-json\/wp\/v2\/media?parent=15591"}],"wp:term":[{"taxonomy":"product_brand","embeddable":true,"href":"https:\/\/valika.eu\/fi\/wp-json\/wp\/v2\/product_brand?post=15591"},{"taxonomy":"product_cat","embeddable":true,"href":"https:\/\/valika.eu\/fi\/wp-json\/wp\/v2\/product_cat?post=15591"},{"taxonomy":"product_tag","embeddable":true,"href":"https:\/\/valika.eu\/fi\/wp-json\/wp\/v2\/product_tag?post=15591"}],"curies":[{"name":"wp","href":"https:\/\/api.w.org\/{rel}","templated":true}]}}